{"id":9983,"date":"2026-02-18T21:37:53","date_gmt":"2026-02-18T21:37:53","guid":{"rendered":"https:\/\/plcsupplyspot.com\/?post_type=product&#038;p=9983"},"modified":"2026-02-18T21:45:09","modified_gmt":"2026-02-18T21:45:09","slug":"2tla010029r0000","status":"publish","type":"product","link":"https:\/\/plcsupplyspot.com\/lt\/automatikos-komponentai\/2tla010029r0000\/","title":{"rendered":"2TLA010029R0000"},"content":{"rendered":"<p data-start=\"1970\" data-end=\"2018\"><strong data-start=\"1922\" data-end=\"1973\">ABB 2TLA010029R0000 \u2013 Eden Adam saugos jutiklis<\/strong><\/p>\n<p data-start=\"1975\" data-end=\"2218\">ABB 2TLA010029R0000 yra Eden Adam serijos bekontaktis saugos jutiklis, skirtas apsaugini\u0173 dur\u0173, gaubt\u0173 ir apsaugini\u0173 u\u017etvar\u0173 steb\u0117jimui pramon\u0117s automatizavimo sistemose. Jis veikia be mechaninio kontakto, tod\u0117l pasi\u017eymi ilga tarnavimo trukme.<\/p>\n<p data-start=\"2220\" data-end=\"2353\">Jutiklis veikia koduoto magnetinio aptikimo principu ir gali b\u016bti integruojamas \u012f saugos grandines su saugos rel\u0117mis arba saugos PLC.<\/p>\n<p data-start=\"2355\" data-end=\"2688\"><strong data-start=\"2355\" data-end=\"2378\">Technin\u0117 santrauka:<\/strong><br data-start=\"2378\" data-end=\"2381\" \/>\u2022 Serija: Eden Adam<br data-start=\"2400\" data-end=\"2403\" \/>\u2022 Produkto tipas: bekontaktis saugos jutiklis<br data-start=\"2448\" data-end=\"2451\" \/>\u2022 Aptikimo principas: koduotas magnetinis<br data-start=\"2492\" data-end=\"2495\" \/>\u2022 Maitinimo \u012ftampa: 24V DC<br data-start=\"2521\" data-end=\"2524\" \/>\u2022 Saugos lygis: iki PL e \/ SIL 3 (priklausomai nuo sistemos)<br data-start=\"2584\" data-end=\"2587\" \/>\u2022 Apsaugos klas\u0117: IP67<br data-start=\"2609\" data-end=\"2612\" \/>\u2022 Montavimas: pavir\u0161inis<br data-start=\"2636\" data-end=\"2639\" \/>\u2022 Paskirtis: apsaugini\u0173 dur\u0173 ir gaubt\u0173 kontrol\u0117<\/p>\n<p data-start=\"2690\" data-end=\"2870\"><strong data-start=\"2690\" data-end=\"2709\">Kur naudojamas:<\/strong><br data-start=\"2709\" data-end=\"2712\" \/>\u2022 Ma\u0161in\u0173 apsaugini\u0173 dur\u0173 kontrol\u0117<br data-start=\"2745\" data-end=\"2748\" \/>\u2022 Apsaugini\u0173 u\u017etvar\u0173 steb\u0117jimas<br data-start=\"2779\" data-end=\"2782\" \/>\u2022 Robotizuotos darbo vietos<br data-start=\"2809\" data-end=\"2812\" \/>\u2022 Pakavimo \u012franga<br data-start=\"2829\" data-end=\"2832\" \/>\u2022 Pramonin\u0117s automatizavimo sistemos<\/p>\n<p data-start=\"2872\" data-end=\"3036\"><strong data-start=\"2872\" data-end=\"2891\">Apie gamintoj\u0105:<\/strong><br data-start=\"2891\" data-end=\"2894\" \/>ABB yra pasaulin\u0117 elektrifikacijos ir automatizavimo technologij\u0173 lyder\u0117, si\u016blanti saugos \u012frenginius, valdymo ir apsaugos sprendimus pramonei.<\/p>\n","protected":false},"excerpt":{"rendered":"<p data-start=\"622\" data-end=\"703\">Bekontaktis saugos jutiklis apsaugini\u0173 dur\u0173 ir ma\u0161in\u0173 gaubt\u0173 kontrolei pramon\u0117je.<\/p>\n<p data-start=\"317\" data-end=\"487\">\n","protected":false},"featured_media":9985,"template":"","meta":{"site-sidebar-layout":"no-sidebar","site-content-layout":"default","ast-site-content-layout":"normal-width-container","site-content-style":"default","site-sidebar-style":"default","ast-global-header-display":"","ast-banner-title-visibility":"","ast-main-header-display":"","ast-hfb-above-header-display":"","ast-hfb-below-header-display":"","ast-hfb-mobile-header-display":"","site-post-title":"","ast-breadcrumbs-content":"","ast-featured-img":"","footer-sml-layout":"","ast-disable-related-posts":"","theme-transparent-header-meta":"default","adv-header-id-meta":"","stick-header-meta":"default","header-above-stick-meta":"","header-main-stick-meta":"","header-below-stick-meta":"","astra-migrate-meta-layouts":"set","ast-page-background-enabled":"default","ast-page-background-meta":{"desktop":{"background-color":"","background-image":"","background-repeat":"repeat","background-position":"center center","background-size":"auto","background-attachment":"scroll","background-type":"","background-media":"","overlay-type":"","overlay-color":"","overlay-opacity":"","overlay-gradient":""},"tablet":{"background-color":"","background-image":"","background-repeat":"repeat","background-position":"center center","background-size":"auto","background-attachment":"scroll","background-type":"","background-media":"","overlay-type":"","overlay-color":"","overlay-opacity":"","overlay-gradient":""},"mobile":{"background-color":"","background-image":"","background-repeat":"repeat","background-position":"center center","background-size":"auto","background-attachment":"scroll","background-type":"","background-media":"","overlay-type":"","overlay-color":"","overlay-opacity":"","overlay-gradient":""}},"ast-content-background-meta":{"desktop":{"background-color":"var(--ast-global-color-5)","background-image":"","background-repeat":"repeat","background-position":"center center","background-size":"auto","background-attachment":"scroll","background-type":"","background-media":"","overlay-type":"","overlay-color":"","overlay-opacity":"","overlay-gradient":""},"tablet":{"background-color":"var(--ast-global-color-5)","background-image":"","background-repeat":"repeat","background-position":"center center","background-size":"auto","background-attachment":"scroll","background-type":"","background-media":"","overlay-type":"","overlay-color":"","overlay-opacity":"","overlay-gradient":""},"mobile":{"background-color":"var(--ast-global-color-5)","background-image":"","background-repeat":"repeat","background-position":"center center","background-size":"auto","background-attachment":"scroll","background-type":"","background-media":"","overlay-type":"","overlay-color":"","overlay-opacity":"","overlay-gradient":""}}},"product_brand":[],"product_cat":[124,118],"product_tag":[],"class_list":{"0":"post-9983","1":"product","2":"type-product","3":"status-publish","4":"has-post-thumbnail","6":"product_cat-abb","7":"product_cat-jutikliai","8":"desktop-align-left","9":"tablet-align-left","10":"mobile-align-left","11":"ast-product-gallery-layout-horizontal-slider","12":"ast-product-tabs-layout-horizontal","14":"first","15":"onbackorder","16":"downloadable","17":"taxable","18":"shipping-taxable","19":"purchasable","20":"product-type-simple"},"yoast_head":"<!-- This site is optimized with the Yoast SEO plugin v26.6 - https:\/\/yoast.com\/wordpress\/plugins\/seo\/ -->\n<title>2TLA010029R0000 | PLC Supply spot<\/title>\n<meta name=\"description\" content=\"ABB 2TLA010029R0000 \u2013 Eden Adam bekontaktis saugos jutiklis, skirtas apsaugini\u0173 dur\u0173 ir gaubt\u0173 steb\u0117jimui pramon\u0117je.\" \/>\n<meta name=\"robots\" content=\"index, follow, max-snippet:-1, max-image-preview:large, max-video-preview:-1\" \/>\n<link rel=\"canonical\" href=\"https:\/\/plcsupplyspot.com\/lt\/automatikos-komponentai\/2tla010029r0000\/\" \/>\n<meta property=\"og:locale\" content=\"lt_LT\" \/>\n<meta property=\"og:type\" content=\"article\" \/>\n<meta property=\"og:title\" content=\"2TLA010029R0000 | PLC Supply spot\" \/>\n<meta property=\"og:description\" content=\"ABB 2TLA010029R0000 \u2013 Eden Adam bekontaktis saugos jutiklis, skirtas apsaugini\u0173 dur\u0173 ir gaubt\u0173 steb\u0117jimui pramon\u0117je.\" \/>\n<meta property=\"og:url\" content=\"https:\/\/plcsupplyspot.com\/lt\/automatikos-komponentai\/2tla010029r0000\/\" \/>\n<meta property=\"og:site_name\" content=\"PLC Supply spot\" \/>\n<meta property=\"article:publisher\" content=\"https:\/\/www.facebook.com\/profile.php?id=61571705128033\" \/>\n<meta property=\"article:modified_time\" content=\"2026-02-18T21:45:09+00:00\" \/>\n<meta property=\"og:image\" content=\"https:\/\/plcsupplyspot.com\/wp-content\/uploads\/2026\/02\/2097637-502.jpg\" \/>\n\t<meta property=\"og:image:width\" content=\"960\" \/>\n\t<meta property=\"og:image:height\" content=\"960\" \/>\n\t<meta property=\"og:image:type\" content=\"image\/jpeg\" \/>\n<meta name=\"twitter:card\" content=\"summary_large_image\" \/>\n<meta name=\"twitter:label1\" content=\"Est. reading time\" \/>\n\t<meta name=\"twitter:data1\" content=\"1 minut\u0117\" \/>\n<!-- \/ Yoast SEO plugin. -->","yoast_head_json":{"title":"2TLA010029R0000 | PLC Supply spot","description":"ABB 2TLA010029R0000 \u2013 Eden Adam bekontaktis saugos jutiklis, skirtas apsaugini\u0173 dur\u0173 ir gaubt\u0173 steb\u0117jimui pramon\u0117je.","robots":{"index":"index","follow":"follow","max-snippet":"max-snippet:-1","max-image-preview":"max-image-preview:large","max-video-preview":"max-video-preview:-1"},"canonical":"https:\/\/plcsupplyspot.com\/lt\/automatikos-komponentai\/2tla010029r0000\/","og_locale":"lt_LT","og_type":"article","og_title":"2TLA010029R0000 | PLC Supply spot","og_description":"ABB 2TLA010029R0000 \u2013 Eden Adam bekontaktis saugos jutiklis, skirtas apsaugini\u0173 dur\u0173 ir gaubt\u0173 steb\u0117jimui pramon\u0117je.","og_url":"https:\/\/plcsupplyspot.com\/lt\/automatikos-komponentai\/2tla010029r0000\/","og_site_name":"PLC Supply spot","article_publisher":"https:\/\/www.facebook.com\/profile.php?id=61571705128033","article_modified_time":"2026-02-18T21:45:09+00:00","og_image":[{"width":960,"height":960,"url":"https:\/\/plcsupplyspot.com\/wp-content\/uploads\/2026\/02\/2097637-502.jpg","type":"image\/jpeg"}],"twitter_card":"summary_large_image","twitter_misc":{"Est. reading time":"1 minut\u0117"},"schema":{"@context":"https:\/\/schema.org","@graph":[{"@type":"WebPage","@id":"https:\/\/plcsupplyspot.com\/lt\/automatikos-komponentai\/2tla010029r0000\/","url":"https:\/\/plcsupplyspot.com\/lt\/automatikos-komponentai\/2tla010029r0000\/","name":"2TLA010029R0000 | PLC Supply spot","isPartOf":{"@id":"https:\/\/plcsupplyspot.com\/lt\/#website"},"primaryImageOfPage":{"@id":"https:\/\/plcsupplyspot.com\/lt\/automatikos-komponentai\/2tla010029r0000\/#primaryimage"},"image":{"@id":"https:\/\/plcsupplyspot.com\/lt\/automatikos-komponentai\/2tla010029r0000\/#primaryimage"},"thumbnailUrl":"https:\/\/plcsupplyspot.com\/wp-content\/uploads\/2026\/02\/2097637-502.jpg","datePublished":"2026-02-18T21:37:53+00:00","dateModified":"2026-02-18T21:45:09+00:00","description":"ABB 2TLA010029R0000 \u2013 Eden Adam bekontaktis saugos jutiklis, skirtas apsaugini\u0173 dur\u0173 ir gaubt\u0173 steb\u0117jimui pramon\u0117je.","breadcrumb":{"@id":"https:\/\/plcsupplyspot.com\/lt\/automatikos-komponentai\/2tla010029r0000\/#breadcrumb"},"inLanguage":"lt-LT","potentialAction":[{"@type":"ReadAction","target":["https:\/\/plcsupplyspot.com\/lt\/automatikos-komponentai\/2tla010029r0000\/"]}]},{"@type":"ImageObject","inLanguage":"lt-LT","@id":"https:\/\/plcsupplyspot.com\/lt\/automatikos-komponentai\/2tla010029r0000\/#primaryimage","url":"https:\/\/plcsupplyspot.com\/wp-content\/uploads\/2026\/02\/2097637-502.jpg","contentUrl":"https:\/\/plcsupplyspot.com\/wp-content\/uploads\/2026\/02\/2097637-502.jpg","width":960,"height":960},{"@type":"BreadcrumbList","@id":"https:\/\/plcsupplyspot.com\/lt\/automatikos-komponentai\/2tla010029r0000\/#breadcrumb","itemListElement":[{"@type":"ListItem","position":1,"name":"home","item":"https:\/\/plcsupplyspot.com\/lt\/"},{"@type":"ListItem","position":2,"name":"Automatikos komponentai","item":"https:\/\/plcsupplyspot.com\/lt\/automatikos-komponentai\/"},{"@type":"ListItem","position":3,"name":"2TLA010029R0000"}]},{"@type":"WebSite","@id":"https:\/\/plcsupplyspot.com\/lt\/#website","url":"https:\/\/plcsupplyspot.com\/lt\/","name":"PLC Supply Spot","description":"Innovate. Accelerate. Automate!","publisher":{"@id":"https:\/\/plcsupplyspot.com\/lt\/#organization"},"potentialAction":[{"@type":"SearchAction","target":{"@type":"EntryPoint","urlTemplate":"https:\/\/plcsupplyspot.com\/lt\/?s={search_term_string}"},"query-input":{"@type":"PropertyValueSpecification","valueRequired":true,"valueName":"search_term_string"}}],"inLanguage":"lt-LT"},{"@type":"Organization","@id":"https:\/\/plcsupplyspot.com\/lt\/#organization","name":"PLC Supply Spot","alternateName":"PLC Supply Spot","url":"https:\/\/plcsupplyspot.com\/lt\/","logo":{"@type":"ImageObject","inLanguage":"lt-LT","@id":"https:\/\/plcsupplyspot.com\/lt\/#\/schema\/logo\/image\/","url":"https:\/\/plcsupplyspot.com\/wp-content\/uploads\/2026\/01\/plc-supply-spot-logo-1.png","contentUrl":"https:\/\/plcsupplyspot.com\/wp-content\/uploads\/2026\/01\/plc-supply-spot-logo-1.png","width":720,"height":720,"caption":"PLC Supply Spot"},"image":{"@id":"https:\/\/plcsupplyspot.com\/lt\/#\/schema\/logo\/image\/"},"sameAs":["https:\/\/www.facebook.com\/profile.php?id=61571705128033"]}]}},"_links":{"self":[{"href":"https:\/\/plcsupplyspot.com\/lt\/wp-json\/wp\/v2\/product\/9983","targetHints":{"allow":["GET"]}}],"collection":[{"href":"https:\/\/plcsupplyspot.com\/lt\/wp-json\/wp\/v2\/product"}],"about":[{"href":"https:\/\/plcsupplyspot.com\/lt\/wp-json\/wp\/v2\/types\/product"}],"version-history":[{"count":3,"href":"https:\/\/plcsupplyspot.com\/lt\/wp-json\/wp\/v2\/product\/9983\/revisions"}],"predecessor-version":[{"id":9991,"href":"https:\/\/plcsupplyspot.com\/lt\/wp-json\/wp\/v2\/product\/9983\/revisions\/9991"}],"wp:featuredmedia":[{"embeddable":true,"href":"https:\/\/plcsupplyspot.com\/lt\/wp-json\/wp\/v2\/media\/9985"}],"wp:attachment":[{"href":"https:\/\/plcsupplyspot.com\/lt\/wp-json\/wp\/v2\/media?parent=9983"}],"wp:term":[{"taxonomy":"product_brand","embeddable":true,"href":"https:\/\/plcsupplyspot.com\/lt\/wp-json\/wp\/v2\/product_brand?post=9983"},{"taxonomy":"product_cat","embeddable":true,"href":"https:\/\/plcsupplyspot.com\/lt\/wp-json\/wp\/v2\/product_cat?post=9983"},{"taxonomy":"product_tag","embeddable":true,"href":"https:\/\/plcsupplyspot.com\/lt\/wp-json\/wp\/v2\/product_tag?post=9983"}],"curies":[{"name":"wp","href":"https:\/\/api.w.org\/{rel}","templated":true}]}}