{"id":9972,"date":"2026-02-18T21:27:36","date_gmt":"2026-02-18T21:27:36","guid":{"rendered":"https:\/\/plcsupplyspot.com\/?post_type=product&#038;p=9972"},"modified":"2026-02-18T21:37:35","modified_gmt":"2026-02-18T21:37:35","slug":"e3jk-r4m2-2m","status":"publish","type":"product","link":"https:\/\/plcsupplyspot.com\/lt\/automatikos-komponentai\/e3jk-r4m2-2m\/","title":{"rendered":"E3JK-R4M2 2M"},"content":{"rendered":"<p data-start=\"1970\" data-end=\"2018\"><strong data-start=\"1970\" data-end=\"2018\">Omron E3JK-R4M2 2M \u2013 fotoelektrinis jutiklis<\/strong><\/p>\n<p data-start=\"2020\" data-end=\"2276\">Omron E3JK-R4M2 2M yra retroreflekcinis fotoelektrinis jutiklis, skirtas patikimam objekt\u0173 aptikimui pramon\u0117s automatizavimo sistemose. Jis pasi\u017eymi pla\u010diu maitinimo \u012ftampos diapazonu ir reliniu i\u0161\u0117jimu, leid\u017eian\u010diu lanks\u010diai integruoti \u012f valdymo sistemas.<\/p>\n<p data-start=\"2278\" data-end=\"2430\">Jutiklio aptikimo atstumas siekia iki 4 metr\u0173 (su reflektoriumi), o tvirtas korpusas pritaikytas pramoninei aplinkai. Modelis turi 2 metr\u0173 ilgio kabel\u012f.<\/p>\n<p data-start=\"2432\" data-end=\"2733\"><strong data-start=\"2432\" data-end=\"2455\">Technin\u0117 santrauka:<\/strong><br data-start=\"2455\" data-end=\"2458\" \/>\u2022 Serija: E3JK<br data-start=\"2472\" data-end=\"2475\" \/>\u2022 Aptikimo principas: retroreflekcinis<br data-start=\"2513\" data-end=\"2516\" \/>\u2022 Aptikimo atstumas: iki 4 m<br data-start=\"2544\" data-end=\"2547\" \/>\u2022 Maitinimo \u012ftampa: 12\u2013240V AC\/DC<br data-start=\"2580\" data-end=\"2583\" \/>\u2022 I\u0161\u0117jimo tipas: relinis (SPDT)<br data-start=\"2614\" data-end=\"2617\" \/>\u2022 \u0160viesos \u0161altinis: raudonas LED<br data-start=\"2649\" data-end=\"2652\" \/>\u2022 Reagavimo laikas: ~20 ms<br data-start=\"2678\" data-end=\"2681\" \/>\u2022 Apsaugos klas\u0117: IP64<br data-start=\"2703\" data-end=\"2706\" \/>\u2022 Pajungimas: 2 m kabelis<\/p>\n<p data-start=\"2735\" data-end=\"2887\"><strong data-start=\"2735\" data-end=\"2754\">Kur naudojamas:<\/strong><br data-start=\"2754\" data-end=\"2757\" \/>\u2022 Objekt\u0173 buvimo nustatymas<br data-start=\"2784\" data-end=\"2787\" \/>\u2022 Konvejeri\u0173 sistemos<br data-start=\"2808\" data-end=\"2811\" \/>\u2022 Pakavimo \u012franga<br data-start=\"2828\" data-end=\"2831\" \/>\u2022 Gamybos linijos<br data-start=\"2848\" data-end=\"2851\" \/>\u2022 Med\u017eiag\u0173 transportavimo sistemos<\/p>\n<p data-start=\"2889\" data-end=\"3047\"><strong data-start=\"2889\" data-end=\"2908\">Apie gamintoj\u0105:<\/strong><br data-start=\"2908\" data-end=\"2911\" \/>Omron yra pasaulin\u0117 pramon\u0117s automatizavimo sprendim\u0173 gamintoja, si\u016blanti jutiklius, valdiklius ir judesio valdymo komponentus pramonei.<\/p>\n","protected":false},"excerpt":{"rendered":"<p data-start=\"627\" data-end=\"739\">Retroreflekcinis fotoelektrinis jutiklis, 4 m atstumas, relinis i\u0161\u0117jimas, 12\u2013240V AC\/DC maitinimas, 2 m kabelis.<\/p>\n<p data-start=\"317\" data-end=\"487\">\n","protected":false},"featured_media":9974,"template":"","meta":{"site-sidebar-layout":"no-sidebar","site-content-layout":"default","ast-site-content-layout":"normal-width-container","site-content-style":"default","site-sidebar-style":"default","ast-global-header-display":"","ast-banner-title-visibility":"","ast-main-header-display":"","ast-hfb-above-header-display":"","ast-hfb-below-header-display":"","ast-hfb-mobile-header-display":"","site-post-title":"","ast-breadcrumbs-content":"","ast-featured-img":"","footer-sml-layout":"","ast-disable-related-posts":"","theme-transparent-header-meta":"default","adv-header-id-meta":"","stick-header-meta":"default","header-above-stick-meta":"","header-main-stick-meta":"","header-below-stick-meta":"","astra-migrate-meta-layouts":"set","ast-page-background-enabled":"default","ast-page-background-meta":{"desktop":{"background-color":"","background-image":"","background-repeat":"repeat","background-position":"center center","background-size":"auto","background-attachment":"scroll","background-type":"","background-media":"","overlay-type":"","overlay-color":"","overlay-opacity":"","overlay-gradient":""},"tablet":{"background-color":"","background-image":"","background-repeat":"repeat","background-position":"center center","background-size":"auto","background-attachment":"scroll","background-type":"","background-media":"","overlay-type":"","overlay-color":"","overlay-opacity":"","overlay-gradient":""},"mobile":{"background-color":"","background-image":"","background-repeat":"repeat","background-position":"center center","background-size":"auto","background-attachment":"scroll","background-type":"","background-media":"","overlay-type":"","overlay-color":"","overlay-opacity":"","overlay-gradient":""}},"ast-content-background-meta":{"desktop":{"background-color":"var(--ast-global-color-5)","background-image":"","background-repeat":"repeat","background-position":"center center","background-size":"auto","background-attachment":"scroll","background-type":"","background-media":"","overlay-type":"","overlay-color":"","overlay-opacity":"","overlay-gradient":""},"tablet":{"background-color":"var(--ast-global-color-5)","background-image":"","background-repeat":"repeat","background-position":"center center","background-size":"auto","background-attachment":"scroll","background-type":"","background-media":"","overlay-type":"","overlay-color":"","overlay-opacity":"","overlay-gradient":""},"mobile":{"background-color":"var(--ast-global-color-5)","background-image":"","background-repeat":"repeat","background-position":"center center","background-size":"auto","background-attachment":"scroll","background-type":"","background-media":"","overlay-type":"","overlay-color":"","overlay-opacity":"","overlay-gradient":""}}},"product_brand":[],"product_cat":[118,120],"product_tag":[],"class_list":{"0":"post-9972","1":"product","2":"type-product","3":"status-publish","4":"has-post-thumbnail","6":"product_cat-jutikliai","7":"product_cat-omron","8":"desktop-align-left","9":"tablet-align-left","10":"mobile-align-left","11":"ast-product-gallery-layout-horizontal-slider","12":"ast-product-tabs-layout-horizontal","14":"first","15":"onbackorder","16":"downloadable","17":"taxable","18":"shipping-taxable","19":"purchasable","20":"product-type-simple"},"yoast_head":"<!-- This site is optimized with the Yoast SEO plugin v26.6 - https:\/\/yoast.com\/wordpress\/plugins\/seo\/ -->\n<title>E3JK-R4M2 2M | PLC Supply spot<\/title>\n<meta name=\"description\" content=\"Omron E3JK-R4M2 2M \u2013 retro-reflective photoelectric sensor, 12\u2013240V AC\/DC, relay output, 4 m sensing distance, with 2 m cable.\" \/>\n<meta name=\"robots\" content=\"index, follow, max-snippet:-1, max-image-preview:large, max-video-preview:-1\" \/>\n<link rel=\"canonical\" href=\"https:\/\/plcsupplyspot.com\/lt\/automatikos-komponentai\/e3jk-r4m2-2m\/\" \/>\n<meta property=\"og:locale\" content=\"lt_LT\" \/>\n<meta property=\"og:type\" content=\"article\" \/>\n<meta property=\"og:title\" content=\"E3JK-R4M2 2M | PLC Supply spot\" \/>\n<meta property=\"og:description\" content=\"Omron E3JK-R4M2 2M \u2013 retro-reflective photoelectric sensor, 12\u2013240V AC\/DC, relay output, 4 m sensing distance, with 2 m cable.\" \/>\n<meta property=\"og:url\" content=\"https:\/\/plcsupplyspot.com\/lt\/automatikos-komponentai\/e3jk-r4m2-2m\/\" \/>\n<meta property=\"og:site_name\" content=\"PLC Supply spot\" \/>\n<meta property=\"article:publisher\" content=\"https:\/\/www.facebook.com\/profile.php?id=61571705128033\" \/>\n<meta property=\"article:modified_time\" content=\"2026-02-18T21:37:35+00:00\" \/>\n<meta property=\"og:image\" content=\"https:\/\/plcsupplyspot.com\/wp-content\/uploads\/2026\/02\/01_08_2024_13_45_15_E3JK_R4M2_2M_Omron.jpeg\" \/>\n\t<meta property=\"og:image:width\" content=\"700\" \/>\n\t<meta property=\"og:image:height\" content=\"700\" \/>\n\t<meta property=\"og:image:type\" content=\"image\/jpeg\" \/>\n<meta name=\"twitter:card\" content=\"summary_large_image\" \/>\n<meta name=\"twitter:label1\" content=\"Est. reading time\" \/>\n\t<meta name=\"twitter:data1\" content=\"1 minut\u0117\" \/>\n<!-- \/ Yoast SEO plugin. -->","yoast_head_json":{"title":"E3JK-R4M2 2M | PLC Supply spot","description":"Omron E3JK-R4M2 2M \u2013 retro-reflective photoelectric sensor, 12\u2013240V AC\/DC, relay output, 4 m sensing distance, with 2 m cable.","robots":{"index":"index","follow":"follow","max-snippet":"max-snippet:-1","max-image-preview":"max-image-preview:large","max-video-preview":"max-video-preview:-1"},"canonical":"https:\/\/plcsupplyspot.com\/lt\/automatikos-komponentai\/e3jk-r4m2-2m\/","og_locale":"lt_LT","og_type":"article","og_title":"E3JK-R4M2 2M | PLC Supply spot","og_description":"Omron E3JK-R4M2 2M \u2013 retro-reflective photoelectric sensor, 12\u2013240V AC\/DC, relay output, 4 m sensing distance, with 2 m cable.","og_url":"https:\/\/plcsupplyspot.com\/lt\/automatikos-komponentai\/e3jk-r4m2-2m\/","og_site_name":"PLC Supply spot","article_publisher":"https:\/\/www.facebook.com\/profile.php?id=61571705128033","article_modified_time":"2026-02-18T21:37:35+00:00","og_image":[{"width":700,"height":700,"url":"https:\/\/plcsupplyspot.com\/wp-content\/uploads\/2026\/02\/01_08_2024_13_45_15_E3JK_R4M2_2M_Omron.jpeg","type":"image\/jpeg"}],"twitter_card":"summary_large_image","twitter_misc":{"Est. reading time":"1 minut\u0117"},"schema":{"@context":"https:\/\/schema.org","@graph":[{"@type":"WebPage","@id":"https:\/\/plcsupplyspot.com\/lt\/automatikos-komponentai\/e3jk-r4m2-2m\/","url":"https:\/\/plcsupplyspot.com\/lt\/automatikos-komponentai\/e3jk-r4m2-2m\/","name":"E3JK-R4M2 2M | PLC Supply spot","isPartOf":{"@id":"https:\/\/plcsupplyspot.com\/lt\/#website"},"primaryImageOfPage":{"@id":"https:\/\/plcsupplyspot.com\/lt\/automatikos-komponentai\/e3jk-r4m2-2m\/#primaryimage"},"image":{"@id":"https:\/\/plcsupplyspot.com\/lt\/automatikos-komponentai\/e3jk-r4m2-2m\/#primaryimage"},"thumbnailUrl":"https:\/\/plcsupplyspot.com\/wp-content\/uploads\/2026\/02\/01_08_2024_13_45_15_E3JK_R4M2_2M_Omron.jpeg","datePublished":"2026-02-18T21:27:36+00:00","dateModified":"2026-02-18T21:37:35+00:00","description":"Omron E3JK-R4M2 2M \u2013 retro-reflective photoelectric sensor, 12\u2013240V AC\/DC, relay output, 4 m sensing distance, with 2 m cable.","breadcrumb":{"@id":"https:\/\/plcsupplyspot.com\/lt\/automatikos-komponentai\/e3jk-r4m2-2m\/#breadcrumb"},"inLanguage":"lt-LT","potentialAction":[{"@type":"ReadAction","target":["https:\/\/plcsupplyspot.com\/lt\/automatikos-komponentai\/e3jk-r4m2-2m\/"]}]},{"@type":"ImageObject","inLanguage":"lt-LT","@id":"https:\/\/plcsupplyspot.com\/lt\/automatikos-komponentai\/e3jk-r4m2-2m\/#primaryimage","url":"https:\/\/plcsupplyspot.com\/wp-content\/uploads\/2026\/02\/01_08_2024_13_45_15_E3JK_R4M2_2M_Omron.jpeg","contentUrl":"https:\/\/plcsupplyspot.com\/wp-content\/uploads\/2026\/02\/01_08_2024_13_45_15_E3JK_R4M2_2M_Omron.jpeg","width":700,"height":700},{"@type":"BreadcrumbList","@id":"https:\/\/plcsupplyspot.com\/lt\/automatikos-komponentai\/e3jk-r4m2-2m\/#breadcrumb","itemListElement":[{"@type":"ListItem","position":1,"name":"home","item":"https:\/\/plcsupplyspot.com\/lt\/"},{"@type":"ListItem","position":2,"name":"Automatikos komponentai","item":"https:\/\/plcsupplyspot.com\/lt\/automatikos-komponentai\/"},{"@type":"ListItem","position":3,"name":"E3JK-R4M2 2M"}]},{"@type":"WebSite","@id":"https:\/\/plcsupplyspot.com\/lt\/#website","url":"https:\/\/plcsupplyspot.com\/lt\/","name":"PLC Supply Spot","description":"Innovate. Accelerate. Automate!","publisher":{"@id":"https:\/\/plcsupplyspot.com\/lt\/#organization"},"potentialAction":[{"@type":"SearchAction","target":{"@type":"EntryPoint","urlTemplate":"https:\/\/plcsupplyspot.com\/lt\/?s={search_term_string}"},"query-input":{"@type":"PropertyValueSpecification","valueRequired":true,"valueName":"search_term_string"}}],"inLanguage":"lt-LT"},{"@type":"Organization","@id":"https:\/\/plcsupplyspot.com\/lt\/#organization","name":"PLC Supply Spot","alternateName":"PLC Supply Spot","url":"https:\/\/plcsupplyspot.com\/lt\/","logo":{"@type":"ImageObject","inLanguage":"lt-LT","@id":"https:\/\/plcsupplyspot.com\/lt\/#\/schema\/logo\/image\/","url":"https:\/\/plcsupplyspot.com\/wp-content\/uploads\/2026\/01\/plc-supply-spot-logo-1.png","contentUrl":"https:\/\/plcsupplyspot.com\/wp-content\/uploads\/2026\/01\/plc-supply-spot-logo-1.png","width":720,"height":720,"caption":"PLC Supply Spot"},"image":{"@id":"https:\/\/plcsupplyspot.com\/lt\/#\/schema\/logo\/image\/"},"sameAs":["https:\/\/www.facebook.com\/profile.php?id=61571705128033"]}]}},"_links":{"self":[{"href":"https:\/\/plcsupplyspot.com\/lt\/wp-json\/wp\/v2\/product\/9972","targetHints":{"allow":["GET"]}}],"collection":[{"href":"https:\/\/plcsupplyspot.com\/lt\/wp-json\/wp\/v2\/product"}],"about":[{"href":"https:\/\/plcsupplyspot.com\/lt\/wp-json\/wp\/v2\/types\/product"}],"version-history":[{"count":3,"href":"https:\/\/plcsupplyspot.com\/lt\/wp-json\/wp\/v2\/product\/9972\/revisions"}],"predecessor-version":[{"id":9981,"href":"https:\/\/plcsupplyspot.com\/lt\/wp-json\/wp\/v2\/product\/9972\/revisions\/9981"}],"wp:featuredmedia":[{"embeddable":true,"href":"https:\/\/plcsupplyspot.com\/lt\/wp-json\/wp\/v2\/media\/9974"}],"wp:attachment":[{"href":"https:\/\/plcsupplyspot.com\/lt\/wp-json\/wp\/v2\/media?parent=9972"}],"wp:term":[{"taxonomy":"product_brand","embeddable":true,"href":"https:\/\/plcsupplyspot.com\/lt\/wp-json\/wp\/v2\/product_brand?post=9972"},{"taxonomy":"product_cat","embeddable":true,"href":"https:\/\/plcsupplyspot.com\/lt\/wp-json\/wp\/v2\/product_cat?post=9972"},{"taxonomy":"product_tag","embeddable":true,"href":"https:\/\/plcsupplyspot.com\/lt\/wp-json\/wp\/v2\/product_tag?post=9972"}],"curies":[{"name":"wp","href":"https:\/\/api.w.org\/{rel}","templated":true}]}}