{"id":9767,"date":"2026-02-13T10:23:17","date_gmt":"2026-02-13T10:23:17","guid":{"rendered":"https:\/\/plcsupplyspot.com\/?post_type=product&#038;p=9767"},"modified":"2026-02-20T08:43:19","modified_gmt":"2026-02-20T08:43:19","slug":"sen02133","status":"publish","type":"product","link":"https:\/\/plcsupplyspot.com\/lt\/automatikos-komponentai\/sen02133\/","title":{"rendered":"SEN02133"},"content":{"rendered":"<p data-start=\"505\" data-end=\"550\"><strong data-start=\"505\" data-end=\"550\">Autonics SEN02133 \u2013 temperat\u016bros jutiklis<\/strong><\/p>\n<p data-start=\"552\" data-end=\"790\">Autonics SEN02133 yra pramoninis temperat\u016bros jutiklis, skirtas tiksliai temperat\u016bros kontrolei technologiniuose procesuose ir automatizavimo sistemose. Jis naudojamas kartu su temperat\u016bros reguliatoriais arba programuojamais valdikliais.<\/p>\n<p data-start=\"792\" data-end=\"911\">Jutiklis u\u017etikrina stabil\u0173 matavim\u0105 ir patikim\u0105 veikim\u0105 pramonin\u0117je aplinkoje, kur svarbus tikslumas ir ilgaam\u017ei\u0161kumas.<\/p>\n<p data-start=\"913\" data-end=\"1316\"><strong data-start=\"913\" data-end=\"936\">Technin\u0117 santrauka:<\/strong><br data-start=\"936\" data-end=\"939\" \/>\u2022 Produkto tipas: temperat\u016bros jutiklis<br data-start=\"978\" data-end=\"981\" \/>\u2022 Jutiklio tipas: var\u017einis temperat\u016bros jutiklis arba termistorius (priklausomai nuo modelio versijos)<br data-start=\"1083\" data-end=\"1086\" \/>\u2022 Matavimo diapazonas: skirtas pramoniniams temperat\u016bros intervalams<br data-start=\"1154\" data-end=\"1157\" \/>\u2022 I\u0161\u0117jimo signalas: var\u017eos pokytis pagal temperat\u016br\u0105<br data-start=\"1209\" data-end=\"1212\" \/>\u2022 Montavimo tipas: srieginis arba zondo tipo<br data-start=\"1256\" data-end=\"1259\" \/>\u2022 Paskirtis: temperat\u016bros matavimas ir proces\u0173 kontrol\u0117<\/p>\n<p data-start=\"1318\" data-end=\"1503\"><strong data-start=\"1318\" data-end=\"1349\">Tipin\u0117s panaudojimo sritys:<\/strong><br data-start=\"1349\" data-end=\"1352\" \/>\u2022 \u0160ildymo sistemos<br data-start=\"1370\" data-end=\"1373\" \/>\u2022 Pramonin\u0117s krosnys<br data-start=\"1393\" data-end=\"1396\" \/>\u2022 \u012erengini\u0173 temperat\u016bros steb\u0117jimas<br data-start=\"1431\" data-end=\"1434\" \/>\u2022 Gamybos proces\u0173 kontrol\u0117<br data-start=\"1460\" data-end=\"1463\" \/>\u2022 Automatizuotos technologin\u0117s linijos<\/p>\n<p data-start=\"1505\" data-end=\"1657\"><strong data-start=\"1505\" data-end=\"1524\">Apie gamintoj\u0105:<\/strong><br data-start=\"1524\" data-end=\"1527\" \/>Autonics yra pramonini\u0173 jutikli\u0173 ir valdymo \u012frangos gamintoja, tiekianti sprendimus automatizavimo ir proces\u0173 kontrol\u0117s sistemoms.<\/p>\n","protected":false},"excerpt":{"rendered":"<p data-start=\"709\" data-end=\"799\">Pramoninis temperat\u016bros jutiklis tiksliam temperat\u016bros matavimui automatizavimo sistemose.<\/p>\n<p data-start=\"317\" data-end=\"487\">\n","protected":false},"featured_media":9777,"template":"","meta":{"site-sidebar-layout":"no-sidebar","site-content-layout":"default","ast-site-content-layout":"normal-width-container","site-content-style":"default","site-sidebar-style":"default","ast-global-header-display":"","ast-banner-title-visibility":"","ast-main-header-display":"","ast-hfb-above-header-display":"","ast-hfb-below-header-display":"","ast-hfb-mobile-header-display":"","site-post-title":"","ast-breadcrumbs-content":"","ast-featured-img":"","footer-sml-layout":"","ast-disable-related-posts":"","theme-transparent-header-meta":"default","adv-header-id-meta":"","stick-header-meta":"default","header-above-stick-meta":"","header-main-stick-meta":"","header-below-stick-meta":"","astra-migrate-meta-layouts":"set","ast-page-background-enabled":"default","ast-page-background-meta":{"desktop":{"background-color":"","background-image":"","background-repeat":"repeat","background-position":"center center","background-size":"auto","background-attachment":"scroll","background-type":"","background-media":"","overlay-type":"","overlay-color":"","overlay-opacity":"","overlay-gradient":""},"tablet":{"background-color":"","background-image":"","background-repeat":"repeat","background-position":"center center","background-size":"auto","background-attachment":"scroll","background-type":"","background-media":"","overlay-type":"","overlay-color":"","overlay-opacity":"","overlay-gradient":""},"mobile":{"background-color":"","background-image":"","background-repeat":"repeat","background-position":"center center","background-size":"auto","background-attachment":"scroll","background-type":"","background-media":"","overlay-type":"","overlay-color":"","overlay-opacity":"","overlay-gradient":""}},"ast-content-background-meta":{"desktop":{"background-color":"var(--ast-global-color-5)","background-image":"","background-repeat":"repeat","background-position":"center center","background-size":"auto","background-attachment":"scroll","background-type":"","background-media":"","overlay-type":"","overlay-color":"","overlay-opacity":"","overlay-gradient":""},"tablet":{"background-color":"var(--ast-global-color-5)","background-image":"","background-repeat":"repeat","background-position":"center center","background-size":"auto","background-attachment":"scroll","background-type":"","background-media":"","overlay-type":"","overlay-color":"","overlay-opacity":"","overlay-gradient":""},"mobile":{"background-color":"var(--ast-global-color-5)","background-image":"","background-repeat":"repeat","background-position":"center center","background-size":"auto","background-attachment":"scroll","background-type":"","background-media":"","overlay-type":"","overlay-color":"","overlay-opacity":"","overlay-gradient":""}}},"product_brand":[],"product_cat":[118,123],"product_tag":[],"class_list":{"0":"post-9767","1":"product","2":"type-product","3":"status-publish","4":"has-post-thumbnail","6":"product_cat-jutikliai","7":"product_cat-kiti-prekes-zenklai","8":"desktop-align-left","9":"tablet-align-left","10":"mobile-align-left","11":"ast-product-gallery-layout-horizontal-slider","12":"ast-product-tabs-layout-horizontal","14":"first","15":"onbackorder","16":"downloadable","17":"taxable","18":"shipping-taxable","19":"purchasable","20":"product-type-simple"},"yoast_head":"<!-- This site is optimized with the Yoast SEO plugin v26.6 - https:\/\/yoast.com\/wordpress\/plugins\/seo\/ -->\n<title>SEN02133 | PLC Supply spot<\/title>\n<meta name=\"description\" content=\"Autonics SEN02133 \u2013 pramoninis temperat\u016bros jutiklis, skirtas tiksliam temperat\u016bros matavimui automatizavimo ir proces\u0173 valdymo sistemose.\" \/>\n<meta name=\"robots\" content=\"index, follow, max-snippet:-1, max-image-preview:large, max-video-preview:-1\" \/>\n<link rel=\"canonical\" href=\"https:\/\/plcsupplyspot.com\/lt\/automatikos-komponentai\/sen02133\/\" \/>\n<meta property=\"og:locale\" content=\"lt_LT\" \/>\n<meta property=\"og:type\" content=\"article\" \/>\n<meta property=\"og:title\" content=\"SEN02133 | PLC Supply spot\" \/>\n<meta property=\"og:description\" content=\"Autonics SEN02133 \u2013 pramoninis temperat\u016bros jutiklis, skirtas tiksliam temperat\u016bros matavimui automatizavimo ir proces\u0173 valdymo sistemose.\" \/>\n<meta property=\"og:url\" content=\"https:\/\/plcsupplyspot.com\/lt\/automatikos-komponentai\/sen02133\/\" \/>\n<meta property=\"og:site_name\" content=\"PLC Supply spot\" \/>\n<meta property=\"article:publisher\" content=\"https:\/\/www.facebook.com\/profile.php?id=61571705128033\" \/>\n<meta property=\"article:modified_time\" content=\"2026-02-20T08:43:19+00:00\" \/>\n<meta property=\"og:image\" content=\"https:\/\/plcsupplyspot.com\/wp-content\/uploads\/2026\/02\/SEN02133.jpg\" \/>\n\t<meta property=\"og:image:width\" content=\"464\" \/>\n\t<meta property=\"og:image:height\" content=\"464\" \/>\n\t<meta property=\"og:image:type\" content=\"image\/jpeg\" \/>\n<meta name=\"twitter:card\" content=\"summary_large_image\" \/>\n<meta name=\"twitter:label1\" content=\"Est. reading time\" \/>\n\t<meta name=\"twitter:data1\" content=\"1 minut\u0117\" \/>\n<!-- \/ Yoast SEO plugin. -->","yoast_head_json":{"title":"SEN02133 | PLC Supply spot","description":"Autonics SEN02133 \u2013 pramoninis temperat\u016bros jutiklis, skirtas tiksliam temperat\u016bros matavimui automatizavimo ir proces\u0173 valdymo sistemose.","robots":{"index":"index","follow":"follow","max-snippet":"max-snippet:-1","max-image-preview":"max-image-preview:large","max-video-preview":"max-video-preview:-1"},"canonical":"https:\/\/plcsupplyspot.com\/lt\/automatikos-komponentai\/sen02133\/","og_locale":"lt_LT","og_type":"article","og_title":"SEN02133 | PLC Supply spot","og_description":"Autonics SEN02133 \u2013 pramoninis temperat\u016bros jutiklis, skirtas tiksliam temperat\u016bros matavimui automatizavimo ir proces\u0173 valdymo sistemose.","og_url":"https:\/\/plcsupplyspot.com\/lt\/automatikos-komponentai\/sen02133\/","og_site_name":"PLC Supply spot","article_publisher":"https:\/\/www.facebook.com\/profile.php?id=61571705128033","article_modified_time":"2026-02-20T08:43:19+00:00","og_image":[{"width":464,"height":464,"url":"https:\/\/plcsupplyspot.com\/wp-content\/uploads\/2026\/02\/SEN02133.jpg","type":"image\/jpeg"}],"twitter_card":"summary_large_image","twitter_misc":{"Est. reading time":"1 minut\u0117"},"schema":{"@context":"https:\/\/schema.org","@graph":[{"@type":"WebPage","@id":"https:\/\/plcsupplyspot.com\/lt\/automatikos-komponentai\/sen02133\/","url":"https:\/\/plcsupplyspot.com\/lt\/automatikos-komponentai\/sen02133\/","name":"SEN02133 | PLC Supply spot","isPartOf":{"@id":"https:\/\/plcsupplyspot.com\/lt\/#website"},"primaryImageOfPage":{"@id":"https:\/\/plcsupplyspot.com\/lt\/automatikos-komponentai\/sen02133\/#primaryimage"},"image":{"@id":"https:\/\/plcsupplyspot.com\/lt\/automatikos-komponentai\/sen02133\/#primaryimage"},"thumbnailUrl":"https:\/\/plcsupplyspot.com\/wp-content\/uploads\/2026\/02\/SEN02133.jpg","datePublished":"2026-02-13T10:23:17+00:00","dateModified":"2026-02-20T08:43:19+00:00","description":"Autonics SEN02133 \u2013 pramoninis temperat\u016bros jutiklis, skirtas tiksliam temperat\u016bros matavimui automatizavimo ir proces\u0173 valdymo sistemose.","breadcrumb":{"@id":"https:\/\/plcsupplyspot.com\/lt\/automatikos-komponentai\/sen02133\/#breadcrumb"},"inLanguage":"lt-LT","potentialAction":[{"@type":"ReadAction","target":["https:\/\/plcsupplyspot.com\/lt\/automatikos-komponentai\/sen02133\/"]}]},{"@type":"ImageObject","inLanguage":"lt-LT","@id":"https:\/\/plcsupplyspot.com\/lt\/automatikos-komponentai\/sen02133\/#primaryimage","url":"https:\/\/plcsupplyspot.com\/wp-content\/uploads\/2026\/02\/SEN02133.jpg","contentUrl":"https:\/\/plcsupplyspot.com\/wp-content\/uploads\/2026\/02\/SEN02133.jpg","width":464,"height":464},{"@type":"BreadcrumbList","@id":"https:\/\/plcsupplyspot.com\/lt\/automatikos-komponentai\/sen02133\/#breadcrumb","itemListElement":[{"@type":"ListItem","position":1,"name":"home","item":"https:\/\/plcsupplyspot.com\/lt\/"},{"@type":"ListItem","position":2,"name":"Automatikos komponentai","item":"https:\/\/plcsupplyspot.com\/lt\/automatikos-komponentai\/"},{"@type":"ListItem","position":3,"name":"SEN02133"}]},{"@type":"WebSite","@id":"https:\/\/plcsupplyspot.com\/lt\/#website","url":"https:\/\/plcsupplyspot.com\/lt\/","name":"PLC Supply Spot","description":"Innovate. Accelerate. Automate!","publisher":{"@id":"https:\/\/plcsupplyspot.com\/lt\/#organization"},"potentialAction":[{"@type":"SearchAction","target":{"@type":"EntryPoint","urlTemplate":"https:\/\/plcsupplyspot.com\/lt\/?s={search_term_string}"},"query-input":{"@type":"PropertyValueSpecification","valueRequired":true,"valueName":"search_term_string"}}],"inLanguage":"lt-LT"},{"@type":"Organization","@id":"https:\/\/plcsupplyspot.com\/lt\/#organization","name":"PLC Supply Spot","alternateName":"PLC Supply Spot","url":"https:\/\/plcsupplyspot.com\/lt\/","logo":{"@type":"ImageObject","inLanguage":"lt-LT","@id":"https:\/\/plcsupplyspot.com\/lt\/#\/schema\/logo\/image\/","url":"https:\/\/plcsupplyspot.com\/wp-content\/uploads\/2026\/01\/plc-supply-spot-logo-1.png","contentUrl":"https:\/\/plcsupplyspot.com\/wp-content\/uploads\/2026\/01\/plc-supply-spot-logo-1.png","width":720,"height":720,"caption":"PLC Supply Spot"},"image":{"@id":"https:\/\/plcsupplyspot.com\/lt\/#\/schema\/logo\/image\/"},"sameAs":["https:\/\/www.facebook.com\/profile.php?id=61571705128033"]}]}},"_links":{"self":[{"href":"https:\/\/plcsupplyspot.com\/lt\/wp-json\/wp\/v2\/product\/9767","targetHints":{"allow":["GET"]}}],"collection":[{"href":"https:\/\/plcsupplyspot.com\/lt\/wp-json\/wp\/v2\/product"}],"about":[{"href":"https:\/\/plcsupplyspot.com\/lt\/wp-json\/wp\/v2\/types\/product"}],"version-history":[{"count":4,"href":"https:\/\/plcsupplyspot.com\/lt\/wp-json\/wp\/v2\/product\/9767\/revisions"}],"predecessor-version":[{"id":10014,"href":"https:\/\/plcsupplyspot.com\/lt\/wp-json\/wp\/v2\/product\/9767\/revisions\/10014"}],"wp:featuredmedia":[{"embeddable":true,"href":"https:\/\/plcsupplyspot.com\/lt\/wp-json\/wp\/v2\/media\/9777"}],"wp:attachment":[{"href":"https:\/\/plcsupplyspot.com\/lt\/wp-json\/wp\/v2\/media?parent=9767"}],"wp:term":[{"taxonomy":"product_brand","embeddable":true,"href":"https:\/\/plcsupplyspot.com\/lt\/wp-json\/wp\/v2\/product_brand?post=9767"},{"taxonomy":"product_cat","embeddable":true,"href":"https:\/\/plcsupplyspot.com\/lt\/wp-json\/wp\/v2\/product_cat?post=9767"},{"taxonomy":"product_tag","embeddable":true,"href":"https:\/\/plcsupplyspot.com\/lt\/wp-json\/wp\/v2\/product_tag?post=9767"}],"curies":[{"name":"wp","href":"https:\/\/api.w.org\/{rel}","templated":true}]}}