{"id":8814,"date":"2025-12-30T10:50:53","date_gmt":"2025-12-30T10:50:53","guid":{"rendered":"https:\/\/plcsupplyspot.com\/?post_type=product&#038;p=8814"},"modified":"2025-12-30T11:06:36","modified_gmt":"2025-12-30T11:06:36","slug":"6es7315-2eh13-0ab0","status":"publish","type":"product","link":"https:\/\/plcsupplyspot.com\/lt\/automatikos-komponentai\/6es7315-2eh13-0ab0\/","title":{"rendered":"6ES7315-2EH13-0AB0"},"content":{"rendered":"<p data-start=\"2176\" data-end=\"2260\"><strong data-start=\"2201\" data-end=\"2260\">Siemens 6ES7315-2EH13-0AB0 \u2013 SIMATIC S7-300 CPU modulis<\/strong><\/p>\n<p data-start=\"2262\" data-end=\"2662\">Siemens 6ES7315-2EH13-0AB0 yra SIMATIC S7-300 centrinio procesoriaus (CPU) modulis, skirtas valdymo, duomen\u0173 apdorojimo ir komunikacijos u\u017eduotims pramon\u0117s automatizavimo sistemose. Jis vykdo valdymo programas, apdoroja signalus ir koordinuoja prijungt\u0173 I\/O moduli\u0173 darb\u0105.<br data-start=\"2534\" data-end=\"2537\" \/>CPU sukurtas patikimam ir nuolatiniam darbui pramon\u0117s aplinkoje, tod\u0117l tinka \u012fvairiems ma\u0161in\u0173 ir proces\u0173 valdymo sprendimams.<\/p>\n<p data-start=\"2664\" data-end=\"2934\"><strong data-start=\"2664\" data-end=\"2692\">Pagrindiniai privalumai:<\/strong><br data-start=\"2692\" data-end=\"2695\" \/>\u2022 SIMATIC S7-300 CPU modulis<br data-start=\"2723\" data-end=\"2726\" \/>\u2022 PLC sistemos centrinis valdiklis<br data-start=\"2760\" data-end=\"2763\" \/>\u2022 Patikimas valdymas ir duomen\u0173 apdorojimas<br data-start=\"2806\" data-end=\"2809\" \/>\u2022 Palaiko pramonin\u0119 komunikacij\u0105<br data-start=\"2841\" data-end=\"2844\" \/>\u2022 Skirtas nuolatiniam pramoniniam naudojimui<br data-start=\"2888\" data-end=\"2891\" \/>\u2022 Lengvai integruojamas \u012f S7-300 sistemas<\/p>\n<p data-start=\"2936\" data-end=\"3093\"><strong data-start=\"2936\" data-end=\"2955\">Kur naudojamas:<\/strong><br data-start=\"2955\" data-end=\"2958\" \/>\u2022 Ma\u0161in\u0173 ir \u012frengini\u0173 valdymas<br data-start=\"2988\" data-end=\"2991\" \/>\u2022 Pramonin\u0117s automatizavimo sistemos<br data-start=\"3027\" data-end=\"3030\" \/>\u2022 Proces\u0173 valdymas<br data-start=\"3048\" data-end=\"3051\" \/>\u2022 PLC valdymo skydai<br data-start=\"3071\" data-end=\"3074\" \/>\u2022 Gamybos linijos<\/p>\n<p data-start=\"3095\" data-end=\"3256\"><strong data-start=\"3095\" data-end=\"3114\">Apie gamintoj\u0105:<\/strong><br data-start=\"3114\" data-end=\"3117\" \/>Siemens \u2013 pasaulyje pripa\u017eintas pramon\u0117s automatizavimo sprendim\u0173 gamintojas, si\u016blantis patikimus PLC, CPU ir valdymo komponentus pramonei.<\/p>\n","protected":false},"excerpt":{"rendered":"<p data-start=\"690\" data-end=\"850\">SIMATIC S7-300 CPU modulis, skirtas \u012frengini\u0173 valdymui, duomen\u0173 apdorojimui ir komunikacijai pramonin\u0117se automatizavimo sistemose.<\/p>\n<p data-start=\"317\" data-end=\"487\">\n","protected":false},"featured_media":8816,"template":"","meta":{"site-sidebar-layout":"no-sidebar","site-content-layout":"default","ast-site-content-layout":"normal-width-container","site-content-style":"default","site-sidebar-style":"default","ast-global-header-display":"","ast-banner-title-visibility":"","ast-main-header-display":"","ast-hfb-above-header-display":"","ast-hfb-below-header-display":"","ast-hfb-mobile-header-display":"","site-post-title":"","ast-breadcrumbs-content":"","ast-featured-img":"","footer-sml-layout":"","ast-disable-related-posts":"","theme-transparent-header-meta":"default","adv-header-id-meta":"","stick-header-meta":"default","header-above-stick-meta":"","header-main-stick-meta":"","header-below-stick-meta":"","astra-migrate-meta-layouts":"set","ast-page-background-enabled":"default","ast-page-background-meta":{"desktop":{"background-color":"","background-image":"","background-repeat":"repeat","background-position":"center center","background-size":"auto","background-attachment":"scroll","background-type":"","background-media":"","overlay-type":"","overlay-color":"","overlay-opacity":"","overlay-gradient":""},"tablet":{"background-color":"","background-image":"","background-repeat":"repeat","background-position":"center center","background-size":"auto","background-attachment":"scroll","background-type":"","background-media":"","overlay-type":"","overlay-color":"","overlay-opacity":"","overlay-gradient":""},"mobile":{"background-color":"","background-image":"","background-repeat":"repeat","background-position":"center center","background-size":"auto","background-attachment":"scroll","background-type":"","background-media":"","overlay-type":"","overlay-color":"","overlay-opacity":"","overlay-gradient":""}},"ast-content-background-meta":{"desktop":{"background-color":"var(--ast-global-color-5)","background-image":"","background-repeat":"repeat","background-position":"center center","background-size":"auto","background-attachment":"scroll","background-type":"","background-media":"","overlay-type":"","overlay-color":"","overlay-opacity":"","overlay-gradient":""},"tablet":{"background-color":"var(--ast-global-color-5)","background-image":"","background-repeat":"repeat","background-position":"center center","background-size":"auto","background-attachment":"scroll","background-type":"","background-media":"","overlay-type":"","overlay-color":"","overlay-opacity":"","overlay-gradient":""},"mobile":{"background-color":"var(--ast-global-color-5)","background-image":"","background-repeat":"repeat","background-position":"center center","background-size":"auto","background-attachment":"scroll","background-type":"","background-media":"","overlay-type":"","overlay-color":"","overlay-opacity":"","overlay-gradient":""}}},"product_brand":[],"product_cat":[121],"product_tag":[],"class_list":{"0":"post-8814","1":"product","2":"type-product","3":"status-publish","4":"has-post-thumbnail","6":"product_cat-siemens","7":"desktop-align-left","8":"tablet-align-left","9":"mobile-align-left","10":"ast-product-gallery-layout-horizontal-slider","11":"ast-product-tabs-layout-horizontal","13":"first","14":"onbackorder","15":"downloadable","16":"taxable","17":"shipping-taxable","18":"purchasable","19":"product-type-simple"},"yoast_head":"<!-- This site is optimized with the Yoast SEO plugin v26.6 - https:\/\/yoast.com\/wordpress\/plugins\/seo\/ -->\n<title>6ES7315-2EH13-0AB0 | PLC Supply spot<\/title>\n<meta name=\"description\" content=\"Siemens 6ES7315-2EH13-0AB0 \u2013 SIMATIC S7-300 centrinis procesorius (CPU), skirtas valdymo ir apdorojimo u\u017eduotims pramon\u0117s automatikoje.\" \/>\n<meta name=\"robots\" content=\"index, follow, max-snippet:-1, max-image-preview:large, max-video-preview:-1\" \/>\n<link rel=\"canonical\" href=\"https:\/\/plcsupplyspot.com\/lt\/automatikos-komponentai\/6es7315-2eh13-0ab0\/\" \/>\n<meta property=\"og:locale\" content=\"lt_LT\" \/>\n<meta property=\"og:type\" content=\"article\" \/>\n<meta property=\"og:title\" content=\"6ES7315-2EH13-0AB0 | PLC Supply spot\" \/>\n<meta property=\"og:description\" content=\"Siemens 6ES7315-2EH13-0AB0 \u2013 SIMATIC S7-300 centrinis procesorius (CPU), skirtas valdymo ir apdorojimo u\u017eduotims pramon\u0117s automatikoje.\" \/>\n<meta property=\"og:url\" content=\"https:\/\/plcsupplyspot.com\/lt\/automatikos-komponentai\/6es7315-2eh13-0ab0\/\" \/>\n<meta property=\"og:site_name\" content=\"PLC Supply spot\" \/>\n<meta property=\"article:publisher\" content=\"https:\/\/www.facebook.com\/profile.php?id=61571705128033\" \/>\n<meta property=\"article:modified_time\" content=\"2025-12-30T11:06:36+00:00\" \/>\n<meta property=\"og:image\" content=\"https:\/\/plcsupplyspot.com\/wp-content\/uploads\/2025\/12\/6ES7315-2EH13-0AB0.png\" \/>\n\t<meta property=\"og:image:width\" content=\"1024\" \/>\n\t<meta property=\"og:image:height\" content=\"1024\" \/>\n\t<meta property=\"og:image:type\" content=\"image\/png\" \/>\n<meta name=\"twitter:card\" content=\"summary_large_image\" \/>\n<meta name=\"twitter:label1\" content=\"Est. reading time\" \/>\n\t<meta name=\"twitter:data1\" content=\"1 minut\u0117\" \/>\n<!-- \/ Yoast SEO plugin. -->","yoast_head_json":{"title":"6ES7315-2EH13-0AB0 | PLC Supply spot","description":"Siemens 6ES7315-2EH13-0AB0 \u2013 SIMATIC S7-300 centrinis procesorius (CPU), skirtas valdymo ir apdorojimo u\u017eduotims pramon\u0117s automatikoje.","robots":{"index":"index","follow":"follow","max-snippet":"max-snippet:-1","max-image-preview":"max-image-preview:large","max-video-preview":"max-video-preview:-1"},"canonical":"https:\/\/plcsupplyspot.com\/lt\/automatikos-komponentai\/6es7315-2eh13-0ab0\/","og_locale":"lt_LT","og_type":"article","og_title":"6ES7315-2EH13-0AB0 | PLC Supply spot","og_description":"Siemens 6ES7315-2EH13-0AB0 \u2013 SIMATIC S7-300 centrinis procesorius (CPU), skirtas valdymo ir apdorojimo u\u017eduotims pramon\u0117s automatikoje.","og_url":"https:\/\/plcsupplyspot.com\/lt\/automatikos-komponentai\/6es7315-2eh13-0ab0\/","og_site_name":"PLC Supply spot","article_publisher":"https:\/\/www.facebook.com\/profile.php?id=61571705128033","article_modified_time":"2025-12-30T11:06:36+00:00","og_image":[{"width":1024,"height":1024,"url":"https:\/\/plcsupplyspot.com\/wp-content\/uploads\/2025\/12\/6ES7315-2EH13-0AB0.png","type":"image\/png"}],"twitter_card":"summary_large_image","twitter_misc":{"Est. reading time":"1 minut\u0117"},"schema":{"@context":"https:\/\/schema.org","@graph":[{"@type":"WebPage","@id":"https:\/\/plcsupplyspot.com\/lt\/automatikos-komponentai\/6es7315-2eh13-0ab0\/","url":"https:\/\/plcsupplyspot.com\/lt\/automatikos-komponentai\/6es7315-2eh13-0ab0\/","name":"6ES7315-2EH13-0AB0 | PLC Supply spot","isPartOf":{"@id":"https:\/\/plcsupplyspot.com\/lt\/#website"},"primaryImageOfPage":{"@id":"https:\/\/plcsupplyspot.com\/lt\/automatikos-komponentai\/6es7315-2eh13-0ab0\/#primaryimage"},"image":{"@id":"https:\/\/plcsupplyspot.com\/lt\/automatikos-komponentai\/6es7315-2eh13-0ab0\/#primaryimage"},"thumbnailUrl":"https:\/\/plcsupplyspot.com\/wp-content\/uploads\/2025\/12\/6ES7315-2EH13-0AB0.png","datePublished":"2025-12-30T10:50:53+00:00","dateModified":"2025-12-30T11:06:36+00:00","description":"Siemens 6ES7315-2EH13-0AB0 \u2013 SIMATIC S7-300 centrinis procesorius (CPU), skirtas valdymo ir apdorojimo u\u017eduotims pramon\u0117s automatikoje.","breadcrumb":{"@id":"https:\/\/plcsupplyspot.com\/lt\/automatikos-komponentai\/6es7315-2eh13-0ab0\/#breadcrumb"},"inLanguage":"lt-LT","potentialAction":[{"@type":"ReadAction","target":["https:\/\/plcsupplyspot.com\/lt\/automatikos-komponentai\/6es7315-2eh13-0ab0\/"]}]},{"@type":"ImageObject","inLanguage":"lt-LT","@id":"https:\/\/plcsupplyspot.com\/lt\/automatikos-komponentai\/6es7315-2eh13-0ab0\/#primaryimage","url":"https:\/\/plcsupplyspot.com\/wp-content\/uploads\/2025\/12\/6ES7315-2EH13-0AB0.png","contentUrl":"https:\/\/plcsupplyspot.com\/wp-content\/uploads\/2025\/12\/6ES7315-2EH13-0AB0.png","width":1024,"height":1024},{"@type":"BreadcrumbList","@id":"https:\/\/plcsupplyspot.com\/lt\/automatikos-komponentai\/6es7315-2eh13-0ab0\/#breadcrumb","itemListElement":[{"@type":"ListItem","position":1,"name":"home","item":"https:\/\/plcsupplyspot.com\/lt\/"},{"@type":"ListItem","position":2,"name":"Automatikos komponentai","item":"https:\/\/plcsupplyspot.com\/lt\/automatikos-komponentai\/"},{"@type":"ListItem","position":3,"name":"6ES7315-2EH13-0AB0"}]},{"@type":"WebSite","@id":"https:\/\/plcsupplyspot.com\/lt\/#website","url":"https:\/\/plcsupplyspot.com\/lt\/","name":"PLC Supply Spot","description":"Innovate. Accelerate. Automate!","publisher":{"@id":"https:\/\/plcsupplyspot.com\/lt\/#organization"},"potentialAction":[{"@type":"SearchAction","target":{"@type":"EntryPoint","urlTemplate":"https:\/\/plcsupplyspot.com\/lt\/?s={search_term_string}"},"query-input":{"@type":"PropertyValueSpecification","valueRequired":true,"valueName":"search_term_string"}}],"inLanguage":"lt-LT"},{"@type":"Organization","@id":"https:\/\/plcsupplyspot.com\/lt\/#organization","name":"PLC Supply Spot","alternateName":"PLC Supply Spot","url":"https:\/\/plcsupplyspot.com\/lt\/","logo":{"@type":"ImageObject","inLanguage":"lt-LT","@id":"https:\/\/plcsupplyspot.com\/lt\/#\/schema\/logo\/image\/","url":"https:\/\/plcsupplyspot.com\/wp-content\/uploads\/2026\/01\/plc-supply-spot-logo-1.png","contentUrl":"https:\/\/plcsupplyspot.com\/wp-content\/uploads\/2026\/01\/plc-supply-spot-logo-1.png","width":720,"height":720,"caption":"PLC Supply Spot"},"image":{"@id":"https:\/\/plcsupplyspot.com\/lt\/#\/schema\/logo\/image\/"},"sameAs":["https:\/\/www.facebook.com\/profile.php?id=61571705128033"]}]}},"_links":{"self":[{"href":"https:\/\/plcsupplyspot.com\/lt\/wp-json\/wp\/v2\/product\/8814","targetHints":{"allow":["GET"]}}],"collection":[{"href":"https:\/\/plcsupplyspot.com\/lt\/wp-json\/wp\/v2\/product"}],"about":[{"href":"https:\/\/plcsupplyspot.com\/lt\/wp-json\/wp\/v2\/types\/product"}],"version-history":[{"count":3,"href":"https:\/\/plcsupplyspot.com\/lt\/wp-json\/wp\/v2\/product\/8814\/revisions"}],"predecessor-version":[{"id":8823,"href":"https:\/\/plcsupplyspot.com\/lt\/wp-json\/wp\/v2\/product\/8814\/revisions\/8823"}],"wp:featuredmedia":[{"embeddable":true,"href":"https:\/\/plcsupplyspot.com\/lt\/wp-json\/wp\/v2\/media\/8816"}],"wp:attachment":[{"href":"https:\/\/plcsupplyspot.com\/lt\/wp-json\/wp\/v2\/media?parent=8814"}],"wp:term":[{"taxonomy":"product_brand","embeddable":true,"href":"https:\/\/plcsupplyspot.com\/lt\/wp-json\/wp\/v2\/product_brand?post=8814"},{"taxonomy":"product_cat","embeddable":true,"href":"https:\/\/plcsupplyspot.com\/lt\/wp-json\/wp\/v2\/product_cat?post=8814"},{"taxonomy":"product_tag","embeddable":true,"href":"https:\/\/plcsupplyspot.com\/lt\/wp-json\/wp\/v2\/product_tag?post=8814"}],"curies":[{"name":"wp","href":"https:\/\/api.w.org\/{rel}","templated":true}]}}