{"id":8002,"date":"2025-12-10T10:15:33","date_gmt":"2025-12-10T10:15:33","guid":{"rendered":"https:\/\/plcsupplyspot.com\/?post_type=product&#038;p=8002"},"modified":"2025-12-10T10:29:02","modified_gmt":"2025-12-10T10:29:02","slug":"2090-cpbm7df-10aa12","status":"publish","type":"product","link":"https:\/\/plcsupplyspot.com\/lt\/automatikos-komponentai\/2090-cpbm7df-10aa12\/","title":{"rendered":"2090-CPBM7DF-10AA12"},"content":{"rendered":"<p data-start=\"2160\" data-end=\"2275\"><strong data-start=\"2185\" data-end=\"2275\">Allen-Bradley 2090-CPBM7DF-10AA12 \u2013 variklio maitinimo kabelis Kinetix servo sistemoms<\/strong><\/p>\n<p data-start=\"2277\" data-end=\"2646\">Allen-Bradley 2090-CPBM7DF-10AA12 yra variklio maitinimo kabelis, skirtas Allen-Bradley Kinetix servo varikliams ir pavaroms. Jis u\u017etikrina stabil\u0173 ir patikim\u0105 elektros energijos perdavim\u0105, reikaling\u0105 tiksliam judesio valdymui ir nenutr\u016bkstamam \u012frengini\u0173 darbui pramonin\u0117se automatizavimo sistemose. Kabelis sukurtas intensyviam naudojimui sud\u0117tingomis darbo s\u0105lygomis.<\/p>\n<p data-start=\"2648\" data-end=\"2916\"><strong data-start=\"2648\" data-end=\"2676\">Pagrindiniai privalumai:<\/strong><br data-start=\"2676\" data-end=\"2679\" \/>\u2022 Variklio maitinimo kabelis Kinetix sistemoms<br data-start=\"2725\" data-end=\"2728\" \/>\u2022 Patikimas energijos perdavimas<br data-start=\"2760\" data-end=\"2763\" \/>\u2022 Skirtas judesio valdymo aplikacijoms<br data-start=\"2801\" data-end=\"2804\" \/>\u2022 Tvirta pramonin\u0117 konstrukcija<br data-start=\"2835\" data-end=\"2838\" \/>\u2022 Ilgaam\u017eis ir stabilus veikimas<br data-start=\"2870\" data-end=\"2873\" \/>\u2022 Tinka intensyvioms pramonin\u0117ms s\u0105lygoms<\/p>\n<p data-start=\"2918\" data-end=\"3114\"><strong data-start=\"2918\" data-end=\"2937\">Kur naudojamas:<\/strong><br data-start=\"2937\" data-end=\"2940\" \/>\u2022 Servo varikli\u0173 ir pavar\u0173 jungimas<br data-start=\"2975\" data-end=\"2978\" \/>\u2022 Pramonin\u0117s judesio valdymo sistemos<br data-start=\"3015\" data-end=\"3018\" \/>\u2022 Gamybos ir surinkimo linijos<br data-start=\"3048\" data-end=\"3051\" \/>\u2022 Automatizuotos ma\u0161inos<br data-start=\"3075\" data-end=\"3078\" \/>\u2022 Tiksl\u016bs pozicionavimo sprendimai<\/p>\n<p data-start=\"3116\" data-end=\"3310\"><strong data-start=\"3116\" data-end=\"3135\">Apie gamintoj\u0105:<\/strong><br data-start=\"3135\" data-end=\"3138\" \/>Allen-Bradley \u2013 pasaulyje pripa\u017eintas automatikos ir judesio valdymo sprendim\u0173 gamintojas, kurio Kinetix kabeliai vertinami d\u0117l suderinamumo, patikimumo ir auk\u0161tos kokyb\u0117s.<\/p>\n","protected":false},"excerpt":{"rendered":"<p data-start=\"749\" data-end=\"898\">Variklio maitinimo kabelis, skirtas patikimam energijos perdavimui tarp Allen-Bradley Kinetix servo pavar\u0173 ir varikli\u0173.<\/p>\n<p data-start=\"317\" data-end=\"487\">\n","protected":false},"featured_media":8007,"template":"","meta":{"site-sidebar-layout":"no-sidebar","site-content-layout":"default","ast-site-content-layout":"normal-width-container","site-content-style":"default","site-sidebar-style":"default","ast-global-header-display":"","ast-banner-title-visibility":"","ast-main-header-display":"","ast-hfb-above-header-display":"","ast-hfb-below-header-display":"","ast-hfb-mobile-header-display":"","site-post-title":"","ast-breadcrumbs-content":"","ast-featured-img":"","footer-sml-layout":"","ast-disable-related-posts":"","theme-transparent-header-meta":"default","adv-header-id-meta":"","stick-header-meta":"default","header-above-stick-meta":"","header-main-stick-meta":"","header-below-stick-meta":"","astra-migrate-meta-layouts":"set","ast-page-background-enabled":"default","ast-page-background-meta":{"desktop":{"background-color":"","background-image":"","background-repeat":"repeat","background-position":"center center","background-size":"auto","background-attachment":"scroll","background-type":"","background-media":"","overlay-type":"","overlay-color":"","overlay-opacity":"","overlay-gradient":""},"tablet":{"background-color":"","background-image":"","background-repeat":"repeat","background-position":"center center","background-size":"auto","background-attachment":"scroll","background-type":"","background-media":"","overlay-type":"","overlay-color":"","overlay-opacity":"","overlay-gradient":""},"mobile":{"background-color":"","background-image":"","background-repeat":"repeat","background-position":"center center","background-size":"auto","background-attachment":"scroll","background-type":"","background-media":"","overlay-type":"","overlay-color":"","overlay-opacity":"","overlay-gradient":""}},"ast-content-background-meta":{"desktop":{"background-color":"var(--ast-global-color-5)","background-image":"","background-repeat":"repeat","background-position":"center center","background-size":"auto","background-attachment":"scroll","background-type":"","background-media":"","overlay-type":"","overlay-color":"","overlay-opacity":"","overlay-gradient":""},"tablet":{"background-color":"var(--ast-global-color-5)","background-image":"","background-repeat":"repeat","background-position":"center center","background-size":"auto","background-attachment":"scroll","background-type":"","background-media":"","overlay-type":"","overlay-color":"","overlay-opacity":"","overlay-gradient":""},"mobile":{"background-color":"var(--ast-global-color-5)","background-image":"","background-repeat":"repeat","background-position":"center center","background-size":"auto","background-attachment":"scroll","background-type":"","background-media":"","overlay-type":"","overlay-color":"","overlay-opacity":"","overlay-gradient":""}}},"product_brand":[],"product_cat":[126,116],"product_tag":[],"class_list":{"0":"post-8002","1":"product","2":"type-product","3":"status-publish","4":"has-post-thumbnail","6":"product_cat-elektros-prekes","7":"product_cat-allen-bradley","8":"desktop-align-left","9":"tablet-align-left","10":"mobile-align-left","11":"ast-product-gallery-layout-horizontal-slider","12":"ast-product-tabs-layout-horizontal","14":"first","15":"onbackorder","16":"taxable","17":"shipping-taxable","18":"purchasable","19":"product-type-simple"},"yoast_head":"<!-- This site is optimized with the Yoast SEO plugin v26.6 - https:\/\/yoast.com\/wordpress\/plugins\/seo\/ -->\n<title>2090-CPBM7DF-10AA12 | PLC Supply spot<\/title>\n<meta name=\"description\" content=\"Allen-Bradley 2090-CPBM7DF-10AA12 \u2013 variklio maitinimo kabelis Kinetix servo pavaroms ir varikliams.\" \/>\n<meta name=\"robots\" content=\"index, follow, max-snippet:-1, max-image-preview:large, max-video-preview:-1\" \/>\n<link rel=\"canonical\" href=\"https:\/\/plcsupplyspot.com\/lt\/automatikos-komponentai\/2090-cpbm7df-10aa12\/\" \/>\n<meta property=\"og:locale\" content=\"lt_LT\" \/>\n<meta property=\"og:type\" content=\"article\" \/>\n<meta property=\"og:title\" content=\"2090-CPBM7DF-10AA12 | PLC Supply spot\" \/>\n<meta property=\"og:description\" content=\"Allen-Bradley 2090-CPBM7DF-10AA12 \u2013 variklio maitinimo kabelis Kinetix servo pavaroms ir varikliams.\" \/>\n<meta property=\"og:url\" content=\"https:\/\/plcsupplyspot.com\/lt\/automatikos-komponentai\/2090-cpbm7df-10aa12\/\" \/>\n<meta property=\"og:site_name\" content=\"PLC Supply spot\" \/>\n<meta property=\"article:publisher\" content=\"https:\/\/www.facebook.com\/profile.php?id=61571705128033\" \/>\n<meta property=\"article:modified_time\" content=\"2025-12-10T10:29:02+00:00\" \/>\n<meta property=\"og:image\" content=\"https:\/\/plcsupplyspot.com\/wp-content\/uploads\/2025\/12\/2090-CPBM7DF-10AA12.png\" \/>\n\t<meta property=\"og:image:width\" content=\"1000\" \/>\n\t<meta property=\"og:image:height\" content=\"1000\" \/>\n\t<meta property=\"og:image:type\" content=\"image\/png\" \/>\n<meta name=\"twitter:card\" content=\"summary_large_image\" \/>\n<meta name=\"twitter:label1\" content=\"Est. reading time\" \/>\n\t<meta name=\"twitter:data1\" content=\"1 minut\u0117\" \/>\n<!-- \/ Yoast SEO plugin. -->","yoast_head_json":{"title":"2090-CPBM7DF-10AA12 | PLC Supply spot","description":"Allen-Bradley 2090-CPBM7DF-10AA12 \u2013 variklio maitinimo kabelis Kinetix servo pavaroms ir varikliams.","robots":{"index":"index","follow":"follow","max-snippet":"max-snippet:-1","max-image-preview":"max-image-preview:large","max-video-preview":"max-video-preview:-1"},"canonical":"https:\/\/plcsupplyspot.com\/lt\/automatikos-komponentai\/2090-cpbm7df-10aa12\/","og_locale":"lt_LT","og_type":"article","og_title":"2090-CPBM7DF-10AA12 | PLC Supply spot","og_description":"Allen-Bradley 2090-CPBM7DF-10AA12 \u2013 variklio maitinimo kabelis Kinetix servo pavaroms ir varikliams.","og_url":"https:\/\/plcsupplyspot.com\/lt\/automatikos-komponentai\/2090-cpbm7df-10aa12\/","og_site_name":"PLC Supply spot","article_publisher":"https:\/\/www.facebook.com\/profile.php?id=61571705128033","article_modified_time":"2025-12-10T10:29:02+00:00","og_image":[{"width":1000,"height":1000,"url":"https:\/\/plcsupplyspot.com\/wp-content\/uploads\/2025\/12\/2090-CPBM7DF-10AA12.png","type":"image\/png"}],"twitter_card":"summary_large_image","twitter_misc":{"Est. reading time":"1 minut\u0117"},"schema":{"@context":"https:\/\/schema.org","@graph":[{"@type":"WebPage","@id":"https:\/\/plcsupplyspot.com\/lt\/automatikos-komponentai\/2090-cpbm7df-10aa12\/","url":"https:\/\/plcsupplyspot.com\/lt\/automatikos-komponentai\/2090-cpbm7df-10aa12\/","name":"2090-CPBM7DF-10AA12 | PLC Supply spot","isPartOf":{"@id":"https:\/\/plcsupplyspot.com\/lt\/#website"},"primaryImageOfPage":{"@id":"https:\/\/plcsupplyspot.com\/lt\/automatikos-komponentai\/2090-cpbm7df-10aa12\/#primaryimage"},"image":{"@id":"https:\/\/plcsupplyspot.com\/lt\/automatikos-komponentai\/2090-cpbm7df-10aa12\/#primaryimage"},"thumbnailUrl":"https:\/\/plcsupplyspot.com\/wp-content\/uploads\/2025\/12\/2090-CPBM7DF-10AA12.png","datePublished":"2025-12-10T10:15:33+00:00","dateModified":"2025-12-10T10:29:02+00:00","description":"Allen-Bradley 2090-CPBM7DF-10AA12 \u2013 variklio maitinimo kabelis Kinetix servo pavaroms ir varikliams.","breadcrumb":{"@id":"https:\/\/plcsupplyspot.com\/lt\/automatikos-komponentai\/2090-cpbm7df-10aa12\/#breadcrumb"},"inLanguage":"lt-LT","potentialAction":[{"@type":"ReadAction","target":["https:\/\/plcsupplyspot.com\/lt\/automatikos-komponentai\/2090-cpbm7df-10aa12\/"]}]},{"@type":"ImageObject","inLanguage":"lt-LT","@id":"https:\/\/plcsupplyspot.com\/lt\/automatikos-komponentai\/2090-cpbm7df-10aa12\/#primaryimage","url":"https:\/\/plcsupplyspot.com\/wp-content\/uploads\/2025\/12\/2090-CPBM7DF-10AA12.png","contentUrl":"https:\/\/plcsupplyspot.com\/wp-content\/uploads\/2025\/12\/2090-CPBM7DF-10AA12.png","width":1000,"height":1000},{"@type":"BreadcrumbList","@id":"https:\/\/plcsupplyspot.com\/lt\/automatikos-komponentai\/2090-cpbm7df-10aa12\/#breadcrumb","itemListElement":[{"@type":"ListItem","position":1,"name":"home","item":"https:\/\/plcsupplyspot.com\/lt\/"},{"@type":"ListItem","position":2,"name":"Automatikos komponentai","item":"https:\/\/plcsupplyspot.com\/lt\/automatikos-komponentai\/"},{"@type":"ListItem","position":3,"name":"2090-CPBM7DF-10AA12"}]},{"@type":"WebSite","@id":"https:\/\/plcsupplyspot.com\/lt\/#website","url":"https:\/\/plcsupplyspot.com\/lt\/","name":"PLC Supply Spot","description":"Innovate. Accelerate. Automate!","publisher":{"@id":"https:\/\/plcsupplyspot.com\/lt\/#organization"},"potentialAction":[{"@type":"SearchAction","target":{"@type":"EntryPoint","urlTemplate":"https:\/\/plcsupplyspot.com\/lt\/?s={search_term_string}"},"query-input":{"@type":"PropertyValueSpecification","valueRequired":true,"valueName":"search_term_string"}}],"inLanguage":"lt-LT"},{"@type":"Organization","@id":"https:\/\/plcsupplyspot.com\/lt\/#organization","name":"PLC Supply Spot","alternateName":"PLC Supply Spot","url":"https:\/\/plcsupplyspot.com\/lt\/","logo":{"@type":"ImageObject","inLanguage":"lt-LT","@id":"https:\/\/plcsupplyspot.com\/lt\/#\/schema\/logo\/image\/","url":"https:\/\/plcsupplyspot.com\/wp-content\/uploads\/2026\/01\/plc-supply-spot-logo-1.png","contentUrl":"https:\/\/plcsupplyspot.com\/wp-content\/uploads\/2026\/01\/plc-supply-spot-logo-1.png","width":720,"height":720,"caption":"PLC Supply Spot"},"image":{"@id":"https:\/\/plcsupplyspot.com\/lt\/#\/schema\/logo\/image\/"},"sameAs":["https:\/\/www.facebook.com\/profile.php?id=61571705128033"]}]}},"_links":{"self":[{"href":"https:\/\/plcsupplyspot.com\/lt\/wp-json\/wp\/v2\/product\/8002","targetHints":{"allow":["GET"]}}],"collection":[{"href":"https:\/\/plcsupplyspot.com\/lt\/wp-json\/wp\/v2\/product"}],"about":[{"href":"https:\/\/plcsupplyspot.com\/lt\/wp-json\/wp\/v2\/types\/product"}],"version-history":[{"count":2,"href":"https:\/\/plcsupplyspot.com\/lt\/wp-json\/wp\/v2\/product\/8002\/revisions"}],"predecessor-version":[{"id":8012,"href":"https:\/\/plcsupplyspot.com\/lt\/wp-json\/wp\/v2\/product\/8002\/revisions\/8012"}],"wp:featuredmedia":[{"embeddable":true,"href":"https:\/\/plcsupplyspot.com\/lt\/wp-json\/wp\/v2\/media\/8007"}],"wp:attachment":[{"href":"https:\/\/plcsupplyspot.com\/lt\/wp-json\/wp\/v2\/media?parent=8002"}],"wp:term":[{"taxonomy":"product_brand","embeddable":true,"href":"https:\/\/plcsupplyspot.com\/lt\/wp-json\/wp\/v2\/product_brand?post=8002"},{"taxonomy":"product_cat","embeddable":true,"href":"https:\/\/plcsupplyspot.com\/lt\/wp-json\/wp\/v2\/product_cat?post=8002"},{"taxonomy":"product_tag","embeddable":true,"href":"https:\/\/plcsupplyspot.com\/lt\/wp-json\/wp\/v2\/product_tag?post=8002"}],"curies":[{"name":"wp","href":"https:\/\/api.w.org\/{rel}","templated":true}]}}