{"id":7743,"date":"2025-12-04T13:16:10","date_gmt":"2025-12-04T13:16:10","guid":{"rendered":"https:\/\/plcsupplyspot.com\/?post_type=product&#038;p=7743"},"modified":"2025-12-04T13:31:43","modified_gmt":"2025-12-04T13:31:43","slug":"dop-b03e211","status":"publish","type":"product","link":"https:\/\/plcsupplyspot.com\/lt\/automatikos-komponentai\/dop-b03e211\/","title":{"rendered":"DOP-B03E211"},"content":{"rendered":"<p data-start=\"2053\" data-end=\"2157\"><strong data-start=\"2078\" data-end=\"2157\">Delta DOP-B03E211 \u2013 4.3\u2033 HMI lie\u010diamasis ekranas pramoninei automatizacijai<\/strong><\/p>\n<p data-start=\"2159\" data-end=\"2501\">Delta DOP-B03E211 yra kompakti\u0161kas 4.3 coli\u0173 HMI ekranas, skirtas pramon\u0117s \u012frengini\u0173 valdymui, proces\u0173 vizualizacijai ir operatoriaus s\u0105sajai. Jis turi ry\u0161k\u0173 TFT ekran\u0105, kelias komunikacijos jungtis ir patvar\u0173 korpus\u0105, tinkant\u012f montuoti valdymo spintose. Ekranas u\u017etikrina stabil\u0173 darb\u0105 ir greit\u0105 reakcij\u0105 \u012fvairiose automatizacijos sistemose.<\/p>\n<p data-start=\"2503\" data-end=\"2804\"><strong data-start=\"2503\" data-end=\"2531\">Pagrindiniai privalumai:<\/strong><br data-start=\"2531\" data-end=\"2534\" \/>\u2022 4.3\u2033 spalvotas TFT ekranas<br data-start=\"2562\" data-end=\"2565\" \/>\u2022 Kompakti\u0161kas dydis ma\u017eoms valdymo spintoms<br data-start=\"2609\" data-end=\"2612\" \/>\u2022 RS-232 \/ RS-422 \/ RS-485, Ethernet, USB jungtys<br data-start=\"2661\" data-end=\"2664\" \/>\u2022 Greitas ir stabilus veikimas<br data-start=\"2694\" data-end=\"2697\" \/>\u2022 IP65 priekin\u0117 apsauga<br data-start=\"2720\" data-end=\"2723\" \/>\u2022 Lengvas nustatymas ir integracija<br data-start=\"2758\" data-end=\"2761\" \/>\u2022 Patikimas ilgalaikiame pramoniniame darbe<\/p>\n<p data-start=\"2806\" data-end=\"2997\"><strong data-start=\"2806\" data-end=\"2825\">Kur naudojamas:<\/strong><br data-start=\"2825\" data-end=\"2828\" \/>\u2022 \u012erengini\u0173 valdymo panel\u0117s<br data-start=\"2855\" data-end=\"2858\" \/>\u2022 Gamybos linij\u0173 vizualizacija<br data-start=\"2888\" data-end=\"2891\" \/>\u2022 Proces\u0173 kontrol\u0117<br data-start=\"2909\" data-end=\"2912\" \/>\u2022 Pakavimo, transportavimo, konvejeri\u0173 sistemos<br data-start=\"2959\" data-end=\"2962\" \/>\u2022 Pramonin\u0117s automatizacijos stotys<\/p>\n<p data-start=\"2999\" data-end=\"3171\"><strong data-start=\"2999\" data-end=\"3018\">Apie gamintoj\u0105:<\/strong><br data-start=\"3018\" data-end=\"3021\" \/>Delta Electronics \u2013 \u017einomas pramonin\u0117s automatikos gamintojas, tiekiantis patikimus HMI, pavaras, valdiklius ir kit\u0105 \u012frang\u0105 \u012fvairioms pramon\u0117s \u0161akoms.<\/p>\n","protected":false},"excerpt":{"rendered":"<p data-start=\"737\" data-end=\"855\">4.3\u2033 Delta HMI ekranas skland\u017eiai vizualizacijai ir patikimam pramon\u0117s \u012frangos valdymui.<\/p>\n<p data-start=\"317\" data-end=\"487\">\n","protected":false},"featured_media":7745,"template":"","meta":{"site-sidebar-layout":"no-sidebar","site-content-layout":"default","ast-site-content-layout":"normal-width-container","site-content-style":"default","site-sidebar-style":"default","ast-global-header-display":"","ast-banner-title-visibility":"","ast-main-header-display":"","ast-hfb-above-header-display":"","ast-hfb-below-header-display":"","ast-hfb-mobile-header-display":"","site-post-title":"","ast-breadcrumbs-content":"","ast-featured-img":"","footer-sml-layout":"","ast-disable-related-posts":"","theme-transparent-header-meta":"default","adv-header-id-meta":"","stick-header-meta":"default","header-above-stick-meta":"","header-main-stick-meta":"","header-below-stick-meta":"","astra-migrate-meta-layouts":"set","ast-page-background-enabled":"default","ast-page-background-meta":{"desktop":{"background-color":"","background-image":"","background-repeat":"repeat","background-position":"center center","background-size":"auto","background-attachment":"scroll","background-type":"","background-media":"","overlay-type":"","overlay-color":"","overlay-opacity":"","overlay-gradient":""},"tablet":{"background-color":"","background-image":"","background-repeat":"repeat","background-position":"center center","background-size":"auto","background-attachment":"scroll","background-type":"","background-media":"","overlay-type":"","overlay-color":"","overlay-opacity":"","overlay-gradient":""},"mobile":{"background-color":"","background-image":"","background-repeat":"repeat","background-position":"center center","background-size":"auto","background-attachment":"scroll","background-type":"","background-media":"","overlay-type":"","overlay-color":"","overlay-opacity":"","overlay-gradient":""}},"ast-content-background-meta":{"desktop":{"background-color":"var(--ast-global-color-5)","background-image":"","background-repeat":"repeat","background-position":"center center","background-size":"auto","background-attachment":"scroll","background-type":"","background-media":"","overlay-type":"","overlay-color":"","overlay-opacity":"","overlay-gradient":""},"tablet":{"background-color":"var(--ast-global-color-5)","background-image":"","background-repeat":"repeat","background-position":"center center","background-size":"auto","background-attachment":"scroll","background-type":"","background-media":"","overlay-type":"","overlay-color":"","overlay-opacity":"","overlay-gradient":""},"mobile":{"background-color":"var(--ast-global-color-5)","background-image":"","background-repeat":"repeat","background-position":"center center","background-size":"auto","background-attachment":"scroll","background-type":"","background-media":"","overlay-type":"","overlay-color":"","overlay-opacity":"","overlay-gradient":""}}},"product_brand":[],"product_cat":[123,125],"product_tag":[],"class_list":{"0":"post-7743","1":"product","2":"type-product","3":"status-publish","4":"has-post-thumbnail","6":"product_cat-kiti-prekes-zenklai","7":"product_cat-valdymo-ekranai-hmi","8":"desktop-align-left","9":"tablet-align-left","10":"mobile-align-left","11":"ast-product-gallery-layout-horizontal-slider","12":"ast-product-tabs-layout-horizontal","14":"first","15":"onbackorder","16":"taxable","17":"shipping-taxable","18":"purchasable","19":"product-type-simple"},"yoast_head":"<!-- This site is optimized with the Yoast SEO plugin v26.6 - https:\/\/yoast.com\/wordpress\/plugins\/seo\/ -->\n<title>DOP-B03E211 | PLC Supply spot<\/title>\n<meta name=\"description\" content=\"Delta DOP-B03E211 \u2013 4.3\u2033 pramoninis HMI ekranas \u012frangos valdymui ir vizualizacijai.\" \/>\n<meta name=\"robots\" content=\"index, follow, max-snippet:-1, max-image-preview:large, max-video-preview:-1\" \/>\n<link rel=\"canonical\" href=\"https:\/\/plcsupplyspot.com\/lt\/automatikos-komponentai\/dop-b03e211\/\" \/>\n<meta property=\"og:locale\" content=\"lt_LT\" \/>\n<meta property=\"og:type\" content=\"article\" \/>\n<meta property=\"og:title\" content=\"DOP-B03E211 | PLC Supply spot\" \/>\n<meta property=\"og:description\" content=\"Delta DOP-B03E211 \u2013 4.3\u2033 pramoninis HMI ekranas \u012frangos valdymui ir vizualizacijai.\" \/>\n<meta property=\"og:url\" content=\"https:\/\/plcsupplyspot.com\/lt\/automatikos-komponentai\/dop-b03e211\/\" \/>\n<meta property=\"og:site_name\" content=\"PLC Supply spot\" \/>\n<meta property=\"article:publisher\" content=\"https:\/\/www.facebook.com\/profile.php?id=61571705128033\" \/>\n<meta property=\"article:modified_time\" content=\"2025-12-04T13:31:43+00:00\" \/>\n<meta property=\"og:image\" content=\"https:\/\/plcsupplyspot.com\/wp-content\/uploads\/2025\/12\/dop-b03e211-500x500-1.webp\" \/>\n\t<meta property=\"og:image:width\" content=\"500\" \/>\n\t<meta property=\"og:image:height\" content=\"500\" \/>\n\t<meta property=\"og:image:type\" content=\"image\/webp\" \/>\n<meta name=\"twitter:card\" content=\"summary_large_image\" \/>\n<meta name=\"twitter:label1\" content=\"Est. reading time\" \/>\n\t<meta name=\"twitter:data1\" content=\"1 minut\u0117\" \/>\n<!-- \/ Yoast SEO plugin. -->","yoast_head_json":{"title":"DOP-B03E211 | PLC Supply spot","description":"Delta DOP-B03E211 \u2013 4.3\u2033 pramoninis HMI ekranas \u012frangos valdymui ir vizualizacijai.","robots":{"index":"index","follow":"follow","max-snippet":"max-snippet:-1","max-image-preview":"max-image-preview:large","max-video-preview":"max-video-preview:-1"},"canonical":"https:\/\/plcsupplyspot.com\/lt\/automatikos-komponentai\/dop-b03e211\/","og_locale":"lt_LT","og_type":"article","og_title":"DOP-B03E211 | PLC Supply spot","og_description":"Delta DOP-B03E211 \u2013 4.3\u2033 pramoninis HMI ekranas \u012frangos valdymui ir vizualizacijai.","og_url":"https:\/\/plcsupplyspot.com\/lt\/automatikos-komponentai\/dop-b03e211\/","og_site_name":"PLC Supply spot","article_publisher":"https:\/\/www.facebook.com\/profile.php?id=61571705128033","article_modified_time":"2025-12-04T13:31:43+00:00","og_image":[{"width":500,"height":500,"url":"https:\/\/plcsupplyspot.com\/wp-content\/uploads\/2025\/12\/dop-b03e211-500x500-1.webp","type":"image\/webp"}],"twitter_card":"summary_large_image","twitter_misc":{"Est. reading time":"1 minut\u0117"},"schema":{"@context":"https:\/\/schema.org","@graph":[{"@type":"WebPage","@id":"https:\/\/plcsupplyspot.com\/lt\/automatikos-komponentai\/dop-b03e211\/","url":"https:\/\/plcsupplyspot.com\/lt\/automatikos-komponentai\/dop-b03e211\/","name":"DOP-B03E211 | PLC Supply spot","isPartOf":{"@id":"https:\/\/plcsupplyspot.com\/lt\/#website"},"primaryImageOfPage":{"@id":"https:\/\/plcsupplyspot.com\/lt\/automatikos-komponentai\/dop-b03e211\/#primaryimage"},"image":{"@id":"https:\/\/plcsupplyspot.com\/lt\/automatikos-komponentai\/dop-b03e211\/#primaryimage"},"thumbnailUrl":"https:\/\/plcsupplyspot.com\/wp-content\/uploads\/2025\/12\/dop-b03e211-500x500-1.webp","datePublished":"2025-12-04T13:16:10+00:00","dateModified":"2025-12-04T13:31:43+00:00","description":"Delta DOP-B03E211 \u2013 4.3\u2033 pramoninis HMI ekranas \u012frangos valdymui ir vizualizacijai.","breadcrumb":{"@id":"https:\/\/plcsupplyspot.com\/lt\/automatikos-komponentai\/dop-b03e211\/#breadcrumb"},"inLanguage":"lt-LT","potentialAction":[{"@type":"ReadAction","target":["https:\/\/plcsupplyspot.com\/lt\/automatikos-komponentai\/dop-b03e211\/"]}]},{"@type":"ImageObject","inLanguage":"lt-LT","@id":"https:\/\/plcsupplyspot.com\/lt\/automatikos-komponentai\/dop-b03e211\/#primaryimage","url":"https:\/\/plcsupplyspot.com\/wp-content\/uploads\/2025\/12\/dop-b03e211-500x500-1.webp","contentUrl":"https:\/\/plcsupplyspot.com\/wp-content\/uploads\/2025\/12\/dop-b03e211-500x500-1.webp","width":500,"height":500,"caption":"The Delta DOP-B03E211 4.3-inch HMI touch panel from the front"},{"@type":"BreadcrumbList","@id":"https:\/\/plcsupplyspot.com\/lt\/automatikos-komponentai\/dop-b03e211\/#breadcrumb","itemListElement":[{"@type":"ListItem","position":1,"name":"home","item":"https:\/\/plcsupplyspot.com\/lt\/"},{"@type":"ListItem","position":2,"name":"Automatikos komponentai","item":"https:\/\/plcsupplyspot.com\/lt\/automatikos-komponentai\/"},{"@type":"ListItem","position":3,"name":"DOP-B03E211"}]},{"@type":"WebSite","@id":"https:\/\/plcsupplyspot.com\/lt\/#website","url":"https:\/\/plcsupplyspot.com\/lt\/","name":"PLC Supply Spot","description":"Innovate. Accelerate. Automate!","publisher":{"@id":"https:\/\/plcsupplyspot.com\/lt\/#organization"},"potentialAction":[{"@type":"SearchAction","target":{"@type":"EntryPoint","urlTemplate":"https:\/\/plcsupplyspot.com\/lt\/?s={search_term_string}"},"query-input":{"@type":"PropertyValueSpecification","valueRequired":true,"valueName":"search_term_string"}}],"inLanguage":"lt-LT"},{"@type":"Organization","@id":"https:\/\/plcsupplyspot.com\/lt\/#organization","name":"PLC Supply Spot","alternateName":"PLC Supply Spot","url":"https:\/\/plcsupplyspot.com\/lt\/","logo":{"@type":"ImageObject","inLanguage":"lt-LT","@id":"https:\/\/plcsupplyspot.com\/lt\/#\/schema\/logo\/image\/","url":"https:\/\/plcsupplyspot.com\/wp-content\/uploads\/2026\/01\/plc-supply-spot-logo-1.png","contentUrl":"https:\/\/plcsupplyspot.com\/wp-content\/uploads\/2026\/01\/plc-supply-spot-logo-1.png","width":720,"height":720,"caption":"PLC Supply Spot"},"image":{"@id":"https:\/\/plcsupplyspot.com\/lt\/#\/schema\/logo\/image\/"},"sameAs":["https:\/\/www.facebook.com\/profile.php?id=61571705128033"]}]}},"_links":{"self":[{"href":"https:\/\/plcsupplyspot.com\/lt\/wp-json\/wp\/v2\/product\/7743","targetHints":{"allow":["GET"]}}],"collection":[{"href":"https:\/\/plcsupplyspot.com\/lt\/wp-json\/wp\/v2\/product"}],"about":[{"href":"https:\/\/plcsupplyspot.com\/lt\/wp-json\/wp\/v2\/types\/product"}],"version-history":[{"count":3,"href":"https:\/\/plcsupplyspot.com\/lt\/wp-json\/wp\/v2\/product\/7743\/revisions"}],"predecessor-version":[{"id":7751,"href":"https:\/\/plcsupplyspot.com\/lt\/wp-json\/wp\/v2\/product\/7743\/revisions\/7751"}],"wp:featuredmedia":[{"embeddable":true,"href":"https:\/\/plcsupplyspot.com\/lt\/wp-json\/wp\/v2\/media\/7745"}],"wp:attachment":[{"href":"https:\/\/plcsupplyspot.com\/lt\/wp-json\/wp\/v2\/media?parent=7743"}],"wp:term":[{"taxonomy":"product_brand","embeddable":true,"href":"https:\/\/plcsupplyspot.com\/lt\/wp-json\/wp\/v2\/product_brand?post=7743"},{"taxonomy":"product_cat","embeddable":true,"href":"https:\/\/plcsupplyspot.com\/lt\/wp-json\/wp\/v2\/product_cat?post=7743"},{"taxonomy":"product_tag","embeddable":true,"href":"https:\/\/plcsupplyspot.com\/lt\/wp-json\/wp\/v2\/product_tag?post=7743"}],"curies":[{"name":"wp","href":"https:\/\/api.w.org\/{rel}","templated":true}]}}