{"id":7709,"date":"2025-12-04T11:05:59","date_gmt":"2025-12-04T11:05:59","guid":{"rendered":"https:\/\/plcsupplyspot.com\/?post_type=product&#038;p=7709"},"modified":"2025-12-04T11:16:28","modified_gmt":"2025-12-04T11:16:28","slug":"3g3mx2-ab015-ev2","status":"publish","type":"product","link":"https:\/\/plcsupplyspot.com\/lt\/automatikos-komponentai\/3g3mx2-ab015-ev2\/","title":{"rendered":"3G3MX2-AB015-EV2"},"content":{"rendered":"<p data-start=\"1849\" data-end=\"1949\"><strong data-start=\"1874\" data-end=\"1949\">Omron 3G3MX2-AB015-EV2 \u2013 da\u017enio keitiklis pramoniniam varikli\u0173 valdymui<\/strong><\/p>\n<p data-start=\"1951\" data-end=\"2287\">Omron 3G3MX2-AB015-EV2 yra 1.5 kW MX2 serijos da\u017enio keitiklis, skirtas tiksliam ir stabiliam AC varikli\u0173 grei\u010dio valdymui. Jis palaiko vektorin\u012f valdym\u0105, turi integruotas saugos funkcijas ir si\u016blo lankst\u0173 \u012f\u0117jim\u0173\/i\u0161\u0117jim\u0173 pasirinkim\u0105. Keitiklis pasi\u017eymi patikimu veikimu ir lengva integracija \u012f \u012fvairias pramon\u0117s automatizavimo sistemas.<\/p>\n<p data-start=\"2289\" data-end=\"2528\"><strong data-start=\"2289\" data-end=\"2317\">Pagrindiniai privalumai:<\/strong><br data-start=\"2317\" data-end=\"2320\" \/>\u2022 1.5 kW galia<br data-start=\"2334\" data-end=\"2337\" \/>\u2022 Vektoriaus valdymo technologija<br data-start=\"2370\" data-end=\"2373\" \/>\u2022 Sklandus paleidimas ir stabdymas<br data-start=\"2407\" data-end=\"2410\" \/>\u2022 Integruota STO saugos funkcija<br data-start=\"2442\" data-end=\"2445\" \/>\u2022 Lankst\u016bs I\/O<br data-start=\"2459\" data-end=\"2462\" \/>\u2022 Stabilus darbas pramon\u0117je<br data-start=\"2489\" data-end=\"2492\" \/>\u2022 Paprastas nustatymas ir paleidimas<\/p>\n<p data-start=\"2530\" data-end=\"2693\"><strong data-start=\"2530\" data-end=\"2549\">Kur naudojamas:<\/strong><br data-start=\"2549\" data-end=\"2552\" \/>\u2022 Konvejeriai<br data-start=\"2565\" data-end=\"2568\" \/>\u2022 Siurbliai ir ventiliatoriai<br data-start=\"2597\" data-end=\"2600\" \/>\u2022 Pakavimo \u012franga<br data-start=\"2617\" data-end=\"2620\" \/>\u2022 Med\u017eiag\u0173 transportavimo sistemos<br data-start=\"2654\" data-end=\"2657\" \/>\u2022 Bendros automatizacijos sprendimai<\/p>\n<p data-start=\"2695\" data-end=\"2849\"><strong data-start=\"2695\" data-end=\"2714\">Apie gamintoj\u0105:<\/strong><br data-start=\"2714\" data-end=\"2717\" \/>Omron \u2013 pasaulin\u0117 automatikos \u012frangos lyder\u0117, gaminanti patikimus da\u017enio keitiklius, valdymo \u012frang\u0105, jutiklius ir saugos sprendimus.<\/p>\n","protected":false},"excerpt":{"rendered":"<p data-start=\"666\" data-end=\"783\">1.5 kW Omron MX2 da\u017enio keitiklis, skirtas skland\u017eiam ir tiksliam AC varikli\u0173 valdymui.<\/p>\n<p data-start=\"317\" data-end=\"487\">\n","protected":false},"featured_media":7711,"template":"","meta":{"site-sidebar-layout":"no-sidebar","site-content-layout":"default","ast-site-content-layout":"normal-width-container","site-content-style":"default","site-sidebar-style":"default","ast-global-header-display":"","ast-banner-title-visibility":"","ast-main-header-display":"","ast-hfb-above-header-display":"","ast-hfb-below-header-display":"","ast-hfb-mobile-header-display":"","site-post-title":"","ast-breadcrumbs-content":"","ast-featured-img":"","footer-sml-layout":"","ast-disable-related-posts":"","theme-transparent-header-meta":"default","adv-header-id-meta":"","stick-header-meta":"default","header-above-stick-meta":"","header-main-stick-meta":"","header-below-stick-meta":"","astra-migrate-meta-layouts":"set","ast-page-background-enabled":"default","ast-page-background-meta":{"desktop":{"background-color":"","background-image":"","background-repeat":"repeat","background-position":"center center","background-size":"auto","background-attachment":"scroll","background-type":"","background-media":"","overlay-type":"","overlay-color":"","overlay-opacity":"","overlay-gradient":""},"tablet":{"background-color":"","background-image":"","background-repeat":"repeat","background-position":"center center","background-size":"auto","background-attachment":"scroll","background-type":"","background-media":"","overlay-type":"","overlay-color":"","overlay-opacity":"","overlay-gradient":""},"mobile":{"background-color":"","background-image":"","background-repeat":"repeat","background-position":"center center","background-size":"auto","background-attachment":"scroll","background-type":"","background-media":"","overlay-type":"","overlay-color":"","overlay-opacity":"","overlay-gradient":""}},"ast-content-background-meta":{"desktop":{"background-color":"var(--ast-global-color-5)","background-image":"","background-repeat":"repeat","background-position":"center center","background-size":"auto","background-attachment":"scroll","background-type":"","background-media":"","overlay-type":"","overlay-color":"","overlay-opacity":"","overlay-gradient":""},"tablet":{"background-color":"var(--ast-global-color-5)","background-image":"","background-repeat":"repeat","background-position":"center center","background-size":"auto","background-attachment":"scroll","background-type":"","background-media":"","overlay-type":"","overlay-color":"","overlay-opacity":"","overlay-gradient":""},"mobile":{"background-color":"var(--ast-global-color-5)","background-image":"","background-repeat":"repeat","background-position":"center center","background-size":"auto","background-attachment":"scroll","background-type":"","background-media":"","overlay-type":"","overlay-color":"","overlay-opacity":"","overlay-gradient":""}}},"product_brand":[],"product_cat":[122,120],"product_tag":[],"class_list":{"0":"post-7709","1":"product","2":"type-product","3":"status-publish","4":"has-post-thumbnail","6":"product_cat-daznio-keitikliai","7":"product_cat-omron","8":"desktop-align-left","9":"tablet-align-left","10":"mobile-align-left","11":"ast-product-gallery-layout-horizontal-slider","12":"ast-product-tabs-layout-horizontal","14":"first","15":"onbackorder","16":"taxable","17":"shipping-taxable","18":"purchasable","19":"product-type-simple"},"yoast_head":"<!-- This site is optimized with the Yoast SEO plugin v26.6 - https:\/\/yoast.com\/wordpress\/plugins\/seo\/ -->\n<title>3G3MX2-AB015-EV2 | PLC Supply spot<\/title>\n<meta name=\"description\" content=\"Omron 3G3MX2-AB015-EV2 \u2013 1.5 kW MX2 serijos da\u017enio keitiklis pramoniniam varikli\u0173 valdymui.\" \/>\n<meta name=\"robots\" content=\"index, follow, max-snippet:-1, max-image-preview:large, max-video-preview:-1\" \/>\n<link rel=\"canonical\" href=\"https:\/\/plcsupplyspot.com\/lt\/automatikos-komponentai\/3g3mx2-ab015-ev2\/\" \/>\n<meta property=\"og:locale\" content=\"lt_LT\" \/>\n<meta property=\"og:type\" content=\"article\" \/>\n<meta property=\"og:title\" content=\"3G3MX2-AB015-EV2 | PLC Supply spot\" \/>\n<meta property=\"og:description\" content=\"Omron 3G3MX2-AB015-EV2 \u2013 1.5 kW MX2 serijos da\u017enio keitiklis pramoniniam varikli\u0173 valdymui.\" \/>\n<meta property=\"og:url\" content=\"https:\/\/plcsupplyspot.com\/lt\/automatikos-komponentai\/3g3mx2-ab015-ev2\/\" \/>\n<meta property=\"og:site_name\" content=\"PLC Supply spot\" \/>\n<meta property=\"article:publisher\" content=\"https:\/\/www.facebook.com\/profile.php?id=61571705128033\" \/>\n<meta property=\"article:modified_time\" content=\"2025-12-04T11:16:28+00:00\" \/>\n<meta property=\"og:image\" content=\"https:\/\/plcsupplyspot.com\/wp-content\/uploads\/2025\/12\/3G3MX2-A4030-V2.jpg\" \/>\n\t<meta property=\"og:image:width\" content=\"1003\" \/>\n\t<meta property=\"og:image:height\" content=\"1003\" \/>\n\t<meta property=\"og:image:type\" content=\"image\/jpeg\" \/>\n<meta name=\"twitter:card\" content=\"summary_large_image\" \/>\n<meta name=\"twitter:label1\" content=\"Est. reading time\" \/>\n\t<meta name=\"twitter:data1\" content=\"1 minut\u0117\" \/>\n<!-- \/ Yoast SEO plugin. -->","yoast_head_json":{"title":"3G3MX2-AB015-EV2 | PLC Supply spot","description":"Omron 3G3MX2-AB015-EV2 \u2013 1.5 kW MX2 serijos da\u017enio keitiklis pramoniniam varikli\u0173 valdymui.","robots":{"index":"index","follow":"follow","max-snippet":"max-snippet:-1","max-image-preview":"max-image-preview:large","max-video-preview":"max-video-preview:-1"},"canonical":"https:\/\/plcsupplyspot.com\/lt\/automatikos-komponentai\/3g3mx2-ab015-ev2\/","og_locale":"lt_LT","og_type":"article","og_title":"3G3MX2-AB015-EV2 | PLC Supply spot","og_description":"Omron 3G3MX2-AB015-EV2 \u2013 1.5 kW MX2 serijos da\u017enio keitiklis pramoniniam varikli\u0173 valdymui.","og_url":"https:\/\/plcsupplyspot.com\/lt\/automatikos-komponentai\/3g3mx2-ab015-ev2\/","og_site_name":"PLC Supply spot","article_publisher":"https:\/\/www.facebook.com\/profile.php?id=61571705128033","article_modified_time":"2025-12-04T11:16:28+00:00","og_image":[{"width":1003,"height":1003,"url":"https:\/\/plcsupplyspot.com\/wp-content\/uploads\/2025\/12\/3G3MX2-A4030-V2.jpg","type":"image\/jpeg"}],"twitter_card":"summary_large_image","twitter_misc":{"Est. reading time":"1 minut\u0117"},"schema":{"@context":"https:\/\/schema.org","@graph":[{"@type":"WebPage","@id":"https:\/\/plcsupplyspot.com\/lt\/automatikos-komponentai\/3g3mx2-ab015-ev2\/","url":"https:\/\/plcsupplyspot.com\/lt\/automatikos-komponentai\/3g3mx2-ab015-ev2\/","name":"3G3MX2-AB015-EV2 | PLC Supply spot","isPartOf":{"@id":"https:\/\/plcsupplyspot.com\/lt\/#website"},"primaryImageOfPage":{"@id":"https:\/\/plcsupplyspot.com\/lt\/automatikos-komponentai\/3g3mx2-ab015-ev2\/#primaryimage"},"image":{"@id":"https:\/\/plcsupplyspot.com\/lt\/automatikos-komponentai\/3g3mx2-ab015-ev2\/#primaryimage"},"thumbnailUrl":"https:\/\/plcsupplyspot.com\/wp-content\/uploads\/2025\/12\/3G3MX2-A4030-V2.jpg","datePublished":"2025-12-04T11:05:59+00:00","dateModified":"2025-12-04T11:16:28+00:00","description":"Omron 3G3MX2-AB015-EV2 \u2013 1.5 kW MX2 serijos da\u017enio keitiklis pramoniniam varikli\u0173 valdymui.","breadcrumb":{"@id":"https:\/\/plcsupplyspot.com\/lt\/automatikos-komponentai\/3g3mx2-ab015-ev2\/#breadcrumb"},"inLanguage":"lt-LT","potentialAction":[{"@type":"ReadAction","target":["https:\/\/plcsupplyspot.com\/lt\/automatikos-komponentai\/3g3mx2-ab015-ev2\/"]}]},{"@type":"ImageObject","inLanguage":"lt-LT","@id":"https:\/\/plcsupplyspot.com\/lt\/automatikos-komponentai\/3g3mx2-ab015-ev2\/#primaryimage","url":"https:\/\/plcsupplyspot.com\/wp-content\/uploads\/2025\/12\/3G3MX2-A4030-V2.jpg","contentUrl":"https:\/\/plcsupplyspot.com\/wp-content\/uploads\/2025\/12\/3G3MX2-A4030-V2.jpg","width":1003,"height":1003,"caption":"Front side view of the Omron 3G3MX2-AB015-EV2 1.5 kW frequency inverter"},{"@type":"BreadcrumbList","@id":"https:\/\/plcsupplyspot.com\/lt\/automatikos-komponentai\/3g3mx2-ab015-ev2\/#breadcrumb","itemListElement":[{"@type":"ListItem","position":1,"name":"home","item":"https:\/\/plcsupplyspot.com\/lt\/"},{"@type":"ListItem","position":2,"name":"Automatikos komponentai","item":"https:\/\/plcsupplyspot.com\/lt\/automatikos-komponentai\/"},{"@type":"ListItem","position":3,"name":"3G3MX2-AB015-EV2"}]},{"@type":"WebSite","@id":"https:\/\/plcsupplyspot.com\/lt\/#website","url":"https:\/\/plcsupplyspot.com\/lt\/","name":"PLC Supply Spot","description":"Innovate. Accelerate. Automate!","publisher":{"@id":"https:\/\/plcsupplyspot.com\/lt\/#organization"},"potentialAction":[{"@type":"SearchAction","target":{"@type":"EntryPoint","urlTemplate":"https:\/\/plcsupplyspot.com\/lt\/?s={search_term_string}"},"query-input":{"@type":"PropertyValueSpecification","valueRequired":true,"valueName":"search_term_string"}}],"inLanguage":"lt-LT"},{"@type":"Organization","@id":"https:\/\/plcsupplyspot.com\/lt\/#organization","name":"PLC Supply Spot","alternateName":"PLC Supply Spot","url":"https:\/\/plcsupplyspot.com\/lt\/","logo":{"@type":"ImageObject","inLanguage":"lt-LT","@id":"https:\/\/plcsupplyspot.com\/lt\/#\/schema\/logo\/image\/","url":"https:\/\/plcsupplyspot.com\/wp-content\/uploads\/2026\/01\/plc-supply-spot-logo-1.png","contentUrl":"https:\/\/plcsupplyspot.com\/wp-content\/uploads\/2026\/01\/plc-supply-spot-logo-1.png","width":720,"height":720,"caption":"PLC Supply Spot"},"image":{"@id":"https:\/\/plcsupplyspot.com\/lt\/#\/schema\/logo\/image\/"},"sameAs":["https:\/\/www.facebook.com\/profile.php?id=61571705128033"]}]}},"_links":{"self":[{"href":"https:\/\/plcsupplyspot.com\/lt\/wp-json\/wp\/v2\/product\/7709","targetHints":{"allow":["GET"]}}],"collection":[{"href":"https:\/\/plcsupplyspot.com\/lt\/wp-json\/wp\/v2\/product"}],"about":[{"href":"https:\/\/plcsupplyspot.com\/lt\/wp-json\/wp\/v2\/types\/product"}],"version-history":[{"count":3,"href":"https:\/\/plcsupplyspot.com\/lt\/wp-json\/wp\/v2\/product\/7709\/revisions"}],"predecessor-version":[{"id":7717,"href":"https:\/\/plcsupplyspot.com\/lt\/wp-json\/wp\/v2\/product\/7709\/revisions\/7717"}],"wp:featuredmedia":[{"embeddable":true,"href":"https:\/\/plcsupplyspot.com\/lt\/wp-json\/wp\/v2\/media\/7711"}],"wp:attachment":[{"href":"https:\/\/plcsupplyspot.com\/lt\/wp-json\/wp\/v2\/media?parent=7709"}],"wp:term":[{"taxonomy":"product_brand","embeddable":true,"href":"https:\/\/plcsupplyspot.com\/lt\/wp-json\/wp\/v2\/product_brand?post=7709"},{"taxonomy":"product_cat","embeddable":true,"href":"https:\/\/plcsupplyspot.com\/lt\/wp-json\/wp\/v2\/product_cat?post=7709"},{"taxonomy":"product_tag","embeddable":true,"href":"https:\/\/plcsupplyspot.com\/lt\/wp-json\/wp\/v2\/product_tag?post=7709"}],"curies":[{"name":"wp","href":"https:\/\/api.w.org\/{rel}","templated":true}]}}