{"id":7699,"date":"2025-12-04T10:52:01","date_gmt":"2025-12-04T10:52:01","guid":{"rendered":"https:\/\/plcsupplyspot.com\/?post_type=product&#038;p=7699"},"modified":"2025-12-04T11:05:33","modified_gmt":"2025-12-04T11:05:33","slug":"6es7351-1ah02-0ae0","status":"publish","type":"product","link":"https:\/\/plcsupplyspot.com\/lt\/automatikos-komponentai\/6es7351-1ah02-0ae0\/","title":{"rendered":"6ES7351-1AH02-0AE0"},"content":{"rendered":"<p data-start=\"1931\" data-end=\"2033\"><strong data-start=\"1956\" data-end=\"2033\">Siemens 6ES7351-1AH02-0AE0 \u2013 analogini\u0173 \u012f\u0117jim\u0173 modulis S7-300 valdikliams<\/strong><\/p>\n<p data-start=\"2035\" data-end=\"2364\">Siemens 6ES7351-1AH02-0AE0 yra 8 kanal\u0173 analoginis \u012f\u0117jimo modulis, skirtas S7-300 valdymo sistemoms. Modulis palaiko \u012ftampos ir srov\u0117s signal\u0173 nuskaitym\u0105, u\u017etikrina tiksl\u0173 matavim\u0105 ir patikim\u0105 veikim\u0105 pramonin\u0117se s\u0105lygose. D\u0117l savo stabilumo ir suderinamumo tai da\u017enai naudojamas sprendimas \u012fvairiuose automatizavimo projektuose.<\/p>\n<p data-start=\"2366\" data-end=\"2611\"><strong data-start=\"2366\" data-end=\"2394\">Pagrindiniai privalumai:<\/strong><br data-start=\"2394\" data-end=\"2397\" \/>\u2022 8 analoginiai \u012f\u0117jimai<br data-start=\"2420\" data-end=\"2423\" \/>\u2022 \u012etampos ir srov\u0117s signal\u0173 palaikymas<br data-start=\"2461\" data-end=\"2464\" \/>\u2022 Auk\u0161tas matavimo tikslumas<br data-start=\"2492\" data-end=\"2495\" \/>\u2022 Patikimas veikimas pramon\u0117je<br data-start=\"2525\" data-end=\"2528\" \/>\u2022 Lengva integracija su S7-300 valdikliais<br data-start=\"2570\" data-end=\"2573\" \/>\u2022 Tinka proces\u0173 ir \u012frengini\u0173 kontrolei<\/p>\n<p data-start=\"2613\" data-end=\"2818\"><strong data-start=\"2613\" data-end=\"2632\">Kur naudojamas:<\/strong><br data-start=\"2632\" data-end=\"2635\" \/>\u2022 Sl\u0117gio, lygio, srauto, temperat\u016bros matavimui<br data-start=\"2682\" data-end=\"2685\" \/>\u2022 Gamybos proces\u0173 valdymui<br data-start=\"2711\" data-end=\"2714\" \/>\u2022 Pramonin\u0117se matavimo sistemose<br data-start=\"2746\" data-end=\"2749\" \/>\u2022 Stakli\u0173 ir \u012frengini\u0173 automatizavime<br data-start=\"2786\" data-end=\"2789\" \/>\u2022 Gamybos linij\u0173 monitoringui<\/p>\n<p data-start=\"2820\" data-end=\"3000\"><strong data-start=\"2820\" data-end=\"2839\">Apie gamintoj\u0105:<\/strong><br data-start=\"2839\" data-end=\"2842\" \/>Siemens \u2013 vienas \u017einomiausi\u0173 pramonin\u0117s automatikos technologij\u0173 gamintoj\u0173, gars\u0117jantis patikimais valdikliais, I\/O moduliais ir kitais pramon\u0117s komponentais.<\/p>\n","protected":false},"excerpt":{"rendered":"<p data-start=\"667\" data-end=\"786\">8 kanal\u0173 Siemens analogini\u0173 \u012f\u0117jim\u0173 modulis tiksliam signal\u0173 nuskaitymui S7-300 sistemose.<\/p>\n<p data-start=\"317\" data-end=\"487\">\n","protected":false},"featured_media":7701,"template":"","meta":{"site-sidebar-layout":"no-sidebar","site-content-layout":"default","ast-site-content-layout":"normal-width-container","site-content-style":"default","site-sidebar-style":"default","ast-global-header-display":"","ast-banner-title-visibility":"","ast-main-header-display":"","ast-hfb-above-header-display":"","ast-hfb-below-header-display":"","ast-hfb-mobile-header-display":"","site-post-title":"","ast-breadcrumbs-content":"","ast-featured-img":"","footer-sml-layout":"","ast-disable-related-posts":"","theme-transparent-header-meta":"default","adv-header-id-meta":"","stick-header-meta":"default","header-above-stick-meta":"","header-main-stick-meta":"","header-below-stick-meta":"","astra-migrate-meta-layouts":"set","ast-page-background-enabled":"default","ast-page-background-meta":{"desktop":{"background-color":"","background-image":"","background-repeat":"repeat","background-position":"center center","background-size":"auto","background-attachment":"scroll","background-type":"","background-media":"","overlay-type":"","overlay-color":"","overlay-opacity":"","overlay-gradient":""},"tablet":{"background-color":"","background-image":"","background-repeat":"repeat","background-position":"center center","background-size":"auto","background-attachment":"scroll","background-type":"","background-media":"","overlay-type":"","overlay-color":"","overlay-opacity":"","overlay-gradient":""},"mobile":{"background-color":"","background-image":"","background-repeat":"repeat","background-position":"center center","background-size":"auto","background-attachment":"scroll","background-type":"","background-media":"","overlay-type":"","overlay-color":"","overlay-opacity":"","overlay-gradient":""}},"ast-content-background-meta":{"desktop":{"background-color":"var(--ast-global-color-5)","background-image":"","background-repeat":"repeat","background-position":"center center","background-size":"auto","background-attachment":"scroll","background-type":"","background-media":"","overlay-type":"","overlay-color":"","overlay-opacity":"","overlay-gradient":""},"tablet":{"background-color":"var(--ast-global-color-5)","background-image":"","background-repeat":"repeat","background-position":"center center","background-size":"auto","background-attachment":"scroll","background-type":"","background-media":"","overlay-type":"","overlay-color":"","overlay-opacity":"","overlay-gradient":""},"mobile":{"background-color":"var(--ast-global-color-5)","background-image":"","background-repeat":"repeat","background-position":"center center","background-size":"auto","background-attachment":"scroll","background-type":"","background-media":"","overlay-type":"","overlay-color":"","overlay-opacity":"","overlay-gradient":""}}},"product_brand":[],"product_cat":[121,117],"product_tag":[],"class_list":{"0":"post-7699","1":"product","2":"type-product","3":"status-publish","4":"has-post-thumbnail","6":"product_cat-siemens","7":"product_cat-valdikliai","8":"desktop-align-left","9":"tablet-align-left","10":"mobile-align-left","11":"ast-product-gallery-layout-horizontal-slider","12":"ast-product-tabs-layout-horizontal","14":"first","15":"onbackorder","16":"taxable","17":"shipping-taxable","18":"purchasable","19":"product-type-simple"},"yoast_head":"<!-- This site is optimized with the Yoast SEO plugin v26.6 - https:\/\/yoast.com\/wordpress\/plugins\/seo\/ -->\n<title>6ES7351-1AH02-0AE0 | PLC Supply spot<\/title>\n<meta name=\"description\" content=\"Siemens 6ES7351-1AH02-0AE0 \u2013 8 kanal\u0173 analogini\u0173 signal\u0173 \u012f\u0117jimo modulis S7-300 valdikliams.\" \/>\n<meta name=\"robots\" content=\"index, follow, max-snippet:-1, max-image-preview:large, max-video-preview:-1\" \/>\n<link rel=\"canonical\" href=\"https:\/\/plcsupplyspot.com\/lt\/automatikos-komponentai\/6es7351-1ah02-0ae0\/\" \/>\n<meta property=\"og:locale\" content=\"lt_LT\" \/>\n<meta property=\"og:type\" content=\"article\" \/>\n<meta property=\"og:title\" content=\"6ES7351-1AH02-0AE0 | PLC Supply spot\" \/>\n<meta property=\"og:description\" content=\"Siemens 6ES7351-1AH02-0AE0 \u2013 8 kanal\u0173 analogini\u0173 signal\u0173 \u012f\u0117jimo modulis S7-300 valdikliams.\" \/>\n<meta property=\"og:url\" content=\"https:\/\/plcsupplyspot.com\/lt\/automatikos-komponentai\/6es7351-1ah02-0ae0\/\" \/>\n<meta property=\"og:site_name\" content=\"PLC Supply spot\" \/>\n<meta property=\"article:publisher\" content=\"https:\/\/www.facebook.com\/profile.php?id=61571705128033\" \/>\n<meta property=\"article:modified_time\" content=\"2025-12-04T11:05:33+00:00\" \/>\n<meta property=\"og:image\" content=\"https:\/\/plcsupplyspot.com\/wp-content\/uploads\/2025\/12\/6ES7351-1AH02-0AE0.jpg\" \/>\n\t<meta property=\"og:image:width\" content=\"300\" \/>\n\t<meta property=\"og:image:height\" content=\"300\" \/>\n\t<meta property=\"og:image:type\" content=\"image\/jpeg\" \/>\n<meta name=\"twitter:card\" content=\"summary_large_image\" \/>\n<meta name=\"twitter:label1\" content=\"Est. reading time\" \/>\n\t<meta name=\"twitter:data1\" content=\"1 minut\u0117\" \/>\n<!-- \/ Yoast SEO plugin. -->","yoast_head_json":{"title":"6ES7351-1AH02-0AE0 | PLC Supply spot","description":"Siemens 6ES7351-1AH02-0AE0 \u2013 8 kanal\u0173 analogini\u0173 signal\u0173 \u012f\u0117jimo modulis S7-300 valdikliams.","robots":{"index":"index","follow":"follow","max-snippet":"max-snippet:-1","max-image-preview":"max-image-preview:large","max-video-preview":"max-video-preview:-1"},"canonical":"https:\/\/plcsupplyspot.com\/lt\/automatikos-komponentai\/6es7351-1ah02-0ae0\/","og_locale":"lt_LT","og_type":"article","og_title":"6ES7351-1AH02-0AE0 | PLC Supply spot","og_description":"Siemens 6ES7351-1AH02-0AE0 \u2013 8 kanal\u0173 analogini\u0173 signal\u0173 \u012f\u0117jimo modulis S7-300 valdikliams.","og_url":"https:\/\/plcsupplyspot.com\/lt\/automatikos-komponentai\/6es7351-1ah02-0ae0\/","og_site_name":"PLC Supply spot","article_publisher":"https:\/\/www.facebook.com\/profile.php?id=61571705128033","article_modified_time":"2025-12-04T11:05:33+00:00","og_image":[{"width":300,"height":300,"url":"https:\/\/plcsupplyspot.com\/wp-content\/uploads\/2025\/12\/6ES7351-1AH02-0AE0.jpg","type":"image\/jpeg"}],"twitter_card":"summary_large_image","twitter_misc":{"Est. reading time":"1 minut\u0117"},"schema":{"@context":"https:\/\/schema.org","@graph":[{"@type":"WebPage","@id":"https:\/\/plcsupplyspot.com\/lt\/automatikos-komponentai\/6es7351-1ah02-0ae0\/","url":"https:\/\/plcsupplyspot.com\/lt\/automatikos-komponentai\/6es7351-1ah02-0ae0\/","name":"6ES7351-1AH02-0AE0 | PLC Supply spot","isPartOf":{"@id":"https:\/\/plcsupplyspot.com\/lt\/#website"},"primaryImageOfPage":{"@id":"https:\/\/plcsupplyspot.com\/lt\/automatikos-komponentai\/6es7351-1ah02-0ae0\/#primaryimage"},"image":{"@id":"https:\/\/plcsupplyspot.com\/lt\/automatikos-komponentai\/6es7351-1ah02-0ae0\/#primaryimage"},"thumbnailUrl":"https:\/\/plcsupplyspot.com\/wp-content\/uploads\/2025\/12\/6ES7351-1AH02-0AE0.jpg","datePublished":"2025-12-04T10:52:01+00:00","dateModified":"2025-12-04T11:05:33+00:00","description":"Siemens 6ES7351-1AH02-0AE0 \u2013 8 kanal\u0173 analogini\u0173 signal\u0173 \u012f\u0117jimo modulis S7-300 valdikliams.","breadcrumb":{"@id":"https:\/\/plcsupplyspot.com\/lt\/automatikos-komponentai\/6es7351-1ah02-0ae0\/#breadcrumb"},"inLanguage":"lt-LT","potentialAction":[{"@type":"ReadAction","target":["https:\/\/plcsupplyspot.com\/lt\/automatikos-komponentai\/6es7351-1ah02-0ae0\/"]}]},{"@type":"ImageObject","inLanguage":"lt-LT","@id":"https:\/\/plcsupplyspot.com\/lt\/automatikos-komponentai\/6es7351-1ah02-0ae0\/#primaryimage","url":"https:\/\/plcsupplyspot.com\/wp-content\/uploads\/2025\/12\/6ES7351-1AH02-0AE0.jpg","contentUrl":"https:\/\/plcsupplyspot.com\/wp-content\/uploads\/2025\/12\/6ES7351-1AH02-0AE0.jpg","width":300,"height":300,"caption":"The Siemens 6ES7351-1AH02-0AE0 8-channel analog input module from the front"},{"@type":"BreadcrumbList","@id":"https:\/\/plcsupplyspot.com\/lt\/automatikos-komponentai\/6es7351-1ah02-0ae0\/#breadcrumb","itemListElement":[{"@type":"ListItem","position":1,"name":"home","item":"https:\/\/plcsupplyspot.com\/lt\/"},{"@type":"ListItem","position":2,"name":"Automatikos komponentai","item":"https:\/\/plcsupplyspot.com\/lt\/automatikos-komponentai\/"},{"@type":"ListItem","position":3,"name":"6ES7351-1AH02-0AE0"}]},{"@type":"WebSite","@id":"https:\/\/plcsupplyspot.com\/lt\/#website","url":"https:\/\/plcsupplyspot.com\/lt\/","name":"PLC Supply Spot","description":"Innovate. Accelerate. Automate!","publisher":{"@id":"https:\/\/plcsupplyspot.com\/lt\/#organization"},"potentialAction":[{"@type":"SearchAction","target":{"@type":"EntryPoint","urlTemplate":"https:\/\/plcsupplyspot.com\/lt\/?s={search_term_string}"},"query-input":{"@type":"PropertyValueSpecification","valueRequired":true,"valueName":"search_term_string"}}],"inLanguage":"lt-LT"},{"@type":"Organization","@id":"https:\/\/plcsupplyspot.com\/lt\/#organization","name":"PLC Supply Spot","alternateName":"PLC Supply Spot","url":"https:\/\/plcsupplyspot.com\/lt\/","logo":{"@type":"ImageObject","inLanguage":"lt-LT","@id":"https:\/\/plcsupplyspot.com\/lt\/#\/schema\/logo\/image\/","url":"https:\/\/plcsupplyspot.com\/wp-content\/uploads\/2026\/01\/plc-supply-spot-logo-1.png","contentUrl":"https:\/\/plcsupplyspot.com\/wp-content\/uploads\/2026\/01\/plc-supply-spot-logo-1.png","width":720,"height":720,"caption":"PLC Supply Spot"},"image":{"@id":"https:\/\/plcsupplyspot.com\/lt\/#\/schema\/logo\/image\/"},"sameAs":["https:\/\/www.facebook.com\/profile.php?id=61571705128033"]}]}},"_links":{"self":[{"href":"https:\/\/plcsupplyspot.com\/lt\/wp-json\/wp\/v2\/product\/7699","targetHints":{"allow":["GET"]}}],"collection":[{"href":"https:\/\/plcsupplyspot.com\/lt\/wp-json\/wp\/v2\/product"}],"about":[{"href":"https:\/\/plcsupplyspot.com\/lt\/wp-json\/wp\/v2\/types\/product"}],"version-history":[{"count":3,"href":"https:\/\/plcsupplyspot.com\/lt\/wp-json\/wp\/v2\/product\/7699\/revisions"}],"predecessor-version":[{"id":7707,"href":"https:\/\/plcsupplyspot.com\/lt\/wp-json\/wp\/v2\/product\/7699\/revisions\/7707"}],"wp:featuredmedia":[{"embeddable":true,"href":"https:\/\/plcsupplyspot.com\/lt\/wp-json\/wp\/v2\/media\/7701"}],"wp:attachment":[{"href":"https:\/\/plcsupplyspot.com\/lt\/wp-json\/wp\/v2\/media?parent=7699"}],"wp:term":[{"taxonomy":"product_brand","embeddable":true,"href":"https:\/\/plcsupplyspot.com\/lt\/wp-json\/wp\/v2\/product_brand?post=7699"},{"taxonomy":"product_cat","embeddable":true,"href":"https:\/\/plcsupplyspot.com\/lt\/wp-json\/wp\/v2\/product_cat?post=7699"},{"taxonomy":"product_tag","embeddable":true,"href":"https:\/\/plcsupplyspot.com\/lt\/wp-json\/wp\/v2\/product_tag?post=7699"}],"curies":[{"name":"wp","href":"https:\/\/api.w.org\/{rel}","templated":true}]}}