{"id":7389,"date":"2025-11-26T10:39:12","date_gmt":"2025-11-26T10:39:12","guid":{"rendered":"https:\/\/plcsupplyspot.com\/?post_type=product&#038;p=7389"},"modified":"2025-11-26T10:48:19","modified_gmt":"2025-11-26T10:48:19","slug":"330103-00-15-50-02-00","status":"publish","type":"product","link":"https:\/\/plcsupplyspot.com\/lt\/automatikos-komponentai\/330103-00-15-50-02-00\/","title":{"rendered":"330103-00-15-50-02-00"},"content":{"rendered":"<p data-start=\"2550\" data-end=\"2647\"><strong data-start=\"2550\" data-end=\"2647\">Bently Nevada 330103-00-15-50-02-00 \u2013 3300 XL artumo zondas vibracijos ir poslinkio matavimui<\/strong><\/p>\n<p data-start=\"2649\" data-end=\"2970\">Bently Nevada 330103-00-15-50-02-00 priklauso 3300 XL artumo zond\u0173 serijai. Jis turi 8 mm matavimo galvut\u0119 ir 15 ft (4,57 m) kabel\u012f, leid\u017eiant\u012f tiksliai matuoti veleno poslink\u012f, vibracij\u0105 ir pozicij\u0105 be kontakto. \u0160is zondas naudojamas kritini\u0173 sukam\u0173j\u0173 \u012frengini\u0173 diagnostikai ir apsaugai sud\u0117tingose pramonin\u0117se s\u0105lygose.<\/p>\n<h3 data-start=\"2972\" data-end=\"3004\"><strong data-start=\"2976\" data-end=\"3004\">Pagrindiniai privalumai:<\/strong><\/h3>\n<p data-start=\"3005\" data-end=\"3301\">\u2022 8 mm 3300 XL artumo zondas<br data-start=\"3033\" data-end=\"3036\" \/>\u2022 15 ft (4,57 m) integruotas kabelis<br data-start=\"3072\" data-end=\"3075\" \/>\u2022 Tikslus vibracij\u0173 ir veleno poslinkio matavimas<br data-start=\"3124\" data-end=\"3127\" \/>\u2022 Tinka turbinas, kompresorius, siurblius, variklius<br data-start=\"3179\" data-end=\"3182\" \/>\u2022 Patikimas veikimas esant auk\u0161tai temperat\u016brai ir vibracijai<br data-start=\"3243\" data-end=\"3246\" \/>\u2022 Suderinamas su Bently Nevada 3300 \/ 3500 sistemomis<\/p>\n<h3 data-start=\"3303\" data-end=\"3326\"><strong data-start=\"3307\" data-end=\"3326\">Kur naudojamas:<\/strong><\/h3>\n<p data-start=\"3327\" data-end=\"3532\">\u2022 Veleno vibracijos ir poslinkio steb\u0117senai<br data-start=\"3370\" data-end=\"3373\" \/>\u2022 Turbin\u0173 ir kompresori\u0173 apsaugos sistemose<br data-start=\"3416\" data-end=\"3419\" \/>\u2022 Siurbli\u0173, ventiliatori\u0173 ir varikli\u0173 b\u016bkl\u0117s monitoringui<br data-start=\"3476\" data-end=\"3479\" \/>\u2022 Predikcinei prie\u017ei\u016brai ir pramoninei diagnostikai<\/p>\n<h3 data-start=\"3534\" data-end=\"3557\"><strong data-start=\"3538\" data-end=\"3557\">Apie gamintoj\u0105:<\/strong><\/h3>\n<p data-start=\"3558\" data-end=\"3713\">Bently Nevada (Baker Hughes) \u2013 pasaulinis lyderis sukam\u0173j\u0173 \u012frengini\u0173 b\u016bkl\u0117s monitoringavimo ir apsaugos technologijose, \u017einomas d\u0117l tikslumo ir patikimumo.<\/p>\n","protected":false},"excerpt":{"rendered":"<p data-start=\"874\" data-end=\"998\">Bently Nevada 330103-00-15-50-02-00 \u2013 8 mm 3300 XL artumo zondas su 15 ft kabeliu, skirtas vibracijos ir veleno poslinkio steb\u0117senai.<\/p>\n","protected":false},"featured_media":7381,"template":"","meta":{"site-sidebar-layout":"no-sidebar","site-content-layout":"default","ast-site-content-layout":"normal-width-container","site-content-style":"default","site-sidebar-style":"default","ast-global-header-display":"","ast-banner-title-visibility":"","ast-main-header-display":"","ast-hfb-above-header-display":"","ast-hfb-below-header-display":"","ast-hfb-mobile-header-display":"","site-post-title":"","ast-breadcrumbs-content":"","ast-featured-img":"","footer-sml-layout":"","ast-disable-related-posts":"","theme-transparent-header-meta":"default","adv-header-id-meta":"","stick-header-meta":"default","header-above-stick-meta":"","header-main-stick-meta":"","header-below-stick-meta":"","astra-migrate-meta-layouts":"set","ast-page-background-enabled":"default","ast-page-background-meta":{"desktop":{"background-color":"","background-image":"","background-repeat":"repeat","background-position":"center center","background-size":"auto","background-attachment":"scroll","background-type":"","background-media":"","overlay-type":"","overlay-color":"","overlay-opacity":"","overlay-gradient":""},"tablet":{"background-color":"","background-image":"","background-repeat":"repeat","background-position":"center center","background-size":"auto","background-attachment":"scroll","background-type":"","background-media":"","overlay-type":"","overlay-color":"","overlay-opacity":"","overlay-gradient":""},"mobile":{"background-color":"","background-image":"","background-repeat":"repeat","background-position":"center center","background-size":"auto","background-attachment":"scroll","background-type":"","background-media":"","overlay-type":"","overlay-color":"","overlay-opacity":"","overlay-gradient":""}},"ast-content-background-meta":{"desktop":{"background-color":"var(--ast-global-color-5)","background-image":"","background-repeat":"repeat","background-position":"center center","background-size":"auto","background-attachment":"scroll","background-type":"","background-media":"","overlay-type":"","overlay-color":"","overlay-opacity":"","overlay-gradient":""},"tablet":{"background-color":"var(--ast-global-color-5)","background-image":"","background-repeat":"repeat","background-position":"center center","background-size":"auto","background-attachment":"scroll","background-type":"","background-media":"","overlay-type":"","overlay-color":"","overlay-opacity":"","overlay-gradient":""},"mobile":{"background-color":"var(--ast-global-color-5)","background-image":"","background-repeat":"repeat","background-position":"center center","background-size":"auto","background-attachment":"scroll","background-type":"","background-media":"","overlay-type":"","overlay-color":"","overlay-opacity":"","overlay-gradient":""}}},"product_brand":[],"product_cat":[126,123],"product_tag":[],"class_list":{"0":"post-7389","1":"product","2":"type-product","3":"status-publish","4":"has-post-thumbnail","6":"product_cat-elektros-prekes","7":"product_cat-kiti-prekes-zenklai","8":"desktop-align-left","9":"tablet-align-left","10":"mobile-align-left","11":"ast-product-gallery-layout-horizontal-slider","12":"ast-product-tabs-layout-horizontal","14":"first","15":"instock","16":"taxable","17":"shipping-taxable","18":"purchasable","19":"product-type-simple"},"yoast_head":"<!-- This site is optimized with the Yoast SEO plugin v26.6 - https:\/\/yoast.com\/wordpress\/plugins\/seo\/ -->\n<title>330103-00-15-50-02-00 | PLC Supply spot<\/title>\n<meta name=\"description\" content=\"Bently Nevada 330103-00-15-50-02-00 3300 XL artumo zondas, 8 mm, 15 ft kabelis, veleno poslinkio ir vibracij\u0173 steb\u0117jimui.\" \/>\n<meta name=\"robots\" content=\"index, follow, max-snippet:-1, max-image-preview:large, max-video-preview:-1\" \/>\n<link rel=\"canonical\" href=\"https:\/\/plcsupplyspot.com\/lt\/automatikos-komponentai\/330103-00-15-50-02-00\/\" \/>\n<meta property=\"og:locale\" content=\"lt_LT\" \/>\n<meta property=\"og:type\" content=\"article\" \/>\n<meta property=\"og:title\" content=\"330103-00-15-50-02-00 | PLC Supply spot\" \/>\n<meta property=\"og:description\" content=\"Bently Nevada 330103-00-15-50-02-00 3300 XL artumo zondas, 8 mm, 15 ft kabelis, veleno poslinkio ir vibracij\u0173 steb\u0117jimui.\" \/>\n<meta property=\"og:url\" content=\"https:\/\/plcsupplyspot.com\/lt\/automatikos-komponentai\/330103-00-15-50-02-00\/\" \/>\n<meta property=\"og:site_name\" content=\"PLC Supply spot\" \/>\n<meta property=\"article:publisher\" content=\"https:\/\/www.facebook.com\/profile.php?id=61571705128033\" \/>\n<meta property=\"article:modified_time\" content=\"2025-11-26T10:48:19+00:00\" \/>\n<meta property=\"og:image\" content=\"https:\/\/plcsupplyspot.com\/wp-content\/uploads\/2025\/11\/330103.jpg\" \/>\n\t<meta property=\"og:image:width\" content=\"600\" \/>\n\t<meta property=\"og:image:height\" content=\"600\" \/>\n\t<meta property=\"og:image:type\" content=\"image\/jpeg\" \/>\n<meta name=\"twitter:card\" content=\"summary_large_image\" \/>\n<meta name=\"twitter:label1\" content=\"Est. reading time\" \/>\n\t<meta name=\"twitter:data1\" content=\"1 minut\u0117\" \/>\n<!-- \/ Yoast SEO plugin. -->","yoast_head_json":{"title":"330103-00-15-50-02-00 | PLC Supply spot","description":"Bently Nevada 330103-00-15-50-02-00 3300 XL artumo zondas, 8 mm, 15 ft kabelis, veleno poslinkio ir vibracij\u0173 steb\u0117jimui.","robots":{"index":"index","follow":"follow","max-snippet":"max-snippet:-1","max-image-preview":"max-image-preview:large","max-video-preview":"max-video-preview:-1"},"canonical":"https:\/\/plcsupplyspot.com\/lt\/automatikos-komponentai\/330103-00-15-50-02-00\/","og_locale":"lt_LT","og_type":"article","og_title":"330103-00-15-50-02-00 | PLC Supply spot","og_description":"Bently Nevada 330103-00-15-50-02-00 3300 XL artumo zondas, 8 mm, 15 ft kabelis, veleno poslinkio ir vibracij\u0173 steb\u0117jimui.","og_url":"https:\/\/plcsupplyspot.com\/lt\/automatikos-komponentai\/330103-00-15-50-02-00\/","og_site_name":"PLC Supply spot","article_publisher":"https:\/\/www.facebook.com\/profile.php?id=61571705128033","article_modified_time":"2025-11-26T10:48:19+00:00","og_image":[{"width":600,"height":600,"url":"https:\/\/plcsupplyspot.com\/wp-content\/uploads\/2025\/11\/330103.jpg","type":"image\/jpeg"}],"twitter_card":"summary_large_image","twitter_misc":{"Est. reading time":"1 minut\u0117"},"schema":{"@context":"https:\/\/schema.org","@graph":[{"@type":"WebPage","@id":"https:\/\/plcsupplyspot.com\/lt\/automatikos-komponentai\/330103-00-15-50-02-00\/","url":"https:\/\/plcsupplyspot.com\/lt\/automatikos-komponentai\/330103-00-15-50-02-00\/","name":"330103-00-15-50-02-00 | PLC Supply spot","isPartOf":{"@id":"https:\/\/plcsupplyspot.com\/lt\/#website"},"primaryImageOfPage":{"@id":"https:\/\/plcsupplyspot.com\/lt\/automatikos-komponentai\/330103-00-15-50-02-00\/#primaryimage"},"image":{"@id":"https:\/\/plcsupplyspot.com\/lt\/automatikos-komponentai\/330103-00-15-50-02-00\/#primaryimage"},"thumbnailUrl":"https:\/\/plcsupplyspot.com\/wp-content\/uploads\/2025\/11\/330103.jpg","datePublished":"2025-11-26T10:39:12+00:00","dateModified":"2025-11-26T10:48:19+00:00","description":"Bently Nevada 330103-00-15-50-02-00 3300 XL artumo zondas, 8 mm, 15 ft kabelis, veleno poslinkio ir vibracij\u0173 steb\u0117jimui.","breadcrumb":{"@id":"https:\/\/plcsupplyspot.com\/lt\/automatikos-komponentai\/330103-00-15-50-02-00\/#breadcrumb"},"inLanguage":"lt-LT","potentialAction":[{"@type":"ReadAction","target":["https:\/\/plcsupplyspot.com\/lt\/automatikos-komponentai\/330103-00-15-50-02-00\/"]}]},{"@type":"ImageObject","inLanguage":"lt-LT","@id":"https:\/\/plcsupplyspot.com\/lt\/automatikos-komponentai\/330103-00-15-50-02-00\/#primaryimage","url":"https:\/\/plcsupplyspot.com\/wp-content\/uploads\/2025\/11\/330103.jpg","contentUrl":"https:\/\/plcsupplyspot.com\/wp-content\/uploads\/2025\/11\/330103.jpg","width":600,"height":600,"caption":"Close up of the Bently Nevada 330103-00-05-50-02-00"},{"@type":"BreadcrumbList","@id":"https:\/\/plcsupplyspot.com\/lt\/automatikos-komponentai\/330103-00-15-50-02-00\/#breadcrumb","itemListElement":[{"@type":"ListItem","position":1,"name":"home","item":"https:\/\/plcsupplyspot.com\/lt\/"},{"@type":"ListItem","position":2,"name":"Automatikos komponentai","item":"https:\/\/plcsupplyspot.com\/lt\/automatikos-komponentai\/"},{"@type":"ListItem","position":3,"name":"330103-00-15-50-02-00"}]},{"@type":"WebSite","@id":"https:\/\/plcsupplyspot.com\/lt\/#website","url":"https:\/\/plcsupplyspot.com\/lt\/","name":"PLC Supply Spot","description":"Innovate. Accelerate. Automate!","publisher":{"@id":"https:\/\/plcsupplyspot.com\/lt\/#organization"},"potentialAction":[{"@type":"SearchAction","target":{"@type":"EntryPoint","urlTemplate":"https:\/\/plcsupplyspot.com\/lt\/?s={search_term_string}"},"query-input":{"@type":"PropertyValueSpecification","valueRequired":true,"valueName":"search_term_string"}}],"inLanguage":"lt-LT"},{"@type":"Organization","@id":"https:\/\/plcsupplyspot.com\/lt\/#organization","name":"PLC Supply Spot","alternateName":"PLC Supply Spot","url":"https:\/\/plcsupplyspot.com\/lt\/","logo":{"@type":"ImageObject","inLanguage":"lt-LT","@id":"https:\/\/plcsupplyspot.com\/lt\/#\/schema\/logo\/image\/","url":"https:\/\/plcsupplyspot.com\/wp-content\/uploads\/2026\/01\/plc-supply-spot-logo-1.png","contentUrl":"https:\/\/plcsupplyspot.com\/wp-content\/uploads\/2026\/01\/plc-supply-spot-logo-1.png","width":720,"height":720,"caption":"PLC Supply Spot"},"image":{"@id":"https:\/\/plcsupplyspot.com\/lt\/#\/schema\/logo\/image\/"},"sameAs":["https:\/\/www.facebook.com\/profile.php?id=61571705128033"]}]}},"_links":{"self":[{"href":"https:\/\/plcsupplyspot.com\/lt\/wp-json\/wp\/v2\/product\/7389","targetHints":{"allow":["GET"]}}],"collection":[{"href":"https:\/\/plcsupplyspot.com\/lt\/wp-json\/wp\/v2\/product"}],"about":[{"href":"https:\/\/plcsupplyspot.com\/lt\/wp-json\/wp\/v2\/types\/product"}],"version-history":[{"count":3,"href":"https:\/\/plcsupplyspot.com\/lt\/wp-json\/wp\/v2\/product\/7389\/revisions"}],"predecessor-version":[{"id":7393,"href":"https:\/\/plcsupplyspot.com\/lt\/wp-json\/wp\/v2\/product\/7389\/revisions\/7393"}],"wp:featuredmedia":[{"embeddable":true,"href":"https:\/\/plcsupplyspot.com\/lt\/wp-json\/wp\/v2\/media\/7381"}],"wp:attachment":[{"href":"https:\/\/plcsupplyspot.com\/lt\/wp-json\/wp\/v2\/media?parent=7389"}],"wp:term":[{"taxonomy":"product_brand","embeddable":true,"href":"https:\/\/plcsupplyspot.com\/lt\/wp-json\/wp\/v2\/product_brand?post=7389"},{"taxonomy":"product_cat","embeddable":true,"href":"https:\/\/plcsupplyspot.com\/lt\/wp-json\/wp\/v2\/product_cat?post=7389"},{"taxonomy":"product_tag","embeddable":true,"href":"https:\/\/plcsupplyspot.com\/lt\/wp-json\/wp\/v2\/product_tag?post=7389"}],"curies":[{"name":"wp","href":"https:\/\/api.w.org\/{rel}","templated":true}]}}