{"id":7270,"date":"2025-11-20T12:00:09","date_gmt":"2025-11-20T12:00:09","guid":{"rendered":"https:\/\/plcsupplyspot.com\/?post_type=product&#038;p=7270"},"modified":"2025-11-20T12:15:39","modified_gmt":"2025-11-20T12:15:39","slug":"6es7123-1gb00-0ab0","status":"publish","type":"product","link":"https:\/\/plcsupplyspot.com\/lt\/automatikos-komponentai\/6es7123-1gb00-0ab0\/","title":{"rendered":"6ES7123-1GB00-0AB0"},"content":{"rendered":"<p data-start=\"2596\" data-end=\"3122\">Siemens 6ES7123-1GB00-0AB0 yra analogini\u0173 \u012f\u0117jim\u0173 modulis, priklausantis ET 200 S Smart Connect platinamos I\/O sistemai. Jame yra du analoginiai \u012f\u0117jimo kanalai, palaikantys srov\u0117s signalus 4\u201320 mA arba \u00b120 mA, tod\u0117l tinka proces\u0173 matavimams, kur reikalingas tikslumas. Modulis maitinamas 24 V DC, o plotis siekia ~10 mm, leid\u017eiantis efektyviai naudoti viet\u0105 valdymo spintose. Auk\u0161ta rai\u0161ka (13 bit\u0173 \u00b120 mA, 12 bit\u0173 4\u201320 mA) u\u017etikrina tiksli\u0105 signalo konversij\u0105 su minimaliomis paklaidomis.<\/p>\n<p data-start=\"3124\" data-end=\"3154\"><strong data-start=\"3124\" data-end=\"3152\">Pagrindiniai privalumai:<\/strong><\/p>\n<ul data-start=\"3155\" data-end=\"3409\">\n<li data-start=\"3155\" data-end=\"3228\">\n<p data-start=\"3157\" data-end=\"3228\">2 analoginiai \u012f\u0117jimo kanalai, palaikantys 4\u201320 mA ir \u00b120 mA signalus.<\/p>\n<\/li>\n<li data-start=\"3229\" data-end=\"3286\">\n<p data-start=\"3231\" data-end=\"3286\">Kompakti\u0161kas dizainas (~10 mm) taupia viet\u0105 spintoje.<\/p>\n<\/li>\n<li data-start=\"3287\" data-end=\"3332\">\n<p data-start=\"3289\" data-end=\"3332\">Maitinimas: 24 V DC, tipin\u0117 galia ~0.6 W.<\/p>\n<\/li>\n<li data-start=\"3333\" data-end=\"3409\">\n<p data-start=\"3335\" data-end=\"3409\">Auk\u0161tas tikslumas: liniji\u0161kumo paklaida \u00b10.05 %, pakartojamumas ~\u00b10.1 %.<\/p>\n<\/li>\n<\/ul>\n<p data-start=\"3411\" data-end=\"3606\"><strong data-start=\"3411\" data-end=\"3430\">Kur naudojamas:<\/strong><br data-start=\"3430\" data-end=\"3433\" \/>Modulis tinka platinamos I\/O sistemoms, skirtoms proces\u0173 matavimams \u2013 srauto, lygio, temperat\u016bros kontrol\u0117ms \u2013 gamybos linijose, proces\u0173 cechuose ar ma\u0161in\u0173 valdymo spintose.<\/p>\n<p data-start=\"3608\" data-end=\"3807\"><strong data-start=\"3608\" data-end=\"3627\">Apie gamintoj\u0105:<\/strong><br data-start=\"3627\" data-end=\"3630\" \/>Siemens yra pasaulin\u0117 automatikos technologij\u0173 lyder\u0117. SIMATIC ET 200 S Smart Connect sistema si\u016blo modulin\u012f, kei\u010diam\u0105 I\/O sprendim\u0105 efektyviai ir lanks\u010diai ma\u0161in\u0173 integracijai.<\/p>\n","protected":false},"excerpt":{"rendered":"<p data-start=\"909\" data-end=\"1033\">Siemens 6ES7123-1GB00-0AB0 is an ET 200 S Smart Connect analog input module with 2 channels supporting 4\u201320 mA and \u00b120 mA signal ranges, designed for distributed I\/O systems.<\/p>\n","protected":false},"featured_media":7272,"template":"","meta":{"site-sidebar-layout":"no-sidebar","site-content-layout":"default","ast-site-content-layout":"normal-width-container","site-content-style":"default","site-sidebar-style":"default","ast-global-header-display":"","ast-banner-title-visibility":"","ast-main-header-display":"","ast-hfb-above-header-display":"","ast-hfb-below-header-display":"","ast-hfb-mobile-header-display":"","site-post-title":"","ast-breadcrumbs-content":"","ast-featured-img":"","footer-sml-layout":"","ast-disable-related-posts":"","theme-transparent-header-meta":"default","adv-header-id-meta":"","stick-header-meta":"default","header-above-stick-meta":"","header-main-stick-meta":"","header-below-stick-meta":"","astra-migrate-meta-layouts":"set","ast-page-background-enabled":"default","ast-page-background-meta":{"desktop":{"background-color":"","background-image":"","background-repeat":"repeat","background-position":"center center","background-size":"auto","background-attachment":"scroll","background-type":"","background-media":"","overlay-type":"","overlay-color":"","overlay-opacity":"","overlay-gradient":""},"tablet":{"background-color":"","background-image":"","background-repeat":"repeat","background-position":"center center","background-size":"auto","background-attachment":"scroll","background-type":"","background-media":"","overlay-type":"","overlay-color":"","overlay-opacity":"","overlay-gradient":""},"mobile":{"background-color":"","background-image":"","background-repeat":"repeat","background-position":"center center","background-size":"auto","background-attachment":"scroll","background-type":"","background-media":"","overlay-type":"","overlay-color":"","overlay-opacity":"","overlay-gradient":""}},"ast-content-background-meta":{"desktop":{"background-color":"var(--ast-global-color-5)","background-image":"","background-repeat":"repeat","background-position":"center center","background-size":"auto","background-attachment":"scroll","background-type":"","background-media":"","overlay-type":"","overlay-color":"","overlay-opacity":"","overlay-gradient":""},"tablet":{"background-color":"var(--ast-global-color-5)","background-image":"","background-repeat":"repeat","background-position":"center center","background-size":"auto","background-attachment":"scroll","background-type":"","background-media":"","overlay-type":"","overlay-color":"","overlay-opacity":"","overlay-gradient":""},"mobile":{"background-color":"var(--ast-global-color-5)","background-image":"","background-repeat":"repeat","background-position":"center center","background-size":"auto","background-attachment":"scroll","background-type":"","background-media":"","overlay-type":"","overlay-color":"","overlay-opacity":"","overlay-gradient":""}}},"product_brand":[],"product_cat":[121,117],"product_tag":[],"class_list":{"0":"post-7270","1":"product","2":"type-product","3":"status-publish","4":"has-post-thumbnail","6":"product_cat-siemens","7":"product_cat-valdikliai","8":"desktop-align-left","9":"tablet-align-left","10":"mobile-align-left","11":"ast-product-gallery-layout-horizontal-slider","12":"ast-product-tabs-layout-horizontal","14":"first","15":"instock","16":"taxable","17":"shipping-taxable","18":"purchasable","19":"product-type-simple"},"yoast_head":"<!-- This site is optimized with the Yoast SEO plugin v26.6 - https:\/\/yoast.com\/wordpress\/plugins\/seo\/ -->\n<title>6ES7123-1GB00-0AB0 | PLC Supply spot<\/title>\n<meta name=\"description\" content=\"Siemens 6ES7123-1GB00-0AB0 ET 200 S Smart Connect module with 2 analog inputs (4\u201320 mA \/ \u00b120 mA), 24 V DC supply.\" \/>\n<meta name=\"robots\" content=\"index, follow, max-snippet:-1, max-image-preview:large, max-video-preview:-1\" \/>\n<link rel=\"canonical\" href=\"https:\/\/plcsupplyspot.com\/lt\/automatikos-komponentai\/6es7123-1gb00-0ab0\/\" \/>\n<meta property=\"og:locale\" content=\"lt_LT\" \/>\n<meta property=\"og:type\" content=\"article\" \/>\n<meta property=\"og:title\" content=\"6ES7123-1GB00-0AB0 | PLC Supply spot\" \/>\n<meta property=\"og:description\" content=\"Siemens 6ES7123-1GB00-0AB0 ET 200 S Smart Connect module with 2 analog inputs (4\u201320 mA \/ \u00b120 mA), 24 V DC supply.\" \/>\n<meta property=\"og:url\" content=\"https:\/\/plcsupplyspot.com\/lt\/automatikos-komponentai\/6es7123-1gb00-0ab0\/\" \/>\n<meta property=\"og:site_name\" content=\"PLC Supply spot\" \/>\n<meta property=\"article:publisher\" content=\"https:\/\/www.facebook.com\/profile.php?id=61571705128033\" \/>\n<meta property=\"article:modified_time\" content=\"2025-11-20T12:15:39+00:00\" \/>\n<meta property=\"og:image\" content=\"https:\/\/plcsupplyspot.com\/wp-content\/uploads\/2025\/11\/6ES7123-1GB00-0AB0.jpg\" \/>\n\t<meta property=\"og:image:width\" content=\"1053\" \/>\n\t<meta property=\"og:image:height\" content=\"940\" \/>\n\t<meta property=\"og:image:type\" content=\"image\/jpeg\" \/>\n<meta name=\"twitter:card\" content=\"summary_large_image\" \/>\n<meta name=\"twitter:label1\" content=\"Est. reading time\" \/>\n\t<meta name=\"twitter:data1\" content=\"1 minut\u0117\" \/>\n<!-- \/ Yoast SEO plugin. -->","yoast_head_json":{"title":"6ES7123-1GB00-0AB0 | PLC Supply spot","description":"Siemens 6ES7123-1GB00-0AB0 ET 200 S Smart Connect module with 2 analog inputs (4\u201320 mA \/ \u00b120 mA), 24 V DC supply.","robots":{"index":"index","follow":"follow","max-snippet":"max-snippet:-1","max-image-preview":"max-image-preview:large","max-video-preview":"max-video-preview:-1"},"canonical":"https:\/\/plcsupplyspot.com\/lt\/automatikos-komponentai\/6es7123-1gb00-0ab0\/","og_locale":"lt_LT","og_type":"article","og_title":"6ES7123-1GB00-0AB0 | PLC Supply spot","og_description":"Siemens 6ES7123-1GB00-0AB0 ET 200 S Smart Connect module with 2 analog inputs (4\u201320 mA \/ \u00b120 mA), 24 V DC supply.","og_url":"https:\/\/plcsupplyspot.com\/lt\/automatikos-komponentai\/6es7123-1gb00-0ab0\/","og_site_name":"PLC Supply spot","article_publisher":"https:\/\/www.facebook.com\/profile.php?id=61571705128033","article_modified_time":"2025-11-20T12:15:39+00:00","og_image":[{"width":1053,"height":940,"url":"https:\/\/plcsupplyspot.com\/wp-content\/uploads\/2025\/11\/6ES7123-1GB00-0AB0.jpg","type":"image\/jpeg"}],"twitter_card":"summary_large_image","twitter_misc":{"Est. reading time":"1 minut\u0117"},"schema":{"@context":"https:\/\/schema.org","@graph":[{"@type":"WebPage","@id":"https:\/\/plcsupplyspot.com\/lt\/automatikos-komponentai\/6es7123-1gb00-0ab0\/","url":"https:\/\/plcsupplyspot.com\/lt\/automatikos-komponentai\/6es7123-1gb00-0ab0\/","name":"6ES7123-1GB00-0AB0 | PLC Supply spot","isPartOf":{"@id":"https:\/\/plcsupplyspot.com\/lt\/#website"},"primaryImageOfPage":{"@id":"https:\/\/plcsupplyspot.com\/lt\/automatikos-komponentai\/6es7123-1gb00-0ab0\/#primaryimage"},"image":{"@id":"https:\/\/plcsupplyspot.com\/lt\/automatikos-komponentai\/6es7123-1gb00-0ab0\/#primaryimage"},"thumbnailUrl":"https:\/\/plcsupplyspot.com\/wp-content\/uploads\/2025\/11\/6ES7123-1GB00-0AB0.jpg","datePublished":"2025-11-20T12:00:09+00:00","dateModified":"2025-11-20T12:15:39+00:00","description":"Siemens 6ES7123-1GB00-0AB0 ET 200 S Smart Connect module with 2 analog inputs (4\u201320 mA \/ \u00b120 mA), 24 V DC supply.","breadcrumb":{"@id":"https:\/\/plcsupplyspot.com\/lt\/automatikos-komponentai\/6es7123-1gb00-0ab0\/#breadcrumb"},"inLanguage":"lt-LT","potentialAction":[{"@type":"ReadAction","target":["https:\/\/plcsupplyspot.com\/lt\/automatikos-komponentai\/6es7123-1gb00-0ab0\/"]}]},{"@type":"ImageObject","inLanguage":"lt-LT","@id":"https:\/\/plcsupplyspot.com\/lt\/automatikos-komponentai\/6es7123-1gb00-0ab0\/#primaryimage","url":"https:\/\/plcsupplyspot.com\/wp-content\/uploads\/2025\/11\/6ES7123-1GB00-0AB0.jpg","contentUrl":"https:\/\/plcsupplyspot.com\/wp-content\/uploads\/2025\/11\/6ES7123-1GB00-0AB0.jpg","width":1053,"height":940},{"@type":"BreadcrumbList","@id":"https:\/\/plcsupplyspot.com\/lt\/automatikos-komponentai\/6es7123-1gb00-0ab0\/#breadcrumb","itemListElement":[{"@type":"ListItem","position":1,"name":"home","item":"https:\/\/plcsupplyspot.com\/lt\/"},{"@type":"ListItem","position":2,"name":"Automatikos komponentai","item":"https:\/\/plcsupplyspot.com\/lt\/automatikos-komponentai\/"},{"@type":"ListItem","position":3,"name":"6ES7123-1GB00-0AB0"}]},{"@type":"WebSite","@id":"https:\/\/plcsupplyspot.com\/lt\/#website","url":"https:\/\/plcsupplyspot.com\/lt\/","name":"PLC Supply Spot","description":"Innovate. Accelerate. Automate!","publisher":{"@id":"https:\/\/plcsupplyspot.com\/lt\/#organization"},"potentialAction":[{"@type":"SearchAction","target":{"@type":"EntryPoint","urlTemplate":"https:\/\/plcsupplyspot.com\/lt\/?s={search_term_string}"},"query-input":{"@type":"PropertyValueSpecification","valueRequired":true,"valueName":"search_term_string"}}],"inLanguage":"lt-LT"},{"@type":"Organization","@id":"https:\/\/plcsupplyspot.com\/lt\/#organization","name":"PLC Supply Spot","alternateName":"PLC Supply Spot","url":"https:\/\/plcsupplyspot.com\/lt\/","logo":{"@type":"ImageObject","inLanguage":"lt-LT","@id":"https:\/\/plcsupplyspot.com\/lt\/#\/schema\/logo\/image\/","url":"https:\/\/plcsupplyspot.com\/wp-content\/uploads\/2026\/01\/plc-supply-spot-logo-1.png","contentUrl":"https:\/\/plcsupplyspot.com\/wp-content\/uploads\/2026\/01\/plc-supply-spot-logo-1.png","width":720,"height":720,"caption":"PLC Supply Spot"},"image":{"@id":"https:\/\/plcsupplyspot.com\/lt\/#\/schema\/logo\/image\/"},"sameAs":["https:\/\/www.facebook.com\/profile.php?id=61571705128033"]}]}},"_links":{"self":[{"href":"https:\/\/plcsupplyspot.com\/lt\/wp-json\/wp\/v2\/product\/7270","targetHints":{"allow":["GET"]}}],"collection":[{"href":"https:\/\/plcsupplyspot.com\/lt\/wp-json\/wp\/v2\/product"}],"about":[{"href":"https:\/\/plcsupplyspot.com\/lt\/wp-json\/wp\/v2\/types\/product"}],"version-history":[{"count":3,"href":"https:\/\/plcsupplyspot.com\/lt\/wp-json\/wp\/v2\/product\/7270\/revisions"}],"predecessor-version":[{"id":7278,"href":"https:\/\/plcsupplyspot.com\/lt\/wp-json\/wp\/v2\/product\/7270\/revisions\/7278"}],"wp:featuredmedia":[{"embeddable":true,"href":"https:\/\/plcsupplyspot.com\/lt\/wp-json\/wp\/v2\/media\/7272"}],"wp:attachment":[{"href":"https:\/\/plcsupplyspot.com\/lt\/wp-json\/wp\/v2\/media?parent=7270"}],"wp:term":[{"taxonomy":"product_brand","embeddable":true,"href":"https:\/\/plcsupplyspot.com\/lt\/wp-json\/wp\/v2\/product_brand?post=7270"},{"taxonomy":"product_cat","embeddable":true,"href":"https:\/\/plcsupplyspot.com\/lt\/wp-json\/wp\/v2\/product_cat?post=7270"},{"taxonomy":"product_tag","embeddable":true,"href":"https:\/\/plcsupplyspot.com\/lt\/wp-json\/wp\/v2\/product_tag?post=7270"}],"curies":[{"name":"wp","href":"https:\/\/api.w.org\/{rel}","templated":true}]}}