{"id":7183,"date":"2025-11-19T11:01:07","date_gmt":"2025-11-19T11:01:07","guid":{"rendered":"https:\/\/plcsupplyspot.com\/?post_type=product&#038;p=7183"},"modified":"2025-11-19T11:09:56","modified_gmt":"2025-11-19T11:09:56","slug":"2090-ctpw-mcdf-16f20","status":"publish","type":"product","link":"https:\/\/plcsupplyspot.com\/lt\/automatikos-komponentai\/2090-ctpw-mcdf-16f20\/","title":{"rendered":"2090-CTPW-MCDF-16F20"},"content":{"rendered":"<p data-start=\"2409\" data-end=\"2505\"><strong data-start=\"2409\" data-end=\"2505\">Allen-Bradley 2090-CTPW-MCDF-16F20 \u2013 kombinuotas servo maitinimo ir gr\u012f\u017etamojo ry\u0161io kabelis<\/strong><\/p>\n<p data-start=\"2507\" data-end=\"2907\">Allen-Bradley 2090-CTPW-MCDF-16F20 yra auk\u0161tos kokyb\u0117s kabelis, skirtas Kinetix servo sistemoms. Viename kabelyje sujungti maitinimo laidai ir enkoderio\/gr\u012f\u017etamojo ry\u0161io signal\u0173 laidai, tod\u0117l montavimas tampa greitesnis ir paprastesnis. Kabelis pritaikytas nuolatinei dinamikai, pasi\u017eymi didele mechanine ir elektromagnetine apsauga. Tinka intensyvaus judesio ir pramonin\u0117s automatizacijos sistemoms.<\/p>\n<p data-start=\"2909\" data-end=\"3184\"><strong data-start=\"2909\" data-end=\"2937\">Pagrindiniai privalumai:<\/strong><br data-start=\"2937\" data-end=\"2940\" \/>\u2022 Kombinuotas maitinimo ir enkoderio kabelis<br data-start=\"2984\" data-end=\"2987\" \/>\u2022 Lanksti konstrukcija nuolatinei judan\u010diai \u012frangai<br data-start=\"3038\" data-end=\"3041\" \/>\u2022 Apsauga nuo elektromagnetini\u0173 trikd\u017ei\u0173<br data-start=\"3081\" data-end=\"3084\" \/>\u2022 Patvari izoliacija ir ilgas tarnavimo laikas<br data-start=\"3130\" data-end=\"3133\" \/>\u2022 Ma\u017eina kabeli\u0173 kiek\u012f ir supaprastina instaliacij\u0105<\/p>\n<p data-start=\"3186\" data-end=\"3365\"><strong data-start=\"3186\" data-end=\"3205\">Kur naudojamas:<\/strong><br data-start=\"3205\" data-end=\"3208\" \/>\u2022 Kinetix servo pavar\u0173 sistemos<br data-start=\"3239\" data-end=\"3242\" \/>\u2022 Robotika ir greito judesio \u012franga<br data-start=\"3277\" data-end=\"3280\" \/>\u2022 Pakavimo ir surinkimo linijos<br data-start=\"3311\" data-end=\"3314\" \/>\u2022 Med\u017eiag\u0173 transportavimo ir judesio valdymo \u012franga<\/p>\n<p data-start=\"3367\" data-end=\"3524\"><strong data-start=\"3367\" data-end=\"3386\">Apie gamintoj\u0105:<\/strong><br data-start=\"3386\" data-end=\"3389\" \/>Allen-Bradley (Rockwell Automation) \u2013 viena i\u0161 pasaulini\u0173 lyderi\u0173 servo pavar\u0173 ir pramonin\u0117s automatikos jungiam\u0173j\u0173 komponent\u0173 srityje.<\/p>\n","protected":false},"excerpt":{"rendered":"<p data-start=\"911\" data-end=\"1062\">Allen-Bradley 2090-CTPW-MCDF-16F20 \u2013 lankstus kombinuotas maitinimo ir enkoderio kabelis, skirtas Kinetix servo pavaroms.<\/p>\n","protected":false},"featured_media":7185,"template":"","meta":{"site-sidebar-layout":"no-sidebar","site-content-layout":"default","ast-site-content-layout":"normal-width-container","site-content-style":"default","site-sidebar-style":"default","ast-global-header-display":"","ast-banner-title-visibility":"","ast-main-header-display":"","ast-hfb-above-header-display":"","ast-hfb-below-header-display":"","ast-hfb-mobile-header-display":"","site-post-title":"","ast-breadcrumbs-content":"","ast-featured-img":"","footer-sml-layout":"","ast-disable-related-posts":"","theme-transparent-header-meta":"default","adv-header-id-meta":"","stick-header-meta":"default","header-above-stick-meta":"","header-main-stick-meta":"","header-below-stick-meta":"","astra-migrate-meta-layouts":"set","ast-page-background-enabled":"default","ast-page-background-meta":{"desktop":{"background-color":"","background-image":"","background-repeat":"repeat","background-position":"center center","background-size":"auto","background-attachment":"scroll","background-type":"","background-media":"","overlay-type":"","overlay-color":"","overlay-opacity":"","overlay-gradient":""},"tablet":{"background-color":"","background-image":"","background-repeat":"repeat","background-position":"center center","background-size":"auto","background-attachment":"scroll","background-type":"","background-media":"","overlay-type":"","overlay-color":"","overlay-opacity":"","overlay-gradient":""},"mobile":{"background-color":"","background-image":"","background-repeat":"repeat","background-position":"center center","background-size":"auto","background-attachment":"scroll","background-type":"","background-media":"","overlay-type":"","overlay-color":"","overlay-opacity":"","overlay-gradient":""}},"ast-content-background-meta":{"desktop":{"background-color":"var(--ast-global-color-5)","background-image":"","background-repeat":"repeat","background-position":"center center","background-size":"auto","background-attachment":"scroll","background-type":"","background-media":"","overlay-type":"","overlay-color":"","overlay-opacity":"","overlay-gradient":""},"tablet":{"background-color":"var(--ast-global-color-5)","background-image":"","background-repeat":"repeat","background-position":"center center","background-size":"auto","background-attachment":"scroll","background-type":"","background-media":"","overlay-type":"","overlay-color":"","overlay-opacity":"","overlay-gradient":""},"mobile":{"background-color":"var(--ast-global-color-5)","background-image":"","background-repeat":"repeat","background-position":"center center","background-size":"auto","background-attachment":"scroll","background-type":"","background-media":"","overlay-type":"","overlay-color":"","overlay-opacity":"","overlay-gradient":""}}},"product_brand":[],"product_cat":[126,116],"product_tag":[],"class_list":{"0":"post-7183","1":"product","2":"type-product","3":"status-publish","4":"has-post-thumbnail","6":"product_cat-elektros-prekes","7":"product_cat-allen-bradley","8":"desktop-align-left","9":"tablet-align-left","10":"mobile-align-left","11":"ast-product-gallery-layout-horizontal-slider","12":"ast-product-tabs-layout-horizontal","14":"first","15":"onbackorder","16":"taxable","17":"shipping-taxable","18":"purchasable","19":"product-type-simple"},"yoast_head":"<!-- This site is optimized with the Yoast SEO plugin v26.6 - https:\/\/yoast.com\/wordpress\/plugins\/seo\/ -->\n<title>2090-CTPW-MCDF-16F20 | PLC Supply spot<\/title>\n<meta name=\"description\" content=\"Allen-Bradley 2090-CTPW-MCDF-16F20 kombinuotas maitinimo ir enkoderio kabelis Kinetix servo varikliams.\" \/>\n<meta name=\"robots\" content=\"index, follow, max-snippet:-1, max-image-preview:large, max-video-preview:-1\" \/>\n<link rel=\"canonical\" href=\"https:\/\/plcsupplyspot.com\/lt\/automatikos-komponentai\/2090-ctpw-mcdf-16f20\/\" \/>\n<meta property=\"og:locale\" content=\"lt_LT\" \/>\n<meta property=\"og:type\" content=\"article\" \/>\n<meta property=\"og:title\" content=\"2090-CTPW-MCDF-16F20 | PLC Supply spot\" \/>\n<meta property=\"og:description\" content=\"Allen-Bradley 2090-CTPW-MCDF-16F20 kombinuotas maitinimo ir enkoderio kabelis Kinetix servo varikliams.\" \/>\n<meta property=\"og:url\" content=\"https:\/\/plcsupplyspot.com\/lt\/automatikos-komponentai\/2090-ctpw-mcdf-16f20\/\" \/>\n<meta property=\"og:site_name\" content=\"PLC Supply spot\" \/>\n<meta property=\"article:publisher\" content=\"https:\/\/www.facebook.com\/profile.php?id=61571705128033\" \/>\n<meta property=\"article:modified_time\" content=\"2025-11-19T11:09:56+00:00\" \/>\n<meta property=\"og:image\" content=\"https:\/\/plcsupplyspot.com\/wp-content\/uploads\/2025\/11\/s-l1200-1.jpg\" \/>\n\t<meta property=\"og:image:width\" content=\"1200\" \/>\n\t<meta property=\"og:image:height\" content=\"1200\" \/>\n\t<meta property=\"og:image:type\" content=\"image\/jpeg\" \/>\n<meta name=\"twitter:card\" content=\"summary_large_image\" \/>\n<meta name=\"twitter:label1\" content=\"Est. reading time\" \/>\n\t<meta name=\"twitter:data1\" content=\"1 minut\u0117\" \/>\n<!-- \/ Yoast SEO plugin. -->","yoast_head_json":{"title":"2090-CTPW-MCDF-16F20 | PLC Supply spot","description":"Allen-Bradley 2090-CTPW-MCDF-16F20 kombinuotas maitinimo ir enkoderio kabelis Kinetix servo varikliams.","robots":{"index":"index","follow":"follow","max-snippet":"max-snippet:-1","max-image-preview":"max-image-preview:large","max-video-preview":"max-video-preview:-1"},"canonical":"https:\/\/plcsupplyspot.com\/lt\/automatikos-komponentai\/2090-ctpw-mcdf-16f20\/","og_locale":"lt_LT","og_type":"article","og_title":"2090-CTPW-MCDF-16F20 | PLC Supply spot","og_description":"Allen-Bradley 2090-CTPW-MCDF-16F20 kombinuotas maitinimo ir enkoderio kabelis Kinetix servo varikliams.","og_url":"https:\/\/plcsupplyspot.com\/lt\/automatikos-komponentai\/2090-ctpw-mcdf-16f20\/","og_site_name":"PLC Supply spot","article_publisher":"https:\/\/www.facebook.com\/profile.php?id=61571705128033","article_modified_time":"2025-11-19T11:09:56+00:00","og_image":[{"width":1200,"height":1200,"url":"https:\/\/plcsupplyspot.com\/wp-content\/uploads\/2025\/11\/s-l1200-1.jpg","type":"image\/jpeg"}],"twitter_card":"summary_large_image","twitter_misc":{"Est. reading time":"1 minut\u0117"},"schema":{"@context":"https:\/\/schema.org","@graph":[{"@type":"WebPage","@id":"https:\/\/plcsupplyspot.com\/lt\/automatikos-komponentai\/2090-ctpw-mcdf-16f20\/","url":"https:\/\/plcsupplyspot.com\/lt\/automatikos-komponentai\/2090-ctpw-mcdf-16f20\/","name":"2090-CTPW-MCDF-16F20 | PLC Supply spot","isPartOf":{"@id":"https:\/\/plcsupplyspot.com\/lt\/#website"},"primaryImageOfPage":{"@id":"https:\/\/plcsupplyspot.com\/lt\/automatikos-komponentai\/2090-ctpw-mcdf-16f20\/#primaryimage"},"image":{"@id":"https:\/\/plcsupplyspot.com\/lt\/automatikos-komponentai\/2090-ctpw-mcdf-16f20\/#primaryimage"},"thumbnailUrl":"https:\/\/plcsupplyspot.com\/wp-content\/uploads\/2025\/11\/s-l1200-1.jpg","datePublished":"2025-11-19T11:01:07+00:00","dateModified":"2025-11-19T11:09:56+00:00","description":"Allen-Bradley 2090-CTPW-MCDF-16F20 kombinuotas maitinimo ir enkoderio kabelis Kinetix servo varikliams.","breadcrumb":{"@id":"https:\/\/plcsupplyspot.com\/lt\/automatikos-komponentai\/2090-ctpw-mcdf-16f20\/#breadcrumb"},"inLanguage":"lt-LT","potentialAction":[{"@type":"ReadAction","target":["https:\/\/plcsupplyspot.com\/lt\/automatikos-komponentai\/2090-ctpw-mcdf-16f20\/"]}]},{"@type":"ImageObject","inLanguage":"lt-LT","@id":"https:\/\/plcsupplyspot.com\/lt\/automatikos-komponentai\/2090-ctpw-mcdf-16f20\/#primaryimage","url":"https:\/\/plcsupplyspot.com\/wp-content\/uploads\/2025\/11\/s-l1200-1.jpg","contentUrl":"https:\/\/plcsupplyspot.com\/wp-content\/uploads\/2025\/11\/s-l1200-1.jpg","width":1200,"height":1200},{"@type":"BreadcrumbList","@id":"https:\/\/plcsupplyspot.com\/lt\/automatikos-komponentai\/2090-ctpw-mcdf-16f20\/#breadcrumb","itemListElement":[{"@type":"ListItem","position":1,"name":"home","item":"https:\/\/plcsupplyspot.com\/lt\/"},{"@type":"ListItem","position":2,"name":"Automatikos komponentai","item":"https:\/\/plcsupplyspot.com\/lt\/automatikos-komponentai\/"},{"@type":"ListItem","position":3,"name":"2090-CTPW-MCDF-16F20"}]},{"@type":"WebSite","@id":"https:\/\/plcsupplyspot.com\/lt\/#website","url":"https:\/\/plcsupplyspot.com\/lt\/","name":"PLC Supply Spot","description":"Innovate. Accelerate. Automate!","publisher":{"@id":"https:\/\/plcsupplyspot.com\/lt\/#organization"},"potentialAction":[{"@type":"SearchAction","target":{"@type":"EntryPoint","urlTemplate":"https:\/\/plcsupplyspot.com\/lt\/?s={search_term_string}"},"query-input":{"@type":"PropertyValueSpecification","valueRequired":true,"valueName":"search_term_string"}}],"inLanguage":"lt-LT"},{"@type":"Organization","@id":"https:\/\/plcsupplyspot.com\/lt\/#organization","name":"PLC Supply Spot","alternateName":"PLC Supply Spot","url":"https:\/\/plcsupplyspot.com\/lt\/","logo":{"@type":"ImageObject","inLanguage":"lt-LT","@id":"https:\/\/plcsupplyspot.com\/lt\/#\/schema\/logo\/image\/","url":"https:\/\/plcsupplyspot.com\/wp-content\/uploads\/2026\/01\/plc-supply-spot-logo-1.png","contentUrl":"https:\/\/plcsupplyspot.com\/wp-content\/uploads\/2026\/01\/plc-supply-spot-logo-1.png","width":720,"height":720,"caption":"PLC Supply Spot"},"image":{"@id":"https:\/\/plcsupplyspot.com\/lt\/#\/schema\/logo\/image\/"},"sameAs":["https:\/\/www.facebook.com\/profile.php?id=61571705128033"]}]}},"_links":{"self":[{"href":"https:\/\/plcsupplyspot.com\/lt\/wp-json\/wp\/v2\/product\/7183","targetHints":{"allow":["GET"]}}],"collection":[{"href":"https:\/\/plcsupplyspot.com\/lt\/wp-json\/wp\/v2\/product"}],"about":[{"href":"https:\/\/plcsupplyspot.com\/lt\/wp-json\/wp\/v2\/types\/product"}],"version-history":[{"count":3,"href":"https:\/\/plcsupplyspot.com\/lt\/wp-json\/wp\/v2\/product\/7183\/revisions"}],"predecessor-version":[{"id":7191,"href":"https:\/\/plcsupplyspot.com\/lt\/wp-json\/wp\/v2\/product\/7183\/revisions\/7191"}],"wp:featuredmedia":[{"embeddable":true,"href":"https:\/\/plcsupplyspot.com\/lt\/wp-json\/wp\/v2\/media\/7185"}],"wp:attachment":[{"href":"https:\/\/plcsupplyspot.com\/lt\/wp-json\/wp\/v2\/media?parent=7183"}],"wp:term":[{"taxonomy":"product_brand","embeddable":true,"href":"https:\/\/plcsupplyspot.com\/lt\/wp-json\/wp\/v2\/product_brand?post=7183"},{"taxonomy":"product_cat","embeddable":true,"href":"https:\/\/plcsupplyspot.com\/lt\/wp-json\/wp\/v2\/product_cat?post=7183"},{"taxonomy":"product_tag","embeddable":true,"href":"https:\/\/plcsupplyspot.com\/lt\/wp-json\/wp\/v2\/product_tag?post=7183"}],"curies":[{"name":"wp","href":"https:\/\/api.w.org\/{rel}","templated":true}]}}