{"id":7173,"date":"2025-11-19T10:52:28","date_gmt":"2025-11-19T10:52:28","guid":{"rendered":"https:\/\/plcsupplyspot.com\/?post_type=product&#038;p=7173"},"modified":"2025-11-19T11:00:46","modified_gmt":"2025-11-19T11:00:46","slug":"2090-ctfb-madd-cff20","status":"publish","type":"product","link":"https:\/\/plcsupplyspot.com\/lt\/automatikos-komponentai\/2090-ctfb-madd-cff20\/","title":{"rendered":"2090-CTFB-MADD-CFF20"},"content":{"rendered":"<h2 data-start=\"2300\" data-end=\"2391\"><strong data-start=\"2303\" data-end=\"2391\">Allen-Bradley 2090-CTFB-MADD-CFF20 \u2013 gr\u012f\u017etamojo ry\u0161io kabelis Kinetix servosistemoms<\/strong><\/h2>\n<p data-start=\"2393\" data-end=\"2757\">Allen-Bradley 2090-CTFB-MADD-CFF20 yra auk\u0161tos kokyb\u0117s 20 m ilgio gr\u012f\u017etamojo ry\u0161io kabelis, skirtas Kinetix servovarikliams ir pavaroms. Kabelis u\u017etikrina tiksli\u0173 enkoderio signal\u0173 perdavim\u0105, apsaug\u0105 nuo trukd\u017ei\u0173 ir stabil\u0173 veikim\u0105 net intensyvi\u0173 judesi\u0173 metu. Tvirta izoliacija ir pramonin\u0117 konstrukcija leid\u017eia naudoti kabel\u012f \u012fvairiose automatizacijos sistemose.<\/p>\n<h3 data-start=\"2759\" data-end=\"2790\"><strong data-start=\"2763\" data-end=\"2790\">Pagrindiniai privalumai<\/strong><\/h3>\n<p data-start=\"2791\" data-end=\"2995\">\u2022 20 m ilgio kabelis<br data-start=\"2811\" data-end=\"2814\" \/>\u2022 Suderinamas su Kinetix servovarikliais ir pavaromis<br data-start=\"2867\" data-end=\"2870\" \/>\u2022 Puiki apsauga nuo elektromagnetini\u0173 trukd\u017ei\u0173<br data-start=\"2916\" data-end=\"2919\" \/>\u2022 Patikimas enkoderio signal\u0173 perdavimas<br data-start=\"2959\" data-end=\"2962\" \/>\u2022 Atsparus pramonin\u0117ms s\u0105lygoms<\/p>\n<h3 data-start=\"2997\" data-end=\"3019\"><strong data-start=\"3001\" data-end=\"3019\">Kur naudojamas<\/strong><\/h3>\n<p data-start=\"3020\" data-end=\"3168\">\u2022 CNC ir apdirbimo stakl\u0117s<br data-start=\"3046\" data-end=\"3049\" \/>\u2022 Pakavimo ir \u017eenklinimo \u012franga<br data-start=\"3080\" data-end=\"3083\" \/>\u2022 Robotika ir surinkimo linijos<br data-start=\"3114\" data-end=\"3117\" \/>\u2022 Judesio valdymo sistemos ir servopozicionavimas<\/p>\n<h3 data-start=\"3170\" data-end=\"3192\"><strong data-start=\"3174\" data-end=\"3192\">Apie gamintoj\u0105<\/strong><\/h3>\n<p data-start=\"3193\" data-end=\"3333\">Allen-Bradley (Rockwell Automation) \u2013 pasaulinis automatikos lyderis, gaminantis patikimus servosistem\u0173 komponentus ir pramoninius kabelius.<\/p>\n","protected":false},"excerpt":{"rendered":"<p data-start=\"883\" data-end=\"1004\">Allen-Bradley 2090-CTFB-MADD-CFF20 \u2013 20 m kabelis, skirtas Kinetix servosistemoms stabiliai enkoderio signal\u0173 perdavimui.<\/p>\n","protected":false},"featured_media":7175,"template":"","meta":{"site-sidebar-layout":"no-sidebar","site-content-layout":"default","ast-site-content-layout":"normal-width-container","site-content-style":"default","site-sidebar-style":"default","ast-global-header-display":"","ast-banner-title-visibility":"","ast-main-header-display":"","ast-hfb-above-header-display":"","ast-hfb-below-header-display":"","ast-hfb-mobile-header-display":"","site-post-title":"","ast-breadcrumbs-content":"","ast-featured-img":"","footer-sml-layout":"","ast-disable-related-posts":"","theme-transparent-header-meta":"default","adv-header-id-meta":"","stick-header-meta":"default","header-above-stick-meta":"","header-main-stick-meta":"","header-below-stick-meta":"","astra-migrate-meta-layouts":"set","ast-page-background-enabled":"default","ast-page-background-meta":{"desktop":{"background-color":"","background-image":"","background-repeat":"repeat","background-position":"center center","background-size":"auto","background-attachment":"scroll","background-type":"","background-media":"","overlay-type":"","overlay-color":"","overlay-opacity":"","overlay-gradient":""},"tablet":{"background-color":"","background-image":"","background-repeat":"repeat","background-position":"center center","background-size":"auto","background-attachment":"scroll","background-type":"","background-media":"","overlay-type":"","overlay-color":"","overlay-opacity":"","overlay-gradient":""},"mobile":{"background-color":"","background-image":"","background-repeat":"repeat","background-position":"center center","background-size":"auto","background-attachment":"scroll","background-type":"","background-media":"","overlay-type":"","overlay-color":"","overlay-opacity":"","overlay-gradient":""}},"ast-content-background-meta":{"desktop":{"background-color":"var(--ast-global-color-5)","background-image":"","background-repeat":"repeat","background-position":"center center","background-size":"auto","background-attachment":"scroll","background-type":"","background-media":"","overlay-type":"","overlay-color":"","overlay-opacity":"","overlay-gradient":""},"tablet":{"background-color":"var(--ast-global-color-5)","background-image":"","background-repeat":"repeat","background-position":"center center","background-size":"auto","background-attachment":"scroll","background-type":"","background-media":"","overlay-type":"","overlay-color":"","overlay-opacity":"","overlay-gradient":""},"mobile":{"background-color":"var(--ast-global-color-5)","background-image":"","background-repeat":"repeat","background-position":"center center","background-size":"auto","background-attachment":"scroll","background-type":"","background-media":"","overlay-type":"","overlay-color":"","overlay-opacity":"","overlay-gradient":""}}},"product_brand":[],"product_cat":[116,126],"product_tag":[],"class_list":{"0":"post-7173","1":"product","2":"type-product","3":"status-publish","4":"has-post-thumbnail","6":"product_cat-allen-bradley","7":"product_cat-elektros-prekes","8":"desktop-align-left","9":"tablet-align-left","10":"mobile-align-left","11":"ast-product-gallery-layout-horizontal-slider","12":"ast-product-tabs-layout-horizontal","14":"first","15":"onbackorder","16":"taxable","17":"shipping-taxable","18":"purchasable","19":"product-type-simple"},"yoast_head":"<!-- This site is optimized with the Yoast SEO plugin v27.3 - https:\/\/yoast.com\/product\/yoast-seo-wordpress\/ -->\n<title>2090-CTFB-MADD-CFF20 | PLC Supply spot<\/title>\n<meta name=\"description\" content=\"Allen-Bradley 2090-CTFB-MADD-CFF20 20 m gr\u012f\u017etamojo ry\u0161io kabelis Kinetix servovarikli\u0173 ir pavar\u0173 enkoderio signalams.\" \/>\n<meta name=\"robots\" content=\"index, follow, max-snippet:-1, max-image-preview:large, max-video-preview:-1\" \/>\n<link rel=\"canonical\" href=\"https:\/\/plcsupplyspot.com\/lt\/automatikos-komponentai\/2090-ctfb-madd-cff20\/\" \/>\n<meta property=\"og:locale\" content=\"lt_LT\" \/>\n<meta property=\"og:type\" content=\"article\" \/>\n<meta property=\"og:title\" content=\"2090-CTFB-MADD-CFF20 | PLC Supply spot\" \/>\n<meta property=\"og:description\" content=\"Allen-Bradley 2090-CTFB-MADD-CFF20 20 m gr\u012f\u017etamojo ry\u0161io kabelis Kinetix servovarikli\u0173 ir pavar\u0173 enkoderio signalams.\" \/>\n<meta property=\"og:url\" content=\"https:\/\/plcsupplyspot.com\/lt\/automatikos-komponentai\/2090-ctfb-madd-cff20\/\" \/>\n<meta property=\"og:site_name\" content=\"PLC Supply spot\" \/>\n<meta property=\"article:publisher\" content=\"https:\/\/www.facebook.com\/profile.php?id=61571705128033\" \/>\n<meta property=\"article:modified_time\" content=\"2025-11-19T11:00:46+00:00\" \/>\n<meta property=\"og:image\" content=\"https:\/\/plcsupplyspot.com\/wp-content\/uploads\/2025\/11\/ecd7644ab9da3e80fd4de82f0a8e466e_medium.jpg\" \/>\n\t<meta property=\"og:image:width\" content=\"550\" \/>\n\t<meta property=\"og:image:height\" content=\"550\" \/>\n\t<meta property=\"og:image:type\" content=\"image\/jpeg\" \/>\n<meta name=\"twitter:card\" content=\"summary_large_image\" \/>\n<meta name=\"twitter:label1\" content=\"Est. reading time\" \/>\n\t<meta name=\"twitter:data1\" content=\"1 minut\u0117\" \/>\n<!-- \/ Yoast SEO plugin. -->","yoast_head_json":{"title":"2090-CTFB-MADD-CFF20 | PLC Supply spot","description":"Allen-Bradley 2090-CTFB-MADD-CFF20 20 m gr\u012f\u017etamojo ry\u0161io kabelis Kinetix servovarikli\u0173 ir pavar\u0173 enkoderio signalams.","robots":{"index":"index","follow":"follow","max-snippet":"max-snippet:-1","max-image-preview":"max-image-preview:large","max-video-preview":"max-video-preview:-1"},"canonical":"https:\/\/plcsupplyspot.com\/lt\/automatikos-komponentai\/2090-ctfb-madd-cff20\/","og_locale":"lt_LT","og_type":"article","og_title":"2090-CTFB-MADD-CFF20 | PLC Supply spot","og_description":"Allen-Bradley 2090-CTFB-MADD-CFF20 20 m gr\u012f\u017etamojo ry\u0161io kabelis Kinetix servovarikli\u0173 ir pavar\u0173 enkoderio signalams.","og_url":"https:\/\/plcsupplyspot.com\/lt\/automatikos-komponentai\/2090-ctfb-madd-cff20\/","og_site_name":"PLC Supply spot","article_publisher":"https:\/\/www.facebook.com\/profile.php?id=61571705128033","article_modified_time":"2025-11-19T11:00:46+00:00","og_image":[{"width":550,"height":550,"url":"https:\/\/plcsupplyspot.com\/wp-content\/uploads\/2025\/11\/ecd7644ab9da3e80fd4de82f0a8e466e_medium.jpg","type":"image\/jpeg"}],"twitter_card":"summary_large_image","twitter_misc":{"Est. reading time":"1 minut\u0117"},"schema":{"@context":"https:\/\/schema.org","@graph":[{"@type":"WebPage","@id":"https:\/\/plcsupplyspot.com\/lt\/automatikos-komponentai\/2090-ctfb-madd-cff20\/","url":"https:\/\/plcsupplyspot.com\/lt\/automatikos-komponentai\/2090-ctfb-madd-cff20\/","name":"2090-CTFB-MADD-CFF20 | PLC Supply spot","isPartOf":{"@id":"https:\/\/plcsupplyspot.com\/lt\/#website"},"primaryImageOfPage":{"@id":"https:\/\/plcsupplyspot.com\/lt\/automatikos-komponentai\/2090-ctfb-madd-cff20\/#primaryimage"},"image":{"@id":"https:\/\/plcsupplyspot.com\/lt\/automatikos-komponentai\/2090-ctfb-madd-cff20\/#primaryimage"},"thumbnailUrl":"https:\/\/plcsupplyspot.com\/wp-content\/uploads\/2025\/11\/ecd7644ab9da3e80fd4de82f0a8e466e_medium.jpg","datePublished":"2025-11-19T10:52:28+00:00","dateModified":"2025-11-19T11:00:46+00:00","description":"Allen-Bradley 2090-CTFB-MADD-CFF20 20 m gr\u012f\u017etamojo ry\u0161io kabelis Kinetix servovarikli\u0173 ir pavar\u0173 enkoderio signalams.","breadcrumb":{"@id":"https:\/\/plcsupplyspot.com\/lt\/automatikos-komponentai\/2090-ctfb-madd-cff20\/#breadcrumb"},"inLanguage":"lt-LT","potentialAction":[{"@type":"ReadAction","target":["https:\/\/plcsupplyspot.com\/lt\/automatikos-komponentai\/2090-ctfb-madd-cff20\/"]}]},{"@type":"ImageObject","inLanguage":"lt-LT","@id":"https:\/\/plcsupplyspot.com\/lt\/automatikos-komponentai\/2090-ctfb-madd-cff20\/#primaryimage","url":"https:\/\/plcsupplyspot.com\/wp-content\/uploads\/2025\/11\/ecd7644ab9da3e80fd4de82f0a8e466e_medium.jpg","contentUrl":"https:\/\/plcsupplyspot.com\/wp-content\/uploads\/2025\/11\/ecd7644ab9da3e80fd4de82f0a8e466e_medium.jpg","width":550,"height":550},{"@type":"BreadcrumbList","@id":"https:\/\/plcsupplyspot.com\/lt\/automatikos-komponentai\/2090-ctfb-madd-cff20\/#breadcrumb","itemListElement":[{"@type":"ListItem","position":1,"name":"home","item":"https:\/\/plcsupplyspot.com\/lt\/"},{"@type":"ListItem","position":2,"name":"Automatikos komponentai","item":"https:\/\/plcsupplyspot.com\/lt\/automatikos-komponentai\/"},{"@type":"ListItem","position":3,"name":"2090-CTFB-MADD-CFF20"}]},{"@type":"WebSite","@id":"https:\/\/plcsupplyspot.com\/lt\/#website","url":"https:\/\/plcsupplyspot.com\/lt\/","name":"PLC Supply Spot","description":"Innovate. Accelerate. Automate!","publisher":{"@id":"https:\/\/plcsupplyspot.com\/lt\/#organization"},"potentialAction":[{"@type":"SearchAction","target":{"@type":"EntryPoint","urlTemplate":"https:\/\/plcsupplyspot.com\/lt\/?s={search_term_string}"},"query-input":{"@type":"PropertyValueSpecification","valueRequired":true,"valueName":"search_term_string"}}],"inLanguage":"lt-LT"},{"@type":"Organization","@id":"https:\/\/plcsupplyspot.com\/lt\/#organization","name":"PLC Supply Spot","alternateName":"PLC Supply Spot","url":"https:\/\/plcsupplyspot.com\/lt\/","logo":{"@type":"ImageObject","inLanguage":"lt-LT","@id":"https:\/\/plcsupplyspot.com\/lt\/#\/schema\/logo\/image\/","url":"https:\/\/plcsupplyspot.com\/wp-content\/uploads\/2026\/01\/plc-supply-spot-logo-1.png","contentUrl":"https:\/\/plcsupplyspot.com\/wp-content\/uploads\/2026\/01\/plc-supply-spot-logo-1.png","width":720,"height":720,"caption":"PLC Supply Spot"},"image":{"@id":"https:\/\/plcsupplyspot.com\/lt\/#\/schema\/logo\/image\/"},"sameAs":["https:\/\/www.facebook.com\/profile.php?id=61571705128033"]}]}},"_links":{"self":[{"href":"https:\/\/plcsupplyspot.com\/lt\/wp-json\/wp\/v2\/product\/7173","targetHints":{"allow":["GET"]}}],"collection":[{"href":"https:\/\/plcsupplyspot.com\/lt\/wp-json\/wp\/v2\/product"}],"about":[{"href":"https:\/\/plcsupplyspot.com\/lt\/wp-json\/wp\/v2\/types\/product"}],"version-history":[{"count":3,"href":"https:\/\/plcsupplyspot.com\/lt\/wp-json\/wp\/v2\/product\/7173\/revisions"}],"predecessor-version":[{"id":7181,"href":"https:\/\/plcsupplyspot.com\/lt\/wp-json\/wp\/v2\/product\/7173\/revisions\/7181"}],"wp:featuredmedia":[{"embeddable":true,"href":"https:\/\/plcsupplyspot.com\/lt\/wp-json\/wp\/v2\/media\/7175"}],"wp:attachment":[{"href":"https:\/\/plcsupplyspot.com\/lt\/wp-json\/wp\/v2\/media?parent=7173"}],"wp:term":[{"taxonomy":"product_brand","embeddable":true,"href":"https:\/\/plcsupplyspot.com\/lt\/wp-json\/wp\/v2\/product_brand?post=7173"},{"taxonomy":"product_cat","embeddable":true,"href":"https:\/\/plcsupplyspot.com\/lt\/wp-json\/wp\/v2\/product_cat?post=7173"},{"taxonomy":"product_tag","embeddable":true,"href":"https:\/\/plcsupplyspot.com\/lt\/wp-json\/wp\/v2\/product_tag?post=7173"}],"curies":[{"name":"wp","href":"https:\/\/api.w.org\/{rel}","templated":true}]}}