{"id":7127,"date":"2025-11-17T13:57:10","date_gmt":"2025-11-17T13:57:10","guid":{"rendered":"https:\/\/plcsupplyspot.com\/?post_type=product&#038;p=7127"},"modified":"2025-11-17T14:08:03","modified_gmt":"2025-11-17T14:08:03","slug":"140crp31200","status":"publish","type":"product","link":"https:\/\/plcsupplyspot.com\/lt\/automatikos-komponentai\/140crp31200\/","title":{"rendered":"140CRP31200"},"content":{"rendered":"<p data-start=\"2132\" data-end=\"2229\"><strong data-start=\"2132\" data-end=\"2229\">Schneider Electric 140AVI03000 \u2013 8 kanal\u0173 analogini\u0173 \u012f\u0117jim\u0173 modulis Modicon Quantum sistemoms<\/strong><\/p>\n<p data-start=\"2231\" data-end=\"2559\">Schneider Electric 140AVI03000 yra analogini\u0173 \u012f\u0117jim\u0173 modulis, skirtas Modicon Quantum valdikliams. Jame yra a\u0161tuoni 0\u201310 V \u012f\u0117jimai, u\u017etikrinantys tikslius matavimus ir stabil\u0173 veikim\u0105 pramon\u0117s s\u0105lygomis. Modulis lengvai montuojamas \u012f Quantum I\/O bazi\u0173 sistemas ir pla\u010diai naudojamas proces\u0173 valdymo bei automatizacijos \u012frangoje.<\/p>\n<p data-start=\"2561\" data-end=\"2760\"><strong data-start=\"2561\" data-end=\"2589\">Pagrindiniai privalumai:<\/strong><br data-start=\"2589\" data-end=\"2592\" \/>\u2022 8 analoginiai 0\u201310 V \u012f\u0117jimai<br data-start=\"2622\" data-end=\"2625\" \/>\u2022 Auk\u0161tos rai\u0161kos matavimai<br data-start=\"2652\" data-end=\"2655\" \/>\u2022 Patikimas veikimas pramon\u0117je<br data-start=\"2685\" data-end=\"2688\" \/>\u2022 Suderinamas su Modicon Quantum PLC<br data-start=\"2724\" data-end=\"2727\" \/>\u2022 Greitas ir paprastas montavimas<\/p>\n<p data-start=\"2762\" data-end=\"2968\"><strong data-start=\"2762\" data-end=\"2781\">Kur naudojamas:<\/strong><br data-start=\"2781\" data-end=\"2784\" \/>\u2022 Proces\u0173 monitoringui ir valdymui<br data-start=\"2818\" data-end=\"2821\" \/>\u2022 Pramonini\u0173 signal\u0173 nuskaitymui (sl\u0117gis, lygis, srautas)<br data-start=\"2878\" data-end=\"2881\" \/>\u2022 Ma\u0161in\u0173 automatizacijos sistemose<br data-start=\"2915\" data-end=\"2918\" \/>\u2022 Analogini\u0173 prietais\u0173 matavimams gamybos linijose<\/p>\n<p data-start=\"2970\" data-end=\"3100\"><strong data-start=\"2970\" data-end=\"2989\">Apie gamintoj\u0105:<\/strong><br data-start=\"2989\" data-end=\"2992\" \/>Schneider Electric \u2013 tarptautin\u0117 pramonin\u0117s automatikos lyder\u0117, kurianti patikimus ir tikslius I\/O modulius.<\/p>\n","protected":false},"excerpt":{"rendered":"<p data-start=\"854\" data-end=\"985\">Schneider Electric 140CRP31200 \u2013 nuotolinio I\/O adapteris Quantum valdikliams, skirtas Modbus Plus tinklo ry\u0161iui su i\u0161pl\u0117stais I\/O moduliais.<\/p>\n","protected":false},"featured_media":7130,"template":"","meta":{"site-sidebar-layout":"no-sidebar","site-content-layout":"default","ast-site-content-layout":"normal-width-container","site-content-style":"default","site-sidebar-style":"default","ast-global-header-display":"","ast-banner-title-visibility":"","ast-main-header-display":"","ast-hfb-above-header-display":"","ast-hfb-below-header-display":"","ast-hfb-mobile-header-display":"","site-post-title":"","ast-breadcrumbs-content":"","ast-featured-img":"","footer-sml-layout":"","ast-disable-related-posts":"","theme-transparent-header-meta":"default","adv-header-id-meta":"","stick-header-meta":"default","header-above-stick-meta":"","header-main-stick-meta":"","header-below-stick-meta":"","astra-migrate-meta-layouts":"set","ast-page-background-enabled":"default","ast-page-background-meta":{"desktop":{"background-color":"","background-image":"","background-repeat":"repeat","background-position":"center center","background-size":"auto","background-attachment":"scroll","background-type":"","background-media":"","overlay-type":"","overlay-color":"","overlay-opacity":"","overlay-gradient":""},"tablet":{"background-color":"","background-image":"","background-repeat":"repeat","background-position":"center center","background-size":"auto","background-attachment":"scroll","background-type":"","background-media":"","overlay-type":"","overlay-color":"","overlay-opacity":"","overlay-gradient":""},"mobile":{"background-color":"","background-image":"","background-repeat":"repeat","background-position":"center center","background-size":"auto","background-attachment":"scroll","background-type":"","background-media":"","overlay-type":"","overlay-color":"","overlay-opacity":"","overlay-gradient":""}},"ast-content-background-meta":{"desktop":{"background-color":"var(--ast-global-color-5)","background-image":"","background-repeat":"repeat","background-position":"center center","background-size":"auto","background-attachment":"scroll","background-type":"","background-media":"","overlay-type":"","overlay-color":"","overlay-opacity":"","overlay-gradient":""},"tablet":{"background-color":"var(--ast-global-color-5)","background-image":"","background-repeat":"repeat","background-position":"center center","background-size":"auto","background-attachment":"scroll","background-type":"","background-media":"","overlay-type":"","overlay-color":"","overlay-opacity":"","overlay-gradient":""},"mobile":{"background-color":"var(--ast-global-color-5)","background-image":"","background-repeat":"repeat","background-position":"center center","background-size":"auto","background-attachment":"scroll","background-type":"","background-media":"","overlay-type":"","overlay-color":"","overlay-opacity":"","overlay-gradient":""}}},"product_brand":[],"product_cat":[119,117],"product_tag":[],"class_list":{"0":"post-7127","1":"product","2":"type-product","3":"status-publish","4":"has-post-thumbnail","6":"product_cat-schneider","7":"product_cat-valdikliai","8":"desktop-align-left","9":"tablet-align-left","10":"mobile-align-left","11":"ast-product-gallery-layout-horizontal-slider","12":"ast-product-tabs-layout-horizontal","14":"first","15":"onbackorder","16":"taxable","17":"shipping-taxable","18":"purchasable","19":"product-type-simple"},"yoast_head":"<!-- This site is optimized with the Yoast SEO plugin v26.6 - https:\/\/yoast.com\/wordpress\/plugins\/seo\/ -->\n<title>140CRP31200 | PLC Supply spot<\/title>\n<meta name=\"description\" content=\"Schneider 140CRP31200 nuotolinio I\/O galvut\u0117 Modbus Plus tinklams, patikimas modulis Quantum PLC sistemoms.\" \/>\n<meta name=\"robots\" content=\"index, follow, max-snippet:-1, max-image-preview:large, max-video-preview:-1\" \/>\n<link rel=\"canonical\" href=\"https:\/\/plcsupplyspot.com\/lt\/automatikos-komponentai\/140crp31200\/\" \/>\n<meta property=\"og:locale\" content=\"lt_LT\" \/>\n<meta property=\"og:type\" content=\"article\" \/>\n<meta property=\"og:title\" content=\"140CRP31200 | PLC Supply spot\" \/>\n<meta property=\"og:description\" content=\"Schneider 140CRP31200 nuotolinio I\/O galvut\u0117 Modbus Plus tinklams, patikimas modulis Quantum PLC sistemoms.\" \/>\n<meta property=\"og:url\" content=\"https:\/\/plcsupplyspot.com\/lt\/automatikos-komponentai\/140crp31200\/\" \/>\n<meta property=\"og:site_name\" content=\"PLC Supply spot\" \/>\n<meta property=\"article:publisher\" content=\"https:\/\/www.facebook.com\/profile.php?id=61571705128033\" \/>\n<meta property=\"article:modified_time\" content=\"2025-11-17T14:08:03+00:00\" \/>\n<meta property=\"og:image\" content=\"https:\/\/plcsupplyspot.com\/wp-content\/uploads\/2025\/11\/PF100274B_369.jpg\" \/>\n\t<meta property=\"og:image:width\" content=\"369\" \/>\n\t<meta property=\"og:image:height\" content=\"369\" \/>\n\t<meta property=\"og:image:type\" content=\"image\/jpeg\" \/>\n<meta name=\"twitter:card\" content=\"summary_large_image\" \/>\n<meta name=\"twitter:label1\" content=\"Est. reading time\" \/>\n\t<meta name=\"twitter:data1\" content=\"1 minut\u0117\" \/>\n<!-- \/ Yoast SEO plugin. -->","yoast_head_json":{"title":"140CRP31200 | PLC Supply spot","description":"Schneider 140CRP31200 nuotolinio I\/O galvut\u0117 Modbus Plus tinklams, patikimas modulis Quantum PLC sistemoms.","robots":{"index":"index","follow":"follow","max-snippet":"max-snippet:-1","max-image-preview":"max-image-preview:large","max-video-preview":"max-video-preview:-1"},"canonical":"https:\/\/plcsupplyspot.com\/lt\/automatikos-komponentai\/140crp31200\/","og_locale":"lt_LT","og_type":"article","og_title":"140CRP31200 | PLC Supply spot","og_description":"Schneider 140CRP31200 nuotolinio I\/O galvut\u0117 Modbus Plus tinklams, patikimas modulis Quantum PLC sistemoms.","og_url":"https:\/\/plcsupplyspot.com\/lt\/automatikos-komponentai\/140crp31200\/","og_site_name":"PLC Supply spot","article_publisher":"https:\/\/www.facebook.com\/profile.php?id=61571705128033","article_modified_time":"2025-11-17T14:08:03+00:00","og_image":[{"width":369,"height":369,"url":"https:\/\/plcsupplyspot.com\/wp-content\/uploads\/2025\/11\/PF100274B_369.jpg","type":"image\/jpeg"}],"twitter_card":"summary_large_image","twitter_misc":{"Est. reading time":"1 minut\u0117"},"schema":{"@context":"https:\/\/schema.org","@graph":[{"@type":"WebPage","@id":"https:\/\/plcsupplyspot.com\/lt\/automatikos-komponentai\/140crp31200\/","url":"https:\/\/plcsupplyspot.com\/lt\/automatikos-komponentai\/140crp31200\/","name":"140CRP31200 | PLC Supply spot","isPartOf":{"@id":"https:\/\/plcsupplyspot.com\/lt\/#website"},"primaryImageOfPage":{"@id":"https:\/\/plcsupplyspot.com\/lt\/automatikos-komponentai\/140crp31200\/#primaryimage"},"image":{"@id":"https:\/\/plcsupplyspot.com\/lt\/automatikos-komponentai\/140crp31200\/#primaryimage"},"thumbnailUrl":"https:\/\/plcsupplyspot.com\/wp-content\/uploads\/2025\/11\/PF100274B_369.jpg","datePublished":"2025-11-17T13:57:10+00:00","dateModified":"2025-11-17T14:08:03+00:00","description":"Schneider 140CRP31200 nuotolinio I\/O galvut\u0117 Modbus Plus tinklams, patikimas modulis Quantum PLC sistemoms.","breadcrumb":{"@id":"https:\/\/plcsupplyspot.com\/lt\/automatikos-komponentai\/140crp31200\/#breadcrumb"},"inLanguage":"lt-LT","potentialAction":[{"@type":"ReadAction","target":["https:\/\/plcsupplyspot.com\/lt\/automatikos-komponentai\/140crp31200\/"]}]},{"@type":"ImageObject","inLanguage":"lt-LT","@id":"https:\/\/plcsupplyspot.com\/lt\/automatikos-komponentai\/140crp31200\/#primaryimage","url":"https:\/\/plcsupplyspot.com\/wp-content\/uploads\/2025\/11\/PF100274B_369.jpg","contentUrl":"https:\/\/plcsupplyspot.com\/wp-content\/uploads\/2025\/11\/PF100274B_369.jpg","width":369,"height":369},{"@type":"BreadcrumbList","@id":"https:\/\/plcsupplyspot.com\/lt\/automatikos-komponentai\/140crp31200\/#breadcrumb","itemListElement":[{"@type":"ListItem","position":1,"name":"home","item":"https:\/\/plcsupplyspot.com\/lt\/"},{"@type":"ListItem","position":2,"name":"Automatikos komponentai","item":"https:\/\/plcsupplyspot.com\/lt\/automatikos-komponentai\/"},{"@type":"ListItem","position":3,"name":"140CRP31200"}]},{"@type":"WebSite","@id":"https:\/\/plcsupplyspot.com\/lt\/#website","url":"https:\/\/plcsupplyspot.com\/lt\/","name":"PLC Supply Spot","description":"Innovate. Accelerate. Automate!","publisher":{"@id":"https:\/\/plcsupplyspot.com\/lt\/#organization"},"potentialAction":[{"@type":"SearchAction","target":{"@type":"EntryPoint","urlTemplate":"https:\/\/plcsupplyspot.com\/lt\/?s={search_term_string}"},"query-input":{"@type":"PropertyValueSpecification","valueRequired":true,"valueName":"search_term_string"}}],"inLanguage":"lt-LT"},{"@type":"Organization","@id":"https:\/\/plcsupplyspot.com\/lt\/#organization","name":"PLC Supply Spot","alternateName":"PLC Supply Spot","url":"https:\/\/plcsupplyspot.com\/lt\/","logo":{"@type":"ImageObject","inLanguage":"lt-LT","@id":"https:\/\/plcsupplyspot.com\/lt\/#\/schema\/logo\/image\/","url":"https:\/\/plcsupplyspot.com\/wp-content\/uploads\/2026\/01\/plc-supply-spot-logo-1.png","contentUrl":"https:\/\/plcsupplyspot.com\/wp-content\/uploads\/2026\/01\/plc-supply-spot-logo-1.png","width":720,"height":720,"caption":"PLC Supply Spot"},"image":{"@id":"https:\/\/plcsupplyspot.com\/lt\/#\/schema\/logo\/image\/"},"sameAs":["https:\/\/www.facebook.com\/profile.php?id=61571705128033"]}]}},"_links":{"self":[{"href":"https:\/\/plcsupplyspot.com\/lt\/wp-json\/wp\/v2\/product\/7127","targetHints":{"allow":["GET"]}}],"collection":[{"href":"https:\/\/plcsupplyspot.com\/lt\/wp-json\/wp\/v2\/product"}],"about":[{"href":"https:\/\/plcsupplyspot.com\/lt\/wp-json\/wp\/v2\/types\/product"}],"version-history":[{"count":3,"href":"https:\/\/plcsupplyspot.com\/lt\/wp-json\/wp\/v2\/product\/7127\/revisions"}],"predecessor-version":[{"id":7136,"href":"https:\/\/plcsupplyspot.com\/lt\/wp-json\/wp\/v2\/product\/7127\/revisions\/7136"}],"wp:featuredmedia":[{"embeddable":true,"href":"https:\/\/plcsupplyspot.com\/lt\/wp-json\/wp\/v2\/media\/7130"}],"wp:attachment":[{"href":"https:\/\/plcsupplyspot.com\/lt\/wp-json\/wp\/v2\/media?parent=7127"}],"wp:term":[{"taxonomy":"product_brand","embeddable":true,"href":"https:\/\/plcsupplyspot.com\/lt\/wp-json\/wp\/v2\/product_brand?post=7127"},{"taxonomy":"product_cat","embeddable":true,"href":"https:\/\/plcsupplyspot.com\/lt\/wp-json\/wp\/v2\/product_cat?post=7127"},{"taxonomy":"product_tag","embeddable":true,"href":"https:\/\/plcsupplyspot.com\/lt\/wp-json\/wp\/v2\/product_tag?post=7127"}],"curies":[{"name":"wp","href":"https:\/\/api.w.org\/{rel}","templated":true}]}}