{"id":7108,"date":"2025-11-17T13:29:45","date_gmt":"2025-11-17T13:29:45","guid":{"rendered":"https:\/\/plcsupplyspot.com\/?post_type=product&#038;p=7108"},"modified":"2025-11-17T13:42:25","modified_gmt":"2025-11-17T13:42:25","slug":"140aci03000","status":"publish","type":"product","link":"https:\/\/plcsupplyspot.com\/lt\/automatikos-komponentai\/140aci03000\/","title":{"rendered":"140ACI03000"},"content":{"rendered":"<p data-start=\"2288\" data-end=\"2377\"><strong data-start=\"2288\" data-end=\"2377\">Schneider Electric 140ACI03000 \u2013 8 kanal\u0173 analogini\u0173 \u012f\u0117jim\u0173 modulis Quantum sistemoms<\/strong><\/p>\n<p data-start=\"2379\" data-end=\"2759\">Schneider 140ACI03000 yra didelio tikslumo analogini\u0173 \u012f\u0117jim\u0173 modulis, skirtas Modicon Quantum valdikli\u0173 sistemoms. Modulis turi 8 atskirus kanalus, palaikan\u010dius standartinius 0\u201310 V ir 4\u201320 mA signalus. Jis u\u017etikrina stabil\u0173 matavim\u0105, greit\u0105 duomen\u0173 apdorojim\u0105 ir patikim\u0105 veikim\u0105 net sud\u0117tingose pramon\u0117s s\u0105lygose. Modulis lengvai integruojamas \u012f esamas automatizacijos sistemas.<\/p>\n<p data-start=\"2761\" data-end=\"2984\"><strong data-start=\"2761\" data-end=\"2789\">Pagrindiniai privalumai:<\/strong><br data-start=\"2789\" data-end=\"2792\" \/>\u2022 8 analoginiai \u012f\u0117jimai<br data-start=\"2815\" data-end=\"2818\" \/>\u2022 0\u201310 V ir 4\u201320 mA signal\u0173 palaikymas<br data-start=\"2856\" data-end=\"2859\" \/>\u2022 Tiksli matavimo rai\u0161ka<br data-start=\"2883\" data-end=\"2886\" \/>\u2022 Greitas reakcijos laikas<br data-start=\"2912\" data-end=\"2915\" \/>\u2022 Suderinamas su Modicon Quantum PLC<br data-start=\"2951\" data-end=\"2954\" \/>\u2022 Patikimas veikimas pramon\u0117je<\/p>\n<p data-start=\"2986\" data-end=\"3208\"><strong data-start=\"2986\" data-end=\"3005\">Kur naudojamas:<\/strong><br data-start=\"3005\" data-end=\"3008\" \/>\u2022 Proces\u0173 matavimui (temperat\u016bra, sl\u0117gis, lygis)<br data-start=\"3056\" data-end=\"3059\" \/>\u2022 Pramonin\u0117 automatizacija<br data-start=\"3085\" data-end=\"3088\" \/>\u2022 Chemijos, maisto, energetikos sektoriuose<br data-start=\"3131\" data-end=\"3134\" \/>\u2022 \u012erenginiuose, kuriems reikalingas tikslus analogini\u0173 signal\u0173 nuskaitymas<\/p>\n<p data-start=\"3210\" data-end=\"3343\"><strong data-start=\"3210\" data-end=\"3229\">Apie gamintoj\u0105:<\/strong><br data-start=\"3229\" data-end=\"3232\" \/>Schneider Electric \u2013 pasaulinis automatikos komponent\u0173 gamintojas, \u017einomas d\u0117l patikim\u0173 ir tiksli\u0173 I\/O moduli\u0173.<\/p>\n","protected":false},"excerpt":{"rendered":"<p data-start=\"755\" data-end=\"904\">Schneider 140ACI03000 \u2013 8 kanal\u0173 analogini\u0173 \u012f\u0117jim\u0173 modulis Quantum sistemoms, palaikantis 0\u201310 V ir 4\u201320 mA signalus.<\/p>\n","protected":false},"featured_media":7110,"template":"","meta":{"site-sidebar-layout":"no-sidebar","site-content-layout":"default","ast-site-content-layout":"normal-width-container","site-content-style":"default","site-sidebar-style":"default","ast-global-header-display":"","ast-banner-title-visibility":"","ast-main-header-display":"","ast-hfb-above-header-display":"","ast-hfb-below-header-display":"","ast-hfb-mobile-header-display":"","site-post-title":"","ast-breadcrumbs-content":"","ast-featured-img":"","footer-sml-layout":"","ast-disable-related-posts":"","theme-transparent-header-meta":"default","adv-header-id-meta":"","stick-header-meta":"default","header-above-stick-meta":"","header-main-stick-meta":"","header-below-stick-meta":"","astra-migrate-meta-layouts":"set","ast-page-background-enabled":"default","ast-page-background-meta":{"desktop":{"background-color":"","background-image":"","background-repeat":"repeat","background-position":"center center","background-size":"auto","background-attachment":"scroll","background-type":"","background-media":"","overlay-type":"","overlay-color":"","overlay-opacity":"","overlay-gradient":""},"tablet":{"background-color":"","background-image":"","background-repeat":"repeat","background-position":"center center","background-size":"auto","background-attachment":"scroll","background-type":"","background-media":"","overlay-type":"","overlay-color":"","overlay-opacity":"","overlay-gradient":""},"mobile":{"background-color":"","background-image":"","background-repeat":"repeat","background-position":"center center","background-size":"auto","background-attachment":"scroll","background-type":"","background-media":"","overlay-type":"","overlay-color":"","overlay-opacity":"","overlay-gradient":""}},"ast-content-background-meta":{"desktop":{"background-color":"var(--ast-global-color-5)","background-image":"","background-repeat":"repeat","background-position":"center center","background-size":"auto","background-attachment":"scroll","background-type":"","background-media":"","overlay-type":"","overlay-color":"","overlay-opacity":"","overlay-gradient":""},"tablet":{"background-color":"var(--ast-global-color-5)","background-image":"","background-repeat":"repeat","background-position":"center center","background-size":"auto","background-attachment":"scroll","background-type":"","background-media":"","overlay-type":"","overlay-color":"","overlay-opacity":"","overlay-gradient":""},"mobile":{"background-color":"var(--ast-global-color-5)","background-image":"","background-repeat":"repeat","background-position":"center center","background-size":"auto","background-attachment":"scroll","background-type":"","background-media":"","overlay-type":"","overlay-color":"","overlay-opacity":"","overlay-gradient":""}}},"product_brand":[],"product_cat":[119,117],"product_tag":[],"class_list":{"0":"post-7108","1":"product","2":"type-product","3":"status-publish","4":"has-post-thumbnail","6":"product_cat-schneider","7":"product_cat-valdikliai","8":"desktop-align-left","9":"tablet-align-left","10":"mobile-align-left","11":"ast-product-gallery-layout-horizontal-slider","12":"ast-product-tabs-layout-horizontal","14":"first","15":"onbackorder","16":"taxable","17":"shipping-taxable","18":"purchasable","19":"product-type-simple"},"yoast_head":"<!-- This site is optimized with the Yoast SEO plugin v26.6 - https:\/\/yoast.com\/wordpress\/plugins\/seo\/ -->\n<title>140ACI03000 | PLC Supply spot<\/title>\n<meta name=\"description\" content=\"Schneider 140ACI03000 Quantum 8 kanal\u0173 analogini\u0173 \u012f\u0117jim\u0173 modulis, 0\u201310 V \/ 4\u201320 mA signalams.\" \/>\n<meta name=\"robots\" content=\"index, follow, max-snippet:-1, max-image-preview:large, max-video-preview:-1\" \/>\n<link rel=\"canonical\" href=\"https:\/\/plcsupplyspot.com\/lt\/automatikos-komponentai\/140aci03000\/\" \/>\n<meta property=\"og:locale\" content=\"lt_LT\" \/>\n<meta property=\"og:type\" content=\"article\" \/>\n<meta property=\"og:title\" content=\"140ACI03000 | PLC Supply spot\" \/>\n<meta property=\"og:description\" content=\"Schneider 140ACI03000 Quantum 8 kanal\u0173 analogini\u0173 \u012f\u0117jim\u0173 modulis, 0\u201310 V \/ 4\u201320 mA signalams.\" \/>\n<meta property=\"og:url\" content=\"https:\/\/plcsupplyspot.com\/lt\/automatikos-komponentai\/140aci03000\/\" \/>\n<meta property=\"og:site_name\" content=\"PLC Supply spot\" \/>\n<meta property=\"article:publisher\" content=\"https:\/\/www.facebook.com\/profile.php?id=61571705128033\" \/>\n<meta property=\"article:modified_time\" content=\"2025-11-17T13:42:25+00:00\" \/>\n<meta property=\"og:image\" content=\"https:\/\/plcsupplyspot.com\/wp-content\/uploads\/2025\/11\/Quant_538_CPODA17015_369-1.jpg\" \/>\n\t<meta property=\"og:image:width\" content=\"369\" \/>\n\t<meta property=\"og:image:height\" content=\"369\" \/>\n\t<meta property=\"og:image:type\" content=\"image\/jpeg\" \/>\n<meta name=\"twitter:card\" content=\"summary_large_image\" \/>\n<meta name=\"twitter:label1\" content=\"Est. reading time\" \/>\n\t<meta name=\"twitter:data1\" content=\"1 minut\u0117\" \/>\n<!-- \/ Yoast SEO plugin. -->","yoast_head_json":{"title":"140ACI03000 | PLC Supply spot","description":"Schneider 140ACI03000 Quantum 8 kanal\u0173 analogini\u0173 \u012f\u0117jim\u0173 modulis, 0\u201310 V \/ 4\u201320 mA signalams.","robots":{"index":"index","follow":"follow","max-snippet":"max-snippet:-1","max-image-preview":"max-image-preview:large","max-video-preview":"max-video-preview:-1"},"canonical":"https:\/\/plcsupplyspot.com\/lt\/automatikos-komponentai\/140aci03000\/","og_locale":"lt_LT","og_type":"article","og_title":"140ACI03000 | PLC Supply spot","og_description":"Schneider 140ACI03000 Quantum 8 kanal\u0173 analogini\u0173 \u012f\u0117jim\u0173 modulis, 0\u201310 V \/ 4\u201320 mA signalams.","og_url":"https:\/\/plcsupplyspot.com\/lt\/automatikos-komponentai\/140aci03000\/","og_site_name":"PLC Supply spot","article_publisher":"https:\/\/www.facebook.com\/profile.php?id=61571705128033","article_modified_time":"2025-11-17T13:42:25+00:00","og_image":[{"width":369,"height":369,"url":"https:\/\/plcsupplyspot.com\/wp-content\/uploads\/2025\/11\/Quant_538_CPODA17015_369-1.jpg","type":"image\/jpeg"}],"twitter_card":"summary_large_image","twitter_misc":{"Est. reading time":"1 minut\u0117"},"schema":{"@context":"https:\/\/schema.org","@graph":[{"@type":"WebPage","@id":"https:\/\/plcsupplyspot.com\/lt\/automatikos-komponentai\/140aci03000\/","url":"https:\/\/plcsupplyspot.com\/lt\/automatikos-komponentai\/140aci03000\/","name":"140ACI03000 | PLC Supply spot","isPartOf":{"@id":"https:\/\/plcsupplyspot.com\/lt\/#website"},"primaryImageOfPage":{"@id":"https:\/\/plcsupplyspot.com\/lt\/automatikos-komponentai\/140aci03000\/#primaryimage"},"image":{"@id":"https:\/\/plcsupplyspot.com\/lt\/automatikos-komponentai\/140aci03000\/#primaryimage"},"thumbnailUrl":"https:\/\/plcsupplyspot.com\/wp-content\/uploads\/2025\/11\/Quant_538_CPODA17015_369-1.jpg","datePublished":"2025-11-17T13:29:45+00:00","dateModified":"2025-11-17T13:42:25+00:00","description":"Schneider 140ACI03000 Quantum 8 kanal\u0173 analogini\u0173 \u012f\u0117jim\u0173 modulis, 0\u201310 V \/ 4\u201320 mA signalams.","breadcrumb":{"@id":"https:\/\/plcsupplyspot.com\/lt\/automatikos-komponentai\/140aci03000\/#breadcrumb"},"inLanguage":"lt-LT","potentialAction":[{"@type":"ReadAction","target":["https:\/\/plcsupplyspot.com\/lt\/automatikos-komponentai\/140aci03000\/"]}]},{"@type":"ImageObject","inLanguage":"lt-LT","@id":"https:\/\/plcsupplyspot.com\/lt\/automatikos-komponentai\/140aci03000\/#primaryimage","url":"https:\/\/plcsupplyspot.com\/wp-content\/uploads\/2025\/11\/Quant_538_CPODA17015_369-1.jpg","contentUrl":"https:\/\/plcsupplyspot.com\/wp-content\/uploads\/2025\/11\/Quant_538_CPODA17015_369-1.jpg","width":369,"height":369},{"@type":"BreadcrumbList","@id":"https:\/\/plcsupplyspot.com\/lt\/automatikos-komponentai\/140aci03000\/#breadcrumb","itemListElement":[{"@type":"ListItem","position":1,"name":"home","item":"https:\/\/plcsupplyspot.com\/lt\/"},{"@type":"ListItem","position":2,"name":"Automatikos komponentai","item":"https:\/\/plcsupplyspot.com\/lt\/automatikos-komponentai\/"},{"@type":"ListItem","position":3,"name":"140ACI03000"}]},{"@type":"WebSite","@id":"https:\/\/plcsupplyspot.com\/lt\/#website","url":"https:\/\/plcsupplyspot.com\/lt\/","name":"PLC Supply Spot","description":"Innovate. Accelerate. Automate!","publisher":{"@id":"https:\/\/plcsupplyspot.com\/lt\/#organization"},"potentialAction":[{"@type":"SearchAction","target":{"@type":"EntryPoint","urlTemplate":"https:\/\/plcsupplyspot.com\/lt\/?s={search_term_string}"},"query-input":{"@type":"PropertyValueSpecification","valueRequired":true,"valueName":"search_term_string"}}],"inLanguage":"lt-LT"},{"@type":"Organization","@id":"https:\/\/plcsupplyspot.com\/lt\/#organization","name":"PLC Supply Spot","alternateName":"PLC Supply Spot","url":"https:\/\/plcsupplyspot.com\/lt\/","logo":{"@type":"ImageObject","inLanguage":"lt-LT","@id":"https:\/\/plcsupplyspot.com\/lt\/#\/schema\/logo\/image\/","url":"https:\/\/plcsupplyspot.com\/wp-content\/uploads\/2026\/01\/plc-supply-spot-logo-1.png","contentUrl":"https:\/\/plcsupplyspot.com\/wp-content\/uploads\/2026\/01\/plc-supply-spot-logo-1.png","width":720,"height":720,"caption":"PLC Supply Spot"},"image":{"@id":"https:\/\/plcsupplyspot.com\/lt\/#\/schema\/logo\/image\/"},"sameAs":["https:\/\/www.facebook.com\/profile.php?id=61571705128033"]}]}},"_links":{"self":[{"href":"https:\/\/plcsupplyspot.com\/lt\/wp-json\/wp\/v2\/product\/7108","targetHints":{"allow":["GET"]}}],"collection":[{"href":"https:\/\/plcsupplyspot.com\/lt\/wp-json\/wp\/v2\/product"}],"about":[{"href":"https:\/\/plcsupplyspot.com\/lt\/wp-json\/wp\/v2\/types\/product"}],"version-history":[{"count":3,"href":"https:\/\/plcsupplyspot.com\/lt\/wp-json\/wp\/v2\/product\/7108\/revisions"}],"predecessor-version":[{"id":7116,"href":"https:\/\/plcsupplyspot.com\/lt\/wp-json\/wp\/v2\/product\/7108\/revisions\/7116"}],"wp:featuredmedia":[{"embeddable":true,"href":"https:\/\/plcsupplyspot.com\/lt\/wp-json\/wp\/v2\/media\/7110"}],"wp:attachment":[{"href":"https:\/\/plcsupplyspot.com\/lt\/wp-json\/wp\/v2\/media?parent=7108"}],"wp:term":[{"taxonomy":"product_brand","embeddable":true,"href":"https:\/\/plcsupplyspot.com\/lt\/wp-json\/wp\/v2\/product_brand?post=7108"},{"taxonomy":"product_cat","embeddable":true,"href":"https:\/\/plcsupplyspot.com\/lt\/wp-json\/wp\/v2\/product_cat?post=7108"},{"taxonomy":"product_tag","embeddable":true,"href":"https:\/\/plcsupplyspot.com\/lt\/wp-json\/wp\/v2\/product_tag?post=7108"}],"curies":[{"name":"wp","href":"https:\/\/api.w.org\/{rel}","templated":true}]}}