{"id":6896,"date":"2025-11-11T12:49:55","date_gmt":"2025-11-11T12:49:55","guid":{"rendered":"https:\/\/plcsupplyspot.com\/?post_type=product&#038;p=6896"},"modified":"2025-11-11T13:20:14","modified_gmt":"2025-11-11T13:20:14","slug":"drqd-25-90-ysrj-a-al-fw","status":"publish","type":"product","link":"https:\/\/plcsupplyspot.com\/lt\/automatikos-komponentai\/drqd-25-90-ysrj-a-al-fw\/","title":{"rendered":"DRQD-25-90-YSRJ-A-AL-FW"},"content":{"rendered":"<p data-start=\"1339\" data-end=\"1424\"><strong data-start=\"1339\" data-end=\"1424\">Festo DRQD-25-90-YSRJ-A-AL-FW \u2013 kompakti\u0161ka sukimo pavara tiksliam pozicionavimui<\/strong><\/p>\n<p data-start=\"1426\" data-end=\"1686\">Festo DRQD-25-90-YSRJ-A-AL-FW yra sukimo pavara, skirta valdomam 90\u00b0 kampo jud\u0117jimui automatizuotose sistemose. Kompakti\u0161ka konstrukcija ir aliuminio korpusas u\u017etikrina ilgalaik\u012f ir stabil\u0173 darb\u0105 pramonin\u0117se s\u0105lygose, kur reikalingas tikslumas ir kartojamumas.<\/p>\n<p data-start=\"1688\" data-end=\"1957\"><strong data-start=\"1688\" data-end=\"1715\">Pagrindiniai privalumai<\/strong><br \/>\n\u2022 90\u00b0 valdomas sukimo kampas<br data-start=\"1744\" data-end=\"1747\" \/>\u2022 Kompakti\u0161kas dydis (25 mm serija)<br data-start=\"1782\" data-end=\"1785\" \/>\u2022 Didelis tikslumas ir pasikartojamumas<br data-start=\"1824\" data-end=\"1827\" \/>\u2022 Patvarus aliuminio korpusas<br data-start=\"1856\" data-end=\"1859\" \/>\u2022 Tinka nuolatiniam naudojimui pramon\u0117je<br data-start=\"1899\" data-end=\"1902\" \/>\u2022 Lengva integruoti \u012f \u012fvairias automatizacijos sistemas<\/p>\n<p data-start=\"1959\" data-end=\"2103\"><strong data-start=\"1959\" data-end=\"1976\">Kur naudojama<\/strong><br \/>\n\u2022 Pick-and-place \u012frenginiuose<br data-start=\"2006\" data-end=\"2009\" \/>\u2022 Surinkimo linijose<br data-start=\"2029\" data-end=\"2032\" \/>\u2022 Konvejeri\u0173 ir pozicionavimo stotyse<br data-start=\"2069\" data-end=\"2072\" \/>\u2022 Gaminio orientavimo sistemose<\/p>\n<p data-start=\"2105\" data-end=\"2238\"><strong data-start=\"2105\" data-end=\"2123\">Apie gamintoj\u0105<\/strong><br data-start=\"2123\" data-end=\"2126\" \/>Festo yra pasaulin\u0117 pramonin\u0117s automatikos lyder\u0117, \u017einoma d\u0117l patikim\u0173 pneumatini\u0173 ir judesio valdymo sprendim\u0173.<\/p>\n","protected":false},"excerpt":{"rendered":"<p data-start=\"829\" data-end=\"1011\">Festo DRQD-25-90-YSRJ-A-AL-FW \u2013 kompakti\u0161ka sukimo pavara su 90\u00b0 jud\u0117jimo kampu tiksliems automatizuotiems pozicionavimo veiksmams.<\/p>\n","protected":false},"featured_media":6902,"template":"","meta":{"site-sidebar-layout":"no-sidebar","site-content-layout":"default","ast-site-content-layout":"normal-width-container","site-content-style":"default","site-sidebar-style":"default","ast-global-header-display":"","ast-banner-title-visibility":"","ast-main-header-display":"","ast-hfb-above-header-display":"","ast-hfb-below-header-display":"","ast-hfb-mobile-header-display":"","site-post-title":"","ast-breadcrumbs-content":"","ast-featured-img":"","footer-sml-layout":"","ast-disable-related-posts":"","theme-transparent-header-meta":"default","adv-header-id-meta":"","stick-header-meta":"default","header-above-stick-meta":"","header-main-stick-meta":"","header-below-stick-meta":"","astra-migrate-meta-layouts":"set","ast-page-background-enabled":"default","ast-page-background-meta":{"desktop":{"background-color":"","background-image":"","background-repeat":"repeat","background-position":"center center","background-size":"auto","background-attachment":"scroll","background-type":"","background-media":"","overlay-type":"","overlay-color":"","overlay-opacity":"","overlay-gradient":""},"tablet":{"background-color":"","background-image":"","background-repeat":"repeat","background-position":"center center","background-size":"auto","background-attachment":"scroll","background-type":"","background-media":"","overlay-type":"","overlay-color":"","overlay-opacity":"","overlay-gradient":""},"mobile":{"background-color":"","background-image":"","background-repeat":"repeat","background-position":"center center","background-size":"auto","background-attachment":"scroll","background-type":"","background-media":"","overlay-type":"","overlay-color":"","overlay-opacity":"","overlay-gradient":""}},"ast-content-background-meta":{"desktop":{"background-color":"var(--ast-global-color-5)","background-image":"","background-repeat":"repeat","background-position":"center center","background-size":"auto","background-attachment":"scroll","background-type":"","background-media":"","overlay-type":"","overlay-color":"","overlay-opacity":"","overlay-gradient":""},"tablet":{"background-color":"var(--ast-global-color-5)","background-image":"","background-repeat":"repeat","background-position":"center center","background-size":"auto","background-attachment":"scroll","background-type":"","background-media":"","overlay-type":"","overlay-color":"","overlay-opacity":"","overlay-gradient":""},"mobile":{"background-color":"var(--ast-global-color-5)","background-image":"","background-repeat":"repeat","background-position":"center center","background-size":"auto","background-attachment":"scroll","background-type":"","background-media":"","overlay-type":"","overlay-color":"","overlay-opacity":"","overlay-gradient":""}}},"product_brand":[],"product_cat":[126,123],"product_tag":[],"class_list":{"0":"post-6896","1":"product","2":"type-product","3":"status-publish","4":"has-post-thumbnail","6":"product_cat-elektros-prekes","7":"product_cat-kiti-prekes-zenklai","8":"desktop-align-left","9":"tablet-align-left","10":"mobile-align-left","11":"ast-product-gallery-layout-horizontal-slider","12":"ast-product-tabs-layout-horizontal","14":"first","15":"onbackorder","16":"taxable","17":"shipping-taxable","18":"purchasable","19":"product-type-simple"},"yoast_head":"<!-- This site is optimized with the Yoast SEO plugin v26.6 - https:\/\/yoast.com\/wordpress\/plugins\/seo\/ -->\n<title>DRQD-25-90-YSRJ-A-AL-FW | PLC Supply spot<\/title>\n<meta name=\"description\" content=\"Festo DRQD-25-90-YSRJ-A-AL-FW kompakti\u0161ka sukimo pavara, 25 mm dyd\u017eio, 90\u00b0 kampo jud\u0117jimui pramonin\u0117se automatizacijos sistemose.\" \/>\n<meta name=\"robots\" content=\"index, follow, max-snippet:-1, max-image-preview:large, max-video-preview:-1\" \/>\n<link rel=\"canonical\" href=\"https:\/\/plcsupplyspot.com\/lt\/automatikos-komponentai\/drqd-25-90-ysrj-a-al-fw\/\" \/>\n<meta property=\"og:locale\" content=\"lt_LT\" \/>\n<meta property=\"og:type\" content=\"article\" \/>\n<meta property=\"og:title\" content=\"DRQD-25-90-YSRJ-A-AL-FW | PLC Supply spot\" \/>\n<meta property=\"og:description\" content=\"Festo DRQD-25-90-YSRJ-A-AL-FW kompakti\u0161ka sukimo pavara, 25 mm dyd\u017eio, 90\u00b0 kampo jud\u0117jimui pramonin\u0117se automatizacijos sistemose.\" \/>\n<meta property=\"og:url\" content=\"https:\/\/plcsupplyspot.com\/lt\/automatikos-komponentai\/drqd-25-90-ysrj-a-al-fw\/\" \/>\n<meta property=\"og:site_name\" content=\"PLC Supply spot\" \/>\n<meta property=\"article:publisher\" content=\"https:\/\/www.facebook.com\/profile.php?id=61571705128033\" \/>\n<meta property=\"article:modified_time\" content=\"2025-11-11T13:20:14+00:00\" \/>\n<meta property=\"og:image\" content=\"https:\/\/plcsupplyspot.com\/wp-content\/uploads\/2025\/11\/09_09_2024_17_56_11_563347_Festo_DRQD_B_25_90_YSRJ_A_AR_FW.jpeg\" \/>\n\t<meta property=\"og:image:width\" content=\"1024\" \/>\n\t<meta property=\"og:image:height\" content=\"769\" \/>\n\t<meta property=\"og:image:type\" content=\"image\/jpeg\" \/>\n<meta name=\"twitter:card\" content=\"summary_large_image\" \/>\n<meta name=\"twitter:label1\" content=\"Est. reading time\" \/>\n\t<meta name=\"twitter:data1\" content=\"1 minut\u0117\" \/>\n<!-- \/ Yoast SEO plugin. -->","yoast_head_json":{"title":"DRQD-25-90-YSRJ-A-AL-FW | PLC Supply spot","description":"Festo DRQD-25-90-YSRJ-A-AL-FW kompakti\u0161ka sukimo pavara, 25 mm dyd\u017eio, 90\u00b0 kampo jud\u0117jimui pramonin\u0117se automatizacijos sistemose.","robots":{"index":"index","follow":"follow","max-snippet":"max-snippet:-1","max-image-preview":"max-image-preview:large","max-video-preview":"max-video-preview:-1"},"canonical":"https:\/\/plcsupplyspot.com\/lt\/automatikos-komponentai\/drqd-25-90-ysrj-a-al-fw\/","og_locale":"lt_LT","og_type":"article","og_title":"DRQD-25-90-YSRJ-A-AL-FW | PLC Supply spot","og_description":"Festo DRQD-25-90-YSRJ-A-AL-FW kompakti\u0161ka sukimo pavara, 25 mm dyd\u017eio, 90\u00b0 kampo jud\u0117jimui pramonin\u0117se automatizacijos sistemose.","og_url":"https:\/\/plcsupplyspot.com\/lt\/automatikos-komponentai\/drqd-25-90-ysrj-a-al-fw\/","og_site_name":"PLC Supply spot","article_publisher":"https:\/\/www.facebook.com\/profile.php?id=61571705128033","article_modified_time":"2025-11-11T13:20:14+00:00","og_image":[{"width":1024,"height":769,"url":"https:\/\/plcsupplyspot.com\/wp-content\/uploads\/2025\/11\/09_09_2024_17_56_11_563347_Festo_DRQD_B_25_90_YSRJ_A_AR_FW.jpeg","type":"image\/jpeg"}],"twitter_card":"summary_large_image","twitter_misc":{"Est. reading time":"1 minut\u0117"},"schema":{"@context":"https:\/\/schema.org","@graph":[{"@type":"WebPage","@id":"https:\/\/plcsupplyspot.com\/lt\/automatikos-komponentai\/drqd-25-90-ysrj-a-al-fw\/","url":"https:\/\/plcsupplyspot.com\/lt\/automatikos-komponentai\/drqd-25-90-ysrj-a-al-fw\/","name":"DRQD-25-90-YSRJ-A-AL-FW | PLC Supply spot","isPartOf":{"@id":"https:\/\/plcsupplyspot.com\/lt\/#website"},"primaryImageOfPage":{"@id":"https:\/\/plcsupplyspot.com\/lt\/automatikos-komponentai\/drqd-25-90-ysrj-a-al-fw\/#primaryimage"},"image":{"@id":"https:\/\/plcsupplyspot.com\/lt\/automatikos-komponentai\/drqd-25-90-ysrj-a-al-fw\/#primaryimage"},"thumbnailUrl":"https:\/\/plcsupplyspot.com\/wp-content\/uploads\/2025\/11\/09_09_2024_17_56_11_563347_Festo_DRQD_B_25_90_YSRJ_A_AR_FW.jpeg","datePublished":"2025-11-11T12:49:55+00:00","dateModified":"2025-11-11T13:20:14+00:00","description":"Festo DRQD-25-90-YSRJ-A-AL-FW kompakti\u0161ka sukimo pavara, 25 mm dyd\u017eio, 90\u00b0 kampo jud\u0117jimui pramonin\u0117se automatizacijos sistemose.","breadcrumb":{"@id":"https:\/\/plcsupplyspot.com\/lt\/automatikos-komponentai\/drqd-25-90-ysrj-a-al-fw\/#breadcrumb"},"inLanguage":"lt-LT","potentialAction":[{"@type":"ReadAction","target":["https:\/\/plcsupplyspot.com\/lt\/automatikos-komponentai\/drqd-25-90-ysrj-a-al-fw\/"]}]},{"@type":"ImageObject","inLanguage":"lt-LT","@id":"https:\/\/plcsupplyspot.com\/lt\/automatikos-komponentai\/drqd-25-90-ysrj-a-al-fw\/#primaryimage","url":"https:\/\/plcsupplyspot.com\/wp-content\/uploads\/2025\/11\/09_09_2024_17_56_11_563347_Festo_DRQD_B_25_90_YSRJ_A_AR_FW.jpeg","contentUrl":"https:\/\/plcsupplyspot.com\/wp-content\/uploads\/2025\/11\/09_09_2024_17_56_11_563347_Festo_DRQD_B_25_90_YSRJ_A_AR_FW.jpeg","width":1024,"height":769,"caption":"d26e8e081b01bd3cd3e99bb25cb32c73100be7ffe419b3150505b9d8c8f5ec149ba16a64e32e37ccc863957c250c08484af7f33fe4f9013aca337fb06045dc5c9ae62da9df6ff9b435b95bf101a63c46"},{"@type":"BreadcrumbList","@id":"https:\/\/plcsupplyspot.com\/lt\/automatikos-komponentai\/drqd-25-90-ysrj-a-al-fw\/#breadcrumb","itemListElement":[{"@type":"ListItem","position":1,"name":"home","item":"https:\/\/plcsupplyspot.com\/lt\/"},{"@type":"ListItem","position":2,"name":"Automatikos komponentai","item":"https:\/\/plcsupplyspot.com\/lt\/automatikos-komponentai\/"},{"@type":"ListItem","position":3,"name":"DRQD-25-90-YSRJ-A-AL-FW"}]},{"@type":"WebSite","@id":"https:\/\/plcsupplyspot.com\/lt\/#website","url":"https:\/\/plcsupplyspot.com\/lt\/","name":"PLC Supply Spot","description":"Innovate. Accelerate. Automate!","publisher":{"@id":"https:\/\/plcsupplyspot.com\/lt\/#organization"},"potentialAction":[{"@type":"SearchAction","target":{"@type":"EntryPoint","urlTemplate":"https:\/\/plcsupplyspot.com\/lt\/?s={search_term_string}"},"query-input":{"@type":"PropertyValueSpecification","valueRequired":true,"valueName":"search_term_string"}}],"inLanguage":"lt-LT"},{"@type":"Organization","@id":"https:\/\/plcsupplyspot.com\/lt\/#organization","name":"PLC Supply Spot","alternateName":"PLC Supply Spot","url":"https:\/\/plcsupplyspot.com\/lt\/","logo":{"@type":"ImageObject","inLanguage":"lt-LT","@id":"https:\/\/plcsupplyspot.com\/lt\/#\/schema\/logo\/image\/","url":"https:\/\/plcsupplyspot.com\/wp-content\/uploads\/2026\/01\/plc-supply-spot-logo-1.png","contentUrl":"https:\/\/plcsupplyspot.com\/wp-content\/uploads\/2026\/01\/plc-supply-spot-logo-1.png","width":720,"height":720,"caption":"PLC Supply Spot"},"image":{"@id":"https:\/\/plcsupplyspot.com\/lt\/#\/schema\/logo\/image\/"},"sameAs":["https:\/\/www.facebook.com\/profile.php?id=61571705128033"]}]}},"_links":{"self":[{"href":"https:\/\/plcsupplyspot.com\/lt\/wp-json\/wp\/v2\/product\/6896","targetHints":{"allow":["GET"]}}],"collection":[{"href":"https:\/\/plcsupplyspot.com\/lt\/wp-json\/wp\/v2\/product"}],"about":[{"href":"https:\/\/plcsupplyspot.com\/lt\/wp-json\/wp\/v2\/types\/product"}],"version-history":[{"count":3,"href":"https:\/\/plcsupplyspot.com\/lt\/wp-json\/wp\/v2\/product\/6896\/revisions"}],"predecessor-version":[{"id":6906,"href":"https:\/\/plcsupplyspot.com\/lt\/wp-json\/wp\/v2\/product\/6896\/revisions\/6906"}],"wp:featuredmedia":[{"embeddable":true,"href":"https:\/\/plcsupplyspot.com\/lt\/wp-json\/wp\/v2\/media\/6902"}],"wp:attachment":[{"href":"https:\/\/plcsupplyspot.com\/lt\/wp-json\/wp\/v2\/media?parent=6896"}],"wp:term":[{"taxonomy":"product_brand","embeddable":true,"href":"https:\/\/plcsupplyspot.com\/lt\/wp-json\/wp\/v2\/product_brand?post=6896"},{"taxonomy":"product_cat","embeddable":true,"href":"https:\/\/plcsupplyspot.com\/lt\/wp-json\/wp\/v2\/product_cat?post=6896"},{"taxonomy":"product_tag","embeddable":true,"href":"https:\/\/plcsupplyspot.com\/lt\/wp-json\/wp\/v2\/product_tag?post=6896"}],"curies":[{"name":"wp","href":"https:\/\/api.w.org\/{rel}","templated":true}]}}