{"id":6868,"date":"2025-11-10T12:29:24","date_gmt":"2025-11-10T12:29:24","guid":{"rendered":"https:\/\/plcsupplyspot.com\/?post_type=product&#038;p=6868"},"modified":"2025-11-10T13:29:46","modified_gmt":"2025-11-10T13:29:46","slug":"1785-l40b","status":"publish","type":"product","link":"https:\/\/plcsupplyspot.com\/lt\/automatikos-komponentai\/1785-l40b\/","title":{"rendered":"1785-L40B"},"content":{"rendered":"<p data-start=\"2131\" data-end=\"2199\"><strong data-start=\"2131\" data-end=\"2199\">Allen-Bradley 1785-L40B \u2013 PLC-5 serijos programuojamas valdiklis<\/strong><\/p>\n<p data-start=\"2201\" data-end=\"2554\">Allen-Bradley 1785-L40B yra modulinis PLC valdiklis, skirtas pramon\u0117s automatizacijos sistemoms, kur reikalingas patikimas ir nuolatinis proces\u0173 valdymas. Valdiklis palaiko skaitmeninius ir analoginius I\/O modulius ir integruojasi \u012f PLC-5 valdymo architekt\u016bras. Da\u017eniausiai naudojamas gamybos, transportavimo, logistikos ir proces\u0173 valdymo \u012frenginiuose.<\/p>\n<p data-start=\"2556\" data-end=\"2813\"><strong data-start=\"2556\" data-end=\"2584\">Pagrindiniai privalumai:<\/strong><br data-start=\"2584\" data-end=\"2587\" \/>\u2022 PLC-5 serijos modulin\u0117 architekt\u016bra<br data-start=\"2624\" data-end=\"2627\" \/>\u2022 Tinka ilgalaikiam ir nuolatiniam darbui<br data-start=\"2668\" data-end=\"2671\" \/>\u2022 Palaiko skaitmenines ir analogines I\/O sistemas<br data-start=\"2720\" data-end=\"2723\" \/>\u2022 Suderinamas su PLC-5 komunikacij\u0173 tinklais<br data-start=\"2767\" data-end=\"2770\" \/>\u2022 Patikimas veikimas pramonin\u0117mis s\u0105lygomis<\/p>\n<p data-start=\"2815\" data-end=\"3035\"><strong data-start=\"2815\" data-end=\"2834\">Kur naudojamas:<\/strong><br data-start=\"2834\" data-end=\"2837\" \/>\u2022 Gamybos automatizacijos sistemose<br data-start=\"2872\" data-end=\"2875\" \/>\u2022 Pakavimo ir surinkimo linijose<br data-start=\"2907\" data-end=\"2910\" \/>\u2022 Transportavimo ir konvejeri\u0173 sistemose<br data-start=\"2950\" data-end=\"2953\" \/>\u2022 Pramonini\u0173 proces\u0173 kontrol\u0117je<br data-start=\"2984\" data-end=\"2987\" \/>\u2022 Nauding\u0173j\u0173 i\u0161tekli\u0173 ir infrastrukt\u016bros valdyme<\/p>\n<p data-start=\"3037\" data-end=\"3176\"><strong data-start=\"3037\" data-end=\"3056\">Apie gamintoj\u0105:<\/strong><br data-start=\"3056\" data-end=\"3059\" \/>Allen-Bradley (Rockwell Automation) \u2013 pasaulin\u0117 pramonin\u0117s automatikos lyder\u0117, \u017einoma d\u0117l patikim\u0173 valdymo platform\u0173.<\/p>\n","protected":false},"excerpt":{"rendered":"<p data-start=\"829\" data-end=\"1011\">Allen-Bradley 1785-L40B \u2013 PLC-5 serijos valdiklis, skirtas patikimam ilgalaikiam pramon\u0117s proces\u0173 valdymui.<\/p>\n","protected":false},"featured_media":6870,"template":"","meta":{"site-sidebar-layout":"no-sidebar","site-content-layout":"default","ast-site-content-layout":"normal-width-container","site-content-style":"default","site-sidebar-style":"default","ast-global-header-display":"","ast-banner-title-visibility":"","ast-main-header-display":"","ast-hfb-above-header-display":"","ast-hfb-below-header-display":"","ast-hfb-mobile-header-display":"","site-post-title":"","ast-breadcrumbs-content":"","ast-featured-img":"","footer-sml-layout":"","ast-disable-related-posts":"","theme-transparent-header-meta":"default","adv-header-id-meta":"","stick-header-meta":"default","header-above-stick-meta":"","header-main-stick-meta":"","header-below-stick-meta":"","astra-migrate-meta-layouts":"set","ast-page-background-enabled":"default","ast-page-background-meta":{"desktop":{"background-color":"","background-image":"","background-repeat":"repeat","background-position":"center center","background-size":"auto","background-attachment":"scroll","background-type":"","background-media":"","overlay-type":"","overlay-color":"","overlay-opacity":"","overlay-gradient":""},"tablet":{"background-color":"","background-image":"","background-repeat":"repeat","background-position":"center center","background-size":"auto","background-attachment":"scroll","background-type":"","background-media":"","overlay-type":"","overlay-color":"","overlay-opacity":"","overlay-gradient":""},"mobile":{"background-color":"","background-image":"","background-repeat":"repeat","background-position":"center center","background-size":"auto","background-attachment":"scroll","background-type":"","background-media":"","overlay-type":"","overlay-color":"","overlay-opacity":"","overlay-gradient":""}},"ast-content-background-meta":{"desktop":{"background-color":"var(--ast-global-color-5)","background-image":"","background-repeat":"repeat","background-position":"center center","background-size":"auto","background-attachment":"scroll","background-type":"","background-media":"","overlay-type":"","overlay-color":"","overlay-opacity":"","overlay-gradient":""},"tablet":{"background-color":"var(--ast-global-color-5)","background-image":"","background-repeat":"repeat","background-position":"center center","background-size":"auto","background-attachment":"scroll","background-type":"","background-media":"","overlay-type":"","overlay-color":"","overlay-opacity":"","overlay-gradient":""},"mobile":{"background-color":"var(--ast-global-color-5)","background-image":"","background-repeat":"repeat","background-position":"center center","background-size":"auto","background-attachment":"scroll","background-type":"","background-media":"","overlay-type":"","overlay-color":"","overlay-opacity":"","overlay-gradient":""}}},"product_brand":[],"product_cat":[116,117],"product_tag":[],"class_list":{"0":"post-6868","1":"product","2":"type-product","3":"status-publish","4":"has-post-thumbnail","6":"product_cat-allen-bradley","7":"product_cat-valdikliai","8":"desktop-align-left","9":"tablet-align-left","10":"mobile-align-left","11":"ast-product-gallery-layout-horizontal-slider","12":"ast-product-tabs-layout-horizontal","14":"first","15":"onbackorder","16":"taxable","17":"shipping-taxable","18":"purchasable","19":"product-type-simple"},"yoast_head":"<!-- This site is optimized with the Yoast SEO plugin v27.3 - https:\/\/yoast.com\/product\/yoast-seo-wordpress\/ -->\n<title>1785-L40B | PLC Supply spot<\/title>\n<meta name=\"description\" content=\"Allen-Bradley 1785-L40B PLC-5 modulinis valdiklis pramon\u0117s proces\u0173 valdymui ir automatizacijai.\" \/>\n<meta name=\"robots\" content=\"index, follow, max-snippet:-1, max-image-preview:large, max-video-preview:-1\" \/>\n<link rel=\"canonical\" href=\"https:\/\/plcsupplyspot.com\/lt\/automatikos-komponentai\/1785-l40b\/\" \/>\n<meta property=\"og:locale\" content=\"lt_LT\" \/>\n<meta property=\"og:type\" content=\"article\" \/>\n<meta property=\"og:title\" content=\"1785-L40B | PLC Supply spot\" \/>\n<meta property=\"og:description\" content=\"Allen-Bradley 1785-L40B PLC-5 modulinis valdiklis pramon\u0117s proces\u0173 valdymui ir automatizacijai.\" \/>\n<meta property=\"og:url\" content=\"https:\/\/plcsupplyspot.com\/lt\/automatikos-komponentai\/1785-l40b\/\" \/>\n<meta property=\"og:site_name\" content=\"PLC Supply spot\" \/>\n<meta property=\"article:publisher\" content=\"https:\/\/www.facebook.com\/profile.php?id=61571705128033\" \/>\n<meta property=\"article:modified_time\" content=\"2025-11-10T13:29:46+00:00\" \/>\n<meta property=\"og:image\" content=\"https:\/\/plcsupplyspot.com\/wp-content\/uploads\/2025\/11\/1785-L40B-B_600.jpg\" \/>\n\t<meta property=\"og:image:width\" content=\"600\" \/>\n\t<meta property=\"og:image:height\" content=\"600\" \/>\n\t<meta property=\"og:image:type\" content=\"image\/jpeg\" \/>\n<meta name=\"twitter:card\" content=\"summary_large_image\" \/>\n<meta name=\"twitter:label1\" content=\"Est. reading time\" \/>\n\t<meta name=\"twitter:data1\" content=\"1 minut\u0117\" \/>\n<!-- \/ Yoast SEO plugin. -->","yoast_head_json":{"title":"1785-L40B | PLC Supply spot","description":"Allen-Bradley 1785-L40B PLC-5 modulinis valdiklis pramon\u0117s proces\u0173 valdymui ir automatizacijai.","robots":{"index":"index","follow":"follow","max-snippet":"max-snippet:-1","max-image-preview":"max-image-preview:large","max-video-preview":"max-video-preview:-1"},"canonical":"https:\/\/plcsupplyspot.com\/lt\/automatikos-komponentai\/1785-l40b\/","og_locale":"lt_LT","og_type":"article","og_title":"1785-L40B | PLC Supply spot","og_description":"Allen-Bradley 1785-L40B PLC-5 modulinis valdiklis pramon\u0117s proces\u0173 valdymui ir automatizacijai.","og_url":"https:\/\/plcsupplyspot.com\/lt\/automatikos-komponentai\/1785-l40b\/","og_site_name":"PLC Supply spot","article_publisher":"https:\/\/www.facebook.com\/profile.php?id=61571705128033","article_modified_time":"2025-11-10T13:29:46+00:00","og_image":[{"width":600,"height":600,"url":"https:\/\/plcsupplyspot.com\/wp-content\/uploads\/2025\/11\/1785-L40B-B_600.jpg","type":"image\/jpeg"}],"twitter_card":"summary_large_image","twitter_misc":{"Est. reading time":"1 minut\u0117"},"schema":{"@context":"https:\/\/schema.org","@graph":[{"@type":"WebPage","@id":"https:\/\/plcsupplyspot.com\/lt\/automatikos-komponentai\/1785-l40b\/","url":"https:\/\/plcsupplyspot.com\/lt\/automatikos-komponentai\/1785-l40b\/","name":"1785-L40B | PLC Supply spot","isPartOf":{"@id":"https:\/\/plcsupplyspot.com\/lt\/#website"},"primaryImageOfPage":{"@id":"https:\/\/plcsupplyspot.com\/lt\/automatikos-komponentai\/1785-l40b\/#primaryimage"},"image":{"@id":"https:\/\/plcsupplyspot.com\/lt\/automatikos-komponentai\/1785-l40b\/#primaryimage"},"thumbnailUrl":"https:\/\/plcsupplyspot.com\/wp-content\/uploads\/2025\/11\/1785-L40B-B_600.jpg","datePublished":"2025-11-10T12:29:24+00:00","dateModified":"2025-11-10T13:29:46+00:00","description":"Allen-Bradley 1785-L40B PLC-5 modulinis valdiklis pramon\u0117s proces\u0173 valdymui ir automatizacijai.","breadcrumb":{"@id":"https:\/\/plcsupplyspot.com\/lt\/automatikos-komponentai\/1785-l40b\/#breadcrumb"},"inLanguage":"lt-LT","potentialAction":[{"@type":"ReadAction","target":["https:\/\/plcsupplyspot.com\/lt\/automatikos-komponentai\/1785-l40b\/"]}]},{"@type":"ImageObject","inLanguage":"lt-LT","@id":"https:\/\/plcsupplyspot.com\/lt\/automatikos-komponentai\/1785-l40b\/#primaryimage","url":"https:\/\/plcsupplyspot.com\/wp-content\/uploads\/2025\/11\/1785-L40B-B_600.jpg","contentUrl":"https:\/\/plcsupplyspot.com\/wp-content\/uploads\/2025\/11\/1785-L40B-B_600.jpg","width":600,"height":600},{"@type":"BreadcrumbList","@id":"https:\/\/plcsupplyspot.com\/lt\/automatikos-komponentai\/1785-l40b\/#breadcrumb","itemListElement":[{"@type":"ListItem","position":1,"name":"home","item":"https:\/\/plcsupplyspot.com\/lt\/"},{"@type":"ListItem","position":2,"name":"Automatikos komponentai","item":"https:\/\/plcsupplyspot.com\/lt\/automatikos-komponentai\/"},{"@type":"ListItem","position":3,"name":"1785-L40B"}]},{"@type":"WebSite","@id":"https:\/\/plcsupplyspot.com\/lt\/#website","url":"https:\/\/plcsupplyspot.com\/lt\/","name":"PLC Supply Spot","description":"Innovate. Accelerate. Automate!","publisher":{"@id":"https:\/\/plcsupplyspot.com\/lt\/#organization"},"potentialAction":[{"@type":"SearchAction","target":{"@type":"EntryPoint","urlTemplate":"https:\/\/plcsupplyspot.com\/lt\/?s={search_term_string}"},"query-input":{"@type":"PropertyValueSpecification","valueRequired":true,"valueName":"search_term_string"}}],"inLanguage":"lt-LT"},{"@type":"Organization","@id":"https:\/\/plcsupplyspot.com\/lt\/#organization","name":"PLC Supply Spot","alternateName":"PLC Supply Spot","url":"https:\/\/plcsupplyspot.com\/lt\/","logo":{"@type":"ImageObject","inLanguage":"lt-LT","@id":"https:\/\/plcsupplyspot.com\/lt\/#\/schema\/logo\/image\/","url":"https:\/\/plcsupplyspot.com\/wp-content\/uploads\/2026\/01\/plc-supply-spot-logo-1.png","contentUrl":"https:\/\/plcsupplyspot.com\/wp-content\/uploads\/2026\/01\/plc-supply-spot-logo-1.png","width":720,"height":720,"caption":"PLC Supply Spot"},"image":{"@id":"https:\/\/plcsupplyspot.com\/lt\/#\/schema\/logo\/image\/"},"sameAs":["https:\/\/www.facebook.com\/profile.php?id=61571705128033"]}]}},"_links":{"self":[{"href":"https:\/\/plcsupplyspot.com\/lt\/wp-json\/wp\/v2\/product\/6868","targetHints":{"allow":["GET"]}}],"collection":[{"href":"https:\/\/plcsupplyspot.com\/lt\/wp-json\/wp\/v2\/product"}],"about":[{"href":"https:\/\/plcsupplyspot.com\/lt\/wp-json\/wp\/v2\/types\/product"}],"version-history":[{"count":3,"href":"https:\/\/plcsupplyspot.com\/lt\/wp-json\/wp\/v2\/product\/6868\/revisions"}],"predecessor-version":[{"id":6876,"href":"https:\/\/plcsupplyspot.com\/lt\/wp-json\/wp\/v2\/product\/6868\/revisions\/6876"}],"wp:featuredmedia":[{"embeddable":true,"href":"https:\/\/plcsupplyspot.com\/lt\/wp-json\/wp\/v2\/media\/6870"}],"wp:attachment":[{"href":"https:\/\/plcsupplyspot.com\/lt\/wp-json\/wp\/v2\/media?parent=6868"}],"wp:term":[{"taxonomy":"product_brand","embeddable":true,"href":"https:\/\/plcsupplyspot.com\/lt\/wp-json\/wp\/v2\/product_brand?post=6868"},{"taxonomy":"product_cat","embeddable":true,"href":"https:\/\/plcsupplyspot.com\/lt\/wp-json\/wp\/v2\/product_cat?post=6868"},{"taxonomy":"product_tag","embeddable":true,"href":"https:\/\/plcsupplyspot.com\/lt\/wp-json\/wp\/v2\/product_tag?post=6868"}],"curies":[{"name":"wp","href":"https:\/\/api.w.org\/{rel}","templated":true}]}}