{"id":6828,"date":"2025-11-07T09:52:20","date_gmt":"2025-11-07T09:52:20","guid":{"rendered":"https:\/\/plcsupplyspot.com\/?post_type=product&#038;p=6828"},"modified":"2025-11-07T10:01:13","modified_gmt":"2025-11-07T10:01:13","slug":"889d-f5acdm-10","status":"publish","type":"product","link":"https:\/\/plcsupplyspot.com\/lt\/automatikos-komponentai\/889d-f5acdm-10\/","title":{"rendered":"889D-F5ACDM-10"},"content":{"rendered":"<p data-start=\"2116\" data-end=\"2202\"><strong data-start=\"2116\" data-end=\"2202\">Allen-Bradley 889D-F5ACDM-10 \u2013 dvigubas M12 kabelis jutikli\u0173 ir pavar\u0173 prijungimui<\/strong><\/p>\n<p data-start=\"2204\" data-end=\"2606\">Allen-Bradley 889D-F5ACDM-10 yra patvarus pramoninis kabelis su 5 kontakt\u0173 M12 male jungtimis abiejuose galuose. Jis naudojamas jutikli\u0173, pavar\u0173 ir I\/O komponent\u0173 prijungimui automatizacijos sistemose. Kabelis pasi\u017eymi atspariu apvalkalu ir u\u017etikrina patikim\u0105 signalo perdavim\u0105 nuolatin\u0117se pramonin\u0117se darbo s\u0105lygose. 10 metr\u0173 ilgis leid\u017eia lanks\u010diai montuoti kabel\u012f \u012frangos viduje ir gamybos linijose.<\/p>\n<p data-start=\"2608\" data-end=\"2832\"><strong data-start=\"2608\" data-end=\"2636\">Pagrindiniai privalumai:<\/strong><br data-start=\"2636\" data-end=\"2639\" \/>\u2022 M12 5 kontakt\u0173 male-male jungtys<br data-start=\"2673\" data-end=\"2676\" \/>\u2022 Kabelio ilgis: 10 m<br data-start=\"2697\" data-end=\"2700\" \/>\u2022 Skirtas pramoninei automatizacijai<br data-start=\"2736\" data-end=\"2739\" \/>\u2022 Atsparus, patvarus apvalkalas<br data-start=\"2770\" data-end=\"2773\" \/>\u2022 Stabilus signalo perdavimas jutikliams ir valdymo \u012frangai<\/p>\n<p data-start=\"2834\" data-end=\"3024\"><strong data-start=\"2834\" data-end=\"2853\">Kur naudojamas:<\/strong><br data-start=\"2853\" data-end=\"2856\" \/>\u2022 Jutikli\u0173 ir pavar\u0173 sujungimui ma\u0161inose<br data-start=\"2896\" data-end=\"2899\" \/>\u2022 Konvejeri\u0173 ir pakavimo linijose<br data-start=\"2932\" data-end=\"2935\" \/>\u2022 I\/O valdymo blok\u0173 laidynuose<br data-start=\"2965\" data-end=\"2968\" \/>\u2022 Valdymo skydo ir lauko \u012frengini\u0173 tarpusavio jungimuose<\/p>\n<p data-start=\"3026\" data-end=\"3191\"><strong data-start=\"3026\" data-end=\"3045\">Apie gamintoj\u0105:<\/strong><br data-start=\"3045\" data-end=\"3048\" \/>Allen-Bradley (Rockwell Automation) \u2013 pasaulin\u0117 pramonin\u0117s automatikos lyder\u0117, gaminanti patikimus ir profesionalius jungiamuosius komponentus.<\/p>\n","protected":false},"excerpt":{"rendered":"<p data-start=\"726\" data-end=\"906\">Allen-Bradley 889D-F5ACDM-10 5 kontakt\u0173 M12 male-male kabelis, 10 m, pramonini\u0173 jutikli\u0173 ir pavar\u0173 prijungimui.<\/p>\n","protected":false},"featured_media":6830,"template":"","meta":{"site-sidebar-layout":"no-sidebar","site-content-layout":"default","ast-site-content-layout":"normal-width-container","site-content-style":"default","site-sidebar-style":"default","ast-global-header-display":"","ast-banner-title-visibility":"","ast-main-header-display":"","ast-hfb-above-header-display":"","ast-hfb-below-header-display":"","ast-hfb-mobile-header-display":"","site-post-title":"","ast-breadcrumbs-content":"","ast-featured-img":"","footer-sml-layout":"","ast-disable-related-posts":"","theme-transparent-header-meta":"default","adv-header-id-meta":"","stick-header-meta":"default","header-above-stick-meta":"","header-main-stick-meta":"","header-below-stick-meta":"","astra-migrate-meta-layouts":"set","ast-page-background-enabled":"default","ast-page-background-meta":{"desktop":{"background-color":"","background-image":"","background-repeat":"repeat","background-position":"center center","background-size":"auto","background-attachment":"scroll","background-type":"","background-media":"","overlay-type":"","overlay-color":"","overlay-opacity":"","overlay-gradient":""},"tablet":{"background-color":"","background-image":"","background-repeat":"repeat","background-position":"center center","background-size":"auto","background-attachment":"scroll","background-type":"","background-media":"","overlay-type":"","overlay-color":"","overlay-opacity":"","overlay-gradient":""},"mobile":{"background-color":"","background-image":"","background-repeat":"repeat","background-position":"center center","background-size":"auto","background-attachment":"scroll","background-type":"","background-media":"","overlay-type":"","overlay-color":"","overlay-opacity":"","overlay-gradient":""}},"ast-content-background-meta":{"desktop":{"background-color":"var(--ast-global-color-5)","background-image":"","background-repeat":"repeat","background-position":"center center","background-size":"auto","background-attachment":"scroll","background-type":"","background-media":"","overlay-type":"","overlay-color":"","overlay-opacity":"","overlay-gradient":""},"tablet":{"background-color":"var(--ast-global-color-5)","background-image":"","background-repeat":"repeat","background-position":"center center","background-size":"auto","background-attachment":"scroll","background-type":"","background-media":"","overlay-type":"","overlay-color":"","overlay-opacity":"","overlay-gradient":""},"mobile":{"background-color":"var(--ast-global-color-5)","background-image":"","background-repeat":"repeat","background-position":"center center","background-size":"auto","background-attachment":"scroll","background-type":"","background-media":"","overlay-type":"","overlay-color":"","overlay-opacity":"","overlay-gradient":""}}},"product_brand":[],"product_cat":[126,116],"product_tag":[],"class_list":{"0":"post-6828","1":"product","2":"type-product","3":"status-publish","4":"has-post-thumbnail","6":"product_cat-elektros-prekes","7":"product_cat-allen-bradley","8":"desktop-align-left","9":"tablet-align-left","10":"mobile-align-left","11":"ast-product-gallery-layout-horizontal-slider","12":"ast-product-tabs-layout-horizontal","14":"first","15":"onbackorder","16":"taxable","17":"shipping-taxable","18":"purchasable","19":"product-type-simple"},"yoast_head":"<!-- This site is optimized with the Yoast SEO plugin v26.6 - https:\/\/yoast.com\/wordpress\/plugins\/seo\/ -->\n<title>889D-F5ACDM-10 | PLC Supply spot<\/title>\n<meta name=\"description\" content=\"Allen-Bradley 889D-F5ACDM-10 5 kontakt\u0173 M12 male-male kabelis, 10 m, pramonini\u0173 jutikli\u0173 ir pavar\u0173 prijungimui.\" \/>\n<meta name=\"robots\" content=\"index, follow, max-snippet:-1, max-image-preview:large, max-video-preview:-1\" \/>\n<link rel=\"canonical\" href=\"https:\/\/plcsupplyspot.com\/lt\/automatikos-komponentai\/889d-f5acdm-10\/\" \/>\n<meta property=\"og:locale\" content=\"lt_LT\" \/>\n<meta property=\"og:type\" content=\"article\" \/>\n<meta property=\"og:title\" content=\"889D-F5ACDM-10 | PLC Supply spot\" \/>\n<meta property=\"og:description\" content=\"Allen-Bradley 889D-F5ACDM-10 5 kontakt\u0173 M12 male-male kabelis, 10 m, pramonini\u0173 jutikli\u0173 ir pavar\u0173 prijungimui.\" \/>\n<meta property=\"og:url\" content=\"https:\/\/plcsupplyspot.com\/lt\/automatikos-komponentai\/889d-f5acdm-10\/\" \/>\n<meta property=\"og:site_name\" content=\"PLC Supply spot\" \/>\n<meta property=\"article:publisher\" content=\"https:\/\/www.facebook.com\/profile.php?id=61571705128033\" \/>\n<meta property=\"article:modified_time\" content=\"2025-11-07T10:01:13+00:00\" \/>\n<meta property=\"og:image\" content=\"https:\/\/plcsupplyspot.com\/wp-content\/uploads\/2025\/11\/fa497395cb55199266860fff5ab5a8a630564d20-large.png\" \/>\n\t<meta property=\"og:image:width\" content=\"1000\" \/>\n\t<meta property=\"og:image:height\" content=\"1000\" \/>\n\t<meta property=\"og:image:type\" content=\"image\/png\" \/>\n<meta name=\"twitter:card\" content=\"summary_large_image\" \/>\n<meta name=\"twitter:label1\" content=\"Est. reading time\" \/>\n\t<meta name=\"twitter:data1\" content=\"1 minut\u0117\" \/>\n<!-- \/ Yoast SEO plugin. -->","yoast_head_json":{"title":"889D-F5ACDM-10 | PLC Supply spot","description":"Allen-Bradley 889D-F5ACDM-10 5 kontakt\u0173 M12 male-male kabelis, 10 m, pramonini\u0173 jutikli\u0173 ir pavar\u0173 prijungimui.","robots":{"index":"index","follow":"follow","max-snippet":"max-snippet:-1","max-image-preview":"max-image-preview:large","max-video-preview":"max-video-preview:-1"},"canonical":"https:\/\/plcsupplyspot.com\/lt\/automatikos-komponentai\/889d-f5acdm-10\/","og_locale":"lt_LT","og_type":"article","og_title":"889D-F5ACDM-10 | PLC Supply spot","og_description":"Allen-Bradley 889D-F5ACDM-10 5 kontakt\u0173 M12 male-male kabelis, 10 m, pramonini\u0173 jutikli\u0173 ir pavar\u0173 prijungimui.","og_url":"https:\/\/plcsupplyspot.com\/lt\/automatikos-komponentai\/889d-f5acdm-10\/","og_site_name":"PLC Supply spot","article_publisher":"https:\/\/www.facebook.com\/profile.php?id=61571705128033","article_modified_time":"2025-11-07T10:01:13+00:00","og_image":[{"width":1000,"height":1000,"url":"https:\/\/plcsupplyspot.com\/wp-content\/uploads\/2025\/11\/fa497395cb55199266860fff5ab5a8a630564d20-large.png","type":"image\/png"}],"twitter_card":"summary_large_image","twitter_misc":{"Est. reading time":"1 minut\u0117"},"schema":{"@context":"https:\/\/schema.org","@graph":[{"@type":"WebPage","@id":"https:\/\/plcsupplyspot.com\/lt\/automatikos-komponentai\/889d-f5acdm-10\/","url":"https:\/\/plcsupplyspot.com\/lt\/automatikos-komponentai\/889d-f5acdm-10\/","name":"889D-F5ACDM-10 | PLC Supply spot","isPartOf":{"@id":"https:\/\/plcsupplyspot.com\/lt\/#website"},"primaryImageOfPage":{"@id":"https:\/\/plcsupplyspot.com\/lt\/automatikos-komponentai\/889d-f5acdm-10\/#primaryimage"},"image":{"@id":"https:\/\/plcsupplyspot.com\/lt\/automatikos-komponentai\/889d-f5acdm-10\/#primaryimage"},"thumbnailUrl":"https:\/\/plcsupplyspot.com\/wp-content\/uploads\/2025\/11\/fa497395cb55199266860fff5ab5a8a630564d20-large.png","datePublished":"2025-11-07T09:52:20+00:00","dateModified":"2025-11-07T10:01:13+00:00","description":"Allen-Bradley 889D-F5ACDM-10 5 kontakt\u0173 M12 male-male kabelis, 10 m, pramonini\u0173 jutikli\u0173 ir pavar\u0173 prijungimui.","breadcrumb":{"@id":"https:\/\/plcsupplyspot.com\/lt\/automatikos-komponentai\/889d-f5acdm-10\/#breadcrumb"},"inLanguage":"lt-LT","potentialAction":[{"@type":"ReadAction","target":["https:\/\/plcsupplyspot.com\/lt\/automatikos-komponentai\/889d-f5acdm-10\/"]}]},{"@type":"ImageObject","inLanguage":"lt-LT","@id":"https:\/\/plcsupplyspot.com\/lt\/automatikos-komponentai\/889d-f5acdm-10\/#primaryimage","url":"https:\/\/plcsupplyspot.com\/wp-content\/uploads\/2025\/11\/fa497395cb55199266860fff5ab5a8a630564d20-large.png","contentUrl":"https:\/\/plcsupplyspot.com\/wp-content\/uploads\/2025\/11\/fa497395cb55199266860fff5ab5a8a630564d20-large.png","width":1000,"height":1000},{"@type":"BreadcrumbList","@id":"https:\/\/plcsupplyspot.com\/lt\/automatikos-komponentai\/889d-f5acdm-10\/#breadcrumb","itemListElement":[{"@type":"ListItem","position":1,"name":"home","item":"https:\/\/plcsupplyspot.com\/lt\/"},{"@type":"ListItem","position":2,"name":"Automatikos komponentai","item":"https:\/\/plcsupplyspot.com\/lt\/automatikos-komponentai\/"},{"@type":"ListItem","position":3,"name":"889D-F5ACDM-10"}]},{"@type":"WebSite","@id":"https:\/\/plcsupplyspot.com\/lt\/#website","url":"https:\/\/plcsupplyspot.com\/lt\/","name":"PLC Supply Spot","description":"Innovate. Accelerate. Automate!","publisher":{"@id":"https:\/\/plcsupplyspot.com\/lt\/#organization"},"potentialAction":[{"@type":"SearchAction","target":{"@type":"EntryPoint","urlTemplate":"https:\/\/plcsupplyspot.com\/lt\/?s={search_term_string}"},"query-input":{"@type":"PropertyValueSpecification","valueRequired":true,"valueName":"search_term_string"}}],"inLanguage":"lt-LT"},{"@type":"Organization","@id":"https:\/\/plcsupplyspot.com\/lt\/#organization","name":"PLC Supply Spot","alternateName":"PLC Supply Spot","url":"https:\/\/plcsupplyspot.com\/lt\/","logo":{"@type":"ImageObject","inLanguage":"lt-LT","@id":"https:\/\/plcsupplyspot.com\/lt\/#\/schema\/logo\/image\/","url":"https:\/\/plcsupplyspot.com\/wp-content\/uploads\/2026\/01\/plc-supply-spot-logo-1.png","contentUrl":"https:\/\/plcsupplyspot.com\/wp-content\/uploads\/2026\/01\/plc-supply-spot-logo-1.png","width":720,"height":720,"caption":"PLC Supply Spot"},"image":{"@id":"https:\/\/plcsupplyspot.com\/lt\/#\/schema\/logo\/image\/"},"sameAs":["https:\/\/www.facebook.com\/profile.php?id=61571705128033"]}]}},"_links":{"self":[{"href":"https:\/\/plcsupplyspot.com\/lt\/wp-json\/wp\/v2\/product\/6828","targetHints":{"allow":["GET"]}}],"collection":[{"href":"https:\/\/plcsupplyspot.com\/lt\/wp-json\/wp\/v2\/product"}],"about":[{"href":"https:\/\/plcsupplyspot.com\/lt\/wp-json\/wp\/v2\/types\/product"}],"version-history":[{"count":4,"href":"https:\/\/plcsupplyspot.com\/lt\/wp-json\/wp\/v2\/product\/6828\/revisions"}],"predecessor-version":[{"id":6837,"href":"https:\/\/plcsupplyspot.com\/lt\/wp-json\/wp\/v2\/product\/6828\/revisions\/6837"}],"wp:featuredmedia":[{"embeddable":true,"href":"https:\/\/plcsupplyspot.com\/lt\/wp-json\/wp\/v2\/media\/6830"}],"wp:attachment":[{"href":"https:\/\/plcsupplyspot.com\/lt\/wp-json\/wp\/v2\/media?parent=6828"}],"wp:term":[{"taxonomy":"product_brand","embeddable":true,"href":"https:\/\/plcsupplyspot.com\/lt\/wp-json\/wp\/v2\/product_brand?post=6828"},{"taxonomy":"product_cat","embeddable":true,"href":"https:\/\/plcsupplyspot.com\/lt\/wp-json\/wp\/v2\/product_cat?post=6828"},{"taxonomy":"product_tag","embeddable":true,"href":"https:\/\/plcsupplyspot.com\/lt\/wp-json\/wp\/v2\/product_tag?post=6828"}],"curies":[{"name":"wp","href":"https:\/\/api.w.org\/{rel}","templated":true}]}}