{"id":6778,"date":"2025-11-07T09:00:13","date_gmt":"2025-11-07T09:00:13","guid":{"rendered":"https:\/\/plcsupplyspot.com\/?post_type=product&#038;p=6778"},"modified":"2025-12-08T12:57:22","modified_gmt":"2025-12-08T12:57:22","slug":"2098-dsd-hv030x-dn","status":"publish","type":"product","link":"https:\/\/plcsupplyspot.com\/lt\/automatikos-komponentai\/2098-dsd-hv030x-dn\/","title":{"rendered":"2098-DSD-HV030X-DN"},"content":{"rendered":"<p data-start=\"2244\" data-end=\"2362\"><strong data-start=\"2269\" data-end=\"2362\">Allen-Bradley 2098-DSD-HV030X-DN \u2013 Kinetix 5700 servo pavara pramoniniam judesio valdymui<\/strong><\/p>\n<p data-start=\"2364\" data-end=\"2727\">Allen-Bradley 2098-DSD-HV030X-DN yra Kinetix 5700 serijos servo pavara, skirta tiksliam ir dinami\u0161kam judesio valdymui pramonin\u0117se automatizavimo sistemose. Ji pasi\u017eymi auk\u0161tu na\u0161umu, patikimu veikimu ir lengva integracija \u012f Rockwell Automation sprendimus. Integruota DeviceNet komunikacija leid\u017eia efektyviai konfig\u016bruoti, steb\u0117ti ir diagnozuoti pavaros veikim\u0105.<\/p>\n<p data-start=\"2729\" data-end=\"3016\"><strong data-start=\"2729\" data-end=\"2757\">Pagrindiniai privalumai:<\/strong><br data-start=\"2757\" data-end=\"2760\" \/>\u2022 Kinetix 5700 servo pavara<br data-start=\"2787\" data-end=\"2790\" \/>\u2022 Didelio na\u0161umo judesio valdymas<br data-start=\"2823\" data-end=\"2826\" \/>\u2022 Tikslus grei\u010dio, pad\u0117ties ir momento reguliavimas<br data-start=\"2877\" data-end=\"2880\" \/>\u2022 DeviceNet ry\u0161ys<br data-start=\"2897\" data-end=\"2900\" \/>\u2022 Tvirta pramonin\u0117 konstrukcija<br data-start=\"2931\" data-end=\"2934\" \/>\u2022 Patikimas ilgalaikis veikimas<br data-start=\"2965\" data-end=\"2968\" \/>\u2022 Suderinama su Allen-Bradley servo sistemomis<\/p>\n<p data-start=\"3018\" data-end=\"3216\"><strong data-start=\"3018\" data-end=\"3037\">Kur naudojamas:<\/strong><br data-start=\"3037\" data-end=\"3040\" \/>\u2022 Judesio valdymo sistemos<br data-start=\"3066\" data-end=\"3069\" \/>\u2022 Robotika ir automatizavimo \u012franga<br data-start=\"3104\" data-end=\"3107\" \/>\u2022 Pakavimo ir surinkimo linijos<br data-start=\"3138\" data-end=\"3141\" \/>\u2022 Med\u017eiag\u0173 transportavimo sistemos<br data-start=\"3175\" data-end=\"3178\" \/>\u2022 Sinchronizuoto judesio aplikacijos<\/p>\n<p data-start=\"3218\" data-end=\"3400\"><strong data-start=\"3218\" data-end=\"3237\">Apie gamintoj\u0105:<\/strong><br data-start=\"3237\" data-end=\"3240\" \/>Allen-Bradley \u2013 pasaulyje pripa\u017eintas judesio valdymo ir automatikos sprendim\u0173 gamintojas, kurio Kinetix produktai vertinami d\u0117l tikslumo, patikimumo ir na\u0161umo.<\/p>\n","protected":false},"excerpt":{"rendered":"<p data-start=\"726\" data-end=\"906\">Allen-Bradley 2098-DSD-HV030X-DN \u2013 didel\u0117s \u012ftampos Ultra3000 servo pavara su DeviceNet ry\u0161iu ir 30 A pikin\u0117s srov\u0117s i\u0161\u0117jimu tiksliam judesio valdymui.<\/p>\n","protected":false},"featured_media":6780,"template":"","meta":{"site-sidebar-layout":"no-sidebar","site-content-layout":"default","ast-site-content-layout":"normal-width-container","site-content-style":"default","site-sidebar-style":"default","ast-global-header-display":"","ast-banner-title-visibility":"","ast-main-header-display":"","ast-hfb-above-header-display":"","ast-hfb-below-header-display":"","ast-hfb-mobile-header-display":"","site-post-title":"","ast-breadcrumbs-content":"","ast-featured-img":"","footer-sml-layout":"","ast-disable-related-posts":"","theme-transparent-header-meta":"default","adv-header-id-meta":"","stick-header-meta":"default","header-above-stick-meta":"","header-main-stick-meta":"","header-below-stick-meta":"","astra-migrate-meta-layouts":"set","ast-page-background-enabled":"default","ast-page-background-meta":{"desktop":{"background-color":"","background-image":"","background-repeat":"repeat","background-position":"center center","background-size":"auto","background-attachment":"scroll","background-type":"","background-media":"","overlay-type":"","overlay-color":"","overlay-opacity":"","overlay-gradient":""},"tablet":{"background-color":"","background-image":"","background-repeat":"repeat","background-position":"center center","background-size":"auto","background-attachment":"scroll","background-type":"","background-media":"","overlay-type":"","overlay-color":"","overlay-opacity":"","overlay-gradient":""},"mobile":{"background-color":"","background-image":"","background-repeat":"repeat","background-position":"center center","background-size":"auto","background-attachment":"scroll","background-type":"","background-media":"","overlay-type":"","overlay-color":"","overlay-opacity":"","overlay-gradient":""}},"ast-content-background-meta":{"desktop":{"background-color":"var(--ast-global-color-5)","background-image":"","background-repeat":"repeat","background-position":"center center","background-size":"auto","background-attachment":"scroll","background-type":"","background-media":"","overlay-type":"","overlay-color":"","overlay-opacity":"","overlay-gradient":""},"tablet":{"background-color":"var(--ast-global-color-5)","background-image":"","background-repeat":"repeat","background-position":"center center","background-size":"auto","background-attachment":"scroll","background-type":"","background-media":"","overlay-type":"","overlay-color":"","overlay-opacity":"","overlay-gradient":""},"mobile":{"background-color":"var(--ast-global-color-5)","background-image":"","background-repeat":"repeat","background-position":"center center","background-size":"auto","background-attachment":"scroll","background-type":"","background-media":"","overlay-type":"","overlay-color":"","overlay-opacity":"","overlay-gradient":""}}},"product_brand":[],"product_cat":[127,116],"product_tag":[],"class_list":{"0":"post-6778","1":"product","2":"type-product","3":"status-publish","4":"has-post-thumbnail","6":"product_cat-servo-varikliai","7":"product_cat-allen-bradley","8":"desktop-align-left","9":"tablet-align-left","10":"mobile-align-left","11":"ast-product-gallery-layout-horizontal-slider","12":"ast-product-tabs-layout-horizontal","14":"first","15":"onbackorder","16":"taxable","17":"shipping-taxable","18":"purchasable","19":"product-type-simple"},"yoast_head":"<!-- This site is optimized with the Yoast SEO plugin v26.6 - https:\/\/yoast.com\/wordpress\/plugins\/seo\/ -->\n<title>2098-DSD-HV030X-DN | PLC Supply spot<\/title>\n<meta name=\"description\" content=\"Allen-Bradley 2098-DSD-HV030X-DN didel\u0117s \u012ftampos servo pavara, 30 A pikin\u0117 srov\u0117, DeviceNet ry\u0161ys.\" \/>\n<meta name=\"robots\" content=\"index, follow, max-snippet:-1, max-image-preview:large, max-video-preview:-1\" \/>\n<link rel=\"canonical\" href=\"https:\/\/plcsupplyspot.com\/lt\/automatikos-komponentai\/2098-dsd-hv030x-dn\/\" \/>\n<meta property=\"og:locale\" content=\"lt_LT\" \/>\n<meta property=\"og:type\" content=\"article\" \/>\n<meta property=\"og:title\" content=\"2098-DSD-HV030X-DN | PLC Supply spot\" \/>\n<meta property=\"og:description\" content=\"Allen-Bradley 2098-DSD-HV030X-DN didel\u0117s \u012ftampos servo pavara, 30 A pikin\u0117 srov\u0117, DeviceNet ry\u0161ys.\" \/>\n<meta property=\"og:url\" content=\"https:\/\/plcsupplyspot.com\/lt\/automatikos-komponentai\/2098-dsd-hv030x-dn\/\" \/>\n<meta property=\"og:site_name\" content=\"PLC Supply spot\" \/>\n<meta property=\"article:publisher\" content=\"https:\/\/www.facebook.com\/profile.php?id=61571705128033\" \/>\n<meta property=\"article:modified_time\" content=\"2025-12-08T12:57:22+00:00\" \/>\n<meta property=\"og:image\" content=\"https:\/\/plcsupplyspot.com\/wp-content\/uploads\/2025\/11\/0f01003e126b4a8ab968a351eb244807.webp\" \/>\n\t<meta property=\"og:image:width\" content=\"555\" \/>\n\t<meta property=\"og:image:height\" content=\"600\" \/>\n\t<meta property=\"og:image:type\" content=\"image\/webp\" \/>\n<meta name=\"twitter:card\" content=\"summary_large_image\" \/>\n<meta name=\"twitter:label1\" content=\"Est. reading time\" \/>\n\t<meta name=\"twitter:data1\" content=\"1 minut\u0117\" \/>\n<!-- \/ Yoast SEO plugin. -->","yoast_head_json":{"title":"2098-DSD-HV030X-DN | PLC Supply spot","description":"Allen-Bradley 2098-DSD-HV030X-DN didel\u0117s \u012ftampos servo pavara, 30 A pikin\u0117 srov\u0117, DeviceNet ry\u0161ys.","robots":{"index":"index","follow":"follow","max-snippet":"max-snippet:-1","max-image-preview":"max-image-preview:large","max-video-preview":"max-video-preview:-1"},"canonical":"https:\/\/plcsupplyspot.com\/lt\/automatikos-komponentai\/2098-dsd-hv030x-dn\/","og_locale":"lt_LT","og_type":"article","og_title":"2098-DSD-HV030X-DN | PLC Supply spot","og_description":"Allen-Bradley 2098-DSD-HV030X-DN didel\u0117s \u012ftampos servo pavara, 30 A pikin\u0117 srov\u0117, DeviceNet ry\u0161ys.","og_url":"https:\/\/plcsupplyspot.com\/lt\/automatikos-komponentai\/2098-dsd-hv030x-dn\/","og_site_name":"PLC Supply spot","article_publisher":"https:\/\/www.facebook.com\/profile.php?id=61571705128033","article_modified_time":"2025-12-08T12:57:22+00:00","og_image":[{"width":555,"height":600,"url":"https:\/\/plcsupplyspot.com\/wp-content\/uploads\/2025\/11\/0f01003e126b4a8ab968a351eb244807.webp","type":"image\/webp"}],"twitter_card":"summary_large_image","twitter_misc":{"Est. reading time":"1 minut\u0117"},"schema":{"@context":"https:\/\/schema.org","@graph":[{"@type":"WebPage","@id":"https:\/\/plcsupplyspot.com\/lt\/automatikos-komponentai\/2098-dsd-hv030x-dn\/","url":"https:\/\/plcsupplyspot.com\/lt\/automatikos-komponentai\/2098-dsd-hv030x-dn\/","name":"2098-DSD-HV030X-DN | PLC Supply spot","isPartOf":{"@id":"https:\/\/plcsupplyspot.com\/lt\/#website"},"primaryImageOfPage":{"@id":"https:\/\/plcsupplyspot.com\/lt\/automatikos-komponentai\/2098-dsd-hv030x-dn\/#primaryimage"},"image":{"@id":"https:\/\/plcsupplyspot.com\/lt\/automatikos-komponentai\/2098-dsd-hv030x-dn\/#primaryimage"},"thumbnailUrl":"https:\/\/plcsupplyspot.com\/wp-content\/uploads\/2025\/11\/0f01003e126b4a8ab968a351eb244807.webp","datePublished":"2025-11-07T09:00:13+00:00","dateModified":"2025-12-08T12:57:22+00:00","description":"Allen-Bradley 2098-DSD-HV030X-DN didel\u0117s \u012ftampos servo pavara, 30 A pikin\u0117 srov\u0117, DeviceNet ry\u0161ys.","breadcrumb":{"@id":"https:\/\/plcsupplyspot.com\/lt\/automatikos-komponentai\/2098-dsd-hv030x-dn\/#breadcrumb"},"inLanguage":"lt-LT","potentialAction":[{"@type":"ReadAction","target":["https:\/\/plcsupplyspot.com\/lt\/automatikos-komponentai\/2098-dsd-hv030x-dn\/"]}]},{"@type":"ImageObject","inLanguage":"lt-LT","@id":"https:\/\/plcsupplyspot.com\/lt\/automatikos-komponentai\/2098-dsd-hv030x-dn\/#primaryimage","url":"https:\/\/plcsupplyspot.com\/wp-content\/uploads\/2025\/11\/0f01003e126b4a8ab968a351eb244807.webp","contentUrl":"https:\/\/plcsupplyspot.com\/wp-content\/uploads\/2025\/11\/0f01003e126b4a8ab968a351eb244807.webp","width":555,"height":600},{"@type":"BreadcrumbList","@id":"https:\/\/plcsupplyspot.com\/lt\/automatikos-komponentai\/2098-dsd-hv030x-dn\/#breadcrumb","itemListElement":[{"@type":"ListItem","position":1,"name":"home","item":"https:\/\/plcsupplyspot.com\/lt\/"},{"@type":"ListItem","position":2,"name":"Automatikos komponentai","item":"https:\/\/plcsupplyspot.com\/lt\/automatikos-komponentai\/"},{"@type":"ListItem","position":3,"name":"2098-DSD-HV030X-DN"}]},{"@type":"WebSite","@id":"https:\/\/plcsupplyspot.com\/lt\/#website","url":"https:\/\/plcsupplyspot.com\/lt\/","name":"PLC Supply Spot","description":"Innovate. Accelerate. Automate!","publisher":{"@id":"https:\/\/plcsupplyspot.com\/lt\/#organization"},"potentialAction":[{"@type":"SearchAction","target":{"@type":"EntryPoint","urlTemplate":"https:\/\/plcsupplyspot.com\/lt\/?s={search_term_string}"},"query-input":{"@type":"PropertyValueSpecification","valueRequired":true,"valueName":"search_term_string"}}],"inLanguage":"lt-LT"},{"@type":"Organization","@id":"https:\/\/plcsupplyspot.com\/lt\/#organization","name":"PLC Supply Spot","alternateName":"PLC Supply Spot","url":"https:\/\/plcsupplyspot.com\/lt\/","logo":{"@type":"ImageObject","inLanguage":"lt-LT","@id":"https:\/\/plcsupplyspot.com\/lt\/#\/schema\/logo\/image\/","url":"https:\/\/plcsupplyspot.com\/wp-content\/uploads\/2026\/01\/plc-supply-spot-logo-1.png","contentUrl":"https:\/\/plcsupplyspot.com\/wp-content\/uploads\/2026\/01\/plc-supply-spot-logo-1.png","width":720,"height":720,"caption":"PLC Supply Spot"},"image":{"@id":"https:\/\/plcsupplyspot.com\/lt\/#\/schema\/logo\/image\/"},"sameAs":["https:\/\/www.facebook.com\/profile.php?id=61571705128033"]}]}},"_links":{"self":[{"href":"https:\/\/plcsupplyspot.com\/lt\/wp-json\/wp\/v2\/product\/6778","targetHints":{"allow":["GET"]}}],"collection":[{"href":"https:\/\/plcsupplyspot.com\/lt\/wp-json\/wp\/v2\/product"}],"about":[{"href":"https:\/\/plcsupplyspot.com\/lt\/wp-json\/wp\/v2\/types\/product"}],"version-history":[{"count":4,"href":"https:\/\/plcsupplyspot.com\/lt\/wp-json\/wp\/v2\/product\/6778\/revisions"}],"predecessor-version":[{"id":7856,"href":"https:\/\/plcsupplyspot.com\/lt\/wp-json\/wp\/v2\/product\/6778\/revisions\/7856"}],"wp:featuredmedia":[{"embeddable":true,"href":"https:\/\/plcsupplyspot.com\/lt\/wp-json\/wp\/v2\/media\/6780"}],"wp:attachment":[{"href":"https:\/\/plcsupplyspot.com\/lt\/wp-json\/wp\/v2\/media?parent=6778"}],"wp:term":[{"taxonomy":"product_brand","embeddable":true,"href":"https:\/\/plcsupplyspot.com\/lt\/wp-json\/wp\/v2\/product_brand?post=6778"},{"taxonomy":"product_cat","embeddable":true,"href":"https:\/\/plcsupplyspot.com\/lt\/wp-json\/wp\/v2\/product_cat?post=6778"},{"taxonomy":"product_tag","embeddable":true,"href":"https:\/\/plcsupplyspot.com\/lt\/wp-json\/wp\/v2\/product_tag?post=6778"}],"curies":[{"name":"wp","href":"https:\/\/api.w.org\/{rel}","templated":true}]}}