{"id":6671,"date":"2025-11-04T12:20:04","date_gmt":"2025-11-04T12:20:04","guid":{"rendered":"https:\/\/plcsupplyspot.com\/?post_type=product&#038;p=6671"},"modified":"2025-11-17T11:10:17","modified_gmt":"2025-11-17T11:10:17","slug":"6es7232-4hb32-0xb0","status":"publish","type":"product","link":"https:\/\/plcsupplyspot.com\/lt\/automatikos-komponentai\/6es7232-4hb32-0xb0\/","title":{"rendered":"6ES7232-4HB32-0XB0"},"content":{"rendered":"<p data-start=\"2128\" data-end=\"2213\"><strong data-start=\"2128\" data-end=\"2213\">Siemens 6ES7232-4HB32-0XB0 \u2013 analogini\u0173 i\u0161\u0117jim\u0173 modulis SIMATIC S7-1200 sistemoms<\/strong><\/p>\n<p data-start=\"2215\" data-end=\"2566\">Siemens 6ES7232-4HB32-0XB0 (SM1232) yra 2 kanal\u0173 analogini\u0173 i\u0161\u0117jim\u0173 modulis, skirtas SIMATIC S7-1200 valdikliams. Modulis palaiko 0\u201310 V i\u0161\u0117jimo signalus ir turi 12 bit\u0173 rai\u0161k\u0105, tod\u0117l u\u017etikrina tiksl\u0173 ir stabil\u0173 analogini\u0173 \u012frengini\u0173 valdym\u0105. Kompakti\u0161kas dydis ir paprastas montavimas leid\u017eia lengvai integruoti modul\u012f \u012fvairiose automatikos sistemose.<\/p>\n<p data-start=\"2568\" data-end=\"2773\"><strong data-start=\"2568\" data-end=\"2596\">Pagrindiniai privalumai:<\/strong><br data-start=\"2596\" data-end=\"2599\" \/>\u2022 2 analoginiai i\u0161\u0117jimai (0\u201310 V)<br data-start=\"2632\" data-end=\"2635\" \/>\u2022 12 bit\u0173 rezoliucija<br data-start=\"2656\" data-end=\"2659\" \/>\u2022 SM1232 modulis, suderinamas su S7-1200 PLC<br data-start=\"2703\" data-end=\"2706\" \/>\u2022 Greitas montavimas ir nustatymai<br data-start=\"2740\" data-end=\"2743\" \/>\u2022 Patikimas veikimas pramon\u0117je<\/p>\n<p data-start=\"2775\" data-end=\"2973\"><strong data-start=\"2775\" data-end=\"2794\">Kur naudojamas:<\/strong><br data-start=\"2794\" data-end=\"2797\" \/>\u2022 Analogini\u0173 pavar\u0173 valdymui<br data-start=\"2825\" data-end=\"2828\" \/>\u2022 Vo\u017etuv\u0173 pozicionavimui<br data-start=\"2852\" data-end=\"2855\" \/>\u2022 Dozavimo, \u0161ildymo ir grei\u010dio valdymo sistemoms<br data-start=\"2903\" data-end=\"2906\" \/>\u2022 Automatizacijos procesams, kuriems reikalingi analoginiai \u012f\u0117jimai<\/p>\n<p data-start=\"2975\" data-end=\"3101\"><strong data-start=\"2975\" data-end=\"2994\">Apie gamintoj\u0105:<\/strong><br data-start=\"2994\" data-end=\"2997\" \/>Siemens \u2013 pasaulinis automatikos lyderis, gaminantis patikimus ir tikslius valdymo komponentus pramonei.<\/p>\n","protected":false},"excerpt":{"rendered":"<p data-start=\"736\" data-end=\"1064\">Siemens 6ES7232-4HB32-0XB0 \u2013 2 kanal\u0173 analogini\u0173 i\u0161\u0117jim\u0173 modulis (0\u201310 V), 12 bit\u0173 rai\u0161ka, skirtas SIMATIC S7-1200 PLC sistemoms.<\/p>\n","protected":false},"featured_media":8181,"template":"","meta":{"site-sidebar-layout":"no-sidebar","site-content-layout":"default","ast-site-content-layout":"normal-width-container","site-content-style":"default","site-sidebar-style":"default","ast-global-header-display":"","ast-banner-title-visibility":"","ast-main-header-display":"","ast-hfb-above-header-display":"","ast-hfb-below-header-display":"","ast-hfb-mobile-header-display":"","site-post-title":"","ast-breadcrumbs-content":"","ast-featured-img":"","footer-sml-layout":"","ast-disable-related-posts":"","theme-transparent-header-meta":"default","adv-header-id-meta":"","stick-header-meta":"default","header-above-stick-meta":"","header-main-stick-meta":"","header-below-stick-meta":"","astra-migrate-meta-layouts":"set","ast-page-background-enabled":"default","ast-page-background-meta":{"desktop":{"background-color":"","background-image":"","background-repeat":"repeat","background-position":"center center","background-size":"auto","background-attachment":"scroll","background-type":"","background-media":"","overlay-type":"","overlay-color":"","overlay-opacity":"","overlay-gradient":""},"tablet":{"background-color":"","background-image":"","background-repeat":"repeat","background-position":"center center","background-size":"auto","background-attachment":"scroll","background-type":"","background-media":"","overlay-type":"","overlay-color":"","overlay-opacity":"","overlay-gradient":""},"mobile":{"background-color":"","background-image":"","background-repeat":"repeat","background-position":"center center","background-size":"auto","background-attachment":"scroll","background-type":"","background-media":"","overlay-type":"","overlay-color":"","overlay-opacity":"","overlay-gradient":""}},"ast-content-background-meta":{"desktop":{"background-color":"var(--ast-global-color-5)","background-image":"","background-repeat":"repeat","background-position":"center center","background-size":"auto","background-attachment":"scroll","background-type":"","background-media":"","overlay-type":"","overlay-color":"","overlay-opacity":"","overlay-gradient":""},"tablet":{"background-color":"var(--ast-global-color-5)","background-image":"","background-repeat":"repeat","background-position":"center center","background-size":"auto","background-attachment":"scroll","background-type":"","background-media":"","overlay-type":"","overlay-color":"","overlay-opacity":"","overlay-gradient":""},"mobile":{"background-color":"var(--ast-global-color-5)","background-image":"","background-repeat":"repeat","background-position":"center center","background-size":"auto","background-attachment":"scroll","background-type":"","background-media":"","overlay-type":"","overlay-color":"","overlay-opacity":"","overlay-gradient":""}}},"product_brand":[],"product_cat":[121,117],"product_tag":[],"class_list":{"0":"post-6671","1":"product","2":"type-product","3":"status-publish","4":"has-post-thumbnail","6":"product_cat-siemens","7":"product_cat-valdikliai","8":"desktop-align-left","9":"tablet-align-left","10":"mobile-align-left","11":"ast-product-gallery-layout-horizontal-slider","12":"ast-product-tabs-layout-horizontal","14":"first","15":"onbackorder","16":"taxable","17":"shipping-taxable","18":"purchasable","19":"product-type-simple"},"yoast_head":"<!-- This site is optimized with the Yoast SEO plugin v26.6 - https:\/\/yoast.com\/wordpress\/plugins\/seo\/ -->\n<title>6ES7232-4HB32-0XB0 | PLC Supply spot<\/title>\n<meta name=\"description\" content=\"Siemens 6ES7232-4HB32-0XB0 SM1232 analogini\u0173 i\u0161\u0117jim\u0173 modulis, 2 kanalai, 12 bit\u0173 rai\u0161ka, skirtas SIMATIC S7-1200 valdymo sistemoms.\" \/>\n<meta name=\"robots\" content=\"index, follow, max-snippet:-1, max-image-preview:large, max-video-preview:-1\" \/>\n<link rel=\"canonical\" href=\"https:\/\/plcsupplyspot.com\/lt\/automatikos-komponentai\/6es7232-4hb32-0xb0\/\" \/>\n<meta property=\"og:locale\" content=\"lt_LT\" \/>\n<meta property=\"og:type\" content=\"article\" \/>\n<meta property=\"og:title\" content=\"6ES7232-4HB32-0XB0 | PLC Supply spot\" \/>\n<meta property=\"og:description\" content=\"Siemens 6ES7232-4HB32-0XB0 SM1232 analogini\u0173 i\u0161\u0117jim\u0173 modulis, 2 kanalai, 12 bit\u0173 rai\u0161ka, skirtas SIMATIC S7-1200 valdymo sistemoms.\" \/>\n<meta property=\"og:url\" content=\"https:\/\/plcsupplyspot.com\/lt\/automatikos-komponentai\/6es7232-4hb32-0xb0\/\" \/>\n<meta property=\"og:site_name\" content=\"PLC Supply spot\" \/>\n<meta property=\"article:publisher\" content=\"https:\/\/www.facebook.com\/profile.php?id=61571705128033\" \/>\n<meta property=\"article:modified_time\" content=\"2025-11-17T11:10:17+00:00\" \/>\n<meta property=\"og:image\" content=\"https:\/\/plcsupplyspot.com\/wp-content\/uploads\/2025\/11\/F7877973-01-1.webp\" \/>\n\t<meta property=\"og:image:width\" content=\"700\" \/>\n\t<meta property=\"og:image:height\" content=\"1089\" \/>\n\t<meta property=\"og:image:type\" content=\"image\/webp\" \/>\n<meta name=\"twitter:card\" content=\"summary_large_image\" \/>\n<meta name=\"twitter:label1\" content=\"Est. reading time\" \/>\n\t<meta name=\"twitter:data1\" content=\"1 minut\u0117\" \/>\n<!-- \/ Yoast SEO plugin. -->","yoast_head_json":{"title":"6ES7232-4HB32-0XB0 | PLC Supply spot","description":"Siemens 6ES7232-4HB32-0XB0 SM1232 analogini\u0173 i\u0161\u0117jim\u0173 modulis, 2 kanalai, 12 bit\u0173 rai\u0161ka, skirtas SIMATIC S7-1200 valdymo sistemoms.","robots":{"index":"index","follow":"follow","max-snippet":"max-snippet:-1","max-image-preview":"max-image-preview:large","max-video-preview":"max-video-preview:-1"},"canonical":"https:\/\/plcsupplyspot.com\/lt\/automatikos-komponentai\/6es7232-4hb32-0xb0\/","og_locale":"lt_LT","og_type":"article","og_title":"6ES7232-4HB32-0XB0 | PLC Supply spot","og_description":"Siemens 6ES7232-4HB32-0XB0 SM1232 analogini\u0173 i\u0161\u0117jim\u0173 modulis, 2 kanalai, 12 bit\u0173 rai\u0161ka, skirtas SIMATIC S7-1200 valdymo sistemoms.","og_url":"https:\/\/plcsupplyspot.com\/lt\/automatikos-komponentai\/6es7232-4hb32-0xb0\/","og_site_name":"PLC Supply spot","article_publisher":"https:\/\/www.facebook.com\/profile.php?id=61571705128033","article_modified_time":"2025-11-17T11:10:17+00:00","og_image":[{"width":700,"height":1089,"url":"https:\/\/plcsupplyspot.com\/wp-content\/uploads\/2025\/11\/F7877973-01-1.webp","type":"image\/webp"}],"twitter_card":"summary_large_image","twitter_misc":{"Est. reading time":"1 minut\u0117"},"schema":{"@context":"https:\/\/schema.org","@graph":[{"@type":"WebPage","@id":"https:\/\/plcsupplyspot.com\/lt\/automatikos-komponentai\/6es7232-4hb32-0xb0\/","url":"https:\/\/plcsupplyspot.com\/lt\/automatikos-komponentai\/6es7232-4hb32-0xb0\/","name":"6ES7232-4HB32-0XB0 | PLC Supply spot","isPartOf":{"@id":"https:\/\/plcsupplyspot.com\/lt\/#website"},"primaryImageOfPage":{"@id":"https:\/\/plcsupplyspot.com\/lt\/automatikos-komponentai\/6es7232-4hb32-0xb0\/#primaryimage"},"image":{"@id":"https:\/\/plcsupplyspot.com\/lt\/automatikos-komponentai\/6es7232-4hb32-0xb0\/#primaryimage"},"thumbnailUrl":"https:\/\/plcsupplyspot.com\/wp-content\/uploads\/2025\/11\/6ES7232-4HB32-0XB0.jpg","datePublished":"2025-11-04T12:20:04+00:00","dateModified":"2025-11-17T11:10:17+00:00","description":"Siemens 6ES7232-4HB32-0XB0 SM1232 analogini\u0173 i\u0161\u0117jim\u0173 modulis, 2 kanalai, 12 bit\u0173 rai\u0161ka, skirtas SIMATIC S7-1200 valdymo sistemoms.","breadcrumb":{"@id":"https:\/\/plcsupplyspot.com\/lt\/automatikos-komponentai\/6es7232-4hb32-0xb0\/#breadcrumb"},"inLanguage":"lt-LT","potentialAction":[{"@type":"ReadAction","target":["https:\/\/plcsupplyspot.com\/lt\/automatikos-komponentai\/6es7232-4hb32-0xb0\/"]}]},{"@type":"ImageObject","inLanguage":"lt-LT","@id":"https:\/\/plcsupplyspot.com\/lt\/automatikos-komponentai\/6es7232-4hb32-0xb0\/#primaryimage","url":"https:\/\/plcsupplyspot.com\/wp-content\/uploads\/2025\/11\/6ES7232-4HB32-0XB0.jpg","contentUrl":"https:\/\/plcsupplyspot.com\/wp-content\/uploads\/2025\/11\/6ES7232-4HB32-0XB0.jpg","width":225,"height":225},{"@type":"BreadcrumbList","@id":"https:\/\/plcsupplyspot.com\/lt\/automatikos-komponentai\/6es7232-4hb32-0xb0\/#breadcrumb","itemListElement":[{"@type":"ListItem","position":1,"name":"home","item":"https:\/\/plcsupplyspot.com\/lt\/"},{"@type":"ListItem","position":2,"name":"Automatikos komponentai","item":"https:\/\/plcsupplyspot.com\/lt\/automatikos-komponentai\/"},{"@type":"ListItem","position":3,"name":"6ES7232-4HB32-0XB0"}]},{"@type":"WebSite","@id":"https:\/\/plcsupplyspot.com\/lt\/#website","url":"https:\/\/plcsupplyspot.com\/lt\/","name":"PLC Supply Spot","description":"Innovate. Accelerate. Automate!","publisher":{"@id":"https:\/\/plcsupplyspot.com\/lt\/#organization"},"potentialAction":[{"@type":"SearchAction","target":{"@type":"EntryPoint","urlTemplate":"https:\/\/plcsupplyspot.com\/lt\/?s={search_term_string}"},"query-input":{"@type":"PropertyValueSpecification","valueRequired":true,"valueName":"search_term_string"}}],"inLanguage":"lt-LT"},{"@type":"Organization","@id":"https:\/\/plcsupplyspot.com\/lt\/#organization","name":"PLC Supply Spot","alternateName":"PLC Supply Spot","url":"https:\/\/plcsupplyspot.com\/lt\/","logo":{"@type":"ImageObject","inLanguage":"lt-LT","@id":"https:\/\/plcsupplyspot.com\/lt\/#\/schema\/logo\/image\/","url":"https:\/\/plcsupplyspot.com\/wp-content\/uploads\/2026\/01\/plc-supply-spot-logo-1.png","contentUrl":"https:\/\/plcsupplyspot.com\/wp-content\/uploads\/2026\/01\/plc-supply-spot-logo-1.png","width":720,"height":720,"caption":"PLC Supply Spot"},"image":{"@id":"https:\/\/plcsupplyspot.com\/lt\/#\/schema\/logo\/image\/"},"sameAs":["https:\/\/www.facebook.com\/profile.php?id=61571705128033"]}]}},"_links":{"self":[{"href":"https:\/\/plcsupplyspot.com\/lt\/wp-json\/wp\/v2\/product\/6671","targetHints":{"allow":["GET"]}}],"collection":[{"href":"https:\/\/plcsupplyspot.com\/lt\/wp-json\/wp\/v2\/product"}],"about":[{"href":"https:\/\/plcsupplyspot.com\/lt\/wp-json\/wp\/v2\/types\/product"}],"version-history":[{"count":6,"href":"https:\/\/plcsupplyspot.com\/lt\/wp-json\/wp\/v2\/product\/6671\/revisions"}],"predecessor-version":[{"id":7053,"href":"https:\/\/plcsupplyspot.com\/lt\/wp-json\/wp\/v2\/product\/6671\/revisions\/7053"}],"wp:featuredmedia":[{"embeddable":true,"href":"https:\/\/plcsupplyspot.com\/lt\/wp-json\/wp\/v2\/media\/8181"}],"wp:attachment":[{"href":"https:\/\/plcsupplyspot.com\/lt\/wp-json\/wp\/v2\/media?parent=6671"}],"wp:term":[{"taxonomy":"product_brand","embeddable":true,"href":"https:\/\/plcsupplyspot.com\/lt\/wp-json\/wp\/v2\/product_brand?post=6671"},{"taxonomy":"product_cat","embeddable":true,"href":"https:\/\/plcsupplyspot.com\/lt\/wp-json\/wp\/v2\/product_cat?post=6671"},{"taxonomy":"product_tag","embeddable":true,"href":"https:\/\/plcsupplyspot.com\/lt\/wp-json\/wp\/v2\/product_tag?post=6671"}],"curies":[{"name":"wp","href":"https:\/\/api.w.org\/{rel}","templated":true}]}}