{"id":6588,"date":"2025-10-31T09:39:23","date_gmt":"2025-10-31T09:39:23","guid":{"rendered":"https:\/\/plcsupplyspot.com\/?post_type=product&#038;p=6588"},"modified":"2025-12-08T13:50:24","modified_gmt":"2025-12-08T13:50:24","slug":"1756-enbt","status":"publish","type":"product","link":"https:\/\/plcsupplyspot.com\/lt\/automatikos-komponentai\/1756-enbt\/","title":{"rendered":"1756-ENBT"},"content":{"rendered":"<p data-start=\"2176\" data-end=\"2279\"><strong data-start=\"2201\" data-end=\"2279\">Allen-Bradley 1756-ENBT \u2013 EtherNet\/IP ry\u0161io modulis ControlLogix sistemoms<\/strong><\/p>\n<p data-start=\"2281\" data-end=\"2612\">Allen-Bradley 1756-ENBT yra EtherNet\/IP ry\u0161io modulis, skirtas ControlLogix automatizavimo platformai. Jis u\u017etikrina greit\u0105 ir patikim\u0105 duomen\u0173 perdavim\u0105 tarp valdikli\u0173, paskirstyt\u0173 I\/O moduli\u0173 ir kit\u0173 Ethernet \u012frengini\u0173. Modulis pla\u010diai naudojamas pramonin\u0117se Ethernet architekt\u016brose d\u0117l stabilaus veikimo ir lengvos integracijos.<\/p>\n<p data-start=\"2614\" data-end=\"2905\"><strong data-start=\"2614\" data-end=\"2642\">Pagrindiniai privalumai:<\/strong><br data-start=\"2642\" data-end=\"2645\" \/>\u2022 EtherNet\/IP ry\u0161io s\u0105saja<br data-start=\"2671\" data-end=\"2674\" \/>\u2022 Skirtas ControlLogix sistemoms<br data-start=\"2706\" data-end=\"2709\" \/>\u2022 Patikimas pramoninis Ethernet ry\u0161ys<br data-start=\"2746\" data-end=\"2749\" \/>\u2022 Duomen\u0173 perdavimas tarp valdikli\u0173 ir I\/O<br data-start=\"2791\" data-end=\"2794\" \/>\u2022 Stabilus veikimas pramon\u0117s s\u0105lygomis<br data-start=\"2832\" data-end=\"2835\" \/>\u2022 Lengva integracija \u012f tinklus<br data-start=\"2865\" data-end=\"2868\" \/>\u2022 Ilgaam\u017eis ir patikimas sprendimas<\/p>\n<p data-start=\"2907\" data-end=\"3137\"><strong data-start=\"2907\" data-end=\"2926\">Kur naudojamas:<\/strong><br data-start=\"2926\" data-end=\"2929\" \/>\u2022 ControlLogix automatizavimo sistemos<br data-start=\"2967\" data-end=\"2970\" \/>\u2022 Paskirstytos I\/O architekt\u016bros<br data-start=\"3002\" data-end=\"3005\" \/>\u2022 Pramoniniai Ethernet tinklai<br data-start=\"3035\" data-end=\"3038\" \/>\u2022 Gamybos ir proces\u0173 valdymas<br data-start=\"3067\" data-end=\"3070\" \/>\u2022 Automatizuotos ma\u0161inos<br data-start=\"3094\" data-end=\"3097\" \/>\u2022 Plant-wide automatizavimo sprendimai<\/p>\n<p data-start=\"3139\" data-end=\"3314\"><strong data-start=\"3139\" data-end=\"3158\">Apie gamintoj\u0105:<\/strong><br data-start=\"3158\" data-end=\"3161\" \/>Allen-Bradley \u2013 pasaulyje pripa\u017eintas automatikos sprendim\u0173 gamintojas, kurio ControlLogix ry\u0161io moduliai vertinami d\u0117l patikimumo ir plataus pritaikymo.<\/p>\n","protected":false},"excerpt":{"rendered":"<p data-start=\"696\" data-end=\"994\">Allen-Bradley 1756-ENBT \u2013 EtherNet\/IP tilto modulis ControlLogix stak\u0117ms, u\u017etikrinantis 10\/100 Mbps ry\u0161\u012f ir iki 128 CIP jung\u010di\u0173.<\/p>\n","protected":false},"featured_media":6590,"template":"","meta":{"site-sidebar-layout":"no-sidebar","site-content-layout":"default","ast-site-content-layout":"normal-width-container","site-content-style":"default","site-sidebar-style":"default","ast-global-header-display":"","ast-banner-title-visibility":"","ast-main-header-display":"","ast-hfb-above-header-display":"","ast-hfb-below-header-display":"","ast-hfb-mobile-header-display":"","site-post-title":"","ast-breadcrumbs-content":"","ast-featured-img":"","footer-sml-layout":"","ast-disable-related-posts":"","theme-transparent-header-meta":"default","adv-header-id-meta":"","stick-header-meta":"default","header-above-stick-meta":"","header-main-stick-meta":"","header-below-stick-meta":"","astra-migrate-meta-layouts":"set","ast-page-background-enabled":"default","ast-page-background-meta":{"desktop":{"background-color":"","background-image":"","background-repeat":"repeat","background-position":"center center","background-size":"auto","background-attachment":"scroll","background-type":"","background-media":"","overlay-type":"","overlay-color":"","overlay-opacity":"","overlay-gradient":""},"tablet":{"background-color":"","background-image":"","background-repeat":"repeat","background-position":"center center","background-size":"auto","background-attachment":"scroll","background-type":"","background-media":"","overlay-type":"","overlay-color":"","overlay-opacity":"","overlay-gradient":""},"mobile":{"background-color":"","background-image":"","background-repeat":"repeat","background-position":"center center","background-size":"auto","background-attachment":"scroll","background-type":"","background-media":"","overlay-type":"","overlay-color":"","overlay-opacity":"","overlay-gradient":""}},"ast-content-background-meta":{"desktop":{"background-color":"var(--ast-global-color-5)","background-image":"","background-repeat":"repeat","background-position":"center center","background-size":"auto","background-attachment":"scroll","background-type":"","background-media":"","overlay-type":"","overlay-color":"","overlay-opacity":"","overlay-gradient":""},"tablet":{"background-color":"var(--ast-global-color-5)","background-image":"","background-repeat":"repeat","background-position":"center center","background-size":"auto","background-attachment":"scroll","background-type":"","background-media":"","overlay-type":"","overlay-color":"","overlay-opacity":"","overlay-gradient":""},"mobile":{"background-color":"var(--ast-global-color-5)","background-image":"","background-repeat":"repeat","background-position":"center center","background-size":"auto","background-attachment":"scroll","background-type":"","background-media":"","overlay-type":"","overlay-color":"","overlay-opacity":"","overlay-gradient":""}}},"product_brand":[],"product_cat":[],"product_tag":[],"class_list":{"0":"post-6588","1":"product","2":"type-product","3":"status-publish","4":"has-post-thumbnail","6":"desktop-align-left","7":"tablet-align-left","8":"mobile-align-left","9":"ast-product-gallery-layout-horizontal-slider","10":"ast-product-tabs-layout-horizontal","12":"first","13":"onbackorder","14":"taxable","15":"shipping-taxable","16":"purchasable","17":"product-type-simple"},"yoast_head":"<!-- This site is optimized with the Yoast SEO plugin v26.6 - https:\/\/yoast.com\/wordpress\/plugins\/seo\/ -->\n<title>1756-ENBT | PLC Supply spot<\/title>\n<meta name=\"description\" content=\"\u012esigykite Allen-Bradley 1756-ENBT EtherNet\/IP tilto modul\u012f ControlLogix sistemoms, palaikantis 10\/100 Mbps ir iki 128 CIP jung\u010di\u0173.\" \/>\n<meta name=\"robots\" content=\"index, follow, max-snippet:-1, max-image-preview:large, max-video-preview:-1\" \/>\n<link rel=\"canonical\" href=\"https:\/\/plcsupplyspot.com\/lt\/automatikos-komponentai\/1756-enbt\/\" \/>\n<meta property=\"og:locale\" content=\"lt_LT\" \/>\n<meta property=\"og:type\" content=\"article\" \/>\n<meta property=\"og:title\" content=\"1756-ENBT | PLC Supply spot\" \/>\n<meta property=\"og:description\" content=\"\u012esigykite Allen-Bradley 1756-ENBT EtherNet\/IP tilto modul\u012f ControlLogix sistemoms, palaikantis 10\/100 Mbps ir iki 128 CIP jung\u010di\u0173.\" \/>\n<meta property=\"og:url\" content=\"https:\/\/plcsupplyspot.com\/lt\/automatikos-komponentai\/1756-enbt\/\" \/>\n<meta property=\"og:site_name\" content=\"PLC Supply spot\" \/>\n<meta property=\"article:publisher\" content=\"https:\/\/www.facebook.com\/profile.php?id=61571705128033\" \/>\n<meta property=\"article:modified_time\" content=\"2025-12-08T13:50:24+00:00\" \/>\n<meta property=\"og:image\" content=\"https:\/\/plcsupplyspot.com\/wp-content\/uploads\/2025\/10\/1756-ENBT_1-1.webp\" \/>\n\t<meta property=\"og:image:width\" content=\"700\" \/>\n\t<meta property=\"og:image:height\" content=\"700\" \/>\n\t<meta property=\"og:image:type\" content=\"image\/webp\" \/>\n<meta name=\"twitter:card\" content=\"summary_large_image\" \/>\n<meta name=\"twitter:label1\" content=\"Est. reading time\" \/>\n\t<meta name=\"twitter:data1\" content=\"1 minut\u0117\" \/>\n<!-- \/ Yoast SEO plugin. -->","yoast_head_json":{"title":"1756-ENBT | PLC Supply spot","description":"\u012esigykite Allen-Bradley 1756-ENBT EtherNet\/IP tilto modul\u012f ControlLogix sistemoms, palaikantis 10\/100 Mbps ir iki 128 CIP jung\u010di\u0173.","robots":{"index":"index","follow":"follow","max-snippet":"max-snippet:-1","max-image-preview":"max-image-preview:large","max-video-preview":"max-video-preview:-1"},"canonical":"https:\/\/plcsupplyspot.com\/lt\/automatikos-komponentai\/1756-enbt\/","og_locale":"lt_LT","og_type":"article","og_title":"1756-ENBT | PLC Supply spot","og_description":"\u012esigykite Allen-Bradley 1756-ENBT EtherNet\/IP tilto modul\u012f ControlLogix sistemoms, palaikantis 10\/100 Mbps ir iki 128 CIP jung\u010di\u0173.","og_url":"https:\/\/plcsupplyspot.com\/lt\/automatikos-komponentai\/1756-enbt\/","og_site_name":"PLC Supply spot","article_publisher":"https:\/\/www.facebook.com\/profile.php?id=61571705128033","article_modified_time":"2025-12-08T13:50:24+00:00","og_image":[{"width":700,"height":700,"url":"https:\/\/plcsupplyspot.com\/wp-content\/uploads\/2025\/10\/1756-ENBT_1-1.webp","type":"image\/webp"}],"twitter_card":"summary_large_image","twitter_misc":{"Est. reading time":"1 minut\u0117"},"schema":{"@context":"https:\/\/schema.org","@graph":[{"@type":"WebPage","@id":"https:\/\/plcsupplyspot.com\/lt\/automatikos-komponentai\/1756-enbt\/","url":"https:\/\/plcsupplyspot.com\/lt\/automatikos-komponentai\/1756-enbt\/","name":"1756-ENBT | PLC Supply spot","isPartOf":{"@id":"https:\/\/plcsupplyspot.com\/lt\/#website"},"primaryImageOfPage":{"@id":"https:\/\/plcsupplyspot.com\/lt\/automatikos-komponentai\/1756-enbt\/#primaryimage"},"image":{"@id":"https:\/\/plcsupplyspot.com\/lt\/automatikos-komponentai\/1756-enbt\/#primaryimage"},"thumbnailUrl":"https:\/\/plcsupplyspot.com\/wp-content\/uploads\/2025\/10\/1756-ENBT_1-1.webp","datePublished":"2025-10-31T09:39:23+00:00","dateModified":"2025-12-08T13:50:24+00:00","description":"\u012esigykite Allen-Bradley 1756-ENBT EtherNet\/IP tilto modul\u012f ControlLogix sistemoms, palaikantis 10\/100 Mbps ir iki 128 CIP jung\u010di\u0173.","breadcrumb":{"@id":"https:\/\/plcsupplyspot.com\/lt\/automatikos-komponentai\/1756-enbt\/#breadcrumb"},"inLanguage":"lt-LT","potentialAction":[{"@type":"ReadAction","target":["https:\/\/plcsupplyspot.com\/lt\/automatikos-komponentai\/1756-enbt\/"]}]},{"@type":"ImageObject","inLanguage":"lt-LT","@id":"https:\/\/plcsupplyspot.com\/lt\/automatikos-komponentai\/1756-enbt\/#primaryimage","url":"https:\/\/plcsupplyspot.com\/wp-content\/uploads\/2025\/10\/1756-ENBT_1-1.webp","contentUrl":"https:\/\/plcsupplyspot.com\/wp-content\/uploads\/2025\/10\/1756-ENBT_1-1.webp","width":700,"height":700},{"@type":"BreadcrumbList","@id":"https:\/\/plcsupplyspot.com\/lt\/automatikos-komponentai\/1756-enbt\/#breadcrumb","itemListElement":[{"@type":"ListItem","position":1,"name":"home","item":"https:\/\/plcsupplyspot.com\/lt\/"},{"@type":"ListItem","position":2,"name":"Automatikos komponentai","item":"https:\/\/plcsupplyspot.com\/lt\/automatikos-komponentai\/"},{"@type":"ListItem","position":3,"name":"1756-ENBT"}]},{"@type":"WebSite","@id":"https:\/\/plcsupplyspot.com\/lt\/#website","url":"https:\/\/plcsupplyspot.com\/lt\/","name":"PLC Supply Spot","description":"Innovate. Accelerate. Automate!","publisher":{"@id":"https:\/\/plcsupplyspot.com\/lt\/#organization"},"potentialAction":[{"@type":"SearchAction","target":{"@type":"EntryPoint","urlTemplate":"https:\/\/plcsupplyspot.com\/lt\/?s={search_term_string}"},"query-input":{"@type":"PropertyValueSpecification","valueRequired":true,"valueName":"search_term_string"}}],"inLanguage":"lt-LT"},{"@type":"Organization","@id":"https:\/\/plcsupplyspot.com\/lt\/#organization","name":"PLC Supply Spot","alternateName":"PLC Supply Spot","url":"https:\/\/plcsupplyspot.com\/lt\/","logo":{"@type":"ImageObject","inLanguage":"lt-LT","@id":"https:\/\/plcsupplyspot.com\/lt\/#\/schema\/logo\/image\/","url":"https:\/\/plcsupplyspot.com\/wp-content\/uploads\/2026\/01\/plc-supply-spot-logo-1.png","contentUrl":"https:\/\/plcsupplyspot.com\/wp-content\/uploads\/2026\/01\/plc-supply-spot-logo-1.png","width":720,"height":720,"caption":"PLC Supply Spot"},"image":{"@id":"https:\/\/plcsupplyspot.com\/lt\/#\/schema\/logo\/image\/"},"sameAs":["https:\/\/www.facebook.com\/profile.php?id=61571705128033"]}]}},"_links":{"self":[{"href":"https:\/\/plcsupplyspot.com\/lt\/wp-json\/wp\/v2\/product\/6588","targetHints":{"allow":["GET"]}}],"collection":[{"href":"https:\/\/plcsupplyspot.com\/lt\/wp-json\/wp\/v2\/product"}],"about":[{"href":"https:\/\/plcsupplyspot.com\/lt\/wp-json\/wp\/v2\/types\/product"}],"version-history":[{"count":4,"href":"https:\/\/plcsupplyspot.com\/lt\/wp-json\/wp\/v2\/product\/6588\/revisions"}],"predecessor-version":[{"id":7878,"href":"https:\/\/plcsupplyspot.com\/lt\/wp-json\/wp\/v2\/product\/6588\/revisions\/7878"}],"wp:featuredmedia":[{"embeddable":true,"href":"https:\/\/plcsupplyspot.com\/lt\/wp-json\/wp\/v2\/media\/6590"}],"wp:attachment":[{"href":"https:\/\/plcsupplyspot.com\/lt\/wp-json\/wp\/v2\/media?parent=6588"}],"wp:term":[{"taxonomy":"product_brand","embeddable":true,"href":"https:\/\/plcsupplyspot.com\/lt\/wp-json\/wp\/v2\/product_brand?post=6588"},{"taxonomy":"product_cat","embeddable":true,"href":"https:\/\/plcsupplyspot.com\/lt\/wp-json\/wp\/v2\/product_cat?post=6588"},{"taxonomy":"product_tag","embeddable":true,"href":"https:\/\/plcsupplyspot.com\/lt\/wp-json\/wp\/v2\/product_tag?post=6588"}],"curies":[{"name":"wp","href":"https:\/\/api.w.org\/{rel}","templated":true}]}}