{"id":6542,"date":"2025-10-30T14:42:25","date_gmt":"2025-10-30T14:42:25","guid":{"rendered":"https:\/\/plcsupplyspot.com\/?post_type=product&#038;p=6542"},"modified":"2025-12-09T11:36:15","modified_gmt":"2025-12-09T11:36:15","slug":"acs-cp-a","status":"publish","type":"product","link":"https:\/\/plcsupplyspot.com\/lt\/automatikos-komponentai\/acs-cp-a\/","title":{"rendered":"ACS-CP-A"},"content":{"rendered":"<p data-start=\"1931\" data-end=\"2018\"><strong data-start=\"1956\" data-end=\"2018\">ABB ACS-CP-A \u2013 valdymo skydelis ABB ACS da\u017enio keitikliams<\/strong><\/p>\n<p data-start=\"2020\" data-end=\"2336\">ABB ACS-CP-A yra nuimamas valdymo skydelis, skirtas ABB ACS serijos da\u017enio keitikliams. Jis leid\u017eia patogiai nustatyti darbo parametrus, paleisti ir sustabdyti pavar\u0105, steb\u0117ti veikimo b\u016bsen\u0105 bei per\u017ei\u016br\u0117ti diagnostikos informacij\u0105. Skydelis pla\u010diai naudojamas da\u017enio keitikli\u0173 paleidimo ir technin\u0117s prie\u017ei\u016bros metu.<\/p>\n<p data-start=\"2338\" data-end=\"2595\"><strong data-start=\"2338\" data-end=\"2366\">Pagrindiniai privalumai:<\/strong><br data-start=\"2366\" data-end=\"2369\" \/>\u2022 Skirtas ABB ACS serijos da\u017enio keitikliams<br data-start=\"2413\" data-end=\"2416\" \/>\u2022 Parametr\u0173 nustatymas ir steb\u0117jimas<br data-start=\"2452\" data-end=\"2455\" \/>\u2022 Ai\u0161kus darbo b\u016bsenos atvaizdavimas<br data-start=\"2491\" data-end=\"2494\" \/>\u2022 Nuimamas ir patogus naudoti dizainas<br data-start=\"2532\" data-end=\"2535\" \/>\u2022 Paprasta naudotojo s\u0105saja<br data-start=\"2562\" data-end=\"2565\" \/>\u2022 Tinka pramonin\u0117ms s\u0105lygoms<\/p>\n<p data-start=\"2597\" data-end=\"2779\"><strong data-start=\"2597\" data-end=\"2616\">Kur naudojamas:<\/strong><br data-start=\"2616\" data-end=\"2619\" \/>\u2022 ABB da\u017enio keitikli\u0173 valdymas<br data-start=\"2650\" data-end=\"2653\" \/>\u2022 Varikli\u0173 valdymo sistemos<br data-start=\"2680\" data-end=\"2683\" \/>\u2022 Automatizavimo skydai<br data-start=\"2706\" data-end=\"2709\" \/>\u2022 Paleidimo ir prie\u017ei\u016bros darbai<br data-start=\"2741\" data-end=\"2744\" \/>\u2022 Pramoniniai elektros sprendimai<\/p>\n<p data-start=\"2781\" data-end=\"2950\"><strong data-start=\"2781\" data-end=\"2800\">Apie gamintoj\u0105:<\/strong><br data-start=\"2800\" data-end=\"2803\" \/>ABB \u2013 pasaulyje pripa\u017eintas automatikos ir elektros sprendim\u0173 gamintojas, kurio ACS serijos pavaros ir priedai vertinami d\u0117l patikimumo ir kokyb\u0117s.<\/p>\n","protected":false},"excerpt":{"rendered":"<p data-start=\"808\" data-end=\"956\">ABB ACS-CP-A pagalbin\u0117 valdymo panel\u0117 ACS keitikliams \u2013 pilnas parametr\u0173 atsargin\u0117s kopijos palaikymas, laikrodis realiu laiku ir intuityvi s\u0105saja.<\/p>\n","protected":false},"featured_media":6544,"template":"","meta":{"site-sidebar-layout":"no-sidebar","site-content-layout":"default","ast-site-content-layout":"normal-width-container","site-content-style":"default","site-sidebar-style":"default","ast-global-header-display":"","ast-banner-title-visibility":"","ast-main-header-display":"","ast-hfb-above-header-display":"","ast-hfb-below-header-display":"","ast-hfb-mobile-header-display":"","site-post-title":"","ast-breadcrumbs-content":"","ast-featured-img":"","footer-sml-layout":"","ast-disable-related-posts":"","theme-transparent-header-meta":"default","adv-header-id-meta":"","stick-header-meta":"default","header-above-stick-meta":"","header-main-stick-meta":"","header-below-stick-meta":"","astra-migrate-meta-layouts":"set","ast-page-background-enabled":"default","ast-page-background-meta":{"desktop":{"background-color":"","background-image":"","background-repeat":"repeat","background-position":"center center","background-size":"auto","background-attachment":"scroll","background-type":"","background-media":"","overlay-type":"","overlay-color":"","overlay-opacity":"","overlay-gradient":""},"tablet":{"background-color":"","background-image":"","background-repeat":"repeat","background-position":"center center","background-size":"auto","background-attachment":"scroll","background-type":"","background-media":"","overlay-type":"","overlay-color":"","overlay-opacity":"","overlay-gradient":""},"mobile":{"background-color":"","background-image":"","background-repeat":"repeat","background-position":"center center","background-size":"auto","background-attachment":"scroll","background-type":"","background-media":"","overlay-type":"","overlay-color":"","overlay-opacity":"","overlay-gradient":""}},"ast-content-background-meta":{"desktop":{"background-color":"var(--ast-global-color-5)","background-image":"","background-repeat":"repeat","background-position":"center center","background-size":"auto","background-attachment":"scroll","background-type":"","background-media":"","overlay-type":"","overlay-color":"","overlay-opacity":"","overlay-gradient":""},"tablet":{"background-color":"var(--ast-global-color-5)","background-image":"","background-repeat":"repeat","background-position":"center center","background-size":"auto","background-attachment":"scroll","background-type":"","background-media":"","overlay-type":"","overlay-color":"","overlay-opacity":"","overlay-gradient":""},"mobile":{"background-color":"var(--ast-global-color-5)","background-image":"","background-repeat":"repeat","background-position":"center center","background-size":"auto","background-attachment":"scroll","background-type":"","background-media":"","overlay-type":"","overlay-color":"","overlay-opacity":"","overlay-gradient":""}}},"product_brand":[],"product_cat":[124,122],"product_tag":[],"class_list":{"0":"post-6542","1":"product","2":"type-product","3":"status-publish","4":"has-post-thumbnail","6":"product_cat-abb","7":"product_cat-daznio-keitikliai","8":"desktop-align-left","9":"tablet-align-left","10":"mobile-align-left","11":"ast-product-gallery-layout-horizontal-slider","12":"ast-product-tabs-layout-horizontal","14":"first","15":"onbackorder","16":"taxable","17":"shipping-taxable","18":"purchasable","19":"product-type-simple"},"yoast_head":"<!-- This site is optimized with the Yoast SEO plugin v26.6 - https:\/\/yoast.com\/wordpress\/plugins\/seo\/ -->\n<title>ACS-CP-A | PLC Supply spot<\/title>\n<meta name=\"description\" content=\"\u012esigykite ABB ACS-CP-A pagalbin\u0119 valdymo panel\u0119 ACS keitikli\u0173 serijai \u2013 parametr\u0173 atsargin\u0117 kopija, laikrodis realiu laiku ir grafinis ekranas.\" \/>\n<meta name=\"robots\" content=\"index, follow, max-snippet:-1, max-image-preview:large, max-video-preview:-1\" \/>\n<link rel=\"canonical\" href=\"https:\/\/plcsupplyspot.com\/lt\/automatikos-komponentai\/acs-cp-a\/\" \/>\n<meta property=\"og:locale\" content=\"lt_LT\" \/>\n<meta property=\"og:type\" content=\"article\" \/>\n<meta property=\"og:title\" content=\"ACS-CP-A | PLC Supply spot\" \/>\n<meta property=\"og:description\" content=\"\u012esigykite ABB ACS-CP-A pagalbin\u0119 valdymo panel\u0119 ACS keitikli\u0173 serijai \u2013 parametr\u0173 atsargin\u0117 kopija, laikrodis realiu laiku ir grafinis ekranas.\" \/>\n<meta property=\"og:url\" content=\"https:\/\/plcsupplyspot.com\/lt\/automatikos-komponentai\/acs-cp-a\/\" \/>\n<meta property=\"og:site_name\" content=\"PLC Supply spot\" \/>\n<meta property=\"article:publisher\" content=\"https:\/\/www.facebook.com\/profile.php?id=61571705128033\" \/>\n<meta property=\"article:modified_time\" content=\"2025-12-09T11:36:15+00:00\" \/>\n<meta property=\"og:image\" content=\"https:\/\/plcsupplyspot.com\/wp-content\/uploads\/2025\/10\/F5110449-01.webp\" \/>\n\t<meta property=\"og:image:width\" content=\"700\" \/>\n\t<meta property=\"og:image:height\" content=\"1034\" \/>\n\t<meta property=\"og:image:type\" content=\"image\/webp\" \/>\n<meta name=\"twitter:card\" content=\"summary_large_image\" \/>\n<meta name=\"twitter:label1\" content=\"Est. reading time\" \/>\n\t<meta name=\"twitter:data1\" content=\"1 minut\u0117\" \/>\n<!-- \/ Yoast SEO plugin. -->","yoast_head_json":{"title":"ACS-CP-A | PLC Supply spot","description":"\u012esigykite ABB ACS-CP-A pagalbin\u0119 valdymo panel\u0119 ACS keitikli\u0173 serijai \u2013 parametr\u0173 atsargin\u0117 kopija, laikrodis realiu laiku ir grafinis ekranas.","robots":{"index":"index","follow":"follow","max-snippet":"max-snippet:-1","max-image-preview":"max-image-preview:large","max-video-preview":"max-video-preview:-1"},"canonical":"https:\/\/plcsupplyspot.com\/lt\/automatikos-komponentai\/acs-cp-a\/","og_locale":"lt_LT","og_type":"article","og_title":"ACS-CP-A | PLC Supply spot","og_description":"\u012esigykite ABB ACS-CP-A pagalbin\u0119 valdymo panel\u0119 ACS keitikli\u0173 serijai \u2013 parametr\u0173 atsargin\u0117 kopija, laikrodis realiu laiku ir grafinis ekranas.","og_url":"https:\/\/plcsupplyspot.com\/lt\/automatikos-komponentai\/acs-cp-a\/","og_site_name":"PLC Supply spot","article_publisher":"https:\/\/www.facebook.com\/profile.php?id=61571705128033","article_modified_time":"2025-12-09T11:36:15+00:00","og_image":[{"width":700,"height":1034,"url":"https:\/\/plcsupplyspot.com\/wp-content\/uploads\/2025\/10\/F5110449-01.webp","type":"image\/webp"}],"twitter_card":"summary_large_image","twitter_misc":{"Est. reading time":"1 minut\u0117"},"schema":{"@context":"https:\/\/schema.org","@graph":[{"@type":"WebPage","@id":"https:\/\/plcsupplyspot.com\/lt\/automatikos-komponentai\/acs-cp-a\/","url":"https:\/\/plcsupplyspot.com\/lt\/automatikos-komponentai\/acs-cp-a\/","name":"ACS-CP-A | PLC Supply spot","isPartOf":{"@id":"https:\/\/plcsupplyspot.com\/lt\/#website"},"primaryImageOfPage":{"@id":"https:\/\/plcsupplyspot.com\/lt\/automatikos-komponentai\/acs-cp-a\/#primaryimage"},"image":{"@id":"https:\/\/plcsupplyspot.com\/lt\/automatikos-komponentai\/acs-cp-a\/#primaryimage"},"thumbnailUrl":"https:\/\/plcsupplyspot.com\/wp-content\/uploads\/2025\/10\/F5110449-01.webp","datePublished":"2025-10-30T14:42:25+00:00","dateModified":"2025-12-09T11:36:15+00:00","description":"\u012esigykite ABB ACS-CP-A pagalbin\u0119 valdymo panel\u0119 ACS keitikli\u0173 serijai \u2013 parametr\u0173 atsargin\u0117 kopija, laikrodis realiu laiku ir grafinis ekranas.","breadcrumb":{"@id":"https:\/\/plcsupplyspot.com\/lt\/automatikos-komponentai\/acs-cp-a\/#breadcrumb"},"inLanguage":"lt-LT","potentialAction":[{"@type":"ReadAction","target":["https:\/\/plcsupplyspot.com\/lt\/automatikos-komponentai\/acs-cp-a\/"]}]},{"@type":"ImageObject","inLanguage":"lt-LT","@id":"https:\/\/plcsupplyspot.com\/lt\/automatikos-komponentai\/acs-cp-a\/#primaryimage","url":"https:\/\/plcsupplyspot.com\/wp-content\/uploads\/2025\/10\/F5110449-01.webp","contentUrl":"https:\/\/plcsupplyspot.com\/wp-content\/uploads\/2025\/10\/F5110449-01.webp","width":700,"height":1034},{"@type":"BreadcrumbList","@id":"https:\/\/plcsupplyspot.com\/lt\/automatikos-komponentai\/acs-cp-a\/#breadcrumb","itemListElement":[{"@type":"ListItem","position":1,"name":"home","item":"https:\/\/plcsupplyspot.com\/lt\/"},{"@type":"ListItem","position":2,"name":"Automatikos komponentai","item":"https:\/\/plcsupplyspot.com\/lt\/automatikos-komponentai\/"},{"@type":"ListItem","position":3,"name":"ACS-CP-A"}]},{"@type":"WebSite","@id":"https:\/\/plcsupplyspot.com\/lt\/#website","url":"https:\/\/plcsupplyspot.com\/lt\/","name":"PLC Supply Spot","description":"Innovate. Accelerate. Automate!","publisher":{"@id":"https:\/\/plcsupplyspot.com\/lt\/#organization"},"potentialAction":[{"@type":"SearchAction","target":{"@type":"EntryPoint","urlTemplate":"https:\/\/plcsupplyspot.com\/lt\/?s={search_term_string}"},"query-input":{"@type":"PropertyValueSpecification","valueRequired":true,"valueName":"search_term_string"}}],"inLanguage":"lt-LT"},{"@type":"Organization","@id":"https:\/\/plcsupplyspot.com\/lt\/#organization","name":"PLC Supply Spot","alternateName":"PLC Supply Spot","url":"https:\/\/plcsupplyspot.com\/lt\/","logo":{"@type":"ImageObject","inLanguage":"lt-LT","@id":"https:\/\/plcsupplyspot.com\/lt\/#\/schema\/logo\/image\/","url":"https:\/\/plcsupplyspot.com\/wp-content\/uploads\/2026\/01\/plc-supply-spot-logo-1.png","contentUrl":"https:\/\/plcsupplyspot.com\/wp-content\/uploads\/2026\/01\/plc-supply-spot-logo-1.png","width":720,"height":720,"caption":"PLC Supply Spot"},"image":{"@id":"https:\/\/plcsupplyspot.com\/lt\/#\/schema\/logo\/image\/"},"sameAs":["https:\/\/www.facebook.com\/profile.php?id=61571705128033"]}]}},"_links":{"self":[{"href":"https:\/\/plcsupplyspot.com\/lt\/wp-json\/wp\/v2\/product\/6542","targetHints":{"allow":["GET"]}}],"collection":[{"href":"https:\/\/plcsupplyspot.com\/lt\/wp-json\/wp\/v2\/product"}],"about":[{"href":"https:\/\/plcsupplyspot.com\/lt\/wp-json\/wp\/v2\/types\/product"}],"version-history":[{"count":7,"href":"https:\/\/plcsupplyspot.com\/lt\/wp-json\/wp\/v2\/product\/6542\/revisions"}],"predecessor-version":[{"id":7897,"href":"https:\/\/plcsupplyspot.com\/lt\/wp-json\/wp\/v2\/product\/6542\/revisions\/7897"}],"wp:featuredmedia":[{"embeddable":true,"href":"https:\/\/plcsupplyspot.com\/lt\/wp-json\/wp\/v2\/media\/6544"}],"wp:attachment":[{"href":"https:\/\/plcsupplyspot.com\/lt\/wp-json\/wp\/v2\/media?parent=6542"}],"wp:term":[{"taxonomy":"product_brand","embeddable":true,"href":"https:\/\/plcsupplyspot.com\/lt\/wp-json\/wp\/v2\/product_brand?post=6542"},{"taxonomy":"product_cat","embeddable":true,"href":"https:\/\/plcsupplyspot.com\/lt\/wp-json\/wp\/v2\/product_cat?post=6542"},{"taxonomy":"product_tag","embeddable":true,"href":"https:\/\/plcsupplyspot.com\/lt\/wp-json\/wp\/v2\/product_tag?post=6542"}],"curies":[{"name":"wp","href":"https:\/\/api.w.org\/{rel}","templated":true}]}}