{"id":6477,"date":"2025-10-30T10:27:52","date_gmt":"2025-10-30T10:27:52","guid":{"rendered":"https:\/\/plcsupplyspot.com\/?post_type=product&#038;p=6477"},"modified":"2025-12-08T12:21:03","modified_gmt":"2025-12-08T12:21:03","slug":"2711p-t10c4d8","status":"publish","type":"product","link":"https:\/\/plcsupplyspot.com\/lt\/automatikos-komponentai\/2711p-t10c4d8\/","title":{"rendered":"2711P-T10C4D8"},"content":{"rendered":"<p data-start=\"2197\" data-end=\"2298\"><strong data-start=\"2222\" data-end=\"2298\">Allen-Bradley 2711P-T10C4D8 \u2013 PanelView Plus 1000 jutiklinis HMI ekranas<\/strong><\/p>\n<p data-start=\"2300\" data-end=\"2677\">Allen-Bradley 2711P-T10C4D8 yra PanelView Plus 1000 serijos 10.4 coli\u0173 spalvotas jutiklinis HMI ekranas, skirtas pramonin\u0117ms automatizavimo sistemoms. Jis u\u017etikrina patogi\u0105 operatoriaus s\u0105saj\u0105, leid\u017eia realiu laiku steb\u0117ti procesus, valdyti \u012frang\u0105 ir analizuoti veikimo duomenis. Ekranas lengvai integruojamas su Allen-Bradley PLC ir pasi\u017eymi patikimu darbu pramon\u0117s s\u0105lygomis.<\/p>\n<p data-start=\"2679\" data-end=\"2970\"><strong data-start=\"2679\" data-end=\"2707\">Pagrindiniai privalumai:<\/strong><br data-start=\"2707\" data-end=\"2710\" \/>\u2022 10.4 coli\u0173 spalvotas jutiklinis ekranas<br data-start=\"2751\" data-end=\"2754\" \/>\u2022 PanelView Plus 1000 serija<br data-start=\"2782\" data-end=\"2785\" \/>\u2022 Patogi operatoriaus s\u0105saja<br data-start=\"2813\" data-end=\"2816\" \/>\u2022 Ai\u0161ki proces\u0173 ir \u012frengini\u0173 vizualizacija<br data-start=\"2858\" data-end=\"2861\" \/>\u2022 Patikima, pramonin\u0117 konstrukcija<br data-start=\"2895\" data-end=\"2898\" \/>\u2022 Montavimas \u012f valdymo skydus<br data-start=\"2927\" data-end=\"2930\" \/>\u2022 Skirtas ilgalaikiam darbui pramon\u0117je<\/p>\n<p data-start=\"2972\" data-end=\"3155\"><strong data-start=\"2972\" data-end=\"2991\">Kur naudojamas:<\/strong><br data-start=\"2991\" data-end=\"2994\" \/>\u2022 Operatoriniai pultai<br data-start=\"3016\" data-end=\"3019\" \/>\u2022 Gamybos linijos<br data-start=\"3036\" data-end=\"3039\" \/>\u2022 Proces\u0173 valdymo sistemos<br data-start=\"3065\" data-end=\"3068\" \/>\u2022 Automatizuotos ma\u0161inos<br data-start=\"3092\" data-end=\"3095\" \/>\u2022 Pramoniniai valdymo skydai<br data-start=\"3123\" data-end=\"3126\" \/>\u2022 Vizualizacijos sprendimai<\/p>\n<p data-start=\"3157\" data-end=\"3341\"><strong data-start=\"3157\" data-end=\"3176\">Apie gamintoj\u0105:<\/strong><br data-start=\"3176\" data-end=\"3179\" \/>Allen-Bradley \u2013 pasaulyje \u017einomas pramonin\u0117s automatikos gamintojas, kurio PanelView Plus HMI sprendimai vertinami d\u0117l patikimumo, funkcionalumo ir ilgaam\u017ei\u0161kumo.<\/p>\n","protected":false},"excerpt":{"rendered":"<p data-start=\"684\" data-end=\"1028\">Allen-Bradley 2711P-T10C4D8 PanelView Plus 6 10,4\u2033 spalvotas lietimui jautrus HMI, su 512 MB RAM\/FLASH, Ethernet ir RS-232 jungtimis, skirtas pramoninei automatizacijai.<\/p>\n","protected":false},"featured_media":6479,"template":"","meta":{"site-sidebar-layout":"no-sidebar","site-content-layout":"default","ast-site-content-layout":"normal-width-container","site-content-style":"default","site-sidebar-style":"default","ast-global-header-display":"","ast-banner-title-visibility":"","ast-main-header-display":"","ast-hfb-above-header-display":"","ast-hfb-below-header-display":"","ast-hfb-mobile-header-display":"","site-post-title":"","ast-breadcrumbs-content":"","ast-featured-img":"","footer-sml-layout":"","ast-disable-related-posts":"","theme-transparent-header-meta":"default","adv-header-id-meta":"","stick-header-meta":"default","header-above-stick-meta":"","header-main-stick-meta":"","header-below-stick-meta":"","astra-migrate-meta-layouts":"set","ast-page-background-enabled":"default","ast-page-background-meta":{"desktop":{"background-color":"","background-image":"","background-repeat":"repeat","background-position":"center center","background-size":"auto","background-attachment":"scroll","background-type":"","background-media":"","overlay-type":"","overlay-color":"","overlay-opacity":"","overlay-gradient":""},"tablet":{"background-color":"","background-image":"","background-repeat":"repeat","background-position":"center center","background-size":"auto","background-attachment":"scroll","background-type":"","background-media":"","overlay-type":"","overlay-color":"","overlay-opacity":"","overlay-gradient":""},"mobile":{"background-color":"","background-image":"","background-repeat":"repeat","background-position":"center center","background-size":"auto","background-attachment":"scroll","background-type":"","background-media":"","overlay-type":"","overlay-color":"","overlay-opacity":"","overlay-gradient":""}},"ast-content-background-meta":{"desktop":{"background-color":"var(--ast-global-color-5)","background-image":"","background-repeat":"repeat","background-position":"center center","background-size":"auto","background-attachment":"scroll","background-type":"","background-media":"","overlay-type":"","overlay-color":"","overlay-opacity":"","overlay-gradient":""},"tablet":{"background-color":"var(--ast-global-color-5)","background-image":"","background-repeat":"repeat","background-position":"center center","background-size":"auto","background-attachment":"scroll","background-type":"","background-media":"","overlay-type":"","overlay-color":"","overlay-opacity":"","overlay-gradient":""},"mobile":{"background-color":"var(--ast-global-color-5)","background-image":"","background-repeat":"repeat","background-position":"center center","background-size":"auto","background-attachment":"scroll","background-type":"","background-media":"","overlay-type":"","overlay-color":"","overlay-opacity":"","overlay-gradient":""}}},"product_brand":[],"product_cat":[116,125],"product_tag":[],"class_list":{"0":"post-6477","1":"product","2":"type-product","3":"status-publish","4":"has-post-thumbnail","6":"product_cat-allen-bradley","7":"product_cat-valdymo-ekranai-hmi","8":"desktop-align-left","9":"tablet-align-left","10":"mobile-align-left","11":"ast-product-gallery-layout-horizontal-slider","12":"ast-product-tabs-layout-horizontal","14":"first","15":"onbackorder","16":"taxable","17":"shipping-taxable","18":"purchasable","19":"product-type-simple"},"yoast_head":"<!-- This site is optimized with the Yoast SEO plugin v27.3 - https:\/\/yoast.com\/product\/yoast-seo-wordpress\/ -->\n<title>2711P-T10C4D8 | PLC Supply spot<\/title>\n<meta name=\"description\" content=\"\u012esigykite Allen-Bradley 2711P-T10C4D8 PanelView Plus 6 10,4\u2033 lietimui jautr\u0173 HMI su 512 MB atmintimi, Ethernet ir RS-232, 24 V DC.\" \/>\n<meta name=\"robots\" content=\"index, follow, max-snippet:-1, max-image-preview:large, max-video-preview:-1\" \/>\n<link rel=\"canonical\" href=\"https:\/\/plcsupplyspot.com\/lt\/automatikos-komponentai\/2711p-t10c4d8\/\" \/>\n<meta property=\"og:locale\" content=\"lt_LT\" \/>\n<meta property=\"og:type\" content=\"article\" \/>\n<meta property=\"og:title\" content=\"2711P-T10C4D8 | PLC Supply spot\" \/>\n<meta property=\"og:description\" content=\"\u012esigykite Allen-Bradley 2711P-T10C4D8 PanelView Plus 6 10,4\u2033 lietimui jautr\u0173 HMI su 512 MB atmintimi, Ethernet ir RS-232, 24 V DC.\" \/>\n<meta property=\"og:url\" content=\"https:\/\/plcsupplyspot.com\/lt\/automatikos-komponentai\/2711p-t10c4d8\/\" \/>\n<meta property=\"og:site_name\" content=\"PLC Supply spot\" \/>\n<meta property=\"article:publisher\" content=\"https:\/\/www.facebook.com\/profile.php?id=61571705128033\" \/>\n<meta property=\"article:modified_time\" content=\"2025-12-08T12:21:03+00:00\" \/>\n<meta property=\"og:image\" content=\"https:\/\/plcsupplyspot.com\/wp-content\/uploads\/2025\/10\/5540641-01-01-scaled.jpg\" \/>\n\t<meta property=\"og:image:width\" content=\"2560\" \/>\n\t<meta property=\"og:image:height\" content=\"1707\" \/>\n\t<meta property=\"og:image:type\" content=\"image\/jpeg\" \/>\n<meta name=\"twitter:card\" content=\"summary_large_image\" \/>\n<meta name=\"twitter:label1\" content=\"Est. reading time\" \/>\n\t<meta name=\"twitter:data1\" content=\"2 minut\u0117s\" \/>\n<!-- \/ Yoast SEO plugin. -->","yoast_head_json":{"title":"2711P-T10C4D8 | PLC Supply spot","description":"\u012esigykite Allen-Bradley 2711P-T10C4D8 PanelView Plus 6 10,4\u2033 lietimui jautr\u0173 HMI su 512 MB atmintimi, Ethernet ir RS-232, 24 V DC.","robots":{"index":"index","follow":"follow","max-snippet":"max-snippet:-1","max-image-preview":"max-image-preview:large","max-video-preview":"max-video-preview:-1"},"canonical":"https:\/\/plcsupplyspot.com\/lt\/automatikos-komponentai\/2711p-t10c4d8\/","og_locale":"lt_LT","og_type":"article","og_title":"2711P-T10C4D8 | PLC Supply spot","og_description":"\u012esigykite Allen-Bradley 2711P-T10C4D8 PanelView Plus 6 10,4\u2033 lietimui jautr\u0173 HMI su 512 MB atmintimi, Ethernet ir RS-232, 24 V DC.","og_url":"https:\/\/plcsupplyspot.com\/lt\/automatikos-komponentai\/2711p-t10c4d8\/","og_site_name":"PLC Supply spot","article_publisher":"https:\/\/www.facebook.com\/profile.php?id=61571705128033","article_modified_time":"2025-12-08T12:21:03+00:00","og_image":[{"width":2560,"height":1707,"url":"https:\/\/plcsupplyspot.com\/wp-content\/uploads\/2025\/10\/5540641-01-01-scaled.jpg","type":"image\/jpeg"}],"twitter_card":"summary_large_image","twitter_misc":{"Est. reading time":"2 minut\u0117s"},"schema":{"@context":"https:\/\/schema.org","@graph":[{"@type":"WebPage","@id":"https:\/\/plcsupplyspot.com\/lt\/automatikos-komponentai\/2711p-t10c4d8\/","url":"https:\/\/plcsupplyspot.com\/lt\/automatikos-komponentai\/2711p-t10c4d8\/","name":"2711P-T10C4D8 | PLC Supply spot","isPartOf":{"@id":"https:\/\/plcsupplyspot.com\/lt\/#website"},"primaryImageOfPage":{"@id":"https:\/\/plcsupplyspot.com\/lt\/automatikos-komponentai\/2711p-t10c4d8\/#primaryimage"},"image":{"@id":"https:\/\/plcsupplyspot.com\/lt\/automatikos-komponentai\/2711p-t10c4d8\/#primaryimage"},"thumbnailUrl":"https:\/\/plcsupplyspot.com\/wp-content\/uploads\/2025\/10\/5540641-01-01-scaled.jpg","datePublished":"2025-10-30T10:27:52+00:00","dateModified":"2025-12-08T12:21:03+00:00","description":"\u012esigykite Allen-Bradley 2711P-T10C4D8 PanelView Plus 6 10,4\u2033 lietimui jautr\u0173 HMI su 512 MB atmintimi, Ethernet ir RS-232, 24 V DC.","breadcrumb":{"@id":"https:\/\/plcsupplyspot.com\/lt\/automatikos-komponentai\/2711p-t10c4d8\/#breadcrumb"},"inLanguage":"lt-LT","potentialAction":[{"@type":"ReadAction","target":["https:\/\/plcsupplyspot.com\/lt\/automatikos-komponentai\/2711p-t10c4d8\/"]}]},{"@type":"ImageObject","inLanguage":"lt-LT","@id":"https:\/\/plcsupplyspot.com\/lt\/automatikos-komponentai\/2711p-t10c4d8\/#primaryimage","url":"https:\/\/plcsupplyspot.com\/wp-content\/uploads\/2025\/10\/5540641-01-01-scaled.jpg","contentUrl":"https:\/\/plcsupplyspot.com\/wp-content\/uploads\/2025\/10\/5540641-01-01-scaled.jpg","width":2560,"height":1707},{"@type":"BreadcrumbList","@id":"https:\/\/plcsupplyspot.com\/lt\/automatikos-komponentai\/2711p-t10c4d8\/#breadcrumb","itemListElement":[{"@type":"ListItem","position":1,"name":"home","item":"https:\/\/plcsupplyspot.com\/lt\/"},{"@type":"ListItem","position":2,"name":"Automatikos komponentai","item":"https:\/\/plcsupplyspot.com\/lt\/automatikos-komponentai\/"},{"@type":"ListItem","position":3,"name":"2711P-T10C4D8"}]},{"@type":"WebSite","@id":"https:\/\/plcsupplyspot.com\/lt\/#website","url":"https:\/\/plcsupplyspot.com\/lt\/","name":"PLC Supply Spot","description":"Innovate. Accelerate. Automate!","publisher":{"@id":"https:\/\/plcsupplyspot.com\/lt\/#organization"},"potentialAction":[{"@type":"SearchAction","target":{"@type":"EntryPoint","urlTemplate":"https:\/\/plcsupplyspot.com\/lt\/?s={search_term_string}"},"query-input":{"@type":"PropertyValueSpecification","valueRequired":true,"valueName":"search_term_string"}}],"inLanguage":"lt-LT"},{"@type":"Organization","@id":"https:\/\/plcsupplyspot.com\/lt\/#organization","name":"PLC Supply Spot","alternateName":"PLC Supply Spot","url":"https:\/\/plcsupplyspot.com\/lt\/","logo":{"@type":"ImageObject","inLanguage":"lt-LT","@id":"https:\/\/plcsupplyspot.com\/lt\/#\/schema\/logo\/image\/","url":"https:\/\/plcsupplyspot.com\/wp-content\/uploads\/2026\/01\/plc-supply-spot-logo-1.png","contentUrl":"https:\/\/plcsupplyspot.com\/wp-content\/uploads\/2026\/01\/plc-supply-spot-logo-1.png","width":720,"height":720,"caption":"PLC Supply Spot"},"image":{"@id":"https:\/\/plcsupplyspot.com\/lt\/#\/schema\/logo\/image\/"},"sameAs":["https:\/\/www.facebook.com\/profile.php?id=61571705128033"]}]}},"_links":{"self":[{"href":"https:\/\/plcsupplyspot.com\/lt\/wp-json\/wp\/v2\/product\/6477","targetHints":{"allow":["GET"]}}],"collection":[{"href":"https:\/\/plcsupplyspot.com\/lt\/wp-json\/wp\/v2\/product"}],"about":[{"href":"https:\/\/plcsupplyspot.com\/lt\/wp-json\/wp\/v2\/types\/product"}],"version-history":[{"count":4,"href":"https:\/\/plcsupplyspot.com\/lt\/wp-json\/wp\/v2\/product\/6477\/revisions"}],"predecessor-version":[{"id":7844,"href":"https:\/\/plcsupplyspot.com\/lt\/wp-json\/wp\/v2\/product\/6477\/revisions\/7844"}],"wp:featuredmedia":[{"embeddable":true,"href":"https:\/\/plcsupplyspot.com\/lt\/wp-json\/wp\/v2\/media\/6479"}],"wp:attachment":[{"href":"https:\/\/plcsupplyspot.com\/lt\/wp-json\/wp\/v2\/media?parent=6477"}],"wp:term":[{"taxonomy":"product_brand","embeddable":true,"href":"https:\/\/plcsupplyspot.com\/lt\/wp-json\/wp\/v2\/product_brand?post=6477"},{"taxonomy":"product_cat","embeddable":true,"href":"https:\/\/plcsupplyspot.com\/lt\/wp-json\/wp\/v2\/product_cat?post=6477"},{"taxonomy":"product_tag","embeddable":true,"href":"https:\/\/plcsupplyspot.com\/lt\/wp-json\/wp\/v2\/product_tag?post=6477"}],"curies":[{"name":"wp","href":"https:\/\/api.w.org\/{rel}","templated":true}]}}