{"id":6445,"date":"2025-10-29T14:53:00","date_gmt":"2025-10-29T14:53:00","guid":{"rendered":"https:\/\/plcsupplyspot.com\/?post_type=product&#038;p=6445"},"modified":"2025-12-08T13:33:49","modified_gmt":"2025-12-08T13:33:49","slug":"1756-tbch","status":"publish","type":"product","link":"https:\/\/plcsupplyspot.com\/lt\/automatikos-komponentai\/1756-tbch\/","title":{"rendered":"1756-TBCH"},"content":{"rendered":"<p data-start=\"2033\" data-end=\"2137\"><strong data-start=\"2058\" data-end=\"2137\">Allen-Bradley 1756-TBCH \u2013 nuimamas gnybt\u0173 blokas ControlLogix I\/O moduliams<\/strong><\/p>\n<p data-start=\"2139\" data-end=\"2450\">Allen-Bradley 1756-TBCH yra nuimamas gnybt\u0173 blokas, skirtas ControlLogix I\/O moduliams. Jis leid\u017eia patogiai ir tvarkingai prijungti laidus, supaprastina montavim\u0105, technin\u0119 prie\u017ei\u016br\u0105 ir moduli\u0173 keitim\u0105. Gnybt\u0173 blokas u\u017etikrina patikim\u0105 elektros kontakt\u0105 ir yra pritaikytas pramonin\u0117ms automatizavimo sistemoms.<\/p>\n<p data-start=\"2452\" data-end=\"2713\"><strong data-start=\"2452\" data-end=\"2480\">Pagrindiniai privalumai:<\/strong><br data-start=\"2480\" data-end=\"2483\" \/>\u2022 Nuimamas gnybt\u0173 blokas ControlLogix sistemoms<br data-start=\"2530\" data-end=\"2533\" \/>\u2022 Patogus montavimas ir prie\u017ei\u016bra<br data-start=\"2566\" data-end=\"2569\" \/>\u2022 Patikimas laid\u0173 prijungimas<br data-start=\"2598\" data-end=\"2601\" \/>\u2022 Supaprastina I\/O moduli\u0173 keitim\u0105<br data-start=\"2635\" data-end=\"2638\" \/>\u2022 Tvirta pramonin\u0117 konstrukcija<br data-start=\"2669\" data-end=\"2672\" \/>\u2022 Suderinamas su ControlLogix platforma<\/p>\n<p data-start=\"2715\" data-end=\"2901\"><strong data-start=\"2715\" data-end=\"2734\">Kur naudojamas:<\/strong><br data-start=\"2734\" data-end=\"2737\" \/>\u2022 ControlLogix I\/O sistemos<br data-start=\"2764\" data-end=\"2767\" \/>\u2022 Pramoniniai valdymo skydai<br data-start=\"2795\" data-end=\"2798\" \/>\u2022 Automatizuotos ma\u0161inos<br data-start=\"2822\" data-end=\"2825\" \/>\u2022 Proces\u0173 valdymo sprendimai<br data-start=\"2853\" data-end=\"2856\" \/>\u2022 Paskirstytos automatizavimo architekt\u016bros<\/p>\n<p data-start=\"2903\" data-end=\"3087\"><strong data-start=\"2903\" data-end=\"2922\">Apie gamintoj\u0105:<\/strong><br data-start=\"2922\" data-end=\"2925\" \/>Allen-Bradley \u2013 pasaulyje \u017einomas pramonin\u0117s automatikos gamintojas, kurio ControlLogix komponentai vertinami d\u0117l patikimumo, ilgaam\u017ei\u0161kumo ir lengvo aptarnavimo.<\/p>\n","protected":false},"excerpt":{"rendered":"<p data-start=\"829\" data-end=\"977\">Allen-Bradley 1756-TBCH nuimamas terminal\u0173 blokas su 36 kontaktais ir sraigto-spaustuko jungtimi, skirtas ControlLogix I\/O moduliams.<\/p>\n","protected":false},"featured_media":6447,"template":"","meta":{"site-sidebar-layout":"no-sidebar","site-content-layout":"default","ast-site-content-layout":"normal-width-container","site-content-style":"default","site-sidebar-style":"default","ast-global-header-display":"","ast-banner-title-visibility":"","ast-main-header-display":"","ast-hfb-above-header-display":"","ast-hfb-below-header-display":"","ast-hfb-mobile-header-display":"","site-post-title":"","ast-breadcrumbs-content":"","ast-featured-img":"","footer-sml-layout":"","ast-disable-related-posts":"","theme-transparent-header-meta":"default","adv-header-id-meta":"","stick-header-meta":"default","header-above-stick-meta":"","header-main-stick-meta":"","header-below-stick-meta":"","astra-migrate-meta-layouts":"set","ast-page-background-enabled":"default","ast-page-background-meta":{"desktop":{"background-color":"","background-image":"","background-repeat":"repeat","background-position":"center center","background-size":"auto","background-attachment":"scroll","background-type":"","background-media":"","overlay-type":"","overlay-color":"","overlay-opacity":"","overlay-gradient":""},"tablet":{"background-color":"","background-image":"","background-repeat":"repeat","background-position":"center center","background-size":"auto","background-attachment":"scroll","background-type":"","background-media":"","overlay-type":"","overlay-color":"","overlay-opacity":"","overlay-gradient":""},"mobile":{"background-color":"","background-image":"","background-repeat":"repeat","background-position":"center center","background-size":"auto","background-attachment":"scroll","background-type":"","background-media":"","overlay-type":"","overlay-color":"","overlay-opacity":"","overlay-gradient":""}},"ast-content-background-meta":{"desktop":{"background-color":"var(--ast-global-color-5)","background-image":"","background-repeat":"repeat","background-position":"center center","background-size":"auto","background-attachment":"scroll","background-type":"","background-media":"","overlay-type":"","overlay-color":"","overlay-opacity":"","overlay-gradient":""},"tablet":{"background-color":"var(--ast-global-color-5)","background-image":"","background-repeat":"repeat","background-position":"center center","background-size":"auto","background-attachment":"scroll","background-type":"","background-media":"","overlay-type":"","overlay-color":"","overlay-opacity":"","overlay-gradient":""},"mobile":{"background-color":"var(--ast-global-color-5)","background-image":"","background-repeat":"repeat","background-position":"center center","background-size":"auto","background-attachment":"scroll","background-type":"","background-media":"","overlay-type":"","overlay-color":"","overlay-opacity":"","overlay-gradient":""}}},"product_brand":[],"product_cat":[116,117],"product_tag":[],"class_list":{"0":"post-6445","1":"product","2":"type-product","3":"status-publish","4":"has-post-thumbnail","6":"product_cat-allen-bradley","7":"product_cat-valdikliai","8":"desktop-align-left","9":"tablet-align-left","10":"mobile-align-left","11":"ast-product-gallery-layout-horizontal-slider","12":"ast-product-tabs-layout-horizontal","14":"first","15":"onbackorder","16":"taxable","17":"shipping-taxable","18":"purchasable","19":"product-type-simple"},"yoast_head":"<!-- This site is optimized with the Yoast SEO plugin v27.3 - https:\/\/yoast.com\/product\/yoast-seo-wordpress\/ -->\n<title>1756-TBCH | PLC Supply spot<\/title>\n<meta name=\"description\" content=\"\u012esigykite Allen-Bradley 1756-TBCH nuimamo 36 kontakt\u0173 sraigto-spaustuko terminal\u0173 blok\u0105 ControlLogix moduliams.\" \/>\n<meta name=\"robots\" content=\"index, follow, max-snippet:-1, max-image-preview:large, max-video-preview:-1\" \/>\n<link rel=\"canonical\" href=\"https:\/\/plcsupplyspot.com\/lt\/automatikos-komponentai\/1756-tbch\/\" \/>\n<meta property=\"og:locale\" content=\"lt_LT\" \/>\n<meta property=\"og:type\" content=\"article\" \/>\n<meta property=\"og:title\" content=\"1756-TBCH | PLC Supply spot\" \/>\n<meta property=\"og:description\" content=\"\u012esigykite Allen-Bradley 1756-TBCH nuimamo 36 kontakt\u0173 sraigto-spaustuko terminal\u0173 blok\u0105 ControlLogix moduliams.\" \/>\n<meta property=\"og:url\" content=\"https:\/\/plcsupplyspot.com\/lt\/automatikos-komponentai\/1756-tbch\/\" \/>\n<meta property=\"og:site_name\" content=\"PLC Supply spot\" \/>\n<meta property=\"article:publisher\" content=\"https:\/\/www.facebook.com\/profile.php?id=61571705128033\" \/>\n<meta property=\"article:modified_time\" content=\"2025-12-08T13:33:49+00:00\" \/>\n<meta property=\"og:image\" content=\"https:\/\/plcsupplyspot.com\/wp-content\/uploads\/2025\/10\/IMG_47783806_TBCH_1000x1000.jpg\" \/>\n\t<meta property=\"og:image:width\" content=\"1000\" \/>\n\t<meta property=\"og:image:height\" content=\"1000\" \/>\n\t<meta property=\"og:image:type\" content=\"image\/jpeg\" \/>\n<meta name=\"twitter:card\" content=\"summary_large_image\" \/>\n<meta name=\"twitter:label1\" content=\"Est. reading time\" \/>\n\t<meta name=\"twitter:data1\" content=\"1 minut\u0117\" \/>\n<!-- \/ Yoast SEO plugin. -->","yoast_head_json":{"title":"1756-TBCH | PLC Supply spot","description":"\u012esigykite Allen-Bradley 1756-TBCH nuimamo 36 kontakt\u0173 sraigto-spaustuko terminal\u0173 blok\u0105 ControlLogix moduliams.","robots":{"index":"index","follow":"follow","max-snippet":"max-snippet:-1","max-image-preview":"max-image-preview:large","max-video-preview":"max-video-preview:-1"},"canonical":"https:\/\/plcsupplyspot.com\/lt\/automatikos-komponentai\/1756-tbch\/","og_locale":"lt_LT","og_type":"article","og_title":"1756-TBCH | PLC Supply spot","og_description":"\u012esigykite Allen-Bradley 1756-TBCH nuimamo 36 kontakt\u0173 sraigto-spaustuko terminal\u0173 blok\u0105 ControlLogix moduliams.","og_url":"https:\/\/plcsupplyspot.com\/lt\/automatikos-komponentai\/1756-tbch\/","og_site_name":"PLC Supply spot","article_publisher":"https:\/\/www.facebook.com\/profile.php?id=61571705128033","article_modified_time":"2025-12-08T13:33:49+00:00","og_image":[{"width":1000,"height":1000,"url":"https:\/\/plcsupplyspot.com\/wp-content\/uploads\/2025\/10\/IMG_47783806_TBCH_1000x1000.jpg","type":"image\/jpeg"}],"twitter_card":"summary_large_image","twitter_misc":{"Est. reading time":"1 minut\u0117"},"schema":{"@context":"https:\/\/schema.org","@graph":[{"@type":"WebPage","@id":"https:\/\/plcsupplyspot.com\/lt\/automatikos-komponentai\/1756-tbch\/","url":"https:\/\/plcsupplyspot.com\/lt\/automatikos-komponentai\/1756-tbch\/","name":"1756-TBCH | PLC Supply spot","isPartOf":{"@id":"https:\/\/plcsupplyspot.com\/lt\/#website"},"primaryImageOfPage":{"@id":"https:\/\/plcsupplyspot.com\/lt\/automatikos-komponentai\/1756-tbch\/#primaryimage"},"image":{"@id":"https:\/\/plcsupplyspot.com\/lt\/automatikos-komponentai\/1756-tbch\/#primaryimage"},"thumbnailUrl":"https:\/\/plcsupplyspot.com\/wp-content\/uploads\/2025\/10\/IMG_47783806_TBCH_1000x1000.jpg","datePublished":"2025-10-29T14:53:00+00:00","dateModified":"2025-12-08T13:33:49+00:00","description":"\u012esigykite Allen-Bradley 1756-TBCH nuimamo 36 kontakt\u0173 sraigto-spaustuko terminal\u0173 blok\u0105 ControlLogix moduliams.","breadcrumb":{"@id":"https:\/\/plcsupplyspot.com\/lt\/automatikos-komponentai\/1756-tbch\/#breadcrumb"},"inLanguage":"lt-LT","potentialAction":[{"@type":"ReadAction","target":["https:\/\/plcsupplyspot.com\/lt\/automatikos-komponentai\/1756-tbch\/"]}]},{"@type":"ImageObject","inLanguage":"lt-LT","@id":"https:\/\/plcsupplyspot.com\/lt\/automatikos-komponentai\/1756-tbch\/#primaryimage","url":"https:\/\/plcsupplyspot.com\/wp-content\/uploads\/2025\/10\/IMG_47783806_TBCH_1000x1000.jpg","contentUrl":"https:\/\/plcsupplyspot.com\/wp-content\/uploads\/2025\/10\/IMG_47783806_TBCH_1000x1000.jpg","width":1000,"height":1000},{"@type":"BreadcrumbList","@id":"https:\/\/plcsupplyspot.com\/lt\/automatikos-komponentai\/1756-tbch\/#breadcrumb","itemListElement":[{"@type":"ListItem","position":1,"name":"home","item":"https:\/\/plcsupplyspot.com\/lt\/"},{"@type":"ListItem","position":2,"name":"Automatikos komponentai","item":"https:\/\/plcsupplyspot.com\/lt\/automatikos-komponentai\/"},{"@type":"ListItem","position":3,"name":"1756-TBCH"}]},{"@type":"WebSite","@id":"https:\/\/plcsupplyspot.com\/lt\/#website","url":"https:\/\/plcsupplyspot.com\/lt\/","name":"PLC Supply Spot","description":"Innovate. Accelerate. Automate!","publisher":{"@id":"https:\/\/plcsupplyspot.com\/lt\/#organization"},"potentialAction":[{"@type":"SearchAction","target":{"@type":"EntryPoint","urlTemplate":"https:\/\/plcsupplyspot.com\/lt\/?s={search_term_string}"},"query-input":{"@type":"PropertyValueSpecification","valueRequired":true,"valueName":"search_term_string"}}],"inLanguage":"lt-LT"},{"@type":"Organization","@id":"https:\/\/plcsupplyspot.com\/lt\/#organization","name":"PLC Supply Spot","alternateName":"PLC Supply Spot","url":"https:\/\/plcsupplyspot.com\/lt\/","logo":{"@type":"ImageObject","inLanguage":"lt-LT","@id":"https:\/\/plcsupplyspot.com\/lt\/#\/schema\/logo\/image\/","url":"https:\/\/plcsupplyspot.com\/wp-content\/uploads\/2026\/01\/plc-supply-spot-logo-1.png","contentUrl":"https:\/\/plcsupplyspot.com\/wp-content\/uploads\/2026\/01\/plc-supply-spot-logo-1.png","width":720,"height":720,"caption":"PLC Supply Spot"},"image":{"@id":"https:\/\/plcsupplyspot.com\/lt\/#\/schema\/logo\/image\/"},"sameAs":["https:\/\/www.facebook.com\/profile.php?id=61571705128033"]}]}},"_links":{"self":[{"href":"https:\/\/plcsupplyspot.com\/lt\/wp-json\/wp\/v2\/product\/6445","targetHints":{"allow":["GET"]}}],"collection":[{"href":"https:\/\/plcsupplyspot.com\/lt\/wp-json\/wp\/v2\/product"}],"about":[{"href":"https:\/\/plcsupplyspot.com\/lt\/wp-json\/wp\/v2\/types\/product"}],"version-history":[{"count":4,"href":"https:\/\/plcsupplyspot.com\/lt\/wp-json\/wp\/v2\/product\/6445\/revisions"}],"predecessor-version":[{"id":7872,"href":"https:\/\/plcsupplyspot.com\/lt\/wp-json\/wp\/v2\/product\/6445\/revisions\/7872"}],"wp:featuredmedia":[{"embeddable":true,"href":"https:\/\/plcsupplyspot.com\/lt\/wp-json\/wp\/v2\/media\/6447"}],"wp:attachment":[{"href":"https:\/\/plcsupplyspot.com\/lt\/wp-json\/wp\/v2\/media?parent=6445"}],"wp:term":[{"taxonomy":"product_brand","embeddable":true,"href":"https:\/\/plcsupplyspot.com\/lt\/wp-json\/wp\/v2\/product_brand?post=6445"},{"taxonomy":"product_cat","embeddable":true,"href":"https:\/\/plcsupplyspot.com\/lt\/wp-json\/wp\/v2\/product_cat?post=6445"},{"taxonomy":"product_tag","embeddable":true,"href":"https:\/\/plcsupplyspot.com\/lt\/wp-json\/wp\/v2\/product_tag?post=6445"}],"curies":[{"name":"wp","href":"https:\/\/api.w.org\/{rel}","templated":true}]}}