{"id":6421,"date":"2025-10-29T14:26:56","date_gmt":"2025-10-29T14:26:56","guid":{"rendered":"https:\/\/plcsupplyspot.com\/?post_type=product&#038;p=6421"},"modified":"2025-12-12T08:43:21","modified_gmt":"2025-12-12T08:43:21","slug":"a06b-0032-b1757008","status":"publish","type":"product","link":"https:\/\/plcsupplyspot.com\/lt\/automatikos-komponentai\/a06b-0032-b1757008\/","title":{"rendered":"A06B-0032-B175#7008"},"content":{"rendered":"<p data-start=\"2183\" data-end=\"2271\"><strong data-start=\"2208\" data-end=\"2271\">FANUC A06B-0032-B175#7008 \u2013 AC servo variklis CNC sistemoms<\/strong><\/p>\n<p data-start=\"2273\" data-end=\"2623\">FANUC A06B-0032-B175#7008 yra auk\u0161tos kokyb\u0117s AC servo variklis, skirtas tiksliam pad\u0117ties, grei\u010dio ir sukimo momento valdymui CNC stakl\u0117se ir pramonin\u0117s automatizacijos sistemose. Variklis u\u017etikrina skland\u0173 ir stabil\u0173 veikim\u0105 net intensyvaus darbo s\u0105lygomis bei pasi\u017eymi ilgaam\u017ei\u0161kumu. Jis pilnai suderinamas su FANUC servo pavaromis ir valdikliais.<\/p>\n<p data-start=\"2625\" data-end=\"2921\"><strong data-start=\"2625\" data-end=\"2653\">Pagrindiniai privalumai:<\/strong><br data-start=\"2653\" data-end=\"2656\" \/>\u2022 AC servo variklis FANUC sistemoms<br data-start=\"2691\" data-end=\"2694\" \/>\u2022 Auk\u0161tas pad\u0117ties nustatymo tikslumas<br data-start=\"2732\" data-end=\"2735\" \/>\u2022 Stabilus grei\u010dio ir sukimo momento valdymas<br data-start=\"2780\" data-end=\"2783\" \/>\u2022 Tinka CNC ir precizin\u0117ms ma\u0161inoms<br data-start=\"2818\" data-end=\"2821\" \/>\u2022 Patikima konstrukcija pramonei<br data-start=\"2853\" data-end=\"2856\" \/>\u2022 Ilgas tarnavimo laikas<br data-start=\"2880\" data-end=\"2883\" \/>\u2022 Lengva integracija su FANUC \u012franga<\/p>\n<p data-start=\"2923\" data-end=\"3131\"><strong data-start=\"2923\" data-end=\"2942\">Kur naudojamas:<\/strong><br data-start=\"2942\" data-end=\"2945\" \/>\u2022 CNC stakl\u0117se<br data-start=\"2959\" data-end=\"2962\" \/>\u2022 Frezavimo ir tekinimo \u012frangoje<br data-start=\"2994\" data-end=\"2997\" \/>\u2022 Pramoniniuose robotuose<br data-start=\"3022\" data-end=\"3025\" \/>\u2022 Automatizuotose gamybos linijose<br data-start=\"3059\" data-end=\"3062\" \/>\u2022 Tikslaus pozicionavimo sistemose<br data-start=\"3096\" data-end=\"3099\" \/>\u2022 Judesio valdymo sprendimuose<\/p>\n<p data-start=\"3133\" data-end=\"3295\"><strong data-start=\"3133\" data-end=\"3152\">Apie gamintoj\u0105:<\/strong><br data-start=\"3152\" data-end=\"3155\" \/>FANUC \u2013 pasaulinis CNC ir pramonin\u0117s automatizacijos lyderis, gars\u0117jantis itin patikimais servo varikliais, pavaromis ir valdymo sistemomis.<\/p>\n","protected":false},"excerpt":{"rendered":"<p data-start=\"818\" data-end=\"964\">FANUC A06B-0032-B175#7008 AC servo variklis su stabd\u017eiu ir raktiniu velenu \u2013 patikimas sprendimas tiksliam judesio valdymui pramon\u0117je.<\/p>\n","protected":false},"featured_media":6423,"template":"","meta":{"site-sidebar-layout":"no-sidebar","site-content-layout":"default","ast-site-content-layout":"normal-width-container","site-content-style":"default","site-sidebar-style":"default","ast-global-header-display":"","ast-banner-title-visibility":"","ast-main-header-display":"","ast-hfb-above-header-display":"","ast-hfb-below-header-display":"","ast-hfb-mobile-header-display":"","site-post-title":"","ast-breadcrumbs-content":"","ast-featured-img":"","footer-sml-layout":"","ast-disable-related-posts":"","theme-transparent-header-meta":"default","adv-header-id-meta":"","stick-header-meta":"default","header-above-stick-meta":"","header-main-stick-meta":"","header-below-stick-meta":"","astra-migrate-meta-layouts":"set","ast-page-background-enabled":"default","ast-page-background-meta":{"desktop":{"background-color":"","background-image":"","background-repeat":"repeat","background-position":"center center","background-size":"auto","background-attachment":"scroll","background-type":"","background-media":"","overlay-type":"","overlay-color":"","overlay-opacity":"","overlay-gradient":""},"tablet":{"background-color":"","background-image":"","background-repeat":"repeat","background-position":"center center","background-size":"auto","background-attachment":"scroll","background-type":"","background-media":"","overlay-type":"","overlay-color":"","overlay-opacity":"","overlay-gradient":""},"mobile":{"background-color":"","background-image":"","background-repeat":"repeat","background-position":"center center","background-size":"auto","background-attachment":"scroll","background-type":"","background-media":"","overlay-type":"","overlay-color":"","overlay-opacity":"","overlay-gradient":""}},"ast-content-background-meta":{"desktop":{"background-color":"var(--ast-global-color-5)","background-image":"","background-repeat":"repeat","background-position":"center center","background-size":"auto","background-attachment":"scroll","background-type":"","background-media":"","overlay-type":"","overlay-color":"","overlay-opacity":"","overlay-gradient":""},"tablet":{"background-color":"var(--ast-global-color-5)","background-image":"","background-repeat":"repeat","background-position":"center center","background-size":"auto","background-attachment":"scroll","background-type":"","background-media":"","overlay-type":"","overlay-color":"","overlay-opacity":"","overlay-gradient":""},"mobile":{"background-color":"var(--ast-global-color-5)","background-image":"","background-repeat":"repeat","background-position":"center center","background-size":"auto","background-attachment":"scroll","background-type":"","background-media":"","overlay-type":"","overlay-color":"","overlay-opacity":"","overlay-gradient":""}}},"product_brand":[],"product_cat":[123,127],"product_tag":[],"class_list":{"0":"post-6421","1":"product","2":"type-product","3":"status-publish","4":"has-post-thumbnail","6":"product_cat-kiti-prekes-zenklai","7":"product_cat-servo-varikliai","8":"desktop-align-left","9":"tablet-align-left","10":"mobile-align-left","11":"ast-product-gallery-layout-horizontal-slider","12":"ast-product-tabs-layout-horizontal","14":"first","15":"onbackorder","16":"taxable","17":"shipping-taxable","18":"purchasable","19":"product-type-simple"},"yoast_head":"<!-- This site is optimized with the Yoast SEO plugin v26.6 - https:\/\/yoast.com\/wordpress\/plugins\/seo\/ -->\n<title>A06B-0032-B175#7008 | PLC Supply spot<\/title>\n<meta name=\"description\" content=\"\u012esigykite FANUC A06B-0032-B175#7008 AC servo varikl\u012f (B2\/3000, stabdys, raktinis velenas) \u2013 tiksliam judesio valdymui automatikoje.\" \/>\n<meta name=\"robots\" content=\"index, follow, max-snippet:-1, max-image-preview:large, max-video-preview:-1\" \/>\n<link rel=\"canonical\" href=\"https:\/\/plcsupplyspot.com\/lt\/automatikos-komponentai\/a06b-0032-b1757008\/\" \/>\n<meta property=\"og:locale\" content=\"lt_LT\" \/>\n<meta property=\"og:type\" content=\"article\" \/>\n<meta property=\"og:title\" content=\"A06B-0032-B175#7008 | PLC Supply spot\" \/>\n<meta property=\"og:description\" content=\"\u012esigykite FANUC A06B-0032-B175#7008 AC servo varikl\u012f (B2\/3000, stabdys, raktinis velenas) \u2013 tiksliam judesio valdymui automatikoje.\" \/>\n<meta property=\"og:url\" content=\"https:\/\/plcsupplyspot.com\/lt\/automatikos-komponentai\/a06b-0032-b1757008\/\" \/>\n<meta property=\"og:site_name\" content=\"PLC Supply spot\" \/>\n<meta property=\"article:publisher\" content=\"https:\/\/www.facebook.com\/profile.php?id=61571705128033\" \/>\n<meta property=\"article:modified_time\" content=\"2025-12-12T08:43:21+00:00\" \/>\n<meta property=\"og:image\" content=\"https:\/\/plcsupplyspot.com\/wp-content\/uploads\/2025\/10\/A06B-0143-B075_7008_1200x1200.webp\" \/>\n\t<meta property=\"og:image:width\" content=\"774\" \/>\n\t<meta property=\"og:image:height\" content=\"709\" \/>\n\t<meta property=\"og:image:type\" content=\"image\/webp\" \/>\n<meta name=\"twitter:card\" content=\"summary_large_image\" \/>\n<meta name=\"twitter:label1\" content=\"Est. reading time\" \/>\n\t<meta name=\"twitter:data1\" content=\"1 minut\u0117\" \/>\n<!-- \/ Yoast SEO plugin. -->","yoast_head_json":{"title":"A06B-0032-B175#7008 | PLC Supply spot","description":"\u012esigykite FANUC A06B-0032-B175#7008 AC servo varikl\u012f (B2\/3000, stabdys, raktinis velenas) \u2013 tiksliam judesio valdymui automatikoje.","robots":{"index":"index","follow":"follow","max-snippet":"max-snippet:-1","max-image-preview":"max-image-preview:large","max-video-preview":"max-video-preview:-1"},"canonical":"https:\/\/plcsupplyspot.com\/lt\/automatikos-komponentai\/a06b-0032-b1757008\/","og_locale":"lt_LT","og_type":"article","og_title":"A06B-0032-B175#7008 | PLC Supply spot","og_description":"\u012esigykite FANUC A06B-0032-B175#7008 AC servo varikl\u012f (B2\/3000, stabdys, raktinis velenas) \u2013 tiksliam judesio valdymui automatikoje.","og_url":"https:\/\/plcsupplyspot.com\/lt\/automatikos-komponentai\/a06b-0032-b1757008\/","og_site_name":"PLC Supply spot","article_publisher":"https:\/\/www.facebook.com\/profile.php?id=61571705128033","article_modified_time":"2025-12-12T08:43:21+00:00","og_image":[{"width":774,"height":709,"url":"https:\/\/plcsupplyspot.com\/wp-content\/uploads\/2025\/10\/A06B-0143-B075_7008_1200x1200.webp","type":"image\/webp"}],"twitter_card":"summary_large_image","twitter_misc":{"Est. reading time":"1 minut\u0117"},"schema":{"@context":"https:\/\/schema.org","@graph":[{"@type":"WebPage","@id":"https:\/\/plcsupplyspot.com\/lt\/automatikos-komponentai\/a06b-0032-b1757008\/","url":"https:\/\/plcsupplyspot.com\/lt\/automatikos-komponentai\/a06b-0032-b1757008\/","name":"A06B-0032-B175#7008 | PLC Supply spot","isPartOf":{"@id":"https:\/\/plcsupplyspot.com\/lt\/#website"},"primaryImageOfPage":{"@id":"https:\/\/plcsupplyspot.com\/lt\/automatikos-komponentai\/a06b-0032-b1757008\/#primaryimage"},"image":{"@id":"https:\/\/plcsupplyspot.com\/lt\/automatikos-komponentai\/a06b-0032-b1757008\/#primaryimage"},"thumbnailUrl":"https:\/\/plcsupplyspot.com\/wp-content\/uploads\/2025\/10\/A06B-0143-B075_7008_1200x1200.webp","datePublished":"2025-10-29T14:26:56+00:00","dateModified":"2025-12-12T08:43:21+00:00","description":"\u012esigykite FANUC A06B-0032-B175#7008 AC servo varikl\u012f (B2\/3000, stabdys, raktinis velenas) \u2013 tiksliam judesio valdymui automatikoje.","breadcrumb":{"@id":"https:\/\/plcsupplyspot.com\/lt\/automatikos-komponentai\/a06b-0032-b1757008\/#breadcrumb"},"inLanguage":"lt-LT","potentialAction":[{"@type":"ReadAction","target":["https:\/\/plcsupplyspot.com\/lt\/automatikos-komponentai\/a06b-0032-b1757008\/"]}]},{"@type":"ImageObject","inLanguage":"lt-LT","@id":"https:\/\/plcsupplyspot.com\/lt\/automatikos-komponentai\/a06b-0032-b1757008\/#primaryimage","url":"https:\/\/plcsupplyspot.com\/wp-content\/uploads\/2025\/10\/A06B-0143-B075_7008_1200x1200.webp","contentUrl":"https:\/\/plcsupplyspot.com\/wp-content\/uploads\/2025\/10\/A06B-0143-B075_7008_1200x1200.webp","width":774,"height":709},{"@type":"BreadcrumbList","@id":"https:\/\/plcsupplyspot.com\/lt\/automatikos-komponentai\/a06b-0032-b1757008\/#breadcrumb","itemListElement":[{"@type":"ListItem","position":1,"name":"home","item":"https:\/\/plcsupplyspot.com\/lt\/"},{"@type":"ListItem","position":2,"name":"Automatikos komponentai","item":"https:\/\/plcsupplyspot.com\/lt\/automatikos-komponentai\/"},{"@type":"ListItem","position":3,"name":"A06B-0032-B175#7008"}]},{"@type":"WebSite","@id":"https:\/\/plcsupplyspot.com\/lt\/#website","url":"https:\/\/plcsupplyspot.com\/lt\/","name":"PLC Supply Spot","description":"Innovate. Accelerate. Automate!","publisher":{"@id":"https:\/\/plcsupplyspot.com\/lt\/#organization"},"potentialAction":[{"@type":"SearchAction","target":{"@type":"EntryPoint","urlTemplate":"https:\/\/plcsupplyspot.com\/lt\/?s={search_term_string}"},"query-input":{"@type":"PropertyValueSpecification","valueRequired":true,"valueName":"search_term_string"}}],"inLanguage":"lt-LT"},{"@type":"Organization","@id":"https:\/\/plcsupplyspot.com\/lt\/#organization","name":"PLC Supply Spot","alternateName":"PLC Supply Spot","url":"https:\/\/plcsupplyspot.com\/lt\/","logo":{"@type":"ImageObject","inLanguage":"lt-LT","@id":"https:\/\/plcsupplyspot.com\/lt\/#\/schema\/logo\/image\/","url":"https:\/\/plcsupplyspot.com\/wp-content\/uploads\/2026\/01\/plc-supply-spot-logo-1.png","contentUrl":"https:\/\/plcsupplyspot.com\/wp-content\/uploads\/2026\/01\/plc-supply-spot-logo-1.png","width":720,"height":720,"caption":"PLC Supply Spot"},"image":{"@id":"https:\/\/plcsupplyspot.com\/lt\/#\/schema\/logo\/image\/"},"sameAs":["https:\/\/www.facebook.com\/profile.php?id=61571705128033"]}]}},"_links":{"self":[{"href":"https:\/\/plcsupplyspot.com\/lt\/wp-json\/wp\/v2\/product\/6421","targetHints":{"allow":["GET"]}}],"collection":[{"href":"https:\/\/plcsupplyspot.com\/lt\/wp-json\/wp\/v2\/product"}],"about":[{"href":"https:\/\/plcsupplyspot.com\/lt\/wp-json\/wp\/v2\/types\/product"}],"version-history":[{"count":4,"href":"https:\/\/plcsupplyspot.com\/lt\/wp-json\/wp\/v2\/product\/6421\/revisions"}],"predecessor-version":[{"id":8174,"href":"https:\/\/plcsupplyspot.com\/lt\/wp-json\/wp\/v2\/product\/6421\/revisions\/8174"}],"wp:featuredmedia":[{"embeddable":true,"href":"https:\/\/plcsupplyspot.com\/lt\/wp-json\/wp\/v2\/media\/6423"}],"wp:attachment":[{"href":"https:\/\/plcsupplyspot.com\/lt\/wp-json\/wp\/v2\/media?parent=6421"}],"wp:term":[{"taxonomy":"product_brand","embeddable":true,"href":"https:\/\/plcsupplyspot.com\/lt\/wp-json\/wp\/v2\/product_brand?post=6421"},{"taxonomy":"product_cat","embeddable":true,"href":"https:\/\/plcsupplyspot.com\/lt\/wp-json\/wp\/v2\/product_cat?post=6421"},{"taxonomy":"product_tag","embeddable":true,"href":"https:\/\/plcsupplyspot.com\/lt\/wp-json\/wp\/v2\/product_tag?post=6421"}],"curies":[{"name":"wp","href":"https:\/\/api.w.org\/{rel}","templated":true}]}}