{"id":6129,"date":"2025-10-15T13:52:02","date_gmt":"2025-10-15T13:52:02","guid":{"rendered":"https:\/\/plcsupplyspot.com\/automation-components\/allen%e2%80%91bradley-22%e2%80%91comm%e2%80%91e-ethernet-ip-adapter\/"},"modified":"2025-12-05T10:36:23","modified_gmt":"2025-12-05T10:36:23","slug":"22-comm-e","status":"publish","type":"product","link":"https:\/\/plcsupplyspot.com\/lt\/automatikos-komponentai\/22-comm-e\/","title":{"rendered":"22-COMM-E"},"content":{"rendered":"<p data-start=\"2186\" data-end=\"2268\"><strong data-start=\"2211\" data-end=\"2268\">Allen-Bradley 22-COMM-E \u2013 EtherNet\/IP ry\u0161io adapteris<\/strong><\/p>\n<p data-start=\"2270\" data-end=\"2643\">Allen-Bradley 22-COMM-E yra Ethernet\/IP ry\u0161io modulis, skirtas PowerFlex da\u017enio keitikliams. Jis leid\u017eia prijungti keitiklius prie Ethernet pagr\u012fstos valdymo sistemos, u\u017etikrina realaus laiko duomen\u0173 perdavim\u0105 ir suteikia galimyb\u0119 atlikti diagnostik\u0105 bei nuotolin\u012f konfig\u016bravim\u0105. Modulis pasi\u017eymi patikimu ry\u0161iu ir lengvu integravimu \u012f \u0161iuolaikines automatizavimo sistemas.<\/p>\n<p data-start=\"2645\" data-end=\"2926\"><strong data-start=\"2645\" data-end=\"2673\">Pagrindiniai privalumai:<\/strong><br data-start=\"2673\" data-end=\"2676\" \/>\u2022 EtherNet\/IP ry\u0161io s\u0105saja<br data-start=\"2702\" data-end=\"2705\" \/>\u2022 Visi\u0161ka integracija su PowerFlex keitikliais<br data-start=\"2751\" data-end=\"2754\" \/>\u2022 Realiojo laiko valdymas ir diagnostika<br data-start=\"2794\" data-end=\"2797\" \/>\u2022 Paprastas tinklo nustatymas<br data-start=\"2826\" data-end=\"2829\" \/>\u2022 Ai\u0161k\u016bs b\u016bsenos indikatoriai<br data-start=\"2858\" data-end=\"2861\" \/>\u2022 Patikimas pramoninis ry\u0161ys<br data-start=\"2889\" data-end=\"2892\" \/>\u2022 Suderinamas su Logix valdikliais<\/p>\n<p data-start=\"2928\" data-end=\"3147\"><strong data-start=\"2928\" data-end=\"2947\">Kur naudojamas:<\/strong><br data-start=\"2947\" data-end=\"2950\" \/>\u2022 Gamybos linij\u0173 valdymas<br data-start=\"2975\" data-end=\"2978\" \/>\u2022 Ma\u0161in\u0173 automatizavimas<br data-start=\"3002\" data-end=\"3005\" \/>\u2022 Konvejeri\u0173 sistemos<br data-start=\"3026\" data-end=\"3029\" \/>\u2022 Pakavimo ir transportavimo \u012franga<br data-start=\"3064\" data-end=\"3067\" \/>\u2022 Paskirstytos valdymo sistemos<br data-start=\"3098\" data-end=\"3101\" \/>\u2022 Bet kurios Ethernet valdomos pavar\u0173 sistemos<\/p>\n<p data-start=\"3149\" data-end=\"3316\"><strong data-start=\"3149\" data-end=\"3168\">Apie gamintoj\u0105:<\/strong><br data-start=\"3168\" data-end=\"3171\" \/>Allen-Bradley yra tarptautinis automatikos komponent\u0173 gamintojas, gars\u0117jantis patikimais PLC, pavaromis, tinklo moduliais ir valdymo sprendimais.<\/p>\n","protected":false},"excerpt":{"rendered":"<p data-start=\"711\" data-end=\"863\">EtherNet\/IP ry\u0161io adapteris PowerFlex keitikliams, skirtas greitam ir patikimam prijungimui prie Ethernet valdymo sistem\u0173.<\/p>\n","protected":false},"featured_media":7794,"template":"","meta":{"site-sidebar-layout":"default","site-content-layout":"","ast-site-content-layout":"default","site-content-style":"default","site-sidebar-style":"default","ast-global-header-display":"","ast-banner-title-visibility":"","ast-main-header-display":"","ast-hfb-above-header-display":"","ast-hfb-below-header-display":"","ast-hfb-mobile-header-display":"","site-post-title":"","ast-breadcrumbs-content":"","ast-featured-img":"","footer-sml-layout":"","ast-disable-related-posts":"","theme-transparent-header-meta":"default","adv-header-id-meta":"","stick-header-meta":"default","header-above-stick-meta":"","header-main-stick-meta":"","header-below-stick-meta":"","astra-migrate-meta-layouts":"set","ast-page-background-enabled":"default","ast-page-background-meta":{"desktop":{"background-color":"","background-image":"","background-repeat":"repeat","background-position":"center center","background-size":"auto","background-attachment":"scroll","background-type":"","background-media":"","overlay-type":"","overlay-color":"","overlay-opacity":"","overlay-gradient":""},"tablet":{"background-color":"","background-image":"","background-repeat":"repeat","background-position":"center center","background-size":"auto","background-attachment":"scroll","background-type":"","background-media":"","overlay-type":"","overlay-color":"","overlay-opacity":"","overlay-gradient":""},"mobile":{"background-color":"","background-image":"","background-repeat":"repeat","background-position":"center center","background-size":"auto","background-attachment":"scroll","background-type":"","background-media":"","overlay-type":"","overlay-color":"","overlay-opacity":"","overlay-gradient":""}},"ast-content-background-meta":{"desktop":{"background-color":"var(--ast-global-color-5)","background-image":"","background-repeat":"repeat","background-position":"center center","background-size":"auto","background-attachment":"scroll","background-type":"","background-media":"","overlay-type":"","overlay-color":"","overlay-opacity":"","overlay-gradient":""},"tablet":{"background-color":"var(--ast-global-color-5)","background-image":"","background-repeat":"repeat","background-position":"center center","background-size":"auto","background-attachment":"scroll","background-type":"","background-media":"","overlay-type":"","overlay-color":"","overlay-opacity":"","overlay-gradient":""},"mobile":{"background-color":"var(--ast-global-color-5)","background-image":"","background-repeat":"repeat","background-position":"center center","background-size":"auto","background-attachment":"scroll","background-type":"","background-media":"","overlay-type":"","overlay-color":"","overlay-opacity":"","overlay-gradient":""}}},"product_brand":[],"product_cat":[117,116],"product_tag":[],"class_list":{"0":"post-6129","1":"product","2":"type-product","3":"status-publish","4":"has-post-thumbnail","6":"product_cat-valdikliai","7":"product_cat-allen-bradley","8":"desktop-align-left","9":"tablet-align-left","10":"mobile-align-left","11":"ast-product-gallery-layout-horizontal-slider","12":"ast-product-tabs-layout-horizontal","14":"first","15":"onbackorder","16":"taxable","17":"shipping-taxable","18":"purchasable","19":"product-type-simple"},"yoast_head":"<!-- This site is optimized with the Yoast SEO plugin v26.6 - https:\/\/yoast.com\/wordpress\/plugins\/seo\/ -->\n<title>22-COMM-E | PLC Supply spot<\/title>\n<meta name=\"description\" content=\"Allen\u2011Bradley 22\u2011COMM\u2011E EtherNet\/IP adapteris PowerFlex pavariams. 10\/100 Mbps, palaiko kelias pavaras, kompakti\u0161kas dizainas.\" \/>\n<meta name=\"robots\" content=\"index, follow, max-snippet:-1, max-image-preview:large, max-video-preview:-1\" \/>\n<link rel=\"canonical\" href=\"https:\/\/plcsupplyspot.com\/lt\/automatikos-komponentai\/22-comm-e\/\" \/>\n<meta property=\"og:locale\" content=\"lt_LT\" \/>\n<meta property=\"og:type\" content=\"article\" \/>\n<meta property=\"og:title\" content=\"22-COMM-E | PLC Supply spot\" \/>\n<meta property=\"og:description\" content=\"Allen\u2011Bradley 22\u2011COMM\u2011E EtherNet\/IP adapteris PowerFlex pavariams. 10\/100 Mbps, palaiko kelias pavaras, kompakti\u0161kas dizainas.\" \/>\n<meta property=\"og:url\" content=\"https:\/\/plcsupplyspot.com\/lt\/automatikos-komponentai\/22-comm-e\/\" \/>\n<meta property=\"og:site_name\" content=\"PLC Supply spot\" \/>\n<meta property=\"article:publisher\" content=\"https:\/\/www.facebook.com\/profile.php?id=61571705128033\" \/>\n<meta property=\"article:modified_time\" content=\"2025-12-05T10:36:23+00:00\" \/>\n<meta property=\"og:image\" content=\"https:\/\/plcsupplyspot.com\/wp-content\/uploads\/2025\/10\/F6122099-01-1.webp\" \/>\n\t<meta property=\"og:image:width\" content=\"998\" \/>\n\t<meta property=\"og:image:height\" content=\"562\" \/>\n\t<meta property=\"og:image:type\" content=\"image\/webp\" \/>\n<meta name=\"twitter:card\" content=\"summary_large_image\" \/>\n<meta name=\"twitter:label1\" content=\"Est. reading time\" \/>\n\t<meta name=\"twitter:data1\" content=\"2 minut\u0117s\" \/>\n<!-- \/ Yoast SEO plugin. -->","yoast_head_json":{"title":"22-COMM-E | PLC Supply spot","description":"Allen\u2011Bradley 22\u2011COMM\u2011E EtherNet\/IP adapteris PowerFlex pavariams. 10\/100 Mbps, palaiko kelias pavaras, kompakti\u0161kas dizainas.","robots":{"index":"index","follow":"follow","max-snippet":"max-snippet:-1","max-image-preview":"max-image-preview:large","max-video-preview":"max-video-preview:-1"},"canonical":"https:\/\/plcsupplyspot.com\/lt\/automatikos-komponentai\/22-comm-e\/","og_locale":"lt_LT","og_type":"article","og_title":"22-COMM-E | PLC Supply spot","og_description":"Allen\u2011Bradley 22\u2011COMM\u2011E EtherNet\/IP adapteris PowerFlex pavariams. 10\/100 Mbps, palaiko kelias pavaras, kompakti\u0161kas dizainas.","og_url":"https:\/\/plcsupplyspot.com\/lt\/automatikos-komponentai\/22-comm-e\/","og_site_name":"PLC Supply spot","article_publisher":"https:\/\/www.facebook.com\/profile.php?id=61571705128033","article_modified_time":"2025-12-05T10:36:23+00:00","og_image":[{"width":998,"height":562,"url":"https:\/\/plcsupplyspot.com\/wp-content\/uploads\/2025\/10\/F6122099-01-1.webp","type":"image\/webp"}],"twitter_card":"summary_large_image","twitter_misc":{"Est. reading time":"2 minut\u0117s"},"schema":{"@context":"https:\/\/schema.org","@graph":[{"@type":"WebPage","@id":"https:\/\/plcsupplyspot.com\/lt\/automatikos-komponentai\/22-comm-e\/","url":"https:\/\/plcsupplyspot.com\/lt\/automatikos-komponentai\/22-comm-e\/","name":"22-COMM-E | PLC Supply spot","isPartOf":{"@id":"https:\/\/plcsupplyspot.com\/lt\/#website"},"primaryImageOfPage":{"@id":"https:\/\/plcsupplyspot.com\/lt\/automatikos-komponentai\/22-comm-e\/#primaryimage"},"image":{"@id":"https:\/\/plcsupplyspot.com\/lt\/automatikos-komponentai\/22-comm-e\/#primaryimage"},"thumbnailUrl":"https:\/\/plcsupplyspot.com\/wp-content\/uploads\/2025\/10\/F6122099-01-1.webp","datePublished":"2025-10-15T13:52:02+00:00","dateModified":"2025-12-05T10:36:23+00:00","description":"Allen\u2011Bradley 22\u2011COMM\u2011E EtherNet\/IP adapteris PowerFlex pavariams. 10\/100 Mbps, palaiko kelias pavaras, kompakti\u0161kas dizainas.","breadcrumb":{"@id":"https:\/\/plcsupplyspot.com\/lt\/automatikos-komponentai\/22-comm-e\/#breadcrumb"},"inLanguage":"lt-LT","potentialAction":[{"@type":"ReadAction","target":["https:\/\/plcsupplyspot.com\/lt\/automatikos-komponentai\/22-comm-e\/"]}]},{"@type":"ImageObject","inLanguage":"lt-LT","@id":"https:\/\/plcsupplyspot.com\/lt\/automatikos-komponentai\/22-comm-e\/#primaryimage","url":"https:\/\/plcsupplyspot.com\/wp-content\/uploads\/2025\/10\/F6122099-01-1.webp","contentUrl":"https:\/\/plcsupplyspot.com\/wp-content\/uploads\/2025\/10\/F6122099-01-1.webp","width":998,"height":562,"caption":"The Allen-Bradley 22-COMM-E EtherNet\/IP communication module from the front view"},{"@type":"BreadcrumbList","@id":"https:\/\/plcsupplyspot.com\/lt\/automatikos-komponentai\/22-comm-e\/#breadcrumb","itemListElement":[{"@type":"ListItem","position":1,"name":"home","item":"https:\/\/plcsupplyspot.com\/lt\/"},{"@type":"ListItem","position":2,"name":"Automatikos komponentai","item":"https:\/\/plcsupplyspot.com\/lt\/automatikos-komponentai\/"},{"@type":"ListItem","position":3,"name":"22-COMM-E"}]},{"@type":"WebSite","@id":"https:\/\/plcsupplyspot.com\/lt\/#website","url":"https:\/\/plcsupplyspot.com\/lt\/","name":"PLC Supply Spot","description":"Innovate. Accelerate. Automate!","publisher":{"@id":"https:\/\/plcsupplyspot.com\/lt\/#organization"},"potentialAction":[{"@type":"SearchAction","target":{"@type":"EntryPoint","urlTemplate":"https:\/\/plcsupplyspot.com\/lt\/?s={search_term_string}"},"query-input":{"@type":"PropertyValueSpecification","valueRequired":true,"valueName":"search_term_string"}}],"inLanguage":"lt-LT"},{"@type":"Organization","@id":"https:\/\/plcsupplyspot.com\/lt\/#organization","name":"PLC Supply Spot","alternateName":"PLC Supply Spot","url":"https:\/\/plcsupplyspot.com\/lt\/","logo":{"@type":"ImageObject","inLanguage":"lt-LT","@id":"https:\/\/plcsupplyspot.com\/lt\/#\/schema\/logo\/image\/","url":"https:\/\/plcsupplyspot.com\/wp-content\/uploads\/2026\/01\/plc-supply-spot-logo-1.png","contentUrl":"https:\/\/plcsupplyspot.com\/wp-content\/uploads\/2026\/01\/plc-supply-spot-logo-1.png","width":720,"height":720,"caption":"PLC Supply Spot"},"image":{"@id":"https:\/\/plcsupplyspot.com\/lt\/#\/schema\/logo\/image\/"},"sameAs":["https:\/\/www.facebook.com\/profile.php?id=61571705128033"]}]}},"_links":{"self":[{"href":"https:\/\/plcsupplyspot.com\/lt\/wp-json\/wp\/v2\/product\/6129","targetHints":{"allow":["GET"]}}],"collection":[{"href":"https:\/\/plcsupplyspot.com\/lt\/wp-json\/wp\/v2\/product"}],"about":[{"href":"https:\/\/plcsupplyspot.com\/lt\/wp-json\/wp\/v2\/types\/product"}],"version-history":[{"count":3,"href":"https:\/\/plcsupplyspot.com\/lt\/wp-json\/wp\/v2\/product\/6129\/revisions"}],"predecessor-version":[{"id":7795,"href":"https:\/\/plcsupplyspot.com\/lt\/wp-json\/wp\/v2\/product\/6129\/revisions\/7795"}],"wp:featuredmedia":[{"embeddable":true,"href":"https:\/\/plcsupplyspot.com\/lt\/wp-json\/wp\/v2\/media\/7794"}],"wp:attachment":[{"href":"https:\/\/plcsupplyspot.com\/lt\/wp-json\/wp\/v2\/media?parent=6129"}],"wp:term":[{"taxonomy":"product_brand","embeddable":true,"href":"https:\/\/plcsupplyspot.com\/lt\/wp-json\/wp\/v2\/product_brand?post=6129"},{"taxonomy":"product_cat","embeddable":true,"href":"https:\/\/plcsupplyspot.com\/lt\/wp-json\/wp\/v2\/product_cat?post=6129"},{"taxonomy":"product_tag","embeddable":true,"href":"https:\/\/plcsupplyspot.com\/lt\/wp-json\/wp\/v2\/product_tag?post=6129"}],"curies":[{"name":"wp","href":"https:\/\/api.w.org\/{rel}","templated":true}]}}