{"id":5018,"date":"2025-01-23T07:57:25","date_gmt":"2025-01-23T07:57:25","guid":{"rendered":"https:\/\/plcsupplyspot.com\/?post_type=product&#038;p=5018"},"modified":"2025-12-11T12:14:46","modified_gmt":"2025-12-11T12:14:46","slug":"3030420","status":"publish","type":"product","link":"https:\/\/plcsupplyspot.com\/lt\/automatikos-komponentai\/3030420\/","title":{"rendered":"3030420"},"content":{"rendered":"<p data-start=\"2110\" data-end=\"2207\"><strong data-start=\"2135\" data-end=\"2207\">Phoenix Contact 3030420 \u2013 modulinis gnybt\u0173 blokas pramon\u0117s sistemoms<\/strong><\/p>\n<p data-start=\"2209\" data-end=\"2464\">Phoenix Contact 3030420 yra auk\u0161tos kokyb\u0117s modulinis gnybt\u0173 blokas, skirtas saugiam ir tvarkingam elektros laid\u0173 sujungimui valdymo spintose. Jis u\u017etikrina patikim\u0105 kontakt\u0105, lengv\u0105 montavim\u0105 ant DIN b\u0117gelio ir ilgalaik\u012f atsparum\u0105 pramonin\u0117mis s\u0105lygomis.<\/p>\n<p data-start=\"2466\" data-end=\"2763\"><strong data-start=\"2466\" data-end=\"2494\">Pagrindiniai privalumai:<\/strong><br data-start=\"2494\" data-end=\"2497\" \/>\u2022 Modulinis gnybt\u0173 blokas laid\u0173 sujungimui<br data-start=\"2539\" data-end=\"2542\" \/>\u2022 Patikimas laid\u0173 prispaudimas ir saugus kontaktas<br data-start=\"2592\" data-end=\"2595\" \/>\u2022 Greitas montavimas ant DIN b\u0117gelio<br data-start=\"2631\" data-end=\"2634\" \/>\u2022 Atsparus izoliacinis korpusas<br data-start=\"2665\" data-end=\"2668\" \/>\u2022 Tinka automatikos ir valdymo sistemoms<br data-start=\"2708\" data-end=\"2711\" \/>\u2022 Kompakti\u0161kas dydis, lengvai integruojamas \u012f skydus<\/p>\n<p data-start=\"2765\" data-end=\"2959\"><strong data-start=\"2765\" data-end=\"2784\">Kur naudojamas:<\/strong><br data-start=\"2784\" data-end=\"2787\" \/>\u2022 Valdymo skydai ir elektros spintos<br data-start=\"2823\" data-end=\"2826\" \/>\u2022 PLC ir automatikos sistemos<br data-start=\"2855\" data-end=\"2858\" \/>\u2022 \u012erangos maitinimo ir signal\u0173 tinklai<br data-start=\"2896\" data-end=\"2899\" \/>\u2022 Ma\u0161in\u0173 instaliacijos<br data-start=\"2921\" data-end=\"2924\" \/>\u2022 Pramonin\u0117s elektros instaliacijos<\/p>\n<p data-start=\"2961\" data-end=\"3107\"><strong data-start=\"2961\" data-end=\"2980\">Apie gamintoj\u0105:<\/strong><br data-start=\"2980\" data-end=\"2983\" \/>Phoenix Contact \u2013 pasaulin\u0117 elektros jung\u010di\u0173 ir automatikos technologij\u0173 lyder\u0117, \u017einoma d\u0117l patikim\u0173 ir inovatyvi\u0173 produkt\u0173.<\/p>\n","protected":false},"excerpt":{"rendered":"<p data-start=\"741\" data-end=\"876\">Modulinis gnybt\u0173 blokas, skirtas saugiam ir patikimam laid\u0173 sujungimui pramoniniuose valdymo skydeliuose.<\/p>\n","protected":false},"featured_media":5020,"template":"","meta":{"site-sidebar-layout":"default","site-content-layout":"","ast-site-content-layout":"default","site-content-style":"default","site-sidebar-style":"default","ast-global-header-display":"","ast-banner-title-visibility":"","ast-main-header-display":"","ast-hfb-above-header-display":"","ast-hfb-below-header-display":"","ast-hfb-mobile-header-display":"","site-post-title":"","ast-breadcrumbs-content":"","ast-featured-img":"","footer-sml-layout":"","ast-disable-related-posts":"","theme-transparent-header-meta":"default","adv-header-id-meta":"","stick-header-meta":"default","header-above-stick-meta":"","header-main-stick-meta":"","header-below-stick-meta":"","astra-migrate-meta-layouts":"set","ast-page-background-enabled":"default","ast-page-background-meta":{"desktop":{"background-color":"","background-image":"","background-repeat":"repeat","background-position":"center center","background-size":"auto","background-attachment":"scroll","background-type":"","background-media":"","overlay-type":"","overlay-color":"","overlay-opacity":"","overlay-gradient":""},"tablet":{"background-color":"","background-image":"","background-repeat":"repeat","background-position":"center center","background-size":"auto","background-attachment":"scroll","background-type":"","background-media":"","overlay-type":"","overlay-color":"","overlay-opacity":"","overlay-gradient":""},"mobile":{"background-color":"","background-image":"","background-repeat":"repeat","background-position":"center center","background-size":"auto","background-attachment":"scroll","background-type":"","background-media":"","overlay-type":"","overlay-color":"","overlay-opacity":"","overlay-gradient":""}},"ast-content-background-meta":{"desktop":{"background-color":"var(--ast-global-color-5)","background-image":"","background-repeat":"repeat","background-position":"center center","background-size":"auto","background-attachment":"scroll","background-type":"","background-media":"","overlay-type":"","overlay-color":"","overlay-opacity":"","overlay-gradient":""},"tablet":{"background-color":"var(--ast-global-color-5)","background-image":"","background-repeat":"repeat","background-position":"center center","background-size":"auto","background-attachment":"scroll","background-type":"","background-media":"","overlay-type":"","overlay-color":"","overlay-opacity":"","overlay-gradient":""},"mobile":{"background-color":"var(--ast-global-color-5)","background-image":"","background-repeat":"repeat","background-position":"center center","background-size":"auto","background-attachment":"scroll","background-type":"","background-media":"","overlay-type":"","overlay-color":"","overlay-opacity":"","overlay-gradient":""}}},"product_brand":[],"product_cat":[126,123],"product_tag":[],"class_list":{"0":"post-5018","1":"product","2":"type-product","3":"status-publish","4":"has-post-thumbnail","6":"product_cat-elektros-prekes","7":"product_cat-kiti-prekes-zenklai","8":"desktop-align-left","9":"tablet-align-left","10":"mobile-align-left","11":"ast-product-gallery-layout-horizontal-slider","12":"ast-product-gallery-with-no-image","13":"ast-product-tabs-layout-horizontal","15":"first","16":"instock","17":"taxable","18":"shipping-taxable","19":"purchasable","20":"product-type-simple"},"yoast_head":"<!-- This site is optimized with the Yoast SEO plugin v27.3 - https:\/\/yoast.com\/product\/yoast-seo-wordpress\/ -->\n<title>3030420 | PLC Supply spot<\/title>\n<meta name=\"description\" content=\"Phoenix Contact 3030420 \u2013 patikimas modulinis gnybt\u0173 blokas saugiam elektros laid\u0173 sujungimui.\" \/>\n<meta name=\"robots\" content=\"index, follow, max-snippet:-1, max-image-preview:large, max-video-preview:-1\" \/>\n<link rel=\"canonical\" href=\"https:\/\/plcsupplyspot.com\/lt\/automatikos-komponentai\/3030420\/\" \/>\n<meta property=\"og:locale\" content=\"lt_LT\" \/>\n<meta property=\"og:type\" content=\"article\" \/>\n<meta property=\"og:title\" content=\"3030420 | PLC Supply spot\" \/>\n<meta property=\"og:description\" content=\"Phoenix Contact 3030420 \u2013 patikimas modulinis gnybt\u0173 blokas saugiam elektros laid\u0173 sujungimui.\" \/>\n<meta property=\"og:url\" content=\"https:\/\/plcsupplyspot.com\/lt\/automatikos-komponentai\/3030420\/\" \/>\n<meta property=\"og:site_name\" content=\"PLC Supply spot\" \/>\n<meta property=\"article:publisher\" content=\"https:\/\/www.facebook.com\/profile.php?id=61571705128033\" \/>\n<meta property=\"article:modified_time\" content=\"2025-12-11T12:14:46+00:00\" \/>\n<meta property=\"og:image\" content=\"https:\/\/plcsupplyspot.com\/wp-content\/uploads\/2025\/01\/3030420.jpg\" \/>\n\t<meta property=\"og:image:width\" content=\"408\" \/>\n\t<meta property=\"og:image:height\" content=\"408\" \/>\n\t<meta property=\"og:image:type\" content=\"image\/jpeg\" \/>\n<meta name=\"twitter:card\" content=\"summary_large_image\" \/>\n<meta name=\"twitter:label1\" content=\"Est. reading time\" \/>\n\t<meta name=\"twitter:data1\" content=\"1 minut\u0117\" \/>\n<!-- \/ Yoast SEO plugin. -->","yoast_head_json":{"title":"3030420 | PLC Supply spot","description":"Phoenix Contact 3030420 \u2013 patikimas modulinis gnybt\u0173 blokas saugiam elektros laid\u0173 sujungimui.","robots":{"index":"index","follow":"follow","max-snippet":"max-snippet:-1","max-image-preview":"max-image-preview:large","max-video-preview":"max-video-preview:-1"},"canonical":"https:\/\/plcsupplyspot.com\/lt\/automatikos-komponentai\/3030420\/","og_locale":"lt_LT","og_type":"article","og_title":"3030420 | PLC Supply spot","og_description":"Phoenix Contact 3030420 \u2013 patikimas modulinis gnybt\u0173 blokas saugiam elektros laid\u0173 sujungimui.","og_url":"https:\/\/plcsupplyspot.com\/lt\/automatikos-komponentai\/3030420\/","og_site_name":"PLC Supply spot","article_publisher":"https:\/\/www.facebook.com\/profile.php?id=61571705128033","article_modified_time":"2025-12-11T12:14:46+00:00","og_image":[{"width":408,"height":408,"url":"https:\/\/plcsupplyspot.com\/wp-content\/uploads\/2025\/01\/3030420.jpg","type":"image\/jpeg"}],"twitter_card":"summary_large_image","twitter_misc":{"Est. reading time":"1 minut\u0117"},"schema":{"@context":"https:\/\/schema.org","@graph":[{"@type":"WebPage","@id":"https:\/\/plcsupplyspot.com\/lt\/automatikos-komponentai\/3030420\/","url":"https:\/\/plcsupplyspot.com\/lt\/automatikos-komponentai\/3030420\/","name":"3030420 | PLC Supply spot","isPartOf":{"@id":"https:\/\/plcsupplyspot.com\/lt\/#website"},"primaryImageOfPage":{"@id":"https:\/\/plcsupplyspot.com\/lt\/automatikos-komponentai\/3030420\/#primaryimage"},"image":{"@id":"https:\/\/plcsupplyspot.com\/lt\/automatikos-komponentai\/3030420\/#primaryimage"},"thumbnailUrl":"https:\/\/plcsupplyspot.com\/wp-content\/uploads\/2025\/01\/3030420.jpg","datePublished":"2025-01-23T07:57:25+00:00","dateModified":"2025-12-11T12:14:46+00:00","description":"Phoenix Contact 3030420 \u2013 patikimas modulinis gnybt\u0173 blokas saugiam elektros laid\u0173 sujungimui.","breadcrumb":{"@id":"https:\/\/plcsupplyspot.com\/lt\/automatikos-komponentai\/3030420\/#breadcrumb"},"inLanguage":"lt-LT","potentialAction":[{"@type":"ReadAction","target":["https:\/\/plcsupplyspot.com\/lt\/automatikos-komponentai\/3030420\/"]}]},{"@type":"ImageObject","inLanguage":"lt-LT","@id":"https:\/\/plcsupplyspot.com\/lt\/automatikos-komponentai\/3030420\/#primaryimage","url":"https:\/\/plcsupplyspot.com\/wp-content\/uploads\/2025\/01\/3030420.jpg","contentUrl":"https:\/\/plcsupplyspot.com\/wp-content\/uploads\/2025\/01\/3030420.jpg","width":408,"height":408,"caption":"Full view of the Phoenix Contact-3030420 component"},{"@type":"BreadcrumbList","@id":"https:\/\/plcsupplyspot.com\/lt\/automatikos-komponentai\/3030420\/#breadcrumb","itemListElement":[{"@type":"ListItem","position":1,"name":"home","item":"https:\/\/plcsupplyspot.com\/lt\/"},{"@type":"ListItem","position":2,"name":"Automatikos komponentai","item":"https:\/\/plcsupplyspot.com\/lt\/automatikos-komponentai\/"},{"@type":"ListItem","position":3,"name":"3030420"}]},{"@type":"WebSite","@id":"https:\/\/plcsupplyspot.com\/lt\/#website","url":"https:\/\/plcsupplyspot.com\/lt\/","name":"PLC Supply Spot","description":"Innovate. Accelerate. Automate!","publisher":{"@id":"https:\/\/plcsupplyspot.com\/lt\/#organization"},"potentialAction":[{"@type":"SearchAction","target":{"@type":"EntryPoint","urlTemplate":"https:\/\/plcsupplyspot.com\/lt\/?s={search_term_string}"},"query-input":{"@type":"PropertyValueSpecification","valueRequired":true,"valueName":"search_term_string"}}],"inLanguage":"lt-LT"},{"@type":"Organization","@id":"https:\/\/plcsupplyspot.com\/lt\/#organization","name":"PLC Supply Spot","alternateName":"PLC Supply Spot","url":"https:\/\/plcsupplyspot.com\/lt\/","logo":{"@type":"ImageObject","inLanguage":"lt-LT","@id":"https:\/\/plcsupplyspot.com\/lt\/#\/schema\/logo\/image\/","url":"https:\/\/plcsupplyspot.com\/wp-content\/uploads\/2026\/01\/plc-supply-spot-logo-1.png","contentUrl":"https:\/\/plcsupplyspot.com\/wp-content\/uploads\/2026\/01\/plc-supply-spot-logo-1.png","width":720,"height":720,"caption":"PLC Supply Spot"},"image":{"@id":"https:\/\/plcsupplyspot.com\/lt\/#\/schema\/logo\/image\/"},"sameAs":["https:\/\/www.facebook.com\/profile.php?id=61571705128033"]}]}},"_links":{"self":[{"href":"https:\/\/plcsupplyspot.com\/lt\/wp-json\/wp\/v2\/product\/5018","targetHints":{"allow":["GET"]}}],"collection":[{"href":"https:\/\/plcsupplyspot.com\/lt\/wp-json\/wp\/v2\/product"}],"about":[{"href":"https:\/\/plcsupplyspot.com\/lt\/wp-json\/wp\/v2\/types\/product"}],"version-history":[{"count":4,"href":"https:\/\/plcsupplyspot.com\/lt\/wp-json\/wp\/v2\/product\/5018\/revisions"}],"predecessor-version":[{"id":8124,"href":"https:\/\/plcsupplyspot.com\/lt\/wp-json\/wp\/v2\/product\/5018\/revisions\/8124"}],"wp:featuredmedia":[{"embeddable":true,"href":"https:\/\/plcsupplyspot.com\/lt\/wp-json\/wp\/v2\/media\/5020"}],"wp:attachment":[{"href":"https:\/\/plcsupplyspot.com\/lt\/wp-json\/wp\/v2\/media?parent=5018"}],"wp:term":[{"taxonomy":"product_brand","embeddable":true,"href":"https:\/\/plcsupplyspot.com\/lt\/wp-json\/wp\/v2\/product_brand?post=5018"},{"taxonomy":"product_cat","embeddable":true,"href":"https:\/\/plcsupplyspot.com\/lt\/wp-json\/wp\/v2\/product_cat?post=5018"},{"taxonomy":"product_tag","embeddable":true,"href":"https:\/\/plcsupplyspot.com\/lt\/wp-json\/wp\/v2\/product_tag?post=5018"}],"curies":[{"name":"wp","href":"https:\/\/api.w.org\/{rel}","templated":true}]}}