{"id":4888,"date":"2024-04-22T10:53:48","date_gmt":"2024-04-22T10:53:48","guid":{"rendered":"https:\/\/plcsupplyspot.com\/shop\/6av2181-8xp00-0ax0\/"},"modified":"2025-12-15T11:40:17","modified_gmt":"2025-12-15T11:40:17","slug":"6av2181-8xp00-0ax0","status":"publish","type":"product","link":"https:\/\/plcsupplyspot.com\/lt\/automatikos-komponentai\/6av2181-8xp00-0ax0\/","title":{"rendered":"6AV2181-8XP00-0AX0"},"content":{"rendered":"<p data-start=\"1975\" data-end=\"2064\"><strong data-start=\"2000\" data-end=\"2064\">Siemens 6AV2181-8XP00-0AX0 \u2013 SIMATIC HMI operatoriaus panel\u0117<\/strong><\/p>\n<p data-start=\"2066\" data-end=\"2418\">Siemens 6AV2181-8XP00-0AX0 yra SIMATIC HMI operatoriaus panel\u0117, skirta patogiam pramonini\u0173 ma\u0161in\u0173 ir proces\u0173 valdymui bei vizualizavimui. Ji leid\u017eia operatoriams steb\u0117ti sistemos b\u016bsen\u0105, valdyti procesus ir ai\u0161kiai matyti svarbi\u0105 informacij\u0105. Panel\u0117 sukurta patikimam darbui pramon\u0117s aplinkoje ir lengvai integruojama \u012f Siemens automatizavimo sistemas.<\/p>\n<p data-start=\"2420\" data-end=\"2706\"><strong data-start=\"2420\" data-end=\"2448\">Pagrindiniai privalumai:<\/strong><br data-start=\"2448\" data-end=\"2451\" \/>\u2022 SIMATIC HMI valdymo ekranas<br data-start=\"2480\" data-end=\"2483\" \/>\u2022 Ai\u0161ki ir patogi vartotojo s\u0105saja<br data-start=\"2517\" data-end=\"2520\" \/>\u2022 Stabilus veikimas pramon\u0117je<br data-start=\"2549\" data-end=\"2552\" \/>\u2022 Skirta nuolatiniam naudojimui<br data-start=\"2583\" data-end=\"2586\" \/>\u2022 Paprasta integracija su Siemens PLC<br data-start=\"2623\" data-end=\"2626\" \/>\u2022 Kompakti\u0161kas montavimui skydelyje<br data-start=\"2661\" data-end=\"2664\" \/>\u2022 Padidina operatoriaus darbo efektyvum\u0105<\/p>\n<p data-start=\"2708\" data-end=\"2888\"><strong data-start=\"2708\" data-end=\"2727\">Kur naudojamas:<\/strong><br data-start=\"2727\" data-end=\"2730\" \/>\u2022 Ma\u0161in\u0173 ir \u012frengini\u0173 valdymas<br data-start=\"2760\" data-end=\"2763\" \/>\u2022 Gamybos linij\u0173 steb\u0117jimas<br data-start=\"2790\" data-end=\"2793\" \/>\u2022 Proces\u0173 vizualizavimas<br data-start=\"2817\" data-end=\"2820\" \/>\u2022 Operatorin\u0117s darbo vietos<br data-start=\"2847\" data-end=\"2850\" \/>\u2022 Pramonin\u0117s automatizavimo sistemos<\/p>\n<p data-start=\"2890\" data-end=\"3041\"><strong data-start=\"2890\" data-end=\"2909\">Apie gamintoj\u0105:<\/strong><br data-start=\"2909\" data-end=\"2912\" \/>Siemens \u2013 pasaulyje pripa\u017eintas automatikos sprendim\u0173 gamintojas, si\u016blantis patikimus HMI, PLC ir valdymo komponentus pramonei.<\/p>\n","protected":false},"excerpt":{"rendered":"<p>Siemens 6AV2181-8XP00-0AX0 \u2013 2 GB SD atminties kortel\u0117 SIMATIC HMI Comfort panel\u0117ms, skirta saugiam ir stabiliai automatizacijos projekt\u0173 bei duomen\u0173 saugojimui.<\/p>\n","protected":false},"featured_media":4550,"template":"","meta":{"site-sidebar-layout":"no-sidebar","site-content-layout":"default","ast-site-content-layout":"normal-width-container","site-content-style":"default","site-sidebar-style":"default","ast-global-header-display":"","ast-banner-title-visibility":"","ast-main-header-display":"","ast-hfb-above-header-display":"","ast-hfb-below-header-display":"","ast-hfb-mobile-header-display":"","site-post-title":"","ast-breadcrumbs-content":"","ast-featured-img":"","footer-sml-layout":"","ast-disable-related-posts":"","theme-transparent-header-meta":"default","adv-header-id-meta":"","stick-header-meta":"default","header-above-stick-meta":"","header-main-stick-meta":"","header-below-stick-meta":"","astra-migrate-meta-layouts":"set","ast-page-background-enabled":"default","ast-page-background-meta":{"desktop":{"background-color":"","background-image":"","background-repeat":"repeat","background-position":"center center","background-size":"auto","background-attachment":"scroll","background-type":"","background-media":"","overlay-type":"","overlay-color":"","overlay-opacity":"","overlay-gradient":""},"tablet":{"background-color":"","background-image":"","background-repeat":"repeat","background-position":"center center","background-size":"auto","background-attachment":"scroll","background-type":"","background-media":"","overlay-type":"","overlay-color":"","overlay-opacity":"","overlay-gradient":""},"mobile":{"background-color":"","background-image":"","background-repeat":"repeat","background-position":"center center","background-size":"auto","background-attachment":"scroll","background-type":"","background-media":"","overlay-type":"","overlay-color":"","overlay-opacity":"","overlay-gradient":""}},"ast-content-background-meta":{"desktop":{"background-color":"var(--ast-global-color-5)","background-image":"","background-repeat":"repeat","background-position":"center center","background-size":"auto","background-attachment":"scroll","background-type":"","background-media":"","overlay-type":"","overlay-color":"","overlay-opacity":"","overlay-gradient":""},"tablet":{"background-color":"var(--ast-global-color-5)","background-image":"","background-repeat":"repeat","background-position":"center center","background-size":"auto","background-attachment":"scroll","background-type":"","background-media":"","overlay-type":"","overlay-color":"","overlay-opacity":"","overlay-gradient":""},"mobile":{"background-color":"var(--ast-global-color-5)","background-image":"","background-repeat":"repeat","background-position":"center center","background-size":"auto","background-attachment":"scroll","background-type":"","background-media":"","overlay-type":"","overlay-color":"","overlay-opacity":"","overlay-gradient":""}}},"product_brand":[],"product_cat":[121,117],"product_tag":[],"class_list":{"0":"post-4888","1":"product","2":"type-product","3":"status-publish","4":"has-post-thumbnail","6":"product_cat-siemens","7":"product_cat-valdikliai","8":"desktop-align-left","9":"tablet-align-left","10":"mobile-align-left","11":"ast-product-gallery-layout-horizontal-slider","12":"ast-product-tabs-layout-horizontal","14":"first","15":"onbackorder","16":"taxable","17":"shipping-taxable","18":"purchasable","19":"product-type-simple"},"yoast_head":"<!-- This site is optimized with the Yoast SEO plugin v26.6 - https:\/\/yoast.com\/wordpress\/plugins\/seo\/ -->\n<title>6AV2181-8XP00-0AX0 | PLC Supply spot<\/title>\n<meta name=\"description\" content=\"Siemens 6AV2181-8XP00-0AX0 \u2013 2 GB SD atminties kortel\u0117 SIMATIC HMI Comfort panel\u0117ms, patikimam projekt\u0173, recept\u016br\u0173 ir duomen\u0173 saugojimui.\" \/>\n<meta name=\"robots\" content=\"index, follow, max-snippet:-1, max-image-preview:large, max-video-preview:-1\" \/>\n<link rel=\"canonical\" href=\"https:\/\/plcsupplyspot.com\/lt\/automatikos-komponentai\/6av2181-8xp00-0ax0\/\" \/>\n<meta property=\"og:locale\" content=\"lt_LT\" \/>\n<meta property=\"og:type\" content=\"article\" \/>\n<meta property=\"og:title\" content=\"6AV2181-8XP00-0AX0 | PLC Supply spot\" \/>\n<meta property=\"og:description\" content=\"Siemens 6AV2181-8XP00-0AX0 \u2013 2 GB SD atminties kortel\u0117 SIMATIC HMI Comfort panel\u0117ms, patikimam projekt\u0173, recept\u016br\u0173 ir duomen\u0173 saugojimui.\" \/>\n<meta property=\"og:url\" content=\"https:\/\/plcsupplyspot.com\/lt\/automatikos-komponentai\/6av2181-8xp00-0ax0\/\" \/>\n<meta property=\"og:site_name\" content=\"PLC Supply spot\" \/>\n<meta property=\"article:publisher\" content=\"https:\/\/www.facebook.com\/profile.php?id=61571705128033\" \/>\n<meta property=\"article:modified_time\" content=\"2025-12-15T11:40:17+00:00\" \/>\n<meta property=\"og:image\" content=\"https:\/\/plcsupplyspot.com\/wp-content\/uploads\/2024\/04\/873a0b4d-58c7-4438-aca4-ae8cb03c2b7b.webp\" \/>\n\t<meta property=\"og:image:width\" content=\"300\" \/>\n\t<meta property=\"og:image:height\" content=\"300\" \/>\n\t<meta property=\"og:image:type\" content=\"image\/webp\" \/>\n<meta name=\"twitter:card\" content=\"summary_large_image\" \/>\n<meta name=\"twitter:label1\" content=\"Est. reading time\" \/>\n\t<meta name=\"twitter:data1\" content=\"1 minut\u0117\" \/>\n<!-- \/ Yoast SEO plugin. -->","yoast_head_json":{"title":"6AV2181-8XP00-0AX0 | PLC Supply spot","description":"Siemens 6AV2181-8XP00-0AX0 \u2013 2 GB SD atminties kortel\u0117 SIMATIC HMI Comfort panel\u0117ms, patikimam projekt\u0173, recept\u016br\u0173 ir duomen\u0173 saugojimui.","robots":{"index":"index","follow":"follow","max-snippet":"max-snippet:-1","max-image-preview":"max-image-preview:large","max-video-preview":"max-video-preview:-1"},"canonical":"https:\/\/plcsupplyspot.com\/lt\/automatikos-komponentai\/6av2181-8xp00-0ax0\/","og_locale":"lt_LT","og_type":"article","og_title":"6AV2181-8XP00-0AX0 | PLC Supply spot","og_description":"Siemens 6AV2181-8XP00-0AX0 \u2013 2 GB SD atminties kortel\u0117 SIMATIC HMI Comfort panel\u0117ms, patikimam projekt\u0173, recept\u016br\u0173 ir duomen\u0173 saugojimui.","og_url":"https:\/\/plcsupplyspot.com\/lt\/automatikos-komponentai\/6av2181-8xp00-0ax0\/","og_site_name":"PLC Supply spot","article_publisher":"https:\/\/www.facebook.com\/profile.php?id=61571705128033","article_modified_time":"2025-12-15T11:40:17+00:00","og_image":[{"width":300,"height":300,"url":"https:\/\/plcsupplyspot.com\/wp-content\/uploads\/2024\/04\/873a0b4d-58c7-4438-aca4-ae8cb03c2b7b.webp","type":"image\/webp"}],"twitter_card":"summary_large_image","twitter_misc":{"Est. reading time":"1 minut\u0117"},"schema":{"@context":"https:\/\/schema.org","@graph":[{"@type":"WebPage","@id":"https:\/\/plcsupplyspot.com\/lt\/automatikos-komponentai\/6av2181-8xp00-0ax0\/","url":"https:\/\/plcsupplyspot.com\/lt\/automatikos-komponentai\/6av2181-8xp00-0ax0\/","name":"6AV2181-8XP00-0AX0 | PLC Supply spot","isPartOf":{"@id":"https:\/\/plcsupplyspot.com\/lt\/#website"},"primaryImageOfPage":{"@id":"https:\/\/plcsupplyspot.com\/lt\/automatikos-komponentai\/6av2181-8xp00-0ax0\/#primaryimage"},"image":{"@id":"https:\/\/plcsupplyspot.com\/lt\/automatikos-komponentai\/6av2181-8xp00-0ax0\/#primaryimage"},"thumbnailUrl":"https:\/\/plcsupplyspot.com\/wp-content\/uploads\/2024\/04\/873a0b4d-58c7-4438-aca4-ae8cb03c2b7b.webp","datePublished":"2024-04-22T10:53:48+00:00","dateModified":"2025-12-15T11:40:17+00:00","description":"Siemens 6AV2181-8XP00-0AX0 \u2013 2 GB SD atminties kortel\u0117 SIMATIC HMI Comfort panel\u0117ms, patikimam projekt\u0173, recept\u016br\u0173 ir duomen\u0173 saugojimui.","breadcrumb":{"@id":"https:\/\/plcsupplyspot.com\/lt\/automatikos-komponentai\/6av2181-8xp00-0ax0\/#breadcrumb"},"inLanguage":"lt-LT","potentialAction":[{"@type":"ReadAction","target":["https:\/\/plcsupplyspot.com\/lt\/automatikos-komponentai\/6av2181-8xp00-0ax0\/"]}]},{"@type":"ImageObject","inLanguage":"lt-LT","@id":"https:\/\/plcsupplyspot.com\/lt\/automatikos-komponentai\/6av2181-8xp00-0ax0\/#primaryimage","url":"https:\/\/plcsupplyspot.com\/wp-content\/uploads\/2024\/04\/873a0b4d-58c7-4438-aca4-ae8cb03c2b7b.webp","contentUrl":"https:\/\/plcsupplyspot.com\/wp-content\/uploads\/2024\/04\/873a0b4d-58c7-4438-aca4-ae8cb03c2b7b.webp","width":300,"height":300},{"@type":"BreadcrumbList","@id":"https:\/\/plcsupplyspot.com\/lt\/automatikos-komponentai\/6av2181-8xp00-0ax0\/#breadcrumb","itemListElement":[{"@type":"ListItem","position":1,"name":"home","item":"https:\/\/plcsupplyspot.com\/lt\/"},{"@type":"ListItem","position":2,"name":"Automatikos komponentai","item":"https:\/\/plcsupplyspot.com\/lt\/automatikos-komponentai\/"},{"@type":"ListItem","position":3,"name":"6AV2181-8XP00-0AX0"}]},{"@type":"WebSite","@id":"https:\/\/plcsupplyspot.com\/lt\/#website","url":"https:\/\/plcsupplyspot.com\/lt\/","name":"PLC Supply Spot","description":"Innovate. Accelerate. Automate!","publisher":{"@id":"https:\/\/plcsupplyspot.com\/lt\/#organization"},"potentialAction":[{"@type":"SearchAction","target":{"@type":"EntryPoint","urlTemplate":"https:\/\/plcsupplyspot.com\/lt\/?s={search_term_string}"},"query-input":{"@type":"PropertyValueSpecification","valueRequired":true,"valueName":"search_term_string"}}],"inLanguage":"lt-LT"},{"@type":"Organization","@id":"https:\/\/plcsupplyspot.com\/lt\/#organization","name":"PLC Supply Spot","alternateName":"PLC Supply Spot","url":"https:\/\/plcsupplyspot.com\/lt\/","logo":{"@type":"ImageObject","inLanguage":"lt-LT","@id":"https:\/\/plcsupplyspot.com\/lt\/#\/schema\/logo\/image\/","url":"https:\/\/plcsupplyspot.com\/wp-content\/uploads\/2026\/01\/plc-supply-spot-logo-1.png","contentUrl":"https:\/\/plcsupplyspot.com\/wp-content\/uploads\/2026\/01\/plc-supply-spot-logo-1.png","width":720,"height":720,"caption":"PLC Supply Spot"},"image":{"@id":"https:\/\/plcsupplyspot.com\/lt\/#\/schema\/logo\/image\/"},"sameAs":["https:\/\/www.facebook.com\/profile.php?id=61571705128033"]}]}},"_links":{"self":[{"href":"https:\/\/plcsupplyspot.com\/lt\/wp-json\/wp\/v2\/product\/4888","targetHints":{"allow":["GET"]}}],"collection":[{"href":"https:\/\/plcsupplyspot.com\/lt\/wp-json\/wp\/v2\/product"}],"about":[{"href":"https:\/\/plcsupplyspot.com\/lt\/wp-json\/wp\/v2\/types\/product"}],"version-history":[{"count":4,"href":"https:\/\/plcsupplyspot.com\/lt\/wp-json\/wp\/v2\/product\/4888\/revisions"}],"predecessor-version":[{"id":8250,"href":"https:\/\/plcsupplyspot.com\/lt\/wp-json\/wp\/v2\/product\/4888\/revisions\/8250"}],"wp:featuredmedia":[{"embeddable":true,"href":"https:\/\/plcsupplyspot.com\/lt\/wp-json\/wp\/v2\/media\/4550"}],"wp:attachment":[{"href":"https:\/\/plcsupplyspot.com\/lt\/wp-json\/wp\/v2\/media?parent=4888"}],"wp:term":[{"taxonomy":"product_brand","embeddable":true,"href":"https:\/\/plcsupplyspot.com\/lt\/wp-json\/wp\/v2\/product_brand?post=4888"},{"taxonomy":"product_cat","embeddable":true,"href":"https:\/\/plcsupplyspot.com\/lt\/wp-json\/wp\/v2\/product_cat?post=4888"},{"taxonomy":"product_tag","embeddable":true,"href":"https:\/\/plcsupplyspot.com\/lt\/wp-json\/wp\/v2\/product_tag?post=4888"}],"curies":[{"name":"wp","href":"https:\/\/api.w.org\/{rel}","templated":true}]}}