{"id":4852,"date":"2024-07-17T06:09:36","date_gmt":"2024-07-17T06:09:36","guid":{"rendered":"https:\/\/plcsupplyspot.com\/shop\/1746-oa16\/"},"modified":"2025-12-05T10:08:47","modified_gmt":"2025-12-05T10:08:47","slug":"1746-oa16","status":"publish","type":"product","link":"https:\/\/plcsupplyspot.com\/lt\/automatikos-komponentai\/1746-oa16\/","title":{"rendered":"1746-OA16"},"content":{"rendered":"<p data-start=\"2206\" data-end=\"2309\"><strong data-start=\"2231\" data-end=\"2309\">Allen-Bradley 1746-OA16 \u2013 16 kanal\u0173 AC i\u0161\u0117jim\u0173 modulis SLC 500 valdikliams<\/strong><\/p>\n<p data-start=\"2311\" data-end=\"2633\">Allen-Bradley 1746-OA16 yra 16 kanal\u0173 AC skaitmenini\u0173 i\u0161\u0117jim\u0173 modulis, skirtas SLC 500 valdymo sistemoms. Jis naudojamas AC maitinam\u0173 \u012frengini\u0173, toki\u0173 kaip rel\u0117s, lempos, solenoidai ir signalizacijos komponentai, perjungimui. Modulis pasi\u017eymi patikimu veikimu, ilgaam\u017ei\u0161kumu ir yra tinkamas intensyvioms pramon\u0117s s\u0105lygoms.<\/p>\n<p data-start=\"2635\" data-end=\"2908\"><strong data-start=\"2635\" data-end=\"2663\">Pagrindiniai privalumai:<\/strong><br data-start=\"2663\" data-end=\"2666\" \/>\u2022 16 AC i\u0161\u0117jimo kanal\u0173<br data-start=\"2688\" data-end=\"2691\" \/>\u2022 Tinka reli\u0173, indikatori\u0173, solenoid\u0173 valdymui<br data-start=\"2737\" data-end=\"2740\" \/>\u2022 Stabilus ir patikimas perjungimas<br data-start=\"2775\" data-end=\"2778\" \/>\u2022 Kompakti\u0161kas dizainas<br data-start=\"2801\" data-end=\"2804\" \/>\u2022 Lengvas montavimas ir pajungimas<br data-start=\"2838\" data-end=\"2841\" \/>\u2022 Suderinamas su SLC 500 PLC<br data-start=\"2869\" data-end=\"2872\" \/>\u2022 Ilgaam\u017ei\u0161kas pramonin\u0117je aplinkoje<\/p>\n<p data-start=\"2910\" data-end=\"3158\"><strong data-start=\"2910\" data-end=\"2929\">Kur naudojamas:<\/strong><br data-start=\"2929\" data-end=\"2932\" \/>\u2022 Reli\u0173 ir solenoid\u0173 valdymas<br data-start=\"2961\" data-end=\"2964\" \/>\u2022 Signalini\u0173 lemp\u0173 ir indikatori\u0173 sistemose<br data-start=\"3007\" data-end=\"3010\" \/>\u2022 Ma\u0161in\u0173 valdymo ir automatizavimo \u012frangoje<br data-start=\"3053\" data-end=\"3056\" \/>\u2022 Gamybos linijose<br data-start=\"3074\" data-end=\"3077\" \/>\u2022 Pakavimo ir transportavimo sistemose<br data-start=\"3115\" data-end=\"3118\" \/>\u2022 Bendros paskirties AC i\u0161\u0117jim\u0173 valdymui<\/p>\n<p data-start=\"3160\" data-end=\"3344\"><strong data-start=\"3160\" data-end=\"3179\">Apie gamintoj\u0105:<\/strong><br data-start=\"3179\" data-end=\"3182\" \/>Allen-Bradley yra \u017einomas pramonin\u0117s automatikos gamintojas, teikiantis patikimus PLC, valdymo modulius ir kitus komponentus, pla\u010diai naudojamus pasauliniu mastu.<\/p>\n","protected":false},"excerpt":{"rendered":"<p data-start=\"686\" data-end=\"826\">16 kanal\u0173 AC i\u0161\u0117jim\u0173 modulis, skirtas reli\u0173, indikatori\u0173 ir AC maitinam\u0173 \u012frengini\u0173 valdymui SLC 500 sistemose.<\/p>\n","protected":false},"featured_media":4757,"template":"","meta":{"site-sidebar-layout":"default","site-content-layout":"","ast-site-content-layout":"default","site-content-style":"default","site-sidebar-style":"default","ast-global-header-display":"","ast-banner-title-visibility":"","ast-main-header-display":"","ast-hfb-above-header-display":"","ast-hfb-below-header-display":"","ast-hfb-mobile-header-display":"","site-post-title":"","ast-breadcrumbs-content":"","ast-featured-img":"","footer-sml-layout":"","ast-disable-related-posts":"","theme-transparent-header-meta":"default","adv-header-id-meta":"","stick-header-meta":"default","header-above-stick-meta":"","header-main-stick-meta":"","header-below-stick-meta":"","astra-migrate-meta-layouts":"set","ast-page-background-enabled":"default","ast-page-background-meta":{"desktop":{"background-color":"","background-image":"","background-repeat":"repeat","background-position":"center center","background-size":"auto","background-attachment":"scroll","background-type":"","background-media":"","overlay-type":"","overlay-color":"","overlay-opacity":"","overlay-gradient":""},"tablet":{"background-color":"","background-image":"","background-repeat":"repeat","background-position":"center center","background-size":"auto","background-attachment":"scroll","background-type":"","background-media":"","overlay-type":"","overlay-color":"","overlay-opacity":"","overlay-gradient":""},"mobile":{"background-color":"","background-image":"","background-repeat":"repeat","background-position":"center center","background-size":"auto","background-attachment":"scroll","background-type":"","background-media":"","overlay-type":"","overlay-color":"","overlay-opacity":"","overlay-gradient":""}},"ast-content-background-meta":{"desktop":{"background-color":"var(--ast-global-color-5)","background-image":"","background-repeat":"repeat","background-position":"center center","background-size":"auto","background-attachment":"scroll","background-type":"","background-media":"","overlay-type":"","overlay-color":"","overlay-opacity":"","overlay-gradient":""},"tablet":{"background-color":"var(--ast-global-color-5)","background-image":"","background-repeat":"repeat","background-position":"center center","background-size":"auto","background-attachment":"scroll","background-type":"","background-media":"","overlay-type":"","overlay-color":"","overlay-opacity":"","overlay-gradient":""},"mobile":{"background-color":"var(--ast-global-color-5)","background-image":"","background-repeat":"repeat","background-position":"center center","background-size":"auto","background-attachment":"scroll","background-type":"","background-media":"","overlay-type":"","overlay-color":"","overlay-opacity":"","overlay-gradient":""}}},"product_brand":[],"product_cat":[116,117],"product_tag":[],"class_list":{"0":"post-4852","1":"product","2":"type-product","3":"status-publish","4":"has-post-thumbnail","6":"product_cat-allen-bradley","7":"product_cat-valdikliai","8":"desktop-align-left","9":"tablet-align-left","10":"mobile-align-left","11":"ast-product-gallery-layout-horizontal-slider","12":"ast-product-tabs-layout-horizontal","14":"first","15":"onbackorder","16":"taxable","17":"shipping-taxable","18":"purchasable","19":"product-type-simple"},"yoast_head":"<!-- This site is optimized with the Yoast SEO plugin v27.3 - https:\/\/yoast.com\/product\/yoast-seo-wordpress\/ -->\n<title>1746-OA16 | PLC Supply spot<\/title>\n<meta name=\"description\" content=\"Allen-Bradley 1746-OA16 \u2013 16 kanal\u0173 AC i\u0161\u0117jim\u0173 modulis SLC 500 pramonin\u0117ms valdymo sistemoms.\" \/>\n<meta name=\"robots\" content=\"index, follow, max-snippet:-1, max-image-preview:large, max-video-preview:-1\" \/>\n<link rel=\"canonical\" href=\"https:\/\/plcsupplyspot.com\/lt\/automatikos-komponentai\/1746-oa16\/\" \/>\n<meta property=\"og:locale\" content=\"lt_LT\" \/>\n<meta property=\"og:type\" content=\"article\" \/>\n<meta property=\"og:title\" content=\"1746-OA16 | PLC Supply spot\" \/>\n<meta property=\"og:description\" content=\"Allen-Bradley 1746-OA16 \u2013 16 kanal\u0173 AC i\u0161\u0117jim\u0173 modulis SLC 500 pramonin\u0117ms valdymo sistemoms.\" \/>\n<meta property=\"og:url\" content=\"https:\/\/plcsupplyspot.com\/lt\/automatikos-komponentai\/1746-oa16\/\" \/>\n<meta property=\"og:site_name\" content=\"PLC Supply spot\" \/>\n<meta property=\"article:publisher\" content=\"https:\/\/www.facebook.com\/profile.php?id=61571705128033\" \/>\n<meta property=\"article:modified_time\" content=\"2025-12-05T10:08:47+00:00\" \/>\n<meta property=\"og:image\" content=\"https:\/\/plcsupplyspot.com\/wp-content\/uploads\/2024\/07\/1746-OA16-1.jpg\" \/>\n\t<meta property=\"og:image:width\" content=\"900\" \/>\n\t<meta property=\"og:image:height\" content=\"900\" \/>\n\t<meta property=\"og:image:type\" content=\"image\/jpeg\" \/>\n<meta name=\"twitter:card\" content=\"summary_large_image\" \/>\n<meta name=\"twitter:label1\" content=\"Est. reading time\" \/>\n\t<meta name=\"twitter:data1\" content=\"1 minut\u0117\" \/>\n<!-- \/ Yoast SEO plugin. -->","yoast_head_json":{"title":"1746-OA16 | PLC Supply spot","description":"Allen-Bradley 1746-OA16 \u2013 16 kanal\u0173 AC i\u0161\u0117jim\u0173 modulis SLC 500 pramonin\u0117ms valdymo sistemoms.","robots":{"index":"index","follow":"follow","max-snippet":"max-snippet:-1","max-image-preview":"max-image-preview:large","max-video-preview":"max-video-preview:-1"},"canonical":"https:\/\/plcsupplyspot.com\/lt\/automatikos-komponentai\/1746-oa16\/","og_locale":"lt_LT","og_type":"article","og_title":"1746-OA16 | PLC Supply spot","og_description":"Allen-Bradley 1746-OA16 \u2013 16 kanal\u0173 AC i\u0161\u0117jim\u0173 modulis SLC 500 pramonin\u0117ms valdymo sistemoms.","og_url":"https:\/\/plcsupplyspot.com\/lt\/automatikos-komponentai\/1746-oa16\/","og_site_name":"PLC Supply spot","article_publisher":"https:\/\/www.facebook.com\/profile.php?id=61571705128033","article_modified_time":"2025-12-05T10:08:47+00:00","og_image":[{"width":900,"height":900,"url":"https:\/\/plcsupplyspot.com\/wp-content\/uploads\/2024\/07\/1746-OA16-1.jpg","type":"image\/jpeg"}],"twitter_card":"summary_large_image","twitter_misc":{"Est. reading time":"1 minut\u0117"},"schema":{"@context":"https:\/\/schema.org","@graph":[{"@type":"WebPage","@id":"https:\/\/plcsupplyspot.com\/lt\/automatikos-komponentai\/1746-oa16\/","url":"https:\/\/plcsupplyspot.com\/lt\/automatikos-komponentai\/1746-oa16\/","name":"1746-OA16 | PLC Supply spot","isPartOf":{"@id":"https:\/\/plcsupplyspot.com\/lt\/#website"},"primaryImageOfPage":{"@id":"https:\/\/plcsupplyspot.com\/lt\/automatikos-komponentai\/1746-oa16\/#primaryimage"},"image":{"@id":"https:\/\/plcsupplyspot.com\/lt\/automatikos-komponentai\/1746-oa16\/#primaryimage"},"thumbnailUrl":"https:\/\/plcsupplyspot.com\/wp-content\/uploads\/2024\/07\/1746-OA16-1.jpg","datePublished":"2024-07-17T06:09:36+00:00","dateModified":"2025-12-05T10:08:47+00:00","description":"Allen-Bradley 1746-OA16 \u2013 16 kanal\u0173 AC i\u0161\u0117jim\u0173 modulis SLC 500 pramonin\u0117ms valdymo sistemoms.","breadcrumb":{"@id":"https:\/\/plcsupplyspot.com\/lt\/automatikos-komponentai\/1746-oa16\/#breadcrumb"},"inLanguage":"lt-LT","potentialAction":[{"@type":"ReadAction","target":["https:\/\/plcsupplyspot.com\/lt\/automatikos-komponentai\/1746-oa16\/"]}]},{"@type":"ImageObject","inLanguage":"lt-LT","@id":"https:\/\/plcsupplyspot.com\/lt\/automatikos-komponentai\/1746-oa16\/#primaryimage","url":"https:\/\/plcsupplyspot.com\/wp-content\/uploads\/2024\/07\/1746-OA16-1.jpg","contentUrl":"https:\/\/plcsupplyspot.com\/wp-content\/uploads\/2024\/07\/1746-OA16-1.jpg","width":900,"height":900},{"@type":"BreadcrumbList","@id":"https:\/\/plcsupplyspot.com\/lt\/automatikos-komponentai\/1746-oa16\/#breadcrumb","itemListElement":[{"@type":"ListItem","position":1,"name":"home","item":"https:\/\/plcsupplyspot.com\/lt\/"},{"@type":"ListItem","position":2,"name":"Automatikos komponentai","item":"https:\/\/plcsupplyspot.com\/lt\/automatikos-komponentai\/"},{"@type":"ListItem","position":3,"name":"1746-OA16"}]},{"@type":"WebSite","@id":"https:\/\/plcsupplyspot.com\/lt\/#website","url":"https:\/\/plcsupplyspot.com\/lt\/","name":"PLC Supply Spot","description":"Innovate. Accelerate. Automate!","publisher":{"@id":"https:\/\/plcsupplyspot.com\/lt\/#organization"},"potentialAction":[{"@type":"SearchAction","target":{"@type":"EntryPoint","urlTemplate":"https:\/\/plcsupplyspot.com\/lt\/?s={search_term_string}"},"query-input":{"@type":"PropertyValueSpecification","valueRequired":true,"valueName":"search_term_string"}}],"inLanguage":"lt-LT"},{"@type":"Organization","@id":"https:\/\/plcsupplyspot.com\/lt\/#organization","name":"PLC Supply Spot","alternateName":"PLC Supply Spot","url":"https:\/\/plcsupplyspot.com\/lt\/","logo":{"@type":"ImageObject","inLanguage":"lt-LT","@id":"https:\/\/plcsupplyspot.com\/lt\/#\/schema\/logo\/image\/","url":"https:\/\/plcsupplyspot.com\/wp-content\/uploads\/2026\/01\/plc-supply-spot-logo-1.png","contentUrl":"https:\/\/plcsupplyspot.com\/wp-content\/uploads\/2026\/01\/plc-supply-spot-logo-1.png","width":720,"height":720,"caption":"PLC Supply Spot"},"image":{"@id":"https:\/\/plcsupplyspot.com\/lt\/#\/schema\/logo\/image\/"},"sameAs":["https:\/\/www.facebook.com\/profile.php?id=61571705128033"]}]}},"_links":{"self":[{"href":"https:\/\/plcsupplyspot.com\/lt\/wp-json\/wp\/v2\/product\/4852","targetHints":{"allow":["GET"]}}],"collection":[{"href":"https:\/\/plcsupplyspot.com\/lt\/wp-json\/wp\/v2\/product"}],"about":[{"href":"https:\/\/plcsupplyspot.com\/lt\/wp-json\/wp\/v2\/types\/product"}],"version-history":[{"count":3,"href":"https:\/\/plcsupplyspot.com\/lt\/wp-json\/wp\/v2\/product\/4852\/revisions"}],"predecessor-version":[{"id":7780,"href":"https:\/\/plcsupplyspot.com\/lt\/wp-json\/wp\/v2\/product\/4852\/revisions\/7780"}],"wp:featuredmedia":[{"embeddable":true,"href":"https:\/\/plcsupplyspot.com\/lt\/wp-json\/wp\/v2\/media\/4757"}],"wp:attachment":[{"href":"https:\/\/plcsupplyspot.com\/lt\/wp-json\/wp\/v2\/media?parent=4852"}],"wp:term":[{"taxonomy":"product_brand","embeddable":true,"href":"https:\/\/plcsupplyspot.com\/lt\/wp-json\/wp\/v2\/product_brand?post=4852"},{"taxonomy":"product_cat","embeddable":true,"href":"https:\/\/plcsupplyspot.com\/lt\/wp-json\/wp\/v2\/product_cat?post=4852"},{"taxonomy":"product_tag","embeddable":true,"href":"https:\/\/plcsupplyspot.com\/lt\/wp-json\/wp\/v2\/product_tag?post=4852"}],"curies":[{"name":"wp","href":"https:\/\/api.w.org\/{rel}","templated":true}]}}