{"id":4849,"date":"2024-07-17T06:22:02","date_gmt":"2024-07-17T06:22:02","guid":{"rendered":"https:\/\/plcsupplyspot.com\/shop\/1756-l72s\/"},"modified":"2025-12-08T10:33:36","modified_gmt":"2025-12-08T10:33:36","slug":"1756%e2%80%91l72s","status":"publish","type":"product","link":"https:\/\/plcsupplyspot.com\/lt\/automatikos-komponentai\/1756%e2%80%91l72s\/","title":{"rendered":"1756-L72S"},"content":{"rendered":"<p data-start=\"2326\" data-end=\"2431\"><strong data-start=\"2351\" data-end=\"2431\">Allen-Bradley 1756-L72S \u2013 GuardLogix saugos valdiklis ControlLogix sistemoms<\/strong><\/p>\n<p data-start=\"2433\" data-end=\"2813\">Allen-Bradley 1756-L72S yra GuardLogix serijos saugos valdiklis, skirtas ControlLogix automatizavimo platformai. Jis apjungia standartines ir saugos valdymo funkcijas viename valdiklyje, leid\u017eian\u010diame valdyti sud\u0117tingas ma\u0161in\u0173 sistemas kartu su integruotomis saugos funkcijomis. Valdiklis pasi\u017eymi dideliu na\u0161umu, pa\u017eangia diagnostika ir patikimu veikimu pramonin\u0117se aplikacijose.<\/p>\n<p data-start=\"2815\" data-end=\"3096\"><strong data-start=\"2815\" data-end=\"2843\">Pagrindiniai privalumai:<\/strong><br data-start=\"2843\" data-end=\"2846\" \/>\u2022 GuardLogix saugos valdiklis<br data-start=\"2875\" data-end=\"2878\" \/>\u2022 Standartinio ir saugos valdymo integracija<br data-start=\"2922\" data-end=\"2925\" \/>\u2022 Suderinamas su ControlLogix sistema<br data-start=\"2962\" data-end=\"2965\" \/>\u2022 Didelis apdorojimo greitis<br data-start=\"2993\" data-end=\"2996\" \/>\u2022 Tinka SIL reitingo saugos aplikacijoms<br data-start=\"3036\" data-end=\"3039\" \/>\u2022 I\u0161pl\u0117stin\u0117 diagnostika<br data-start=\"3063\" data-end=\"3066\" \/>\u2022 Patikimas darbas pramon\u0117je<\/p>\n<p data-start=\"3098\" data-end=\"3338\"><strong data-start=\"3098\" data-end=\"3117\">Kur naudojamas:<\/strong><br data-start=\"3117\" data-end=\"3120\" \/>\u2022 Saugos reikalaujan\u010dios valdymo sistemos<br data-start=\"3161\" data-end=\"3164\" \/>\u2022 Gamybos linijos su integruota sauga<br data-start=\"3201\" data-end=\"3204\" \/>\u2022 Robotikos sistemos<br data-start=\"3224\" data-end=\"3227\" \/>\u2022 Judesio ir proces\u0173 valdymas<br data-start=\"3256\" data-end=\"3259\" \/>\u2022 Didelio masto automatizavimo sprendimai<br data-start=\"3300\" data-end=\"3303\" \/>\u2022 Pramonin\u0117s saugos architekt\u016bros<\/p>\n<p data-start=\"3340\" data-end=\"3518\"><strong data-start=\"3340\" data-end=\"3359\">Apie gamintoj\u0105:<\/strong><br data-start=\"3359\" data-end=\"3362\" \/>Allen-Bradley \u2013 pasaulyje pripa\u017eintas pramonin\u0117s automatikos ir saugos sprendim\u0173 gamintojas, kurio GuardLogix valdikliai u\u017etikrina auk\u0161t\u0105 na\u0161um\u0105 ir saugum\u0105.<\/p>\n","protected":false},"excerpt":{"rendered":"<p data-start=\"740\" data-end=\"899\">GuardLogix valdiklis, apjungiantis standartin\u012f ir saugos valdym\u0105 viename modulyje, skirtas didelio na\u0161umo ControlLogix sistemoms.<\/p>\n","protected":false},"featured_media":4754,"template":"","meta":{"site-sidebar-layout":"default","site-content-layout":"","ast-site-content-layout":"default","site-content-style":"default","site-sidebar-style":"default","ast-global-header-display":"","ast-banner-title-visibility":"","ast-main-header-display":"","ast-hfb-above-header-display":"","ast-hfb-below-header-display":"","ast-hfb-mobile-header-display":"","site-post-title":"","ast-breadcrumbs-content":"","ast-featured-img":"","footer-sml-layout":"","ast-disable-related-posts":"","theme-transparent-header-meta":"default","adv-header-id-meta":"","stick-header-meta":"default","header-above-stick-meta":"","header-main-stick-meta":"","header-below-stick-meta":"","astra-migrate-meta-layouts":"set","ast-page-background-enabled":"default","ast-page-background-meta":{"desktop":{"background-color":"","background-image":"","background-repeat":"repeat","background-position":"center center","background-size":"auto","background-attachment":"scroll","background-type":"","background-media":"","overlay-type":"","overlay-color":"","overlay-opacity":"","overlay-gradient":""},"tablet":{"background-color":"","background-image":"","background-repeat":"repeat","background-position":"center center","background-size":"auto","background-attachment":"scroll","background-type":"","background-media":"","overlay-type":"","overlay-color":"","overlay-opacity":"","overlay-gradient":""},"mobile":{"background-color":"","background-image":"","background-repeat":"repeat","background-position":"center center","background-size":"auto","background-attachment":"scroll","background-type":"","background-media":"","overlay-type":"","overlay-color":"","overlay-opacity":"","overlay-gradient":""}},"ast-content-background-meta":{"desktop":{"background-color":"var(--ast-global-color-5)","background-image":"","background-repeat":"repeat","background-position":"center center","background-size":"auto","background-attachment":"scroll","background-type":"","background-media":"","overlay-type":"","overlay-color":"","overlay-opacity":"","overlay-gradient":""},"tablet":{"background-color":"var(--ast-global-color-5)","background-image":"","background-repeat":"repeat","background-position":"center center","background-size":"auto","background-attachment":"scroll","background-type":"","background-media":"","overlay-type":"","overlay-color":"","overlay-opacity":"","overlay-gradient":""},"mobile":{"background-color":"var(--ast-global-color-5)","background-image":"","background-repeat":"repeat","background-position":"center center","background-size":"auto","background-attachment":"scroll","background-type":"","background-media":"","overlay-type":"","overlay-color":"","overlay-opacity":"","overlay-gradient":""}}},"product_brand":[],"product_cat":[117,116],"product_tag":[],"class_list":{"0":"post-4849","1":"product","2":"type-product","3":"status-publish","4":"has-post-thumbnail","6":"product_cat-valdikliai","7":"product_cat-allen-bradley","8":"desktop-align-left","9":"tablet-align-left","10":"mobile-align-left","11":"ast-product-gallery-layout-horizontal-slider","12":"ast-product-tabs-layout-horizontal","14":"first","15":"instock","16":"taxable","17":"shipping-taxable","18":"purchasable","19":"product-type-simple"},"yoast_head":"<!-- This site is optimized with the Yoast SEO plugin v26.6 - https:\/\/yoast.com\/wordpress\/plugins\/seo\/ -->\n<title>1756-L72S | PLC Supply spot<\/title>\n<meta name=\"description\" content=\"\u012esigykite Allen\u2011Bradley 1756\u2011L72S GuardLogix PLC su 4\u202fMB vartotojo ir 2\u202fMB saugos atmintimi, palaiko iki 128\u202f000 I\/O ta\u0161k\u0173.\" \/>\n<meta name=\"robots\" content=\"index, follow, max-snippet:-1, max-image-preview:large, max-video-preview:-1\" \/>\n<link rel=\"canonical\" href=\"https:\/\/plcsupplyspot.com\/lt\/automatikos-komponentai\/1756%e2%80%91l72s\/\" \/>\n<meta property=\"og:locale\" content=\"lt_LT\" \/>\n<meta property=\"og:type\" content=\"article\" \/>\n<meta property=\"og:title\" content=\"1756-L72S | PLC Supply spot\" \/>\n<meta property=\"og:description\" content=\"\u012esigykite Allen\u2011Bradley 1756\u2011L72S GuardLogix PLC su 4\u202fMB vartotojo ir 2\u202fMB saugos atmintimi, palaiko iki 128\u202f000 I\/O ta\u0161k\u0173.\" \/>\n<meta property=\"og:url\" content=\"https:\/\/plcsupplyspot.com\/lt\/automatikos-komponentai\/1756%e2%80%91l72s\/\" \/>\n<meta property=\"og:site_name\" content=\"PLC Supply spot\" \/>\n<meta property=\"article:publisher\" content=\"https:\/\/www.facebook.com\/profile.php?id=61571705128033\" \/>\n<meta property=\"article:modified_time\" content=\"2025-12-08T10:33:36+00:00\" \/>\n<meta property=\"og:image\" content=\"https:\/\/plcsupplyspot.com\/wp-content\/uploads\/2024\/07\/1756-L72S-1.jpg\" \/>\n\t<meta property=\"og:image:width\" content=\"1280\" \/>\n\t<meta property=\"og:image:height\" content=\"853\" \/>\n\t<meta property=\"og:image:type\" content=\"image\/jpeg\" \/>\n<meta name=\"twitter:card\" content=\"summary_large_image\" \/>\n<meta name=\"twitter:label1\" content=\"Est. reading time\" \/>\n\t<meta name=\"twitter:data1\" content=\"1 minut\u0117\" \/>\n<!-- \/ Yoast SEO plugin. -->","yoast_head_json":{"title":"1756-L72S | PLC Supply spot","description":"\u012esigykite Allen\u2011Bradley 1756\u2011L72S GuardLogix PLC su 4\u202fMB vartotojo ir 2\u202fMB saugos atmintimi, palaiko iki 128\u202f000 I\/O ta\u0161k\u0173.","robots":{"index":"index","follow":"follow","max-snippet":"max-snippet:-1","max-image-preview":"max-image-preview:large","max-video-preview":"max-video-preview:-1"},"canonical":"https:\/\/plcsupplyspot.com\/lt\/automatikos-komponentai\/1756%e2%80%91l72s\/","og_locale":"lt_LT","og_type":"article","og_title":"1756-L72S | PLC Supply spot","og_description":"\u012esigykite Allen\u2011Bradley 1756\u2011L72S GuardLogix PLC su 4\u202fMB vartotojo ir 2\u202fMB saugos atmintimi, palaiko iki 128\u202f000 I\/O ta\u0161k\u0173.","og_url":"https:\/\/plcsupplyspot.com\/lt\/automatikos-komponentai\/1756%e2%80%91l72s\/","og_site_name":"PLC Supply spot","article_publisher":"https:\/\/www.facebook.com\/profile.php?id=61571705128033","article_modified_time":"2025-12-08T10:33:36+00:00","og_image":[{"width":1280,"height":853,"url":"https:\/\/plcsupplyspot.com\/wp-content\/uploads\/2024\/07\/1756-L72S-1.jpg","type":"image\/jpeg"}],"twitter_card":"summary_large_image","twitter_misc":{"Est. reading time":"1 minut\u0117"},"schema":{"@context":"https:\/\/schema.org","@graph":[{"@type":"WebPage","@id":"https:\/\/plcsupplyspot.com\/lt\/automatikos-komponentai\/1756%e2%80%91l72s\/","url":"https:\/\/plcsupplyspot.com\/lt\/automatikos-komponentai\/1756%e2%80%91l72s\/","name":"1756-L72S | PLC Supply spot","isPartOf":{"@id":"https:\/\/plcsupplyspot.com\/lt\/#website"},"primaryImageOfPage":{"@id":"https:\/\/plcsupplyspot.com\/lt\/automatikos-komponentai\/1756%e2%80%91l72s\/#primaryimage"},"image":{"@id":"https:\/\/plcsupplyspot.com\/lt\/automatikos-komponentai\/1756%e2%80%91l72s\/#primaryimage"},"thumbnailUrl":"https:\/\/plcsupplyspot.com\/wp-content\/uploads\/2024\/07\/1756-L72S-1.jpg","datePublished":"2024-07-17T06:22:02+00:00","dateModified":"2025-12-08T10:33:36+00:00","description":"\u012esigykite Allen\u2011Bradley 1756\u2011L72S GuardLogix PLC su 4\u202fMB vartotojo ir 2\u202fMB saugos atmintimi, palaiko iki 128\u202f000 I\/O ta\u0161k\u0173.","breadcrumb":{"@id":"https:\/\/plcsupplyspot.com\/lt\/automatikos-komponentai\/1756%e2%80%91l72s\/#breadcrumb"},"inLanguage":"lt-LT","potentialAction":[{"@type":"ReadAction","target":["https:\/\/plcsupplyspot.com\/lt\/automatikos-komponentai\/1756%e2%80%91l72s\/"]}]},{"@type":"ImageObject","inLanguage":"lt-LT","@id":"https:\/\/plcsupplyspot.com\/lt\/automatikos-komponentai\/1756%e2%80%91l72s\/#primaryimage","url":"https:\/\/plcsupplyspot.com\/wp-content\/uploads\/2024\/07\/1756-L72S-1.jpg","contentUrl":"https:\/\/plcsupplyspot.com\/wp-content\/uploads\/2024\/07\/1756-L72S-1.jpg","width":1280,"height":853},{"@type":"BreadcrumbList","@id":"https:\/\/plcsupplyspot.com\/lt\/automatikos-komponentai\/1756%e2%80%91l72s\/#breadcrumb","itemListElement":[{"@type":"ListItem","position":1,"name":"home","item":"https:\/\/plcsupplyspot.com\/lt\/"},{"@type":"ListItem","position":2,"name":"Automatikos komponentai","item":"https:\/\/plcsupplyspot.com\/lt\/automatikos-komponentai\/"},{"@type":"ListItem","position":3,"name":"1756-L72S"}]},{"@type":"WebSite","@id":"https:\/\/plcsupplyspot.com\/lt\/#website","url":"https:\/\/plcsupplyspot.com\/lt\/","name":"PLC Supply Spot","description":"Innovate. Accelerate. Automate!","publisher":{"@id":"https:\/\/plcsupplyspot.com\/lt\/#organization"},"potentialAction":[{"@type":"SearchAction","target":{"@type":"EntryPoint","urlTemplate":"https:\/\/plcsupplyspot.com\/lt\/?s={search_term_string}"},"query-input":{"@type":"PropertyValueSpecification","valueRequired":true,"valueName":"search_term_string"}}],"inLanguage":"lt-LT"},{"@type":"Organization","@id":"https:\/\/plcsupplyspot.com\/lt\/#organization","name":"PLC Supply Spot","alternateName":"PLC Supply Spot","url":"https:\/\/plcsupplyspot.com\/lt\/","logo":{"@type":"ImageObject","inLanguage":"lt-LT","@id":"https:\/\/plcsupplyspot.com\/lt\/#\/schema\/logo\/image\/","url":"https:\/\/plcsupplyspot.com\/wp-content\/uploads\/2026\/01\/plc-supply-spot-logo-1.png","contentUrl":"https:\/\/plcsupplyspot.com\/wp-content\/uploads\/2026\/01\/plc-supply-spot-logo-1.png","width":720,"height":720,"caption":"PLC Supply Spot"},"image":{"@id":"https:\/\/plcsupplyspot.com\/lt\/#\/schema\/logo\/image\/"},"sameAs":["https:\/\/www.facebook.com\/profile.php?id=61571705128033"]}]}},"_links":{"self":[{"href":"https:\/\/plcsupplyspot.com\/lt\/wp-json\/wp\/v2\/product\/4849","targetHints":{"allow":["GET"]}}],"collection":[{"href":"https:\/\/plcsupplyspot.com\/lt\/wp-json\/wp\/v2\/product"}],"about":[{"href":"https:\/\/plcsupplyspot.com\/lt\/wp-json\/wp\/v2\/types\/product"}],"version-history":[{"count":3,"href":"https:\/\/plcsupplyspot.com\/lt\/wp-json\/wp\/v2\/product\/4849\/revisions"}],"predecessor-version":[{"id":7837,"href":"https:\/\/plcsupplyspot.com\/lt\/wp-json\/wp\/v2\/product\/4849\/revisions\/7837"}],"wp:featuredmedia":[{"embeddable":true,"href":"https:\/\/plcsupplyspot.com\/lt\/wp-json\/wp\/v2\/media\/4754"}],"wp:attachment":[{"href":"https:\/\/plcsupplyspot.com\/lt\/wp-json\/wp\/v2\/media?parent=4849"}],"wp:term":[{"taxonomy":"product_brand","embeddable":true,"href":"https:\/\/plcsupplyspot.com\/lt\/wp-json\/wp\/v2\/product_brand?post=4849"},{"taxonomy":"product_cat","embeddable":true,"href":"https:\/\/plcsupplyspot.com\/lt\/wp-json\/wp\/v2\/product_cat?post=4849"},{"taxonomy":"product_tag","embeddable":true,"href":"https:\/\/plcsupplyspot.com\/lt\/wp-json\/wp\/v2\/product_tag?post=4849"}],"curies":[{"name":"wp","href":"https:\/\/api.w.org\/{rel}","templated":true}]}}