{"id":4846,"date":"2024-07-17T05:43:00","date_gmt":"2024-07-17T05:43:00","guid":{"rendered":"https:\/\/plcsupplyspot.com\/shop\/871c-m2np5-e2\/"},"modified":"2025-01-29T07:35:18","modified_gmt":"2025-01-29T07:35:18","slug":"indukcinis-atstumo-jutiklis-allen-bradley-871c-m2np5-e2","status":"publish","type":"product","link":"https:\/\/plcsupplyspot.com\/lt\/automatikos-komponentai\/indukcinis-atstumo-jutiklis-allen-bradley-871c-m2np5-e2\/","title":{"rendered":"Indukcinis atstumo jutiklis Allen-Bradley 871C-M2NP5-E2"},"content":{"rendered":"<p><span style=\"font-weight: 400; color: #1c244a;\">Allen-Bradley 871C-M2NP5-E2 \u2013 miniati\u016brinis indukcinis atstumo jutiklis, idealiai tinkantis automatizavimo sprendimams, kuriems svarbus tikslumas ir kompakti\u0161kumas. \u0160is indukcinis artumo jutiklis skirtas aptikti metalinius objektus iki 1,5 mm atstumu ir yra sukurtas naudoti intensyvioje pramon\u0117s aplinkoje.<\/span><\/p>\n<h2 style=\"font-size: 24px; color: #1c244a;\"><b>Indukcinis artumo jutiklis Allen-Bradley: pagrindin\u0117s savyb\u0117s ir privalumai<\/b><\/h2>\n<h3 style=\"font-size: 21px; color: #1c244a;\"><b>Tikslus aptikimas<\/b><\/h3>\n<ul>\n<li style=\"font-weight: 400; color: #1c244a;\" aria-level=\"1\"><span style=\"font-weight: 400; color: #1c244a;\">Miniati\u016brinis cilindro dizainas (M5 x 0,5 sriegis) leid\u017eia lengvai integruoti jutikl\u012f net ir ribotoje erdv\u0117je.<\/span><\/li>\n<li style=\"font-weight: 400; color: #1c244a;\" aria-level=\"1\"><span style=\"font-weight: 400; color: #1c244a;\">1,5 mm aptikimo atstumas u\u017etikrina tiksl\u0173 ir patikim\u0105 metalini\u0173 objekt\u0173 aptikim\u0105.<\/span><\/li>\n<li style=\"font-weight: 400; color: #1c244a;\" aria-level=\"1\"><span style=\"font-weight: 400; color: #1c244a;\">PNP i\u0161\u0117jimo tipas su IO-Link protokolu skirtas lengvam duomen\u0173 perdavimui ir valdymui.<\/span><\/li>\n<\/ul>\n<h3 style=\"font-size: 21px; color: #1c244a;\"><b>Patvarumas ir ilgaam\u017ei\u0161kumas<\/b><\/h3>\n<ul>\n<li style=\"font-weight: 400; color: #1c244a;\" aria-level=\"1\"><span style=\"font-weight: 400; color: #1c244a;\">Ner\u016bdijan\u010dio plieno korpusas apsaugo nuo korozijos ir mechanini\u0173 pa\u017eeidim\u0173.<\/span><\/li>\n<li style=\"font-weight: 400; color: #1c244a;\" aria-level=\"1\"><span style=\"font-weight: 400; color: #1c244a;\">IP67 apsaugos klas\u0117 \u2013 galimyb\u0117 naudoti dr\u0117gnoje ar dulk\u0117toje aplinkoje.<\/span><\/li>\n<li style=\"font-weight: 400; color: #1c244a;\" aria-level=\"1\"><span style=\"font-weight: 400; color: #1c244a;\">Integruota apsauga nuo trumpojo jungimo, perkrovos ir atvirk\u0161tinio poli\u0161kumo.<\/span><\/li>\n<\/ul>\n<h3 style=\"font-size: 21px; color: #1c244a;\"><b>Greitas reagavimas ir lankstumas<\/b><\/h3>\n<ul>\n<li style=\"font-weight: 400; color: #1c244a;\" aria-level=\"1\"><span style=\"font-weight: 400; color: #1c244a;\">Perjungimo da\u017enis iki 3 kHz leid\u017eia aptikti greitai judan\u010dius objektus.<\/span><\/li>\n<li style=\"font-weight: 400; color: #1c244a;\" aria-level=\"1\"><span style=\"font-weight: 400; color: #1c244a;\">Kompakti\u0161kas 25 mm ilgis puikiai tinka limituotai erdvei.<\/span><\/li>\n<li style=\"font-weight: 400; color: #1c244a;\" aria-level=\"1\"><span style=\"font-weight: 400; color: #1c244a;\">Suderinamumas su IO-Link standartu suteikia daugiau lankstumo automatizavimo projektuose.<\/span><\/li>\n<\/ul>\n<h2 style=\"font-size: 24px; color: #1c244a;\"><b>Indukcinis atstumo jutiklis ir jo naudojimas pramon\u0117je<\/b><\/h2>\n<p><span style=\"font-weight: 400; color: #1c244a;\">Allen-Bradley 871C-M2NP5-E2 jutiklis skirtas aptikti metalinius objektus iki 1,5 mm atstumu pasitelkiant elektromagnetinio lauko poky\u010dius. Kai objektas patenka \u012f jutiklio aptikimo zon\u0105, jis suaktyvina PNP i\u0161\u0117jim\u0105, signalas perduodamas \u012f valdymo sistem\u0105, pavyzd\u017eiui, PLC (programuojami loginiai <\/span><a href=\"https:\/\/plcsupplyspot.com\/lt\/produkto-kategorija\/valdikliai\/\"><span style=\"font-weight: 400; color: #1c244a;\">valdikliai<\/span><\/a><span style=\"font-weight: 400; color: #1c244a;\">). \u0160is signalas gali b\u016bti naudojamas \u012fvairiems veiksmams atlikti, pavyzd\u017eiui, sustabdyti gamybos linij\u0105, inicijuoti mechanizm\u0173 jud\u0117jim\u0105 ar sekti objekt\u0173 buvimo viet\u0105. \u0160is jutiklis pla\u010diai naudojamas gamybos linijose, kur svarbu automati\u0161kai steb\u0117ti ir kontroliuoti gamini\u0173 jud\u0117jim\u0105.<\/span><\/p>\n<h2 style=\"font-size: 24px; color: #1c244a;\"><b>Allen-Bradley \u2013 patikimumo standartas automatizavimo pasaulyje<\/b><\/h2>\n<p><span style=\"font-weight: 400; color: #1c244a;\">Allen-Bradley \u2013 vienas i\u0161 rinkos lyderi\u0173, \u017einom\u0173 d\u0117l savo pa\u017eangi\u0173 pramonini\u0173 jutikli\u0173, automatikos komponent\u0173 ir saugos sprendim\u0173. \u0160io preki\u0173 \u017eenklo produktai sukurti taip, kad atliept\u0173 auk\u0161\u010diausius modernios pramon\u0117s reikalavimus. Allen-Bradley 871C-M2NP5-E2 jutiklis \u2013 tai puikus \u0161ios filosofijos pavyzdys, pasi\u017eymintis tikslumu, kompakti\u0161kumu ir suderinamumu su \u012fvairiomis automatizavimo sistemomis.<\/span><\/p>\n","protected":false},"excerpt":{"rendered":"<p><span style=\"font-weight: 400; color: #1c244a;\">Allen-Bradley 871C-M2NP5-E2 \u2013 miniati\u016brinis indukcinis atstumo jutiklis, skirtas tiksliai ir patikimai aptikti metalinius objektus. Pagrindin\u0117s savyb\u0117s:<\/span><\/p>\n<ul>\n<li style=\"font-weight: 400; color: #1c244a;\" aria-level=\"1\"><span style=\"font-weight: 400; color: #1c244a;\">Cilindrinis korpusas i\u0161 ner\u016bdijan\u010dio plieno, M5 x 0,5 sriegis.<\/span><\/li>\n<li style=\"font-weight: 400; color: #1c244a;\" aria-level=\"1\"><span style=\"font-weight: 400; color: #1c244a;\">Aptikimo diapazonas: 1,5 mm.<\/span><\/li>\n<li style=\"font-weight: 400; color: #1c244a;\" aria-level=\"1\"><span style=\"font-weight: 400; color: #1c244a;\">Valdymas: PNP i\u0161\u0117jimas, normaliai atviras \u0161altinis, 10-30 V nuolatin\u0117 srov\u0117.<\/span><\/li>\n<li style=\"font-weight: 400; color: #1c244a;\" aria-level=\"1\"><span style=\"font-weight: 400; color: #1c244a;\">\u012eleistinis montavimas su 2 m PVC kabeliu.<\/span><\/li>\n<li style=\"font-weight: 400; color: #1c244a;\" aria-level=\"1\"><span style=\"font-weight: 400; color: #1c244a;\">IP67, apsauga nuo trumpojo jungimo, perkrovos ir atvirk\u0161tinio poli\u0161kumo.<\/span><\/li>\n<\/ul>\n","protected":false},"featured_media":4760,"template":"","meta":{"site-sidebar-layout":"default","site-content-layout":"","ast-site-content-layout":"default","site-content-style":"default","site-sidebar-style":"default","ast-global-header-display":"","ast-banner-title-visibility":"","ast-main-header-display":"","ast-hfb-above-header-display":"","ast-hfb-below-header-display":"","ast-hfb-mobile-header-display":"","site-post-title":"","ast-breadcrumbs-content":"","ast-featured-img":"","footer-sml-layout":"","ast-disable-related-posts":"","theme-transparent-header-meta":"default","adv-header-id-meta":"","stick-header-meta":"default","header-above-stick-meta":"","header-main-stick-meta":"","header-below-stick-meta":"","astra-migrate-meta-layouts":"set","ast-page-background-enabled":"default","ast-page-background-meta":{"desktop":{"background-color":"","background-image":"","background-repeat":"repeat","background-position":"center center","background-size":"auto","background-attachment":"scroll","background-type":"","background-media":"","overlay-type":"","overlay-color":"","overlay-opacity":"","overlay-gradient":""},"tablet":{"background-color":"","background-image":"","background-repeat":"repeat","background-position":"center center","background-size":"auto","background-attachment":"scroll","background-type":"","background-media":"","overlay-type":"","overlay-color":"","overlay-opacity":"","overlay-gradient":""},"mobile":{"background-color":"","background-image":"","background-repeat":"repeat","background-position":"center center","background-size":"auto","background-attachment":"scroll","background-type":"","background-media":"","overlay-type":"","overlay-color":"","overlay-opacity":"","overlay-gradient":""}},"ast-content-background-meta":{"desktop":{"background-color":"var(--ast-global-color-5)","background-image":"","background-repeat":"repeat","background-position":"center center","background-size":"auto","background-attachment":"scroll","background-type":"","background-media":"","overlay-type":"","overlay-color":"","overlay-opacity":"","overlay-gradient":""},"tablet":{"background-color":"var(--ast-global-color-5)","background-image":"","background-repeat":"repeat","background-position":"center center","background-size":"auto","background-attachment":"scroll","background-type":"","background-media":"","overlay-type":"","overlay-color":"","overlay-opacity":"","overlay-gradient":""},"mobile":{"background-color":"var(--ast-global-color-5)","background-image":"","background-repeat":"repeat","background-position":"center center","background-size":"auto","background-attachment":"scroll","background-type":"","background-media":"","overlay-type":"","overlay-color":"","overlay-opacity":"","overlay-gradient":""}}},"product_brand":[],"product_cat":[116,118],"product_tag":[131,134,141,140,132,130,133],"class_list":{"0":"post-4846","1":"product","2":"type-product","3":"status-publish","4":"has-post-thumbnail","6":"product_cat-allen-bradley","7":"product_cat-jutikliai","8":"product_tag-artumo-jutiklis","9":"product_tag-automatizavimas","10":"product_tag-indukcinis-artumo-jutiklis","11":"product_tag-indukcinis-atstumo-jutiklis","12":"product_tag-jutikliai","13":"product_tag-jutiklis","14":"product_tag-pramone","15":"desktop-align-left","16":"tablet-align-left","17":"mobile-align-left","18":"ast-product-gallery-layout-horizontal-slider","19":"ast-product-tabs-layout-horizontal","21":"first","22":"instock","23":"taxable","24":"shipping-taxable","25":"purchasable","26":"product-type-simple"},"yoast_head":"<!-- This site is optimized with the Yoast SEO plugin v27.3 - https:\/\/yoast.com\/product\/yoast-seo-wordpress\/ -->\n<title>Indukcinis atstumo jutiklis 871C-M2NP5-E2 | PLC Supply Spot<\/title>\n<meta name=\"description\" content=\"Indukcinis atstumo jutiklis Allen-Bradley 871C-M2NP5-E2 \u2013 tikslus ir patikimas sprendimas automatizavimui. PNP i\u0161\u0117jimas, IO-Link, 1,5 mm aptikimas.\" \/>\n<meta name=\"robots\" content=\"index, follow, max-snippet:-1, max-image-preview:large, max-video-preview:-1\" \/>\n<link rel=\"canonical\" href=\"https:\/\/plcsupplyspot.com\/lt\/automatikos-komponentai\/indukcinis-atstumo-jutiklis-allen-bradley-871c-m2np5-e2\/\" \/>\n<meta property=\"og:locale\" content=\"lt_LT\" \/>\n<meta property=\"og:type\" content=\"article\" \/>\n<meta property=\"og:title\" content=\"Indukcinis atstumo jutiklis 871C-M2NP5-E2 | PLC Supply Spot\" \/>\n<meta property=\"og:description\" content=\"Indukcinis atstumo jutiklis Allen-Bradley 871C-M2NP5-E2 \u2013 tikslus ir patikimas sprendimas automatizavimui. PNP i\u0161\u0117jimas, IO-Link, 1,5 mm aptikimas.\" \/>\n<meta property=\"og:url\" content=\"https:\/\/plcsupplyspot.com\/lt\/automatikos-komponentai\/indukcinis-atstumo-jutiklis-allen-bradley-871c-m2np5-e2\/\" \/>\n<meta property=\"og:site_name\" content=\"PLC Supply spot\" \/>\n<meta property=\"article:publisher\" content=\"https:\/\/www.facebook.com\/profile.php?id=61571705128033\" \/>\n<meta property=\"article:modified_time\" content=\"2025-01-29T07:35:18+00:00\" \/>\n<meta property=\"og:image\" content=\"https:\/\/plcsupplyspot.com\/wp-content\/uploads\/2024\/07\/871C-M2NP5-E2-1.jpg\" \/>\n\t<meta property=\"og:image:width\" content=\"1000\" \/>\n\t<meta property=\"og:image:height\" content=\"1000\" \/>\n\t<meta property=\"og:image:type\" content=\"image\/jpeg\" \/>\n<meta name=\"twitter:card\" content=\"summary_large_image\" \/>\n<meta name=\"twitter:label1\" content=\"Est. reading time\" \/>\n\t<meta name=\"twitter:data1\" content=\"2 minut\u0117s\" \/>\n<!-- \/ Yoast SEO plugin. -->","yoast_head_json":{"title":"Indukcinis atstumo jutiklis 871C-M2NP5-E2 | PLC Supply Spot","description":"Indukcinis atstumo jutiklis Allen-Bradley 871C-M2NP5-E2 \u2013 tikslus ir patikimas sprendimas automatizavimui. PNP i\u0161\u0117jimas, IO-Link, 1,5 mm aptikimas.","robots":{"index":"index","follow":"follow","max-snippet":"max-snippet:-1","max-image-preview":"max-image-preview:large","max-video-preview":"max-video-preview:-1"},"canonical":"https:\/\/plcsupplyspot.com\/lt\/automatikos-komponentai\/indukcinis-atstumo-jutiklis-allen-bradley-871c-m2np5-e2\/","og_locale":"lt_LT","og_type":"article","og_title":"Indukcinis atstumo jutiklis 871C-M2NP5-E2 | PLC Supply Spot","og_description":"Indukcinis atstumo jutiklis Allen-Bradley 871C-M2NP5-E2 \u2013 tikslus ir patikimas sprendimas automatizavimui. PNP i\u0161\u0117jimas, IO-Link, 1,5 mm aptikimas.","og_url":"https:\/\/plcsupplyspot.com\/lt\/automatikos-komponentai\/indukcinis-atstumo-jutiklis-allen-bradley-871c-m2np5-e2\/","og_site_name":"PLC Supply spot","article_publisher":"https:\/\/www.facebook.com\/profile.php?id=61571705128033","article_modified_time":"2025-01-29T07:35:18+00:00","og_image":[{"width":1000,"height":1000,"url":"https:\/\/plcsupplyspot.com\/wp-content\/uploads\/2024\/07\/871C-M2NP5-E2-1.jpg","type":"image\/jpeg"}],"twitter_card":"summary_large_image","twitter_misc":{"Est. reading time":"2 minut\u0117s"},"schema":{"@context":"https:\/\/schema.org","@graph":[{"@type":"WebPage","@id":"https:\/\/plcsupplyspot.com\/lt\/automatikos-komponentai\/indukcinis-atstumo-jutiklis-allen-bradley-871c-m2np5-e2\/","url":"https:\/\/plcsupplyspot.com\/lt\/automatikos-komponentai\/indukcinis-atstumo-jutiklis-allen-bradley-871c-m2np5-e2\/","name":"Indukcinis atstumo jutiklis 871C-M2NP5-E2 | PLC Supply Spot","isPartOf":{"@id":"https:\/\/plcsupplyspot.com\/lt\/#website"},"primaryImageOfPage":{"@id":"https:\/\/plcsupplyspot.com\/lt\/automatikos-komponentai\/indukcinis-atstumo-jutiklis-allen-bradley-871c-m2np5-e2\/#primaryimage"},"image":{"@id":"https:\/\/plcsupplyspot.com\/lt\/automatikos-komponentai\/indukcinis-atstumo-jutiklis-allen-bradley-871c-m2np5-e2\/#primaryimage"},"thumbnailUrl":"https:\/\/plcsupplyspot.com\/wp-content\/uploads\/2024\/07\/871C-M2NP5-E2-1.jpg","datePublished":"2024-07-17T05:43:00+00:00","dateModified":"2025-01-29T07:35:18+00:00","description":"Indukcinis atstumo jutiklis Allen-Bradley 871C-M2NP5-E2 \u2013 tikslus ir patikimas sprendimas automatizavimui. PNP i\u0161\u0117jimas, IO-Link, 1,5 mm aptikimas.","breadcrumb":{"@id":"https:\/\/plcsupplyspot.com\/lt\/automatikos-komponentai\/indukcinis-atstumo-jutiklis-allen-bradley-871c-m2np5-e2\/#breadcrumb"},"inLanguage":"lt-LT","potentialAction":[{"@type":"ReadAction","target":["https:\/\/plcsupplyspot.com\/lt\/automatikos-komponentai\/indukcinis-atstumo-jutiklis-allen-bradley-871c-m2np5-e2\/"]}]},{"@type":"ImageObject","inLanguage":"lt-LT","@id":"https:\/\/plcsupplyspot.com\/lt\/automatikos-komponentai\/indukcinis-atstumo-jutiklis-allen-bradley-871c-m2np5-e2\/#primaryimage","url":"https:\/\/plcsupplyspot.com\/wp-content\/uploads\/2024\/07\/871C-M2NP5-E2-1.jpg","contentUrl":"https:\/\/plcsupplyspot.com\/wp-content\/uploads\/2024\/07\/871C-M2NP5-E2-1.jpg","width":1000,"height":1000,"caption":"Indukcinis atstumo jutiklis Allen-Bradley 871C-M2NP5-E2"},{"@type":"BreadcrumbList","@id":"https:\/\/plcsupplyspot.com\/lt\/automatikos-komponentai\/indukcinis-atstumo-jutiklis-allen-bradley-871c-m2np5-e2\/#breadcrumb","itemListElement":[{"@type":"ListItem","position":1,"name":"home","item":"https:\/\/plcsupplyspot.com\/lt\/"},{"@type":"ListItem","position":2,"name":"Automatikos komponentai","item":"https:\/\/plcsupplyspot.com\/lt\/automatikos-komponentai\/"},{"@type":"ListItem","position":3,"name":"Indukcinis atstumo jutiklis Allen-Bradley 871C-M2NP5-E2"}]},{"@type":"WebSite","@id":"https:\/\/plcsupplyspot.com\/lt\/#website","url":"https:\/\/plcsupplyspot.com\/lt\/","name":"PLC Supply Spot","description":"Innovate. Accelerate. Automate!","publisher":{"@id":"https:\/\/plcsupplyspot.com\/lt\/#organization"},"potentialAction":[{"@type":"SearchAction","target":{"@type":"EntryPoint","urlTemplate":"https:\/\/plcsupplyspot.com\/lt\/?s={search_term_string}"},"query-input":{"@type":"PropertyValueSpecification","valueRequired":true,"valueName":"search_term_string"}}],"inLanguage":"lt-LT"},{"@type":"Organization","@id":"https:\/\/plcsupplyspot.com\/lt\/#organization","name":"PLC Supply Spot","alternateName":"PLC Supply Spot","url":"https:\/\/plcsupplyspot.com\/lt\/","logo":{"@type":"ImageObject","inLanguage":"lt-LT","@id":"https:\/\/plcsupplyspot.com\/lt\/#\/schema\/logo\/image\/","url":"https:\/\/plcsupplyspot.com\/wp-content\/uploads\/2026\/01\/plc-supply-spot-logo-1.png","contentUrl":"https:\/\/plcsupplyspot.com\/wp-content\/uploads\/2026\/01\/plc-supply-spot-logo-1.png","width":720,"height":720,"caption":"PLC Supply Spot"},"image":{"@id":"https:\/\/plcsupplyspot.com\/lt\/#\/schema\/logo\/image\/"},"sameAs":["https:\/\/www.facebook.com\/profile.php?id=61571705128033"]}]}},"_links":{"self":[{"href":"https:\/\/plcsupplyspot.com\/lt\/wp-json\/wp\/v2\/product\/4846","targetHints":{"allow":["GET"]}}],"collection":[{"href":"https:\/\/plcsupplyspot.com\/lt\/wp-json\/wp\/v2\/product"}],"about":[{"href":"https:\/\/plcsupplyspot.com\/lt\/wp-json\/wp\/v2\/types\/product"}],"version-history":[{"count":2,"href":"https:\/\/plcsupplyspot.com\/lt\/wp-json\/wp\/v2\/product\/4846\/revisions"}],"predecessor-version":[{"id":5154,"href":"https:\/\/plcsupplyspot.com\/lt\/wp-json\/wp\/v2\/product\/4846\/revisions\/5154"}],"wp:featuredmedia":[{"embeddable":true,"href":"https:\/\/plcsupplyspot.com\/lt\/wp-json\/wp\/v2\/media\/4760"}],"wp:attachment":[{"href":"https:\/\/plcsupplyspot.com\/lt\/wp-json\/wp\/v2\/media?parent=4846"}],"wp:term":[{"taxonomy":"product_brand","embeddable":true,"href":"https:\/\/plcsupplyspot.com\/lt\/wp-json\/wp\/v2\/product_brand?post=4846"},{"taxonomy":"product_cat","embeddable":true,"href":"https:\/\/plcsupplyspot.com\/lt\/wp-json\/wp\/v2\/product_cat?post=4846"},{"taxonomy":"product_tag","embeddable":true,"href":"https:\/\/plcsupplyspot.com\/lt\/wp-json\/wp\/v2\/product_tag?post=4846"}],"curies":[{"name":"wp","href":"https:\/\/api.w.org\/{rel}","templated":true}]}}