{"id":4842,"date":"2024-07-17T05:31:19","date_gmt":"2024-07-17T05:31:19","guid":{"rendered":"https:\/\/plcsupplyspot.com\/shop\/199-mca1\/"},"modified":"2025-12-01T15:00:54","modified_gmt":"2025-12-01T15:00:54","slug":"199-mca1","status":"publish","type":"product","link":"https:\/\/plcsupplyspot.com\/lt\/automatikos-komponentai\/199-mca1\/","title":{"rendered":"199-MCA1"},"content":{"rendered":"<p data-start=\"2320\" data-end=\"2391\"><strong data-start=\"2320\" data-end=\"2391\">Allen-Bradley 199-MCA1 \u2013 Mechaninis ir elektrinis interlock modulis<\/strong><\/p>\n<p data-start=\"2393\" data-end=\"2726\">Allen-Bradley 199-MCA1 yra mechaninio ir elektrinio interlock modulis, skirtas 100-A09\u2026A30 serijos kontaktoriams reversavimo sistemose. Jis neleid\u017eia dviem kontaktoriams \u012fsijungti vienu metu, taip u\u017etikrinant saug\u0173 variklio krypties keitim\u0105 ir apsaugant \u012frang\u0105 nuo avarini\u0173 situacij\u0173. Modulis tinkamas naudoti grandin\u0117se iki 600 VAC.<\/p>\n<p data-start=\"2728\" data-end=\"3005\"><strong data-start=\"2728\" data-end=\"2756\">Pagrindiniai privalumai:<\/strong><br data-start=\"2756\" data-end=\"2759\" \/>\u2022 Mechaninis ir elektrinis interlock viename modulyje<br data-start=\"2812\" data-end=\"2815\" \/>\u2022 Apsauga nuo dvigubo kontaktori\u0173 aktyvavimo<br data-start=\"2859\" data-end=\"2862\" \/>\u2022 Suderinamas su 100-A09\u2026A30 kontaktori\u0173 serija<br data-start=\"2909\" data-end=\"2912\" \/>\u2022 Darbin\u0117 \u012ftampa iki 600 VAC<br data-start=\"2940\" data-end=\"2943\" \/>\u2022 Kompakti\u0161ka konstrukcija, paprastas montavimas skydeliuose<\/p>\n<p data-start=\"3007\" data-end=\"3284\"><strong data-start=\"3007\" data-end=\"3026\">Kur naudojamas:<\/strong><br data-start=\"3026\" data-end=\"3029\" \/>\u2022 Varikli\u0173 reversavimo paleidimo sistemos<br data-start=\"3070\" data-end=\"3073\" \/>\u2022 Valdymo skydai su pirmyn\/atgal funkcija<br data-start=\"3114\" data-end=\"3117\" \/>\u2022 Konvejeri\u0173, siurbli\u0173, ventiliatori\u0173 krypties valdymas<br data-start=\"3172\" data-end=\"3175\" \/>\u2022 Pramonin\u0117s ma\u0161inos, kur reikalingas saugus krypties keitimas<br data-start=\"3237\" data-end=\"3240\" \/>\u2022 Esam\u0173 kontaktori\u0173 sistem\u0173 modernizavimas<\/p>\n<p data-start=\"3286\" data-end=\"3473\"><strong data-start=\"3286\" data-end=\"3305\">Apie gamintoj\u0105:<\/strong><br data-start=\"3305\" data-end=\"3308\" \/>Allen-Bradley \u2013 Rockwell Automation prek\u0117s \u017eenklas, pasaulyje vertinamas d\u0117l patikim\u0173 automatikos komponent\u0173, ypa\u010d kontaktori\u0173, motor\u0173 paleidimo ir saugos sprendim\u0173.<\/p>\n","protected":false},"excerpt":{"rendered":"<p data-start=\"838\" data-end=\"984\">Allen-Bradley 199-MCA1 \u2013 mechaninis ir elektrinis interlock 100-A09\u2026A30 kontaktoriams, skirtas saugiam reversavimui.<\/p>\n","protected":false},"featured_media":4762,"template":"","meta":{"site-sidebar-layout":"default","site-content-layout":"","ast-site-content-layout":"default","site-content-style":"default","site-sidebar-style":"default","ast-global-header-display":"","ast-banner-title-visibility":"","ast-main-header-display":"","ast-hfb-above-header-display":"","ast-hfb-below-header-display":"","ast-hfb-mobile-header-display":"","site-post-title":"","ast-breadcrumbs-content":"","ast-featured-img":"","footer-sml-layout":"","ast-disable-related-posts":"","theme-transparent-header-meta":"default","adv-header-id-meta":"","stick-header-meta":"default","header-above-stick-meta":"","header-main-stick-meta":"","header-below-stick-meta":"","astra-migrate-meta-layouts":"set","ast-page-background-enabled":"default","ast-page-background-meta":{"desktop":{"background-color":"","background-image":"","background-repeat":"repeat","background-position":"center center","background-size":"auto","background-attachment":"scroll","background-type":"","background-media":"","overlay-type":"","overlay-color":"","overlay-opacity":"","overlay-gradient":""},"tablet":{"background-color":"","background-image":"","background-repeat":"repeat","background-position":"center center","background-size":"auto","background-attachment":"scroll","background-type":"","background-media":"","overlay-type":"","overlay-color":"","overlay-opacity":"","overlay-gradient":""},"mobile":{"background-color":"","background-image":"","background-repeat":"repeat","background-position":"center center","background-size":"auto","background-attachment":"scroll","background-type":"","background-media":"","overlay-type":"","overlay-color":"","overlay-opacity":"","overlay-gradient":""}},"ast-content-background-meta":{"desktop":{"background-color":"var(--ast-global-color-5)","background-image":"","background-repeat":"repeat","background-position":"center center","background-size":"auto","background-attachment":"scroll","background-type":"","background-media":"","overlay-type":"","overlay-color":"","overlay-opacity":"","overlay-gradient":""},"tablet":{"background-color":"var(--ast-global-color-5)","background-image":"","background-repeat":"repeat","background-position":"center center","background-size":"auto","background-attachment":"scroll","background-type":"","background-media":"","overlay-type":"","overlay-color":"","overlay-opacity":"","overlay-gradient":""},"mobile":{"background-color":"var(--ast-global-color-5)","background-image":"","background-repeat":"repeat","background-position":"center center","background-size":"auto","background-attachment":"scroll","background-type":"","background-media":"","overlay-type":"","overlay-color":"","overlay-opacity":"","overlay-gradient":""}}},"product_brand":[],"product_cat":[116,126],"product_tag":[],"class_list":{"0":"post-4842","1":"product","2":"type-product","3":"status-publish","4":"has-post-thumbnail","6":"product_cat-allen-bradley","7":"product_cat-elektros-prekes","8":"desktop-align-left","9":"tablet-align-left","10":"mobile-align-left","11":"ast-product-gallery-layout-horizontal-slider","12":"ast-product-tabs-layout-horizontal","14":"first","15":"onbackorder","16":"taxable","17":"shipping-taxable","18":"purchasable","19":"product-type-simple"},"yoast_head":"<!-- This site is optimized with the Yoast SEO plugin v27.3 - https:\/\/yoast.com\/product\/yoast-seo-wordpress\/ -->\n<title>199-MCA1 | PLC Supply spot<\/title>\n<meta name=\"description\" content=\"Allen-Bradley 199-MCA1 mechaninis ir elektrinis interlock 100-A09\u2026A30 serijos kontaktoriams, saugiam reversavimui iki 600 VAC.\" \/>\n<meta name=\"robots\" content=\"index, follow, max-snippet:-1, max-image-preview:large, max-video-preview:-1\" \/>\n<link rel=\"canonical\" href=\"https:\/\/plcsupplyspot.com\/lt\/automatikos-komponentai\/199-mca1\/\" \/>\n<meta property=\"og:locale\" content=\"lt_LT\" \/>\n<meta property=\"og:type\" content=\"article\" \/>\n<meta property=\"og:title\" content=\"199-MCA1 | PLC Supply spot\" \/>\n<meta property=\"og:description\" content=\"Allen-Bradley 199-MCA1 mechaninis ir elektrinis interlock 100-A09\u2026A30 serijos kontaktoriams, saugiam reversavimui iki 600 VAC.\" \/>\n<meta property=\"og:url\" content=\"https:\/\/plcsupplyspot.com\/lt\/automatikos-komponentai\/199-mca1\/\" \/>\n<meta property=\"og:site_name\" content=\"PLC Supply spot\" \/>\n<meta property=\"article:publisher\" content=\"https:\/\/www.facebook.com\/profile.php?id=61571705128033\" \/>\n<meta property=\"article:modified_time\" content=\"2025-12-01T15:00:54+00:00\" \/>\n<meta property=\"og:image\" content=\"https:\/\/plcsupplyspot.com\/wp-content\/uploads\/2024\/07\/199-MCA1-1.jpg\" \/>\n\t<meta property=\"og:image:width\" content=\"1200\" \/>\n\t<meta property=\"og:image:height\" content=\"1200\" \/>\n\t<meta property=\"og:image:type\" content=\"image\/jpeg\" \/>\n<meta name=\"twitter:card\" content=\"summary_large_image\" \/>\n<meta name=\"twitter:label1\" content=\"Est. reading time\" \/>\n\t<meta name=\"twitter:data1\" content=\"1 minut\u0117\" \/>\n<!-- \/ Yoast SEO plugin. -->","yoast_head_json":{"title":"199-MCA1 | PLC Supply spot","description":"Allen-Bradley 199-MCA1 mechaninis ir elektrinis interlock 100-A09\u2026A30 serijos kontaktoriams, saugiam reversavimui iki 600 VAC.","robots":{"index":"index","follow":"follow","max-snippet":"max-snippet:-1","max-image-preview":"max-image-preview:large","max-video-preview":"max-video-preview:-1"},"canonical":"https:\/\/plcsupplyspot.com\/lt\/automatikos-komponentai\/199-mca1\/","og_locale":"lt_LT","og_type":"article","og_title":"199-MCA1 | PLC Supply spot","og_description":"Allen-Bradley 199-MCA1 mechaninis ir elektrinis interlock 100-A09\u2026A30 serijos kontaktoriams, saugiam reversavimui iki 600 VAC.","og_url":"https:\/\/plcsupplyspot.com\/lt\/automatikos-komponentai\/199-mca1\/","og_site_name":"PLC Supply spot","article_publisher":"https:\/\/www.facebook.com\/profile.php?id=61571705128033","article_modified_time":"2025-12-01T15:00:54+00:00","og_image":[{"width":1200,"height":1200,"url":"https:\/\/plcsupplyspot.com\/wp-content\/uploads\/2024\/07\/199-MCA1-1.jpg","type":"image\/jpeg"}],"twitter_card":"summary_large_image","twitter_misc":{"Est. reading time":"1 minut\u0117"},"schema":{"@context":"https:\/\/schema.org","@graph":[{"@type":"WebPage","@id":"https:\/\/plcsupplyspot.com\/lt\/automatikos-komponentai\/199-mca1\/","url":"https:\/\/plcsupplyspot.com\/lt\/automatikos-komponentai\/199-mca1\/","name":"199-MCA1 | PLC Supply spot","isPartOf":{"@id":"https:\/\/plcsupplyspot.com\/lt\/#website"},"primaryImageOfPage":{"@id":"https:\/\/plcsupplyspot.com\/lt\/automatikos-komponentai\/199-mca1\/#primaryimage"},"image":{"@id":"https:\/\/plcsupplyspot.com\/lt\/automatikos-komponentai\/199-mca1\/#primaryimage"},"thumbnailUrl":"https:\/\/plcsupplyspot.com\/wp-content\/uploads\/2024\/07\/199-MCA1-1.jpg","datePublished":"2024-07-17T05:31:19+00:00","dateModified":"2025-12-01T15:00:54+00:00","description":"Allen-Bradley 199-MCA1 mechaninis ir elektrinis interlock 100-A09\u2026A30 serijos kontaktoriams, saugiam reversavimui iki 600 VAC.","breadcrumb":{"@id":"https:\/\/plcsupplyspot.com\/lt\/automatikos-komponentai\/199-mca1\/#breadcrumb"},"inLanguage":"lt-LT","potentialAction":[{"@type":"ReadAction","target":["https:\/\/plcsupplyspot.com\/lt\/automatikos-komponentai\/199-mca1\/"]}]},{"@type":"ImageObject","inLanguage":"lt-LT","@id":"https:\/\/plcsupplyspot.com\/lt\/automatikos-komponentai\/199-mca1\/#primaryimage","url":"https:\/\/plcsupplyspot.com\/wp-content\/uploads\/2024\/07\/199-MCA1-1.jpg","contentUrl":"https:\/\/plcsupplyspot.com\/wp-content\/uploads\/2024\/07\/199-MCA1-1.jpg","width":1200,"height":1200},{"@type":"BreadcrumbList","@id":"https:\/\/plcsupplyspot.com\/lt\/automatikos-komponentai\/199-mca1\/#breadcrumb","itemListElement":[{"@type":"ListItem","position":1,"name":"home","item":"https:\/\/plcsupplyspot.com\/lt\/"},{"@type":"ListItem","position":2,"name":"Automatikos komponentai","item":"https:\/\/plcsupplyspot.com\/lt\/automatikos-komponentai\/"},{"@type":"ListItem","position":3,"name":"199-MCA1"}]},{"@type":"WebSite","@id":"https:\/\/plcsupplyspot.com\/lt\/#website","url":"https:\/\/plcsupplyspot.com\/lt\/","name":"PLC Supply Spot","description":"Innovate. Accelerate. Automate!","publisher":{"@id":"https:\/\/plcsupplyspot.com\/lt\/#organization"},"potentialAction":[{"@type":"SearchAction","target":{"@type":"EntryPoint","urlTemplate":"https:\/\/plcsupplyspot.com\/lt\/?s={search_term_string}"},"query-input":{"@type":"PropertyValueSpecification","valueRequired":true,"valueName":"search_term_string"}}],"inLanguage":"lt-LT"},{"@type":"Organization","@id":"https:\/\/plcsupplyspot.com\/lt\/#organization","name":"PLC Supply Spot","alternateName":"PLC Supply Spot","url":"https:\/\/plcsupplyspot.com\/lt\/","logo":{"@type":"ImageObject","inLanguage":"lt-LT","@id":"https:\/\/plcsupplyspot.com\/lt\/#\/schema\/logo\/image\/","url":"https:\/\/plcsupplyspot.com\/wp-content\/uploads\/2026\/01\/plc-supply-spot-logo-1.png","contentUrl":"https:\/\/plcsupplyspot.com\/wp-content\/uploads\/2026\/01\/plc-supply-spot-logo-1.png","width":720,"height":720,"caption":"PLC Supply Spot"},"image":{"@id":"https:\/\/plcsupplyspot.com\/lt\/#\/schema\/logo\/image\/"},"sameAs":["https:\/\/www.facebook.com\/profile.php?id=61571705128033"]}]}},"_links":{"self":[{"href":"https:\/\/plcsupplyspot.com\/lt\/wp-json\/wp\/v2\/product\/4842","targetHints":{"allow":["GET"]}}],"collection":[{"href":"https:\/\/plcsupplyspot.com\/lt\/wp-json\/wp\/v2\/product"}],"about":[{"href":"https:\/\/plcsupplyspot.com\/lt\/wp-json\/wp\/v2\/types\/product"}],"version-history":[{"count":3,"href":"https:\/\/plcsupplyspot.com\/lt\/wp-json\/wp\/v2\/product\/4842\/revisions"}],"predecessor-version":[{"id":7574,"href":"https:\/\/plcsupplyspot.com\/lt\/wp-json\/wp\/v2\/product\/4842\/revisions\/7574"}],"wp:featuredmedia":[{"embeddable":true,"href":"https:\/\/plcsupplyspot.com\/lt\/wp-json\/wp\/v2\/media\/4762"}],"wp:attachment":[{"href":"https:\/\/plcsupplyspot.com\/lt\/wp-json\/wp\/v2\/media?parent=4842"}],"wp:term":[{"taxonomy":"product_brand","embeddable":true,"href":"https:\/\/plcsupplyspot.com\/lt\/wp-json\/wp\/v2\/product_brand?post=4842"},{"taxonomy":"product_cat","embeddable":true,"href":"https:\/\/plcsupplyspot.com\/lt\/wp-json\/wp\/v2\/product_cat?post=4842"},{"taxonomy":"product_tag","embeddable":true,"href":"https:\/\/plcsupplyspot.com\/lt\/wp-json\/wp\/v2\/product_tag?post=4842"}],"curies":[{"name":"wp","href":"https:\/\/api.w.org\/{rel}","templated":true}]}}