{"id":4840,"date":"2024-07-17T05:26:40","date_gmt":"2024-07-17T05:26:40","guid":{"rendered":"https:\/\/plcsupplyspot.com\/shop\/25b-d6p0n114\/"},"modified":"2025-08-08T05:25:28","modified_gmt":"2025-08-08T05:25:28","slug":"25b-d6p0n114","status":"publish","type":"product","link":"https:\/\/plcsupplyspot.com\/lt\/automatikos-komponentai\/25b-d6p0n114\/","title":{"rendered":"25B-D6P0N114 da\u017enio keitiklis Allen-Bradley PowerFlex 525"},"content":{"rendered":"<h2 style=\"font-size: 24px; color: #1c244a;\"><b>Da\u017enio keitiklis 25B-D6P0N114 \u2013 sprendimas patikimam valdymui<\/b><\/h2>\n<p><span style=\"font-weight: 400;\">25B-D6P0N114 da\u017enio keitiklis yra vienas i\u0161 pa\u017eangiausi\u0173 PowerFlex 525 serijos produkt\u0173, sukurtas Allen Bradley prek\u0117s \u017eenklo ir u\u017etikrinantis pa\u017eangias jungiamumo bei integruotas saugos funkcijas. Jis turi 2,2 kW i\u0161\u0117jimo gali\u0105 ir 6 A srov\u0119, tod\u0117l tinka \u012fvairioms pramonin\u0117ms reikm\u0117ms. Da\u017enio keitiklio komplekt\u0105 sudaro integruota EtherNet\/IP s\u0105saja ir patogi klaviat\u016bra, leid\u017eianti lengvai valdyti keitikl\u012f. Kompakti\u0161kas IP20 korpusas leid\u017eia gamin\u012f montuoti vietose, kur yra ribotas erdv\u0117s kiekis.   <\/span><\/p>\n<h2 style=\"font-size: 24px; color: #1c244a;\"><b>Technin\u0117s savyb\u0117s<\/b><\/h2>\n<ul>\n<li style=\"font-weight: 400;\"><span style=\"font-weight: 400;\">&#8211; \u012etampa: 380-480 V AC, 3 faz\u0117s.<\/span><\/li>\n<li style=\"font-weight: 400;\"><span style=\"font-weight: 400;\">&#8211; Nominali galia: 2.2 kW \/ 3 AG.<\/span><\/li>\n<li style=\"font-weight: 400;\"><span style=\"font-weight: 400;\">&#8211; I\u0161\u0117jimo srov\u0117: 6 A.<\/span><\/li>\n<li style=\"font-weight: 400;\"><span style=\"font-weight: 400;\">&#8211; IP apsaugos klas\u0117: IP20; r\u0117mas A tipo.<\/span><\/li>\n<li style=\"font-weight: 400;\"><span style=\"font-weight: 400;\">&#8211; EMC filtras: pridedamas.<\/span><\/li>\n<li style=\"font-weight: 400;\"><span style=\"font-weight: 400;\">&#8211; \u012e\u0117jimo\/i\u0161\u0117jimo faz\u0117s: 3\/3.<\/span><\/li>\n<li style=\"font-weight: 400;\"><span style=\"font-weight: 400;\">&#8211; Analoginiai \u012f\u0117jimai\/i\u0161\u0117jimai: 2\/1.<\/span><\/li>\n<li style=\"font-weight: 400;\"><span style=\"font-weight: 400;\">&#8211; Skaitmeniniai \u012f\u0117jimai\/i\u0161\u0117jimai: 7\/4.<\/span><\/li>\n<li style=\"font-weight: 400;\"><span style=\"font-weight: 400;\">&#8211; Ethernet, RS-485, USB s\u0105sajos.<\/span><\/li>\n<li style=\"font-weight: 400;\"><span style=\"font-weight: 400;\">&#8211; Integruotas IGBT.<\/span><\/li>\n<li style=\"font-weight: 400;\"><span style=\"font-weight: 400;\">&#8211; Maksimalus da\u017enis: iki 500 Hz.<\/span><\/li>\n<li style=\"font-weight: 400;\"><span style=\"font-weight: 400;\">&#8211; Vartotojo s\u0105saja: integruotas skydelis su potenciometru.<\/span><\/li>\n<\/ul>\n<h2 style=\"font-size: 24px; color: #1c244a;\"><b>Pagrindiniai privalumai<\/b><\/h2>\n<ul>\n<li style=\"font-weight: 400;\"><span style=\"font-weight: 400;\">&#8211; Integruotas EtherNet\/IP ir MODBUS palaikymas suteikia lankst\u0173 integravim\u0105 \u012f tinkl\u0105.<\/span><\/li>\n<li style=\"font-weight: 400;\"><span style=\"font-weight: 400;\">&#8211; Kompakti\u0161kas dydis (300\u00d7185\u00d7279 mm) leid\u017eia montuoti net ribotoje erdv\u0117je.<\/span><\/li>\n<li style=\"font-weight: 400;\"><span style=\"font-weight: 400;\">&#8211; Efektyvus valdymas ir saugos funkcijos padidina \u012frangos patikimum\u0105.<\/span><\/li>\n<li style=\"font-weight: 400;\"><span style=\"font-weight: 400;\">&#8211; Lengvas valdymas su integruota vartotojo s\u0105saja u\u017etikrina patog\u0173 naudojim\u0105.<\/span><\/li>\n<\/ul>\n<h2 style=\"font-size: 24px; color: #1c244a;\"><b>Kur pritaikomas 25B-D6P0N114?<\/b><\/h2>\n<p><span style=\"font-weight: 400;\">\u0160is 25B-D6P0N114 da\u017enio keitiklis yra tinkamas tiek buitin\u0117ms, tiek komercin\u0117ms reikm\u0117ms. Jis da\u017enai naudojamas konvejeriuose, siurbliuose, ventiliatoriuose ir kituose mechanizmuose, kuriems reikalingas tikslus grei\u010dio valdymas. D\u0117l savo patikimumo ir lankstumo, b\u016btent \u0161ie <a href=\"https:\/\/plcsupplyspot.com\/lt\/produkto-kategorija\/daznio-keitikliai\/\"><span style=\"font-weight: 400;\">da\u017enio keitikliai<\/span><\/a> yra itin populiar\u016bs tarp automatizacijos specialist\u0173.  <\/span><\/p>\n<h2 style=\"font-size: 24px; color: #1c244a;\"><b>Apie gamintoj\u0105 Allen Bradley<\/b><\/h2>\n<p><span style=\"font-weight: 400;\">Allen Bradley, priklausantis Rockwell Automation koncernui, yra vienas i\u0161 lyderi\u0173 pramonin\u0117s automatikos srityje. \u012emon\u0117 gars\u0117ja kokybi\u0161kais sprendimais, u\u017etikrinan\u010diais gamybos efektyvum\u0105 ir saugum\u0105. PowerFlex produkt\u0173 linija \u2013 tai tvar\u016bs ir patikimi sprendimai \u012fvairioms pramon\u0117s \u0161akoms.  <\/span><\/p>\n","protected":false},"excerpt":{"rendered":"<ul style=\"color: #1c244a;\">\n<li>Da\u017enio keitiklis PowerFlex 525 su EtherNet\/IP ir saugos funkcijomis.<\/li>\n<li>\u012etampa: 380\u2013480 V AC, 3 faz\u0117s.<\/li>\n<li>Galia: 2.2 kW, 3 AG.<\/li>\n<li>Vartotojo s\u0105saja: integruotas valdymo skydelis su potenciometru.<\/li>\n<li>IP20 apsaugos klas\u0117. R\u0117mas A.<\/li>\n<\/ul>\n","protected":false},"featured_media":4763,"template":"","meta":{"site-sidebar-layout":"default","site-content-layout":"","ast-site-content-layout":"default","site-content-style":"default","site-sidebar-style":"default","ast-global-header-display":"","ast-banner-title-visibility":"","ast-main-header-display":"","ast-hfb-above-header-display":"","ast-hfb-below-header-display":"","ast-hfb-mobile-header-display":"","site-post-title":"","ast-breadcrumbs-content":"","ast-featured-img":"","footer-sml-layout":"","ast-disable-related-posts":"","theme-transparent-header-meta":"default","adv-header-id-meta":"","stick-header-meta":"default","header-above-stick-meta":"","header-main-stick-meta":"","header-below-stick-meta":"","astra-migrate-meta-layouts":"default","ast-page-background-enabled":"default","ast-page-background-meta":{"desktop":{"background-color":"","background-image":"","background-repeat":"repeat","background-position":"center center","background-size":"auto","background-attachment":"scroll","background-type":"","background-media":"","overlay-type":"","overlay-color":"","overlay-opacity":"","overlay-gradient":""},"tablet":{"background-color":"","background-image":"","background-repeat":"repeat","background-position":"center center","background-size":"auto","background-attachment":"scroll","background-type":"","background-media":"","overlay-type":"","overlay-color":"","overlay-opacity":"","overlay-gradient":""},"mobile":{"background-color":"","background-image":"","background-repeat":"repeat","background-position":"center center","background-size":"auto","background-attachment":"scroll","background-type":"","background-media":"","overlay-type":"","overlay-color":"","overlay-opacity":"","overlay-gradient":""}},"ast-content-background-meta":{"desktop":{"background-color":"var(--ast-global-color-5)","background-image":"","background-repeat":"repeat","background-position":"center center","background-size":"auto","background-attachment":"scroll","background-type":"","background-media":"","overlay-type":"","overlay-color":"","overlay-opacity":"","overlay-gradient":""},"tablet":{"background-color":"var(--ast-global-color-5)","background-image":"","background-repeat":"repeat","background-position":"center center","background-size":"auto","background-attachment":"scroll","background-type":"","background-media":"","overlay-type":"","overlay-color":"","overlay-opacity":"","overlay-gradient":""},"mobile":{"background-color":"var(--ast-global-color-5)","background-image":"","background-repeat":"repeat","background-position":"center center","background-size":"auto","background-attachment":"scroll","background-type":"","background-media":"","overlay-type":"","overlay-color":"","overlay-opacity":"","overlay-gradient":""}}},"product_brand":[],"product_cat":[116,122],"product_tag":[277,234,275,274,276],"class_list":{"0":"post-4840","1":"product","2":"type-product","3":"status-publish","4":"has-post-thumbnail","6":"product_cat-allen-bradley","7":"product_cat-daznio-keitikliai","8":"product_tag-25bd6p0n114-lt","9":"product_tag-allen-bradley-lt","10":"product_tag-daznio-keitiklis","11":"product_tag-powerflex-525-lt","12":"product_tag-powerflex-525-ac-drive-lt","13":"desktop-align-left","14":"tablet-align-left","15":"mobile-align-left","16":"ast-product-gallery-layout-horizontal-slider","17":"ast-product-tabs-layout-horizontal","19":"first","20":"onbackorder","21":"taxable","22":"shipping-taxable","23":"purchasable","24":"product-type-simple"},"yoast_head":"<!-- This site is optimized with the Yoast SEO plugin v27.3 - https:\/\/yoast.com\/product\/yoast-seo-wordpress\/ -->\n<title>25B-D6P0N114 da\u017enio keitiklis PowerFlex 525 | PLC Supply Spot<\/title>\n<meta name=\"description\" content=\"25B-D6P0N114 PowerFlex 525 da\u017enio keitiklis su EtherNet\/IP, 2.2 kW galia, Allen Bradley sprendimas tiksliai grei\u010dio kontrolei.\" \/>\n<meta name=\"robots\" content=\"index, follow, max-snippet:-1, max-image-preview:large, max-video-preview:-1\" \/>\n<link rel=\"canonical\" href=\"https:\/\/plcsupplyspot.com\/lt\/automatikos-komponentai\/25b-d6p0n114\/\" \/>\n<meta property=\"og:locale\" content=\"lt_LT\" \/>\n<meta property=\"og:type\" content=\"article\" \/>\n<meta property=\"og:title\" content=\"25B-D6P0N114 da\u017enio keitiklis PowerFlex 525 | PLC Supply Spot\" \/>\n<meta property=\"og:description\" content=\"25B-D6P0N114 PowerFlex 525 da\u017enio keitiklis su EtherNet\/IP, 2.2 kW galia, Allen Bradley sprendimas tiksliai grei\u010dio kontrolei.\" \/>\n<meta property=\"og:url\" content=\"https:\/\/plcsupplyspot.com\/lt\/automatikos-komponentai\/25b-d6p0n114\/\" \/>\n<meta property=\"og:site_name\" content=\"PLC Supply spot\" \/>\n<meta property=\"article:publisher\" content=\"https:\/\/www.facebook.com\/profile.php?id=61571705128033\" \/>\n<meta property=\"article:modified_time\" content=\"2025-08-08T05:25:28+00:00\" \/>\n<meta property=\"og:image\" content=\"https:\/\/plcsupplyspot.com\/wp-content\/uploads\/2024\/07\/25B-D6P0N114-1.jpg\" \/>\n\t<meta property=\"og:image:width\" content=\"861\" \/>\n\t<meta property=\"og:image:height\" content=\"1200\" \/>\n\t<meta property=\"og:image:type\" content=\"image\/jpeg\" \/>\n<meta name=\"twitter:card\" content=\"summary_large_image\" \/>\n<meta name=\"twitter:label1\" content=\"Est. reading time\" \/>\n\t<meta name=\"twitter:data1\" content=\"2 minut\u0117s\" \/>\n<!-- \/ Yoast SEO plugin. -->","yoast_head_json":{"title":"25B-D6P0N114 da\u017enio keitiklis PowerFlex 525 | PLC Supply Spot","description":"25B-D6P0N114 PowerFlex 525 da\u017enio keitiklis su EtherNet\/IP, 2.2 kW galia, Allen Bradley sprendimas tiksliai grei\u010dio kontrolei.","robots":{"index":"index","follow":"follow","max-snippet":"max-snippet:-1","max-image-preview":"max-image-preview:large","max-video-preview":"max-video-preview:-1"},"canonical":"https:\/\/plcsupplyspot.com\/lt\/automatikos-komponentai\/25b-d6p0n114\/","og_locale":"lt_LT","og_type":"article","og_title":"25B-D6P0N114 da\u017enio keitiklis PowerFlex 525 | PLC Supply Spot","og_description":"25B-D6P0N114 PowerFlex 525 da\u017enio keitiklis su EtherNet\/IP, 2.2 kW galia, Allen Bradley sprendimas tiksliai grei\u010dio kontrolei.","og_url":"https:\/\/plcsupplyspot.com\/lt\/automatikos-komponentai\/25b-d6p0n114\/","og_site_name":"PLC Supply spot","article_publisher":"https:\/\/www.facebook.com\/profile.php?id=61571705128033","article_modified_time":"2025-08-08T05:25:28+00:00","og_image":[{"width":861,"height":1200,"url":"https:\/\/plcsupplyspot.com\/wp-content\/uploads\/2024\/07\/25B-D6P0N114-1.jpg","type":"image\/jpeg"}],"twitter_card":"summary_large_image","twitter_misc":{"Est. reading time":"2 minut\u0117s"},"schema":{"@context":"https:\/\/schema.org","@graph":[{"@type":"WebPage","@id":"https:\/\/plcsupplyspot.com\/lt\/automatikos-komponentai\/25b-d6p0n114\/","url":"https:\/\/plcsupplyspot.com\/lt\/automatikos-komponentai\/25b-d6p0n114\/","name":"25B-D6P0N114 da\u017enio keitiklis PowerFlex 525 | PLC Supply Spot","isPartOf":{"@id":"https:\/\/plcsupplyspot.com\/lt\/#website"},"primaryImageOfPage":{"@id":"https:\/\/plcsupplyspot.com\/lt\/automatikos-komponentai\/25b-d6p0n114\/#primaryimage"},"image":{"@id":"https:\/\/plcsupplyspot.com\/lt\/automatikos-komponentai\/25b-d6p0n114\/#primaryimage"},"thumbnailUrl":"https:\/\/plcsupplyspot.com\/wp-content\/uploads\/2024\/07\/25B-D6P0N114-1.jpg","datePublished":"2024-07-17T05:26:40+00:00","dateModified":"2025-08-08T05:25:28+00:00","description":"25B-D6P0N114 PowerFlex 525 da\u017enio keitiklis su EtherNet\/IP, 2.2 kW galia, Allen Bradley sprendimas tiksliai grei\u010dio kontrolei.","breadcrumb":{"@id":"https:\/\/plcsupplyspot.com\/lt\/automatikos-komponentai\/25b-d6p0n114\/#breadcrumb"},"inLanguage":"lt-LT","potentialAction":[{"@type":"ReadAction","target":["https:\/\/plcsupplyspot.com\/lt\/automatikos-komponentai\/25b-d6p0n114\/"]}]},{"@type":"ImageObject","inLanguage":"lt-LT","@id":"https:\/\/plcsupplyspot.com\/lt\/automatikos-komponentai\/25b-d6p0n114\/#primaryimage","url":"https:\/\/plcsupplyspot.com\/wp-content\/uploads\/2024\/07\/25B-D6P0N114-1.jpg","contentUrl":"https:\/\/plcsupplyspot.com\/wp-content\/uploads\/2024\/07\/25B-D6P0N114-1.jpg","width":861,"height":1200,"caption":"25B-D6P0N114"},{"@type":"BreadcrumbList","@id":"https:\/\/plcsupplyspot.com\/lt\/automatikos-komponentai\/25b-d6p0n114\/#breadcrumb","itemListElement":[{"@type":"ListItem","position":1,"name":"home","item":"https:\/\/plcsupplyspot.com\/lt\/"},{"@type":"ListItem","position":2,"name":"Automatikos komponentai","item":"https:\/\/plcsupplyspot.com\/lt\/automatikos-komponentai\/"},{"@type":"ListItem","position":3,"name":"25B-D6P0N114 da\u017enio keitiklis Allen-Bradley PowerFlex 525"}]},{"@type":"WebSite","@id":"https:\/\/plcsupplyspot.com\/lt\/#website","url":"https:\/\/plcsupplyspot.com\/lt\/","name":"PLC Supply Spot","description":"Innovate. Accelerate. Automate!","publisher":{"@id":"https:\/\/plcsupplyspot.com\/lt\/#organization"},"potentialAction":[{"@type":"SearchAction","target":{"@type":"EntryPoint","urlTemplate":"https:\/\/plcsupplyspot.com\/lt\/?s={search_term_string}"},"query-input":{"@type":"PropertyValueSpecification","valueRequired":true,"valueName":"search_term_string"}}],"inLanguage":"lt-LT"},{"@type":"Organization","@id":"https:\/\/plcsupplyspot.com\/lt\/#organization","name":"PLC Supply Spot","alternateName":"PLC Supply Spot","url":"https:\/\/plcsupplyspot.com\/lt\/","logo":{"@type":"ImageObject","inLanguage":"lt-LT","@id":"https:\/\/plcsupplyspot.com\/lt\/#\/schema\/logo\/image\/","url":"https:\/\/plcsupplyspot.com\/wp-content\/uploads\/2026\/01\/plc-supply-spot-logo-1.png","contentUrl":"https:\/\/plcsupplyspot.com\/wp-content\/uploads\/2026\/01\/plc-supply-spot-logo-1.png","width":720,"height":720,"caption":"PLC Supply Spot"},"image":{"@id":"https:\/\/plcsupplyspot.com\/lt\/#\/schema\/logo\/image\/"},"sameAs":["https:\/\/www.facebook.com\/profile.php?id=61571705128033"]}]}},"_links":{"self":[{"href":"https:\/\/plcsupplyspot.com\/lt\/wp-json\/wp\/v2\/product\/4840","targetHints":{"allow":["GET"]}}],"collection":[{"href":"https:\/\/plcsupplyspot.com\/lt\/wp-json\/wp\/v2\/product"}],"about":[{"href":"https:\/\/plcsupplyspot.com\/lt\/wp-json\/wp\/v2\/types\/product"}],"version-history":[{"count":2,"href":"https:\/\/plcsupplyspot.com\/lt\/wp-json\/wp\/v2\/product\/4840\/revisions"}],"predecessor-version":[{"id":5523,"href":"https:\/\/plcsupplyspot.com\/lt\/wp-json\/wp\/v2\/product\/4840\/revisions\/5523"}],"wp:featuredmedia":[{"embeddable":true,"href":"https:\/\/plcsupplyspot.com\/lt\/wp-json\/wp\/v2\/media\/4763"}],"wp:attachment":[{"href":"https:\/\/plcsupplyspot.com\/lt\/wp-json\/wp\/v2\/media?parent=4840"}],"wp:term":[{"taxonomy":"product_brand","embeddable":true,"href":"https:\/\/plcsupplyspot.com\/lt\/wp-json\/wp\/v2\/product_brand?post=4840"},{"taxonomy":"product_cat","embeddable":true,"href":"https:\/\/plcsupplyspot.com\/lt\/wp-json\/wp\/v2\/product_cat?post=4840"},{"taxonomy":"product_tag","embeddable":true,"href":"https:\/\/plcsupplyspot.com\/lt\/wp-json\/wp\/v2\/product_tag?post=4840"}],"curies":[{"name":"wp","href":"https:\/\/api.w.org\/{rel}","templated":true}]}}