{"id":4835,"date":"2024-08-22T08:05:56","date_gmt":"2024-08-22T08:05:56","guid":{"rendered":"https:\/\/plcsupplyspot.com\/shop\/omron-cj2m-cpu33\/"},"modified":"2025-12-10T13:07:39","modified_gmt":"2025-12-10T13:07:39","slug":"cj2m-cpu33","status":"publish","type":"product","link":"https:\/\/plcsupplyspot.com\/lt\/automatikos-komponentai\/cj2m-cpu33\/","title":{"rendered":"CJ2M-CPU33"},"content":{"rendered":"<p data-start=\"1993\" data-end=\"2086\"><strong data-start=\"2018\" data-end=\"2086\">Omron CJ2M-CPU33 \u2013 PLC CPU modulis CJ2M automatizavimo sistemoms<\/strong><\/p>\n<p data-start=\"2088\" data-end=\"2397\">Omron CJ2M-CPU33 yra PLC CPU modulis, skirtas Omron CJ2M serijos automatizavimo sistemoms. Jis pasi\u017eymi patikimu veikimu, optimaliu na\u0161umu ir universalumu, tod\u0117l tinka \u012fvairioms ma\u0161in\u0173 valdymo bei automatizavimo u\u017eduotims. CPU palaiko skirtingas ry\u0161io s\u0105sajas ir lengvai integruojamas su CJ serijos moduliais.<\/p>\n<p data-start=\"2399\" data-end=\"2645\"><strong data-start=\"2399\" data-end=\"2427\">Pagrindiniai privalumai:<\/strong><br data-start=\"2427\" data-end=\"2430\" \/>\u2022 CJ2M serijos PLC CPU modulis<br data-start=\"2460\" data-end=\"2463\" \/>\u2022 Stabilus ir patikimas veikimas<br data-start=\"2495\" data-end=\"2498\" \/>\u2022 Tinka gamybos ir automatizavimo sistemoms<br data-start=\"2541\" data-end=\"2544\" \/>\u2022 Suderinamas su CJ serijos I\/O moduliais<br data-start=\"2585\" data-end=\"2588\" \/>\u2022 Skirtas nuolatiniam darbui<br data-start=\"2616\" data-end=\"2619\" \/>\u2022 Pramoninis patikimumas<\/p>\n<p data-start=\"2647\" data-end=\"2833\"><strong data-start=\"2647\" data-end=\"2666\">Kur naudojamas:<\/strong><br data-start=\"2666\" data-end=\"2669\" \/>\u2022 Gamybos ir surinkimo linijos<br data-start=\"2699\" data-end=\"2702\" \/>\u2022 Ma\u0161in\u0173 automatizavimas<br data-start=\"2726\" data-end=\"2729\" \/>\u2022 Pramonin\u0117s valdymo sistemos<br data-start=\"2758\" data-end=\"2761\" \/>\u2022 Pakavimo ir apdorojimo \u012franga<br data-start=\"2792\" data-end=\"2795\" \/>\u2022 PLC pagrindu veikiantys sprendimai<\/p>\n<p data-start=\"2835\" data-end=\"3000\"><strong data-start=\"2835\" data-end=\"2854\">Apie gamintoj\u0105:<\/strong><br data-start=\"2854\" data-end=\"2857\" \/>Omron \u2013 pasaulyje pripa\u017eintas automatikos sprendim\u0173 gamintojas, kurio CJ2M PLC valdikliai vertinami d\u0117l patikimumo, lankstumo ir ilgaam\u017ei\u0161kumo.<\/p>\n","protected":false},"excerpt":{"rendered":"<p data-start=\"652\" data-end=\"787\">PLC CPU modulis, skirtas patikimam ma\u0161in\u0173 valdymui ir lanks\u010diai automatizacijai Omron CJ2M PLC sistemose.<\/p>\n","protected":false},"featured_media":4787,"template":"","meta":{"site-sidebar-layout":"default","site-content-layout":"","ast-site-content-layout":"default","site-content-style":"default","site-sidebar-style":"default","ast-global-header-display":"","ast-banner-title-visibility":"","ast-main-header-display":"","ast-hfb-above-header-display":"","ast-hfb-below-header-display":"","ast-hfb-mobile-header-display":"","site-post-title":"","ast-breadcrumbs-content":"","ast-featured-img":"","footer-sml-layout":"","ast-disable-related-posts":"","theme-transparent-header-meta":"default","adv-header-id-meta":"","stick-header-meta":"default","header-above-stick-meta":"","header-main-stick-meta":"","header-below-stick-meta":"","astra-migrate-meta-layouts":"set","ast-page-background-enabled":"default","ast-page-background-meta":{"desktop":{"background-color":"","background-image":"","background-repeat":"repeat","background-position":"center center","background-size":"auto","background-attachment":"scroll","background-type":"","background-media":"","overlay-type":"","overlay-color":"","overlay-opacity":"","overlay-gradient":""},"tablet":{"background-color":"","background-image":"","background-repeat":"repeat","background-position":"center center","background-size":"auto","background-attachment":"scroll","background-type":"","background-media":"","overlay-type":"","overlay-color":"","overlay-opacity":"","overlay-gradient":""},"mobile":{"background-color":"","background-image":"","background-repeat":"repeat","background-position":"center center","background-size":"auto","background-attachment":"scroll","background-type":"","background-media":"","overlay-type":"","overlay-color":"","overlay-opacity":"","overlay-gradient":""}},"ast-content-background-meta":{"desktop":{"background-color":"var(--ast-global-color-5)","background-image":"","background-repeat":"repeat","background-position":"center center","background-size":"auto","background-attachment":"scroll","background-type":"","background-media":"","overlay-type":"","overlay-color":"","overlay-opacity":"","overlay-gradient":""},"tablet":{"background-color":"var(--ast-global-color-5)","background-image":"","background-repeat":"repeat","background-position":"center center","background-size":"auto","background-attachment":"scroll","background-type":"","background-media":"","overlay-type":"","overlay-color":"","overlay-opacity":"","overlay-gradient":""},"mobile":{"background-color":"var(--ast-global-color-5)","background-image":"","background-repeat":"repeat","background-position":"center center","background-size":"auto","background-attachment":"scroll","background-type":"","background-media":"","overlay-type":"","overlay-color":"","overlay-opacity":"","overlay-gradient":""}}},"product_brand":[],"product_cat":[120,117],"product_tag":[],"class_list":{"0":"post-4835","1":"product","2":"type-product","3":"status-publish","4":"has-post-thumbnail","6":"product_cat-omron","7":"product_cat-valdikliai","8":"desktop-align-left","9":"tablet-align-left","10":"mobile-align-left","11":"ast-product-gallery-layout-horizontal-slider","12":"ast-product-tabs-layout-horizontal","14":"first","15":"onbackorder","16":"taxable","17":"shipping-taxable","18":"purchasable","19":"product-type-simple"},"yoast_head":"<!-- This site is optimized with the Yoast SEO plugin v26.6 - https:\/\/yoast.com\/wordpress\/plugins\/seo\/ -->\n<title>CJ2M-CPU33<\/title>\n<meta name=\"description\" content=\"Valdiklis Omron CJ2M-CPU33 \u2013 Auk\u0161to na\u0161umo valdiklis, u\u017etikrinantis sistemos lankstum\u0105. Palaiko Ethernet s\u0105saj\u0105.\" \/>\n<meta name=\"robots\" content=\"index, follow, max-snippet:-1, max-image-preview:large, max-video-preview:-1\" \/>\n<link rel=\"canonical\" href=\"https:\/\/plcsupplyspot.com\/lt\/automatikos-komponentai\/cj2m-cpu33\/\" \/>\n<meta property=\"og:locale\" content=\"lt_LT\" \/>\n<meta property=\"og:type\" content=\"article\" \/>\n<meta property=\"og:title\" content=\"CJ2M-CPU33\" \/>\n<meta property=\"og:description\" content=\"Valdiklis Omron CJ2M-CPU33 \u2013 Auk\u0161to na\u0161umo valdiklis, u\u017etikrinantis sistemos lankstum\u0105. Palaiko Ethernet s\u0105saj\u0105.\" \/>\n<meta property=\"og:url\" content=\"https:\/\/plcsupplyspot.com\/lt\/automatikos-komponentai\/cj2m-cpu33\/\" \/>\n<meta property=\"og:site_name\" content=\"PLC Supply spot\" \/>\n<meta property=\"article:publisher\" content=\"https:\/\/www.facebook.com\/profile.php?id=61571705128033\" \/>\n<meta property=\"article:modified_time\" content=\"2025-12-10T13:07:39+00:00\" \/>\n<meta property=\"og:image\" content=\"https:\/\/plcsupplyspot.com\/wp-content\/uploads\/2024\/08\/CJ2M-CPU33.webp\" \/>\n\t<meta property=\"og:image:width\" content=\"700\" \/>\n\t<meta property=\"og:image:height\" content=\"984\" \/>\n\t<meta property=\"og:image:type\" content=\"image\/webp\" \/>\n<meta name=\"twitter:card\" content=\"summary_large_image\" \/>\n<meta name=\"twitter:label1\" content=\"Est. reading time\" \/>\n\t<meta name=\"twitter:data1\" content=\"1 minut\u0117\" \/>\n<!-- \/ Yoast SEO plugin. -->","yoast_head_json":{"title":"CJ2M-CPU33","description":"Valdiklis Omron CJ2M-CPU33 \u2013 Auk\u0161to na\u0161umo valdiklis, u\u017etikrinantis sistemos lankstum\u0105. Palaiko Ethernet s\u0105saj\u0105.","robots":{"index":"index","follow":"follow","max-snippet":"max-snippet:-1","max-image-preview":"max-image-preview:large","max-video-preview":"max-video-preview:-1"},"canonical":"https:\/\/plcsupplyspot.com\/lt\/automatikos-komponentai\/cj2m-cpu33\/","og_locale":"lt_LT","og_type":"article","og_title":"CJ2M-CPU33","og_description":"Valdiklis Omron CJ2M-CPU33 \u2013 Auk\u0161to na\u0161umo valdiklis, u\u017etikrinantis sistemos lankstum\u0105. Palaiko Ethernet s\u0105saj\u0105.","og_url":"https:\/\/plcsupplyspot.com\/lt\/automatikos-komponentai\/cj2m-cpu33\/","og_site_name":"PLC Supply spot","article_publisher":"https:\/\/www.facebook.com\/profile.php?id=61571705128033","article_modified_time":"2025-12-10T13:07:39+00:00","og_image":[{"width":700,"height":984,"url":"https:\/\/plcsupplyspot.com\/wp-content\/uploads\/2024\/08\/CJ2M-CPU33.webp","type":"image\/webp"}],"twitter_card":"summary_large_image","twitter_misc":{"Est. reading time":"1 minut\u0117"},"schema":{"@context":"https:\/\/schema.org","@graph":[{"@type":"WebPage","@id":"https:\/\/plcsupplyspot.com\/lt\/automatikos-komponentai\/cj2m-cpu33\/","url":"https:\/\/plcsupplyspot.com\/lt\/automatikos-komponentai\/cj2m-cpu33\/","name":"CJ2M-CPU33","isPartOf":{"@id":"https:\/\/plcsupplyspot.com\/lt\/#website"},"primaryImageOfPage":{"@id":"https:\/\/plcsupplyspot.com\/lt\/automatikos-komponentai\/cj2m-cpu33\/#primaryimage"},"image":{"@id":"https:\/\/plcsupplyspot.com\/lt\/automatikos-komponentai\/cj2m-cpu33\/#primaryimage"},"thumbnailUrl":"https:\/\/plcsupplyspot.com\/wp-content\/uploads\/2024\/08\/CJ2M-CPU33.webp","datePublished":"2024-08-22T08:05:56+00:00","dateModified":"2025-12-10T13:07:39+00:00","description":"Valdiklis Omron CJ2M-CPU33 \u2013 Auk\u0161to na\u0161umo valdiklis, u\u017etikrinantis sistemos lankstum\u0105. Palaiko Ethernet s\u0105saj\u0105.","breadcrumb":{"@id":"https:\/\/plcsupplyspot.com\/lt\/automatikos-komponentai\/cj2m-cpu33\/#breadcrumb"},"inLanguage":"lt-LT","potentialAction":[{"@type":"ReadAction","target":["https:\/\/plcsupplyspot.com\/lt\/automatikos-komponentai\/cj2m-cpu33\/"]}]},{"@type":"ImageObject","inLanguage":"lt-LT","@id":"https:\/\/plcsupplyspot.com\/lt\/automatikos-komponentai\/cj2m-cpu33\/#primaryimage","url":"https:\/\/plcsupplyspot.com\/wp-content\/uploads\/2024\/08\/CJ2M-CPU33.webp","contentUrl":"https:\/\/plcsupplyspot.com\/wp-content\/uploads\/2024\/08\/CJ2M-CPU33.webp","width":700,"height":984,"caption":"Close up front view of the Omron-CJ2M-CPU33"},{"@type":"BreadcrumbList","@id":"https:\/\/plcsupplyspot.com\/lt\/automatikos-komponentai\/cj2m-cpu33\/#breadcrumb","itemListElement":[{"@type":"ListItem","position":1,"name":"home","item":"https:\/\/plcsupplyspot.com\/lt\/"},{"@type":"ListItem","position":2,"name":"Automatikos komponentai","item":"https:\/\/plcsupplyspot.com\/lt\/automatikos-komponentai\/"},{"@type":"ListItem","position":3,"name":"CJ2M-CPU33"}]},{"@type":"WebSite","@id":"https:\/\/plcsupplyspot.com\/lt\/#website","url":"https:\/\/plcsupplyspot.com\/lt\/","name":"PLC Supply Spot","description":"Innovate. Accelerate. Automate!","publisher":{"@id":"https:\/\/plcsupplyspot.com\/lt\/#organization"},"potentialAction":[{"@type":"SearchAction","target":{"@type":"EntryPoint","urlTemplate":"https:\/\/plcsupplyspot.com\/lt\/?s={search_term_string}"},"query-input":{"@type":"PropertyValueSpecification","valueRequired":true,"valueName":"search_term_string"}}],"inLanguage":"lt-LT"},{"@type":"Organization","@id":"https:\/\/plcsupplyspot.com\/lt\/#organization","name":"PLC Supply Spot","alternateName":"PLC Supply Spot","url":"https:\/\/plcsupplyspot.com\/lt\/","logo":{"@type":"ImageObject","inLanguage":"lt-LT","@id":"https:\/\/plcsupplyspot.com\/lt\/#\/schema\/logo\/image\/","url":"https:\/\/plcsupplyspot.com\/wp-content\/uploads\/2026\/01\/plc-supply-spot-logo-1.png","contentUrl":"https:\/\/plcsupplyspot.com\/wp-content\/uploads\/2026\/01\/plc-supply-spot-logo-1.png","width":720,"height":720,"caption":"PLC Supply Spot"},"image":{"@id":"https:\/\/plcsupplyspot.com\/lt\/#\/schema\/logo\/image\/"},"sameAs":["https:\/\/www.facebook.com\/profile.php?id=61571705128033"]}]}},"_links":{"self":[{"href":"https:\/\/plcsupplyspot.com\/lt\/wp-json\/wp\/v2\/product\/4835","targetHints":{"allow":["GET"]}}],"collection":[{"href":"https:\/\/plcsupplyspot.com\/lt\/wp-json\/wp\/v2\/product"}],"about":[{"href":"https:\/\/plcsupplyspot.com\/lt\/wp-json\/wp\/v2\/types\/product"}],"version-history":[{"count":3,"href":"https:\/\/plcsupplyspot.com\/lt\/wp-json\/wp\/v2\/product\/4835\/revisions"}],"predecessor-version":[{"id":8045,"href":"https:\/\/plcsupplyspot.com\/lt\/wp-json\/wp\/v2\/product\/4835\/revisions\/8045"}],"wp:featuredmedia":[{"embeddable":true,"href":"https:\/\/plcsupplyspot.com\/lt\/wp-json\/wp\/v2\/media\/4787"}],"wp:attachment":[{"href":"https:\/\/plcsupplyspot.com\/lt\/wp-json\/wp\/v2\/media?parent=4835"}],"wp:term":[{"taxonomy":"product_brand","embeddable":true,"href":"https:\/\/plcsupplyspot.com\/lt\/wp-json\/wp\/v2\/product_brand?post=4835"},{"taxonomy":"product_cat","embeddable":true,"href":"https:\/\/plcsupplyspot.com\/lt\/wp-json\/wp\/v2\/product_cat?post=4835"},{"taxonomy":"product_tag","embeddable":true,"href":"https:\/\/plcsupplyspot.com\/lt\/wp-json\/wp\/v2\/product_tag?post=4835"}],"curies":[{"name":"wp","href":"https:\/\/api.w.org\/{rel}","templated":true}]}}