{"id":4832,"date":"2024-08-22T07:37:06","date_gmt":"2024-08-22T07:37:06","guid":{"rendered":"https:\/\/plcsupplyspot.com\/shop\/foxboro-p0922vu\/"},"modified":"2025-12-12T08:38:10","modified_gmt":"2025-12-12T08:38:10","slug":"p0922vu","status":"publish","type":"product","link":"https:\/\/plcsupplyspot.com\/lt\/automatikos-komponentai\/p0922vu\/","title":{"rendered":"P0922VU"},"content":{"rendered":"<p data-start=\"2037\" data-end=\"2125\"><strong data-start=\"2062\" data-end=\"2125\">Foxboro P0922VU \u2013 I\/O modulis pramonin\u0117ms valdymo sistemoms<\/strong><\/p>\n<p data-start=\"2127\" data-end=\"2436\">Foxboro P0922VU yra pramoninis \u012f\u0117jim\u0173\/i\u0161\u0117jim\u0173 modulis, skirtas naudoti Foxboro paskirstytose valdymo sistemose. Jis u\u017etikrina patikim\u0105 signal\u0173 nuskaitym\u0105 ir perdavim\u0105, stabil\u0173 veikim\u0105 bei ilgaam\u017ei\u0161kum\u0105 sud\u0117tingose proces\u0173 automatizavimo aplinkose. Modulis lengvai integruojamas \u012f Foxboro valdymo architekt\u016br\u0105.<\/p>\n<p data-start=\"2438\" data-end=\"2685\"><strong data-start=\"2438\" data-end=\"2466\">Pagrindiniai privalumai:<\/strong><br data-start=\"2466\" data-end=\"2469\" \/>\u2022 Pramoninis I\/O modulis<br data-start=\"2493\" data-end=\"2496\" \/>\u2022 Patikimas signal\u0173 apdorojimas<br data-start=\"2527\" data-end=\"2530\" \/>\u2022 Stabilus darbas nepertraukiamu re\u017eimu<br data-start=\"2569\" data-end=\"2572\" \/>\u2022 Tinka proces\u0173 automatizavimui<br data-start=\"2603\" data-end=\"2606\" \/>\u2022 Ilgaam\u017e\u0117 ir patikima konstrukcija<br data-start=\"2641\" data-end=\"2644\" \/>\u2022 Lengva integracija \u012f Foxboro sistemas<\/p>\n<p data-start=\"2687\" data-end=\"2878\"><strong data-start=\"2687\" data-end=\"2706\">Kur naudojamas:<\/strong><br data-start=\"2706\" data-end=\"2709\" \/>\u2022 Proces\u0173 automatizavimo sistemos<br data-start=\"2742\" data-end=\"2745\" \/>\u2022 Paskirstytos valdymo sistemos (DCS)<br data-start=\"2782\" data-end=\"2785\" \/>\u2022 Pramoniniai valdymo centrai<br data-start=\"2814\" data-end=\"2817\" \/>\u2022 Energetikos objektai<br data-start=\"2839\" data-end=\"2842\" \/>\u2022 Chemijos, naftos ir duj\u0173 pramon\u0117<\/p>\n<p data-start=\"2880\" data-end=\"3063\"><strong data-start=\"2880\" data-end=\"2899\">Apie gamintoj\u0105:<\/strong><br data-start=\"2899\" data-end=\"2902\" \/>Foxboro \u2013 pasaulyje pripa\u017eintas proces\u0173 valdymo sprendim\u0173 gamintojas, priklausantis Schneider Electric grupei ir gars\u0117jantis patikimais DCS sprendimais pramonei.<\/p>\n","protected":false},"excerpt":{"rendered":"<p data-start=\"663\" data-end=\"807\">Pramoninis Foxboro I\/O modulis, skirtas stabiliam ir tiksliam signal\u0173 apdorojimui paskirstytose valdymo sistemose.<\/p>\n","protected":false},"featured_media":8171,"template":"","meta":{"site-sidebar-layout":"default","site-content-layout":"","ast-site-content-layout":"default","site-content-style":"default","site-sidebar-style":"default","ast-global-header-display":"","ast-banner-title-visibility":"","ast-main-header-display":"","ast-hfb-above-header-display":"","ast-hfb-below-header-display":"","ast-hfb-mobile-header-display":"","site-post-title":"","ast-breadcrumbs-content":"","ast-featured-img":"","footer-sml-layout":"","ast-disable-related-posts":"","theme-transparent-header-meta":"default","adv-header-id-meta":"","stick-header-meta":"default","header-above-stick-meta":"","header-main-stick-meta":"","header-below-stick-meta":"","astra-migrate-meta-layouts":"set","ast-page-background-enabled":"default","ast-page-background-meta":{"desktop":{"background-color":"","background-image":"","background-repeat":"repeat","background-position":"center center","background-size":"auto","background-attachment":"scroll","background-type":"","background-media":"","overlay-type":"","overlay-color":"","overlay-opacity":"","overlay-gradient":""},"tablet":{"background-color":"","background-image":"","background-repeat":"repeat","background-position":"center center","background-size":"auto","background-attachment":"scroll","background-type":"","background-media":"","overlay-type":"","overlay-color":"","overlay-opacity":"","overlay-gradient":""},"mobile":{"background-color":"","background-image":"","background-repeat":"repeat","background-position":"center center","background-size":"auto","background-attachment":"scroll","background-type":"","background-media":"","overlay-type":"","overlay-color":"","overlay-opacity":"","overlay-gradient":""}},"ast-content-background-meta":{"desktop":{"background-color":"var(--ast-global-color-5)","background-image":"","background-repeat":"repeat","background-position":"center center","background-size":"auto","background-attachment":"scroll","background-type":"","background-media":"","overlay-type":"","overlay-color":"","overlay-opacity":"","overlay-gradient":""},"tablet":{"background-color":"var(--ast-global-color-5)","background-image":"","background-repeat":"repeat","background-position":"center center","background-size":"auto","background-attachment":"scroll","background-type":"","background-media":"","overlay-type":"","overlay-color":"","overlay-opacity":"","overlay-gradient":""},"mobile":{"background-color":"var(--ast-global-color-5)","background-image":"","background-repeat":"repeat","background-position":"center center","background-size":"auto","background-attachment":"scroll","background-type":"","background-media":"","overlay-type":"","overlay-color":"","overlay-opacity":"","overlay-gradient":""}}},"product_brand":[],"product_cat":[123,117],"product_tag":[],"class_list":{"0":"post-4832","1":"product","2":"type-product","3":"status-publish","4":"has-post-thumbnail","6":"product_cat-kiti-prekes-zenklai","7":"product_cat-valdikliai","8":"desktop-align-left","9":"tablet-align-left","10":"mobile-align-left","11":"ast-product-gallery-layout-horizontal-slider","12":"ast-product-tabs-layout-horizontal","14":"first","15":"onbackorder","16":"taxable","17":"shipping-taxable","18":"purchasable","19":"product-type-simple"},"yoast_head":"<!-- This site is optimized with the Yoast SEO plugin v26.6 - https:\/\/yoast.com\/wordpress\/plugins\/seo\/ -->\n<title>P0922VU<\/title>\n<meta name=\"description\" content=\"Valdiklis Foxboro P0922VU \u2013 Modernus modulis proces\u0173 valdymo optimizavimui. Palaiko HART protokol\u0105.\" \/>\n<meta name=\"robots\" content=\"index, follow, max-snippet:-1, max-image-preview:large, max-video-preview:-1\" \/>\n<link rel=\"canonical\" href=\"https:\/\/plcsupplyspot.com\/lt\/automatikos-komponentai\/p0922vu\/\" \/>\n<meta property=\"og:locale\" content=\"lt_LT\" \/>\n<meta property=\"og:type\" content=\"article\" \/>\n<meta property=\"og:title\" content=\"P0922VU\" \/>\n<meta property=\"og:description\" content=\"Valdiklis Foxboro P0922VU \u2013 Modernus modulis proces\u0173 valdymo optimizavimui. Palaiko HART protokol\u0105.\" \/>\n<meta property=\"og:url\" content=\"https:\/\/plcsupplyspot.com\/lt\/automatikos-komponentai\/p0922vu\/\" \/>\n<meta property=\"og:site_name\" content=\"PLC Supply spot\" \/>\n<meta property=\"article:publisher\" content=\"https:\/\/www.facebook.com\/profile.php?id=61571705128033\" \/>\n<meta property=\"article:modified_time\" content=\"2025-12-12T08:38:10+00:00\" \/>\n<meta property=\"og:image\" content=\"https:\/\/plcsupplyspot.com\/wp-content\/uploads\/2024\/08\/P0922VU-1.jpg\" \/>\n\t<meta property=\"og:image:width\" content=\"431\" \/>\n\t<meta property=\"og:image:height\" content=\"402\" \/>\n\t<meta property=\"og:image:type\" content=\"image\/jpeg\" \/>\n<meta name=\"twitter:card\" content=\"summary_large_image\" \/>\n<meta name=\"twitter:label1\" content=\"Est. reading time\" \/>\n\t<meta name=\"twitter:data1\" content=\"1 minut\u0117\" \/>\n<!-- \/ Yoast SEO plugin. -->","yoast_head_json":{"title":"P0922VU","description":"Valdiklis Foxboro P0922VU \u2013 Modernus modulis proces\u0173 valdymo optimizavimui. Palaiko HART protokol\u0105.","robots":{"index":"index","follow":"follow","max-snippet":"max-snippet:-1","max-image-preview":"max-image-preview:large","max-video-preview":"max-video-preview:-1"},"canonical":"https:\/\/plcsupplyspot.com\/lt\/automatikos-komponentai\/p0922vu\/","og_locale":"lt_LT","og_type":"article","og_title":"P0922VU","og_description":"Valdiklis Foxboro P0922VU \u2013 Modernus modulis proces\u0173 valdymo optimizavimui. Palaiko HART protokol\u0105.","og_url":"https:\/\/plcsupplyspot.com\/lt\/automatikos-komponentai\/p0922vu\/","og_site_name":"PLC Supply spot","article_publisher":"https:\/\/www.facebook.com\/profile.php?id=61571705128033","article_modified_time":"2025-12-12T08:38:10+00:00","og_image":[{"width":431,"height":402,"url":"https:\/\/plcsupplyspot.com\/wp-content\/uploads\/2024\/08\/P0922VU-1.jpg","type":"image\/jpeg"}],"twitter_card":"summary_large_image","twitter_misc":{"Est. reading time":"1 minut\u0117"},"schema":{"@context":"https:\/\/schema.org","@graph":[{"@type":"WebPage","@id":"https:\/\/plcsupplyspot.com\/lt\/automatikos-komponentai\/p0922vu\/","url":"https:\/\/plcsupplyspot.com\/lt\/automatikos-komponentai\/p0922vu\/","name":"P0922VU","isPartOf":{"@id":"https:\/\/plcsupplyspot.com\/lt\/#website"},"primaryImageOfPage":{"@id":"https:\/\/plcsupplyspot.com\/lt\/automatikos-komponentai\/p0922vu\/#primaryimage"},"image":{"@id":"https:\/\/plcsupplyspot.com\/lt\/automatikos-komponentai\/p0922vu\/#primaryimage"},"thumbnailUrl":"https:\/\/plcsupplyspot.com\/wp-content\/uploads\/2024\/08\/P0922VU-1.jpg","datePublished":"2024-08-22T07:37:06+00:00","dateModified":"2025-12-12T08:38:10+00:00","description":"Valdiklis Foxboro P0922VU \u2013 Modernus modulis proces\u0173 valdymo optimizavimui. Palaiko HART protokol\u0105.","breadcrumb":{"@id":"https:\/\/plcsupplyspot.com\/lt\/automatikos-komponentai\/p0922vu\/#breadcrumb"},"inLanguage":"lt-LT","potentialAction":[{"@type":"ReadAction","target":["https:\/\/plcsupplyspot.com\/lt\/automatikos-komponentai\/p0922vu\/"]}]},{"@type":"ImageObject","inLanguage":"lt-LT","@id":"https:\/\/plcsupplyspot.com\/lt\/automatikos-komponentai\/p0922vu\/#primaryimage","url":"https:\/\/plcsupplyspot.com\/wp-content\/uploads\/2024\/08\/P0922VU-1.jpg","contentUrl":"https:\/\/plcsupplyspot.com\/wp-content\/uploads\/2024\/08\/P0922VU-1.jpg","width":431,"height":402},{"@type":"BreadcrumbList","@id":"https:\/\/plcsupplyspot.com\/lt\/automatikos-komponentai\/p0922vu\/#breadcrumb","itemListElement":[{"@type":"ListItem","position":1,"name":"home","item":"https:\/\/plcsupplyspot.com\/lt\/"},{"@type":"ListItem","position":2,"name":"Automatikos komponentai","item":"https:\/\/plcsupplyspot.com\/lt\/automatikos-komponentai\/"},{"@type":"ListItem","position":3,"name":"P0922VU"}]},{"@type":"WebSite","@id":"https:\/\/plcsupplyspot.com\/lt\/#website","url":"https:\/\/plcsupplyspot.com\/lt\/","name":"PLC Supply Spot","description":"Innovate. Accelerate. Automate!","publisher":{"@id":"https:\/\/plcsupplyspot.com\/lt\/#organization"},"potentialAction":[{"@type":"SearchAction","target":{"@type":"EntryPoint","urlTemplate":"https:\/\/plcsupplyspot.com\/lt\/?s={search_term_string}"},"query-input":{"@type":"PropertyValueSpecification","valueRequired":true,"valueName":"search_term_string"}}],"inLanguage":"lt-LT"},{"@type":"Organization","@id":"https:\/\/plcsupplyspot.com\/lt\/#organization","name":"PLC Supply Spot","alternateName":"PLC Supply Spot","url":"https:\/\/plcsupplyspot.com\/lt\/","logo":{"@type":"ImageObject","inLanguage":"lt-LT","@id":"https:\/\/plcsupplyspot.com\/lt\/#\/schema\/logo\/image\/","url":"https:\/\/plcsupplyspot.com\/wp-content\/uploads\/2026\/01\/plc-supply-spot-logo-1.png","contentUrl":"https:\/\/plcsupplyspot.com\/wp-content\/uploads\/2026\/01\/plc-supply-spot-logo-1.png","width":720,"height":720,"caption":"PLC Supply Spot"},"image":{"@id":"https:\/\/plcsupplyspot.com\/lt\/#\/schema\/logo\/image\/"},"sameAs":["https:\/\/www.facebook.com\/profile.php?id=61571705128033"]}]}},"_links":{"self":[{"href":"https:\/\/plcsupplyspot.com\/lt\/wp-json\/wp\/v2\/product\/4832","targetHints":{"allow":["GET"]}}],"collection":[{"href":"https:\/\/plcsupplyspot.com\/lt\/wp-json\/wp\/v2\/product"}],"about":[{"href":"https:\/\/plcsupplyspot.com\/lt\/wp-json\/wp\/v2\/types\/product"}],"version-history":[{"count":3,"href":"https:\/\/plcsupplyspot.com\/lt\/wp-json\/wp\/v2\/product\/4832\/revisions"}],"predecessor-version":[{"id":8169,"href":"https:\/\/plcsupplyspot.com\/lt\/wp-json\/wp\/v2\/product\/4832\/revisions\/8169"}],"wp:featuredmedia":[{"embeddable":true,"href":"https:\/\/plcsupplyspot.com\/lt\/wp-json\/wp\/v2\/media\/8171"}],"wp:attachment":[{"href":"https:\/\/plcsupplyspot.com\/lt\/wp-json\/wp\/v2\/media?parent=4832"}],"wp:term":[{"taxonomy":"product_brand","embeddable":true,"href":"https:\/\/plcsupplyspot.com\/lt\/wp-json\/wp\/v2\/product_brand?post=4832"},{"taxonomy":"product_cat","embeddable":true,"href":"https:\/\/plcsupplyspot.com\/lt\/wp-json\/wp\/v2\/product_cat?post=4832"},{"taxonomy":"product_tag","embeddable":true,"href":"https:\/\/plcsupplyspot.com\/lt\/wp-json\/wp\/v2\/product_tag?post=4832"}],"curies":[{"name":"wp","href":"https:\/\/api.w.org\/{rel}","templated":true}]}}