{"id":4828,"date":"2024-08-22T08:17:03","date_gmt":"2024-08-22T08:17:03","guid":{"rendered":"https:\/\/plcsupplyspot.com\/shop\/schneider-gv2me05\/"},"modified":"2025-12-10T13:40:35","modified_gmt":"2025-12-10T13:40:35","slug":"gv2me05","status":"publish","type":"product","link":"https:\/\/plcsupplyspot.com\/lt\/automatikos-komponentai\/gv2me05\/","title":{"rendered":"GV2ME05"},"content":{"rendered":"<div class=\"contents\">\n<p data-start=\"2160\" data-end=\"2268\"><strong data-start=\"2185\" data-end=\"2268\">Schneider Electric GV2ME05 \u2013 variklio apsaugos jungiklis pramoniniam naudojimui<\/strong><\/p>\n<p data-start=\"2270\" data-end=\"2605\">Schneider Electric GV2ME05 yra terminis-magnetinis variklio apsaugos jungiklis, skirtas patikimai apsaugoti elektros variklius nuo perkrov\u0173 ir trump\u0173j\u0173 jungim\u0173. Jis u\u017etikrina saug\u0173 veikim\u0105 ir padeda prailginti \u012frangos tarnavimo laik\u0105. Kompakti\u0161ka konstrukcija leid\u017eia lengvai montuoti valdymo skyduose ir variklio paleidimo grandin\u0117se.<\/p>\n<p data-start=\"2607\" data-end=\"2878\"><strong data-start=\"2607\" data-end=\"2635\">Pagrindiniai privalumai:<\/strong><br data-start=\"2635\" data-end=\"2638\" \/>\u2022 Terminis ir magnetinis variklio apsaugos jungiklis<br data-start=\"2690\" data-end=\"2693\" \/>\u2022 Apsauga nuo perkrov\u0173 ir trump\u0173j\u0173 jungim\u0173<br data-start=\"2735\" data-end=\"2738\" \/>\u2022 Reguliuojama \u0161ilumin\u0117 apsauga<br data-start=\"2769\" data-end=\"2772\" \/>\u2022 Kompakti\u0161kas ir patikimas dizainas<br data-start=\"2808\" data-end=\"2811\" \/>\u2022 Rankinis \u012fjungimas ir i\u0161jungimas<br data-start=\"2845\" data-end=\"2848\" \/>\u2022 Tinka pramonin\u0117ms s\u0105lygoms<\/p>\n<p data-start=\"2880\" data-end=\"3088\"><strong data-start=\"2880\" data-end=\"2899\">Kur naudojamas:<\/strong><br data-start=\"2899\" data-end=\"2902\" \/>\u2022 Elektros varikli\u0173 apsauga<br data-start=\"2929\" data-end=\"2932\" \/>\u2022 Varikli\u0173 paleidimo ir valdymo sistemos<br data-start=\"2972\" data-end=\"2975\" \/>\u2022 Pramoniniai valdymo skydai<br data-start=\"3003\" data-end=\"3006\" \/>\u2022 Automatizavimo ir elektros paskirstymo \u012franga<br data-start=\"3053\" data-end=\"3056\" \/>\u2022 Ma\u0161in\u0173 ir mechanizm\u0173 apsauga<\/p>\n<p data-start=\"3090\" data-end=\"3287\"><strong data-start=\"3090\" data-end=\"3109\">Apie gamintoj\u0105:<\/strong><br data-start=\"3109\" data-end=\"3112\" \/>Schneider Electric \u2013 pasaulyje pripa\u017eintas automatikos ir elektros sprendim\u0173 gamintojas, kurio varikli\u0173 apsaugos \u012frenginiai vertinami d\u0117l patikimumo, saugumo ir ilgaam\u017ei\u0161kumo.<\/p>\n<\/div>\n","protected":false},"excerpt":{"rendered":"<p data-start=\"751\" data-end=\"900\">Terminis-magnetinis variklio apsaugos jungiklis, skirtas apsaugoti elektros variklius nuo perkrov\u0173 ir trump\u0173j\u0173 jungim\u0173.<\/p>\n<p data-start=\"751\" data-end=\"900\">\n","protected":false},"featured_media":4791,"template":"","meta":{"site-sidebar-layout":"default","site-content-layout":"","ast-site-content-layout":"default","site-content-style":"default","site-sidebar-style":"default","ast-global-header-display":"","ast-banner-title-visibility":"","ast-main-header-display":"","ast-hfb-above-header-display":"","ast-hfb-below-header-display":"","ast-hfb-mobile-header-display":"","site-post-title":"","ast-breadcrumbs-content":"","ast-featured-img":"","footer-sml-layout":"","ast-disable-related-posts":"","theme-transparent-header-meta":"default","adv-header-id-meta":"","stick-header-meta":"default","header-above-stick-meta":"","header-main-stick-meta":"","header-below-stick-meta":"","astra-migrate-meta-layouts":"set","ast-page-background-enabled":"default","ast-page-background-meta":{"desktop":{"background-color":"","background-image":"","background-repeat":"repeat","background-position":"center center","background-size":"auto","background-attachment":"scroll","background-type":"","background-media":"","overlay-type":"","overlay-color":"","overlay-opacity":"","overlay-gradient":""},"tablet":{"background-color":"","background-image":"","background-repeat":"repeat","background-position":"center center","background-size":"auto","background-attachment":"scroll","background-type":"","background-media":"","overlay-type":"","overlay-color":"","overlay-opacity":"","overlay-gradient":""},"mobile":{"background-color":"","background-image":"","background-repeat":"repeat","background-position":"center center","background-size":"auto","background-attachment":"scroll","background-type":"","background-media":"","overlay-type":"","overlay-color":"","overlay-opacity":"","overlay-gradient":""}},"ast-content-background-meta":{"desktop":{"background-color":"var(--ast-global-color-5)","background-image":"","background-repeat":"repeat","background-position":"center center","background-size":"auto","background-attachment":"scroll","background-type":"","background-media":"","overlay-type":"","overlay-color":"","overlay-opacity":"","overlay-gradient":""},"tablet":{"background-color":"var(--ast-global-color-5)","background-image":"","background-repeat":"repeat","background-position":"center center","background-size":"auto","background-attachment":"scroll","background-type":"","background-media":"","overlay-type":"","overlay-color":"","overlay-opacity":"","overlay-gradient":""},"mobile":{"background-color":"var(--ast-global-color-5)","background-image":"","background-repeat":"repeat","background-position":"center center","background-size":"auto","background-attachment":"scroll","background-type":"","background-media":"","overlay-type":"","overlay-color":"","overlay-opacity":"","overlay-gradient":""}}},"product_brand":[],"product_cat":[126,119],"product_tag":[],"class_list":{"0":"post-4828","1":"product","2":"type-product","3":"status-publish","4":"has-post-thumbnail","6":"product_cat-elektros-prekes","7":"product_cat-schneider","8":"desktop-align-left","9":"tablet-align-left","10":"mobile-align-left","11":"ast-product-gallery-layout-horizontal-slider","12":"ast-product-tabs-layout-horizontal","14":"first","15":"instock","16":"taxable","17":"shipping-taxable","18":"purchasable","19":"product-type-simple"},"yoast_head":"<!-- This site is optimized with the Yoast SEO plugin v26.6 - https:\/\/yoast.com\/wordpress\/plugins\/seo\/ -->\n<title>GV2ME05 | PLC Supply spot<\/title>\n<meta name=\"description\" content=\"Schneider Electric GV2ME05 \u2013 terminis-magnetinis variklio apsaugos jungiklis patikimai elektros varikli\u0173 apsaugai.\" \/>\n<meta name=\"robots\" content=\"index, follow, max-snippet:-1, max-image-preview:large, max-video-preview:-1\" \/>\n<link rel=\"canonical\" href=\"https:\/\/plcsupplyspot.com\/lt\/automatikos-komponentai\/gv2me05\/\" \/>\n<meta property=\"og:locale\" content=\"lt_LT\" \/>\n<meta property=\"og:type\" content=\"article\" \/>\n<meta property=\"og:title\" content=\"GV2ME05 | PLC Supply spot\" \/>\n<meta property=\"og:description\" content=\"Schneider Electric GV2ME05 \u2013 terminis-magnetinis variklio apsaugos jungiklis patikimai elektros varikli\u0173 apsaugai.\" \/>\n<meta property=\"og:url\" content=\"https:\/\/plcsupplyspot.com\/lt\/automatikos-komponentai\/gv2me05\/\" \/>\n<meta property=\"og:site_name\" content=\"PLC Supply spot\" \/>\n<meta property=\"article:publisher\" content=\"https:\/\/www.facebook.com\/profile.php?id=61571705128033\" \/>\n<meta property=\"article:modified_time\" content=\"2025-12-10T13:40:35+00:00\" \/>\n<meta property=\"og:image\" content=\"https:\/\/plcsupplyspot.com\/wp-content\/uploads\/2024\/08\/GV2ME05.png\" \/>\n\t<meta property=\"og:image:width\" content=\"751\" \/>\n\t<meta property=\"og:image:height\" content=\"1179\" \/>\n\t<meta property=\"og:image:type\" content=\"image\/png\" \/>\n<meta name=\"twitter:card\" content=\"summary_large_image\" \/>\n<meta name=\"twitter:label1\" content=\"Est. reading time\" \/>\n\t<meta name=\"twitter:data1\" content=\"1 minut\u0117\" \/>\n<!-- \/ Yoast SEO plugin. -->","yoast_head_json":{"title":"GV2ME05 | PLC Supply spot","description":"Schneider Electric GV2ME05 \u2013 terminis-magnetinis variklio apsaugos jungiklis patikimai elektros varikli\u0173 apsaugai.","robots":{"index":"index","follow":"follow","max-snippet":"max-snippet:-1","max-image-preview":"max-image-preview:large","max-video-preview":"max-video-preview:-1"},"canonical":"https:\/\/plcsupplyspot.com\/lt\/automatikos-komponentai\/gv2me05\/","og_locale":"lt_LT","og_type":"article","og_title":"GV2ME05 | PLC Supply spot","og_description":"Schneider Electric GV2ME05 \u2013 terminis-magnetinis variklio apsaugos jungiklis patikimai elektros varikli\u0173 apsaugai.","og_url":"https:\/\/plcsupplyspot.com\/lt\/automatikos-komponentai\/gv2me05\/","og_site_name":"PLC Supply spot","article_publisher":"https:\/\/www.facebook.com\/profile.php?id=61571705128033","article_modified_time":"2025-12-10T13:40:35+00:00","og_image":[{"width":751,"height":1179,"url":"https:\/\/plcsupplyspot.com\/wp-content\/uploads\/2024\/08\/GV2ME05.png","type":"image\/png"}],"twitter_card":"summary_large_image","twitter_misc":{"Est. reading time":"1 minut\u0117"},"schema":{"@context":"https:\/\/schema.org","@graph":[{"@type":"WebPage","@id":"https:\/\/plcsupplyspot.com\/lt\/automatikos-komponentai\/gv2me05\/","url":"https:\/\/plcsupplyspot.com\/lt\/automatikos-komponentai\/gv2me05\/","name":"GV2ME05 | PLC Supply spot","isPartOf":{"@id":"https:\/\/plcsupplyspot.com\/lt\/#website"},"primaryImageOfPage":{"@id":"https:\/\/plcsupplyspot.com\/lt\/automatikos-komponentai\/gv2me05\/#primaryimage"},"image":{"@id":"https:\/\/plcsupplyspot.com\/lt\/automatikos-komponentai\/gv2me05\/#primaryimage"},"thumbnailUrl":"https:\/\/plcsupplyspot.com\/wp-content\/uploads\/2024\/08\/GV2ME05.png","datePublished":"2024-08-22T08:17:03+00:00","dateModified":"2025-12-10T13:40:35+00:00","description":"Schneider Electric GV2ME05 \u2013 terminis-magnetinis variklio apsaugos jungiklis patikimai elektros varikli\u0173 apsaugai.","breadcrumb":{"@id":"https:\/\/plcsupplyspot.com\/lt\/automatikos-komponentai\/gv2me05\/#breadcrumb"},"inLanguage":"lt-LT","potentialAction":[{"@type":"ReadAction","target":["https:\/\/plcsupplyspot.com\/lt\/automatikos-komponentai\/gv2me05\/"]}]},{"@type":"ImageObject","inLanguage":"lt-LT","@id":"https:\/\/plcsupplyspot.com\/lt\/automatikos-komponentai\/gv2me05\/#primaryimage","url":"https:\/\/plcsupplyspot.com\/wp-content\/uploads\/2024\/08\/GV2ME05.png","contentUrl":"https:\/\/plcsupplyspot.com\/wp-content\/uploads\/2024\/08\/GV2ME05.png","width":751,"height":1179,"caption":"Front view of the Schneider-GV2ME05 industrial component"},{"@type":"BreadcrumbList","@id":"https:\/\/plcsupplyspot.com\/lt\/automatikos-komponentai\/gv2me05\/#breadcrumb","itemListElement":[{"@type":"ListItem","position":1,"name":"home","item":"https:\/\/plcsupplyspot.com\/lt\/"},{"@type":"ListItem","position":2,"name":"Automatikos komponentai","item":"https:\/\/plcsupplyspot.com\/lt\/automatikos-komponentai\/"},{"@type":"ListItem","position":3,"name":"GV2ME05"}]},{"@type":"WebSite","@id":"https:\/\/plcsupplyspot.com\/lt\/#website","url":"https:\/\/plcsupplyspot.com\/lt\/","name":"PLC Supply Spot","description":"Innovate. Accelerate. Automate!","publisher":{"@id":"https:\/\/plcsupplyspot.com\/lt\/#organization"},"potentialAction":[{"@type":"SearchAction","target":{"@type":"EntryPoint","urlTemplate":"https:\/\/plcsupplyspot.com\/lt\/?s={search_term_string}"},"query-input":{"@type":"PropertyValueSpecification","valueRequired":true,"valueName":"search_term_string"}}],"inLanguage":"lt-LT"},{"@type":"Organization","@id":"https:\/\/plcsupplyspot.com\/lt\/#organization","name":"PLC Supply Spot","alternateName":"PLC Supply Spot","url":"https:\/\/plcsupplyspot.com\/lt\/","logo":{"@type":"ImageObject","inLanguage":"lt-LT","@id":"https:\/\/plcsupplyspot.com\/lt\/#\/schema\/logo\/image\/","url":"https:\/\/plcsupplyspot.com\/wp-content\/uploads\/2026\/01\/plc-supply-spot-logo-1.png","contentUrl":"https:\/\/plcsupplyspot.com\/wp-content\/uploads\/2026\/01\/plc-supply-spot-logo-1.png","width":720,"height":720,"caption":"PLC Supply Spot"},"image":{"@id":"https:\/\/plcsupplyspot.com\/lt\/#\/schema\/logo\/image\/"},"sameAs":["https:\/\/www.facebook.com\/profile.php?id=61571705128033"]}]}},"_links":{"self":[{"href":"https:\/\/plcsupplyspot.com\/lt\/wp-json\/wp\/v2\/product\/4828","targetHints":{"allow":["GET"]}}],"collection":[{"href":"https:\/\/plcsupplyspot.com\/lt\/wp-json\/wp\/v2\/product"}],"about":[{"href":"https:\/\/plcsupplyspot.com\/lt\/wp-json\/wp\/v2\/types\/product"}],"version-history":[{"count":2,"href":"https:\/\/plcsupplyspot.com\/lt\/wp-json\/wp\/v2\/product\/4828\/revisions"}],"predecessor-version":[{"id":8063,"href":"https:\/\/plcsupplyspot.com\/lt\/wp-json\/wp\/v2\/product\/4828\/revisions\/8063"}],"wp:featuredmedia":[{"embeddable":true,"href":"https:\/\/plcsupplyspot.com\/lt\/wp-json\/wp\/v2\/media\/4791"}],"wp:attachment":[{"href":"https:\/\/plcsupplyspot.com\/lt\/wp-json\/wp\/v2\/media?parent=4828"}],"wp:term":[{"taxonomy":"product_brand","embeddable":true,"href":"https:\/\/plcsupplyspot.com\/lt\/wp-json\/wp\/v2\/product_brand?post=4828"},{"taxonomy":"product_cat","embeddable":true,"href":"https:\/\/plcsupplyspot.com\/lt\/wp-json\/wp\/v2\/product_cat?post=4828"},{"taxonomy":"product_tag","embeddable":true,"href":"https:\/\/plcsupplyspot.com\/lt\/wp-json\/wp\/v2\/product_tag?post=4828"}],"curies":[{"name":"wp","href":"https:\/\/api.w.org\/{rel}","templated":true}]}}