{"id":4823,"date":"2025-01-09T13:51:18","date_gmt":"2025-01-09T13:51:18","guid":{"rendered":"https:\/\/plcsupplyspot.com\/shop\/6es7193-6bp00-0ba0\/"},"modified":"2025-12-12T10:59:18","modified_gmt":"2025-12-12T10:59:18","slug":"6es7193-6bp00-0ba0","status":"publish","type":"product","link":"https:\/\/plcsupplyspot.com\/lt\/automatikos-komponentai\/6es7193-6bp00-0ba0\/","title":{"rendered":"6ES7193-6BP00-0BA0"},"content":{"rendered":"<p data-start=\"2078\" data-end=\"2160\"><strong data-start=\"2103\" data-end=\"2160\">Siemens 6ES7193-6BP00-0BA0 \u2013 ET 200SP bazinis modulis<\/strong><\/p>\n<p data-start=\"2162\" data-end=\"2481\">Siemens 6ES7193-6BP00-0BA0 yra bazinis modulis, skirtas ET 200SP paskirstyt\u0173 I\/O sistem\u0173 naudojimui. Jis u\u017etikrina mechanin\u012f I\/O moduli\u0173 tvirtinim\u0105 ir elektrin\u012f prijungim\u0105 naudojant var\u017etinius gnybtus. Modulis leid\u017eia patikimai perduoti signalus, yra lengvai montuojamas ir puikiai tinka kompakti\u0161koms valdymo spintoms.<\/p>\n<p data-start=\"2483\" data-end=\"2796\"><strong data-start=\"2483\" data-end=\"2511\">Pagrindiniai privalumai:<\/strong><br data-start=\"2511\" data-end=\"2514\" \/>\u2022 Bazinis modulis ET 200SP I\/O sistemoms<br data-start=\"2554\" data-end=\"2557\" \/>\u2022 Var\u017etiniai gnybtai patikimam pajungimui<br data-start=\"2598\" data-end=\"2601\" \/>\u2022 Tvirtas I\/O moduli\u0173 montavimas<br data-start=\"2633\" data-end=\"2636\" \/>\u2022 Patikimas signal\u0173 perdavimas<br data-start=\"2666\" data-end=\"2669\" \/>\u2022 Kompakti\u0161kas ir viet\u0105 taupantis dizainas<br data-start=\"2711\" data-end=\"2714\" \/>\u2022 Paprastas montavimas ir prie\u017ei\u016bra<br data-start=\"2749\" data-end=\"2752\" \/>\u2022 Tinka pramonin\u0117ms automatizavimo sistemoms<\/p>\n<p data-start=\"2798\" data-end=\"2983\"><strong data-start=\"2798\" data-end=\"2817\">Kur naudojamas:<\/strong><br data-start=\"2817\" data-end=\"2820\" \/>\u2022 Paskirstytos \u012f\u0117jim\u0173 \/ i\u0161\u0117jim\u0173 sistemos<br data-start=\"2860\" data-end=\"2863\" \/>\u2022 Gamybos linijos<br data-start=\"2880\" data-end=\"2883\" \/>\u2022 Ma\u0161in\u0173 ir \u012frengini\u0173 automatizavimas<br data-start=\"2920\" data-end=\"2923\" \/>\u2022 Valdymo spintos<br data-start=\"2940\" data-end=\"2943\" \/>\u2022 Pramoniniai proces\u0173 valdymo sprendimai<\/p>\n<p data-start=\"2985\" data-end=\"3128\"><strong data-start=\"2985\" data-end=\"3004\">Apie gamintoj\u0105:<\/strong><br data-start=\"3004\" data-end=\"3007\" \/>Siemens \u2013 vienas stipriausi\u0173 pasaulyje automatikos gamintoj\u0173, \u017einomas d\u0117l patikim\u0173 ET 200SP I\/O sistem\u0173 ir PLC sprendim\u0173.<\/p>\n","protected":false},"excerpt":{"rendered":"<p data-start=\"802\" data-end=\"970\">Siemens 6ES7193-6BP00-0BA0 \u2013 ET 200SP bazin\u0117 plok\u0161t\u0117, skirta I\/O moduli\u0173 montavimui ir elektros sujungimui platinamoje ET 200SP sistemoje.<\/p>\n","protected":false},"featured_media":7315,"template":"","meta":{"site-sidebar-layout":"no-sidebar","site-content-layout":"default","ast-site-content-layout":"normal-width-container","site-content-style":"default","site-sidebar-style":"default","ast-global-header-display":"","ast-banner-title-visibility":"","ast-main-header-display":"","ast-hfb-above-header-display":"","ast-hfb-below-header-display":"","ast-hfb-mobile-header-display":"","site-post-title":"","ast-breadcrumbs-content":"","ast-featured-img":"","footer-sml-layout":"","ast-disable-related-posts":"","theme-transparent-header-meta":"default","adv-header-id-meta":"","stick-header-meta":"default","header-above-stick-meta":"","header-main-stick-meta":"","header-below-stick-meta":"","astra-migrate-meta-layouts":"set","ast-page-background-enabled":"default","ast-page-background-meta":{"desktop":{"background-color":"","background-image":"","background-repeat":"repeat","background-position":"center center","background-size":"auto","background-attachment":"scroll","background-type":"","background-media":"","overlay-type":"","overlay-color":"","overlay-opacity":"","overlay-gradient":""},"tablet":{"background-color":"","background-image":"","background-repeat":"repeat","background-position":"center center","background-size":"auto","background-attachment":"scroll","background-type":"","background-media":"","overlay-type":"","overlay-color":"","overlay-opacity":"","overlay-gradient":""},"mobile":{"background-color":"","background-image":"","background-repeat":"repeat","background-position":"center center","background-size":"auto","background-attachment":"scroll","background-type":"","background-media":"","overlay-type":"","overlay-color":"","overlay-opacity":"","overlay-gradient":""}},"ast-content-background-meta":{"desktop":{"background-color":"var(--ast-global-color-5)","background-image":"","background-repeat":"repeat","background-position":"center center","background-size":"auto","background-attachment":"scroll","background-type":"","background-media":"","overlay-type":"","overlay-color":"","overlay-opacity":"","overlay-gradient":""},"tablet":{"background-color":"var(--ast-global-color-5)","background-image":"","background-repeat":"repeat","background-position":"center center","background-size":"auto","background-attachment":"scroll","background-type":"","background-media":"","overlay-type":"","overlay-color":"","overlay-opacity":"","overlay-gradient":""},"mobile":{"background-color":"var(--ast-global-color-5)","background-image":"","background-repeat":"repeat","background-position":"center center","background-size":"auto","background-attachment":"scroll","background-type":"","background-media":"","overlay-type":"","overlay-color":"","overlay-opacity":"","overlay-gradient":""}}},"product_brand":[],"product_cat":[121,117],"product_tag":[],"class_list":{"0":"post-4823","1":"product","2":"type-product","3":"status-publish","4":"has-post-thumbnail","6":"product_cat-siemens","7":"product_cat-valdikliai","8":"desktop-align-left","9":"tablet-align-left","10":"mobile-align-left","11":"ast-product-gallery-layout-horizontal-slider","12":"ast-product-tabs-layout-horizontal","14":"first","15":"instock","16":"taxable","17":"shipping-taxable","18":"purchasable","19":"product-type-simple"},"yoast_head":"<!-- This site is optimized with the Yoast SEO plugin v27.3 - https:\/\/yoast.com\/product\/yoast-seo-wordpress\/ -->\n<title>6ES7193-6BP00-0BA0<\/title>\n<meta name=\"description\" content=\"Siemens 6ES7193-6BP00-0BA0 bazin\u0117 plok\u0161t\u0117 ET 200SP moduliams, lengvam montavimui ir patikimam sujungimui.\" \/>\n<meta name=\"robots\" content=\"index, follow, max-snippet:-1, max-image-preview:large, max-video-preview:-1\" \/>\n<link rel=\"canonical\" href=\"https:\/\/plcsupplyspot.com\/lt\/automatikos-komponentai\/6es7193-6bp00-0ba0\/\" \/>\n<meta property=\"og:locale\" content=\"lt_LT\" \/>\n<meta property=\"og:type\" content=\"article\" \/>\n<meta property=\"og:title\" content=\"6ES7193-6BP00-0BA0\" \/>\n<meta property=\"og:description\" content=\"Siemens 6ES7193-6BP00-0BA0 bazin\u0117 plok\u0161t\u0117 ET 200SP moduliams, lengvam montavimui ir patikimam sujungimui.\" \/>\n<meta property=\"og:url\" content=\"https:\/\/plcsupplyspot.com\/lt\/automatikos-komponentai\/6es7193-6bp00-0ba0\/\" \/>\n<meta property=\"og:site_name\" content=\"PLC Supply spot\" \/>\n<meta property=\"article:publisher\" content=\"https:\/\/www.facebook.com\/profile.php?id=61571705128033\" \/>\n<meta property=\"article:modified_time\" content=\"2025-12-12T10:59:18+00:00\" \/>\n<meta property=\"og:image\" content=\"https:\/\/plcsupplyspot.com\/wp-content\/uploads\/2025\/01\/Y2823534-01.webp\" \/>\n\t<meta property=\"og:image:width\" content=\"1420\" \/>\n\t<meta property=\"og:image:height\" content=\"798\" \/>\n\t<meta property=\"og:image:type\" content=\"image\/webp\" \/>\n<meta name=\"twitter:card\" content=\"summary_large_image\" \/>\n<meta name=\"twitter:label1\" content=\"Est. reading time\" \/>\n\t<meta name=\"twitter:data1\" content=\"1 minut\u0117\" \/>\n<!-- \/ Yoast SEO plugin. -->","yoast_head_json":{"title":"6ES7193-6BP00-0BA0","description":"Siemens 6ES7193-6BP00-0BA0 bazin\u0117 plok\u0161t\u0117 ET 200SP moduliams, lengvam montavimui ir patikimam sujungimui.","robots":{"index":"index","follow":"follow","max-snippet":"max-snippet:-1","max-image-preview":"max-image-preview:large","max-video-preview":"max-video-preview:-1"},"canonical":"https:\/\/plcsupplyspot.com\/lt\/automatikos-komponentai\/6es7193-6bp00-0ba0\/","og_locale":"lt_LT","og_type":"article","og_title":"6ES7193-6BP00-0BA0","og_description":"Siemens 6ES7193-6BP00-0BA0 bazin\u0117 plok\u0161t\u0117 ET 200SP moduliams, lengvam montavimui ir patikimam sujungimui.","og_url":"https:\/\/plcsupplyspot.com\/lt\/automatikos-komponentai\/6es7193-6bp00-0ba0\/","og_site_name":"PLC Supply spot","article_publisher":"https:\/\/www.facebook.com\/profile.php?id=61571705128033","article_modified_time":"2025-12-12T10:59:18+00:00","og_image":[{"width":1420,"height":798,"url":"https:\/\/plcsupplyspot.com\/wp-content\/uploads\/2025\/01\/Y2823534-01.webp","type":"image\/webp"}],"twitter_card":"summary_large_image","twitter_misc":{"Est. reading time":"1 minut\u0117"},"schema":{"@context":"https:\/\/schema.org","@graph":[{"@type":"WebPage","@id":"https:\/\/plcsupplyspot.com\/lt\/automatikos-komponentai\/6es7193-6bp00-0ba0\/","url":"https:\/\/plcsupplyspot.com\/lt\/automatikos-komponentai\/6es7193-6bp00-0ba0\/","name":"6ES7193-6BP00-0BA0","isPartOf":{"@id":"https:\/\/plcsupplyspot.com\/lt\/#website"},"primaryImageOfPage":{"@id":"https:\/\/plcsupplyspot.com\/lt\/automatikos-komponentai\/6es7193-6bp00-0ba0\/#primaryimage"},"image":{"@id":"https:\/\/plcsupplyspot.com\/lt\/automatikos-komponentai\/6es7193-6bp00-0ba0\/#primaryimage"},"thumbnailUrl":"https:\/\/plcsupplyspot.com\/wp-content\/uploads\/2025\/01\/Y2823534-01.webp","datePublished":"2025-01-09T13:51:18+00:00","dateModified":"2025-12-12T10:59:18+00:00","description":"Siemens 6ES7193-6BP00-0BA0 bazin\u0117 plok\u0161t\u0117 ET 200SP moduliams, lengvam montavimui ir patikimam sujungimui.","breadcrumb":{"@id":"https:\/\/plcsupplyspot.com\/lt\/automatikos-komponentai\/6es7193-6bp00-0ba0\/#breadcrumb"},"inLanguage":"lt-LT","potentialAction":[{"@type":"ReadAction","target":["https:\/\/plcsupplyspot.com\/lt\/automatikos-komponentai\/6es7193-6bp00-0ba0\/"]}]},{"@type":"ImageObject","inLanguage":"lt-LT","@id":"https:\/\/plcsupplyspot.com\/lt\/automatikos-komponentai\/6es7193-6bp00-0ba0\/#primaryimage","url":"https:\/\/plcsupplyspot.com\/wp-content\/uploads\/2025\/01\/Y2823534-01.webp","contentUrl":"https:\/\/plcsupplyspot.com\/wp-content\/uploads\/2025\/01\/Y2823534-01.webp","width":1420,"height":798},{"@type":"BreadcrumbList","@id":"https:\/\/plcsupplyspot.com\/lt\/automatikos-komponentai\/6es7193-6bp00-0ba0\/#breadcrumb","itemListElement":[{"@type":"ListItem","position":1,"name":"home","item":"https:\/\/plcsupplyspot.com\/lt\/"},{"@type":"ListItem","position":2,"name":"Automatikos komponentai","item":"https:\/\/plcsupplyspot.com\/lt\/automatikos-komponentai\/"},{"@type":"ListItem","position":3,"name":"6ES7193-6BP00-0BA0"}]},{"@type":"WebSite","@id":"https:\/\/plcsupplyspot.com\/lt\/#website","url":"https:\/\/plcsupplyspot.com\/lt\/","name":"PLC Supply Spot","description":"Innovate. Accelerate. Automate!","publisher":{"@id":"https:\/\/plcsupplyspot.com\/lt\/#organization"},"potentialAction":[{"@type":"SearchAction","target":{"@type":"EntryPoint","urlTemplate":"https:\/\/plcsupplyspot.com\/lt\/?s={search_term_string}"},"query-input":{"@type":"PropertyValueSpecification","valueRequired":true,"valueName":"search_term_string"}}],"inLanguage":"lt-LT"},{"@type":"Organization","@id":"https:\/\/plcsupplyspot.com\/lt\/#organization","name":"PLC Supply Spot","alternateName":"PLC Supply Spot","url":"https:\/\/plcsupplyspot.com\/lt\/","logo":{"@type":"ImageObject","inLanguage":"lt-LT","@id":"https:\/\/plcsupplyspot.com\/lt\/#\/schema\/logo\/image\/","url":"https:\/\/plcsupplyspot.com\/wp-content\/uploads\/2026\/01\/plc-supply-spot-logo-1.png","contentUrl":"https:\/\/plcsupplyspot.com\/wp-content\/uploads\/2026\/01\/plc-supply-spot-logo-1.png","width":720,"height":720,"caption":"PLC Supply Spot"},"image":{"@id":"https:\/\/plcsupplyspot.com\/lt\/#\/schema\/logo\/image\/"},"sameAs":["https:\/\/www.facebook.com\/profile.php?id=61571705128033"]}]}},"_links":{"self":[{"href":"https:\/\/plcsupplyspot.com\/lt\/wp-json\/wp\/v2\/product\/4823","targetHints":{"allow":["GET"]}}],"collection":[{"href":"https:\/\/plcsupplyspot.com\/lt\/wp-json\/wp\/v2\/product"}],"about":[{"href":"https:\/\/plcsupplyspot.com\/lt\/wp-json\/wp\/v2\/types\/product"}],"version-history":[{"count":5,"href":"https:\/\/plcsupplyspot.com\/lt\/wp-json\/wp\/v2\/product\/4823\/revisions"}],"predecessor-version":[{"id":8223,"href":"https:\/\/plcsupplyspot.com\/lt\/wp-json\/wp\/v2\/product\/4823\/revisions\/8223"}],"wp:featuredmedia":[{"embeddable":true,"href":"https:\/\/plcsupplyspot.com\/lt\/wp-json\/wp\/v2\/media\/7315"}],"wp:attachment":[{"href":"https:\/\/plcsupplyspot.com\/lt\/wp-json\/wp\/v2\/media?parent=4823"}],"wp:term":[{"taxonomy":"product_brand","embeddable":true,"href":"https:\/\/plcsupplyspot.com\/lt\/wp-json\/wp\/v2\/product_brand?post=4823"},{"taxonomy":"product_cat","embeddable":true,"href":"https:\/\/plcsupplyspot.com\/lt\/wp-json\/wp\/v2\/product_cat?post=4823"},{"taxonomy":"product_tag","embeddable":true,"href":"https:\/\/plcsupplyspot.com\/lt\/wp-json\/wp\/v2\/product_tag?post=4823"}],"curies":[{"name":"wp","href":"https:\/\/api.w.org\/{rel}","templated":true}]}}