{"id":12454,"date":"2026-04-30T10:30:35","date_gmt":"2026-04-30T10:30:35","guid":{"rendered":"https:\/\/plcsupplyspot.com\/?post_type=product&#038;p=12454"},"modified":"2026-04-30T10:34:44","modified_gmt":"2026-04-30T10:34:44","slug":"7km2112-0ba00-3aa0","status":"publish","type":"product","link":"https:\/\/plcsupplyspot.com\/lt\/automatikos-komponentai\/7km2112-0ba00-3aa0\/","title":{"rendered":"7KM2112-0BA00-3AA0"},"content":{"rendered":"<p data-start=\"1626\" data-end=\"1678\"><strong data-start=\"1626\" data-end=\"1678\">Siemens 7KM2112-0BA00-3AA0 \u2013 energijos matuoklis<\/strong><\/p>\n<p data-start=\"1680\" data-end=\"1923\">Siemens 7KM2112-0BA00-3AA0 yra SENTRON PAC3120 energijos matavimo prietaisas, skirtas elektros parametr\u0173 steb\u0117jimui pramonin\u0117se ir komercin\u0117se sistemose. Jis tiksliai matuoja elektros energijos suvartojim\u0105, \u012ftamp\u0105, srov\u0119 ir galios rodiklius.<\/p>\n<p data-start=\"1925\" data-end=\"2006\">Prietaisas padeda efektyviai valdyti energijos naudojim\u0105 ir optimizuoti sistemas.<\/p>\n<p data-start=\"2008\" data-end=\"2343\"><strong data-start=\"2008\" data-end=\"2031\">Technin\u0117 santrauka:<\/strong><br data-start=\"2031\" data-end=\"2034\" \/>\u2022 Serija: SENTRON PAC3120<br data-start=\"2059\" data-end=\"2062\" \/>\u2022 Produkto tipas: energijos matuoklis<br data-start=\"2099\" data-end=\"2102\" \/>\u2022 Modelis: 7KM2112-0BA00-3AA0<br data-start=\"2131\" data-end=\"2134\" \/>\u2022 Funkcija: elektros parametr\u0173 matavimas<br data-start=\"2174\" data-end=\"2177\" \/>\u2022 Matavimai: \u012ftampa, srov\u0117, galia, energija<br data-start=\"2220\" data-end=\"2223\" \/>\u2022 Ekranas: integruotas LCD<br data-start=\"2249\" data-end=\"2252\" \/>\u2022 Komunikacija: per papildomus modulius<br data-start=\"2291\" data-end=\"2294\" \/>\u2022 Montavimas: \u012f panel\u0119<br data-start=\"2316\" data-end=\"2319\" \/>\u2022 Apsaugos klas\u0117: IP20<\/p>\n<p data-start=\"2345\" data-end=\"2496\"><strong data-start=\"2345\" data-end=\"2376\">Tipin\u0117s panaudojimo sritys:<\/strong><br data-start=\"2376\" data-end=\"2379\" \/>\u2022 Energijos steb\u0117jimas<br data-start=\"2401\" data-end=\"2404\" \/>\u2022 Pramoniniai objektai<br data-start=\"2426\" data-end=\"2429\" \/>\u2022 Elektros skydai<br data-start=\"2446\" data-end=\"2449\" \/>\u2022 Pastat\u0173 valdymas<br data-start=\"2467\" data-end=\"2470\" \/>\u2022 Energijos paskirstymas<\/p>\n<p data-start=\"2498\" data-end=\"2596\"><strong data-start=\"2498\" data-end=\"2517\">Apie gamintoj\u0105:<\/strong><br data-start=\"2517\" data-end=\"2520\" \/>Siemens \u2013 viena i\u0161 pasaulini\u0173 lyderi\u0173 automatizavimo ir energetikos srityje.<\/p>\n","protected":false},"excerpt":{"rendered":"<p data-start=\"473\" data-end=\"537\">SENTRON PAC3120 energijos matuoklis.<\/p>\n<p data-start=\"439\" data-end=\"524\">\n","protected":false},"featured_media":12456,"template":"","meta":{"site-sidebar-layout":"default","site-content-layout":"","ast-site-content-layout":"default","site-content-style":"default","site-sidebar-style":"default","ast-global-header-display":"","ast-banner-title-visibility":"","ast-main-header-display":"","ast-hfb-above-header-display":"","ast-hfb-below-header-display":"","ast-hfb-mobile-header-display":"","site-post-title":"","ast-breadcrumbs-content":"","ast-featured-img":"","footer-sml-layout":"","ast-disable-related-posts":"","theme-transparent-header-meta":"default","adv-header-id-meta":"","stick-header-meta":"default","header-above-stick-meta":"","header-main-stick-meta":"","header-below-stick-meta":"","astra-migrate-meta-layouts":"set","ast-page-background-enabled":"default","ast-page-background-meta":{"desktop":{"background-color":"","background-image":"","background-repeat":"repeat","background-position":"center center","background-size":"auto","background-attachment":"scroll","background-type":"","background-media":"","overlay-type":"","overlay-color":"","overlay-opacity":"","overlay-gradient":""},"tablet":{"background-color":"","background-image":"","background-repeat":"repeat","background-position":"center center","background-size":"auto","background-attachment":"scroll","background-type":"","background-media":"","overlay-type":"","overlay-color":"","overlay-opacity":"","overlay-gradient":""},"mobile":{"background-color":"","background-image":"","background-repeat":"repeat","background-position":"center center","background-size":"auto","background-attachment":"scroll","background-type":"","background-media":"","overlay-type":"","overlay-color":"","overlay-opacity":"","overlay-gradient":""}},"ast-content-background-meta":{"desktop":{"background-color":"var(--ast-global-color-5)","background-image":"","background-repeat":"repeat","background-position":"center center","background-size":"auto","background-attachment":"scroll","background-type":"","background-media":"","overlay-type":"","overlay-color":"","overlay-opacity":"","overlay-gradient":""},"tablet":{"background-color":"var(--ast-global-color-5)","background-image":"","background-repeat":"repeat","background-position":"center center","background-size":"auto","background-attachment":"scroll","background-type":"","background-media":"","overlay-type":"","overlay-color":"","overlay-opacity":"","overlay-gradient":""},"mobile":{"background-color":"var(--ast-global-color-5)","background-image":"","background-repeat":"repeat","background-position":"center center","background-size":"auto","background-attachment":"scroll","background-type":"","background-media":"","overlay-type":"","overlay-color":"","overlay-opacity":"","overlay-gradient":""}}},"product_brand":[],"product_cat":[116,126],"product_tag":[],"class_list":{"0":"post-12454","1":"product","2":"type-product","3":"status-publish","4":"has-post-thumbnail","6":"product_cat-allen-bradley","7":"product_cat-elektros-prekes","8":"desktop-align-left","9":"tablet-align-left","10":"mobile-align-left","11":"ast-product-gallery-layout-horizontal-slider","12":"ast-product-gallery-with-no-image","13":"ast-product-tabs-layout-horizontal","15":"first","16":"onbackorder","17":"taxable","18":"shipping-taxable","19":"purchasable","20":"product-type-simple"},"yoast_head":"<!-- This site is optimized with the Yoast SEO plugin v27.3 - https:\/\/yoast.com\/product\/yoast-seo-wordpress\/ -->\n<title>7KM2112-0BA00-3AA0 | PLC Supply spot<\/title>\n<meta name=\"description\" content=\"Siemens 7KM2112-0BA00-3AA0 \u2013 energijos matavimo prietaisas pramonin\u0117ms sistemoms.\" \/>\n<meta name=\"robots\" content=\"index, follow, max-snippet:-1, max-image-preview:large, max-video-preview:-1\" \/>\n<link rel=\"canonical\" href=\"https:\/\/plcsupplyspot.com\/lt\/automatikos-komponentai\/7km2112-0ba00-3aa0\/\" \/>\n<meta property=\"og:locale\" content=\"lt_LT\" \/>\n<meta property=\"og:type\" content=\"article\" \/>\n<meta property=\"og:title\" content=\"7KM2112-0BA00-3AA0 | PLC Supply spot\" \/>\n<meta property=\"og:description\" content=\"Siemens 7KM2112-0BA00-3AA0 \u2013 energijos matavimo prietaisas pramonin\u0117ms sistemoms.\" \/>\n<meta property=\"og:url\" content=\"https:\/\/plcsupplyspot.com\/lt\/automatikos-komponentai\/7km2112-0ba00-3aa0\/\" \/>\n<meta property=\"og:site_name\" content=\"PLC Supply spot\" \/>\n<meta property=\"article:publisher\" content=\"https:\/\/www.facebook.com\/profile.php?id=61571705128033\" \/>\n<meta property=\"article:modified_time\" content=\"2026-04-30T10:34:44+00:00\" \/>\n<meta property=\"og:image\" content=\"https:\/\/plcsupplyspot.com\/wp-content\/uploads\/2026\/04\/7KM2112-0BA00-3AA0.jpg\" \/>\n\t<meta property=\"og:image:width\" content=\"300\" \/>\n\t<meta property=\"og:image:height\" content=\"300\" \/>\n\t<meta property=\"og:image:type\" content=\"image\/jpeg\" \/>\n<meta name=\"twitter:card\" content=\"summary_large_image\" \/>\n<meta name=\"twitter:label1\" content=\"Est. reading time\" \/>\n\t<meta name=\"twitter:data1\" content=\"1 minut\u0117\" \/>\n<!-- \/ Yoast SEO plugin. -->","yoast_head_json":{"title":"7KM2112-0BA00-3AA0 | PLC Supply spot","description":"Siemens 7KM2112-0BA00-3AA0 \u2013 energijos matavimo prietaisas pramonin\u0117ms sistemoms.","robots":{"index":"index","follow":"follow","max-snippet":"max-snippet:-1","max-image-preview":"max-image-preview:large","max-video-preview":"max-video-preview:-1"},"canonical":"https:\/\/plcsupplyspot.com\/lt\/automatikos-komponentai\/7km2112-0ba00-3aa0\/","og_locale":"lt_LT","og_type":"article","og_title":"7KM2112-0BA00-3AA0 | PLC Supply spot","og_description":"Siemens 7KM2112-0BA00-3AA0 \u2013 energijos matavimo prietaisas pramonin\u0117ms sistemoms.","og_url":"https:\/\/plcsupplyspot.com\/lt\/automatikos-komponentai\/7km2112-0ba00-3aa0\/","og_site_name":"PLC Supply spot","article_publisher":"https:\/\/www.facebook.com\/profile.php?id=61571705128033","article_modified_time":"2026-04-30T10:34:44+00:00","og_image":[{"width":300,"height":300,"url":"https:\/\/plcsupplyspot.com\/wp-content\/uploads\/2026\/04\/7KM2112-0BA00-3AA0.jpg","type":"image\/jpeg"}],"twitter_card":"summary_large_image","twitter_misc":{"Est. reading time":"1 minut\u0117"},"schema":{"@context":"https:\/\/schema.org","@graph":[{"@type":"WebPage","@id":"https:\/\/plcsupplyspot.com\/lt\/automatikos-komponentai\/7km2112-0ba00-3aa0\/","url":"https:\/\/plcsupplyspot.com\/lt\/automatikos-komponentai\/7km2112-0ba00-3aa0\/","name":"7KM2112-0BA00-3AA0 | PLC Supply spot","isPartOf":{"@id":"https:\/\/plcsupplyspot.com\/lt\/#website"},"primaryImageOfPage":{"@id":"https:\/\/plcsupplyspot.com\/lt\/automatikos-komponentai\/7km2112-0ba00-3aa0\/#primaryimage"},"image":{"@id":"https:\/\/plcsupplyspot.com\/lt\/automatikos-komponentai\/7km2112-0ba00-3aa0\/#primaryimage"},"thumbnailUrl":"https:\/\/plcsupplyspot.com\/wp-content\/uploads\/2026\/04\/7KM2112-0BA00-3AA0.jpg","datePublished":"2026-04-30T10:30:35+00:00","dateModified":"2026-04-30T10:34:44+00:00","description":"Siemens 7KM2112-0BA00-3AA0 \u2013 energijos matavimo prietaisas pramonin\u0117ms sistemoms.","breadcrumb":{"@id":"https:\/\/plcsupplyspot.com\/lt\/automatikos-komponentai\/7km2112-0ba00-3aa0\/#breadcrumb"},"inLanguage":"lt-LT","potentialAction":[{"@type":"ReadAction","target":["https:\/\/plcsupplyspot.com\/lt\/automatikos-komponentai\/7km2112-0ba00-3aa0\/"]}]},{"@type":"ImageObject","inLanguage":"lt-LT","@id":"https:\/\/plcsupplyspot.com\/lt\/automatikos-komponentai\/7km2112-0ba00-3aa0\/#primaryimage","url":"https:\/\/plcsupplyspot.com\/wp-content\/uploads\/2026\/04\/7KM2112-0BA00-3AA0.jpg","contentUrl":"https:\/\/plcsupplyspot.com\/wp-content\/uploads\/2026\/04\/7KM2112-0BA00-3AA0.jpg","width":300,"height":300},{"@type":"BreadcrumbList","@id":"https:\/\/plcsupplyspot.com\/lt\/automatikos-komponentai\/7km2112-0ba00-3aa0\/#breadcrumb","itemListElement":[{"@type":"ListItem","position":1,"name":"home","item":"https:\/\/plcsupplyspot.com\/lt\/"},{"@type":"ListItem","position":2,"name":"Automatikos komponentai","item":"https:\/\/plcsupplyspot.com\/lt\/automatikos-komponentai\/"},{"@type":"ListItem","position":3,"name":"7KM2112-0BA00-3AA0"}]},{"@type":"WebSite","@id":"https:\/\/plcsupplyspot.com\/lt\/#website","url":"https:\/\/plcsupplyspot.com\/lt\/","name":"PLC Supply Spot","description":"Innovate. Accelerate. Automate!","publisher":{"@id":"https:\/\/plcsupplyspot.com\/lt\/#organization"},"potentialAction":[{"@type":"SearchAction","target":{"@type":"EntryPoint","urlTemplate":"https:\/\/plcsupplyspot.com\/lt\/?s={search_term_string}"},"query-input":{"@type":"PropertyValueSpecification","valueRequired":true,"valueName":"search_term_string"}}],"inLanguage":"lt-LT"},{"@type":"Organization","@id":"https:\/\/plcsupplyspot.com\/lt\/#organization","name":"PLC Supply Spot","alternateName":"PLC Supply Spot","url":"https:\/\/plcsupplyspot.com\/lt\/","logo":{"@type":"ImageObject","inLanguage":"lt-LT","@id":"https:\/\/plcsupplyspot.com\/lt\/#\/schema\/logo\/image\/","url":"https:\/\/plcsupplyspot.com\/wp-content\/uploads\/2026\/01\/plc-supply-spot-logo-1.png","contentUrl":"https:\/\/plcsupplyspot.com\/wp-content\/uploads\/2026\/01\/plc-supply-spot-logo-1.png","width":720,"height":720,"caption":"PLC Supply Spot"},"image":{"@id":"https:\/\/plcsupplyspot.com\/lt\/#\/schema\/logo\/image\/"},"sameAs":["https:\/\/www.facebook.com\/profile.php?id=61571705128033"]}]}},"_links":{"self":[{"href":"https:\/\/plcsupplyspot.com\/lt\/wp-json\/wp\/v2\/product\/12454","targetHints":{"allow":["GET"]}}],"collection":[{"href":"https:\/\/plcsupplyspot.com\/lt\/wp-json\/wp\/v2\/product"}],"about":[{"href":"https:\/\/plcsupplyspot.com\/lt\/wp-json\/wp\/v2\/types\/product"}],"version-history":[{"count":2,"href":"https:\/\/plcsupplyspot.com\/lt\/wp-json\/wp\/v2\/product\/12454\/revisions"}],"predecessor-version":[{"id":12459,"href":"https:\/\/plcsupplyspot.com\/lt\/wp-json\/wp\/v2\/product\/12454\/revisions\/12459"}],"wp:featuredmedia":[{"embeddable":true,"href":"https:\/\/plcsupplyspot.com\/lt\/wp-json\/wp\/v2\/media\/12456"}],"wp:attachment":[{"href":"https:\/\/plcsupplyspot.com\/lt\/wp-json\/wp\/v2\/media?parent=12454"}],"wp:term":[{"taxonomy":"product_brand","embeddable":true,"href":"https:\/\/plcsupplyspot.com\/lt\/wp-json\/wp\/v2\/product_brand?post=12454"},{"taxonomy":"product_cat","embeddable":true,"href":"https:\/\/plcsupplyspot.com\/lt\/wp-json\/wp\/v2\/product_cat?post=12454"},{"taxonomy":"product_tag","embeddable":true,"href":"https:\/\/plcsupplyspot.com\/lt\/wp-json\/wp\/v2\/product_tag?post=12454"}],"curies":[{"name":"wp","href":"https:\/\/api.w.org\/{rel}","templated":true}]}}