{"id":12421,"date":"2026-04-30T09:54:57","date_gmt":"2026-04-30T09:54:57","guid":{"rendered":"https:\/\/plcsupplyspot.com\/?post_type=product&#038;p=12421"},"modified":"2026-04-30T10:03:05","modified_gmt":"2026-04-30T10:03:05","slug":"1756-l84e","status":"publish","type":"product","link":"https:\/\/plcsupplyspot.com\/lt\/automatikos-komponentai\/1756-l84e\/","title":{"rendered":"1756-L84E"},"content":{"rendered":"<p data-start=\"1687\" data-end=\"1730\"><strong data-start=\"1687\" data-end=\"1730\">Allen-Bradley 1756-L84E \u2013 PLC valdiklis<\/strong><\/p>\n<p data-start=\"1732\" data-end=\"1976\">Allen-Bradley 1756-L84E yra auk\u0161to na\u0161umo ControlLogix PLC valdiklis, skirtas sud\u0117tingoms pramon\u0117s automatizavimo sistemoms. Jis turi integruot\u0105 EtherNet\/IP ry\u0161\u012f, leid\u017eiant\u012f u\u017etikrinti greit\u0105 duomen\u0173 perdavim\u0105 ir lengv\u0105 integracij\u0105 \u012f tinklus.<\/p>\n<p data-start=\"1978\" data-end=\"2058\">Valdiklis tinka didelio masto sistemoms, kur reikalingas patikimumas ir na\u0161umas.<\/p>\n<p data-start=\"2060\" data-end=\"2368\"><strong data-start=\"2060\" data-end=\"2083\">Technin\u0117 santrauka:<\/strong><br data-start=\"2083\" data-end=\"2086\" \/>\u2022 Serija: ControlLogix (1756)<br data-start=\"2115\" data-end=\"2118\" \/>\u2022 Produkto tipas: PLC valdiklis (CPU)<br data-start=\"2155\" data-end=\"2158\" \/>\u2022 Modelis: 1756-L84E<br data-start=\"2178\" data-end=\"2181\" \/>\u2022 Komunikacija: EtherNet\/IP<br data-start=\"2208\" data-end=\"2211\" \/>\u2022 Portai: 2x Ethernet<br data-start=\"2232\" data-end=\"2235\" \/>\u2022 Atmintis: didel\u0117<br data-start=\"2253\" data-end=\"2256\" \/>\u2022 Programavimas: Studio 5000<br data-start=\"2284\" data-end=\"2287\" \/>\u2022 Pl\u0117tra: ControlLogix moduliai<br data-start=\"2318\" data-end=\"2321\" \/>\u2022 Montavimas: \u012f \u0161asi<br data-start=\"2341\" data-end=\"2344\" \/>\u2022 Apsaugos klas\u0117: IP20<\/p>\n<p data-start=\"2370\" data-end=\"2524\"><strong data-start=\"2370\" data-end=\"2401\">Tipin\u0117s panaudojimo sritys:<\/strong><br data-start=\"2401\" data-end=\"2404\" \/>\u2022 Didel\u0117s automatizavimo sistemos<br data-start=\"2437\" data-end=\"2440\" \/>\u2022 Proces\u0173 valdymas<br data-start=\"2458\" data-end=\"2461\" \/>\u2022 Ma\u0161in\u0173 valdymas<br data-start=\"2478\" data-end=\"2481\" \/>\u2022 Pramoniniai tinklai<br data-start=\"2502\" data-end=\"2505\" \/>\u2022 Gamybos linijos<\/p>\n<p data-start=\"2526\" data-end=\"2659\"><strong data-start=\"2526\" data-end=\"2545\">Apie gamintoj\u0105:<\/strong><br data-start=\"2545\" data-end=\"2548\" \/>Allen-Bradley \u2013 Rockwell Automation prek\u0117s \u017eenklas, vienas i\u0161 pasaulini\u0173 lyderi\u0173 PLC ir automatizavimo srityje.<\/p>\n","protected":false},"excerpt":{"rendered":"<p data-start=\"446\" data-end=\"516\">ControlLogix PLC valdiklis su EtherNet\/IP.<\/p>\n<p data-start=\"439\" data-end=\"524\">\n","protected":false},"featured_media":12423,"template":"","meta":{"site-sidebar-layout":"default","site-content-layout":"","ast-site-content-layout":"default","site-content-style":"default","site-sidebar-style":"default","ast-global-header-display":"","ast-banner-title-visibility":"","ast-main-header-display":"","ast-hfb-above-header-display":"","ast-hfb-below-header-display":"","ast-hfb-mobile-header-display":"","site-post-title":"","ast-breadcrumbs-content":"","ast-featured-img":"","footer-sml-layout":"","ast-disable-related-posts":"","theme-transparent-header-meta":"default","adv-header-id-meta":"","stick-header-meta":"default","header-above-stick-meta":"","header-main-stick-meta":"","header-below-stick-meta":"","astra-migrate-meta-layouts":"set","ast-page-background-enabled":"default","ast-page-background-meta":{"desktop":{"background-color":"","background-image":"","background-repeat":"repeat","background-position":"center center","background-size":"auto","background-attachment":"scroll","background-type":"","background-media":"","overlay-type":"","overlay-color":"","overlay-opacity":"","overlay-gradient":""},"tablet":{"background-color":"","background-image":"","background-repeat":"repeat","background-position":"center center","background-size":"auto","background-attachment":"scroll","background-type":"","background-media":"","overlay-type":"","overlay-color":"","overlay-opacity":"","overlay-gradient":""},"mobile":{"background-color":"","background-image":"","background-repeat":"repeat","background-position":"center center","background-size":"auto","background-attachment":"scroll","background-type":"","background-media":"","overlay-type":"","overlay-color":"","overlay-opacity":"","overlay-gradient":""}},"ast-content-background-meta":{"desktop":{"background-color":"var(--ast-global-color-5)","background-image":"","background-repeat":"repeat","background-position":"center center","background-size":"auto","background-attachment":"scroll","background-type":"","background-media":"","overlay-type":"","overlay-color":"","overlay-opacity":"","overlay-gradient":""},"tablet":{"background-color":"var(--ast-global-color-5)","background-image":"","background-repeat":"repeat","background-position":"center center","background-size":"auto","background-attachment":"scroll","background-type":"","background-media":"","overlay-type":"","overlay-color":"","overlay-opacity":"","overlay-gradient":""},"mobile":{"background-color":"var(--ast-global-color-5)","background-image":"","background-repeat":"repeat","background-position":"center center","background-size":"auto","background-attachment":"scroll","background-type":"","background-media":"","overlay-type":"","overlay-color":"","overlay-opacity":"","overlay-gradient":""}}},"product_brand":[],"product_cat":[116],"product_tag":[],"class_list":{"0":"post-12421","1":"product","2":"type-product","3":"status-publish","4":"has-post-thumbnail","6":"product_cat-allen-bradley","7":"desktop-align-left","8":"tablet-align-left","9":"mobile-align-left","10":"ast-product-gallery-layout-horizontal-slider","11":"ast-product-gallery-with-no-image","12":"ast-product-tabs-layout-horizontal","14":"first","15":"onbackorder","16":"taxable","17":"shipping-taxable","18":"purchasable","19":"product-type-simple"},"yoast_head":"<!-- This site is optimized with the Yoast SEO plugin v27.3 - https:\/\/yoast.com\/product\/yoast-seo-wordpress\/ -->\n<title>1756-L84E | PLC Supply spot<\/title>\n<meta name=\"description\" content=\"Allen-Bradley 1756-L84E \u2013 auk\u0161to na\u0161umo ControlLogix PLC su EtherNet\/IP ry\u0161iu.\" \/>\n<meta name=\"robots\" content=\"index, follow, max-snippet:-1, max-image-preview:large, max-video-preview:-1\" \/>\n<link rel=\"canonical\" href=\"https:\/\/plcsupplyspot.com\/lt\/automatikos-komponentai\/1756-l84e\/\" \/>\n<meta property=\"og:locale\" content=\"lt_LT\" \/>\n<meta property=\"og:type\" content=\"article\" \/>\n<meta property=\"og:title\" content=\"1756-L84E | PLC Supply spot\" \/>\n<meta property=\"og:description\" content=\"Allen-Bradley 1756-L84E \u2013 auk\u0161to na\u0161umo ControlLogix PLC su EtherNet\/IP ry\u0161iu.\" \/>\n<meta property=\"og:url\" content=\"https:\/\/plcsupplyspot.com\/lt\/automatikos-komponentai\/1756-l84e\/\" \/>\n<meta property=\"og:site_name\" content=\"PLC Supply spot\" \/>\n<meta property=\"article:publisher\" content=\"https:\/\/www.facebook.com\/profile.php?id=61571705128033\" \/>\n<meta property=\"article:modified_time\" content=\"2026-04-30T10:03:05+00:00\" \/>\n<meta property=\"og:image\" content=\"https:\/\/plcsupplyspot.com\/wp-content\/uploads\/2026\/04\/1756-L84E.jpg\" \/>\n\t<meta property=\"og:image:width\" content=\"1000\" \/>\n\t<meta property=\"og:image:height\" content=\"1000\" \/>\n\t<meta property=\"og:image:type\" content=\"image\/jpeg\" \/>\n<meta name=\"twitter:card\" content=\"summary_large_image\" \/>\n<meta name=\"twitter:label1\" content=\"Est. reading time\" \/>\n\t<meta name=\"twitter:data1\" content=\"1 minut\u0117\" \/>\n<!-- \/ Yoast SEO plugin. -->","yoast_head_json":{"title":"1756-L84E | PLC Supply spot","description":"Allen-Bradley 1756-L84E \u2013 auk\u0161to na\u0161umo ControlLogix PLC su EtherNet\/IP ry\u0161iu.","robots":{"index":"index","follow":"follow","max-snippet":"max-snippet:-1","max-image-preview":"max-image-preview:large","max-video-preview":"max-video-preview:-1"},"canonical":"https:\/\/plcsupplyspot.com\/lt\/automatikos-komponentai\/1756-l84e\/","og_locale":"lt_LT","og_type":"article","og_title":"1756-L84E | PLC Supply spot","og_description":"Allen-Bradley 1756-L84E \u2013 auk\u0161to na\u0161umo ControlLogix PLC su EtherNet\/IP ry\u0161iu.","og_url":"https:\/\/plcsupplyspot.com\/lt\/automatikos-komponentai\/1756-l84e\/","og_site_name":"PLC Supply spot","article_publisher":"https:\/\/www.facebook.com\/profile.php?id=61571705128033","article_modified_time":"2026-04-30T10:03:05+00:00","og_image":[{"width":1000,"height":1000,"url":"https:\/\/plcsupplyspot.com\/wp-content\/uploads\/2026\/04\/1756-L84E.jpg","type":"image\/jpeg"}],"twitter_card":"summary_large_image","twitter_misc":{"Est. reading time":"1 minut\u0117"},"schema":{"@context":"https:\/\/schema.org","@graph":[{"@type":"WebPage","@id":"https:\/\/plcsupplyspot.com\/lt\/automatikos-komponentai\/1756-l84e\/","url":"https:\/\/plcsupplyspot.com\/lt\/automatikos-komponentai\/1756-l84e\/","name":"1756-L84E | PLC Supply spot","isPartOf":{"@id":"https:\/\/plcsupplyspot.com\/lt\/#website"},"primaryImageOfPage":{"@id":"https:\/\/plcsupplyspot.com\/lt\/automatikos-komponentai\/1756-l84e\/#primaryimage"},"image":{"@id":"https:\/\/plcsupplyspot.com\/lt\/automatikos-komponentai\/1756-l84e\/#primaryimage"},"thumbnailUrl":"https:\/\/plcsupplyspot.com\/wp-content\/uploads\/2026\/04\/1756-L84E.jpg","datePublished":"2026-04-30T09:54:57+00:00","dateModified":"2026-04-30T10:03:05+00:00","description":"Allen-Bradley 1756-L84E \u2013 auk\u0161to na\u0161umo ControlLogix PLC su EtherNet\/IP ry\u0161iu.","breadcrumb":{"@id":"https:\/\/plcsupplyspot.com\/lt\/automatikos-komponentai\/1756-l84e\/#breadcrumb"},"inLanguage":"lt-LT","potentialAction":[{"@type":"ReadAction","target":["https:\/\/plcsupplyspot.com\/lt\/automatikos-komponentai\/1756-l84e\/"]}]},{"@type":"ImageObject","inLanguage":"lt-LT","@id":"https:\/\/plcsupplyspot.com\/lt\/automatikos-komponentai\/1756-l84e\/#primaryimage","url":"https:\/\/plcsupplyspot.com\/wp-content\/uploads\/2026\/04\/1756-L84E.jpg","contentUrl":"https:\/\/plcsupplyspot.com\/wp-content\/uploads\/2026\/04\/1756-L84E.jpg","width":1000,"height":1000},{"@type":"BreadcrumbList","@id":"https:\/\/plcsupplyspot.com\/lt\/automatikos-komponentai\/1756-l84e\/#breadcrumb","itemListElement":[{"@type":"ListItem","position":1,"name":"home","item":"https:\/\/plcsupplyspot.com\/lt\/"},{"@type":"ListItem","position":2,"name":"Automatikos komponentai","item":"https:\/\/plcsupplyspot.com\/lt\/automatikos-komponentai\/"},{"@type":"ListItem","position":3,"name":"1756-L84E"}]},{"@type":"WebSite","@id":"https:\/\/plcsupplyspot.com\/lt\/#website","url":"https:\/\/plcsupplyspot.com\/lt\/","name":"PLC Supply Spot","description":"Innovate. Accelerate. Automate!","publisher":{"@id":"https:\/\/plcsupplyspot.com\/lt\/#organization"},"potentialAction":[{"@type":"SearchAction","target":{"@type":"EntryPoint","urlTemplate":"https:\/\/plcsupplyspot.com\/lt\/?s={search_term_string}"},"query-input":{"@type":"PropertyValueSpecification","valueRequired":true,"valueName":"search_term_string"}}],"inLanguage":"lt-LT"},{"@type":"Organization","@id":"https:\/\/plcsupplyspot.com\/lt\/#organization","name":"PLC Supply Spot","alternateName":"PLC Supply Spot","url":"https:\/\/plcsupplyspot.com\/lt\/","logo":{"@type":"ImageObject","inLanguage":"lt-LT","@id":"https:\/\/plcsupplyspot.com\/lt\/#\/schema\/logo\/image\/","url":"https:\/\/plcsupplyspot.com\/wp-content\/uploads\/2026\/01\/plc-supply-spot-logo-1.png","contentUrl":"https:\/\/plcsupplyspot.com\/wp-content\/uploads\/2026\/01\/plc-supply-spot-logo-1.png","width":720,"height":720,"caption":"PLC Supply Spot"},"image":{"@id":"https:\/\/plcsupplyspot.com\/lt\/#\/schema\/logo\/image\/"},"sameAs":["https:\/\/www.facebook.com\/profile.php?id=61571705128033"]}]}},"_links":{"self":[{"href":"https:\/\/plcsupplyspot.com\/lt\/wp-json\/wp\/v2\/product\/12421","targetHints":{"allow":["GET"]}}],"collection":[{"href":"https:\/\/plcsupplyspot.com\/lt\/wp-json\/wp\/v2\/product"}],"about":[{"href":"https:\/\/plcsupplyspot.com\/lt\/wp-json\/wp\/v2\/types\/product"}],"version-history":[{"count":3,"href":"https:\/\/plcsupplyspot.com\/lt\/wp-json\/wp\/v2\/product\/12421\/revisions"}],"predecessor-version":[{"id":12427,"href":"https:\/\/plcsupplyspot.com\/lt\/wp-json\/wp\/v2\/product\/12421\/revisions\/12427"}],"wp:featuredmedia":[{"embeddable":true,"href":"https:\/\/plcsupplyspot.com\/lt\/wp-json\/wp\/v2\/media\/12423"}],"wp:attachment":[{"href":"https:\/\/plcsupplyspot.com\/lt\/wp-json\/wp\/v2\/media?parent=12421"}],"wp:term":[{"taxonomy":"product_brand","embeddable":true,"href":"https:\/\/plcsupplyspot.com\/lt\/wp-json\/wp\/v2\/product_brand?post=12421"},{"taxonomy":"product_cat","embeddable":true,"href":"https:\/\/plcsupplyspot.com\/lt\/wp-json\/wp\/v2\/product_cat?post=12421"},{"taxonomy":"product_tag","embeddable":true,"href":"https:\/\/plcsupplyspot.com\/lt\/wp-json\/wp\/v2\/product_tag?post=12421"}],"curies":[{"name":"wp","href":"https:\/\/api.w.org\/{rel}","templated":true}]}}