{"id":12393,"date":"2026-04-30T09:24:22","date_gmt":"2026-04-30T09:24:22","guid":{"rendered":"https:\/\/plcsupplyspot.com\/?post_type=product&#038;p=12393"},"modified":"2026-04-30T09:29:57","modified_gmt":"2026-04-30T09:29:57","slug":"1734-tops","status":"publish","type":"product","link":"https:\/\/plcsupplyspot.com\/lt\/automatikos-komponentai\/1734-tops\/","title":{"rendered":"1734-TOPS"},"content":{"rendered":"<p data-start=\"1516\" data-end=\"1557\"><strong data-start=\"1516\" data-end=\"1557\">Allen-Bradley 1734-TOPS \u2013 gnybt\u0173 baz\u0117<\/strong><\/p>\n<p data-start=\"1559\" data-end=\"1806\">Allen-Bradley 1734-TOPS yra POINT I\/O gnybt\u0173 baz\u0117, skirta I\/O moduli\u0173 montavimui ir lauko \u012frengini\u0173 prijungimui paskirstytose automatizavimo sistemose. Ji u\u017etikrina patikim\u0105 elektrin\u012f sujungim\u0105 ir palengvina instaliacij\u0105 kompakti\u0161kose sistemose.<\/p>\n<p data-start=\"1808\" data-end=\"1883\">Tai yra POINT I\/O sistemos dalis, leid\u017eianti lanks\u010diai konfig\u016bruoti \u012frang\u0105.<\/p>\n<p data-start=\"1885\" data-end=\"2186\"><strong data-start=\"1885\" data-end=\"1908\">Technin\u0117 santrauka:<\/strong><br data-start=\"1908\" data-end=\"1911\" \/>\u2022 Serija: POINT I\/O (1734)<br data-start=\"1937\" data-end=\"1940\" \/>\u2022 Produkto tipas: gnybt\u0173 baz\u0117<br data-start=\"1969\" data-end=\"1972\" \/>\u2022 Modelis: 1734-TOPS<br data-start=\"1992\" data-end=\"1995\" \/>\u2022 Funkcija: laid\u0173 prijungimas<br data-start=\"2024\" data-end=\"2027\" \/>\u2022 Suderinamumas: POINT I\/O moduliai<br data-start=\"2062\" data-end=\"2065\" \/>\u2022 Konfig\u016bracija: modulin\u0117 sistema<br data-start=\"2098\" data-end=\"2101\" \/>\u2022 Montavimas: DIN b\u0117gelis<br data-start=\"2126\" data-end=\"2129\" \/>\u2022 Jungimas: var\u017etiniai gnybtai<br data-start=\"2159\" data-end=\"2162\" \/>\u2022 Apsaugos klas\u0117: IP20<\/p>\n<p data-start=\"2188\" data-end=\"2331\"><strong data-start=\"2188\" data-end=\"2219\">Tipin\u0117s panaudojimo sritys:<\/strong><br data-start=\"2219\" data-end=\"2222\" \/>\u2022 Paskirstytos I\/O sistemos<br data-start=\"2249\" data-end=\"2252\" \/>\u2022 Valdymo spintos<br data-start=\"2269\" data-end=\"2272\" \/>\u2022 Automatizavimas<br data-start=\"2289\" data-end=\"2292\" \/>\u2022 Ma\u0161in\u0173 valdymas<br data-start=\"2309\" data-end=\"2312\" \/>\u2022 Gamybos linijos<\/p>\n<p data-start=\"2333\" data-end=\"2459\"><strong data-start=\"2333\" data-end=\"2352\">Apie gamintoj\u0105:<\/strong><br data-start=\"2352\" data-end=\"2355\" \/>Allen-Bradley \u2013 Rockwell Automation prek\u0117s \u017eenklas, vienas i\u0161 pasaulini\u0173 lyderi\u0173 automatizavimo srityje.<\/p>\n","protected":false},"excerpt":{"rendered":"<p data-start=\"408\" data-end=\"458\">POINT I\/O gnybt\u0173 baz\u0117.<\/p>\n<p data-start=\"439\" data-end=\"524\">\n","protected":false},"featured_media":12395,"template":"","meta":{"site-sidebar-layout":"default","site-content-layout":"","ast-site-content-layout":"default","site-content-style":"default","site-sidebar-style":"default","ast-global-header-display":"","ast-banner-title-visibility":"","ast-main-header-display":"","ast-hfb-above-header-display":"","ast-hfb-below-header-display":"","ast-hfb-mobile-header-display":"","site-post-title":"","ast-breadcrumbs-content":"","ast-featured-img":"","footer-sml-layout":"","ast-disable-related-posts":"","theme-transparent-header-meta":"default","adv-header-id-meta":"","stick-header-meta":"default","header-above-stick-meta":"","header-main-stick-meta":"","header-below-stick-meta":"","astra-migrate-meta-layouts":"set","ast-page-background-enabled":"default","ast-page-background-meta":{"desktop":{"background-color":"","background-image":"","background-repeat":"repeat","background-position":"center center","background-size":"auto","background-attachment":"scroll","background-type":"","background-media":"","overlay-type":"","overlay-color":"","overlay-opacity":"","overlay-gradient":""},"tablet":{"background-color":"","background-image":"","background-repeat":"repeat","background-position":"center center","background-size":"auto","background-attachment":"scroll","background-type":"","background-media":"","overlay-type":"","overlay-color":"","overlay-opacity":"","overlay-gradient":""},"mobile":{"background-color":"","background-image":"","background-repeat":"repeat","background-position":"center center","background-size":"auto","background-attachment":"scroll","background-type":"","background-media":"","overlay-type":"","overlay-color":"","overlay-opacity":"","overlay-gradient":""}},"ast-content-background-meta":{"desktop":{"background-color":"var(--ast-global-color-5)","background-image":"","background-repeat":"repeat","background-position":"center center","background-size":"auto","background-attachment":"scroll","background-type":"","background-media":"","overlay-type":"","overlay-color":"","overlay-opacity":"","overlay-gradient":""},"tablet":{"background-color":"var(--ast-global-color-5)","background-image":"","background-repeat":"repeat","background-position":"center center","background-size":"auto","background-attachment":"scroll","background-type":"","background-media":"","overlay-type":"","overlay-color":"","overlay-opacity":"","overlay-gradient":""},"mobile":{"background-color":"var(--ast-global-color-5)","background-image":"","background-repeat":"repeat","background-position":"center center","background-size":"auto","background-attachment":"scroll","background-type":"","background-media":"","overlay-type":"","overlay-color":"","overlay-opacity":"","overlay-gradient":""}}},"product_brand":[],"product_cat":[116],"product_tag":[],"class_list":{"0":"post-12393","1":"product","2":"type-product","3":"status-publish","4":"has-post-thumbnail","6":"product_cat-allen-bradley","7":"desktop-align-left","8":"tablet-align-left","9":"mobile-align-left","10":"ast-product-gallery-layout-horizontal-slider","11":"ast-product-gallery-with-no-image","12":"ast-product-tabs-layout-horizontal","14":"first","15":"onbackorder","16":"taxable","17":"shipping-taxable","18":"purchasable","19":"product-type-simple"},"yoast_head":"<!-- This site is optimized with the Yoast SEO plugin v27.3 - https:\/\/yoast.com\/product\/yoast-seo-wordpress\/ -->\n<title>1734-TOPS | PLC Supply spot<\/title>\n<meta name=\"description\" content=\"Allen-Bradley 1734-TOPS \u2013 POINT I\/O gnybt\u0173 baz\u0117 moduli\u0173 prijungimui.\" \/>\n<meta name=\"robots\" content=\"index, follow, max-snippet:-1, max-image-preview:large, max-video-preview:-1\" \/>\n<link rel=\"canonical\" href=\"https:\/\/plcsupplyspot.com\/lt\/automatikos-komponentai\/1734-tops\/\" \/>\n<meta property=\"og:locale\" content=\"lt_LT\" \/>\n<meta property=\"og:type\" content=\"article\" \/>\n<meta property=\"og:title\" content=\"1734-TOPS | PLC Supply spot\" \/>\n<meta property=\"og:description\" content=\"Allen-Bradley 1734-TOPS \u2013 POINT I\/O gnybt\u0173 baz\u0117 moduli\u0173 prijungimui.\" \/>\n<meta property=\"og:url\" content=\"https:\/\/plcsupplyspot.com\/lt\/automatikos-komponentai\/1734-tops\/\" \/>\n<meta property=\"og:site_name\" content=\"PLC Supply spot\" \/>\n<meta property=\"article:publisher\" content=\"https:\/\/www.facebook.com\/profile.php?id=61571705128033\" \/>\n<meta property=\"article:modified_time\" content=\"2026-04-30T09:29:57+00:00\" \/>\n<meta property=\"og:image\" content=\"https:\/\/plcsupplyspot.com\/wp-content\/uploads\/2026\/04\/1734-TOP-1.webp\" \/>\n\t<meta property=\"og:image:width\" content=\"600\" \/>\n\t<meta property=\"og:image:height\" content=\"600\" \/>\n\t<meta property=\"og:image:type\" content=\"image\/webp\" \/>\n<meta name=\"twitter:card\" content=\"summary_large_image\" \/>\n<meta name=\"twitter:label1\" content=\"Est. reading time\" \/>\n\t<meta name=\"twitter:data1\" content=\"1 minut\u0117\" \/>\n<!-- \/ Yoast SEO plugin. -->","yoast_head_json":{"title":"1734-TOPS | PLC Supply spot","description":"Allen-Bradley 1734-TOPS \u2013 POINT I\/O gnybt\u0173 baz\u0117 moduli\u0173 prijungimui.","robots":{"index":"index","follow":"follow","max-snippet":"max-snippet:-1","max-image-preview":"max-image-preview:large","max-video-preview":"max-video-preview:-1"},"canonical":"https:\/\/plcsupplyspot.com\/lt\/automatikos-komponentai\/1734-tops\/","og_locale":"lt_LT","og_type":"article","og_title":"1734-TOPS | PLC Supply spot","og_description":"Allen-Bradley 1734-TOPS \u2013 POINT I\/O gnybt\u0173 baz\u0117 moduli\u0173 prijungimui.","og_url":"https:\/\/plcsupplyspot.com\/lt\/automatikos-komponentai\/1734-tops\/","og_site_name":"PLC Supply spot","article_publisher":"https:\/\/www.facebook.com\/profile.php?id=61571705128033","article_modified_time":"2026-04-30T09:29:57+00:00","og_image":[{"width":600,"height":600,"url":"https:\/\/plcsupplyspot.com\/wp-content\/uploads\/2026\/04\/1734-TOP-1.webp","type":"image\/webp"}],"twitter_card":"summary_large_image","twitter_misc":{"Est. reading time":"1 minut\u0117"},"schema":{"@context":"https:\/\/schema.org","@graph":[{"@type":"WebPage","@id":"https:\/\/plcsupplyspot.com\/lt\/automatikos-komponentai\/1734-tops\/","url":"https:\/\/plcsupplyspot.com\/lt\/automatikos-komponentai\/1734-tops\/","name":"1734-TOPS | PLC Supply spot","isPartOf":{"@id":"https:\/\/plcsupplyspot.com\/lt\/#website"},"primaryImageOfPage":{"@id":"https:\/\/plcsupplyspot.com\/lt\/automatikos-komponentai\/1734-tops\/#primaryimage"},"image":{"@id":"https:\/\/plcsupplyspot.com\/lt\/automatikos-komponentai\/1734-tops\/#primaryimage"},"thumbnailUrl":"https:\/\/plcsupplyspot.com\/wp-content\/uploads\/2026\/04\/1734-TOP-1.webp","datePublished":"2026-04-30T09:24:22+00:00","dateModified":"2026-04-30T09:29:57+00:00","description":"Allen-Bradley 1734-TOPS \u2013 POINT I\/O gnybt\u0173 baz\u0117 moduli\u0173 prijungimui.","breadcrumb":{"@id":"https:\/\/plcsupplyspot.com\/lt\/automatikos-komponentai\/1734-tops\/#breadcrumb"},"inLanguage":"lt-LT","potentialAction":[{"@type":"ReadAction","target":["https:\/\/plcsupplyspot.com\/lt\/automatikos-komponentai\/1734-tops\/"]}]},{"@type":"ImageObject","inLanguage":"lt-LT","@id":"https:\/\/plcsupplyspot.com\/lt\/automatikos-komponentai\/1734-tops\/#primaryimage","url":"https:\/\/plcsupplyspot.com\/wp-content\/uploads\/2026\/04\/1734-TOP-1.webp","contentUrl":"https:\/\/plcsupplyspot.com\/wp-content\/uploads\/2026\/04\/1734-TOP-1.webp","width":600,"height":600},{"@type":"BreadcrumbList","@id":"https:\/\/plcsupplyspot.com\/lt\/automatikos-komponentai\/1734-tops\/#breadcrumb","itemListElement":[{"@type":"ListItem","position":1,"name":"home","item":"https:\/\/plcsupplyspot.com\/lt\/"},{"@type":"ListItem","position":2,"name":"Automatikos komponentai","item":"https:\/\/plcsupplyspot.com\/lt\/automatikos-komponentai\/"},{"@type":"ListItem","position":3,"name":"1734-TOPS"}]},{"@type":"WebSite","@id":"https:\/\/plcsupplyspot.com\/lt\/#website","url":"https:\/\/plcsupplyspot.com\/lt\/","name":"PLC Supply Spot","description":"Innovate. Accelerate. Automate!","publisher":{"@id":"https:\/\/plcsupplyspot.com\/lt\/#organization"},"potentialAction":[{"@type":"SearchAction","target":{"@type":"EntryPoint","urlTemplate":"https:\/\/plcsupplyspot.com\/lt\/?s={search_term_string}"},"query-input":{"@type":"PropertyValueSpecification","valueRequired":true,"valueName":"search_term_string"}}],"inLanguage":"lt-LT"},{"@type":"Organization","@id":"https:\/\/plcsupplyspot.com\/lt\/#organization","name":"PLC Supply Spot","alternateName":"PLC Supply Spot","url":"https:\/\/plcsupplyspot.com\/lt\/","logo":{"@type":"ImageObject","inLanguage":"lt-LT","@id":"https:\/\/plcsupplyspot.com\/lt\/#\/schema\/logo\/image\/","url":"https:\/\/plcsupplyspot.com\/wp-content\/uploads\/2026\/01\/plc-supply-spot-logo-1.png","contentUrl":"https:\/\/plcsupplyspot.com\/wp-content\/uploads\/2026\/01\/plc-supply-spot-logo-1.png","width":720,"height":720,"caption":"PLC Supply Spot"},"image":{"@id":"https:\/\/plcsupplyspot.com\/lt\/#\/schema\/logo\/image\/"},"sameAs":["https:\/\/www.facebook.com\/profile.php?id=61571705128033"]}]}},"_links":{"self":[{"href":"https:\/\/plcsupplyspot.com\/lt\/wp-json\/wp\/v2\/product\/12393","targetHints":{"allow":["GET"]}}],"collection":[{"href":"https:\/\/plcsupplyspot.com\/lt\/wp-json\/wp\/v2\/product"}],"about":[{"href":"https:\/\/plcsupplyspot.com\/lt\/wp-json\/wp\/v2\/types\/product"}],"version-history":[{"count":2,"href":"https:\/\/plcsupplyspot.com\/lt\/wp-json\/wp\/v2\/product\/12393\/revisions"}],"predecessor-version":[{"id":12398,"href":"https:\/\/plcsupplyspot.com\/lt\/wp-json\/wp\/v2\/product\/12393\/revisions\/12398"}],"wp:featuredmedia":[{"embeddable":true,"href":"https:\/\/plcsupplyspot.com\/lt\/wp-json\/wp\/v2\/media\/12395"}],"wp:attachment":[{"href":"https:\/\/plcsupplyspot.com\/lt\/wp-json\/wp\/v2\/media?parent=12393"}],"wp:term":[{"taxonomy":"product_brand","embeddable":true,"href":"https:\/\/plcsupplyspot.com\/lt\/wp-json\/wp\/v2\/product_brand?post=12393"},{"taxonomy":"product_cat","embeddable":true,"href":"https:\/\/plcsupplyspot.com\/lt\/wp-json\/wp\/v2\/product_cat?post=12393"},{"taxonomy":"product_tag","embeddable":true,"href":"https:\/\/plcsupplyspot.com\/lt\/wp-json\/wp\/v2\/product_tag?post=12393"}],"curies":[{"name":"wp","href":"https:\/\/api.w.org\/{rel}","templated":true}]}}