{"id":12142,"date":"2026-04-22T10:02:57","date_gmt":"2026-04-22T10:02:57","guid":{"rendered":"https:\/\/plcsupplyspot.com\/?post_type=product&#038;p=12142"},"modified":"2026-04-22T10:09:24","modified_gmt":"2026-04-22T10:09:24","slug":"20-him-b1","status":"publish","type":"product","link":"https:\/\/plcsupplyspot.com\/lt\/automatikos-komponentai\/20-him-b1\/","title":{"rendered":"20-HIM-B1"},"content":{"rendered":"<p data-start=\"1622\" data-end=\"1673\"><strong data-start=\"1622\" data-end=\"1673\">Allen-Bradley 20-HIM-B1 \u2013 valdymo modulis (HIM)<\/strong><\/p>\n<p data-start=\"1675\" data-end=\"1848\">Allen-Bradley 20-HIM-B1 yra valdymo modulis (HIM), skirtas PowerFlex da\u017enio keitikliams. Jis leid\u017eia patogiai nustatyti parametrus, steb\u0117ti veikim\u0105 ir atlikti diagnostik\u0105.<\/p>\n<p data-start=\"1850\" data-end=\"1939\">Modulis suteikia galimyb\u0119 valdyti keitikl\u012f vietoje ir palengvina paleidim\u0105 bei prie\u017ei\u016br\u0105.<\/p>\n<p data-start=\"1941\" data-end=\"2259\"><strong data-start=\"1941\" data-end=\"1964\">Technin\u0117 santrauka:<\/strong><br data-start=\"1964\" data-end=\"1967\" \/>\u2022 Serija: PowerFlex<br data-start=\"1986\" data-end=\"1989\" \/>\u2022 Produkto tipas: valdymo modulis (HIM)<br data-start=\"2028\" data-end=\"2031\" \/>\u2022 Modelis: 20-HIM-B1<br data-start=\"2051\" data-end=\"2054\" \/>\u2022 Funkcija: keitiklio nustatymas ir steb\u0117jimas<br data-start=\"2100\" data-end=\"2103\" \/>\u2022 Ekranas: integruotas su valdymo mygtukais<br data-start=\"2146\" data-end=\"2149\" \/>\u2022 Suderinamumas: PowerFlex keitikliai<br data-start=\"2186\" data-end=\"2189\" \/>\u2022 Montavimas: ant keitiklio arba nuotolinis<br data-start=\"2232\" data-end=\"2235\" \/>\u2022 Apsaugos klas\u0117: IP20<\/p>\n<p data-start=\"2261\" data-end=\"2418\"><strong data-start=\"2261\" data-end=\"2292\">Tipin\u0117s panaudojimo sritys:<\/strong><br data-start=\"2292\" data-end=\"2295\" \/>\u2022 Keitikli\u0173 konfig\u016bravimas<br data-start=\"2321\" data-end=\"2324\" \/>\u2022 Sistemos steb\u0117jimas<br data-start=\"2345\" data-end=\"2348\" \/>\u2022 Automatizavimas<br data-start=\"2365\" data-end=\"2368\" \/>\u2022 Prie\u017ei\u016bra ir diagnostika<br data-start=\"2394\" data-end=\"2397\" \/>\u2022 Varikli\u0173 valdymas<\/p>\n<p data-start=\"2420\" data-end=\"2546\"><strong data-start=\"2420\" data-end=\"2439\">Apie gamintoj\u0105:<\/strong><br data-start=\"2439\" data-end=\"2442\" \/>Allen-Bradley \u2013 Rockwell Automation prek\u0117s \u017eenklas, vienas i\u0161 pasaulini\u0173 lyderi\u0173 automatizavimo srityje.<\/p>\n","protected":false},"excerpt":{"rendered":"<p data-start=\"458\" data-end=\"524\">PowerFlex valdymo modulis keitikliams.<\/p>\n<p data-start=\"439\" data-end=\"524\">\n","protected":false},"featured_media":12144,"template":"","meta":{"site-sidebar-layout":"default","site-content-layout":"","ast-site-content-layout":"default","site-content-style":"default","site-sidebar-style":"default","ast-global-header-display":"","ast-banner-title-visibility":"","ast-main-header-display":"","ast-hfb-above-header-display":"","ast-hfb-below-header-display":"","ast-hfb-mobile-header-display":"","site-post-title":"","ast-breadcrumbs-content":"","ast-featured-img":"","footer-sml-layout":"","ast-disable-related-posts":"","theme-transparent-header-meta":"default","adv-header-id-meta":"","stick-header-meta":"default","header-above-stick-meta":"","header-main-stick-meta":"","header-below-stick-meta":"","astra-migrate-meta-layouts":"set","ast-page-background-enabled":"default","ast-page-background-meta":{"desktop":{"background-color":"","background-image":"","background-repeat":"repeat","background-position":"center center","background-size":"auto","background-attachment":"scroll","background-type":"","background-media":"","overlay-type":"","overlay-color":"","overlay-opacity":"","overlay-gradient":""},"tablet":{"background-color":"","background-image":"","background-repeat":"repeat","background-position":"center center","background-size":"auto","background-attachment":"scroll","background-type":"","background-media":"","overlay-type":"","overlay-color":"","overlay-opacity":"","overlay-gradient":""},"mobile":{"background-color":"","background-image":"","background-repeat":"repeat","background-position":"center center","background-size":"auto","background-attachment":"scroll","background-type":"","background-media":"","overlay-type":"","overlay-color":"","overlay-opacity":"","overlay-gradient":""}},"ast-content-background-meta":{"desktop":{"background-color":"var(--ast-global-color-5)","background-image":"","background-repeat":"repeat","background-position":"center center","background-size":"auto","background-attachment":"scroll","background-type":"","background-media":"","overlay-type":"","overlay-color":"","overlay-opacity":"","overlay-gradient":""},"tablet":{"background-color":"var(--ast-global-color-5)","background-image":"","background-repeat":"repeat","background-position":"center center","background-size":"auto","background-attachment":"scroll","background-type":"","background-media":"","overlay-type":"","overlay-color":"","overlay-opacity":"","overlay-gradient":""},"mobile":{"background-color":"var(--ast-global-color-5)","background-image":"","background-repeat":"repeat","background-position":"center center","background-size":"auto","background-attachment":"scroll","background-type":"","background-media":"","overlay-type":"","overlay-color":"","overlay-opacity":"","overlay-gradient":""}}},"product_brand":[],"product_cat":[116,122],"product_tag":[],"class_list":{"0":"post-12142","1":"product","2":"type-product","3":"status-publish","4":"has-post-thumbnail","6":"product_cat-allen-bradley","7":"product_cat-daznio-keitikliai","8":"desktop-align-left","9":"tablet-align-left","10":"mobile-align-left","11":"ast-product-gallery-layout-horizontal-slider","12":"ast-product-gallery-with-no-image","13":"ast-product-tabs-layout-horizontal","15":"first","16":"onbackorder","17":"taxable","18":"shipping-taxable","19":"purchasable","20":"product-type-simple"},"yoast_head":"<!-- This site is optimized with the Yoast SEO plugin v27.3 - https:\/\/yoast.com\/product\/yoast-seo-wordpress\/ -->\n<title>20-HIM-B1 | PLC Supply spot<\/title>\n<meta name=\"description\" content=\"Allen-Bradley 20-HIM-B1 \u2013 valdymo modulis PowerFlex keitikliams nustatyti ir steb\u0117ti.\" \/>\n<meta name=\"robots\" content=\"index, follow, max-snippet:-1, max-image-preview:large, max-video-preview:-1\" \/>\n<link rel=\"canonical\" href=\"https:\/\/plcsupplyspot.com\/lt\/automatikos-komponentai\/20-him-b1\/\" \/>\n<meta property=\"og:locale\" content=\"lt_LT\" \/>\n<meta property=\"og:type\" content=\"article\" \/>\n<meta property=\"og:title\" content=\"20-HIM-B1 | PLC Supply spot\" \/>\n<meta property=\"og:description\" content=\"Allen-Bradley 20-HIM-B1 \u2013 valdymo modulis PowerFlex keitikliams nustatyti ir steb\u0117ti.\" \/>\n<meta property=\"og:url\" content=\"https:\/\/plcsupplyspot.com\/lt\/automatikos-komponentai\/20-him-b1\/\" \/>\n<meta property=\"og:site_name\" content=\"PLC Supply spot\" \/>\n<meta property=\"article:publisher\" content=\"https:\/\/www.facebook.com\/profile.php?id=61571705128033\" \/>\n<meta property=\"article:modified_time\" content=\"2026-04-22T10:09:24+00:00\" \/>\n<meta property=\"og:image\" content=\"https:\/\/plcsupplyspot.com\/wp-content\/uploads\/2026\/04\/20-HIM-B1-scaled.jpg\" \/>\n\t<meta property=\"og:image:width\" content=\"2560\" \/>\n\t<meta property=\"og:image:height\" content=\"1707\" \/>\n\t<meta property=\"og:image:type\" content=\"image\/jpeg\" \/>\n<meta name=\"twitter:card\" content=\"summary_large_image\" \/>\n<meta name=\"twitter:label1\" content=\"Est. reading time\" \/>\n\t<meta name=\"twitter:data1\" content=\"1 minut\u0117\" \/>\n<!-- \/ Yoast SEO plugin. -->","yoast_head_json":{"title":"20-HIM-B1 | PLC Supply spot","description":"Allen-Bradley 20-HIM-B1 \u2013 valdymo modulis PowerFlex keitikliams nustatyti ir steb\u0117ti.","robots":{"index":"index","follow":"follow","max-snippet":"max-snippet:-1","max-image-preview":"max-image-preview:large","max-video-preview":"max-video-preview:-1"},"canonical":"https:\/\/plcsupplyspot.com\/lt\/automatikos-komponentai\/20-him-b1\/","og_locale":"lt_LT","og_type":"article","og_title":"20-HIM-B1 | PLC Supply spot","og_description":"Allen-Bradley 20-HIM-B1 \u2013 valdymo modulis PowerFlex keitikliams nustatyti ir steb\u0117ti.","og_url":"https:\/\/plcsupplyspot.com\/lt\/automatikos-komponentai\/20-him-b1\/","og_site_name":"PLC Supply spot","article_publisher":"https:\/\/www.facebook.com\/profile.php?id=61571705128033","article_modified_time":"2026-04-22T10:09:24+00:00","og_image":[{"width":2560,"height":1707,"url":"https:\/\/plcsupplyspot.com\/wp-content\/uploads\/2026\/04\/20-HIM-B1-scaled.jpg","type":"image\/jpeg"}],"twitter_card":"summary_large_image","twitter_misc":{"Est. reading time":"1 minut\u0117"},"schema":{"@context":"https:\/\/schema.org","@graph":[{"@type":"WebPage","@id":"https:\/\/plcsupplyspot.com\/lt\/automatikos-komponentai\/20-him-b1\/","url":"https:\/\/plcsupplyspot.com\/lt\/automatikos-komponentai\/20-him-b1\/","name":"20-HIM-B1 | PLC Supply spot","isPartOf":{"@id":"https:\/\/plcsupplyspot.com\/lt\/#website"},"primaryImageOfPage":{"@id":"https:\/\/plcsupplyspot.com\/lt\/automatikos-komponentai\/20-him-b1\/#primaryimage"},"image":{"@id":"https:\/\/plcsupplyspot.com\/lt\/automatikos-komponentai\/20-him-b1\/#primaryimage"},"thumbnailUrl":"https:\/\/plcsupplyspot.com\/wp-content\/uploads\/2026\/04\/20-HIM-B1-scaled.jpg","datePublished":"2026-04-22T10:02:57+00:00","dateModified":"2026-04-22T10:09:24+00:00","description":"Allen-Bradley 20-HIM-B1 \u2013 valdymo modulis PowerFlex keitikliams nustatyti ir steb\u0117ti.","breadcrumb":{"@id":"https:\/\/plcsupplyspot.com\/lt\/automatikos-komponentai\/20-him-b1\/#breadcrumb"},"inLanguage":"lt-LT","potentialAction":[{"@type":"ReadAction","target":["https:\/\/plcsupplyspot.com\/lt\/automatikos-komponentai\/20-him-b1\/"]}]},{"@type":"ImageObject","inLanguage":"lt-LT","@id":"https:\/\/plcsupplyspot.com\/lt\/automatikos-komponentai\/20-him-b1\/#primaryimage","url":"https:\/\/plcsupplyspot.com\/wp-content\/uploads\/2026\/04\/20-HIM-B1-scaled.jpg","contentUrl":"https:\/\/plcsupplyspot.com\/wp-content\/uploads\/2026\/04\/20-HIM-B1-scaled.jpg","width":2560,"height":1707},{"@type":"BreadcrumbList","@id":"https:\/\/plcsupplyspot.com\/lt\/automatikos-komponentai\/20-him-b1\/#breadcrumb","itemListElement":[{"@type":"ListItem","position":1,"name":"home","item":"https:\/\/plcsupplyspot.com\/lt\/"},{"@type":"ListItem","position":2,"name":"Automatikos komponentai","item":"https:\/\/plcsupplyspot.com\/lt\/automatikos-komponentai\/"},{"@type":"ListItem","position":3,"name":"20-HIM-B1"}]},{"@type":"WebSite","@id":"https:\/\/plcsupplyspot.com\/lt\/#website","url":"https:\/\/plcsupplyspot.com\/lt\/","name":"PLC Supply Spot","description":"Innovate. Accelerate. Automate!","publisher":{"@id":"https:\/\/plcsupplyspot.com\/lt\/#organization"},"potentialAction":[{"@type":"SearchAction","target":{"@type":"EntryPoint","urlTemplate":"https:\/\/plcsupplyspot.com\/lt\/?s={search_term_string}"},"query-input":{"@type":"PropertyValueSpecification","valueRequired":true,"valueName":"search_term_string"}}],"inLanguage":"lt-LT"},{"@type":"Organization","@id":"https:\/\/plcsupplyspot.com\/lt\/#organization","name":"PLC Supply Spot","alternateName":"PLC Supply Spot","url":"https:\/\/plcsupplyspot.com\/lt\/","logo":{"@type":"ImageObject","inLanguage":"lt-LT","@id":"https:\/\/plcsupplyspot.com\/lt\/#\/schema\/logo\/image\/","url":"https:\/\/plcsupplyspot.com\/wp-content\/uploads\/2026\/01\/plc-supply-spot-logo-1.png","contentUrl":"https:\/\/plcsupplyspot.com\/wp-content\/uploads\/2026\/01\/plc-supply-spot-logo-1.png","width":720,"height":720,"caption":"PLC Supply Spot"},"image":{"@id":"https:\/\/plcsupplyspot.com\/lt\/#\/schema\/logo\/image\/"},"sameAs":["https:\/\/www.facebook.com\/profile.php?id=61571705128033"]}]}},"_links":{"self":[{"href":"https:\/\/plcsupplyspot.com\/lt\/wp-json\/wp\/v2\/product\/12142","targetHints":{"allow":["GET"]}}],"collection":[{"href":"https:\/\/plcsupplyspot.com\/lt\/wp-json\/wp\/v2\/product"}],"about":[{"href":"https:\/\/plcsupplyspot.com\/lt\/wp-json\/wp\/v2\/types\/product"}],"version-history":[{"count":3,"href":"https:\/\/plcsupplyspot.com\/lt\/wp-json\/wp\/v2\/product\/12142\/revisions"}],"predecessor-version":[{"id":12148,"href":"https:\/\/plcsupplyspot.com\/lt\/wp-json\/wp\/v2\/product\/12142\/revisions\/12148"}],"wp:featuredmedia":[{"embeddable":true,"href":"https:\/\/plcsupplyspot.com\/lt\/wp-json\/wp\/v2\/media\/12144"}],"wp:attachment":[{"href":"https:\/\/plcsupplyspot.com\/lt\/wp-json\/wp\/v2\/media?parent=12142"}],"wp:term":[{"taxonomy":"product_brand","embeddable":true,"href":"https:\/\/plcsupplyspot.com\/lt\/wp-json\/wp\/v2\/product_brand?post=12142"},{"taxonomy":"product_cat","embeddable":true,"href":"https:\/\/plcsupplyspot.com\/lt\/wp-json\/wp\/v2\/product_cat?post=12142"},{"taxonomy":"product_tag","embeddable":true,"href":"https:\/\/plcsupplyspot.com\/lt\/wp-json\/wp\/v2\/product_tag?post=12142"}],"curies":[{"name":"wp","href":"https:\/\/api.w.org\/{rel}","templated":true}]}}