{"id":12102,"date":"2026-04-22T09:17:40","date_gmt":"2026-04-22T09:17:40","guid":{"rendered":"https:\/\/plcsupplyspot.com\/?post_type=product&#038;p=12102"},"modified":"2026-04-22T09:26:02","modified_gmt":"2026-04-22T09:26:02","slug":"20dc205a0ennanane","status":"publish","type":"product","link":"https:\/\/plcsupplyspot.com\/lt\/automatikos-komponentai\/20dc205a0ennanane\/","title":{"rendered":"20DC205A0ENNANANE"},"content":{"rendered":"<p data-start=\"1654\" data-end=\"1712\"><strong data-start=\"1654\" data-end=\"1712\">Allen-Bradley 20DC205A0ENNANANE \u2013 DC pavaros keitiklis<\/strong><\/p>\n<p data-start=\"1714\" data-end=\"1978\">Allen-Bradley 20DC205A0ENNANANE yra PowerFlex DC serijos keitiklis, skirtas tiksliai valdyti nuolatin\u0117s srov\u0117s (DC) variklius pramonin\u0117se sistemose. Jis leid\u017eia tiksliai reguliuoti greit\u012f ir sukimo moment\u0105, u\u017etikrinant stabil\u0173 veikim\u0105 net sud\u0117tingomis s\u0105lygomis.<\/p>\n<p data-start=\"1980\" data-end=\"2057\">\u0160is keitiklis naudojamas ten, kur reikalingas patikimas DC varikli\u0173 valdymas.<\/p>\n<p data-start=\"2059\" data-end=\"2387\"><strong data-start=\"2059\" data-end=\"2082\">Technin\u0117 santrauka:<\/strong><br data-start=\"2082\" data-end=\"2085\" \/>\u2022 Serija: PowerFlex DC<br data-start=\"2107\" data-end=\"2110\" \/>\u2022 Produkto tipas: DC keitiklis<br data-start=\"2140\" data-end=\"2143\" \/>\u2022 Modelis: 20DC205A0ENNANANE<br data-start=\"2171\" data-end=\"2174\" \/>\u2022 \u012e\u0117jimas: pramoninis AC maitinimas<br data-start=\"2209\" data-end=\"2212\" \/>\u2022 I\u0161\u0117jimas: DC variklio valdymas<br data-start=\"2244\" data-end=\"2247\" \/>\u2022 Valdymas: grei\u010dio ir momento reguliavimas<br data-start=\"2290\" data-end=\"2293\" \/>\u2022 Pritaikymas: DC varikli\u0173 sistemos<br data-start=\"2328\" data-end=\"2331\" \/>\u2022 Montavimas: panel\u0117 \/ spinta<br data-start=\"2360\" data-end=\"2363\" \/>\u2022 Apsaugos klas\u0117: IP20<\/p>\n<p data-start=\"2389\" data-end=\"2545\"><strong data-start=\"2389\" data-end=\"2420\">Tipin\u0117s panaudojimo sritys:<\/strong><br data-start=\"2420\" data-end=\"2423\" \/>\u2022 DC varikli\u0173 valdymas<br data-start=\"2445\" data-end=\"2448\" \/>\u2022 Pramoniniai \u012frenginiai<br data-start=\"2472\" data-end=\"2475\" \/>\u2022 Proces\u0173 valdymas<br data-start=\"2493\" data-end=\"2496\" \/>\u2022 Gamybos linijos<br data-start=\"2513\" data-end=\"2516\" \/>\u2022 Didel\u0117s apkrovos sistemos<\/p>\n<p data-start=\"2547\" data-end=\"2673\"><strong data-start=\"2547\" data-end=\"2566\">Apie gamintoj\u0105:<\/strong><br data-start=\"2566\" data-end=\"2569\" \/>Allen-Bradley \u2013 Rockwell Automation prek\u0117s \u017eenklas, vienas i\u0161 pasaulini\u0173 lyderi\u0173 automatizavimo srityje.<\/p>\n","protected":false},"excerpt":{"rendered":"<p data-start=\"481\" data-end=\"553\">PowerFlex DC keitiklis DC varikli\u0173 valdymui.<\/p>\n<p data-start=\"439\" data-end=\"524\">\n","protected":false},"featured_media":12104,"template":"","meta":{"site-sidebar-layout":"default","site-content-layout":"","ast-site-content-layout":"default","site-content-style":"default","site-sidebar-style":"default","ast-global-header-display":"","ast-banner-title-visibility":"","ast-main-header-display":"","ast-hfb-above-header-display":"","ast-hfb-below-header-display":"","ast-hfb-mobile-header-display":"","site-post-title":"","ast-breadcrumbs-content":"","ast-featured-img":"","footer-sml-layout":"","ast-disable-related-posts":"","theme-transparent-header-meta":"default","adv-header-id-meta":"","stick-header-meta":"default","header-above-stick-meta":"","header-main-stick-meta":"","header-below-stick-meta":"","astra-migrate-meta-layouts":"set","ast-page-background-enabled":"default","ast-page-background-meta":{"desktop":{"background-color":"","background-image":"","background-repeat":"repeat","background-position":"center center","background-size":"auto","background-attachment":"scroll","background-type":"","background-media":"","overlay-type":"","overlay-color":"","overlay-opacity":"","overlay-gradient":""},"tablet":{"background-color":"","background-image":"","background-repeat":"repeat","background-position":"center center","background-size":"auto","background-attachment":"scroll","background-type":"","background-media":"","overlay-type":"","overlay-color":"","overlay-opacity":"","overlay-gradient":""},"mobile":{"background-color":"","background-image":"","background-repeat":"repeat","background-position":"center center","background-size":"auto","background-attachment":"scroll","background-type":"","background-media":"","overlay-type":"","overlay-color":"","overlay-opacity":"","overlay-gradient":""}},"ast-content-background-meta":{"desktop":{"background-color":"var(--ast-global-color-5)","background-image":"","background-repeat":"repeat","background-position":"center center","background-size":"auto","background-attachment":"scroll","background-type":"","background-media":"","overlay-type":"","overlay-color":"","overlay-opacity":"","overlay-gradient":""},"tablet":{"background-color":"var(--ast-global-color-5)","background-image":"","background-repeat":"repeat","background-position":"center center","background-size":"auto","background-attachment":"scroll","background-type":"","background-media":"","overlay-type":"","overlay-color":"","overlay-opacity":"","overlay-gradient":""},"mobile":{"background-color":"var(--ast-global-color-5)","background-image":"","background-repeat":"repeat","background-position":"center center","background-size":"auto","background-attachment":"scroll","background-type":"","background-media":"","overlay-type":"","overlay-color":"","overlay-opacity":"","overlay-gradient":""}}},"product_brand":[],"product_cat":[116,122],"product_tag":[],"class_list":{"0":"post-12102","1":"product","2":"type-product","3":"status-publish","4":"has-post-thumbnail","6":"product_cat-allen-bradley","7":"product_cat-daznio-keitikliai","8":"desktop-align-left","9":"tablet-align-left","10":"mobile-align-left","11":"ast-product-gallery-layout-horizontal-slider","12":"ast-product-gallery-with-no-image","13":"ast-product-tabs-layout-horizontal","15":"first","16":"onbackorder","17":"taxable","18":"shipping-taxable","19":"purchasable","20":"product-type-simple"},"yoast_head":"<!-- This site is optimized with the Yoast SEO plugin v27.3 - https:\/\/yoast.com\/product\/yoast-seo-wordpress\/ -->\n<title>20DC205A0ENNANANE | PLC Supply spot<\/title>\n<meta name=\"description\" content=\"Allen-Bradley 20DC205A0ENNANANE \u2013 PowerFlex DC keitiklis DC varikli\u0173 valdymui.\" \/>\n<meta name=\"robots\" content=\"index, follow, max-snippet:-1, max-image-preview:large, max-video-preview:-1\" \/>\n<link rel=\"canonical\" href=\"https:\/\/plcsupplyspot.com\/lt\/automatikos-komponentai\/20dc205a0ennanane\/\" \/>\n<meta property=\"og:locale\" content=\"lt_LT\" \/>\n<meta property=\"og:type\" content=\"article\" \/>\n<meta property=\"og:title\" content=\"20DC205A0ENNANANE | PLC Supply spot\" \/>\n<meta property=\"og:description\" content=\"Allen-Bradley 20DC205A0ENNANANE \u2013 PowerFlex DC keitiklis DC varikli\u0173 valdymui.\" \/>\n<meta property=\"og:url\" content=\"https:\/\/plcsupplyspot.com\/lt\/automatikos-komponentai\/20dc205a0ennanane\/\" \/>\n<meta property=\"og:site_name\" content=\"PLC Supply spot\" \/>\n<meta property=\"article:publisher\" content=\"https:\/\/www.facebook.com\/profile.php?id=61571705128033\" \/>\n<meta property=\"article:modified_time\" content=\"2026-04-22T09:26:02+00:00\" \/>\n<meta property=\"og:image\" content=\"https:\/\/plcsupplyspot.com\/wp-content\/uploads\/2026\/04\/20DC205A0ENNANANE.jpg\" \/>\n\t<meta property=\"og:image:width\" content=\"450\" \/>\n\t<meta property=\"og:image:height\" content=\"450\" \/>\n\t<meta property=\"og:image:type\" content=\"image\/jpeg\" \/>\n<meta name=\"twitter:card\" content=\"summary_large_image\" \/>\n<meta name=\"twitter:label1\" content=\"Est. reading time\" \/>\n\t<meta name=\"twitter:data1\" content=\"1 minut\u0117\" \/>\n<!-- \/ Yoast SEO plugin. -->","yoast_head_json":{"title":"20DC205A0ENNANANE | PLC Supply spot","description":"Allen-Bradley 20DC205A0ENNANANE \u2013 PowerFlex DC keitiklis DC varikli\u0173 valdymui.","robots":{"index":"index","follow":"follow","max-snippet":"max-snippet:-1","max-image-preview":"max-image-preview:large","max-video-preview":"max-video-preview:-1"},"canonical":"https:\/\/plcsupplyspot.com\/lt\/automatikos-komponentai\/20dc205a0ennanane\/","og_locale":"lt_LT","og_type":"article","og_title":"20DC205A0ENNANANE | PLC Supply spot","og_description":"Allen-Bradley 20DC205A0ENNANANE \u2013 PowerFlex DC keitiklis DC varikli\u0173 valdymui.","og_url":"https:\/\/plcsupplyspot.com\/lt\/automatikos-komponentai\/20dc205a0ennanane\/","og_site_name":"PLC Supply spot","article_publisher":"https:\/\/www.facebook.com\/profile.php?id=61571705128033","article_modified_time":"2026-04-22T09:26:02+00:00","og_image":[{"width":450,"height":450,"url":"https:\/\/plcsupplyspot.com\/wp-content\/uploads\/2026\/04\/20DC205A0ENNANANE.jpg","type":"image\/jpeg"}],"twitter_card":"summary_large_image","twitter_misc":{"Est. reading time":"1 minut\u0117"},"schema":{"@context":"https:\/\/schema.org","@graph":[{"@type":"WebPage","@id":"https:\/\/plcsupplyspot.com\/lt\/automatikos-komponentai\/20dc205a0ennanane\/","url":"https:\/\/plcsupplyspot.com\/lt\/automatikos-komponentai\/20dc205a0ennanane\/","name":"20DC205A0ENNANANE | PLC Supply spot","isPartOf":{"@id":"https:\/\/plcsupplyspot.com\/lt\/#website"},"primaryImageOfPage":{"@id":"https:\/\/plcsupplyspot.com\/lt\/automatikos-komponentai\/20dc205a0ennanane\/#primaryimage"},"image":{"@id":"https:\/\/plcsupplyspot.com\/lt\/automatikos-komponentai\/20dc205a0ennanane\/#primaryimage"},"thumbnailUrl":"https:\/\/plcsupplyspot.com\/wp-content\/uploads\/2026\/04\/20DC205A0ENNANANE.jpg","datePublished":"2026-04-22T09:17:40+00:00","dateModified":"2026-04-22T09:26:02+00:00","description":"Allen-Bradley 20DC205A0ENNANANE \u2013 PowerFlex DC keitiklis DC varikli\u0173 valdymui.","breadcrumb":{"@id":"https:\/\/plcsupplyspot.com\/lt\/automatikos-komponentai\/20dc205a0ennanane\/#breadcrumb"},"inLanguage":"lt-LT","potentialAction":[{"@type":"ReadAction","target":["https:\/\/plcsupplyspot.com\/lt\/automatikos-komponentai\/20dc205a0ennanane\/"]}]},{"@type":"ImageObject","inLanguage":"lt-LT","@id":"https:\/\/plcsupplyspot.com\/lt\/automatikos-komponentai\/20dc205a0ennanane\/#primaryimage","url":"https:\/\/plcsupplyspot.com\/wp-content\/uploads\/2026\/04\/20DC205A0ENNANANE.jpg","contentUrl":"https:\/\/plcsupplyspot.com\/wp-content\/uploads\/2026\/04\/20DC205A0ENNANANE.jpg","width":450,"height":450},{"@type":"BreadcrumbList","@id":"https:\/\/plcsupplyspot.com\/lt\/automatikos-komponentai\/20dc205a0ennanane\/#breadcrumb","itemListElement":[{"@type":"ListItem","position":1,"name":"home","item":"https:\/\/plcsupplyspot.com\/lt\/"},{"@type":"ListItem","position":2,"name":"Automatikos komponentai","item":"https:\/\/plcsupplyspot.com\/lt\/automatikos-komponentai\/"},{"@type":"ListItem","position":3,"name":"20DC205A0ENNANANE"}]},{"@type":"WebSite","@id":"https:\/\/plcsupplyspot.com\/lt\/#website","url":"https:\/\/plcsupplyspot.com\/lt\/","name":"PLC Supply Spot","description":"Innovate. Accelerate. Automate!","publisher":{"@id":"https:\/\/plcsupplyspot.com\/lt\/#organization"},"potentialAction":[{"@type":"SearchAction","target":{"@type":"EntryPoint","urlTemplate":"https:\/\/plcsupplyspot.com\/lt\/?s={search_term_string}"},"query-input":{"@type":"PropertyValueSpecification","valueRequired":true,"valueName":"search_term_string"}}],"inLanguage":"lt-LT"},{"@type":"Organization","@id":"https:\/\/plcsupplyspot.com\/lt\/#organization","name":"PLC Supply Spot","alternateName":"PLC Supply Spot","url":"https:\/\/plcsupplyspot.com\/lt\/","logo":{"@type":"ImageObject","inLanguage":"lt-LT","@id":"https:\/\/plcsupplyspot.com\/lt\/#\/schema\/logo\/image\/","url":"https:\/\/plcsupplyspot.com\/wp-content\/uploads\/2026\/01\/plc-supply-spot-logo-1.png","contentUrl":"https:\/\/plcsupplyspot.com\/wp-content\/uploads\/2026\/01\/plc-supply-spot-logo-1.png","width":720,"height":720,"caption":"PLC Supply Spot"},"image":{"@id":"https:\/\/plcsupplyspot.com\/lt\/#\/schema\/logo\/image\/"},"sameAs":["https:\/\/www.facebook.com\/profile.php?id=61571705128033"]}]}},"_links":{"self":[{"href":"https:\/\/plcsupplyspot.com\/lt\/wp-json\/wp\/v2\/product\/12102","targetHints":{"allow":["GET"]}}],"collection":[{"href":"https:\/\/plcsupplyspot.com\/lt\/wp-json\/wp\/v2\/product"}],"about":[{"href":"https:\/\/plcsupplyspot.com\/lt\/wp-json\/wp\/v2\/types\/product"}],"version-history":[{"count":3,"href":"https:\/\/plcsupplyspot.com\/lt\/wp-json\/wp\/v2\/product\/12102\/revisions"}],"predecessor-version":[{"id":12108,"href":"https:\/\/plcsupplyspot.com\/lt\/wp-json\/wp\/v2\/product\/12102\/revisions\/12108"}],"wp:featuredmedia":[{"embeddable":true,"href":"https:\/\/plcsupplyspot.com\/lt\/wp-json\/wp\/v2\/media\/12104"}],"wp:attachment":[{"href":"https:\/\/plcsupplyspot.com\/lt\/wp-json\/wp\/v2\/media?parent=12102"}],"wp:term":[{"taxonomy":"product_brand","embeddable":true,"href":"https:\/\/plcsupplyspot.com\/lt\/wp-json\/wp\/v2\/product_brand?post=12102"},{"taxonomy":"product_cat","embeddable":true,"href":"https:\/\/plcsupplyspot.com\/lt\/wp-json\/wp\/v2\/product_cat?post=12102"},{"taxonomy":"product_tag","embeddable":true,"href":"https:\/\/plcsupplyspot.com\/lt\/wp-json\/wp\/v2\/product_tag?post=12102"}],"curies":[{"name":"wp","href":"https:\/\/api.w.org\/{rel}","templated":true}]}}