{"id":11937,"date":"2026-04-20T11:52:32","date_gmt":"2026-04-20T11:52:32","guid":{"rendered":"https:\/\/plcsupplyspot.com\/?post_type=product&#038;p=11937"},"modified":"2026-04-20T12:02:12","modified_gmt":"2026-04-20T12:02:12","slug":"1606-xle120e","status":"publish","type":"product","link":"https:\/\/plcsupplyspot.com\/lt\/automatikos-komponentai\/1606-xle120e\/","title":{"rendered":"1606-XLE120E"},"content":{"rendered":"<p data-start=\"1483\" data-end=\"1534\"><strong data-start=\"1483\" data-end=\"1534\">Allen-Bradley 1606-XLE120E \u2013 maitinimo \u0161altinis<\/strong><\/p>\n<p data-start=\"1536\" data-end=\"1727\">Allen-Bradley 1606-XLE120E yra kompakti\u0161kas DIN b\u0117gelio maitinimo \u0161altinis, skirtas pramonin\u0117ms automatizavimo sistemoms. Jis u\u017etikrina stabil\u0173 24 V DC maitinim\u0105 PLC ir kitiems \u012frenginiams.<\/p>\n<p data-start=\"1729\" data-end=\"1791\">Priklauso XLE serijai, pasi\u017eymin\u010diai efektyvumu ir patikimumu.<\/p>\n<p data-start=\"1793\" data-end=\"2089\"><strong data-start=\"1793\" data-end=\"1816\">Technin\u0117 santrauka:<\/strong><br data-start=\"1816\" data-end=\"1819\" \/>\u2022 Serija: 1606 (XLE)<br data-start=\"1839\" data-end=\"1842\" \/>\u2022 Produkto tipas: maitinimo \u0161altinis<br data-start=\"1878\" data-end=\"1881\" \/>\u2022 Modelis: 1606-XLE120E<br data-start=\"1904\" data-end=\"1907\" \/>\u2022 Galia: 120 W<br data-start=\"1921\" data-end=\"1924\" \/>\u2022 \u012e\u0117jimo \u012ftampa: 100\u2013240 V AC<br data-start=\"1953\" data-end=\"1956\" \/>\u2022 I\u0161\u0117jimo \u012ftampa: 24 V DC<br data-start=\"1981\" data-end=\"1984\" \/>\u2022 I\u0161\u0117jimo srov\u0117: apie 5 A<br data-start=\"2009\" data-end=\"2012\" \/>\u2022 Efektyvumas: auk\u0161tas<br data-start=\"2034\" data-end=\"2037\" \/>\u2022 Montavimas: DIN b\u0117gelis<br data-start=\"2062\" data-end=\"2065\" \/>\u2022 Apsaugos klas\u0117: IP20<\/p>\n<p data-start=\"2091\" data-end=\"2228\"><strong data-start=\"2091\" data-end=\"2122\">Tipin\u0117s panaudojimo sritys:<\/strong><br data-start=\"2122\" data-end=\"2125\" \/>\u2022 PLC sistemos<br data-start=\"2139\" data-end=\"2142\" \/>\u2022 Valdymo spintos<br data-start=\"2159\" data-end=\"2162\" \/>\u2022 Automatizavimas<br data-start=\"2179\" data-end=\"2182\" \/>\u2022 Ma\u0161in\u0173 valdymas<br data-start=\"2199\" data-end=\"2202\" \/>\u2022 Pramoniniai \u012frenginiai<\/p>\n<p data-start=\"2230\" data-end=\"2379\"><strong data-start=\"2230\" data-end=\"2249\">Apie gamintoj\u0105:<\/strong><br data-start=\"2249\" data-end=\"2252\" \/>Allen-Bradley \u2013 Rockwell Automation prek\u0117s \u017eenklas, vienas i\u0161 pasaulini\u0173 lyderi\u0173 automatizavimo ir maitinimo sprendim\u0173 srityje.<\/p>\n","protected":false},"excerpt":{"rendered":"<p data-start=\"420\" data-end=\"484\">120W DIN b\u0117gelio maitinimo \u0161altinis.<\/p>\n<p data-start=\"439\" data-end=\"524\">\n","protected":false},"featured_media":11941,"template":"","meta":{"site-sidebar-layout":"default","site-content-layout":"","ast-site-content-layout":"default","site-content-style":"default","site-sidebar-style":"default","ast-global-header-display":"","ast-banner-title-visibility":"","ast-main-header-display":"","ast-hfb-above-header-display":"","ast-hfb-below-header-display":"","ast-hfb-mobile-header-display":"","site-post-title":"","ast-breadcrumbs-content":"","ast-featured-img":"","footer-sml-layout":"","ast-disable-related-posts":"","theme-transparent-header-meta":"default","adv-header-id-meta":"","stick-header-meta":"default","header-above-stick-meta":"","header-main-stick-meta":"","header-below-stick-meta":"","astra-migrate-meta-layouts":"set","ast-page-background-enabled":"default","ast-page-background-meta":{"desktop":{"background-color":"","background-image":"","background-repeat":"repeat","background-position":"center center","background-size":"auto","background-attachment":"scroll","background-type":"","background-media":"","overlay-type":"","overlay-color":"","overlay-opacity":"","overlay-gradient":""},"tablet":{"background-color":"","background-image":"","background-repeat":"repeat","background-position":"center center","background-size":"auto","background-attachment":"scroll","background-type":"","background-media":"","overlay-type":"","overlay-color":"","overlay-opacity":"","overlay-gradient":""},"mobile":{"background-color":"","background-image":"","background-repeat":"repeat","background-position":"center center","background-size":"auto","background-attachment":"scroll","background-type":"","background-media":"","overlay-type":"","overlay-color":"","overlay-opacity":"","overlay-gradient":""}},"ast-content-background-meta":{"desktop":{"background-color":"var(--ast-global-color-5)","background-image":"","background-repeat":"repeat","background-position":"center center","background-size":"auto","background-attachment":"scroll","background-type":"","background-media":"","overlay-type":"","overlay-color":"","overlay-opacity":"","overlay-gradient":""},"tablet":{"background-color":"var(--ast-global-color-5)","background-image":"","background-repeat":"repeat","background-position":"center center","background-size":"auto","background-attachment":"scroll","background-type":"","background-media":"","overlay-type":"","overlay-color":"","overlay-opacity":"","overlay-gradient":""},"mobile":{"background-color":"var(--ast-global-color-5)","background-image":"","background-repeat":"repeat","background-position":"center center","background-size":"auto","background-attachment":"scroll","background-type":"","background-media":"","overlay-type":"","overlay-color":"","overlay-opacity":"","overlay-gradient":""}}},"product_brand":[],"product_cat":[116,126],"product_tag":[],"class_list":{"0":"post-11937","1":"product","2":"type-product","3":"status-publish","4":"has-post-thumbnail","6":"product_cat-allen-bradley","7":"product_cat-elektros-prekes","8":"desktop-align-left","9":"tablet-align-left","10":"mobile-align-left","11":"ast-product-gallery-layout-horizontal-slider","12":"ast-product-gallery-with-no-image","13":"ast-product-tabs-layout-horizontal","15":"first","16":"onbackorder","17":"taxable","18":"shipping-taxable","19":"purchasable","20":"product-type-simple"},"yoast_head":"<!-- This site is optimized with the Yoast SEO plugin v27.3 - https:\/\/yoast.com\/product\/yoast-seo-wordpress\/ -->\n<title>1606-XLE120E | PLC Supply spot<\/title>\n<meta name=\"description\" content=\"Allen-Bradley 1606-XLE120E \u2013 120W DIN b\u0117gelio maitinimo \u0161altinis pramonei.\" \/>\n<meta name=\"robots\" content=\"index, follow, max-snippet:-1, max-image-preview:large, max-video-preview:-1\" \/>\n<link rel=\"canonical\" href=\"https:\/\/plcsupplyspot.com\/lt\/automatikos-komponentai\/1606-xle120e\/\" \/>\n<meta property=\"og:locale\" content=\"lt_LT\" \/>\n<meta property=\"og:type\" content=\"article\" \/>\n<meta property=\"og:title\" content=\"1606-XLE120E | PLC Supply spot\" \/>\n<meta property=\"og:description\" content=\"Allen-Bradley 1606-XLE120E \u2013 120W DIN b\u0117gelio maitinimo \u0161altinis pramonei.\" \/>\n<meta property=\"og:url\" content=\"https:\/\/plcsupplyspot.com\/lt\/automatikos-komponentai\/1606-xle120e\/\" \/>\n<meta property=\"og:site_name\" content=\"PLC Supply spot\" \/>\n<meta property=\"article:publisher\" content=\"https:\/\/www.facebook.com\/profile.php?id=61571705128033\" \/>\n<meta property=\"article:modified_time\" content=\"2026-04-20T12:02:12+00:00\" \/>\n<meta property=\"og:image\" content=\"https:\/\/plcsupplyspot.com\/wp-content\/uploads\/2026\/04\/1606-XLE120E-1.jpg\" \/>\n\t<meta property=\"og:image:width\" content=\"500\" \/>\n\t<meta property=\"og:image:height\" content=\"500\" \/>\n\t<meta property=\"og:image:type\" content=\"image\/jpeg\" \/>\n<meta name=\"twitter:card\" content=\"summary_large_image\" \/>\n<meta name=\"twitter:label1\" content=\"Est. reading time\" \/>\n\t<meta name=\"twitter:data1\" content=\"1 minut\u0117\" \/>\n<!-- \/ Yoast SEO plugin. -->","yoast_head_json":{"title":"1606-XLE120E | PLC Supply spot","description":"Allen-Bradley 1606-XLE120E \u2013 120W DIN b\u0117gelio maitinimo \u0161altinis pramonei.","robots":{"index":"index","follow":"follow","max-snippet":"max-snippet:-1","max-image-preview":"max-image-preview:large","max-video-preview":"max-video-preview:-1"},"canonical":"https:\/\/plcsupplyspot.com\/lt\/automatikos-komponentai\/1606-xle120e\/","og_locale":"lt_LT","og_type":"article","og_title":"1606-XLE120E | PLC Supply spot","og_description":"Allen-Bradley 1606-XLE120E \u2013 120W DIN b\u0117gelio maitinimo \u0161altinis pramonei.","og_url":"https:\/\/plcsupplyspot.com\/lt\/automatikos-komponentai\/1606-xle120e\/","og_site_name":"PLC Supply spot","article_publisher":"https:\/\/www.facebook.com\/profile.php?id=61571705128033","article_modified_time":"2026-04-20T12:02:12+00:00","og_image":[{"width":500,"height":500,"url":"https:\/\/plcsupplyspot.com\/wp-content\/uploads\/2026\/04\/1606-XLE120E-1.jpg","type":"image\/jpeg"}],"twitter_card":"summary_large_image","twitter_misc":{"Est. reading time":"1 minut\u0117"},"schema":{"@context":"https:\/\/schema.org","@graph":[{"@type":"WebPage","@id":"https:\/\/plcsupplyspot.com\/lt\/automatikos-komponentai\/1606-xle120e\/","url":"https:\/\/plcsupplyspot.com\/lt\/automatikos-komponentai\/1606-xle120e\/","name":"1606-XLE120E | PLC Supply spot","isPartOf":{"@id":"https:\/\/plcsupplyspot.com\/lt\/#website"},"primaryImageOfPage":{"@id":"https:\/\/plcsupplyspot.com\/lt\/automatikos-komponentai\/1606-xle120e\/#primaryimage"},"image":{"@id":"https:\/\/plcsupplyspot.com\/lt\/automatikos-komponentai\/1606-xle120e\/#primaryimage"},"thumbnailUrl":"https:\/\/plcsupplyspot.com\/wp-content\/uploads\/2026\/04\/1606-XLE120E-1.jpg","datePublished":"2026-04-20T11:52:32+00:00","dateModified":"2026-04-20T12:02:12+00:00","description":"Allen-Bradley 1606-XLE120E \u2013 120W DIN b\u0117gelio maitinimo \u0161altinis pramonei.","breadcrumb":{"@id":"https:\/\/plcsupplyspot.com\/lt\/automatikos-komponentai\/1606-xle120e\/#breadcrumb"},"inLanguage":"lt-LT","potentialAction":[{"@type":"ReadAction","target":["https:\/\/plcsupplyspot.com\/lt\/automatikos-komponentai\/1606-xle120e\/"]}]},{"@type":"ImageObject","inLanguage":"lt-LT","@id":"https:\/\/plcsupplyspot.com\/lt\/automatikos-komponentai\/1606-xle120e\/#primaryimage","url":"https:\/\/plcsupplyspot.com\/wp-content\/uploads\/2026\/04\/1606-XLE120E-1.jpg","contentUrl":"https:\/\/plcsupplyspot.com\/wp-content\/uploads\/2026\/04\/1606-XLE120E-1.jpg","width":500,"height":500},{"@type":"BreadcrumbList","@id":"https:\/\/plcsupplyspot.com\/lt\/automatikos-komponentai\/1606-xle120e\/#breadcrumb","itemListElement":[{"@type":"ListItem","position":1,"name":"home","item":"https:\/\/plcsupplyspot.com\/lt\/"},{"@type":"ListItem","position":2,"name":"Automatikos komponentai","item":"https:\/\/plcsupplyspot.com\/lt\/automatikos-komponentai\/"},{"@type":"ListItem","position":3,"name":"1606-XLE120E"}]},{"@type":"WebSite","@id":"https:\/\/plcsupplyspot.com\/lt\/#website","url":"https:\/\/plcsupplyspot.com\/lt\/","name":"PLC Supply Spot","description":"Innovate. Accelerate. Automate!","publisher":{"@id":"https:\/\/plcsupplyspot.com\/lt\/#organization"},"potentialAction":[{"@type":"SearchAction","target":{"@type":"EntryPoint","urlTemplate":"https:\/\/plcsupplyspot.com\/lt\/?s={search_term_string}"},"query-input":{"@type":"PropertyValueSpecification","valueRequired":true,"valueName":"search_term_string"}}],"inLanguage":"lt-LT"},{"@type":"Organization","@id":"https:\/\/plcsupplyspot.com\/lt\/#organization","name":"PLC Supply Spot","alternateName":"PLC Supply Spot","url":"https:\/\/plcsupplyspot.com\/lt\/","logo":{"@type":"ImageObject","inLanguage":"lt-LT","@id":"https:\/\/plcsupplyspot.com\/lt\/#\/schema\/logo\/image\/","url":"https:\/\/plcsupplyspot.com\/wp-content\/uploads\/2026\/01\/plc-supply-spot-logo-1.png","contentUrl":"https:\/\/plcsupplyspot.com\/wp-content\/uploads\/2026\/01\/plc-supply-spot-logo-1.png","width":720,"height":720,"caption":"PLC Supply Spot"},"image":{"@id":"https:\/\/plcsupplyspot.com\/lt\/#\/schema\/logo\/image\/"},"sameAs":["https:\/\/www.facebook.com\/profile.php?id=61571705128033"]}]}},"_links":{"self":[{"href":"https:\/\/plcsupplyspot.com\/lt\/wp-json\/wp\/v2\/product\/11937","targetHints":{"allow":["GET"]}}],"collection":[{"href":"https:\/\/plcsupplyspot.com\/lt\/wp-json\/wp\/v2\/product"}],"about":[{"href":"https:\/\/plcsupplyspot.com\/lt\/wp-json\/wp\/v2\/types\/product"}],"version-history":[{"count":3,"href":"https:\/\/plcsupplyspot.com\/lt\/wp-json\/wp\/v2\/product\/11937\/revisions"}],"predecessor-version":[{"id":11945,"href":"https:\/\/plcsupplyspot.com\/lt\/wp-json\/wp\/v2\/product\/11937\/revisions\/11945"}],"wp:featuredmedia":[{"embeddable":true,"href":"https:\/\/plcsupplyspot.com\/lt\/wp-json\/wp\/v2\/media\/11941"}],"wp:attachment":[{"href":"https:\/\/plcsupplyspot.com\/lt\/wp-json\/wp\/v2\/media?parent=11937"}],"wp:term":[{"taxonomy":"product_brand","embeddable":true,"href":"https:\/\/plcsupplyspot.com\/lt\/wp-json\/wp\/v2\/product_brand?post=11937"},{"taxonomy":"product_cat","embeddable":true,"href":"https:\/\/plcsupplyspot.com\/lt\/wp-json\/wp\/v2\/product_cat?post=11937"},{"taxonomy":"product_tag","embeddable":true,"href":"https:\/\/plcsupplyspot.com\/lt\/wp-json\/wp\/v2\/product_tag?post=11937"}],"curies":[{"name":"wp","href":"https:\/\/api.w.org\/{rel}","templated":true}]}}