{"id":11882,"date":"2026-04-20T10:28:10","date_gmt":"2026-04-20T10:28:10","guid":{"rendered":"https:\/\/plcsupplyspot.com\/?post_type=product&#038;p=11882"},"modified":"2026-04-20T10:39:26","modified_gmt":"2026-04-20T10:39:26","slug":"6es7138-4cf03-0ab0","status":"publish","type":"product","link":"https:\/\/plcsupplyspot.com\/lt\/automatikos-komponentai\/6es7138-4cf03-0ab0\/","title":{"rendered":"6ES7138-4CF03-0AB0"},"content":{"rendered":"<p data-start=\"1579\" data-end=\"1629\"><strong data-start=\"1579\" data-end=\"1629\">Siemens 6ES7138-4CF03-0AB0 \u2013 maitinimo modulis<\/strong><\/p>\n<p data-start=\"1631\" data-end=\"1804\">Siemens 6ES7138-4CF03-0AB0 yra SIMATIC ET 200S serijos maitinimo modulis, skirtas paskirstyti apkrovos \u012ftamp\u0105 automatizavimo sistemose. Jis naudojamas ET 200S I\/O stotyse.<\/p>\n<p data-start=\"1806\" data-end=\"1877\">Modulis u\u017etikrina stabil\u0173 energijos tiekim\u0105 prijungtiems I\/O moduliams.<\/p>\n<p data-start=\"1879\" data-end=\"2180\"><strong data-start=\"1879\" data-end=\"1902\">Technin\u0117 santrauka:<\/strong><br data-start=\"1902\" data-end=\"1905\" \/>\u2022 Serija: SIMATIC ET 200S<br data-start=\"1930\" data-end=\"1933\" \/>\u2022 Produkto tipas: maitinimo modulis<br data-start=\"1968\" data-end=\"1971\" \/>\u2022 Modelis: 6ES7138-4CF03-0AB0<br data-start=\"2000\" data-end=\"2003\" \/>\u2022 Funkcija: apkrovos \u012ftampos paskirstymas<br data-start=\"2044\" data-end=\"2047\" \/>\u2022 Sistema: paskirstyta I\/O<br data-start=\"2073\" data-end=\"2076\" \/>\u2022 Integracija: ET 200S<br data-start=\"2098\" data-end=\"2101\" \/>\u2022 Montavimas: DIN b\u0117gelis<br data-start=\"2126\" data-end=\"2129\" \/>\u2022 Konstrukcija: modulin\u0117<br data-start=\"2153\" data-end=\"2156\" \/>\u2022 Apsaugos klas\u0117: IP20<\/p>\n<p data-start=\"2182\" data-end=\"2324\"><strong data-start=\"2182\" data-end=\"2213\">Tipin\u0117s panaudojimo sritys:<\/strong><br data-start=\"2213\" data-end=\"2216\" \/>\u2022 Paskirstytos I\/O sistemos<br data-start=\"2243\" data-end=\"2246\" \/>\u2022 Automatizavimas<br data-start=\"2263\" data-end=\"2266\" \/>\u2022 Ma\u0161in\u0173 valdymas<br data-start=\"2283\" data-end=\"2286\" \/>\u2022 Valdymo spintos<br data-start=\"2303\" data-end=\"2306\" \/>\u2022 Gamybos \u012franga<\/p>\n<p data-start=\"2326\" data-end=\"2418\"><strong data-start=\"2326\" data-end=\"2345\">Apie gamintoj\u0105:<\/strong><br data-start=\"2345\" data-end=\"2348\" \/>Siemens \u2013 viena i\u0161 pasaulini\u0173 lyderi\u0173 pramon\u0117s automatizavimo srityje.<\/p>\n","protected":false},"excerpt":{"rendered":"<p data-start=\"488\" data-end=\"556\">ET 200S maitinimo modulis I\/O sistemoms.<\/p>\n<p data-start=\"439\" data-end=\"524\">\n","protected":false},"featured_media":11884,"template":"","meta":{"site-sidebar-layout":"default","site-content-layout":"","ast-site-content-layout":"default","site-content-style":"default","site-sidebar-style":"default","ast-global-header-display":"","ast-banner-title-visibility":"","ast-main-header-display":"","ast-hfb-above-header-display":"","ast-hfb-below-header-display":"","ast-hfb-mobile-header-display":"","site-post-title":"","ast-breadcrumbs-content":"","ast-featured-img":"","footer-sml-layout":"","ast-disable-related-posts":"","theme-transparent-header-meta":"default","adv-header-id-meta":"","stick-header-meta":"default","header-above-stick-meta":"","header-main-stick-meta":"","header-below-stick-meta":"","astra-migrate-meta-layouts":"set","ast-page-background-enabled":"default","ast-page-background-meta":{"desktop":{"background-color":"","background-image":"","background-repeat":"repeat","background-position":"center center","background-size":"auto","background-attachment":"scroll","background-type":"","background-media":"","overlay-type":"","overlay-color":"","overlay-opacity":"","overlay-gradient":""},"tablet":{"background-color":"","background-image":"","background-repeat":"repeat","background-position":"center center","background-size":"auto","background-attachment":"scroll","background-type":"","background-media":"","overlay-type":"","overlay-color":"","overlay-opacity":"","overlay-gradient":""},"mobile":{"background-color":"","background-image":"","background-repeat":"repeat","background-position":"center center","background-size":"auto","background-attachment":"scroll","background-type":"","background-media":"","overlay-type":"","overlay-color":"","overlay-opacity":"","overlay-gradient":""}},"ast-content-background-meta":{"desktop":{"background-color":"var(--ast-global-color-5)","background-image":"","background-repeat":"repeat","background-position":"center center","background-size":"auto","background-attachment":"scroll","background-type":"","background-media":"","overlay-type":"","overlay-color":"","overlay-opacity":"","overlay-gradient":""},"tablet":{"background-color":"var(--ast-global-color-5)","background-image":"","background-repeat":"repeat","background-position":"center center","background-size":"auto","background-attachment":"scroll","background-type":"","background-media":"","overlay-type":"","overlay-color":"","overlay-opacity":"","overlay-gradient":""},"mobile":{"background-color":"var(--ast-global-color-5)","background-image":"","background-repeat":"repeat","background-position":"center center","background-size":"auto","background-attachment":"scroll","background-type":"","background-media":"","overlay-type":"","overlay-color":"","overlay-opacity":"","overlay-gradient":""}}},"product_brand":[],"product_cat":[121],"product_tag":[],"class_list":{"0":"post-11882","1":"product","2":"type-product","3":"status-publish","4":"has-post-thumbnail","6":"product_cat-siemens","7":"desktop-align-left","8":"tablet-align-left","9":"mobile-align-left","10":"ast-product-gallery-layout-horizontal-slider","11":"ast-product-tabs-layout-horizontal","13":"first","14":"onbackorder","15":"taxable","16":"shipping-taxable","17":"purchasable","18":"product-type-simple"},"yoast_head":"<!-- This site is optimized with the Yoast SEO plugin v27.3 - https:\/\/yoast.com\/product\/yoast-seo-wordpress\/ -->\n<title>6ES7138-4CF03-0AB0 | PLC Supply spot<\/title>\n<meta name=\"description\" content=\"Siemens 6ES7138-4CF03-0AB0 SIMATIC ET 200S Maitinimo Modulis\" \/>\n<meta name=\"robots\" content=\"index, follow, max-snippet:-1, max-image-preview:large, max-video-preview:-1\" \/>\n<link rel=\"canonical\" href=\"https:\/\/plcsupplyspot.com\/lt\/automatikos-komponentai\/6es7138-4cf03-0ab0\/\" \/>\n<meta property=\"og:locale\" content=\"lt_LT\" \/>\n<meta property=\"og:type\" content=\"article\" \/>\n<meta property=\"og:title\" content=\"6ES7138-4CF03-0AB0 | PLC Supply spot\" \/>\n<meta property=\"og:description\" content=\"Siemens 6ES7138-4CF03-0AB0 SIMATIC ET 200S Maitinimo Modulis\" \/>\n<meta property=\"og:url\" content=\"https:\/\/plcsupplyspot.com\/lt\/automatikos-komponentai\/6es7138-4cf03-0ab0\/\" \/>\n<meta property=\"og:site_name\" content=\"PLC Supply spot\" \/>\n<meta property=\"article:publisher\" content=\"https:\/\/www.facebook.com\/profile.php?id=61571705128033\" \/>\n<meta property=\"article:modified_time\" content=\"2026-04-20T10:39:26+00:00\" \/>\n<meta property=\"og:image\" content=\"https:\/\/plcsupplyspot.com\/wp-content\/uploads\/2026\/04\/6ES7138-4CF03-0AB0.jpg\" \/>\n\t<meta property=\"og:image:width\" content=\"600\" \/>\n\t<meta property=\"og:image:height\" content=\"600\" \/>\n\t<meta property=\"og:image:type\" content=\"image\/jpeg\" \/>\n<meta name=\"twitter:card\" content=\"summary_large_image\" \/>\n<meta name=\"twitter:label1\" content=\"Est. reading time\" \/>\n\t<meta name=\"twitter:data1\" content=\"1 minut\u0117\" \/>\n<!-- \/ Yoast SEO plugin. -->","yoast_head_json":{"title":"6ES7138-4CF03-0AB0 | PLC Supply spot","description":"Siemens 6ES7138-4CF03-0AB0 SIMATIC ET 200S Maitinimo Modulis","robots":{"index":"index","follow":"follow","max-snippet":"max-snippet:-1","max-image-preview":"max-image-preview:large","max-video-preview":"max-video-preview:-1"},"canonical":"https:\/\/plcsupplyspot.com\/lt\/automatikos-komponentai\/6es7138-4cf03-0ab0\/","og_locale":"lt_LT","og_type":"article","og_title":"6ES7138-4CF03-0AB0 | PLC Supply spot","og_description":"Siemens 6ES7138-4CF03-0AB0 SIMATIC ET 200S Maitinimo Modulis","og_url":"https:\/\/plcsupplyspot.com\/lt\/automatikos-komponentai\/6es7138-4cf03-0ab0\/","og_site_name":"PLC Supply spot","article_publisher":"https:\/\/www.facebook.com\/profile.php?id=61571705128033","article_modified_time":"2026-04-20T10:39:26+00:00","og_image":[{"width":600,"height":600,"url":"https:\/\/plcsupplyspot.com\/wp-content\/uploads\/2026\/04\/6ES7138-4CF03-0AB0.jpg","type":"image\/jpeg"}],"twitter_card":"summary_large_image","twitter_misc":{"Est. reading time":"1 minut\u0117"},"schema":{"@context":"https:\/\/schema.org","@graph":[{"@type":"WebPage","@id":"https:\/\/plcsupplyspot.com\/lt\/automatikos-komponentai\/6es7138-4cf03-0ab0\/","url":"https:\/\/plcsupplyspot.com\/lt\/automatikos-komponentai\/6es7138-4cf03-0ab0\/","name":"6ES7138-4CF03-0AB0 | PLC Supply spot","isPartOf":{"@id":"https:\/\/plcsupplyspot.com\/lt\/#website"},"primaryImageOfPage":{"@id":"https:\/\/plcsupplyspot.com\/lt\/automatikos-komponentai\/6es7138-4cf03-0ab0\/#primaryimage"},"image":{"@id":"https:\/\/plcsupplyspot.com\/lt\/automatikos-komponentai\/6es7138-4cf03-0ab0\/#primaryimage"},"thumbnailUrl":"https:\/\/plcsupplyspot.com\/wp-content\/uploads\/2026\/04\/6ES7138-4CF03-0AB0.jpg","datePublished":"2026-04-20T10:28:10+00:00","dateModified":"2026-04-20T10:39:26+00:00","description":"Siemens 6ES7138-4CF03-0AB0 SIMATIC ET 200S Maitinimo Modulis","breadcrumb":{"@id":"https:\/\/plcsupplyspot.com\/lt\/automatikos-komponentai\/6es7138-4cf03-0ab0\/#breadcrumb"},"inLanguage":"lt-LT","potentialAction":[{"@type":"ReadAction","target":["https:\/\/plcsupplyspot.com\/lt\/automatikos-komponentai\/6es7138-4cf03-0ab0\/"]}]},{"@type":"ImageObject","inLanguage":"lt-LT","@id":"https:\/\/plcsupplyspot.com\/lt\/automatikos-komponentai\/6es7138-4cf03-0ab0\/#primaryimage","url":"https:\/\/plcsupplyspot.com\/wp-content\/uploads\/2026\/04\/6ES7138-4CF03-0AB0.jpg","contentUrl":"https:\/\/plcsupplyspot.com\/wp-content\/uploads\/2026\/04\/6ES7138-4CF03-0AB0.jpg","width":600,"height":600},{"@type":"BreadcrumbList","@id":"https:\/\/plcsupplyspot.com\/lt\/automatikos-komponentai\/6es7138-4cf03-0ab0\/#breadcrumb","itemListElement":[{"@type":"ListItem","position":1,"name":"home","item":"https:\/\/plcsupplyspot.com\/lt\/"},{"@type":"ListItem","position":2,"name":"Automatikos komponentai","item":"https:\/\/plcsupplyspot.com\/lt\/automatikos-komponentai\/"},{"@type":"ListItem","position":3,"name":"6ES7138-4CF03-0AB0"}]},{"@type":"WebSite","@id":"https:\/\/plcsupplyspot.com\/lt\/#website","url":"https:\/\/plcsupplyspot.com\/lt\/","name":"PLC Supply Spot","description":"Innovate. Accelerate. Automate!","publisher":{"@id":"https:\/\/plcsupplyspot.com\/lt\/#organization"},"potentialAction":[{"@type":"SearchAction","target":{"@type":"EntryPoint","urlTemplate":"https:\/\/plcsupplyspot.com\/lt\/?s={search_term_string}"},"query-input":{"@type":"PropertyValueSpecification","valueRequired":true,"valueName":"search_term_string"}}],"inLanguage":"lt-LT"},{"@type":"Organization","@id":"https:\/\/plcsupplyspot.com\/lt\/#organization","name":"PLC Supply Spot","alternateName":"PLC Supply Spot","url":"https:\/\/plcsupplyspot.com\/lt\/","logo":{"@type":"ImageObject","inLanguage":"lt-LT","@id":"https:\/\/plcsupplyspot.com\/lt\/#\/schema\/logo\/image\/","url":"https:\/\/plcsupplyspot.com\/wp-content\/uploads\/2026\/01\/plc-supply-spot-logo-1.png","contentUrl":"https:\/\/plcsupplyspot.com\/wp-content\/uploads\/2026\/01\/plc-supply-spot-logo-1.png","width":720,"height":720,"caption":"PLC Supply Spot"},"image":{"@id":"https:\/\/plcsupplyspot.com\/lt\/#\/schema\/logo\/image\/"},"sameAs":["https:\/\/www.facebook.com\/profile.php?id=61571705128033"]}]}},"_links":{"self":[{"href":"https:\/\/plcsupplyspot.com\/lt\/wp-json\/wp\/v2\/product\/11882","targetHints":{"allow":["GET"]}}],"collection":[{"href":"https:\/\/plcsupplyspot.com\/lt\/wp-json\/wp\/v2\/product"}],"about":[{"href":"https:\/\/plcsupplyspot.com\/lt\/wp-json\/wp\/v2\/types\/product"}],"version-history":[{"count":3,"href":"https:\/\/plcsupplyspot.com\/lt\/wp-json\/wp\/v2\/product\/11882\/revisions"}],"predecessor-version":[{"id":11890,"href":"https:\/\/plcsupplyspot.com\/lt\/wp-json\/wp\/v2\/product\/11882\/revisions\/11890"}],"wp:featuredmedia":[{"embeddable":true,"href":"https:\/\/plcsupplyspot.com\/lt\/wp-json\/wp\/v2\/media\/11884"}],"wp:attachment":[{"href":"https:\/\/plcsupplyspot.com\/lt\/wp-json\/wp\/v2\/media?parent=11882"}],"wp:term":[{"taxonomy":"product_brand","embeddable":true,"href":"https:\/\/plcsupplyspot.com\/lt\/wp-json\/wp\/v2\/product_brand?post=11882"},{"taxonomy":"product_cat","embeddable":true,"href":"https:\/\/plcsupplyspot.com\/lt\/wp-json\/wp\/v2\/product_cat?post=11882"},{"taxonomy":"product_tag","embeddable":true,"href":"https:\/\/plcsupplyspot.com\/lt\/wp-json\/wp\/v2\/product_tag?post=11882"}],"curies":[{"name":"wp","href":"https:\/\/api.w.org\/{rel}","templated":true}]}}