{"id":11722,"date":"2026-04-16T12:01:28","date_gmt":"2026-04-16T12:01:28","guid":{"rendered":"https:\/\/plcsupplyspot.com\/?post_type=product&#038;p=11722"},"modified":"2026-04-16T12:06:06","modified_gmt":"2026-04-16T12:06:06","slug":"mpl-b680f-mj72aa","status":"publish","type":"product","link":"https:\/\/plcsupplyspot.com\/lt\/automatikos-komponentai\/mpl-b680f-mj72aa\/","title":{"rendered":"MPL-B680F-MJ72AA"},"content":{"rendered":"<p data-start=\"1714\" data-end=\"1765\"><strong data-start=\"1714\" data-end=\"1765\">Allen-Bradley MPL-B680F-MJ72AA \u2013 servo variklis<\/strong><\/p>\n<p data-start=\"1767\" data-end=\"2001\">Allen-Bradley MPL-B680F-MJ72AA yra MP-Series servo variklis, skirtas sud\u0117tingoms pramon\u0117s automatizavimo sistemoms. Jis pasi\u017eymi dideliu sukimo momentu, tikslia pozicionavimo kontrole ir stabilia veikla net esant didel\u0117ms apkrovoms.<\/p>\n<p data-start=\"2003\" data-end=\"2059\">Variklis optimizuotas darbui su Kinetix servo pavaromis.<\/p>\n<p data-start=\"2061\" data-end=\"2378\"><strong data-start=\"2061\" data-end=\"2084\">Technin\u0117 santrauka:<\/strong><br data-start=\"2084\" data-end=\"2087\" \/>\u2022 Serija: MP-Series (MPL)<br data-start=\"2112\" data-end=\"2115\" \/>\u2022 Produkto tipas: servo variklis<br data-start=\"2147\" data-end=\"2150\" \/>\u2022 Modelis: MPL-B680F-MJ72AA<br data-start=\"2177\" data-end=\"2180\" \/>\u2022 Konstrukcija: ma\u017eos inercijos, auk\u0161to na\u0161umo<br data-start=\"2226\" data-end=\"2229\" \/>\u2022 Gr\u012f\u017etamasis ry\u0161ys: enkoderis<br data-start=\"2259\" data-end=\"2262\" \/>\u2022 \u012etampos klas\u0117: 200V<br data-start=\"2283\" data-end=\"2286\" \/>\u2022 Dydis: 680<br data-start=\"2298\" data-end=\"2301\" \/>\u2022 Sukimo momentas: didelis<br data-start=\"2327\" data-end=\"2330\" \/>\u2022 Montavimas: flan\u0161inis<br data-start=\"2353\" data-end=\"2356\" \/>\u2022 Apsauga: pramonin\u0117<\/p>\n<p data-start=\"2380\" data-end=\"2512\"><strong data-start=\"2380\" data-end=\"2411\">Tipin\u0117s panaudojimo sritys:<\/strong><br data-start=\"2411\" data-end=\"2414\" \/>\u2022 Didel\u0117s apkrovos sistemos<br data-start=\"2441\" data-end=\"2444\" \/>\u2022 Robotika<br data-start=\"2454\" data-end=\"2457\" \/>\u2022 CNC stakl\u0117s<br data-start=\"2470\" data-end=\"2473\" \/>\u2022 Pakavimo \u012franga<br data-start=\"2490\" data-end=\"2493\" \/>\u2022 Gamybos linijos<\/p>\n<p data-start=\"2514\" data-end=\"2640\"><strong data-start=\"2514\" data-end=\"2533\">Apie gamintoj\u0105:<\/strong><br data-start=\"2533\" data-end=\"2536\" \/>Allen-Bradley \u2013 Rockwell Automation prek\u0117s \u017eenklas, vienas i\u0161 pasaulini\u0173 lyderi\u0173 automatizavimo srityje.<\/p>\n","protected":false},"excerpt":{"rendered":"<p data-start=\"476\" data-end=\"553\">MP-Series servo variklis auk\u0161to na\u0161umo sistemoms.<\/p>\n<p data-start=\"439\" data-end=\"524\">\n","protected":false},"featured_media":11724,"template":"","meta":{"site-sidebar-layout":"default","site-content-layout":"","ast-site-content-layout":"default","site-content-style":"default","site-sidebar-style":"default","ast-global-header-display":"","ast-banner-title-visibility":"","ast-main-header-display":"","ast-hfb-above-header-display":"","ast-hfb-below-header-display":"","ast-hfb-mobile-header-display":"","site-post-title":"","ast-breadcrumbs-content":"","ast-featured-img":"","footer-sml-layout":"","ast-disable-related-posts":"","theme-transparent-header-meta":"default","adv-header-id-meta":"","stick-header-meta":"default","header-above-stick-meta":"","header-main-stick-meta":"","header-below-stick-meta":"","astra-migrate-meta-layouts":"set","ast-page-background-enabled":"default","ast-page-background-meta":{"desktop":{"background-color":"","background-image":"","background-repeat":"repeat","background-position":"center center","background-size":"auto","background-attachment":"scroll","background-type":"","background-media":"","overlay-type":"","overlay-color":"","overlay-opacity":"","overlay-gradient":""},"tablet":{"background-color":"","background-image":"","background-repeat":"repeat","background-position":"center center","background-size":"auto","background-attachment":"scroll","background-type":"","background-media":"","overlay-type":"","overlay-color":"","overlay-opacity":"","overlay-gradient":""},"mobile":{"background-color":"","background-image":"","background-repeat":"repeat","background-position":"center center","background-size":"auto","background-attachment":"scroll","background-type":"","background-media":"","overlay-type":"","overlay-color":"","overlay-opacity":"","overlay-gradient":""}},"ast-content-background-meta":{"desktop":{"background-color":"var(--ast-global-color-5)","background-image":"","background-repeat":"repeat","background-position":"center center","background-size":"auto","background-attachment":"scroll","background-type":"","background-media":"","overlay-type":"","overlay-color":"","overlay-opacity":"","overlay-gradient":""},"tablet":{"background-color":"var(--ast-global-color-5)","background-image":"","background-repeat":"repeat","background-position":"center center","background-size":"auto","background-attachment":"scroll","background-type":"","background-media":"","overlay-type":"","overlay-color":"","overlay-opacity":"","overlay-gradient":""},"mobile":{"background-color":"var(--ast-global-color-5)","background-image":"","background-repeat":"repeat","background-position":"center center","background-size":"auto","background-attachment":"scroll","background-type":"","background-media":"","overlay-type":"","overlay-color":"","overlay-opacity":"","overlay-gradient":""}}},"product_brand":[],"product_cat":[116,126,127],"product_tag":[],"class_list":{"0":"post-11722","1":"product","2":"type-product","3":"status-publish","4":"has-post-thumbnail","6":"product_cat-allen-bradley","7":"product_cat-elektros-prekes","8":"product_cat-servo-varikliai","9":"desktop-align-left","10":"tablet-align-left","11":"mobile-align-left","12":"ast-product-gallery-layout-horizontal-slider","13":"ast-product-gallery-with-no-image","14":"ast-product-tabs-layout-horizontal","16":"first","17":"onbackorder","18":"taxable","19":"shipping-taxable","20":"purchasable","21":"product-type-simple"},"yoast_head":"<!-- This site is optimized with the Yoast SEO plugin v27.3 - https:\/\/yoast.com\/product\/yoast-seo-wordpress\/ -->\n<title>MPL-B680F-MJ72AA | PLC Supply spot<\/title>\n<meta name=\"description\" content=\"Allen-Bradley MPL-B680F-MJ72AA \u2013 MP-Series servo variklis pramoniniam judesio valdymui.\" \/>\n<meta name=\"robots\" content=\"index, follow, max-snippet:-1, max-image-preview:large, max-video-preview:-1\" \/>\n<link rel=\"canonical\" href=\"https:\/\/plcsupplyspot.com\/lt\/automatikos-komponentai\/mpl-b680f-mj72aa\/\" \/>\n<meta property=\"og:locale\" content=\"lt_LT\" \/>\n<meta property=\"og:type\" content=\"article\" \/>\n<meta property=\"og:title\" content=\"MPL-B680F-MJ72AA | PLC Supply spot\" \/>\n<meta property=\"og:description\" content=\"Allen-Bradley MPL-B680F-MJ72AA \u2013 MP-Series servo variklis pramoniniam judesio valdymui.\" \/>\n<meta property=\"og:url\" content=\"https:\/\/plcsupplyspot.com\/lt\/automatikos-komponentai\/mpl-b680f-mj72aa\/\" \/>\n<meta property=\"og:site_name\" content=\"PLC Supply spot\" \/>\n<meta property=\"article:publisher\" content=\"https:\/\/www.facebook.com\/profile.php?id=61571705128033\" \/>\n<meta property=\"article:modified_time\" content=\"2026-04-16T12:06:06+00:00\" \/>\n<meta property=\"og:image\" content=\"https:\/\/plcsupplyspot.com\/wp-content\/uploads\/2026\/04\/IMG_54359942_MPLMotor_ph-1.jpg\" \/>\n\t<meta property=\"og:image:width\" content=\"450\" \/>\n\t<meta property=\"og:image:height\" content=\"450\" \/>\n\t<meta property=\"og:image:type\" content=\"image\/jpeg\" \/>\n<meta name=\"twitter:card\" content=\"summary_large_image\" \/>\n<meta name=\"twitter:label1\" content=\"Est. reading time\" \/>\n\t<meta name=\"twitter:data1\" content=\"1 minut\u0117\" \/>\n<!-- \/ Yoast SEO plugin. -->","yoast_head_json":{"title":"MPL-B680F-MJ72AA | PLC Supply spot","description":"Allen-Bradley MPL-B680F-MJ72AA \u2013 MP-Series servo variklis pramoniniam judesio valdymui.","robots":{"index":"index","follow":"follow","max-snippet":"max-snippet:-1","max-image-preview":"max-image-preview:large","max-video-preview":"max-video-preview:-1"},"canonical":"https:\/\/plcsupplyspot.com\/lt\/automatikos-komponentai\/mpl-b680f-mj72aa\/","og_locale":"lt_LT","og_type":"article","og_title":"MPL-B680F-MJ72AA | PLC Supply spot","og_description":"Allen-Bradley MPL-B680F-MJ72AA \u2013 MP-Series servo variklis pramoniniam judesio valdymui.","og_url":"https:\/\/plcsupplyspot.com\/lt\/automatikos-komponentai\/mpl-b680f-mj72aa\/","og_site_name":"PLC Supply spot","article_publisher":"https:\/\/www.facebook.com\/profile.php?id=61571705128033","article_modified_time":"2026-04-16T12:06:06+00:00","og_image":[{"width":450,"height":450,"url":"https:\/\/plcsupplyspot.com\/wp-content\/uploads\/2026\/04\/IMG_54359942_MPLMotor_ph-1.jpg","type":"image\/jpeg"}],"twitter_card":"summary_large_image","twitter_misc":{"Est. reading time":"1 minut\u0117"},"schema":{"@context":"https:\/\/schema.org","@graph":[{"@type":"WebPage","@id":"https:\/\/plcsupplyspot.com\/lt\/automatikos-komponentai\/mpl-b680f-mj72aa\/","url":"https:\/\/plcsupplyspot.com\/lt\/automatikos-komponentai\/mpl-b680f-mj72aa\/","name":"MPL-B680F-MJ72AA | PLC Supply spot","isPartOf":{"@id":"https:\/\/plcsupplyspot.com\/lt\/#website"},"primaryImageOfPage":{"@id":"https:\/\/plcsupplyspot.com\/lt\/automatikos-komponentai\/mpl-b680f-mj72aa\/#primaryimage"},"image":{"@id":"https:\/\/plcsupplyspot.com\/lt\/automatikos-komponentai\/mpl-b680f-mj72aa\/#primaryimage"},"thumbnailUrl":"https:\/\/plcsupplyspot.com\/wp-content\/uploads\/2026\/04\/IMG_54359942_MPLMotor_ph-1.jpg","datePublished":"2026-04-16T12:01:28+00:00","dateModified":"2026-04-16T12:06:06+00:00","description":"Allen-Bradley MPL-B680F-MJ72AA \u2013 MP-Series servo variklis pramoniniam judesio valdymui.","breadcrumb":{"@id":"https:\/\/plcsupplyspot.com\/lt\/automatikos-komponentai\/mpl-b680f-mj72aa\/#breadcrumb"},"inLanguage":"lt-LT","potentialAction":[{"@type":"ReadAction","target":["https:\/\/plcsupplyspot.com\/lt\/automatikos-komponentai\/mpl-b680f-mj72aa\/"]}]},{"@type":"ImageObject","inLanguage":"lt-LT","@id":"https:\/\/plcsupplyspot.com\/lt\/automatikos-komponentai\/mpl-b680f-mj72aa\/#primaryimage","url":"https:\/\/plcsupplyspot.com\/wp-content\/uploads\/2026\/04\/IMG_54359942_MPLMotor_ph-1.jpg","contentUrl":"https:\/\/plcsupplyspot.com\/wp-content\/uploads\/2026\/04\/IMG_54359942_MPLMotor_ph-1.jpg","width":450,"height":450},{"@type":"BreadcrumbList","@id":"https:\/\/plcsupplyspot.com\/lt\/automatikos-komponentai\/mpl-b680f-mj72aa\/#breadcrumb","itemListElement":[{"@type":"ListItem","position":1,"name":"home","item":"https:\/\/plcsupplyspot.com\/lt\/"},{"@type":"ListItem","position":2,"name":"Automatikos komponentai","item":"https:\/\/plcsupplyspot.com\/lt\/automatikos-komponentai\/"},{"@type":"ListItem","position":3,"name":"MPL-B680F-MJ72AA"}]},{"@type":"WebSite","@id":"https:\/\/plcsupplyspot.com\/lt\/#website","url":"https:\/\/plcsupplyspot.com\/lt\/","name":"PLC Supply Spot","description":"Innovate. Accelerate. Automate!","publisher":{"@id":"https:\/\/plcsupplyspot.com\/lt\/#organization"},"potentialAction":[{"@type":"SearchAction","target":{"@type":"EntryPoint","urlTemplate":"https:\/\/plcsupplyspot.com\/lt\/?s={search_term_string}"},"query-input":{"@type":"PropertyValueSpecification","valueRequired":true,"valueName":"search_term_string"}}],"inLanguage":"lt-LT"},{"@type":"Organization","@id":"https:\/\/plcsupplyspot.com\/lt\/#organization","name":"PLC Supply Spot","alternateName":"PLC Supply Spot","url":"https:\/\/plcsupplyspot.com\/lt\/","logo":{"@type":"ImageObject","inLanguage":"lt-LT","@id":"https:\/\/plcsupplyspot.com\/lt\/#\/schema\/logo\/image\/","url":"https:\/\/plcsupplyspot.com\/wp-content\/uploads\/2026\/01\/plc-supply-spot-logo-1.png","contentUrl":"https:\/\/plcsupplyspot.com\/wp-content\/uploads\/2026\/01\/plc-supply-spot-logo-1.png","width":720,"height":720,"caption":"PLC Supply Spot"},"image":{"@id":"https:\/\/plcsupplyspot.com\/lt\/#\/schema\/logo\/image\/"},"sameAs":["https:\/\/www.facebook.com\/profile.php?id=61571705128033"]}]}},"_links":{"self":[{"href":"https:\/\/plcsupplyspot.com\/lt\/wp-json\/wp\/v2\/product\/11722","targetHints":{"allow":["GET"]}}],"collection":[{"href":"https:\/\/plcsupplyspot.com\/lt\/wp-json\/wp\/v2\/product"}],"about":[{"href":"https:\/\/plcsupplyspot.com\/lt\/wp-json\/wp\/v2\/types\/product"}],"version-history":[{"count":2,"href":"https:\/\/plcsupplyspot.com\/lt\/wp-json\/wp\/v2\/product\/11722\/revisions"}],"predecessor-version":[{"id":11727,"href":"https:\/\/plcsupplyspot.com\/lt\/wp-json\/wp\/v2\/product\/11722\/revisions\/11727"}],"wp:featuredmedia":[{"embeddable":true,"href":"https:\/\/plcsupplyspot.com\/lt\/wp-json\/wp\/v2\/media\/11724"}],"wp:attachment":[{"href":"https:\/\/plcsupplyspot.com\/lt\/wp-json\/wp\/v2\/media?parent=11722"}],"wp:term":[{"taxonomy":"product_brand","embeddable":true,"href":"https:\/\/plcsupplyspot.com\/lt\/wp-json\/wp\/v2\/product_brand?post=11722"},{"taxonomy":"product_cat","embeddable":true,"href":"https:\/\/plcsupplyspot.com\/lt\/wp-json\/wp\/v2\/product_cat?post=11722"},{"taxonomy":"product_tag","embeddable":true,"href":"https:\/\/plcsupplyspot.com\/lt\/wp-json\/wp\/v2\/product_tag?post=11722"}],"curies":[{"name":"wp","href":"https:\/\/api.w.org\/{rel}","templated":true}]}}