{"id":11663,"date":"2026-04-16T10:14:13","date_gmt":"2026-04-16T10:14:13","guid":{"rendered":"https:\/\/plcsupplyspot.com\/?post_type=product&#038;p=11663"},"modified":"2026-04-16T10:23:46","modified_gmt":"2026-04-16T10:23:46","slug":"25b-d6p0n104","status":"publish","type":"product","link":"https:\/\/plcsupplyspot.com\/lt\/automatikos-komponentai\/25b-d6p0n104\/","title":{"rendered":"25B-D6P0N104"},"content":{"rendered":"<p data-start=\"1867\" data-end=\"1916\"><strong data-start=\"1867\" data-end=\"1916\">Allen-Bradley 25B-D6P0N104 \u2013 da\u017enio keitiklis<\/strong><\/p>\n<p data-start=\"1918\" data-end=\"2133\">Allen-Bradley 25B-D6P0N104 yra PowerFlex 525 serijos da\u017enio keitiklis, skirtas efektyviam ir lanks\u010diam varikli\u0173 valdymui. Jis u\u017etikrina tiksl\u0173 grei\u010dio reguliavim\u0105 ir paprast\u0105 integracij\u0105 \u012f automatizavimo sistemas.<\/p>\n<p data-start=\"2135\" data-end=\"2211\">\u0160is keitiklis pla\u010diai naudojamas pramon\u0117je d\u0117l patikimumo ir lengvo valdymo.<\/p>\n<p data-start=\"2213\" data-end=\"2487\"><strong data-start=\"2213\" data-end=\"2251\">Pagrindin\u0117s savyb\u0117s ir privalumai:<\/strong><br data-start=\"2251\" data-end=\"2254\" \/>\u2022 <strong data-start=\"2256\" data-end=\"2277\">Lankstus valdymas<\/strong> \u2013 \u012fvairioms aplikacijoms<br data-start=\"2302\" data-end=\"2305\" \/>\u2022 <strong data-start=\"2307\" data-end=\"2328\">EtherNet\/IP ry\u0161ys<\/strong> \u2013 moderni komunikacija<br data-start=\"2351\" data-end=\"2354\" \/>\u2022 <strong data-start=\"2356\" data-end=\"2381\">Kompakti\u0161kas dizainas<\/strong> \u2013 taupo viet\u0105<br data-start=\"2395\" data-end=\"2398\" \/>\u2022 <strong data-start=\"2400\" data-end=\"2424\">Paprastas paleidimas<\/strong> \u2013 greita konfig\u016bracija<br data-start=\"2447\" data-end=\"2450\" \/>\u2022 <strong data-start=\"2452\" data-end=\"2467\">Patikimumas<\/strong> \u2013 stabilus darbas<\/p>\n<p data-start=\"2489\" data-end=\"2671\"><strong data-start=\"2489\" data-end=\"2535\">Kur naudojamas Allen-Bradley 25B-D6P0N104?<\/strong><br data-start=\"2535\" data-end=\"2538\" \/>\u2022 Konvejeriai \u2013 med\u017eiag\u0173 transportas<br data-start=\"2574\" data-end=\"2577\" \/>\u2022 Siurbliai ir ventiliatoriai<br data-start=\"2606\" data-end=\"2609\" \/>\u2022 Pakavimo \u012franga<br data-start=\"2626\" data-end=\"2629\" \/>\u2022 Pramonin\u0117 technika<br data-start=\"2649\" data-end=\"2652\" \/>\u2022 Gamybos linijos<\/p>\n<p data-start=\"2673\" data-end=\"2810\"><strong data-start=\"2673\" data-end=\"2692\">Apie gamintoj\u0105:<\/strong><br data-start=\"2692\" data-end=\"2695\" \/>Allen-Bradley \u2013 Rockwell Automation prek\u0117s \u017eenklas ir vienas i\u0161 pasaulini\u0173 lyderi\u0173 pramon\u0117s automatizavimo srityje.<\/p>\n","protected":false},"excerpt":{"rendered":"<p data-start=\"506\" data-end=\"583\">PowerFlex 525 da\u017enio keitiklis varikli\u0173 valdymui.<\/p>\n<p data-start=\"439\" data-end=\"524\">\n","protected":false},"featured_media":11667,"template":"","meta":{"site-sidebar-layout":"default","site-content-layout":"","ast-site-content-layout":"default","site-content-style":"default","site-sidebar-style":"default","ast-global-header-display":"","ast-banner-title-visibility":"","ast-main-header-display":"","ast-hfb-above-header-display":"","ast-hfb-below-header-display":"","ast-hfb-mobile-header-display":"","site-post-title":"","ast-breadcrumbs-content":"","ast-featured-img":"","footer-sml-layout":"","ast-disable-related-posts":"","theme-transparent-header-meta":"default","adv-header-id-meta":"","stick-header-meta":"default","header-above-stick-meta":"","header-main-stick-meta":"","header-below-stick-meta":"","astra-migrate-meta-layouts":"set","ast-page-background-enabled":"default","ast-page-background-meta":{"desktop":{"background-color":"","background-image":"","background-repeat":"repeat","background-position":"center center","background-size":"auto","background-attachment":"scroll","background-type":"","background-media":"","overlay-type":"","overlay-color":"","overlay-opacity":"","overlay-gradient":""},"tablet":{"background-color":"","background-image":"","background-repeat":"repeat","background-position":"center center","background-size":"auto","background-attachment":"scroll","background-type":"","background-media":"","overlay-type":"","overlay-color":"","overlay-opacity":"","overlay-gradient":""},"mobile":{"background-color":"","background-image":"","background-repeat":"repeat","background-position":"center center","background-size":"auto","background-attachment":"scroll","background-type":"","background-media":"","overlay-type":"","overlay-color":"","overlay-opacity":"","overlay-gradient":""}},"ast-content-background-meta":{"desktop":{"background-color":"var(--ast-global-color-5)","background-image":"","background-repeat":"repeat","background-position":"center center","background-size":"auto","background-attachment":"scroll","background-type":"","background-media":"","overlay-type":"","overlay-color":"","overlay-opacity":"","overlay-gradient":""},"tablet":{"background-color":"var(--ast-global-color-5)","background-image":"","background-repeat":"repeat","background-position":"center center","background-size":"auto","background-attachment":"scroll","background-type":"","background-media":"","overlay-type":"","overlay-color":"","overlay-opacity":"","overlay-gradient":""},"mobile":{"background-color":"var(--ast-global-color-5)","background-image":"","background-repeat":"repeat","background-position":"center center","background-size":"auto","background-attachment":"scroll","background-type":"","background-media":"","overlay-type":"","overlay-color":"","overlay-opacity":"","overlay-gradient":""}}},"product_brand":[],"product_cat":[116,122],"product_tag":[],"class_list":{"0":"post-11663","1":"product","2":"type-product","3":"status-publish","4":"has-post-thumbnail","6":"product_cat-allen-bradley","7":"product_cat-daznio-keitikliai","8":"desktop-align-left","9":"tablet-align-left","10":"mobile-align-left","11":"ast-product-gallery-layout-horizontal-slider","12":"ast-product-gallery-with-no-image","13":"ast-product-tabs-layout-horizontal","15":"first","16":"onbackorder","17":"taxable","18":"shipping-taxable","19":"purchasable","20":"product-type-simple"},"yoast_head":"<!-- This site is optimized with the Yoast SEO plugin v27.3 - https:\/\/yoast.com\/product\/yoast-seo-wordpress\/ -->\n<title>25B-D6P0N104 | PLC Supply spot<\/title>\n<meta name=\"description\" content=\"Allen-Bradley 25B-D6P0N104 \u2013 PowerFlex 525 da\u017enio keitiklis pramoniniam varikli\u0173 valdymui.\" \/>\n<meta name=\"robots\" content=\"index, follow, max-snippet:-1, max-image-preview:large, max-video-preview:-1\" \/>\n<link rel=\"canonical\" href=\"https:\/\/plcsupplyspot.com\/lt\/automatikos-komponentai\/25b-d6p0n104\/\" \/>\n<meta property=\"og:locale\" content=\"lt_LT\" \/>\n<meta property=\"og:type\" content=\"article\" \/>\n<meta property=\"og:title\" content=\"25B-D6P0N104 | PLC Supply spot\" \/>\n<meta property=\"og:description\" content=\"Allen-Bradley 25B-D6P0N104 \u2013 PowerFlex 525 da\u017enio keitiklis pramoniniam varikli\u0173 valdymui.\" \/>\n<meta property=\"og:url\" content=\"https:\/\/plcsupplyspot.com\/lt\/automatikos-komponentai\/25b-d6p0n104\/\" \/>\n<meta property=\"og:site_name\" content=\"PLC Supply spot\" \/>\n<meta property=\"article:publisher\" content=\"https:\/\/www.facebook.com\/profile.php?id=61571705128033\" \/>\n<meta property=\"article:modified_time\" content=\"2026-04-16T10:23:46+00:00\" \/>\n<meta property=\"og:image\" content=\"https:\/\/plcsupplyspot.com\/wp-content\/uploads\/2026\/04\/Frame_A_525.jpg\" \/>\n\t<meta property=\"og:image:width\" content=\"861\" \/>\n\t<meta property=\"og:image:height\" content=\"1200\" \/>\n\t<meta property=\"og:image:type\" content=\"image\/jpeg\" \/>\n<meta name=\"twitter:card\" content=\"summary_large_image\" \/>\n<meta name=\"twitter:label1\" content=\"Est. reading time\" \/>\n\t<meta name=\"twitter:data1\" content=\"1 minut\u0117\" \/>\n<!-- \/ Yoast SEO plugin. -->","yoast_head_json":{"title":"25B-D6P0N104 | PLC Supply spot","description":"Allen-Bradley 25B-D6P0N104 \u2013 PowerFlex 525 da\u017enio keitiklis pramoniniam varikli\u0173 valdymui.","robots":{"index":"index","follow":"follow","max-snippet":"max-snippet:-1","max-image-preview":"max-image-preview:large","max-video-preview":"max-video-preview:-1"},"canonical":"https:\/\/plcsupplyspot.com\/lt\/automatikos-komponentai\/25b-d6p0n104\/","og_locale":"lt_LT","og_type":"article","og_title":"25B-D6P0N104 | PLC Supply spot","og_description":"Allen-Bradley 25B-D6P0N104 \u2013 PowerFlex 525 da\u017enio keitiklis pramoniniam varikli\u0173 valdymui.","og_url":"https:\/\/plcsupplyspot.com\/lt\/automatikos-komponentai\/25b-d6p0n104\/","og_site_name":"PLC Supply spot","article_publisher":"https:\/\/www.facebook.com\/profile.php?id=61571705128033","article_modified_time":"2026-04-16T10:23:46+00:00","og_image":[{"width":861,"height":1200,"url":"https:\/\/plcsupplyspot.com\/wp-content\/uploads\/2026\/04\/Frame_A_525.jpg","type":"image\/jpeg"}],"twitter_card":"summary_large_image","twitter_misc":{"Est. reading time":"1 minut\u0117"},"schema":{"@context":"https:\/\/schema.org","@graph":[{"@type":"WebPage","@id":"https:\/\/plcsupplyspot.com\/lt\/automatikos-komponentai\/25b-d6p0n104\/","url":"https:\/\/plcsupplyspot.com\/lt\/automatikos-komponentai\/25b-d6p0n104\/","name":"25B-D6P0N104 | PLC Supply spot","isPartOf":{"@id":"https:\/\/plcsupplyspot.com\/lt\/#website"},"primaryImageOfPage":{"@id":"https:\/\/plcsupplyspot.com\/lt\/automatikos-komponentai\/25b-d6p0n104\/#primaryimage"},"image":{"@id":"https:\/\/plcsupplyspot.com\/lt\/automatikos-komponentai\/25b-d6p0n104\/#primaryimage"},"thumbnailUrl":"https:\/\/plcsupplyspot.com\/wp-content\/uploads\/2026\/04\/Frame_A_525.jpg","datePublished":"2026-04-16T10:14:13+00:00","dateModified":"2026-04-16T10:23:46+00:00","description":"Allen-Bradley 25B-D6P0N104 \u2013 PowerFlex 525 da\u017enio keitiklis pramoniniam varikli\u0173 valdymui.","breadcrumb":{"@id":"https:\/\/plcsupplyspot.com\/lt\/automatikos-komponentai\/25b-d6p0n104\/#breadcrumb"},"inLanguage":"lt-LT","potentialAction":[{"@type":"ReadAction","target":["https:\/\/plcsupplyspot.com\/lt\/automatikos-komponentai\/25b-d6p0n104\/"]}]},{"@type":"ImageObject","inLanguage":"lt-LT","@id":"https:\/\/plcsupplyspot.com\/lt\/automatikos-komponentai\/25b-d6p0n104\/#primaryimage","url":"https:\/\/plcsupplyspot.com\/wp-content\/uploads\/2026\/04\/Frame_A_525.jpg","contentUrl":"https:\/\/plcsupplyspot.com\/wp-content\/uploads\/2026\/04\/Frame_A_525.jpg","width":861,"height":1200},{"@type":"BreadcrumbList","@id":"https:\/\/plcsupplyspot.com\/lt\/automatikos-komponentai\/25b-d6p0n104\/#breadcrumb","itemListElement":[{"@type":"ListItem","position":1,"name":"home","item":"https:\/\/plcsupplyspot.com\/lt\/"},{"@type":"ListItem","position":2,"name":"Automatikos komponentai","item":"https:\/\/plcsupplyspot.com\/lt\/automatikos-komponentai\/"},{"@type":"ListItem","position":3,"name":"25B-D6P0N104"}]},{"@type":"WebSite","@id":"https:\/\/plcsupplyspot.com\/lt\/#website","url":"https:\/\/plcsupplyspot.com\/lt\/","name":"PLC Supply Spot","description":"Innovate. Accelerate. Automate!","publisher":{"@id":"https:\/\/plcsupplyspot.com\/lt\/#organization"},"potentialAction":[{"@type":"SearchAction","target":{"@type":"EntryPoint","urlTemplate":"https:\/\/plcsupplyspot.com\/lt\/?s={search_term_string}"},"query-input":{"@type":"PropertyValueSpecification","valueRequired":true,"valueName":"search_term_string"}}],"inLanguage":"lt-LT"},{"@type":"Organization","@id":"https:\/\/plcsupplyspot.com\/lt\/#organization","name":"PLC Supply Spot","alternateName":"PLC Supply Spot","url":"https:\/\/plcsupplyspot.com\/lt\/","logo":{"@type":"ImageObject","inLanguage":"lt-LT","@id":"https:\/\/plcsupplyspot.com\/lt\/#\/schema\/logo\/image\/","url":"https:\/\/plcsupplyspot.com\/wp-content\/uploads\/2026\/01\/plc-supply-spot-logo-1.png","contentUrl":"https:\/\/plcsupplyspot.com\/wp-content\/uploads\/2026\/01\/plc-supply-spot-logo-1.png","width":720,"height":720,"caption":"PLC Supply Spot"},"image":{"@id":"https:\/\/plcsupplyspot.com\/lt\/#\/schema\/logo\/image\/"},"sameAs":["https:\/\/www.facebook.com\/profile.php?id=61571705128033"]}]}},"_links":{"self":[{"href":"https:\/\/plcsupplyspot.com\/lt\/wp-json\/wp\/v2\/product\/11663","targetHints":{"allow":["GET"]}}],"collection":[{"href":"https:\/\/plcsupplyspot.com\/lt\/wp-json\/wp\/v2\/product"}],"about":[{"href":"https:\/\/plcsupplyspot.com\/lt\/wp-json\/wp\/v2\/types\/product"}],"version-history":[{"count":3,"href":"https:\/\/plcsupplyspot.com\/lt\/wp-json\/wp\/v2\/product\/11663\/revisions"}],"predecessor-version":[{"id":11671,"href":"https:\/\/plcsupplyspot.com\/lt\/wp-json\/wp\/v2\/product\/11663\/revisions\/11671"}],"wp:featuredmedia":[{"embeddable":true,"href":"https:\/\/plcsupplyspot.com\/lt\/wp-json\/wp\/v2\/media\/11667"}],"wp:attachment":[{"href":"https:\/\/plcsupplyspot.com\/lt\/wp-json\/wp\/v2\/media?parent=11663"}],"wp:term":[{"taxonomy":"product_brand","embeddable":true,"href":"https:\/\/plcsupplyspot.com\/lt\/wp-json\/wp\/v2\/product_brand?post=11663"},{"taxonomy":"product_cat","embeddable":true,"href":"https:\/\/plcsupplyspot.com\/lt\/wp-json\/wp\/v2\/product_cat?post=11663"},{"taxonomy":"product_tag","embeddable":true,"href":"https:\/\/plcsupplyspot.com\/lt\/wp-json\/wp\/v2\/product_tag?post=11663"}],"curies":[{"name":"wp","href":"https:\/\/api.w.org\/{rel}","templated":true}]}}