{"id":11624,"date":"2026-04-16T09:40:25","date_gmt":"2026-04-16T09:40:25","guid":{"rendered":"https:\/\/plcsupplyspot.com\/?post_type=product&#038;p=11624"},"modified":"2026-04-16T09:52:52","modified_gmt":"2026-04-16T09:52:52","slug":"fr-sh01","status":"publish","type":"product","link":"https:\/\/plcsupplyspot.com\/lt\/automatikos-komponentai\/fr-sh01\/","title":{"rendered":"FR-SH01"},"content":{"rendered":"<p data-start=\"1576\" data-end=\"1624\"><strong data-start=\"1576\" data-end=\"1624\">KEYENCE \u2013 pramonin\u0117s automatikos komponentai<\/strong><\/p>\n<p data-start=\"1626\" data-end=\"1859\">KEYENCE yra pasaulinis pa\u017eangi\u0173 pramon\u0117s automatizavimo komponent\u0173 gamintojas, specializuojantis jutikli\u0173, vizijos sistem\u0173 ir matavimo \u012frangos srityse. \u0160is prek\u0117s \u017eenklas \u017einomas d\u0117l tikslumo, patikimumo ir inovatyvi\u0173 technologij\u0173.<\/p>\n<p data-start=\"1861\" data-end=\"1968\">KEYENCE produktai pasi\u017eymi paprastu integravimu ir greitu paleidimu, padedan\u010diu didinti gamybos efektyvum\u0105.<\/p>\n<p data-start=\"1970\" data-end=\"2180\"><strong data-start=\"1970\" data-end=\"2002\">Pagrindin\u0117s produkt\u0173 sritys:<\/strong><br data-start=\"2002\" data-end=\"2005\" \/>\u2022 Jutikliai (fotoelektriniai, lazeriniai, indukciniai)<br data-start=\"2059\" data-end=\"2062\" \/>\u2022 Vizijos sistemos ir kameros<br data-start=\"2091\" data-end=\"2094\" \/>\u2022 Matavimo ir tikrinimo \u012franga<br data-start=\"2124\" data-end=\"2127\" \/>\u2022 Barkod\u0173 skaitytuvai<br data-start=\"2148\" data-end=\"2151\" \/>\u2022 Automatizavimo sprendimai<\/p>\n<p data-start=\"2182\" data-end=\"2339\"><strong data-start=\"2182\" data-end=\"2213\">Tipin\u0117s panaudojimo sritys:<\/strong><br data-start=\"2213\" data-end=\"2216\" \/>\u2022 Kokyb\u0117s kontrol\u0117<br data-start=\"2234\" data-end=\"2237\" \/>\u2022 Objekt\u0173 aptikimas<br data-start=\"2256\" data-end=\"2259\" \/>\u2022 Matavimas ir pozicionavimas<br data-start=\"2288\" data-end=\"2291\" \/>\u2022 Gamybos linijos<br data-start=\"2308\" data-end=\"2311\" \/>\u2022 Pramonin\u0117 automatizacija<\/p>\n<p data-start=\"2341\" data-end=\"2489\"><strong data-start=\"2341\" data-end=\"2360\">Apie gamintoj\u0105:<\/strong><br data-start=\"2360\" data-end=\"2363\" \/>KEYENCE \u2013 viena i\u0161 pasaulini\u0173 lyderi\u0173 automatizavimo technologij\u0173 srityje, kurianti auk\u0161tos kokyb\u0117s ir inovatyvius sprendimus.<\/p>\n","protected":false},"excerpt":{"rendered":"<p data-start=\"464\" data-end=\"535\">KEYENCE pramonin\u0117s automatikos komponentai.<\/p>\n<p data-start=\"439\" data-end=\"524\">\n","protected":false},"featured_media":11626,"template":"","meta":{"site-sidebar-layout":"default","site-content-layout":"","ast-site-content-layout":"default","site-content-style":"default","site-sidebar-style":"default","ast-global-header-display":"","ast-banner-title-visibility":"","ast-main-header-display":"","ast-hfb-above-header-display":"","ast-hfb-below-header-display":"","ast-hfb-mobile-header-display":"","site-post-title":"","ast-breadcrumbs-content":"","ast-featured-img":"","footer-sml-layout":"","ast-disable-related-posts":"","theme-transparent-header-meta":"default","adv-header-id-meta":"","stick-header-meta":"default","header-above-stick-meta":"","header-main-stick-meta":"","header-below-stick-meta":"","astra-migrate-meta-layouts":"set","ast-page-background-enabled":"default","ast-page-background-meta":{"desktop":{"background-color":"","background-image":"","background-repeat":"repeat","background-position":"center center","background-size":"auto","background-attachment":"scroll","background-type":"","background-media":"","overlay-type":"","overlay-color":"","overlay-opacity":"","overlay-gradient":""},"tablet":{"background-color":"","background-image":"","background-repeat":"repeat","background-position":"center center","background-size":"auto","background-attachment":"scroll","background-type":"","background-media":"","overlay-type":"","overlay-color":"","overlay-opacity":"","overlay-gradient":""},"mobile":{"background-color":"","background-image":"","background-repeat":"repeat","background-position":"center center","background-size":"auto","background-attachment":"scroll","background-type":"","background-media":"","overlay-type":"","overlay-color":"","overlay-opacity":"","overlay-gradient":""}},"ast-content-background-meta":{"desktop":{"background-color":"var(--ast-global-color-5)","background-image":"","background-repeat":"repeat","background-position":"center center","background-size":"auto","background-attachment":"scroll","background-type":"","background-media":"","overlay-type":"","overlay-color":"","overlay-opacity":"","overlay-gradient":""},"tablet":{"background-color":"var(--ast-global-color-5)","background-image":"","background-repeat":"repeat","background-position":"center center","background-size":"auto","background-attachment":"scroll","background-type":"","background-media":"","overlay-type":"","overlay-color":"","overlay-opacity":"","overlay-gradient":""},"mobile":{"background-color":"var(--ast-global-color-5)","background-image":"","background-repeat":"repeat","background-position":"center center","background-size":"auto","background-attachment":"scroll","background-type":"","background-media":"","overlay-type":"","overlay-color":"","overlay-opacity":"","overlay-gradient":""}}},"product_brand":[],"product_cat":[123],"product_tag":[],"class_list":{"0":"post-11624","1":"product","2":"type-product","3":"status-publish","4":"has-post-thumbnail","6":"product_cat-kiti-prekes-zenklai","7":"desktop-align-left","8":"tablet-align-left","9":"mobile-align-left","10":"ast-product-gallery-layout-horizontal-slider","11":"ast-product-tabs-layout-horizontal","13":"first","14":"onbackorder","15":"taxable","16":"shipping-taxable","17":"purchasable","18":"product-type-simple"},"yoast_head":"<!-- This site is optimized with the Yoast SEO plugin v27.3 - https:\/\/yoast.com\/product\/yoast-seo-wordpress\/ -->\n<title>FR-SH01 | PLC Supply spot<\/title>\n<meta name=\"description\" content=\"KEYENCE \u2013 pa\u017eang\u016bs automatikos komponentai: jutikliai, vizijos sistemos ir matavimo sprendimai.\" \/>\n<meta name=\"robots\" content=\"index, follow, max-snippet:-1, max-image-preview:large, max-video-preview:-1\" \/>\n<link rel=\"canonical\" href=\"https:\/\/plcsupplyspot.com\/lt\/automatikos-komponentai\/fr-sh01\/\" \/>\n<meta property=\"og:locale\" content=\"lt_LT\" \/>\n<meta property=\"og:type\" content=\"article\" \/>\n<meta property=\"og:title\" content=\"FR-SH01 | PLC Supply spot\" \/>\n<meta property=\"og:description\" content=\"KEYENCE \u2013 pa\u017eang\u016bs automatikos komponentai: jutikliai, vizijos sistemos ir matavimo sprendimai.\" \/>\n<meta property=\"og:url\" content=\"https:\/\/plcsupplyspot.com\/lt\/automatikos-komponentai\/fr-sh01\/\" \/>\n<meta property=\"og:site_name\" content=\"PLC Supply spot\" \/>\n<meta property=\"article:publisher\" content=\"https:\/\/www.facebook.com\/profile.php?id=61571705128033\" \/>\n<meta property=\"article:modified_time\" content=\"2026-04-16T09:52:52+00:00\" \/>\n<meta property=\"og:image\" content=\"https:\/\/plcsupplyspot.com\/wp-content\/uploads\/2026\/01\/plc-supply-spot-logo-1.png\" \/>\n\t<meta property=\"og:image:width\" content=\"720\" \/>\n\t<meta property=\"og:image:height\" content=\"720\" \/>\n\t<meta property=\"og:image:type\" content=\"image\/png\" \/>\n<meta name=\"twitter:card\" content=\"summary_large_image\" \/>\n<meta name=\"twitter:label1\" content=\"Est. reading time\" \/>\n\t<meta name=\"twitter:data1\" content=\"1 minut\u0117\" \/>\n<!-- \/ Yoast SEO plugin. -->","yoast_head_json":{"title":"FR-SH01 | PLC Supply spot","description":"KEYENCE \u2013 pa\u017eang\u016bs automatikos komponentai: jutikliai, vizijos sistemos ir matavimo sprendimai.","robots":{"index":"index","follow":"follow","max-snippet":"max-snippet:-1","max-image-preview":"max-image-preview:large","max-video-preview":"max-video-preview:-1"},"canonical":"https:\/\/plcsupplyspot.com\/lt\/automatikos-komponentai\/fr-sh01\/","og_locale":"lt_LT","og_type":"article","og_title":"FR-SH01 | PLC Supply spot","og_description":"KEYENCE \u2013 pa\u017eang\u016bs automatikos komponentai: jutikliai, vizijos sistemos ir matavimo sprendimai.","og_url":"https:\/\/plcsupplyspot.com\/lt\/automatikos-komponentai\/fr-sh01\/","og_site_name":"PLC Supply spot","article_publisher":"https:\/\/www.facebook.com\/profile.php?id=61571705128033","article_modified_time":"2026-04-16T09:52:52+00:00","og_image":[{"width":720,"height":720,"url":"https:\/\/plcsupplyspot.com\/wp-content\/uploads\/2026\/01\/plc-supply-spot-logo-1.png","type":"image\/png"}],"twitter_card":"summary_large_image","twitter_misc":{"Est. reading time":"1 minut\u0117"},"schema":{"@context":"https:\/\/schema.org","@graph":[{"@type":"WebPage","@id":"https:\/\/plcsupplyspot.com\/lt\/automatikos-komponentai\/fr-sh01\/","url":"https:\/\/plcsupplyspot.com\/lt\/automatikos-komponentai\/fr-sh01\/","name":"FR-SH01 | PLC Supply spot","isPartOf":{"@id":"https:\/\/plcsupplyspot.com\/lt\/#website"},"primaryImageOfPage":{"@id":"https:\/\/plcsupplyspot.com\/lt\/automatikos-komponentai\/fr-sh01\/#primaryimage"},"image":{"@id":"https:\/\/plcsupplyspot.com\/lt\/automatikos-komponentai\/fr-sh01\/#primaryimage"},"thumbnailUrl":"https:\/\/plcsupplyspot.com\/wp-content\/uploads\/2026\/04\/FR-SH01.avif","datePublished":"2026-04-16T09:40:25+00:00","dateModified":"2026-04-16T09:52:52+00:00","description":"KEYENCE \u2013 pa\u017eang\u016bs automatikos komponentai: jutikliai, vizijos sistemos ir matavimo sprendimai.","breadcrumb":{"@id":"https:\/\/plcsupplyspot.com\/lt\/automatikos-komponentai\/fr-sh01\/#breadcrumb"},"inLanguage":"lt-LT","potentialAction":[{"@type":"ReadAction","target":["https:\/\/plcsupplyspot.com\/lt\/automatikos-komponentai\/fr-sh01\/"]}]},{"@type":"ImageObject","inLanguage":"lt-LT","@id":"https:\/\/plcsupplyspot.com\/lt\/automatikos-komponentai\/fr-sh01\/#primaryimage","url":"https:\/\/plcsupplyspot.com\/wp-content\/uploads\/2026\/04\/FR-SH01.avif","contentUrl":"https:\/\/plcsupplyspot.com\/wp-content\/uploads\/2026\/04\/FR-SH01.avif","width":200,"height":200},{"@type":"BreadcrumbList","@id":"https:\/\/plcsupplyspot.com\/lt\/automatikos-komponentai\/fr-sh01\/#breadcrumb","itemListElement":[{"@type":"ListItem","position":1,"name":"home","item":"https:\/\/plcsupplyspot.com\/lt\/"},{"@type":"ListItem","position":2,"name":"Automatikos komponentai","item":"https:\/\/plcsupplyspot.com\/lt\/automatikos-komponentai\/"},{"@type":"ListItem","position":3,"name":"FR-SH01"}]},{"@type":"WebSite","@id":"https:\/\/plcsupplyspot.com\/lt\/#website","url":"https:\/\/plcsupplyspot.com\/lt\/","name":"PLC Supply Spot","description":"Innovate. Accelerate. Automate!","publisher":{"@id":"https:\/\/plcsupplyspot.com\/lt\/#organization"},"potentialAction":[{"@type":"SearchAction","target":{"@type":"EntryPoint","urlTemplate":"https:\/\/plcsupplyspot.com\/lt\/?s={search_term_string}"},"query-input":{"@type":"PropertyValueSpecification","valueRequired":true,"valueName":"search_term_string"}}],"inLanguage":"lt-LT"},{"@type":"Organization","@id":"https:\/\/plcsupplyspot.com\/lt\/#organization","name":"PLC Supply Spot","alternateName":"PLC Supply Spot","url":"https:\/\/plcsupplyspot.com\/lt\/","logo":{"@type":"ImageObject","inLanguage":"lt-LT","@id":"https:\/\/plcsupplyspot.com\/lt\/#\/schema\/logo\/image\/","url":"https:\/\/plcsupplyspot.com\/wp-content\/uploads\/2026\/01\/plc-supply-spot-logo-1.png","contentUrl":"https:\/\/plcsupplyspot.com\/wp-content\/uploads\/2026\/01\/plc-supply-spot-logo-1.png","width":720,"height":720,"caption":"PLC Supply Spot"},"image":{"@id":"https:\/\/plcsupplyspot.com\/lt\/#\/schema\/logo\/image\/"},"sameAs":["https:\/\/www.facebook.com\/profile.php?id=61571705128033"]}]}},"_links":{"self":[{"href":"https:\/\/plcsupplyspot.com\/lt\/wp-json\/wp\/v2\/product\/11624","targetHints":{"allow":["GET"]}}],"collection":[{"href":"https:\/\/plcsupplyspot.com\/lt\/wp-json\/wp\/v2\/product"}],"about":[{"href":"https:\/\/plcsupplyspot.com\/lt\/wp-json\/wp\/v2\/types\/product"}],"version-history":[{"count":4,"href":"https:\/\/plcsupplyspot.com\/lt\/wp-json\/wp\/v2\/product\/11624\/revisions"}],"predecessor-version":[{"id":11635,"href":"https:\/\/plcsupplyspot.com\/lt\/wp-json\/wp\/v2\/product\/11624\/revisions\/11635"}],"wp:featuredmedia":[{"embeddable":true,"href":"https:\/\/plcsupplyspot.com\/lt\/wp-json\/wp\/v2\/media\/11626"}],"wp:attachment":[{"href":"https:\/\/plcsupplyspot.com\/lt\/wp-json\/wp\/v2\/media?parent=11624"}],"wp:term":[{"taxonomy":"product_brand","embeddable":true,"href":"https:\/\/plcsupplyspot.com\/lt\/wp-json\/wp\/v2\/product_brand?post=11624"},{"taxonomy":"product_cat","embeddable":true,"href":"https:\/\/plcsupplyspot.com\/lt\/wp-json\/wp\/v2\/product_cat?post=11624"},{"taxonomy":"product_tag","embeddable":true,"href":"https:\/\/plcsupplyspot.com\/lt\/wp-json\/wp\/v2\/product_tag?post=11624"}],"curies":[{"name":"wp","href":"https:\/\/api.w.org\/{rel}","templated":true}]}}