{"id":11458,"date":"2026-04-14T11:21:48","date_gmt":"2026-04-14T11:21:48","guid":{"rendered":"https:\/\/plcsupplyspot.com\/?post_type=product&#038;p=11458"},"modified":"2026-04-14T11:26:15","modified_gmt":"2026-04-14T11:26:15","slug":"6es7241-1ah32-0xb0","status":"publish","type":"product","link":"https:\/\/plcsupplyspot.com\/lt\/automatikos-komponentai\/6es7241-1ah32-0xb0\/","title":{"rendered":"6ES7241-1AH32-0XB0"},"content":{"rendered":"<p data-start=\"1712\" data-end=\"1766\"><strong data-start=\"1712\" data-end=\"1766\">Siemens 6ES7241-1AH32-0XB0 \u2013 komunikacijos modulis<\/strong><\/p>\n<p data-start=\"1768\" data-end=\"1968\">Siemens 6ES7241-1AH32-0XB0 yra komunikacijos modulis, skirtas S7-1200 PLC serijai. Jis leid\u017eia u\u017etikrinti serijin\u012f ry\u0161\u012f su i\u0161oriniais \u012frenginiais, tokiais kaip jutikliai, pavaros ar kiti \u012frenginiai.<\/p>\n<p data-start=\"1970\" data-end=\"2073\">Modulis praple\u010dia valdiklio galimybes ir leid\u017eia patikimai keistis duomenimis automatizavimo sistemose.<\/p>\n<p data-start=\"2075\" data-end=\"2347\"><strong data-start=\"2075\" data-end=\"2098\">Technin\u0117 santrauka:<\/strong><br data-start=\"2098\" data-end=\"2101\" \/>\u2022 Serija: S7-1200<br data-start=\"2118\" data-end=\"2121\" \/>\u2022 Produkto tipas: komunikacijos modulis<br data-start=\"2160\" data-end=\"2163\" \/>\u2022 Modelis: 6ES7241-1AH32-0XB0<br data-start=\"2192\" data-end=\"2195\" \/>\u2022 S\u0105saja: RS-232 \/ RS-485<br data-start=\"2220\" data-end=\"2223\" \/>\u2022 Funkcija: \u012frengini\u0173 komunikacija<br data-start=\"2257\" data-end=\"2260\" \/>\u2022 Suderinamumas: S7-1200 PLC<br data-start=\"2288\" data-end=\"2291\" \/>\u2022 Montavimas: \u0161oninis modulis<br data-start=\"2320\" data-end=\"2323\" \/>\u2022 Apsaugos klas\u0117: IP20<\/p>\n<p data-start=\"2349\" data-end=\"2505\"><strong data-start=\"2349\" data-end=\"2380\">Tipin\u0117s panaudojimo sritys:<\/strong><br data-start=\"2380\" data-end=\"2383\" \/>\u2022 Serijinis ry\u0161ys su \u012frenginiais<br data-start=\"2415\" data-end=\"2418\" \/>\u2022 PLC komunikacija<br data-start=\"2436\" data-end=\"2439\" \/>\u2022 Pramoniniai tinklai<br data-start=\"2460\" data-end=\"2463\" \/>\u2022 Ma\u0161in\u0173 valdymas<br data-start=\"2480\" data-end=\"2483\" \/>\u2022 Duomen\u0173 perdavimas<\/p>\n<p data-start=\"2507\" data-end=\"2659\"><strong data-start=\"2507\" data-end=\"2526\">Apie gamintoj\u0105:<\/strong><br data-start=\"2526\" data-end=\"2529\" \/>Siemens \u2013 viena i\u0161 pasaulini\u0173 lyderi\u0173 pramon\u0117s automatizavimo srityje, kurianti PLC, komunikacijos modulius ir valdymo sprendimus.<\/p>\n","protected":false},"excerpt":{"rendered":"<p data-start=\"484\" data-end=\"560\">S7-1200 komunikacijos modulis serijiniam ry\u0161iui.<\/p>\n<p data-start=\"439\" data-end=\"524\">\n","protected":false},"featured_media":11460,"template":"","meta":{"site-sidebar-layout":"default","site-content-layout":"","ast-site-content-layout":"default","site-content-style":"default","site-sidebar-style":"default","ast-global-header-display":"","ast-banner-title-visibility":"","ast-main-header-display":"","ast-hfb-above-header-display":"","ast-hfb-below-header-display":"","ast-hfb-mobile-header-display":"","site-post-title":"","ast-breadcrumbs-content":"","ast-featured-img":"","footer-sml-layout":"","ast-disable-related-posts":"","theme-transparent-header-meta":"default","adv-header-id-meta":"","stick-header-meta":"default","header-above-stick-meta":"","header-main-stick-meta":"","header-below-stick-meta":"","astra-migrate-meta-layouts":"set","ast-page-background-enabled":"default","ast-page-background-meta":{"desktop":{"background-color":"","background-image":"","background-repeat":"repeat","background-position":"center center","background-size":"auto","background-attachment":"scroll","background-type":"","background-media":"","overlay-type":"","overlay-color":"","overlay-opacity":"","overlay-gradient":""},"tablet":{"background-color":"","background-image":"","background-repeat":"repeat","background-position":"center center","background-size":"auto","background-attachment":"scroll","background-type":"","background-media":"","overlay-type":"","overlay-color":"","overlay-opacity":"","overlay-gradient":""},"mobile":{"background-color":"","background-image":"","background-repeat":"repeat","background-position":"center center","background-size":"auto","background-attachment":"scroll","background-type":"","background-media":"","overlay-type":"","overlay-color":"","overlay-opacity":"","overlay-gradient":""}},"ast-content-background-meta":{"desktop":{"background-color":"var(--ast-global-color-5)","background-image":"","background-repeat":"repeat","background-position":"center center","background-size":"auto","background-attachment":"scroll","background-type":"","background-media":"","overlay-type":"","overlay-color":"","overlay-opacity":"","overlay-gradient":""},"tablet":{"background-color":"var(--ast-global-color-5)","background-image":"","background-repeat":"repeat","background-position":"center center","background-size":"auto","background-attachment":"scroll","background-type":"","background-media":"","overlay-type":"","overlay-color":"","overlay-opacity":"","overlay-gradient":""},"mobile":{"background-color":"var(--ast-global-color-5)","background-image":"","background-repeat":"repeat","background-position":"center center","background-size":"auto","background-attachment":"scroll","background-type":"","background-media":"","overlay-type":"","overlay-color":"","overlay-opacity":"","overlay-gradient":""}}},"product_brand":[],"product_cat":[121],"product_tag":[],"class_list":{"0":"post-11458","1":"product","2":"type-product","3":"status-publish","4":"has-post-thumbnail","6":"product_cat-siemens","7":"desktop-align-left","8":"tablet-align-left","9":"mobile-align-left","10":"ast-product-gallery-layout-horizontal-slider","11":"ast-product-gallery-with-no-image","12":"ast-product-tabs-layout-horizontal","14":"first","15":"onbackorder","16":"taxable","17":"shipping-taxable","18":"purchasable","19":"product-type-simple"},"yoast_head":"<!-- This site is optimized with the Yoast SEO plugin v27.3 - https:\/\/yoast.com\/product\/yoast-seo-wordpress\/ -->\n<title>6ES7241-1AH32-0XB0 | PLC Supply spot<\/title>\n<meta name=\"description\" content=\"Siemens 6ES7241-1AH32-0XB0 \u2013 S7-1200 komunikacijos modulis serijiniam ry\u0161iui.\" \/>\n<meta name=\"robots\" content=\"index, follow, max-snippet:-1, max-image-preview:large, max-video-preview:-1\" \/>\n<link rel=\"canonical\" href=\"https:\/\/plcsupplyspot.com\/lt\/automatikos-komponentai\/6es7241-1ah32-0xb0\/\" \/>\n<meta property=\"og:locale\" content=\"lt_LT\" \/>\n<meta property=\"og:type\" content=\"article\" \/>\n<meta property=\"og:title\" content=\"6ES7241-1AH32-0XB0 | PLC Supply spot\" \/>\n<meta property=\"og:description\" content=\"Siemens 6ES7241-1AH32-0XB0 \u2013 S7-1200 komunikacijos modulis serijiniam ry\u0161iui.\" \/>\n<meta property=\"og:url\" content=\"https:\/\/plcsupplyspot.com\/lt\/automatikos-komponentai\/6es7241-1ah32-0xb0\/\" \/>\n<meta property=\"og:site_name\" content=\"PLC Supply spot\" \/>\n<meta property=\"article:publisher\" content=\"https:\/\/www.facebook.com\/profile.php?id=61571705128033\" \/>\n<meta property=\"article:modified_time\" content=\"2026-04-14T11:26:15+00:00\" \/>\n<meta property=\"og:image\" content=\"https:\/\/plcsupplyspot.com\/wp-content\/uploads\/2026\/04\/6ES7241-1AH32-0XB0_480x480_crop_center.webp\" \/>\n\t<meta property=\"og:image:width\" content=\"480\" \/>\n\t<meta property=\"og:image:height\" content=\"480\" \/>\n\t<meta property=\"og:image:type\" content=\"image\/webp\" \/>\n<meta name=\"twitter:card\" content=\"summary_large_image\" \/>\n<meta name=\"twitter:label1\" content=\"Est. reading time\" \/>\n\t<meta name=\"twitter:data1\" content=\"1 minut\u0117\" \/>\n<!-- \/ Yoast SEO plugin. -->","yoast_head_json":{"title":"6ES7241-1AH32-0XB0 | PLC Supply spot","description":"Siemens 6ES7241-1AH32-0XB0 \u2013 S7-1200 komunikacijos modulis serijiniam ry\u0161iui.","robots":{"index":"index","follow":"follow","max-snippet":"max-snippet:-1","max-image-preview":"max-image-preview:large","max-video-preview":"max-video-preview:-1"},"canonical":"https:\/\/plcsupplyspot.com\/lt\/automatikos-komponentai\/6es7241-1ah32-0xb0\/","og_locale":"lt_LT","og_type":"article","og_title":"6ES7241-1AH32-0XB0 | PLC Supply spot","og_description":"Siemens 6ES7241-1AH32-0XB0 \u2013 S7-1200 komunikacijos modulis serijiniam ry\u0161iui.","og_url":"https:\/\/plcsupplyspot.com\/lt\/automatikos-komponentai\/6es7241-1ah32-0xb0\/","og_site_name":"PLC Supply spot","article_publisher":"https:\/\/www.facebook.com\/profile.php?id=61571705128033","article_modified_time":"2026-04-14T11:26:15+00:00","og_image":[{"width":480,"height":480,"url":"https:\/\/plcsupplyspot.com\/wp-content\/uploads\/2026\/04\/6ES7241-1AH32-0XB0_480x480_crop_center.webp","type":"image\/webp"}],"twitter_card":"summary_large_image","twitter_misc":{"Est. reading time":"1 minut\u0117"},"schema":{"@context":"https:\/\/schema.org","@graph":[{"@type":"WebPage","@id":"https:\/\/plcsupplyspot.com\/lt\/automatikos-komponentai\/6es7241-1ah32-0xb0\/","url":"https:\/\/plcsupplyspot.com\/lt\/automatikos-komponentai\/6es7241-1ah32-0xb0\/","name":"6ES7241-1AH32-0XB0 | PLC Supply spot","isPartOf":{"@id":"https:\/\/plcsupplyspot.com\/lt\/#website"},"primaryImageOfPage":{"@id":"https:\/\/plcsupplyspot.com\/lt\/automatikos-komponentai\/6es7241-1ah32-0xb0\/#primaryimage"},"image":{"@id":"https:\/\/plcsupplyspot.com\/lt\/automatikos-komponentai\/6es7241-1ah32-0xb0\/#primaryimage"},"thumbnailUrl":"https:\/\/plcsupplyspot.com\/wp-content\/uploads\/2026\/04\/6ES7241-1AH32-0XB0_480x480_crop_center.webp","datePublished":"2026-04-14T11:21:48+00:00","dateModified":"2026-04-14T11:26:15+00:00","description":"Siemens 6ES7241-1AH32-0XB0 \u2013 S7-1200 komunikacijos modulis serijiniam ry\u0161iui.","breadcrumb":{"@id":"https:\/\/plcsupplyspot.com\/lt\/automatikos-komponentai\/6es7241-1ah32-0xb0\/#breadcrumb"},"inLanguage":"lt-LT","potentialAction":[{"@type":"ReadAction","target":["https:\/\/plcsupplyspot.com\/lt\/automatikos-komponentai\/6es7241-1ah32-0xb0\/"]}]},{"@type":"ImageObject","inLanguage":"lt-LT","@id":"https:\/\/plcsupplyspot.com\/lt\/automatikos-komponentai\/6es7241-1ah32-0xb0\/#primaryimage","url":"https:\/\/plcsupplyspot.com\/wp-content\/uploads\/2026\/04\/6ES7241-1AH32-0XB0_480x480_crop_center.webp","contentUrl":"https:\/\/plcsupplyspot.com\/wp-content\/uploads\/2026\/04\/6ES7241-1AH32-0XB0_480x480_crop_center.webp","width":480,"height":480},{"@type":"BreadcrumbList","@id":"https:\/\/plcsupplyspot.com\/lt\/automatikos-komponentai\/6es7241-1ah32-0xb0\/#breadcrumb","itemListElement":[{"@type":"ListItem","position":1,"name":"home","item":"https:\/\/plcsupplyspot.com\/lt\/"},{"@type":"ListItem","position":2,"name":"Automatikos komponentai","item":"https:\/\/plcsupplyspot.com\/lt\/automatikos-komponentai\/"},{"@type":"ListItem","position":3,"name":"6ES7241-1AH32-0XB0"}]},{"@type":"WebSite","@id":"https:\/\/plcsupplyspot.com\/lt\/#website","url":"https:\/\/plcsupplyspot.com\/lt\/","name":"PLC Supply Spot","description":"Innovate. Accelerate. Automate!","publisher":{"@id":"https:\/\/plcsupplyspot.com\/lt\/#organization"},"potentialAction":[{"@type":"SearchAction","target":{"@type":"EntryPoint","urlTemplate":"https:\/\/plcsupplyspot.com\/lt\/?s={search_term_string}"},"query-input":{"@type":"PropertyValueSpecification","valueRequired":true,"valueName":"search_term_string"}}],"inLanguage":"lt-LT"},{"@type":"Organization","@id":"https:\/\/plcsupplyspot.com\/lt\/#organization","name":"PLC Supply Spot","alternateName":"PLC Supply Spot","url":"https:\/\/plcsupplyspot.com\/lt\/","logo":{"@type":"ImageObject","inLanguage":"lt-LT","@id":"https:\/\/plcsupplyspot.com\/lt\/#\/schema\/logo\/image\/","url":"https:\/\/plcsupplyspot.com\/wp-content\/uploads\/2026\/01\/plc-supply-spot-logo-1.png","contentUrl":"https:\/\/plcsupplyspot.com\/wp-content\/uploads\/2026\/01\/plc-supply-spot-logo-1.png","width":720,"height":720,"caption":"PLC Supply Spot"},"image":{"@id":"https:\/\/plcsupplyspot.com\/lt\/#\/schema\/logo\/image\/"},"sameAs":["https:\/\/www.facebook.com\/profile.php?id=61571705128033"]}]}},"_links":{"self":[{"href":"https:\/\/plcsupplyspot.com\/lt\/wp-json\/wp\/v2\/product\/11458","targetHints":{"allow":["GET"]}}],"collection":[{"href":"https:\/\/plcsupplyspot.com\/lt\/wp-json\/wp\/v2\/product"}],"about":[{"href":"https:\/\/plcsupplyspot.com\/lt\/wp-json\/wp\/v2\/types\/product"}],"version-history":[{"count":3,"href":"https:\/\/plcsupplyspot.com\/lt\/wp-json\/wp\/v2\/product\/11458\/revisions"}],"predecessor-version":[{"id":11464,"href":"https:\/\/plcsupplyspot.com\/lt\/wp-json\/wp\/v2\/product\/11458\/revisions\/11464"}],"wp:featuredmedia":[{"embeddable":true,"href":"https:\/\/plcsupplyspot.com\/lt\/wp-json\/wp\/v2\/media\/11460"}],"wp:attachment":[{"href":"https:\/\/plcsupplyspot.com\/lt\/wp-json\/wp\/v2\/media?parent=11458"}],"wp:term":[{"taxonomy":"product_brand","embeddable":true,"href":"https:\/\/plcsupplyspot.com\/lt\/wp-json\/wp\/v2\/product_brand?post=11458"},{"taxonomy":"product_cat","embeddable":true,"href":"https:\/\/plcsupplyspot.com\/lt\/wp-json\/wp\/v2\/product_cat?post=11458"},{"taxonomy":"product_tag","embeddable":true,"href":"https:\/\/plcsupplyspot.com\/lt\/wp-json\/wp\/v2\/product_tag?post=11458"}],"curies":[{"name":"wp","href":"https:\/\/api.w.org\/{rel}","templated":true}]}}