{"id":11404,"date":"2026-04-13T12:51:54","date_gmt":"2026-04-13T12:51:54","guid":{"rendered":"https:\/\/plcsupplyspot.com\/?post_type=product&#038;p=11404"},"modified":"2026-04-13T12:56:09","modified_gmt":"2026-04-13T12:56:09","slug":"atv32hu30n4","status":"publish","type":"product","link":"https:\/\/plcsupplyspot.com\/lt\/automatikos-komponentai\/atv32hu30n4\/","title":{"rendered":"ATV32HU30N4"},"content":{"rendered":"<p data-start=\"1775\" data-end=\"1828\"><strong data-start=\"1775\" data-end=\"1828\">Schneider Electric ATV32HU30N4 \u2013 da\u017enio keitiklis<\/strong><\/p>\n<p data-start=\"1830\" data-end=\"2047\">Schneider Electric ATV32HU30N4 yra Altivar 32 serijos da\u017enio keitiklis, skirtas trifazi\u0173 varikli\u0173 valdymui pramon\u0117s automatizavimo sistemose. Jis pasi\u017eymi patikimu veikimu, kompakti\u0161ku dizainu ir lengva integracija.<\/p>\n<p data-start=\"2049\" data-end=\"2137\">Keitiklis u\u017etikrina tiksl\u0173 variklio valdym\u0105 ir tinka \u012fvairioms pramonin\u0117ms aplikacijoms.<\/p>\n<p data-start=\"2139\" data-end=\"2539\"><strong data-start=\"2139\" data-end=\"2162\">Technin\u0117 santrauka:<\/strong><br data-start=\"2162\" data-end=\"2165\" \/>\u2022 Serija: Altivar 32<br data-start=\"2185\" data-end=\"2188\" \/>\u2022 Produkto tipas: da\u017enio keitiklis (VFD)<br data-start=\"2228\" data-end=\"2231\" \/>\u2022 Modelis: ATV32HU30N4<br data-start=\"2253\" data-end=\"2256\" \/>\u2022 \u012e\u0117jimo \u012ftampa: 3 fazi\u0173 380\u2013500 V AC<br data-start=\"2293\" data-end=\"2296\" \/>\u2022 Galia: apie 3 kW<br data-start=\"2314\" data-end=\"2317\" \/>\u2022 Valdymas: V\/f ir vektorin\u0117 kontrol\u0117<br data-start=\"2354\" data-end=\"2357\" \/>\u2022 Komunikacija: Modbus \/ CANopen<br data-start=\"2389\" data-end=\"2392\" \/>\u2022 Funkcijos: integruotos valdymo galimyb\u0117s<br data-start=\"2434\" data-end=\"2437\" \/>\u2022 Apsaugos klas\u0117: IP20<br data-start=\"2459\" data-end=\"2462\" \/>\u2022 Montavimas: panel\u0117 \/ spinta<br data-start=\"2491\" data-end=\"2494\" \/>\u2022 Darbin\u0117 temperat\u016bra: apie \u201310\u00b0C iki +50\u00b0C<\/p>\n<p data-start=\"2541\" data-end=\"2697\"><strong data-start=\"2541\" data-end=\"2572\">Tipin\u0117s panaudojimo sritys:<\/strong><br data-start=\"2572\" data-end=\"2575\" \/>\u2022 Konvejeriai<br data-start=\"2588\" data-end=\"2591\" \/>\u2022 Siurbliai ir ventiliatoriai<br data-start=\"2620\" data-end=\"2623\" \/>\u2022 Pakavimo \u012franga<br data-start=\"2640\" data-end=\"2643\" \/>\u2022 Pramoniniai \u012frenginiai<br data-start=\"2667\" data-end=\"2670\" \/>\u2022 Automatizavimo sistemos<\/p>\n<p data-start=\"2699\" data-end=\"2873\"><strong data-start=\"2699\" data-end=\"2718\">Apie gamintoj\u0105:<\/strong><br data-start=\"2718\" data-end=\"2721\" \/>Schneider Electric \u2013 viena i\u0161 pasaulini\u0173 lyderi\u0173 energijos valdymo ir automatizavimo srityje, kurianti da\u017enio keitiklius, PLC ir pramoninius sprendimus.<\/p>\n","protected":false},"excerpt":{"rendered":"<p data-start=\"468\" data-end=\"545\">Altivar 32 da\u017enio keitiklis pramoniniam valdymui.<\/p>\n<p data-start=\"439\" data-end=\"524\">\n","protected":false},"featured_media":11406,"template":"","meta":{"site-sidebar-layout":"default","site-content-layout":"","ast-site-content-layout":"default","site-content-style":"default","site-sidebar-style":"default","ast-global-header-display":"","ast-banner-title-visibility":"","ast-main-header-display":"","ast-hfb-above-header-display":"","ast-hfb-below-header-display":"","ast-hfb-mobile-header-display":"","site-post-title":"","ast-breadcrumbs-content":"","ast-featured-img":"","footer-sml-layout":"","ast-disable-related-posts":"","theme-transparent-header-meta":"default","adv-header-id-meta":"","stick-header-meta":"default","header-above-stick-meta":"","header-main-stick-meta":"","header-below-stick-meta":"","astra-migrate-meta-layouts":"set","ast-page-background-enabled":"default","ast-page-background-meta":{"desktop":{"background-color":"","background-image":"","background-repeat":"repeat","background-position":"center center","background-size":"auto","background-attachment":"scroll","background-type":"","background-media":"","overlay-type":"","overlay-color":"","overlay-opacity":"","overlay-gradient":""},"tablet":{"background-color":"","background-image":"","background-repeat":"repeat","background-position":"center center","background-size":"auto","background-attachment":"scroll","background-type":"","background-media":"","overlay-type":"","overlay-color":"","overlay-opacity":"","overlay-gradient":""},"mobile":{"background-color":"","background-image":"","background-repeat":"repeat","background-position":"center center","background-size":"auto","background-attachment":"scroll","background-type":"","background-media":"","overlay-type":"","overlay-color":"","overlay-opacity":"","overlay-gradient":""}},"ast-content-background-meta":{"desktop":{"background-color":"var(--ast-global-color-5)","background-image":"","background-repeat":"repeat","background-position":"center center","background-size":"auto","background-attachment":"scroll","background-type":"","background-media":"","overlay-type":"","overlay-color":"","overlay-opacity":"","overlay-gradient":""},"tablet":{"background-color":"var(--ast-global-color-5)","background-image":"","background-repeat":"repeat","background-position":"center center","background-size":"auto","background-attachment":"scroll","background-type":"","background-media":"","overlay-type":"","overlay-color":"","overlay-opacity":"","overlay-gradient":""},"mobile":{"background-color":"var(--ast-global-color-5)","background-image":"","background-repeat":"repeat","background-position":"center center","background-size":"auto","background-attachment":"scroll","background-type":"","background-media":"","overlay-type":"","overlay-color":"","overlay-opacity":"","overlay-gradient":""}}},"product_brand":[],"product_cat":[116,122,119],"product_tag":[],"class_list":{"0":"post-11404","1":"product","2":"type-product","3":"status-publish","4":"has-post-thumbnail","6":"product_cat-allen-bradley","7":"product_cat-daznio-keitikliai","8":"product_cat-schneider","9":"desktop-align-left","10":"tablet-align-left","11":"mobile-align-left","12":"ast-product-gallery-layout-horizontal-slider","13":"ast-product-gallery-with-no-image","14":"ast-product-tabs-layout-horizontal","16":"first","17":"onbackorder","18":"taxable","19":"shipping-taxable","20":"purchasable","21":"product-type-simple"},"yoast_head":"<!-- This site is optimized with the Yoast SEO plugin v27.3 - https:\/\/yoast.com\/product\/yoast-seo-wordpress\/ -->\n<title>ATV32HU30N4 | PLC Supply spot<\/title>\n<meta name=\"description\" content=\"Schneider Electric ATV32HU30N4 \u2013 Altivar 32 da\u017enio keitiklis 3 kW varikliams.\" \/>\n<meta name=\"robots\" content=\"index, follow, max-snippet:-1, max-image-preview:large, max-video-preview:-1\" \/>\n<link rel=\"canonical\" href=\"https:\/\/plcsupplyspot.com\/lt\/automatikos-komponentai\/atv32hu30n4\/\" \/>\n<meta property=\"og:locale\" content=\"lt_LT\" \/>\n<meta property=\"og:type\" content=\"article\" \/>\n<meta property=\"og:title\" content=\"ATV32HU30N4 | PLC Supply spot\" \/>\n<meta property=\"og:description\" content=\"Schneider Electric ATV32HU30N4 \u2013 Altivar 32 da\u017enio keitiklis 3 kW varikliams.\" \/>\n<meta property=\"og:url\" content=\"https:\/\/plcsupplyspot.com\/lt\/automatikos-komponentai\/atv32hu30n4\/\" \/>\n<meta property=\"og:site_name\" content=\"PLC Supply spot\" \/>\n<meta property=\"article:publisher\" content=\"https:\/\/www.facebook.com\/profile.php?id=61571705128033\" \/>\n<meta property=\"article:modified_time\" content=\"2026-04-13T12:56:09+00:00\" \/>\n<meta property=\"og:image\" content=\"https:\/\/plcsupplyspot.com\/wp-content\/uploads\/2026\/04\/PF151107A_369.jpg\" \/>\n\t<meta property=\"og:image:width\" content=\"369\" \/>\n\t<meta property=\"og:image:height\" content=\"369\" \/>\n\t<meta property=\"og:image:type\" content=\"image\/jpeg\" \/>\n<meta name=\"twitter:card\" content=\"summary_large_image\" \/>\n<meta name=\"twitter:label1\" content=\"Est. reading time\" \/>\n\t<meta name=\"twitter:data1\" content=\"1 minut\u0117\" \/>\n<!-- \/ Yoast SEO plugin. -->","yoast_head_json":{"title":"ATV32HU30N4 | PLC Supply spot","description":"Schneider Electric ATV32HU30N4 \u2013 Altivar 32 da\u017enio keitiklis 3 kW varikliams.","robots":{"index":"index","follow":"follow","max-snippet":"max-snippet:-1","max-image-preview":"max-image-preview:large","max-video-preview":"max-video-preview:-1"},"canonical":"https:\/\/plcsupplyspot.com\/lt\/automatikos-komponentai\/atv32hu30n4\/","og_locale":"lt_LT","og_type":"article","og_title":"ATV32HU30N4 | PLC Supply spot","og_description":"Schneider Electric ATV32HU30N4 \u2013 Altivar 32 da\u017enio keitiklis 3 kW varikliams.","og_url":"https:\/\/plcsupplyspot.com\/lt\/automatikos-komponentai\/atv32hu30n4\/","og_site_name":"PLC Supply spot","article_publisher":"https:\/\/www.facebook.com\/profile.php?id=61571705128033","article_modified_time":"2026-04-13T12:56:09+00:00","og_image":[{"width":369,"height":369,"url":"https:\/\/plcsupplyspot.com\/wp-content\/uploads\/2026\/04\/PF151107A_369.jpg","type":"image\/jpeg"}],"twitter_card":"summary_large_image","twitter_misc":{"Est. reading time":"1 minut\u0117"},"schema":{"@context":"https:\/\/schema.org","@graph":[{"@type":"WebPage","@id":"https:\/\/plcsupplyspot.com\/lt\/automatikos-komponentai\/atv32hu30n4\/","url":"https:\/\/plcsupplyspot.com\/lt\/automatikos-komponentai\/atv32hu30n4\/","name":"ATV32HU30N4 | PLC Supply spot","isPartOf":{"@id":"https:\/\/plcsupplyspot.com\/lt\/#website"},"primaryImageOfPage":{"@id":"https:\/\/plcsupplyspot.com\/lt\/automatikos-komponentai\/atv32hu30n4\/#primaryimage"},"image":{"@id":"https:\/\/plcsupplyspot.com\/lt\/automatikos-komponentai\/atv32hu30n4\/#primaryimage"},"thumbnailUrl":"https:\/\/plcsupplyspot.com\/wp-content\/uploads\/2026\/04\/PF151107A_369.jpg","datePublished":"2026-04-13T12:51:54+00:00","dateModified":"2026-04-13T12:56:09+00:00","description":"Schneider Electric ATV32HU30N4 \u2013 Altivar 32 da\u017enio keitiklis 3 kW varikliams.","breadcrumb":{"@id":"https:\/\/plcsupplyspot.com\/lt\/automatikos-komponentai\/atv32hu30n4\/#breadcrumb"},"inLanguage":"lt-LT","potentialAction":[{"@type":"ReadAction","target":["https:\/\/plcsupplyspot.com\/lt\/automatikos-komponentai\/atv32hu30n4\/"]}]},{"@type":"ImageObject","inLanguage":"lt-LT","@id":"https:\/\/plcsupplyspot.com\/lt\/automatikos-komponentai\/atv32hu30n4\/#primaryimage","url":"https:\/\/plcsupplyspot.com\/wp-content\/uploads\/2026\/04\/PF151107A_369.jpg","contentUrl":"https:\/\/plcsupplyspot.com\/wp-content\/uploads\/2026\/04\/PF151107A_369.jpg","width":369,"height":369},{"@type":"BreadcrumbList","@id":"https:\/\/plcsupplyspot.com\/lt\/automatikos-komponentai\/atv32hu30n4\/#breadcrumb","itemListElement":[{"@type":"ListItem","position":1,"name":"home","item":"https:\/\/plcsupplyspot.com\/lt\/"},{"@type":"ListItem","position":2,"name":"Automatikos komponentai","item":"https:\/\/plcsupplyspot.com\/lt\/automatikos-komponentai\/"},{"@type":"ListItem","position":3,"name":"ATV32HU30N4"}]},{"@type":"WebSite","@id":"https:\/\/plcsupplyspot.com\/lt\/#website","url":"https:\/\/plcsupplyspot.com\/lt\/","name":"PLC Supply Spot","description":"Innovate. Accelerate. Automate!","publisher":{"@id":"https:\/\/plcsupplyspot.com\/lt\/#organization"},"potentialAction":[{"@type":"SearchAction","target":{"@type":"EntryPoint","urlTemplate":"https:\/\/plcsupplyspot.com\/lt\/?s={search_term_string}"},"query-input":{"@type":"PropertyValueSpecification","valueRequired":true,"valueName":"search_term_string"}}],"inLanguage":"lt-LT"},{"@type":"Organization","@id":"https:\/\/plcsupplyspot.com\/lt\/#organization","name":"PLC Supply Spot","alternateName":"PLC Supply Spot","url":"https:\/\/plcsupplyspot.com\/lt\/","logo":{"@type":"ImageObject","inLanguage":"lt-LT","@id":"https:\/\/plcsupplyspot.com\/lt\/#\/schema\/logo\/image\/","url":"https:\/\/plcsupplyspot.com\/wp-content\/uploads\/2026\/01\/plc-supply-spot-logo-1.png","contentUrl":"https:\/\/plcsupplyspot.com\/wp-content\/uploads\/2026\/01\/plc-supply-spot-logo-1.png","width":720,"height":720,"caption":"PLC Supply Spot"},"image":{"@id":"https:\/\/plcsupplyspot.com\/lt\/#\/schema\/logo\/image\/"},"sameAs":["https:\/\/www.facebook.com\/profile.php?id=61571705128033"]}]}},"_links":{"self":[{"href":"https:\/\/plcsupplyspot.com\/lt\/wp-json\/wp\/v2\/product\/11404","targetHints":{"allow":["GET"]}}],"collection":[{"href":"https:\/\/plcsupplyspot.com\/lt\/wp-json\/wp\/v2\/product"}],"about":[{"href":"https:\/\/plcsupplyspot.com\/lt\/wp-json\/wp\/v2\/types\/product"}],"version-history":[{"count":2,"href":"https:\/\/plcsupplyspot.com\/lt\/wp-json\/wp\/v2\/product\/11404\/revisions"}],"predecessor-version":[{"id":11409,"href":"https:\/\/plcsupplyspot.com\/lt\/wp-json\/wp\/v2\/product\/11404\/revisions\/11409"}],"wp:featuredmedia":[{"embeddable":true,"href":"https:\/\/plcsupplyspot.com\/lt\/wp-json\/wp\/v2\/media\/11406"}],"wp:attachment":[{"href":"https:\/\/plcsupplyspot.com\/lt\/wp-json\/wp\/v2\/media?parent=11404"}],"wp:term":[{"taxonomy":"product_brand","embeddable":true,"href":"https:\/\/plcsupplyspot.com\/lt\/wp-json\/wp\/v2\/product_brand?post=11404"},{"taxonomy":"product_cat","embeddable":true,"href":"https:\/\/plcsupplyspot.com\/lt\/wp-json\/wp\/v2\/product_cat?post=11404"},{"taxonomy":"product_tag","embeddable":true,"href":"https:\/\/plcsupplyspot.com\/lt\/wp-json\/wp\/v2\/product_tag?post=11404"}],"curies":[{"name":"wp","href":"https:\/\/api.w.org\/{rel}","templated":true}]}}