{"id":11273,"date":"2026-04-10T08:26:34","date_gmt":"2026-04-10T08:26:34","guid":{"rendered":"https:\/\/plcsupplyspot.com\/?post_type=product&#038;p=11273"},"modified":"2026-04-10T08:34:36","modified_gmt":"2026-04-10T08:34:36","slug":"mpl-b420p-mk72aa","status":"publish","type":"product","link":"https:\/\/plcsupplyspot.com\/lt\/automatikos-komponentai\/mpl-b420p-mk72aa\/","title":{"rendered":"MPL-B420P-MK72AA"},"content":{"rendered":"<p data-start=\"1707\" data-end=\"1758\"><strong data-start=\"1707\" data-end=\"1758\">Allen-Bradley MPL-B420P-MK72AA \u2013 servo variklis<\/strong><\/p>\n<p data-start=\"1760\" data-end=\"1998\">Allen-Bradley MPL-B420P-MK72AA yra MPL serijos servo variklis, skirtas tiksliam judesio valdymui pramon\u0117s automatizavimo sistemose. Jis pasi\u017eymi patikimu veikimu, tikslia pozicionavimo kontrole ir efektyviu darbu \u012fvairiose aplikacijose.<\/p>\n<p data-start=\"2000\" data-end=\"2138\">Variklis optimizuotas darbui su Kinetix servo pavaromis ir tinka \u012frenginiams, kuriems reikalingas stabilus ir dinami\u0161kas judesio valdymas.<\/p>\n<p data-start=\"2140\" data-end=\"2460\"><strong data-start=\"2140\" data-end=\"2163\">Technin\u0117 santrauka:<\/strong><br data-start=\"2163\" data-end=\"2166\" \/>\u2022 Serija: MPL<br data-start=\"2179\" data-end=\"2182\" \/>\u2022 Produkto tipas: servo variklis<br data-start=\"2214\" data-end=\"2217\" \/>\u2022 Modelis: MPL-B420P-MK72AA<br data-start=\"2244\" data-end=\"2247\" \/>\u2022 Tipas: ma\u017eos inercijos<br data-start=\"2271\" data-end=\"2274\" \/>\u2022 \u012etampa: apie 400 V klas\u0117<br data-start=\"2300\" data-end=\"2303\" \/>\u2022 Enkoderis: auk\u0161tos rai\u0161kos<br data-start=\"2331\" data-end=\"2334\" \/>\u2022 Charakteristikos: tikslus ir stabilus veikimas<br data-start=\"2382\" data-end=\"2385\" \/>\u2022 Au\u0161inimas: nat\u016bralus<br data-start=\"2407\" data-end=\"2410\" \/>\u2022 Montavimas: flan\u0161inis<br data-start=\"2433\" data-end=\"2436\" \/>\u2022 Apsaugos klas\u0117: IP65<\/p>\n<p data-start=\"2462\" data-end=\"2602\"><strong data-start=\"2462\" data-end=\"2493\">Tipin\u0117s panaudojimo sritys:<\/strong><br data-start=\"2493\" data-end=\"2496\" \/>\u2022 Judesio valdymo sistemos<br data-start=\"2522\" data-end=\"2525\" \/>\u2022 Pramonin\u0117 automatizacija<br data-start=\"2551\" data-end=\"2554\" \/>\u2022 Pakavimo \u012franga<br data-start=\"2571\" data-end=\"2574\" \/>\u2022 Robotika<br data-start=\"2584\" data-end=\"2587\" \/>\u2022 CNC stakl\u0117s<\/p>\n<p data-start=\"2604\" data-end=\"2794\"><strong data-start=\"2604\" data-end=\"2623\">Apie gamintoj\u0105:<\/strong><br data-start=\"2623\" data-end=\"2626\" \/>Allen-Bradley \u2013 Rockwell Automation prek\u0117s \u017eenklas ir vienas i\u0161 pasaulini\u0173 lyderi\u0173 pramon\u0117s automatizavimo srityje, kuriantis servo sistemas, PLC ir valdymo sprendimus.<\/p>\n","protected":false},"excerpt":{"rendered":"<p data-start=\"453\" data-end=\"526\">MPL servo variklis tiksliam judesio valdymui.<\/p>\n<p data-start=\"439\" data-end=\"524\">\n","protected":false},"featured_media":11267,"template":"","meta":{"site-sidebar-layout":"default","site-content-layout":"","ast-site-content-layout":"default","site-content-style":"default","site-sidebar-style":"default","ast-global-header-display":"","ast-banner-title-visibility":"","ast-main-header-display":"","ast-hfb-above-header-display":"","ast-hfb-below-header-display":"","ast-hfb-mobile-header-display":"","site-post-title":"","ast-breadcrumbs-content":"","ast-featured-img":"","footer-sml-layout":"","ast-disable-related-posts":"","theme-transparent-header-meta":"default","adv-header-id-meta":"","stick-header-meta":"default","header-above-stick-meta":"","header-main-stick-meta":"","header-below-stick-meta":"","astra-migrate-meta-layouts":"set","ast-page-background-enabled":"default","ast-page-background-meta":{"desktop":{"background-color":"","background-image":"","background-repeat":"repeat","background-position":"center center","background-size":"auto","background-attachment":"scroll","background-type":"","background-media":"","overlay-type":"","overlay-color":"","overlay-opacity":"","overlay-gradient":""},"tablet":{"background-color":"","background-image":"","background-repeat":"repeat","background-position":"center center","background-size":"auto","background-attachment":"scroll","background-type":"","background-media":"","overlay-type":"","overlay-color":"","overlay-opacity":"","overlay-gradient":""},"mobile":{"background-color":"","background-image":"","background-repeat":"repeat","background-position":"center center","background-size":"auto","background-attachment":"scroll","background-type":"","background-media":"","overlay-type":"","overlay-color":"","overlay-opacity":"","overlay-gradient":""}},"ast-content-background-meta":{"desktop":{"background-color":"var(--ast-global-color-5)","background-image":"","background-repeat":"repeat","background-position":"center center","background-size":"auto","background-attachment":"scroll","background-type":"","background-media":"","overlay-type":"","overlay-color":"","overlay-opacity":"","overlay-gradient":""},"tablet":{"background-color":"var(--ast-global-color-5)","background-image":"","background-repeat":"repeat","background-position":"center center","background-size":"auto","background-attachment":"scroll","background-type":"","background-media":"","overlay-type":"","overlay-color":"","overlay-opacity":"","overlay-gradient":""},"mobile":{"background-color":"var(--ast-global-color-5)","background-image":"","background-repeat":"repeat","background-position":"center center","background-size":"auto","background-attachment":"scroll","background-type":"","background-media":"","overlay-type":"","overlay-color":"","overlay-opacity":"","overlay-gradient":""}}},"product_brand":[],"product_cat":[116,127],"product_tag":[],"class_list":{"0":"post-11273","1":"product","2":"type-product","3":"status-publish","4":"has-post-thumbnail","6":"product_cat-allen-bradley","7":"product_cat-servo-varikliai","8":"desktop-align-left","9":"tablet-align-left","10":"mobile-align-left","11":"ast-product-gallery-layout-horizontal-slider","12":"ast-product-gallery-with-no-image","13":"ast-product-tabs-layout-horizontal","15":"first","16":"onbackorder","17":"taxable","18":"shipping-taxable","19":"purchasable","20":"product-type-simple"},"yoast_head":"<!-- This site is optimized with the Yoast SEO plugin v27.3 - https:\/\/yoast.com\/product\/yoast-seo-wordpress\/ -->\n<title>MPL-B420P-MK72AA | PLC Supply spot<\/title>\n<meta name=\"description\" content=\"Allen-Bradley MPL-B420P-MK72AA \u2013 MPL serijos servo variklis tiksliam valdymui.\" \/>\n<meta name=\"robots\" content=\"index, follow, max-snippet:-1, max-image-preview:large, max-video-preview:-1\" \/>\n<link rel=\"canonical\" href=\"https:\/\/plcsupplyspot.com\/lt\/automatikos-komponentai\/mpl-b420p-mk72aa\/\" \/>\n<meta property=\"og:locale\" content=\"lt_LT\" \/>\n<meta property=\"og:type\" content=\"article\" \/>\n<meta property=\"og:title\" content=\"MPL-B420P-MK72AA | PLC Supply spot\" \/>\n<meta property=\"og:description\" content=\"Allen-Bradley MPL-B420P-MK72AA \u2013 MPL serijos servo variklis tiksliam valdymui.\" \/>\n<meta property=\"og:url\" content=\"https:\/\/plcsupplyspot.com\/lt\/automatikos-komponentai\/mpl-b420p-mk72aa\/\" \/>\n<meta property=\"og:site_name\" content=\"PLC Supply spot\" \/>\n<meta property=\"article:publisher\" content=\"https:\/\/www.facebook.com\/profile.php?id=61571705128033\" \/>\n<meta property=\"article:modified_time\" content=\"2026-04-10T08:34:36+00:00\" \/>\n<meta property=\"og:image\" content=\"https:\/\/plcsupplyspot.com\/wp-content\/uploads\/2026\/04\/MPLMotor_ph.jpg\" \/>\n\t<meta property=\"og:image:width\" content=\"450\" \/>\n\t<meta property=\"og:image:height\" content=\"450\" \/>\n\t<meta property=\"og:image:type\" content=\"image\/jpeg\" \/>\n<meta name=\"twitter:card\" content=\"summary_large_image\" \/>\n<meta name=\"twitter:label1\" content=\"Est. reading time\" \/>\n\t<meta name=\"twitter:data1\" content=\"1 minut\u0117\" \/>\n<!-- \/ Yoast SEO plugin. -->","yoast_head_json":{"title":"MPL-B420P-MK72AA | PLC Supply spot","description":"Allen-Bradley MPL-B420P-MK72AA \u2013 MPL serijos servo variklis tiksliam valdymui.","robots":{"index":"index","follow":"follow","max-snippet":"max-snippet:-1","max-image-preview":"max-image-preview:large","max-video-preview":"max-video-preview:-1"},"canonical":"https:\/\/plcsupplyspot.com\/lt\/automatikos-komponentai\/mpl-b420p-mk72aa\/","og_locale":"lt_LT","og_type":"article","og_title":"MPL-B420P-MK72AA | PLC Supply spot","og_description":"Allen-Bradley MPL-B420P-MK72AA \u2013 MPL serijos servo variklis tiksliam valdymui.","og_url":"https:\/\/plcsupplyspot.com\/lt\/automatikos-komponentai\/mpl-b420p-mk72aa\/","og_site_name":"PLC Supply spot","article_publisher":"https:\/\/www.facebook.com\/profile.php?id=61571705128033","article_modified_time":"2026-04-10T08:34:36+00:00","og_image":[{"width":450,"height":450,"url":"https:\/\/plcsupplyspot.com\/wp-content\/uploads\/2026\/04\/MPLMotor_ph.jpg","type":"image\/jpeg"}],"twitter_card":"summary_large_image","twitter_misc":{"Est. reading time":"1 minut\u0117"},"schema":{"@context":"https:\/\/schema.org","@graph":[{"@type":"WebPage","@id":"https:\/\/plcsupplyspot.com\/lt\/automatikos-komponentai\/mpl-b420p-mk72aa\/","url":"https:\/\/plcsupplyspot.com\/lt\/automatikos-komponentai\/mpl-b420p-mk72aa\/","name":"MPL-B420P-MK72AA | PLC Supply spot","isPartOf":{"@id":"https:\/\/plcsupplyspot.com\/lt\/#website"},"primaryImageOfPage":{"@id":"https:\/\/plcsupplyspot.com\/lt\/automatikos-komponentai\/mpl-b420p-mk72aa\/#primaryimage"},"image":{"@id":"https:\/\/plcsupplyspot.com\/lt\/automatikos-komponentai\/mpl-b420p-mk72aa\/#primaryimage"},"thumbnailUrl":"https:\/\/plcsupplyspot.com\/wp-content\/uploads\/2026\/04\/MPLMotor_ph.jpg","datePublished":"2026-04-10T08:26:34+00:00","dateModified":"2026-04-10T08:34:36+00:00","description":"Allen-Bradley MPL-B420P-MK72AA \u2013 MPL serijos servo variklis tiksliam valdymui.","breadcrumb":{"@id":"https:\/\/plcsupplyspot.com\/lt\/automatikos-komponentai\/mpl-b420p-mk72aa\/#breadcrumb"},"inLanguage":"lt-LT","potentialAction":[{"@type":"ReadAction","target":["https:\/\/plcsupplyspot.com\/lt\/automatikos-komponentai\/mpl-b420p-mk72aa\/"]}]},{"@type":"ImageObject","inLanguage":"lt-LT","@id":"https:\/\/plcsupplyspot.com\/lt\/automatikos-komponentai\/mpl-b420p-mk72aa\/#primaryimage","url":"https:\/\/plcsupplyspot.com\/wp-content\/uploads\/2026\/04\/MPLMotor_ph.jpg","contentUrl":"https:\/\/plcsupplyspot.com\/wp-content\/uploads\/2026\/04\/MPLMotor_ph.jpg","width":450,"height":450},{"@type":"BreadcrumbList","@id":"https:\/\/plcsupplyspot.com\/lt\/automatikos-komponentai\/mpl-b420p-mk72aa\/#breadcrumb","itemListElement":[{"@type":"ListItem","position":1,"name":"home","item":"https:\/\/plcsupplyspot.com\/lt\/"},{"@type":"ListItem","position":2,"name":"Automatikos komponentai","item":"https:\/\/plcsupplyspot.com\/lt\/automatikos-komponentai\/"},{"@type":"ListItem","position":3,"name":"MPL-B420P-MK72AA"}]},{"@type":"WebSite","@id":"https:\/\/plcsupplyspot.com\/lt\/#website","url":"https:\/\/plcsupplyspot.com\/lt\/","name":"PLC Supply Spot","description":"Innovate. Accelerate. Automate!","publisher":{"@id":"https:\/\/plcsupplyspot.com\/lt\/#organization"},"potentialAction":[{"@type":"SearchAction","target":{"@type":"EntryPoint","urlTemplate":"https:\/\/plcsupplyspot.com\/lt\/?s={search_term_string}"},"query-input":{"@type":"PropertyValueSpecification","valueRequired":true,"valueName":"search_term_string"}}],"inLanguage":"lt-LT"},{"@type":"Organization","@id":"https:\/\/plcsupplyspot.com\/lt\/#organization","name":"PLC Supply Spot","alternateName":"PLC Supply Spot","url":"https:\/\/plcsupplyspot.com\/lt\/","logo":{"@type":"ImageObject","inLanguage":"lt-LT","@id":"https:\/\/plcsupplyspot.com\/lt\/#\/schema\/logo\/image\/","url":"https:\/\/plcsupplyspot.com\/wp-content\/uploads\/2026\/01\/plc-supply-spot-logo-1.png","contentUrl":"https:\/\/plcsupplyspot.com\/wp-content\/uploads\/2026\/01\/plc-supply-spot-logo-1.png","width":720,"height":720,"caption":"PLC Supply Spot"},"image":{"@id":"https:\/\/plcsupplyspot.com\/lt\/#\/schema\/logo\/image\/"},"sameAs":["https:\/\/www.facebook.com\/profile.php?id=61571705128033"]}]}},"_links":{"self":[{"href":"https:\/\/plcsupplyspot.com\/lt\/wp-json\/wp\/v2\/product\/11273","targetHints":{"allow":["GET"]}}],"collection":[{"href":"https:\/\/plcsupplyspot.com\/lt\/wp-json\/wp\/v2\/product"}],"about":[{"href":"https:\/\/plcsupplyspot.com\/lt\/wp-json\/wp\/v2\/types\/product"}],"version-history":[{"count":3,"href":"https:\/\/plcsupplyspot.com\/lt\/wp-json\/wp\/v2\/product\/11273\/revisions"}],"predecessor-version":[{"id":11277,"href":"https:\/\/plcsupplyspot.com\/lt\/wp-json\/wp\/v2\/product\/11273\/revisions\/11277"}],"wp:featuredmedia":[{"embeddable":true,"href":"https:\/\/plcsupplyspot.com\/lt\/wp-json\/wp\/v2\/media\/11267"}],"wp:attachment":[{"href":"https:\/\/plcsupplyspot.com\/lt\/wp-json\/wp\/v2\/media?parent=11273"}],"wp:term":[{"taxonomy":"product_brand","embeddable":true,"href":"https:\/\/plcsupplyspot.com\/lt\/wp-json\/wp\/v2\/product_brand?post=11273"},{"taxonomy":"product_cat","embeddable":true,"href":"https:\/\/plcsupplyspot.com\/lt\/wp-json\/wp\/v2\/product_cat?post=11273"},{"taxonomy":"product_tag","embeddable":true,"href":"https:\/\/plcsupplyspot.com\/lt\/wp-json\/wp\/v2\/product_tag?post=11273"}],"curies":[{"name":"wp","href":"https:\/\/api.w.org\/{rel}","templated":true}]}}