{"id":11265,"date":"2026-04-10T08:20:13","date_gmt":"2026-04-10T08:20:13","guid":{"rendered":"https:\/\/plcsupplyspot.com\/?post_type=product&#038;p=11265"},"modified":"2026-04-10T08:24:59","modified_gmt":"2026-04-10T08:24:59","slug":"mpl-b330p-sj74aa","status":"publish","type":"product","link":"https:\/\/plcsupplyspot.com\/lt\/automatikos-komponentai\/mpl-b330p-sj74aa\/","title":{"rendered":"MPL-B330P-SJ74AA"},"content":{"rendered":"<p data-start=\"1682\" data-end=\"1733\"><strong data-start=\"1682\" data-end=\"1733\">Allen-Bradley MPL-B680B-M-X227 \u2013 servo variklis<\/strong><\/p>\n<p data-start=\"1735\" data-end=\"1967\">Allen-Bradley MPL-B680B-M-X227 yra auk\u0161tos klas\u0117s servo variklis, skirtas sud\u0117tingoms judesio valdymo aplikacijoms pramon\u0117s automatizavimo sistemose. Jis priklauso MPL serijai ir yra optimizuotas darbui su Kinetix servo pavaromis.<\/p>\n<p data-start=\"1969\" data-end=\"2062\">Variklis pasi\u017eymi dideliu sukimo momentu, tikslia pozicionavimo kontrole ir patikimu veikimu.<\/p>\n<p data-start=\"2064\" data-end=\"2396\"><strong data-start=\"2064\" data-end=\"2087\">Technin\u0117 santrauka:<\/strong><br data-start=\"2087\" data-end=\"2090\" \/>\u2022 Serija: MPL<br data-start=\"2103\" data-end=\"2106\" \/>\u2022 Produkto tipas: servo variklis<br data-start=\"2138\" data-end=\"2141\" \/>\u2022 Modelis: MPL-B680B-M-X227<br data-start=\"2168\" data-end=\"2171\" \/>\u2022 Tipas: vidutin\u0117s inercijos<br data-start=\"2199\" data-end=\"2202\" \/>\u2022 \u012etampa: apie 400 V klas\u0117<br data-start=\"2228\" data-end=\"2231\" \/>\u2022 Enkoderis: auk\u0161tos rai\u0161kos<br data-start=\"2259\" data-end=\"2262\" \/>\u2022 Charakteristikos: didelis tikslumas ir sukimo momentas<br data-start=\"2318\" data-end=\"2321\" \/>\u2022 Au\u0161inimas: nat\u016bralus<br data-start=\"2343\" data-end=\"2346\" \/>\u2022 Montavimas: flan\u0161inis<br data-start=\"2369\" data-end=\"2372\" \/>\u2022 Apsaugos klas\u0117: IP65<\/p>\n<p data-start=\"2398\" data-end=\"2538\"><strong data-start=\"2398\" data-end=\"2429\">Tipin\u0117s panaudojimo sritys:<\/strong><br data-start=\"2429\" data-end=\"2432\" \/>\u2022 Judesio valdymo sistemos<br data-start=\"2458\" data-end=\"2461\" \/>\u2022 CNC stakl\u0117s<br data-start=\"2474\" data-end=\"2477\" \/>\u2022 Robotika<br data-start=\"2487\" data-end=\"2490\" \/>\u2022 Pakavimo \u012franga<br data-start=\"2507\" data-end=\"2510\" \/>\u2022 Pramonin\u0117 automatizacija<\/p>\n<p data-start=\"2540\" data-end=\"2730\"><strong data-start=\"2540\" data-end=\"2559\">Apie gamintoj\u0105:<\/strong><br data-start=\"2559\" data-end=\"2562\" \/>Allen-Bradley \u2013 Rockwell Automation prek\u0117s \u017eenklas ir vienas i\u0161 pasaulini\u0173 lyderi\u0173 pramon\u0117s automatizavimo srityje, kuriantis servo sistemas, PLC ir valdymo sprendimus.<\/p>\n","protected":false},"excerpt":{"rendered":"<p data-start=\"451\" data-end=\"529\">Kompakti\u0161kas MPL servo variklis tiksliam valdymui.<\/p>\n<p data-start=\"439\" data-end=\"524\">\n","protected":false},"featured_media":11267,"template":"","meta":{"site-sidebar-layout":"default","site-content-layout":"","ast-site-content-layout":"default","site-content-style":"default","site-sidebar-style":"default","ast-global-header-display":"","ast-banner-title-visibility":"","ast-main-header-display":"","ast-hfb-above-header-display":"","ast-hfb-below-header-display":"","ast-hfb-mobile-header-display":"","site-post-title":"","ast-breadcrumbs-content":"","ast-featured-img":"","footer-sml-layout":"","ast-disable-related-posts":"","theme-transparent-header-meta":"default","adv-header-id-meta":"","stick-header-meta":"default","header-above-stick-meta":"","header-main-stick-meta":"","header-below-stick-meta":"","astra-migrate-meta-layouts":"set","ast-page-background-enabled":"default","ast-page-background-meta":{"desktop":{"background-color":"","background-image":"","background-repeat":"repeat","background-position":"center center","background-size":"auto","background-attachment":"scroll","background-type":"","background-media":"","overlay-type":"","overlay-color":"","overlay-opacity":"","overlay-gradient":""},"tablet":{"background-color":"","background-image":"","background-repeat":"repeat","background-position":"center center","background-size":"auto","background-attachment":"scroll","background-type":"","background-media":"","overlay-type":"","overlay-color":"","overlay-opacity":"","overlay-gradient":""},"mobile":{"background-color":"","background-image":"","background-repeat":"repeat","background-position":"center center","background-size":"auto","background-attachment":"scroll","background-type":"","background-media":"","overlay-type":"","overlay-color":"","overlay-opacity":"","overlay-gradient":""}},"ast-content-background-meta":{"desktop":{"background-color":"var(--ast-global-color-5)","background-image":"","background-repeat":"repeat","background-position":"center center","background-size":"auto","background-attachment":"scroll","background-type":"","background-media":"","overlay-type":"","overlay-color":"","overlay-opacity":"","overlay-gradient":""},"tablet":{"background-color":"var(--ast-global-color-5)","background-image":"","background-repeat":"repeat","background-position":"center center","background-size":"auto","background-attachment":"scroll","background-type":"","background-media":"","overlay-type":"","overlay-color":"","overlay-opacity":"","overlay-gradient":""},"mobile":{"background-color":"var(--ast-global-color-5)","background-image":"","background-repeat":"repeat","background-position":"center center","background-size":"auto","background-attachment":"scroll","background-type":"","background-media":"","overlay-type":"","overlay-color":"","overlay-opacity":"","overlay-gradient":""}}},"product_brand":[],"product_cat":[116,127],"product_tag":[],"class_list":{"0":"post-11265","1":"product","2":"type-product","3":"status-publish","4":"has-post-thumbnail","6":"product_cat-allen-bradley","7":"product_cat-servo-varikliai","8":"desktop-align-left","9":"tablet-align-left","10":"mobile-align-left","11":"ast-product-gallery-layout-horizontal-slider","12":"ast-product-gallery-with-no-image","13":"ast-product-tabs-layout-horizontal","15":"first","16":"onbackorder","17":"taxable","18":"shipping-taxable","19":"purchasable","20":"product-type-simple"},"yoast_head":"<!-- This site is optimized with the Yoast SEO plugin v27.3 - https:\/\/yoast.com\/product\/yoast-seo-wordpress\/ -->\n<title>MPL-B330P-SJ74AA | PLC Supply spot<\/title>\n<meta name=\"description\" content=\"Allen-Bradley MPL-B330P-SJ74AA \u2013 kompakti\u0161kas MPL serijos servo variklis.\" \/>\n<meta name=\"robots\" content=\"index, follow, max-snippet:-1, max-image-preview:large, max-video-preview:-1\" \/>\n<link rel=\"canonical\" href=\"https:\/\/plcsupplyspot.com\/lt\/automatikos-komponentai\/mpl-b330p-sj74aa\/\" \/>\n<meta property=\"og:locale\" content=\"lt_LT\" \/>\n<meta property=\"og:type\" content=\"article\" \/>\n<meta property=\"og:title\" content=\"MPL-B330P-SJ74AA | PLC Supply spot\" \/>\n<meta property=\"og:description\" content=\"Allen-Bradley MPL-B330P-SJ74AA \u2013 kompakti\u0161kas MPL serijos servo variklis.\" \/>\n<meta property=\"og:url\" content=\"https:\/\/plcsupplyspot.com\/lt\/automatikos-komponentai\/mpl-b330p-sj74aa\/\" \/>\n<meta property=\"og:site_name\" content=\"PLC Supply spot\" \/>\n<meta property=\"article:publisher\" content=\"https:\/\/www.facebook.com\/profile.php?id=61571705128033\" \/>\n<meta property=\"article:modified_time\" content=\"2026-04-10T08:24:59+00:00\" \/>\n<meta property=\"og:image\" content=\"https:\/\/plcsupplyspot.com\/wp-content\/uploads\/2026\/04\/MPLMotor_ph.jpg\" \/>\n\t<meta property=\"og:image:width\" content=\"450\" \/>\n\t<meta property=\"og:image:height\" content=\"450\" \/>\n\t<meta property=\"og:image:type\" content=\"image\/jpeg\" \/>\n<meta name=\"twitter:card\" content=\"summary_large_image\" \/>\n<meta name=\"twitter:label1\" content=\"Est. reading time\" \/>\n\t<meta name=\"twitter:data1\" content=\"1 minut\u0117\" \/>\n<!-- \/ Yoast SEO plugin. -->","yoast_head_json":{"title":"MPL-B330P-SJ74AA | PLC Supply spot","description":"Allen-Bradley MPL-B330P-SJ74AA \u2013 kompakti\u0161kas MPL serijos servo variklis.","robots":{"index":"index","follow":"follow","max-snippet":"max-snippet:-1","max-image-preview":"max-image-preview:large","max-video-preview":"max-video-preview:-1"},"canonical":"https:\/\/plcsupplyspot.com\/lt\/automatikos-komponentai\/mpl-b330p-sj74aa\/","og_locale":"lt_LT","og_type":"article","og_title":"MPL-B330P-SJ74AA | PLC Supply spot","og_description":"Allen-Bradley MPL-B330P-SJ74AA \u2013 kompakti\u0161kas MPL serijos servo variklis.","og_url":"https:\/\/plcsupplyspot.com\/lt\/automatikos-komponentai\/mpl-b330p-sj74aa\/","og_site_name":"PLC Supply spot","article_publisher":"https:\/\/www.facebook.com\/profile.php?id=61571705128033","article_modified_time":"2026-04-10T08:24:59+00:00","og_image":[{"width":450,"height":450,"url":"https:\/\/plcsupplyspot.com\/wp-content\/uploads\/2026\/04\/MPLMotor_ph.jpg","type":"image\/jpeg"}],"twitter_card":"summary_large_image","twitter_misc":{"Est. reading time":"1 minut\u0117"},"schema":{"@context":"https:\/\/schema.org","@graph":[{"@type":"WebPage","@id":"https:\/\/plcsupplyspot.com\/lt\/automatikos-komponentai\/mpl-b330p-sj74aa\/","url":"https:\/\/plcsupplyspot.com\/lt\/automatikos-komponentai\/mpl-b330p-sj74aa\/","name":"MPL-B330P-SJ74AA | PLC Supply spot","isPartOf":{"@id":"https:\/\/plcsupplyspot.com\/lt\/#website"},"primaryImageOfPage":{"@id":"https:\/\/plcsupplyspot.com\/lt\/automatikos-komponentai\/mpl-b330p-sj74aa\/#primaryimage"},"image":{"@id":"https:\/\/plcsupplyspot.com\/lt\/automatikos-komponentai\/mpl-b330p-sj74aa\/#primaryimage"},"thumbnailUrl":"https:\/\/plcsupplyspot.com\/wp-content\/uploads\/2026\/04\/MPLMotor_ph.jpg","datePublished":"2026-04-10T08:20:13+00:00","dateModified":"2026-04-10T08:24:59+00:00","description":"Allen-Bradley MPL-B330P-SJ74AA \u2013 kompakti\u0161kas MPL serijos servo variklis.","breadcrumb":{"@id":"https:\/\/plcsupplyspot.com\/lt\/automatikos-komponentai\/mpl-b330p-sj74aa\/#breadcrumb"},"inLanguage":"lt-LT","potentialAction":[{"@type":"ReadAction","target":["https:\/\/plcsupplyspot.com\/lt\/automatikos-komponentai\/mpl-b330p-sj74aa\/"]}]},{"@type":"ImageObject","inLanguage":"lt-LT","@id":"https:\/\/plcsupplyspot.com\/lt\/automatikos-komponentai\/mpl-b330p-sj74aa\/#primaryimage","url":"https:\/\/plcsupplyspot.com\/wp-content\/uploads\/2026\/04\/MPLMotor_ph.jpg","contentUrl":"https:\/\/plcsupplyspot.com\/wp-content\/uploads\/2026\/04\/MPLMotor_ph.jpg","width":450,"height":450},{"@type":"BreadcrumbList","@id":"https:\/\/plcsupplyspot.com\/lt\/automatikos-komponentai\/mpl-b330p-sj74aa\/#breadcrumb","itemListElement":[{"@type":"ListItem","position":1,"name":"home","item":"https:\/\/plcsupplyspot.com\/lt\/"},{"@type":"ListItem","position":2,"name":"Automatikos komponentai","item":"https:\/\/plcsupplyspot.com\/lt\/automatikos-komponentai\/"},{"@type":"ListItem","position":3,"name":"MPL-B330P-SJ74AA"}]},{"@type":"WebSite","@id":"https:\/\/plcsupplyspot.com\/lt\/#website","url":"https:\/\/plcsupplyspot.com\/lt\/","name":"PLC Supply Spot","description":"Innovate. Accelerate. Automate!","publisher":{"@id":"https:\/\/plcsupplyspot.com\/lt\/#organization"},"potentialAction":[{"@type":"SearchAction","target":{"@type":"EntryPoint","urlTemplate":"https:\/\/plcsupplyspot.com\/lt\/?s={search_term_string}"},"query-input":{"@type":"PropertyValueSpecification","valueRequired":true,"valueName":"search_term_string"}}],"inLanguage":"lt-LT"},{"@type":"Organization","@id":"https:\/\/plcsupplyspot.com\/lt\/#organization","name":"PLC Supply Spot","alternateName":"PLC Supply Spot","url":"https:\/\/plcsupplyspot.com\/lt\/","logo":{"@type":"ImageObject","inLanguage":"lt-LT","@id":"https:\/\/plcsupplyspot.com\/lt\/#\/schema\/logo\/image\/","url":"https:\/\/plcsupplyspot.com\/wp-content\/uploads\/2026\/01\/plc-supply-spot-logo-1.png","contentUrl":"https:\/\/plcsupplyspot.com\/wp-content\/uploads\/2026\/01\/plc-supply-spot-logo-1.png","width":720,"height":720,"caption":"PLC Supply Spot"},"image":{"@id":"https:\/\/plcsupplyspot.com\/lt\/#\/schema\/logo\/image\/"},"sameAs":["https:\/\/www.facebook.com\/profile.php?id=61571705128033"]}]}},"_links":{"self":[{"href":"https:\/\/plcsupplyspot.com\/lt\/wp-json\/wp\/v2\/product\/11265","targetHints":{"allow":["GET"]}}],"collection":[{"href":"https:\/\/plcsupplyspot.com\/lt\/wp-json\/wp\/v2\/product"}],"about":[{"href":"https:\/\/plcsupplyspot.com\/lt\/wp-json\/wp\/v2\/types\/product"}],"version-history":[{"count":3,"href":"https:\/\/plcsupplyspot.com\/lt\/wp-json\/wp\/v2\/product\/11265\/revisions"}],"predecessor-version":[{"id":11271,"href":"https:\/\/plcsupplyspot.com\/lt\/wp-json\/wp\/v2\/product\/11265\/revisions\/11271"}],"wp:featuredmedia":[{"embeddable":true,"href":"https:\/\/plcsupplyspot.com\/lt\/wp-json\/wp\/v2\/media\/11267"}],"wp:attachment":[{"href":"https:\/\/plcsupplyspot.com\/lt\/wp-json\/wp\/v2\/media?parent=11265"}],"wp:term":[{"taxonomy":"product_brand","embeddable":true,"href":"https:\/\/plcsupplyspot.com\/lt\/wp-json\/wp\/v2\/product_brand?post=11265"},{"taxonomy":"product_cat","embeddable":true,"href":"https:\/\/plcsupplyspot.com\/lt\/wp-json\/wp\/v2\/product_cat?post=11265"},{"taxonomy":"product_tag","embeddable":true,"href":"https:\/\/plcsupplyspot.com\/lt\/wp-json\/wp\/v2\/product_tag?post=11265"}],"curies":[{"name":"wp","href":"https:\/\/api.w.org\/{rel}","templated":true}]}}